{"id":10473,"date":"2023-12-19T12:15:53","date_gmt":"2023-12-19T12:15:53","guid":{"rendered":"https:\/\/biota.nu\/ausbildung-faq\/"},"modified":"2025-03-19T11:08:52","modified_gmt":"2025-03-19T11:08:52","slug":"ausbildung-faq","status":"publish","type":"page","link":"https:\/\/biota.nu\/de\/ausbildung-faq\/","title":{"rendered":"Ausbildung\/FAQ"},"content":{"rendered":"\n<div class=\"banner alignfull wp-block-biota-nutri-banner\">\n    <img loading=\"lazy\" decoding=\"async\" src=\"https:\/\/biota.nu\/wp-content\/uploads\/Biota-Advice-v2.jpg\" width=\"2200\" height=\"1135\" alt=\"\" \/>\n\n    <div class=\"acf-innerblocks-container\">\n\n<h1 class=\"wp-block-heading has-text-align-center has-gargantuan-font-size\">Ausbildung &amp;  <\/h1>\n\n\n\n<h1 class=\"wp-block-heading has-text-align-center has-gargantuan-font-size\">H\u00e4ufig gestellte Fragen<\/h1>\n\n<\/div>\n\n    <svg xmlns=\"http:\/\/www.w3.org\/2000\/svg\" viewBox=\"0 0 1000 100\" preserveAspectRatio=\"none\">\n        <path d=\"M790.5,93.1c-59.3-5.3-116.8-18-192.6-50c-29.6-12.7-76.9-31-100.5-35.9c-23.6-4.9-52.6-7.8-75.5-5.3\n\tc-10.2,1.1-22.6,1.4-50.1,7.4c-27.2,6.3-58.2,16.6-79.4,24.7c-41.3,15.9-94.9,21.9-134,22.6C72,58.2,0,25.8,0,25.8V100h1000V65.3\n\tc0,0-51.5,19.4-106.2,25.7C839.5,97,814.1,95.2,790.5,93.1z\"><\/path>\n    <\/svg>\n<\/div>\n\n<div style=\"--inline-transform-translate-x: px; --inline-transform-translate-y: px;\" class=\"decoration-image align wp-block-biota-nutri-decoration-image\">\n    <div class=\"acf-innerblocks-container\">\n\n<figure class=\"wp-block-image size-large is-resized\"><img loading=\"lazy\" decoding=\"async\" width=\"359\" height=\"1024\" src=\"https:\/\/biota.nu\/wp-content\/uploads\/Avocado-1-359x1024.png\" alt=\"\" class=\"wp-image-9205\" style=\"width:195px;height:auto\" srcset=\"https:\/\/biota.nu\/wp-content\/uploads\/Avocado-1-359x1024.png 359w, https:\/\/biota.nu\/wp-content\/uploads\/Avocado-1-105x300.png 105w, https:\/\/biota.nu\/wp-content\/uploads\/Avocado-1-539x1536.png 539w, https:\/\/biota.nu\/wp-content\/uploads\/Avocado-1.png 568w\" sizes=\"auto, (max-width: 359px) 100vw, 359px\" \/><\/figure>\n\n<\/div>\n<\/div>\n\n<p>Haben Sie Fragen? Wir haben Antworten (na ja, meistens!)<br\/>Hier finden Sie unsere Antworten auf die h\u00e4ufigsten Fragen, die Sie zum <em><strong>Biota-D\u00fcnger<\/strong><\/em>, <em><strong>Biota Nutri Calculator<\/strong><\/em>, <em><strong>Zertifizierungen<\/strong><\/em>, und mehr. Wenn Sie die Antwort, die Sie suchen, immer noch nicht finden k\u00f6nnen, <a href=\"https:\/\/biota.nu\/cultivation-advice\/\">kontaktieren Sie uns<\/a> einfach. Wir helfen Ihnen gerne weiter!   <\/p>\n\n<div style=\"--inline-background-color: #eaefe1; --inline-text-color: #6e3e13;  margin-top:6em;margin-bottom:6em;\" class=\"wave-container alignfull wp-block-biota-nutri-wave-container\">\n    <img decoding=\"async\" src=\"\" width=\"\" height=\"\" alt=\"\" \/>\n\n    <div class=\"top-wave\">\n        <svg xmlns=\"http:\/\/www.w3.org\/2000\/svg\" viewBox=\"0 0 1000 100\" preserveAspectRatio=\"none\">\n            <path d=\"M421.9,6.5c22.6-2.5,51.5,0.4,75.5,5.3c23.6,4.9,70.9,23.5,100.5,35.7c75.8,32.2,133.7,44.5,192.6,49.7\n\tc23.6,2.1,48.7,3.5,103.4-2.5c54.7-6,106.2-25.6,106.2-25.6V0H0v30.3c0,0,72,32.6,158.4,30.5c39.2-0.7,92.8-6.7,134-22.4\n\tc21.2-8.1,52.2-18.2,79.7-24.2C399.3,7.9,411.6,7.5,421.9,6.5z\"><\/path>\n        <\/svg>\n    <\/div>\n\n    <div class=\"container\">\n        <div class=\"acf-innerblocks-container\">\n\n<h2 class=\"wp-block-heading has-text-align-center\" style=\"margin-bottom:2em\">Schulungsvideos<\/h2>\n\n\n\n<div class=\"youtube-playlist align wp-block-biota-nutri-youtube-playlist\">\n    <iframe loading=\"lazy\" width=\"800\" height=\"450\" src=\"https:\/\/www.youtube.com\/embed\/1xqKQLqQC1k\" frameborder=\"0\" allow=\"accelerometer; autoplay; clipboard-write; encrypted-media; gyroscope; picture-in-picture; web-share\" allowfullscreen><\/iframe>\n    <ul class=\"playlist\">\n                    <li class=\"current\" data-video-id=\"1xqKQLqQC1k\">\n                <img decoding=\"async\" src=\"https:\/\/img.youtube.com\/vi\/1xqKQLqQC1k\/default.jpg\" \/>\n                <div class=\"title\">Optimierung der Kationenaustauschkapazit\u00e4t CEC-Komplex<\/div>\n            <\/li>\n                    <li  data-video-id=\"sd9vmmSZJA4\">\n                <img decoding=\"async\" src=\"https:\/\/img.youtube.com\/vi\/sd9vmmSZJA4\/default.jpg\" \/>\n                <div class=\"title\">Aufl\u00f6sungszeiten und pH-Wert f\u00fcr organischen D\u00fcnger<\/div>\n            <\/li>\n                    <li  data-video-id=\"GkQUW5yGDHs\">\n                <img decoding=\"async\" src=\"https:\/\/img.youtube.com\/vi\/GkQUW5yGDHs\/default.jpg\" \/>\n                <div class=\"title\">Reinigung &amp; Pflege von Tropfleitungen bei der Verwendung von organischen D\u00fcngemitteln<\/div>\n            <\/li>\n                    <li  data-video-id=\"Z3JFgYRiNIw\">\n                <img decoding=\"async\" src=\"https:\/\/img.youtube.com\/vi\/Z3JFgYRiNIw\/default.jpg\" \/>\n                <div class=\"title\">Warum Sie A &amp; B Tanks mit organischem D\u00fcnger verwenden sollten<\/div>\n            <\/li>\n            <\/ul>\n<\/div>\n\n<\/div>\n    <\/div>\n\n    <div class=\"bottom-wave\">\n        <svg xmlns=\"http:\/\/www.w3.org\/2000\/svg\" viewBox=\"0 0 1000 100\" preserveAspectRatio=\"none\">\n            <path d=\"M421.9,6.5c22.6-2.5,51.5,0.4,75.5,5.3c23.6,4.9,70.9,23.5,100.5,35.7c75.8,32.2,133.7,44.5,192.6,49.7\n\tc23.6,2.1,48.7,3.5,103.4-2.5c54.7-6,106.2-25.6,106.2-25.6V0H0v30.3c0,0,72,32.6,158.4,30.5c39.2-0.7,92.8-6.7,134-22.4\n\tc21.2-8.1,52.2-18.2,79.7-24.2C399.3,7.9,411.6,7.5,421.9,6.5z\"><\/path>\n        <\/svg>\n    <\/div>\n<\/div>\n\n<h2 class=\"wp-block-heading has-text-align-center\" style=\"margin-bottom:2em\">H\u00e4ufig gestellte Fragen<\/h2>\n\n<h2 class=\"wp-block-heading has-x-large-font-size\">D\u00fcngemittel<\/h2>\n\n<div class=\"faq wp-block-biotanutri-faq\">\n    <div class=\"acf-innerblocks-container\">\n\n<p class=\"has-text-align-left faq-question\">Warum sind die Biota-D\u00fcnger so gut?<\/p>\n\n\n\n<p class=\"has-text-align-left faq-answer\">Unsere D\u00fcngemittel mit geringem organischen Anteil sind f\u00fcr einige Kunden am besten geeignet, da sie zu 100 % aus pflanzlicher, transparenter Fl\u00fcssigkeit bestehen, wodurch sie f\u00fcr die Pflanzen sofort verf\u00fcgbar sind, die Bew\u00e4sserungsleitungen nicht verstopfen und die angebauten Produkte die Marke Vegan auf ihrer Verpackung tragen k\u00f6nnen. Unsere Produkte mit hohem organischen Anteil sind f\u00fcr einige Kunden besser geeignet, z.B. f\u00fcr den Anbau im Freien oder f\u00fcr den Einzelhandel, da sie einen hohen N\u00e4hrwert haben, aber zu einem g\u00fcnstigeren Preis als unsere Premiumprodukte angeboten werden. Nehmen Sie Kontakt mit uns auf, um zu besprechen, wie wir die richtige L\u00f6sung f\u00fcr Ihre Anwendung anbieten k\u00f6nnen.  <\/p>\n\n<\/div>\n<\/div>\n\n<div class=\"faq wp-block-biotanutri-faq\">\n    <div class=\"acf-innerblocks-container\">\n\n<p class=\"faq-question\">Wo finde ich Produktinformationen wie ein technisches Datenblatt oder ein Sicherheitsdatenblatt?<\/p>\n\n\n\n<p class=\"faq-answer\">Technische Datenbl\u00e4tter und Sicherheitsdatenbl\u00e4tter k\u00f6nnen Sie bei Ihrem Vertriebsmitarbeiter oder per E-Mail an <a href=\"mailto:info@biota.nu\">info@biota.nu anfordern.<\/a> <br\/>F\u00fcr Informationen \u00fcber die Verwendung unserer Produkte und die Arbeit mit organischen D\u00fcngemitteln schauen Sie sich unseren YouTube-Kanal <a href=\"https:\/\/www.youtube.com\/@biotanutri8958\">https:\/\/www.youtube.com\/@biotanutri8958<\/a> an.<\/p>\n\n<\/div>\n<\/div>\n\n<h2 class=\"wp-block-heading has-x-large-font-size\">Taschenrechner<\/h2>\n\n<div class=\"faq wp-block-biotanutri-faq\">\n    <div class=\"acf-innerblocks-container\">\n\n<p class=\"faq-question\">Kann der Biota Nutri Calculator f\u00fcr alle Kulturpflanzen verwendet werden?<\/p>\n\n\n\n<p class=\"faq-answer\">Was den Biota Nutri Calculator so einzigartig macht, ist, dass er f\u00fcr alle D\u00fcngemittel verwendet werden kann, d.h. er beschr\u00e4nkt Sie nicht auf die Art oder Marke des D\u00fcngers. Mit anderen Worten, f\u00fcr alle Dosiersysteme, f\u00fcr alle D\u00fcngemitteltypen und f\u00fcr die Kombination von mineralischen und organischen D\u00fcngemitteln. <\/p>\n\n<\/div>\n<\/div>\n\n<div class=\"faq wp-block-biotanutri-faq\">\n    <div class=\"acf-innerblocks-container\">\n\n<p class=\"faq-question\">Ist es m\u00f6glich, organische D\u00fcngemittel zu meinem aktuellen Plan hinzuzuf\u00fcgen, zum Beispiel organisches Calcium?<\/p>\n\n\n\n<p class=\"faq-answer\">Ja, das k\u00f6nnen Sie. Der Biota Nutri-Rechner ber\u00e4t Sie \u00fcber die ben\u00f6tigte Menge an Calcium. <\/p>\n\n<\/div>\n<\/div>\n\n<h2 class=\"wp-block-heading has-x-large-font-size\">Biota Nutri<\/h2>\n\n<div class=\"faq wp-block-biotanutri-faq\">\n    <div class=\"acf-innerblocks-container\">\n\n<p class=\"faq-question\">Kann Biota Nutri mein Unternehmen besuchen, um mich zu beraten?<\/p>\n\n\n\n<p class=\"faq-answer\">Ja, nat\u00fcrlich. Bitte senden Sie Ihre Anfrage an info@biota.nu, damit einer unserer Spezialisten die M\u00f6glichkeiten mit Ihnen besprechen kann. <\/p>\n\n<\/div>\n<\/div>\n\n<h2 class=\"wp-block-heading has-x-large-font-size\">Eigenmarken<\/h2>\n\n<div class=\"faq wp-block-biotanutri-faq\">\n    <div class=\"acf-innerblocks-container\">\n\n<p class=\"faq-question\">K\u00f6nnen wir Ihre Produkte mit unserem eigenen Label\/Marke verkaufen?<\/p>\n\n\n\n<p class=\"faq-answer\">Ja, nat\u00fcrlich. Bitte senden Sie Ihre Anfrage an info@biota.nu, damit einer unserer Spezialisten die M\u00f6glichkeiten mit Ihnen besprechen kann. <\/p>\n\n<\/div>\n<\/div>\n\n<h2 class=\"wp-block-heading has-x-large-font-size\">Zertifizierungen<\/h2>\n\n<div style=\"--inline-transform-translate-x: 0px; --inline-transform-translate-y: 0px;\" class=\"decoration-image position-left align wp-block-biota-nutri-decoration-image\">\n    <div class=\"acf-innerblocks-container\">\n\n<figure class=\"wp-block-image alignright size-large is-resized\"><img loading=\"lazy\" decoding=\"async\" width=\"554\" height=\"1024\" src=\"https:\/\/biota.nu\/wp-content\/uploads\/Pepper-4-554x1024.png\" alt=\"\" class=\"wp-image-9221\" style=\"width:268px;height:auto\" srcset=\"https:\/\/biota.nu\/wp-content\/uploads\/Pepper-4-554x1024.png 554w, https:\/\/biota.nu\/wp-content\/uploads\/Pepper-4-162x300.png 162w, https:\/\/biota.nu\/wp-content\/uploads\/Pepper-4-768x1420.png 768w, https:\/\/biota.nu\/wp-content\/uploads\/Pepper-4-831x1536.png 831w, https:\/\/biota.nu\/wp-content\/uploads\/Pepper-4-600x1109.png 600w, https:\/\/biota.nu\/wp-content\/uploads\/Pepper-4.png 891w\" sizes=\"auto, (max-width: 554px) 100vw, 554px\" \/><\/figure>\n\n<\/div>\n<\/div>\n\n<div class=\"faq wp-block-biotanutri-faq\">\n    <div class=\"acf-innerblocks-container\">\n\n<p class=\"faq-question\">Was bedeutet &#8222;OMRI-gelistet&#8220;?<\/p>\n\n\n\n<p class=\"faq-answer\">Kurz gesagt bedeutet es, dass das Produkt von unabh\u00e4ngiger Seite durch das Organic Materials Review Institute gepr\u00fcft wurde, um sicherzustellen, dass es f\u00fcr die Verwendung im kommerziellen \u00f6kologischen Landbau zugelassen ist. OMRI ist eine gemeinn\u00fctzige Organisation, die eine unabh\u00e4ngige Pr\u00fcfung von Produkten wie D\u00fcngemitteln vornimmt, die f\u00fcr die Verwendung in der zertifizierten \u00f6kologischen Erzeugung und Verarbeitung bestimmt sind. Wenn Unternehmen einen Antrag stellen, pr\u00fcft OMRI ihre Produkte anhand der Biostandards. Akzeptierte Produkte werden von OMRI gelistet\u00ae und erscheinen auf der OMRI Products List\u00a9 oder der OMRI Canada Products List\u00a9. OMRI bietet auch technische Unterst\u00fctzung und Schulungen f\u00fcr Fachleute in der Biobranche an.&#8220; F\u00fcr weitere Informationen besuchen Sie bitte<\/p>\n\n<\/div>\n<\/div>\n\n<h2 class=\"wp-block-heading has-x-large-font-size\">Nachhaltigkeit<\/h2>\n\n<div class=\"faq wp-block-biotanutri-faq\">\n    <div class=\"acf-innerblocks-container\">\n\n<p class=\"faq-question\">Wie tr\u00e4gt Biota Nutri zu einer nachhaltigeren Welt bei?<\/p>\n\n\n\n<p class=\"faq-answer\">Durch die Entwicklung und Anwendung von 100% zirkul\u00e4ren Methoden zur Herstellung von organischen D\u00fcngemitteln aus Materialien, die aus pflanzlichen Reststoffen (Abf\u00e4llen) stammen. Wir versorgen Landwirte mit Produkten und Wissen, um nachhaltige Anbaumethoden einzuf\u00fchren, und unterst\u00fctzen sie dabei, ihre Ertr\u00e4ge zu optimieren, die Produktqualit\u00e4t zu maximieren und ihre B\u00f6den zu regenerieren. <\/p>\n\n<\/div>\n<\/div>\n\n<div class=\"faq wp-block-biotanutri-faq\">\n    <div class=\"acf-innerblocks-container\">\n\n<p class=\"faq-question\">Was meinen Sie mit &#8222;pflanzenbasiert&#8220;?<\/p>\n\n\n\n<p class=\"faq-answer\">Fast alle unsere Produkte werden aus pflanzlichen Reststr\u00f6men hergestellt. Das bedeutet, dass wir die n\u00e4hrstoffreichen Abf\u00e4lle verwenden, die bei der Verarbeitung von Pflanzen und Gem\u00fcse anfallen und die wir dann veredeln und zur Herstellung unserer Produkte verwenden. <\/p>\n\n<\/div>\n<\/div>\n\n<div class=\"faq wp-block-biotanutri-faq\">\n    <div class=\"acf-innerblocks-container\">\n\n<p class=\"faq-question\">Was meinen Sie mit &#8222;Non-GMO&#8220;?<\/p>\n\n\n\n<p class=\"faq-answer\">Produkte, die als Non-GMO gekennzeichnet sind, stammen nicht von Pflanzen, die genetisch ver\u00e4ndert wurden. Jedes Produkt, das auf der OMRI-Liste steht, ist per Definition gentechnikfrei. <\/p>\n\n<\/div>\n<\/div>\n\n<div class=\"faq wp-block-biotanutri-faq\">\n    <div class=\"acf-innerblocks-container\">\n\n<p class=\"faq-question\">Was meinen Sie mit &#8222;Bio&#8220;?<\/p>\n\n\n\n<p class=\"faq-answer\">Wenn es um D\u00fcnger geht, kann &#8222;organisch&#8220; ein verwirrender Begriff sein. Organisch kann sich auf organische Materie oder auf kohlenstoffbasierte Substanzen beziehen. Mit dieser Definition w\u00fcrden die meisten unserer Inhaltsstoffe und Produkte als organisch gelten. F\u00fcr viele unserer Kunden ist Bio jedoch ein Begriff, der f\u00fcr Produkte reserviert ist, die f\u00fcr die Verwendung in der kommerziellen \u00f6kologischen Landwirtschaft zugelassen sind. Daher verwenden wir diese strengere Definition &#8211; alle unsere Produkte, die als &#8222;biologisch&#8220; bezeichnet werden, sind beim Organic Materials Review Institute (OMRI) gelistet. Das ist auch der Grund, warum wir unsere Zutaten immer als &#8222;nat\u00fcrlich und biologisch&#8220; bezeichnen, denn wir m\u00f6chten sicherstellen, dass wir nicht versehentlich andeuten, dass ein nicht OMRI-gelistetes Produkt f\u00fcr den \u00f6kologischen Landbau geeignet ist.     <\/p>\n\n<\/div>\n<\/div>\n","protected":false},"excerpt":{"rendered":"<p>Haben Sie Fragen? Wir haben Antworten (na ja, meistens!)Hier finden Sie unsere Antworten auf die h\u00e4ufigsten Fragen, die Sie zum Biota-D\u00fcnger, Biota Nutri Calculator, Zertifizierungen, [&hellip;]<\/p>\n","protected":false},"author":1,"featured_media":0,"parent":0,"menu_order":0,"comment_status":"closed","ping_status":"closed","template":"","meta":{"footnotes":""},"class_list":["post-10473","page","type-page","status-publish","hentry"],"yoast_head":"<!-- This site is optimized with the Yoast SEO plugin v27.3 - https:\/\/yoast.com\/product\/yoast-seo-wordpress\/ -->\n<title>Ausbildung\/FAQ - Biota Nutri<\/title>\n<meta name=\"robots\" content=\"index, follow, max-snippet:-1, max-image-preview:large, max-video-preview:-1\" \/>\n<link rel=\"canonical\" href=\"https:\/\/biota.nu\/de\/ausbildung-faq\/\" \/>\n<meta property=\"og:locale\" content=\"de_DE\" \/>\n<meta property=\"og:type\" content=\"article\" \/>\n<meta property=\"og:title\" content=\"Ausbildung\/FAQ - Biota Nutri\" \/>\n<meta property=\"og:description\" content=\"Haben Sie Fragen? Wir haben Antworten (na ja, meistens!)Hier finden Sie unsere Antworten auf die h\u00e4ufigsten Fragen, die Sie zum Biota-D\u00fcnger, Biota Nutri Calculator, Zertifizierungen, [&hellip;]\" \/>\n<meta property=\"og:url\" content=\"https:\/\/biota.nu\/de\/ausbildung-faq\/\" \/>\n<meta property=\"og:site_name\" content=\"Biota Nutri\" \/>\n<meta property=\"article:modified_time\" content=\"2025-03-19T11:08:52+00:00\" \/>\n<meta property=\"og:image\" content=\"https:\/\/biota.nu\/wp-content\/uploads\/Avocado-1-359x1024.png\" \/>\n<meta name=\"twitter:card\" content=\"summary_large_image\" \/>\n<meta name=\"twitter:label1\" content=\"Gesch\u00e4tzte Lesezeit\" \/>\n\t<meta name=\"twitter:data1\" content=\"4\u00a0Minuten\" \/>\n<script type=\"application\/ld+json\" class=\"yoast-schema-graph\">{\"@context\":\"https:\\\/\\\/schema.org\",\"@graph\":[{\"@type\":\"WebPage\",\"@id\":\"https:\\\/\\\/biota.nu\\\/de\\\/ausbildung-faq\\\/\",\"url\":\"https:\\\/\\\/biota.nu\\\/de\\\/ausbildung-faq\\\/\",\"name\":\"Ausbildung\\\/FAQ - Biota Nutri\",\"isPartOf\":{\"@id\":\"https:\\\/\\\/biota.nu\\\/de\\\/#website\"},\"primaryImageOfPage\":{\"@id\":\"https:\\\/\\\/biota.nu\\\/de\\\/ausbildung-faq\\\/#primaryimage\"},\"image\":{\"@id\":\"https:\\\/\\\/biota.nu\\\/de\\\/ausbildung-faq\\\/#primaryimage\"},\"thumbnailUrl\":\"https:\\\/\\\/biota.nu\\\/wp-content\\\/uploads\\\/Avocado-1-359x1024.png\",\"datePublished\":\"2023-12-19T12:15:53+00:00\",\"dateModified\":\"2025-03-19T11:08:52+00:00\",\"breadcrumb\":{\"@id\":\"https:\\\/\\\/biota.nu\\\/de\\\/ausbildung-faq\\\/#breadcrumb\"},\"inLanguage\":\"de\",\"potentialAction\":[{\"@type\":\"ReadAction\",\"target\":[\"https:\\\/\\\/biota.nu\\\/de\\\/ausbildung-faq\\\/\"]}]},{\"@type\":\"ImageObject\",\"inLanguage\":\"de\",\"@id\":\"https:\\\/\\\/biota.nu\\\/de\\\/ausbildung-faq\\\/#primaryimage\",\"url\":\"https:\\\/\\\/biota.nu\\\/wp-content\\\/uploads\\\/Avocado-1-359x1024.png\",\"contentUrl\":\"https:\\\/\\\/biota.nu\\\/wp-content\\\/uploads\\\/Avocado-1-359x1024.png\"},{\"@type\":\"BreadcrumbList\",\"@id\":\"https:\\\/\\\/biota.nu\\\/de\\\/ausbildung-faq\\\/#breadcrumb\",\"itemListElement\":[{\"@type\":\"ListItem\",\"position\":1,\"name\":\"Home\",\"item\":\"https:\\\/\\\/biota.nu\\\/de\\\/?page_id=10242\"},{\"@type\":\"ListItem\",\"position\":2,\"name\":\"Ausbildung\\\/FAQ\"}]},{\"@type\":\"WebSite\",\"@id\":\"https:\\\/\\\/biota.nu\\\/de\\\/#website\",\"url\":\"https:\\\/\\\/biota.nu\\\/de\\\/\",\"name\":\"Biota Nutri\",\"description\":\"\",\"publisher\":{\"@id\":\"https:\\\/\\\/biota.nu\\\/de\\\/#organization\"},\"potentialAction\":[{\"@type\":\"SearchAction\",\"target\":{\"@type\":\"EntryPoint\",\"urlTemplate\":\"https:\\\/\\\/biota.nu\\\/de\\\/?s={search_term_string}\"},\"query-input\":{\"@type\":\"PropertyValueSpecification\",\"valueRequired\":true,\"valueName\":\"search_term_string\"}}],\"inLanguage\":\"de\"},{\"@type\":\"Organization\",\"@id\":\"https:\\\/\\\/biota.nu\\\/de\\\/#organization\",\"name\":\"Biota Nutri\",\"url\":\"https:\\\/\\\/biota.nu\\\/de\\\/\",\"logo\":{\"@type\":\"ImageObject\",\"inLanguage\":\"de\",\"@id\":\"https:\\\/\\\/biota.nu\\\/de\\\/#\\\/schema\\\/logo\\\/image\\\/\",\"url\":\"https:\\\/\\\/biota.nu\\\/wp-content\\\/uploads\\\/Biota-Nutri-R.png\",\"contentUrl\":\"https:\\\/\\\/biota.nu\\\/wp-content\\\/uploads\\\/Biota-Nutri-R.png\",\"width\":300,\"height\":220,\"caption\":\"Biota Nutri\"},\"image\":{\"@id\":\"https:\\\/\\\/biota.nu\\\/de\\\/#\\\/schema\\\/logo\\\/image\\\/\"}}]}<\/script>\n<!-- \/ Yoast SEO plugin. -->","yoast_head_json":{"title":"Ausbildung\/FAQ - Biota Nutri","robots":{"index":"index","follow":"follow","max-snippet":"max-snippet:-1","max-image-preview":"max-image-preview:large","max-video-preview":"max-video-preview:-1"},"canonical":"https:\/\/biota.nu\/de\/ausbildung-faq\/","og_locale":"de_DE","og_type":"article","og_title":"Ausbildung\/FAQ - Biota Nutri","og_description":"Haben Sie Fragen? Wir haben Antworten (na ja, meistens!)Hier finden Sie unsere Antworten auf die h\u00e4ufigsten Fragen, die Sie zum Biota-D\u00fcnger, Biota Nutri Calculator, Zertifizierungen, [&hellip;]","og_url":"https:\/\/biota.nu\/de\/ausbildung-faq\/","og_site_name":"Biota Nutri","article_modified_time":"2025-03-19T11:08:52+00:00","og_image":[{"url":"https:\/\/biota.nu\/wp-content\/uploads\/Avocado-1-359x1024.png","type":"","width":"","height":""}],"twitter_card":"summary_large_image","twitter_misc":{"Gesch\u00e4tzte Lesezeit":"4\u00a0Minuten"},"schema":{"@context":"https:\/\/schema.org","@graph":[{"@type":"WebPage","@id":"https:\/\/biota.nu\/de\/ausbildung-faq\/","url":"https:\/\/biota.nu\/de\/ausbildung-faq\/","name":"Ausbildung\/FAQ - Biota Nutri","isPartOf":{"@id":"https:\/\/biota.nu\/de\/#website"},"primaryImageOfPage":{"@id":"https:\/\/biota.nu\/de\/ausbildung-faq\/#primaryimage"},"image":{"@id":"https:\/\/biota.nu\/de\/ausbildung-faq\/#primaryimage"},"thumbnailUrl":"https:\/\/biota.nu\/wp-content\/uploads\/Avocado-1-359x1024.png","datePublished":"2023-12-19T12:15:53+00:00","dateModified":"2025-03-19T11:08:52+00:00","breadcrumb":{"@id":"https:\/\/biota.nu\/de\/ausbildung-faq\/#breadcrumb"},"inLanguage":"de","potentialAction":[{"@type":"ReadAction","target":["https:\/\/biota.nu\/de\/ausbildung-faq\/"]}]},{"@type":"ImageObject","inLanguage":"de","@id":"https:\/\/biota.nu\/de\/ausbildung-faq\/#primaryimage","url":"https:\/\/biota.nu\/wp-content\/uploads\/Avocado-1-359x1024.png","contentUrl":"https:\/\/biota.nu\/wp-content\/uploads\/Avocado-1-359x1024.png"},{"@type":"BreadcrumbList","@id":"https:\/\/biota.nu\/de\/ausbildung-faq\/#breadcrumb","itemListElement":[{"@type":"ListItem","position":1,"name":"Home","item":"https:\/\/biota.nu\/de\/?page_id=10242"},{"@type":"ListItem","position":2,"name":"Ausbildung\/FAQ"}]},{"@type":"WebSite","@id":"https:\/\/biota.nu\/de\/#website","url":"https:\/\/biota.nu\/de\/","name":"Biota Nutri","description":"","publisher":{"@id":"https:\/\/biota.nu\/de\/#organization"},"potentialAction":[{"@type":"SearchAction","target":{"@type":"EntryPoint","urlTemplate":"https:\/\/biota.nu\/de\/?s={search_term_string}"},"query-input":{"@type":"PropertyValueSpecification","valueRequired":true,"valueName":"search_term_string"}}],"inLanguage":"de"},{"@type":"Organization","@id":"https:\/\/biota.nu\/de\/#organization","name":"Biota Nutri","url":"https:\/\/biota.nu\/de\/","logo":{"@type":"ImageObject","inLanguage":"de","@id":"https:\/\/biota.nu\/de\/#\/schema\/logo\/image\/","url":"https:\/\/biota.nu\/wp-content\/uploads\/Biota-Nutri-R.png","contentUrl":"https:\/\/biota.nu\/wp-content\/uploads\/Biota-Nutri-R.png","width":300,"height":220,"caption":"Biota Nutri"},"image":{"@id":"https:\/\/biota.nu\/de\/#\/schema\/logo\/image\/"}}]}},"acf":[],"_links":{"self":[{"href":"https:\/\/biota.nu\/de\/wp-json\/wp\/v2\/pages\/10473","targetHints":{"allow":["GET"]}}],"collection":[{"href":"https:\/\/biota.nu\/de\/wp-json\/wp\/v2\/pages"}],"about":[{"href":"https:\/\/biota.nu\/de\/wp-json\/wp\/v2\/types\/page"}],"author":[{"embeddable":true,"href":"https:\/\/biota.nu\/de\/wp-json\/wp\/v2\/users\/1"}],"replies":[{"embeddable":true,"href":"https:\/\/biota.nu\/de\/wp-json\/wp\/v2\/comments?post=10473"}],"version-history":[{"count":2,"href":"https:\/\/biota.nu\/de\/wp-json\/wp\/v2\/pages\/10473\/revisions"}],"predecessor-version":[{"id":10479,"href":"https:\/\/biota.nu\/de\/wp-json\/wp\/v2\/pages\/10473\/revisions\/10479"}],"wp:attachment":[{"href":"https:\/\/biota.nu\/de\/wp-json\/wp\/v2\/media?parent=10473"}],"curies":[{"name":"wp","href":"https:\/\/api.w.org\/{rel}","templated":true}]}}