{"id":10640,"date":"2023-12-27T16:33:23","date_gmt":"2023-12-27T16:33:23","guid":{"rendered":"https:\/\/biota.nu\/nachrichten\/"},"modified":"2025-03-19T11:09:52","modified_gmt":"2025-03-19T11:09:52","slug":"nachrichten","status":"publish","type":"page","link":"https:\/\/biota.nu\/de\/nachrichten\/","title":{"rendered":"Nachrichten"},"content":{"rendered":"\n<div class=\"banner alignfull wp-block-biota-nutri-banner\">\n    <img loading=\"lazy\" decoding=\"async\" src=\"https:\/\/biota.nu\/wp-content\/uploads\/News-1-scaled.jpg\" width=\"2560\" height=\"907\" alt=\"\" \/>\n\n    <div class=\"acf-innerblocks-container\">\n\n<h1 class=\"wp-block-heading has-text-align-center has-gargantuan-font-size\" style=\"font-style:normal;font-weight:900\">Nachrichten und Ereignisse<\/h1>\n\n<\/div>\n\n    <svg xmlns=\"http:\/\/www.w3.org\/2000\/svg\" viewBox=\"0 0 1000 100\" preserveAspectRatio=\"none\">\n        <path d=\"M790.5,93.1c-59.3-5.3-116.8-18-192.6-50c-29.6-12.7-76.9-31-100.5-35.9c-23.6-4.9-52.6-7.8-75.5-5.3\n\tc-10.2,1.1-22.6,1.4-50.1,7.4c-27.2,6.3-58.2,16.6-79.4,24.7c-41.3,15.9-94.9,21.9-134,22.6C72,58.2,0,25.8,0,25.8V100h1000V65.3\n\tc0,0-51.5,19.4-106.2,25.7C839.5,97,814.1,95.2,790.5,93.1z\"><\/path>\n    <\/svg>\n<\/div>\n\n<div style=\"--inline-transform-translate-x: -10px; --inline-transform-translate-y: 0px;\" class=\"decoration-image position-left align wp-block-biota-nutri-decoration-image\">\n    <div class=\"acf-innerblocks-container\"><\/div>\n<\/div>\n\n<p><strong>16. Januar 2025 &#8211; Andermatt UK arbeitet mit Biota Nutri zusammen, um nachhaltige organische D\u00fcngerl\u00f6sungen zu vertreiben<\/strong>.  <\/p>\n\n<p>Andermatt UK und Biota Nutri freuen sich, eine Zusammenarbeit f\u00fcr den britischen Markt ank\u00fcndigen zu k\u00f6nnen. Im Rahmen dieser Zusammenarbeit wird Andermatt exklusiver Partner f\u00fcr das neuartige Fl\u00fcssigd\u00fcngersortiment von Biota Nutri f\u00fcr den Gartenbau und den Einzelhandel in Haus und Garten in Gro\u00dfbritannien. Das N\u00e4hrstoffmanagement ist einer der wichtigsten Faktoren f\u00fcr den Anbau gesunder Pflanzen und die Optimierung von Ertr\u00e4gen. D\u00fcngemittel sind jedoch einer der gr\u00f6\u00dften Verursacher der CO2-Bilanz der Lebensmittelproduktion. Biota Nutri hat ein komplettes Sortiment an Fl\u00fcssigd\u00fcngern entwickelt, das auf pflanzlichen Rohstoffen und der R\u00fcckgewinnung und Abtrennung von N\u00e4hrstoffen aus pflanzlichen Abfallstr\u00f6men basiert. Auf diese Weise k\u00f6nnen spezifische N\u00e4hrstoffe aus Pflanzenabf\u00e4llen extrahiert und dann in hochgradig kontrollierbaren und anpassbaren Verh\u00e4ltnissen neu kombiniert werden.       <\/p>\n\n<p>&#8222;Wir freuen uns, mit Biota Nutri zusammenzuarbeiten, um ihre Produkte auf dem britischen Markt zu entwickeln&#8220;, sagte Dr. Andrew Brown, Gesch\u00e4ftsf\u00fchrer von Andermatt UK. &#8222;Das Vertilizer-Sortiment bietet allen Landwirten D\u00fcngemittel mit einem geringeren Kohlenstoff-Fu\u00dfabdruck, damit sie weiterhin qualitativ hochwertige Produkte produzieren und gleichzeitig ihre Nachhaltigkeitsziele unterst\u00fctzen k\u00f6nnen. F\u00fcr den Haus- und Gartenmarkt bietet GroPure den G\u00e4rtnern eine Option f\u00fcr einen nachhaltigeren organischen Fl\u00fcssigd\u00fcnger mit der Schnelligkeit und Kraft herk\u00f6mmlicher chemischer D\u00fcngemittel.&#8220;   <\/p>\n\n<p>Peter Klein, CTO und Gr\u00fcnder von Biota Nutri, sagte: &#8222;Wir freuen uns \u00fcber die Partnerschaft mit Andermatt UK, einem Unternehmen, das unser Engagement f\u00fcr Qualit\u00e4t und Nachhaltigkeit teilt. Unsere Produkte bieten eine umweltfreundliche Alternative zu herk\u00f6mmlichen chemischen D\u00fcngemitteln, die nun Landwirten in ganz Gro\u00dfbritannien zur Verf\u00fcgung steht und es ihnen erm\u00f6glicht, die Qualit\u00e4t ihrer Pflanzen zu verbessern und gleichzeitig ihre Nachhaltigkeitsziele zu erreichen.&#8220;  <\/p>\n\n<p>Bei Fragen oder Interesse k\u00f6nnen Sie uns oder Andermatt UK <a href=\"https:\/\/biota.nu\/de\/?page_id=10447\">kontaktieren<\/a>!<\/p>\n\n<p><\/p>\n","protected":false},"excerpt":{"rendered":"<p>16. Januar 2025 &#8211; Andermatt UK arbeitet mit Biota Nutri zusammen, um nachhaltige organische D\u00fcngerl\u00f6sungen zu vertreiben. Andermatt UK und Biota Nutri freuen sich, eine [&hellip;]<\/p>\n","protected":false},"author":1,"featured_media":0,"parent":0,"menu_order":0,"comment_status":"closed","ping_status":"closed","template":"","meta":{"footnotes":""},"class_list":["post-10640","page","type-page","status-publish","hentry"],"yoast_head":"<!-- This site is optimized with the Yoast SEO plugin v27.3 - https:\/\/yoast.com\/product\/yoast-seo-wordpress\/ -->\n<title>Nachrichten - Biota Nutri<\/title>\n<meta name=\"robots\" content=\"index, follow, max-snippet:-1, max-image-preview:large, max-video-preview:-1\" \/>\n<link rel=\"canonical\" href=\"https:\/\/biota.nu\/de\/nachrichten\/\" \/>\n<meta property=\"og:locale\" content=\"de_DE\" \/>\n<meta property=\"og:type\" content=\"article\" \/>\n<meta property=\"og:title\" content=\"Nachrichten - Biota Nutri\" \/>\n<meta property=\"og:description\" content=\"16. Januar 2025 &#8211; Andermatt UK arbeitet mit Biota Nutri zusammen, um nachhaltige organische D\u00fcngerl\u00f6sungen zu vertreiben. Andermatt UK und Biota Nutri freuen sich, eine [&hellip;]\" \/>\n<meta property=\"og:url\" content=\"https:\/\/biota.nu\/de\/nachrichten\/\" \/>\n<meta property=\"og:site_name\" content=\"Biota Nutri\" \/>\n<meta property=\"article:modified_time\" content=\"2025-03-19T11:09:52+00:00\" \/>\n<meta name=\"twitter:card\" content=\"summary_large_image\" \/>\n<meta name=\"twitter:label1\" content=\"Gesch\u00e4tzte Lesezeit\" \/>\n\t<meta name=\"twitter:data1\" content=\"2\u00a0Minuten\" \/>\n<script type=\"application\/ld+json\" class=\"yoast-schema-graph\">{\"@context\":\"https:\\\/\\\/schema.org\",\"@graph\":[{\"@type\":\"WebPage\",\"@id\":\"https:\\\/\\\/biota.nu\\\/de\\\/nachrichten\\\/\",\"url\":\"https:\\\/\\\/biota.nu\\\/de\\\/nachrichten\\\/\",\"name\":\"Nachrichten - Biota Nutri\",\"isPartOf\":{\"@id\":\"https:\\\/\\\/biota.nu\\\/de\\\/#website\"},\"datePublished\":\"2023-12-27T16:33:23+00:00\",\"dateModified\":\"2025-03-19T11:09:52+00:00\",\"breadcrumb\":{\"@id\":\"https:\\\/\\\/biota.nu\\\/de\\\/nachrichten\\\/#breadcrumb\"},\"inLanguage\":\"de\",\"potentialAction\":[{\"@type\":\"ReadAction\",\"target\":[\"https:\\\/\\\/biota.nu\\\/de\\\/nachrichten\\\/\"]}]},{\"@type\":\"BreadcrumbList\",\"@id\":\"https:\\\/\\\/biota.nu\\\/de\\\/nachrichten\\\/#breadcrumb\",\"itemListElement\":[{\"@type\":\"ListItem\",\"position\":1,\"name\":\"Home\",\"item\":\"https:\\\/\\\/biota.nu\\\/de\\\/?page_id=10242\"},{\"@type\":\"ListItem\",\"position\":2,\"name\":\"Nachrichten\"}]},{\"@type\":\"WebSite\",\"@id\":\"https:\\\/\\\/biota.nu\\\/de\\\/#website\",\"url\":\"https:\\\/\\\/biota.nu\\\/de\\\/\",\"name\":\"Biota Nutri\",\"description\":\"\",\"publisher\":{\"@id\":\"https:\\\/\\\/biota.nu\\\/de\\\/#organization\"},\"potentialAction\":[{\"@type\":\"SearchAction\",\"target\":{\"@type\":\"EntryPoint\",\"urlTemplate\":\"https:\\\/\\\/biota.nu\\\/de\\\/?s={search_term_string}\"},\"query-input\":{\"@type\":\"PropertyValueSpecification\",\"valueRequired\":true,\"valueName\":\"search_term_string\"}}],\"inLanguage\":\"de\"},{\"@type\":\"Organization\",\"@id\":\"https:\\\/\\\/biota.nu\\\/de\\\/#organization\",\"name\":\"Biota Nutri\",\"url\":\"https:\\\/\\\/biota.nu\\\/de\\\/\",\"logo\":{\"@type\":\"ImageObject\",\"inLanguage\":\"de\",\"@id\":\"https:\\\/\\\/biota.nu\\\/de\\\/#\\\/schema\\\/logo\\\/image\\\/\",\"url\":\"https:\\\/\\\/biota.nu\\\/wp-content\\\/uploads\\\/Biota-Nutri-R.png\",\"contentUrl\":\"https:\\\/\\\/biota.nu\\\/wp-content\\\/uploads\\\/Biota-Nutri-R.png\",\"width\":300,\"height\":220,\"caption\":\"Biota Nutri\"},\"image\":{\"@id\":\"https:\\\/\\\/biota.nu\\\/de\\\/#\\\/schema\\\/logo\\\/image\\\/\"}}]}<\/script>\n<!-- \/ Yoast SEO plugin. -->","yoast_head_json":{"title":"Nachrichten - Biota Nutri","robots":{"index":"index","follow":"follow","max-snippet":"max-snippet:-1","max-image-preview":"max-image-preview:large","max-video-preview":"max-video-preview:-1"},"canonical":"https:\/\/biota.nu\/de\/nachrichten\/","og_locale":"de_DE","og_type":"article","og_title":"Nachrichten - Biota Nutri","og_description":"16. Januar 2025 &#8211; Andermatt UK arbeitet mit Biota Nutri zusammen, um nachhaltige organische D\u00fcngerl\u00f6sungen zu vertreiben. Andermatt UK und Biota Nutri freuen sich, eine [&hellip;]","og_url":"https:\/\/biota.nu\/de\/nachrichten\/","og_site_name":"Biota Nutri","article_modified_time":"2025-03-19T11:09:52+00:00","twitter_card":"summary_large_image","twitter_misc":{"Gesch\u00e4tzte Lesezeit":"2\u00a0Minuten"},"schema":{"@context":"https:\/\/schema.org","@graph":[{"@type":"WebPage","@id":"https:\/\/biota.nu\/de\/nachrichten\/","url":"https:\/\/biota.nu\/de\/nachrichten\/","name":"Nachrichten - Biota Nutri","isPartOf":{"@id":"https:\/\/biota.nu\/de\/#website"},"datePublished":"2023-12-27T16:33:23+00:00","dateModified":"2025-03-19T11:09:52+00:00","breadcrumb":{"@id":"https:\/\/biota.nu\/de\/nachrichten\/#breadcrumb"},"inLanguage":"de","potentialAction":[{"@type":"ReadAction","target":["https:\/\/biota.nu\/de\/nachrichten\/"]}]},{"@type":"BreadcrumbList","@id":"https:\/\/biota.nu\/de\/nachrichten\/#breadcrumb","itemListElement":[{"@type":"ListItem","position":1,"name":"Home","item":"https:\/\/biota.nu\/de\/?page_id=10242"},{"@type":"ListItem","position":2,"name":"Nachrichten"}]},{"@type":"WebSite","@id":"https:\/\/biota.nu\/de\/#website","url":"https:\/\/biota.nu\/de\/","name":"Biota Nutri","description":"","publisher":{"@id":"https:\/\/biota.nu\/de\/#organization"},"potentialAction":[{"@type":"SearchAction","target":{"@type":"EntryPoint","urlTemplate":"https:\/\/biota.nu\/de\/?s={search_term_string}"},"query-input":{"@type":"PropertyValueSpecification","valueRequired":true,"valueName":"search_term_string"}}],"inLanguage":"de"},{"@type":"Organization","@id":"https:\/\/biota.nu\/de\/#organization","name":"Biota Nutri","url":"https:\/\/biota.nu\/de\/","logo":{"@type":"ImageObject","inLanguage":"de","@id":"https:\/\/biota.nu\/de\/#\/schema\/logo\/image\/","url":"https:\/\/biota.nu\/wp-content\/uploads\/Biota-Nutri-R.png","contentUrl":"https:\/\/biota.nu\/wp-content\/uploads\/Biota-Nutri-R.png","width":300,"height":220,"caption":"Biota Nutri"},"image":{"@id":"https:\/\/biota.nu\/de\/#\/schema\/logo\/image\/"}}]}},"acf":[],"_links":{"self":[{"href":"https:\/\/biota.nu\/de\/wp-json\/wp\/v2\/pages\/10640","targetHints":{"allow":["GET"]}}],"collection":[{"href":"https:\/\/biota.nu\/de\/wp-json\/wp\/v2\/pages"}],"about":[{"href":"https:\/\/biota.nu\/de\/wp-json\/wp\/v2\/types\/page"}],"author":[{"embeddable":true,"href":"https:\/\/biota.nu\/de\/wp-json\/wp\/v2\/users\/1"}],"replies":[{"embeddable":true,"href":"https:\/\/biota.nu\/de\/wp-json\/wp\/v2\/comments?post=10640"}],"version-history":[{"count":2,"href":"https:\/\/biota.nu\/de\/wp-json\/wp\/v2\/pages\/10640\/revisions"}],"predecessor-version":[{"id":10643,"href":"https:\/\/biota.nu\/de\/wp-json\/wp\/v2\/pages\/10640\/revisions\/10643"}],"wp:attachment":[{"href":"https:\/\/biota.nu\/de\/wp-json\/wp\/v2\/media?parent=10640"}],"curies":[{"name":"wp","href":"https:\/\/api.w.org\/{rel}","templated":true}]}}