{"id":10872,"date":"2024-02-22T22:06:00","date_gmt":"2024-02-22T22:06:00","guid":{"rendered":"https:\/\/biota.nu\/technologie\/"},"modified":"2025-08-15T09:53:46","modified_gmt":"2025-08-15T09:53:46","slug":"technologie","status":"publish","type":"page","link":"https:\/\/biota.nu\/de\/technologie\/","title":{"rendered":"Technologie"},"content":{"rendered":"\n<div class=\"banner alignfull wp-block-biota-nutri-banner\">\n    <img loading=\"lazy\" decoding=\"async\" src=\"https:\/\/biota.nu\/wp-content\/uploads\/ONP-1-fotor-20240222135816.png\" width=\"1478\" height=\"490\" alt=\"\" \/>\n\n    <div class=\"acf-innerblocks-container\">\n\n<h1 class=\"wp-block-heading has-text-align-center has-gargantuan-font-size\" style=\"font-style:normal;font-weight:900\">Unsere Technologie<\/h1>\n\n<\/div>\n\n    <svg xmlns=\"http:\/\/www.w3.org\/2000\/svg\" viewBox=\"0 0 1000 100\" preserveAspectRatio=\"none\">\n        <path d=\"M790.5,93.1c-59.3-5.3-116.8-18-192.6-50c-29.6-12.7-76.9-31-100.5-35.9c-23.6-4.9-52.6-7.8-75.5-5.3\n\tc-10.2,1.1-22.6,1.4-50.1,7.4c-27.2,6.3-58.2,16.6-79.4,24.7c-41.3,15.9-94.9,21.9-134,22.6C72,58.2,0,25.8,0,25.8V100h1000V65.3\n\tc0,0-51.5,19.4-106.2,25.7C839.5,97,814.1,95.2,790.5,93.1z\"><\/path>\n    <\/svg>\n<\/div>\n\n\n\n<h1 class=\"wp-block-heading has-text-align-left\">Organische Nitratproduktion (ONP) System<\/h1>\n\n\n\n<div class=\"wp-block-columns is-layout-flex wp-container-core-columns-is-layout-28f84493 wp-block-columns-is-layout-flex\">\n<div class=\"wp-block-column is-layout-flow wp-block-column-is-layout-flow\">\n<figure class=\"wp-block-image size-large is-resized\"><img loading=\"lazy\" decoding=\"async\" width=\"1024\" height=\"341\" src=\"https:\/\/biota.nu\/wp-content\/uploads\/ONP-graphic-4-1024x341.png\" alt=\"\" class=\"wp-image-9053\" style=\"width:471px;height:auto\" srcset=\"https:\/\/biota.nu\/wp-content\/uploads\/ONP-graphic-4-1024x341.png 1024w, https:\/\/biota.nu\/wp-content\/uploads\/ONP-graphic-4-300x100.png 300w, https:\/\/biota.nu\/wp-content\/uploads\/ONP-graphic-4-768x256.png 768w, https:\/\/biota.nu\/wp-content\/uploads\/ONP-graphic-4-600x200.png 600w, https:\/\/biota.nu\/wp-content\/uploads\/ONP-graphic-4.png 1280w\" sizes=\"auto, (max-width: 1024px) 100vw, 1024px\" \/><\/figure>\n<\/div>\n\n\n\n<div class=\"wp-block-column is-layout-flow wp-block-column-is-layout-flow\">\n<ul class=\"wp-block-list\">\n<li>Biotas (ONP) System ist eine skalierbare L\u00f6sung f\u00fcr den biologischen Anbau<\/li>\n\n\n\n<li>Es liefert das ganze Jahr \u00fcber Nitrat f\u00fcr alle Ihre Pflanzen<\/li>\n\n\n\n<li>ONP-Systeme sind vollst\u00e4ndig nachhaltig  <\/li>\n<\/ul>\n\n\n\n<p><\/p>\n<\/div>\n<\/div>\n\n\n\n<h2 class=\"wp-block-heading has-text-align-left\">Wie es funktioniert<\/h2>\n\n\n\n<div class=\"wp-block-columns is-layout-flex wp-container-core-columns-is-layout-28f84493 wp-block-columns-is-layout-flex\">\n<div class=\"wp-block-column is-layout-flow wp-block-column-is-layout-flow\">\n<p>Der ONP arbeitet mit speziellen nitrifizierenden Bakterien von Biota, die mit einer vollst\u00e4ndig pflanzlichen Stickstoffl\u00f6sung von Biota gef\u00fcttert werden.  <\/p>\n\n\n\n<p>Die Stickstoffverbindungen werden zu Ammoniak abgebaut und dann von den Bakterien in Nitrat umgewandelt.<\/p>\n\n\n\n<p><\/p>\n<\/div>\n\n\n\n<div class=\"wp-block-column is-layout-flow wp-block-column-is-layout-flow\">\n<figure class=\"wp-block-image size-large is-resized\"><img loading=\"lazy\" decoding=\"async\" width=\"1024\" height=\"438\" src=\"https:\/\/biota.nu\/wp-content\/uploads\/ONP-graphic-2-1024x438.png\" alt=\"\" class=\"wp-image-9042\" style=\"width:400px;height:auto\" srcset=\"https:\/\/biota.nu\/wp-content\/uploads\/ONP-graphic-2-1024x438.png 1024w, https:\/\/biota.nu\/wp-content\/uploads\/ONP-graphic-2-300x128.png 300w, https:\/\/biota.nu\/wp-content\/uploads\/ONP-graphic-2-768x328.png 768w, https:\/\/biota.nu\/wp-content\/uploads\/ONP-graphic-2-1536x657.png 1536w, https:\/\/biota.nu\/wp-content\/uploads\/ONP-graphic-2-600x256.png 600w, https:\/\/biota.nu\/wp-content\/uploads\/ONP-graphic-2.png 1722w\" sizes=\"auto, (max-width: 1024px) 100vw, 1024px\" \/><\/figure>\n<\/div>\n<\/div>\n\n\n\n<p><\/p>\n\n\n\n<h3 class=\"wp-block-heading has-text-align-center\"><\/h3>\n\n\n\n<h2 class=\"wp-block-heading has-text-align-left\">Konstantes Nitrat<\/h2>\n\n\n\n<div style=\"--inline-background-color: #6ab023; --inline-text-color: #FFFFFF;  margin-top:6em;margin-bottom:6em;\" class=\"wave-container alignfull wp-block-biota-nutri-wave-container\">\n    <img decoding=\"async\" src=\"\" width=\"\" height=\"\" alt=\"\" \/>\n\n    <div class=\"top-wave\">\n        <svg xmlns=\"http:\/\/www.w3.org\/2000\/svg\" viewBox=\"0 0 1000 100\" preserveAspectRatio=\"none\">\n            <path d=\"M421.9,6.5c22.6-2.5,51.5,0.4,75.5,5.3c23.6,4.9,70.9,23.5,100.5,35.7c75.8,32.2,133.7,44.5,192.6,49.7\n\tc23.6,2.1,48.7,3.5,103.4-2.5c54.7-6,106.2-25.6,106.2-25.6V0H0v30.3c0,0,72,32.6,158.4,30.5c39.2-0.7,92.8-6.7,134-22.4\n\tc21.2-8.1,52.2-18.2,79.7-24.2C399.3,7.9,411.6,7.5,421.9,6.5z\"><\/path>\n        <\/svg>\n    <\/div>\n\n    <div class=\"container\">\n        <div class=\"acf-innerblocks-container\">\n\n<p>Der ONP kann auf verschiedene Weise genutzt werden. Ein gro\u00dfer Bioreaktor kann das ganze Jahr \u00fcber den Nitratbedarf aller Ihrer Pflanzen decken. Ein kleineres System kann f\u00fcr die Basisproduktion verwendet werden, um den Nitratbedarf in den k\u00e4lteren Monaten zu decken. In den w\u00e4rmeren Monaten wird das System durch Hinzuf\u00fcgen einer weiteren Nitratquelle \u00fcber die herk\u00f6mmlichen D\u00fcngertanks unterst\u00fctzt.   <\/p>\n\n<\/div>\n    <\/div>\n\n    <div class=\"bottom-wave\">\n        <svg xmlns=\"http:\/\/www.w3.org\/2000\/svg\" viewBox=\"0 0 1000 100\" preserveAspectRatio=\"none\">\n            <path d=\"M421.9,6.5c22.6-2.5,51.5,0.4,75.5,5.3c23.6,4.9,70.9,23.5,100.5,35.7c75.8,32.2,133.7,44.5,192.6,49.7\n\tc23.6,2.1,48.7,3.5,103.4-2.5c54.7-6,106.2-25.6,106.2-25.6V0H0v30.3c0,0,72,32.6,158.4,30.5c39.2-0.7,92.8-6.7,134-22.4\n\tc21.2-8.1,52.2-18.2,79.7-24.2C399.3,7.9,411.6,7.5,421.9,6.5z\"><\/path>\n        <\/svg>\n    <\/div>\n<\/div>\n\n\n\n<div style=\"--inline-transform-translate-x: 0px; --inline-transform-translate-y: 0px;\" class=\"decoration-image position-right alignright wp-block-biota-nutri-decoration-image\">\n    <div class=\"acf-innerblocks-container\">\n\n<figure class=\"wp-block-image alignright size-large is-resized\"><img loading=\"lazy\" decoding=\"async\" width=\"836\" height=\"1024\" src=\"https:\/\/biota.nu\/wp-content\/uploads\/Tomato-2-836x1024.png\" alt=\"\" class=\"wp-image-9173\" style=\"width:248px;height:auto\" srcset=\"https:\/\/biota.nu\/wp-content\/uploads\/Tomato-2-836x1024.png 836w, https:\/\/biota.nu\/wp-content\/uploads\/Tomato-2-245x300.png 245w, https:\/\/biota.nu\/wp-content\/uploads\/Tomato-2-768x941.png 768w, https:\/\/biota.nu\/wp-content\/uploads\/Tomato-2-600x735.png 600w, https:\/\/biota.nu\/wp-content\/uploads\/Tomato-2.png 956w\" sizes=\"auto, (max-width: 836px) 100vw, 836px\" \/><\/figure>\n\n<\/div>\n<\/div>\n\n\n\n<h2 class=\"wp-block-heading has-text-align-left\">Die Vorteile eines Biota ONP-Systems<\/h2>\n\n\n\n<p>Die Vorteile eines Biota ONP-Systems<\/p>\n\n\n\n<p class=\"has-text-align-left\">St\u00e4ndige \u00dcberwachung und Anpassung der N\u00e4hrstoffe f\u00fcr maximalen Ertrag<\/p>\n\n\n\n<p class=\"has-text-align-left\">Bietet den Bakterien die optimalen Bedingungen zum Gedeihen<\/p>\n\n\n\n<p class=\"has-text-align-left\">\u00dcberwachen Sie die pH-Werte vor und nach dem Nitrifikationsprozess<\/p>\n\n\n\n<p class=\"has-text-align-left\">Temperaturen, Durchflussgeschwindigkeit und Sauerstoffgehalt werden vollst\u00e4ndig kontrolliert<\/p>\n\n\n\n<p class=\"has-text-align-left\">Nachhaltig mit reduziertem Risiko, da keine Druckbeaufschlagung des Systems erforderlich ist<\/p>\n\n\n\n<h2 class=\"wp-block-heading has-text-align-left\">Nitrat Produktion<\/h2>\n\n\n\n<div style=\"--inline-transform-translate-x: 150px; --inline-transform-translate-y: 0px;\" class=\"decoration-image position-right alignright wp-block-biota-nutri-decoration-image\">\n    <div class=\"acf-innerblocks-container\">\n\n<figure class=\"wp-block-image size-large is-resized\"><img loading=\"lazy\" decoding=\"async\" width=\"1024\" height=\"681\" src=\"https:\/\/biota.nu\/wp-content\/uploads\/Kiwi-1-1024x681.png\" alt=\"\" class=\"wp-image-9188\" style=\"width:478px;height:auto\" srcset=\"https:\/\/biota.nu\/wp-content\/uploads\/Kiwi-1-1024x681.png 1024w, https:\/\/biota.nu\/wp-content\/uploads\/Kiwi-1-300x199.png 300w, https:\/\/biota.nu\/wp-content\/uploads\/Kiwi-1-768x511.png 768w, https:\/\/biota.nu\/wp-content\/uploads\/Kiwi-1-1536x1021.png 1536w, https:\/\/biota.nu\/wp-content\/uploads\/Kiwi-1-2048x1362.png 2048w, https:\/\/biota.nu\/wp-content\/uploads\/Kiwi-1-600x399.png 600w\" sizes=\"auto, (max-width: 1024px) 100vw, 1024px\" \/><\/figure>\n\n<\/div>\n<\/div>\n\n\n\n<div class=\"wp-block-columns is-layout-flex wp-container-core-columns-is-layout-28f84493 wp-block-columns-is-layout-flex\">\n<div class=\"wp-block-column is-layout-flow wp-block-column-is-layout-flow\" style=\"flex-basis:33.33%\">\n<ol class=\"wp-block-list\">\n<li>Das Biota ONP-System ist ein propriet\u00e4res Design mit mehreren Komponenten<\/li>\n\n\n\n<li>Der Bioreaktor ist die Heimat der Bakterien, in der die Nitrifikation stattfindet<\/li>\n\n\n\n<li>Das Nitratproduktionssilo speist den Bioreaktor am Einlass mit einer angereicherten L\u00f6sung von pflanzlichem Stickstoff aus Biota (4).<\/li>\n\n\n\n<li>Eine Nanoblasenpumpe bel\u00fcftet die Mischungen, um die aerobe Nitrifikation zu beschleunigen<\/li>\n\n\n\n<li>Prozess und die L\u00f6sung wird kontinuierlich zirkuliert, um die erforderliche Nitratkonzentration f\u00fcr Ihre Ernte zu erreichen<\/li>\n\n\n\n<li>Die ONPS-Mischeinheit fungiert als dritter D\u00fcngertank, um die Schwankungen von Temperatur, Nitratkonzentration, pH-Wert und anderen Faktoren im Bioreaktor zu reduzieren.<\/li>\n\n\n\n<li>Nach der Bew\u00e4sserung wird das Ablaufwasser gefiltert und nach der Sauerstoffanreicherung wiederverwendet.<\/li>\n<\/ol>\n<\/div>\n\n\n\n<div class=\"wp-block-column is-layout-flow wp-block-column-is-layout-flow\" style=\"flex-basis:66.66%\">\n<figure class=\"wp-block-image size-large is-resized\"><img loading=\"lazy\" decoding=\"async\" width=\"1024\" height=\"548\" src=\"https:\/\/biota.nu\/wp-content\/uploads\/ONP-Diag-1-1024x548.png\" alt=\"\" class=\"wp-image-9044\" style=\"width:921px;height:auto\" srcset=\"https:\/\/biota.nu\/wp-content\/uploads\/ONP-Diag-1-1024x548.png 1024w, https:\/\/biota.nu\/wp-content\/uploads\/ONP-Diag-1-300x160.png 300w, https:\/\/biota.nu\/wp-content\/uploads\/ONP-Diag-1-768x411.png 768w, https:\/\/biota.nu\/wp-content\/uploads\/ONP-Diag-1-600x321.png 600w, https:\/\/biota.nu\/wp-content\/uploads\/ONP-Diag-1.png 1208w\" sizes=\"auto, (max-width: 1024px) 100vw, 1024px\" \/><\/figure>\n<\/div>\n<\/div>\n\n\n\n<h2 class=\"wp-block-heading has-text-align-left\">Die Vorteile eines Biota ONP-Systems<\/h2>\n\n\n\n<ul class=\"wp-block-list\">\n<li>Bietet den Bakterien die optimalen Bedingungen zum Gedeihen<\/li>\n\n\n\n<li>St\u00e4ndige \u00dcberwachung und Anpassung der N\u00e4hrstoffe f\u00fcr maximalen Ertrag<\/li>\n\n\n\n<li>\u00dcberwachen Sie die pH-Werte vor und nach dem Nitrifikationsprozess<\/li>\n\n\n\n<li>Temperaturen, Durchflussgeschwindigkeit und Sauerstoffgehalt werden vollst\u00e4ndig kontrolliert<\/li>\n\n\n\n<li>Nachhaltig mit reduziertem Risiko, da keine Druckbeaufschlagung des Systems erforderlich ist<\/li>\n<\/ul>\n\n\n\n<h2 class=\"wp-block-heading has-text-align-left\">Warum Biota ONP<\/h2>\n\n\n\n<div class=\"wp-block-columns is-layout-flex wp-container-core-columns-is-layout-28f84493 wp-block-columns-is-layout-flex\">\n<div class=\"wp-block-column is-layout-flow wp-block-column-is-layout-flow\" style=\"flex-basis:66.66%\">\n<p>Der Nitrifikationsprozess von Biota hilft Ihnen, nachhaltiger anzubauen. Die chemische Nitratproduktion verbraucht viel Energie, etwa 1,2 % der weltweiten Energie wird f\u00fcr die Nitratproduktion verwendet. Wenn Sie Ihren \u00f6kologischen Fu\u00dfabdruck verringern und Ihr Unternehmen fit f\u00fcr die Zukunft machen wollen, ist das ONP-System von Biota genau das Richtige f\u00fcr Sie.  <\/p>\n<\/div>\n\n\n\n<div class=\"wp-block-column is-layout-flow wp-block-column-is-layout-flow\" style=\"flex-basis:33.33%\">\n<figure class=\"wp-block-image alignleft size-full\"><img loading=\"lazy\" decoding=\"async\" width=\"121\" height=\"116\" src=\"https:\/\/biota.nu\/wp-content\/uploads\/Co2-1.png\" alt=\"\" class=\"wp-image-9057\"\/><\/figure>\n<\/div>\n<\/div>\n\n\n\n<h2 class=\"wp-block-heading has-text-align-left\">Wir k\u00f6nnen helfen<\/h2>\n\n\n\n<p><\/p>\n\n\n\n<div class=\"wp-block-columns is-layout-flex wp-container-core-columns-is-layout-28f84493 wp-block-columns-is-layout-flex\">\n<div class=\"wp-block-column is-layout-flow wp-block-column-is-layout-flow\" style=\"flex-basis:66.66%\">\n<p>Erz\u00e4hlen Sie uns von Ihren Projektzielen und wir zeigen Ihnen, wie&#8230;  <\/p>\n\n\n\n<figure class=\"wp-block-image size-large is-resized\"><img loading=\"lazy\" decoding=\"async\" width=\"819\" height=\"1024\" src=\"https:\/\/biota.nu\/wp-content\/uploads\/Biota-Nutri-2021-Andor-Kranenburg-3443-819x1024.jpg\" alt=\"\" class=\"wp-image-9561\" style=\"width:338px;height:auto\" srcset=\"https:\/\/biota.nu\/wp-content\/uploads\/Biota-Nutri-2021-Andor-Kranenburg-3443-819x1024.jpg 819w, https:\/\/biota.nu\/wp-content\/uploads\/Biota-Nutri-2021-Andor-Kranenburg-3443-240x300.jpg 240w, https:\/\/biota.nu\/wp-content\/uploads\/Biota-Nutri-2021-Andor-Kranenburg-3443-768x960.jpg 768w, https:\/\/biota.nu\/wp-content\/uploads\/Biota-Nutri-2021-Andor-Kranenburg-3443-1229x1536.jpg 1229w, https:\/\/biota.nu\/wp-content\/uploads\/Biota-Nutri-2021-Andor-Kranenburg-3443-1639x2048.jpg 1639w, https:\/\/biota.nu\/wp-content\/uploads\/Biota-Nutri-2021-Andor-Kranenburg-3443-600x750.jpg 600w, https:\/\/biota.nu\/wp-content\/uploads\/Biota-Nutri-2021-Andor-Kranenburg-3443-scaled.jpg 2048w\" sizes=\"auto, (max-width: 819px) 100vw, 819px\" \/><\/figure>\n\n\n\n<p>Kontaktieren Sie uns noch heute <a href=\"mailto:info@biota.nu\">info@biota.nu<\/a><\/p>\n<\/div>\n<\/div>\n\n\n\n<h2 class=\"wp-block-heading has-text-align-left\">Grow ONP &#8211; Steigern Sie Ihr Gesch\u00e4ft und Ihre Rendite<\/h2>\n","protected":false},"excerpt":{"rendered":"<p>Organische Nitratproduktion (ONP) System Wie es funktioniert Der ONP arbeitet mit speziellen nitrifizierenden Bakterien von Biota, die mit einer vollst\u00e4ndig pflanzlichen Stickstoffl\u00f6sung von Biota gef\u00fcttert [&hellip;]<\/p>\n","protected":false},"author":3,"featured_media":10873,"parent":0,"menu_order":0,"comment_status":"closed","ping_status":"closed","template":"","meta":{"footnotes":""},"class_list":["post-10872","page","type-page","status-publish","has-post-thumbnail","hentry"],"yoast_head":"<!-- This site is optimized with the Yoast SEO plugin v27.3 - https:\/\/yoast.com\/product\/yoast-seo-wordpress\/ -->\n<title>Technologie - Biota Nutri<\/title>\n<meta name=\"robots\" content=\"index, follow, max-snippet:-1, max-image-preview:large, max-video-preview:-1\" \/>\n<link rel=\"canonical\" href=\"https:\/\/biota.nu\/de\/technologie\/\" \/>\n<meta property=\"og:locale\" content=\"de_DE\" \/>\n<meta property=\"og:type\" content=\"article\" \/>\n<meta property=\"og:title\" content=\"Technologie - Biota Nutri\" \/>\n<meta property=\"og:description\" content=\"Organische Nitratproduktion (ONP) System Wie es funktioniert Der ONP arbeitet mit speziellen nitrifizierenden Bakterien von Biota, die mit einer vollst\u00e4ndig pflanzlichen Stickstoffl\u00f6sung von Biota gef\u00fcttert [&hellip;]\" \/>\n<meta property=\"og:url\" content=\"https:\/\/biota.nu\/de\/technologie\/\" \/>\n<meta property=\"og:site_name\" content=\"Biota Nutri\" \/>\n<meta property=\"article:modified_time\" content=\"2025-08-15T09:53:46+00:00\" \/>\n<meta property=\"og:image\" content=\"https:\/\/biota.nu\/wp-content\/uploads\/ONP-1-fotor-20240222135816.png\" \/>\n\t<meta property=\"og:image:width\" content=\"1478\" \/>\n\t<meta property=\"og:image:height\" content=\"490\" \/>\n\t<meta property=\"og:image:type\" content=\"image\/png\" \/>\n<meta name=\"twitter:card\" content=\"summary_large_image\" \/>\n<meta name=\"twitter:label1\" content=\"Gesch\u00e4tzte Lesezeit\" \/>\n\t<meta name=\"twitter:data1\" content=\"4\u00a0Minuten\" \/>\n<script type=\"application\/ld+json\" class=\"yoast-schema-graph\">{\"@context\":\"https:\\\/\\\/schema.org\",\"@graph\":[{\"@type\":\"WebPage\",\"@id\":\"https:\\\/\\\/biota.nu\\\/de\\\/technologie\\\/\",\"url\":\"https:\\\/\\\/biota.nu\\\/de\\\/technologie\\\/\",\"name\":\"Technologie - Biota Nutri\",\"isPartOf\":{\"@id\":\"https:\\\/\\\/biota.nu\\\/de\\\/#website\"},\"primaryImageOfPage\":{\"@id\":\"https:\\\/\\\/biota.nu\\\/de\\\/technologie\\\/#primaryimage\"},\"image\":{\"@id\":\"https:\\\/\\\/biota.nu\\\/de\\\/technologie\\\/#primaryimage\"},\"thumbnailUrl\":\"https:\\\/\\\/biota.nu\\\/wp-content\\\/uploads\\\/ONP-1-fotor-20240222135816.png\",\"datePublished\":\"2024-02-22T22:06:00+00:00\",\"dateModified\":\"2025-08-15T09:53:46+00:00\",\"breadcrumb\":{\"@id\":\"https:\\\/\\\/biota.nu\\\/de\\\/technologie\\\/#breadcrumb\"},\"inLanguage\":\"de\",\"potentialAction\":[{\"@type\":\"ReadAction\",\"target\":[\"https:\\\/\\\/biota.nu\\\/de\\\/technologie\\\/\"]}]},{\"@type\":\"ImageObject\",\"inLanguage\":\"de\",\"@id\":\"https:\\\/\\\/biota.nu\\\/de\\\/technologie\\\/#primaryimage\",\"url\":\"https:\\\/\\\/biota.nu\\\/wp-content\\\/uploads\\\/ONP-1-fotor-20240222135816.png\",\"contentUrl\":\"https:\\\/\\\/biota.nu\\\/wp-content\\\/uploads\\\/ONP-1-fotor-20240222135816.png\",\"width\":1478,\"height\":490},{\"@type\":\"BreadcrumbList\",\"@id\":\"https:\\\/\\\/biota.nu\\\/de\\\/technologie\\\/#breadcrumb\",\"itemListElement\":[{\"@type\":\"ListItem\",\"position\":1,\"name\":\"Home\",\"item\":\"https:\\\/\\\/biota.nu\\\/de\\\/?page_id=10242\"},{\"@type\":\"ListItem\",\"position\":2,\"name\":\"Technologie\"}]},{\"@type\":\"WebSite\",\"@id\":\"https:\\\/\\\/biota.nu\\\/de\\\/#website\",\"url\":\"https:\\\/\\\/biota.nu\\\/de\\\/\",\"name\":\"Biota Nutri\",\"description\":\"\",\"publisher\":{\"@id\":\"https:\\\/\\\/biota.nu\\\/de\\\/#organization\"},\"potentialAction\":[{\"@type\":\"SearchAction\",\"target\":{\"@type\":\"EntryPoint\",\"urlTemplate\":\"https:\\\/\\\/biota.nu\\\/de\\\/?s={search_term_string}\"},\"query-input\":{\"@type\":\"PropertyValueSpecification\",\"valueRequired\":true,\"valueName\":\"search_term_string\"}}],\"inLanguage\":\"de\"},{\"@type\":\"Organization\",\"@id\":\"https:\\\/\\\/biota.nu\\\/de\\\/#organization\",\"name\":\"Biota Nutri\",\"url\":\"https:\\\/\\\/biota.nu\\\/de\\\/\",\"logo\":{\"@type\":\"ImageObject\",\"inLanguage\":\"de\",\"@id\":\"https:\\\/\\\/biota.nu\\\/de\\\/#\\\/schema\\\/logo\\\/image\\\/\",\"url\":\"https:\\\/\\\/biota.nu\\\/wp-content\\\/uploads\\\/Biota-Nutri-R.png\",\"contentUrl\":\"https:\\\/\\\/biota.nu\\\/wp-content\\\/uploads\\\/Biota-Nutri-R.png\",\"width\":300,\"height\":220,\"caption\":\"Biota Nutri\"},\"image\":{\"@id\":\"https:\\\/\\\/biota.nu\\\/de\\\/#\\\/schema\\\/logo\\\/image\\\/\"}}]}<\/script>\n<!-- \/ Yoast SEO plugin. -->","yoast_head_json":{"title":"Technologie - Biota Nutri","robots":{"index":"index","follow":"follow","max-snippet":"max-snippet:-1","max-image-preview":"max-image-preview:large","max-video-preview":"max-video-preview:-1"},"canonical":"https:\/\/biota.nu\/de\/technologie\/","og_locale":"de_DE","og_type":"article","og_title":"Technologie - Biota Nutri","og_description":"Organische Nitratproduktion (ONP) System Wie es funktioniert Der ONP arbeitet mit speziellen nitrifizierenden Bakterien von Biota, die mit einer vollst\u00e4ndig pflanzlichen Stickstoffl\u00f6sung von Biota gef\u00fcttert [&hellip;]","og_url":"https:\/\/biota.nu\/de\/technologie\/","og_site_name":"Biota Nutri","article_modified_time":"2025-08-15T09:53:46+00:00","og_image":[{"width":1478,"height":490,"url":"https:\/\/biota.nu\/wp-content\/uploads\/ONP-1-fotor-20240222135816.png","type":"image\/png"}],"twitter_card":"summary_large_image","twitter_misc":{"Gesch\u00e4tzte Lesezeit":"4\u00a0Minuten"},"schema":{"@context":"https:\/\/schema.org","@graph":[{"@type":"WebPage","@id":"https:\/\/biota.nu\/de\/technologie\/","url":"https:\/\/biota.nu\/de\/technologie\/","name":"Technologie - Biota Nutri","isPartOf":{"@id":"https:\/\/biota.nu\/de\/#website"},"primaryImageOfPage":{"@id":"https:\/\/biota.nu\/de\/technologie\/#primaryimage"},"image":{"@id":"https:\/\/biota.nu\/de\/technologie\/#primaryimage"},"thumbnailUrl":"https:\/\/biota.nu\/wp-content\/uploads\/ONP-1-fotor-20240222135816.png","datePublished":"2024-02-22T22:06:00+00:00","dateModified":"2025-08-15T09:53:46+00:00","breadcrumb":{"@id":"https:\/\/biota.nu\/de\/technologie\/#breadcrumb"},"inLanguage":"de","potentialAction":[{"@type":"ReadAction","target":["https:\/\/biota.nu\/de\/technologie\/"]}]},{"@type":"ImageObject","inLanguage":"de","@id":"https:\/\/biota.nu\/de\/technologie\/#primaryimage","url":"https:\/\/biota.nu\/wp-content\/uploads\/ONP-1-fotor-20240222135816.png","contentUrl":"https:\/\/biota.nu\/wp-content\/uploads\/ONP-1-fotor-20240222135816.png","width":1478,"height":490},{"@type":"BreadcrumbList","@id":"https:\/\/biota.nu\/de\/technologie\/#breadcrumb","itemListElement":[{"@type":"ListItem","position":1,"name":"Home","item":"https:\/\/biota.nu\/de\/?page_id=10242"},{"@type":"ListItem","position":2,"name":"Technologie"}]},{"@type":"WebSite","@id":"https:\/\/biota.nu\/de\/#website","url":"https:\/\/biota.nu\/de\/","name":"Biota Nutri","description":"","publisher":{"@id":"https:\/\/biota.nu\/de\/#organization"},"potentialAction":[{"@type":"SearchAction","target":{"@type":"EntryPoint","urlTemplate":"https:\/\/biota.nu\/de\/?s={search_term_string}"},"query-input":{"@type":"PropertyValueSpecification","valueRequired":true,"valueName":"search_term_string"}}],"inLanguage":"de"},{"@type":"Organization","@id":"https:\/\/biota.nu\/de\/#organization","name":"Biota Nutri","url":"https:\/\/biota.nu\/de\/","logo":{"@type":"ImageObject","inLanguage":"de","@id":"https:\/\/biota.nu\/de\/#\/schema\/logo\/image\/","url":"https:\/\/biota.nu\/wp-content\/uploads\/Biota-Nutri-R.png","contentUrl":"https:\/\/biota.nu\/wp-content\/uploads\/Biota-Nutri-R.png","width":300,"height":220,"caption":"Biota Nutri"},"image":{"@id":"https:\/\/biota.nu\/de\/#\/schema\/logo\/image\/"}}]}},"acf":[],"_links":{"self":[{"href":"https:\/\/biota.nu\/de\/wp-json\/wp\/v2\/pages\/10872","targetHints":{"allow":["GET"]}}],"collection":[{"href":"https:\/\/biota.nu\/de\/wp-json\/wp\/v2\/pages"}],"about":[{"href":"https:\/\/biota.nu\/de\/wp-json\/wp\/v2\/types\/page"}],"author":[{"embeddable":true,"href":"https:\/\/biota.nu\/de\/wp-json\/wp\/v2\/users\/3"}],"replies":[{"embeddable":true,"href":"https:\/\/biota.nu\/de\/wp-json\/wp\/v2\/comments?post=10872"}],"version-history":[{"count":3,"href":"https:\/\/biota.nu\/de\/wp-json\/wp\/v2\/pages\/10872\/revisions"}],"predecessor-version":[{"id":11455,"href":"https:\/\/biota.nu\/de\/wp-json\/wp\/v2\/pages\/10872\/revisions\/11455"}],"wp:featuredmedia":[{"embeddable":true,"href":"https:\/\/biota.nu\/de\/wp-json\/wp\/v2\/media\/10873"}],"wp:attachment":[{"href":"https:\/\/biota.nu\/de\/wp-json\/wp\/v2\/media?parent=10872"}],"curies":[{"name":"wp","href":"https:\/\/api.w.org\/{rel}","templated":true}]}}