{"id":11080,"date":"2024-03-12T09:39:41","date_gmt":"2024-03-12T09:39:41","guid":{"rendered":"https:\/\/biota.nu\/biota-nutri-rechner-bronze\/"},"modified":"2025-03-19T11:11:37","modified_gmt":"2025-03-19T11:11:37","slug":"biota-nutri-rechner-bronze","status":"publish","type":"page","link":"https:\/\/biota.nu\/de\/biota-nutri-rechner-bronze\/","title":{"rendered":"Biota Nutri-Rechner Bronze"},"content":{"rendered":"\n<h1 class=\"wp-block-heading\">Biota Nutri-Rechner Bronze<\/h1>\n\n<p>Mit dem Biota Nutri Calculator Bronze-Abonnement k\u00f6nnen Sie ma\u00dfgeschneiderte D\u00fcngerrezepte mit berechnen:<\/p>\n\n<ul class=\"wp-block-list\">\n<li>Biota Nutri D\u00fcnger<\/li>\n<\/ul>\n\n<p>Beginnen Sie hier mit der Umstellung auf einen nachhaltigen Anbau Ihrer Nutzpflanzen.<\/p>\n\n<p>Erstellen Sie ein Konto und erhalten Sie direkten Zugriff auf den Biota Nutri Calculator Bronze.<\/p>\n\n<div class=\"wp-block-group is-layout-constrained wp-block-group-is-layout-constrained\">\n<iframe loading=\"lazy\" src=\"https:\/\/creatorapp.zohopublic.eu\/zoho_rick22\/tax-integrated-checkout\/form-embed\/Free_user_data_input_form\/mGe6f2nfAVj19rWjGa05G6z3VbAREmh1jfQTGwpfYeh2VrUwgHp2ThBQF5thH0xxMD4mOqNMOBQX3WGHS8Ja0j6AyWeKhgmsFy8s\" width=\"100%\" height=\"600px\" frameborder=\"0\" scrolling=\"auto\"><\/iframe>\n<\/div>\n","protected":false},"excerpt":{"rendered":"<p>Biota Nutri-Rechner Bronze Mit dem Biota Nutri Calculator Bronze-Abonnement k\u00f6nnen Sie ma\u00dfgeschneiderte D\u00fcngerrezepte mit berechnen: Beginnen Sie hier mit der Umstellung auf einen nachhaltigen Anbau [&hellip;]<\/p>\n","protected":false},"author":1,"featured_media":0,"parent":0,"menu_order":0,"comment_status":"closed","ping_status":"closed","template":"","meta":{"footnotes":""},"class_list":["post-11080","page","type-page","status-publish","hentry"],"yoast_head":"<!-- This site is optimized with the Yoast SEO plugin v27.3 - https:\/\/yoast.com\/product\/yoast-seo-wordpress\/ -->\n<title>Biota Nutri-Rechner Bronze - Biota Nutri<\/title>\n<meta name=\"robots\" content=\"index, follow, max-snippet:-1, max-image-preview:large, max-video-preview:-1\" \/>\n<link rel=\"canonical\" href=\"https:\/\/biota.nu\/de\/biota-nutri-rechner-bronze\/\" \/>\n<meta property=\"og:locale\" content=\"de_DE\" \/>\n<meta property=\"og:type\" content=\"article\" \/>\n<meta property=\"og:title\" content=\"Biota Nutri-Rechner Bronze - Biota Nutri\" \/>\n<meta property=\"og:description\" content=\"Biota Nutri-Rechner Bronze Mit dem Biota Nutri Calculator Bronze-Abonnement k\u00f6nnen Sie ma\u00dfgeschneiderte D\u00fcngerrezepte mit berechnen: Beginnen Sie hier mit der Umstellung auf einen nachhaltigen Anbau [&hellip;]\" \/>\n<meta property=\"og:url\" content=\"https:\/\/biota.nu\/de\/biota-nutri-rechner-bronze\/\" \/>\n<meta property=\"og:site_name\" content=\"Biota Nutri\" \/>\n<meta property=\"article:modified_time\" content=\"2025-03-19T11:11:37+00:00\" \/>\n<meta name=\"twitter:card\" content=\"summary_large_image\" \/>\n<script type=\"application\/ld+json\" class=\"yoast-schema-graph\">{\"@context\":\"https:\\\/\\\/schema.org\",\"@graph\":[{\"@type\":\"WebPage\",\"@id\":\"https:\\\/\\\/biota.nu\\\/de\\\/biota-nutri-rechner-bronze\\\/\",\"url\":\"https:\\\/\\\/biota.nu\\\/de\\\/biota-nutri-rechner-bronze\\\/\",\"name\":\"Biota Nutri-Rechner Bronze - Biota Nutri\",\"isPartOf\":{\"@id\":\"https:\\\/\\\/biota.nu\\\/de\\\/#website\"},\"datePublished\":\"2024-03-12T09:39:41+00:00\",\"dateModified\":\"2025-03-19T11:11:37+00:00\",\"breadcrumb\":{\"@id\":\"https:\\\/\\\/biota.nu\\\/de\\\/biota-nutri-rechner-bronze\\\/#breadcrumb\"},\"inLanguage\":\"de\",\"potentialAction\":[{\"@type\":\"ReadAction\",\"target\":[\"https:\\\/\\\/biota.nu\\\/de\\\/biota-nutri-rechner-bronze\\\/\"]}]},{\"@type\":\"BreadcrumbList\",\"@id\":\"https:\\\/\\\/biota.nu\\\/de\\\/biota-nutri-rechner-bronze\\\/#breadcrumb\",\"itemListElement\":[{\"@type\":\"ListItem\",\"position\":1,\"name\":\"Home\",\"item\":\"https:\\\/\\\/biota.nu\\\/de\\\/?page_id=10242\"},{\"@type\":\"ListItem\",\"position\":2,\"name\":\"Biota Nutri-Rechner Bronze\"}]},{\"@type\":\"WebSite\",\"@id\":\"https:\\\/\\\/biota.nu\\\/de\\\/#website\",\"url\":\"https:\\\/\\\/biota.nu\\\/de\\\/\",\"name\":\"Biota Nutri\",\"description\":\"\",\"publisher\":{\"@id\":\"https:\\\/\\\/biota.nu\\\/de\\\/#organization\"},\"potentialAction\":[{\"@type\":\"SearchAction\",\"target\":{\"@type\":\"EntryPoint\",\"urlTemplate\":\"https:\\\/\\\/biota.nu\\\/de\\\/?s={search_term_string}\"},\"query-input\":{\"@type\":\"PropertyValueSpecification\",\"valueRequired\":true,\"valueName\":\"search_term_string\"}}],\"inLanguage\":\"de\"},{\"@type\":\"Organization\",\"@id\":\"https:\\\/\\\/biota.nu\\\/de\\\/#organization\",\"name\":\"Biota Nutri\",\"url\":\"https:\\\/\\\/biota.nu\\\/de\\\/\",\"logo\":{\"@type\":\"ImageObject\",\"inLanguage\":\"de\",\"@id\":\"https:\\\/\\\/biota.nu\\\/de\\\/#\\\/schema\\\/logo\\\/image\\\/\",\"url\":\"https:\\\/\\\/biota.nu\\\/wp-content\\\/uploads\\\/Biota-Nutri-R.png\",\"contentUrl\":\"https:\\\/\\\/biota.nu\\\/wp-content\\\/uploads\\\/Biota-Nutri-R.png\",\"width\":300,\"height\":220,\"caption\":\"Biota Nutri\"},\"image\":{\"@id\":\"https:\\\/\\\/biota.nu\\\/de\\\/#\\\/schema\\\/logo\\\/image\\\/\"}}]}<\/script>\n<!-- \/ Yoast SEO plugin. -->","yoast_head_json":{"title":"Biota Nutri-Rechner Bronze - Biota Nutri","robots":{"index":"index","follow":"follow","max-snippet":"max-snippet:-1","max-image-preview":"max-image-preview:large","max-video-preview":"max-video-preview:-1"},"canonical":"https:\/\/biota.nu\/de\/biota-nutri-rechner-bronze\/","og_locale":"de_DE","og_type":"article","og_title":"Biota Nutri-Rechner Bronze - Biota Nutri","og_description":"Biota Nutri-Rechner Bronze Mit dem Biota Nutri Calculator Bronze-Abonnement k\u00f6nnen Sie ma\u00dfgeschneiderte D\u00fcngerrezepte mit berechnen: Beginnen Sie hier mit der Umstellung auf einen nachhaltigen Anbau [&hellip;]","og_url":"https:\/\/biota.nu\/de\/biota-nutri-rechner-bronze\/","og_site_name":"Biota Nutri","article_modified_time":"2025-03-19T11:11:37+00:00","twitter_card":"summary_large_image","schema":{"@context":"https:\/\/schema.org","@graph":[{"@type":"WebPage","@id":"https:\/\/biota.nu\/de\/biota-nutri-rechner-bronze\/","url":"https:\/\/biota.nu\/de\/biota-nutri-rechner-bronze\/","name":"Biota Nutri-Rechner Bronze - Biota Nutri","isPartOf":{"@id":"https:\/\/biota.nu\/de\/#website"},"datePublished":"2024-03-12T09:39:41+00:00","dateModified":"2025-03-19T11:11:37+00:00","breadcrumb":{"@id":"https:\/\/biota.nu\/de\/biota-nutri-rechner-bronze\/#breadcrumb"},"inLanguage":"de","potentialAction":[{"@type":"ReadAction","target":["https:\/\/biota.nu\/de\/biota-nutri-rechner-bronze\/"]}]},{"@type":"BreadcrumbList","@id":"https:\/\/biota.nu\/de\/biota-nutri-rechner-bronze\/#breadcrumb","itemListElement":[{"@type":"ListItem","position":1,"name":"Home","item":"https:\/\/biota.nu\/de\/?page_id=10242"},{"@type":"ListItem","position":2,"name":"Biota Nutri-Rechner Bronze"}]},{"@type":"WebSite","@id":"https:\/\/biota.nu\/de\/#website","url":"https:\/\/biota.nu\/de\/","name":"Biota Nutri","description":"","publisher":{"@id":"https:\/\/biota.nu\/de\/#organization"},"potentialAction":[{"@type":"SearchAction","target":{"@type":"EntryPoint","urlTemplate":"https:\/\/biota.nu\/de\/?s={search_term_string}"},"query-input":{"@type":"PropertyValueSpecification","valueRequired":true,"valueName":"search_term_string"}}],"inLanguage":"de"},{"@type":"Organization","@id":"https:\/\/biota.nu\/de\/#organization","name":"Biota Nutri","url":"https:\/\/biota.nu\/de\/","logo":{"@type":"ImageObject","inLanguage":"de","@id":"https:\/\/biota.nu\/de\/#\/schema\/logo\/image\/","url":"https:\/\/biota.nu\/wp-content\/uploads\/Biota-Nutri-R.png","contentUrl":"https:\/\/biota.nu\/wp-content\/uploads\/Biota-Nutri-R.png","width":300,"height":220,"caption":"Biota Nutri"},"image":{"@id":"https:\/\/biota.nu\/de\/#\/schema\/logo\/image\/"}}]}},"acf":[],"_links":{"self":[{"href":"https:\/\/biota.nu\/de\/wp-json\/wp\/v2\/pages\/11080","targetHints":{"allow":["GET"]}}],"collection":[{"href":"https:\/\/biota.nu\/de\/wp-json\/wp\/v2\/pages"}],"about":[{"href":"https:\/\/biota.nu\/de\/wp-json\/wp\/v2\/types\/page"}],"author":[{"embeddable":true,"href":"https:\/\/biota.nu\/de\/wp-json\/wp\/v2\/users\/1"}],"replies":[{"embeddable":true,"href":"https:\/\/biota.nu\/de\/wp-json\/wp\/v2\/comments?post=11080"}],"version-history":[{"count":2,"href":"https:\/\/biota.nu\/de\/wp-json\/wp\/v2\/pages\/11080\/revisions"}],"predecessor-version":[{"id":11082,"href":"https:\/\/biota.nu\/de\/wp-json\/wp\/v2\/pages\/11080\/revisions\/11082"}],"wp:attachment":[{"href":"https:\/\/biota.nu\/de\/wp-json\/wp\/v2\/media?parent=11080"}],"curies":[{"name":"wp","href":"https:\/\/api.w.org\/{rel}","templated":true}]}}