{"id":11100,"date":"2024-03-16T14:55:12","date_gmt":"2024-03-16T14:55:12","guid":{"rendered":"https:\/\/biota.nu\/biota-nutri-rechner-silber\/"},"modified":"2025-03-19T11:11:43","modified_gmt":"2025-03-19T11:11:43","slug":"biota-nutri-rechner-silber","status":"publish","type":"page","link":"https:\/\/biota.nu\/de\/biota-nutri-rechner-silber\/","title":{"rendered":"Biota Nutri-Rechner Silber"},"content":{"rendered":"\n<h1 class=\"wp-block-heading\">Biota Nutri Biota Nutri-Rechner Silber<\/h1>\n\n<p>Mit dem Biota Nutri Calculator Silver Abonnement k\u00f6nnen Sie ma\u00dfgeschneiderte D\u00fcngerrezepte mit berechnen:<\/p>\n\n<ul class=\"wp-block-list\">\n<li>Biota Nutri D\u00fcnger<\/li>\n\n\n\n<li>Organische D\u00fcngemittel<\/li>\n\n\n\n<li>Anorganische D\u00fcngemittel<\/li>\n<\/ul>\n\n<p>Beginnen Sie hier mit der Umstellung auf einen nachhaltigen Anbau Ihrer Nutzpflanzen.<\/p>\n\n<p>Kaufen Sie hier, um Zugang zum Biota Nutri Calculator Silver zu erhalten.<\/p>\n\n<div class=\"wp-block-group is-layout-constrained wp-block-group-is-layout-constrained\">\n<iframe loading=\"lazy\" height=\"500px\" width=\"100%\" frameborder=\"0\" allowtransparency=\"true\" scrolling=\"auto\" src=\"https:\/\/creatorapp.zohopublic.eu\/zoho_rick22\/tax-integrated-checkout\/form-embed\/P_M_input_form\/PbzZ22yk35vGKpMO85jxfnWW5HZYRt13KbEFdXePsyZjEpmPakW6KpNd9bOQhkrTxyJ5N4RvbB50Anmun7xFkBKFdW0pW7WOC8ey\"><\/iframe>\n<\/div>\n","protected":false},"excerpt":{"rendered":"<p>Biota Nutri Biota Nutri-Rechner Silber Mit dem Biota Nutri Calculator Silver Abonnement k\u00f6nnen Sie ma\u00dfgeschneiderte D\u00fcngerrezepte mit berechnen: Beginnen Sie hier mit der Umstellung auf [&hellip;]<\/p>\n","protected":false},"author":1,"featured_media":0,"parent":0,"menu_order":0,"comment_status":"closed","ping_status":"closed","template":"","meta":{"footnotes":""},"class_list":["post-11100","page","type-page","status-publish","hentry"],"yoast_head":"<!-- This site is optimized with the Yoast SEO plugin v27.3 - https:\/\/yoast.com\/product\/yoast-seo-wordpress\/ -->\n<title>Biota Nutri-Rechner Silber - Biota Nutri<\/title>\n<meta name=\"robots\" content=\"index, follow, max-snippet:-1, max-image-preview:large, max-video-preview:-1\" \/>\n<link rel=\"canonical\" href=\"https:\/\/biota.nu\/de\/biota-nutri-rechner-silber\/\" \/>\n<meta property=\"og:locale\" content=\"de_DE\" \/>\n<meta property=\"og:type\" content=\"article\" \/>\n<meta property=\"og:title\" content=\"Biota Nutri-Rechner Silber - Biota Nutri\" \/>\n<meta property=\"og:description\" content=\"Biota Nutri Biota Nutri-Rechner Silber Mit dem Biota Nutri Calculator Silver Abonnement k\u00f6nnen Sie ma\u00dfgeschneiderte D\u00fcngerrezepte mit berechnen: Beginnen Sie hier mit der Umstellung auf [&hellip;]\" \/>\n<meta property=\"og:url\" content=\"https:\/\/biota.nu\/de\/biota-nutri-rechner-silber\/\" \/>\n<meta property=\"og:site_name\" content=\"Biota Nutri\" \/>\n<meta property=\"article:modified_time\" content=\"2025-03-19T11:11:43+00:00\" \/>\n<meta name=\"twitter:card\" content=\"summary_large_image\" \/>\n<script type=\"application\/ld+json\" class=\"yoast-schema-graph\">{\"@context\":\"https:\\\/\\\/schema.org\",\"@graph\":[{\"@type\":\"WebPage\",\"@id\":\"https:\\\/\\\/biota.nu\\\/de\\\/biota-nutri-rechner-silber\\\/\",\"url\":\"https:\\\/\\\/biota.nu\\\/de\\\/biota-nutri-rechner-silber\\\/\",\"name\":\"Biota Nutri-Rechner Silber - Biota Nutri\",\"isPartOf\":{\"@id\":\"https:\\\/\\\/biota.nu\\\/de\\\/#website\"},\"datePublished\":\"2024-03-16T14:55:12+00:00\",\"dateModified\":\"2025-03-19T11:11:43+00:00\",\"breadcrumb\":{\"@id\":\"https:\\\/\\\/biota.nu\\\/de\\\/biota-nutri-rechner-silber\\\/#breadcrumb\"},\"inLanguage\":\"de\",\"potentialAction\":[{\"@type\":\"ReadAction\",\"target\":[\"https:\\\/\\\/biota.nu\\\/de\\\/biota-nutri-rechner-silber\\\/\"]}]},{\"@type\":\"BreadcrumbList\",\"@id\":\"https:\\\/\\\/biota.nu\\\/de\\\/biota-nutri-rechner-silber\\\/#breadcrumb\",\"itemListElement\":[{\"@type\":\"ListItem\",\"position\":1,\"name\":\"Home\",\"item\":\"https:\\\/\\\/biota.nu\\\/de\\\/?page_id=10242\"},{\"@type\":\"ListItem\",\"position\":2,\"name\":\"Biota Nutri-Rechner Silber\"}]},{\"@type\":\"WebSite\",\"@id\":\"https:\\\/\\\/biota.nu\\\/de\\\/#website\",\"url\":\"https:\\\/\\\/biota.nu\\\/de\\\/\",\"name\":\"Biota Nutri\",\"description\":\"\",\"publisher\":{\"@id\":\"https:\\\/\\\/biota.nu\\\/de\\\/#organization\"},\"potentialAction\":[{\"@type\":\"SearchAction\",\"target\":{\"@type\":\"EntryPoint\",\"urlTemplate\":\"https:\\\/\\\/biota.nu\\\/de\\\/?s={search_term_string}\"},\"query-input\":{\"@type\":\"PropertyValueSpecification\",\"valueRequired\":true,\"valueName\":\"search_term_string\"}}],\"inLanguage\":\"de\"},{\"@type\":\"Organization\",\"@id\":\"https:\\\/\\\/biota.nu\\\/de\\\/#organization\",\"name\":\"Biota Nutri\",\"url\":\"https:\\\/\\\/biota.nu\\\/de\\\/\",\"logo\":{\"@type\":\"ImageObject\",\"inLanguage\":\"de\",\"@id\":\"https:\\\/\\\/biota.nu\\\/de\\\/#\\\/schema\\\/logo\\\/image\\\/\",\"url\":\"https:\\\/\\\/biota.nu\\\/wp-content\\\/uploads\\\/Biota-Nutri-R.png\",\"contentUrl\":\"https:\\\/\\\/biota.nu\\\/wp-content\\\/uploads\\\/Biota-Nutri-R.png\",\"width\":300,\"height\":220,\"caption\":\"Biota Nutri\"},\"image\":{\"@id\":\"https:\\\/\\\/biota.nu\\\/de\\\/#\\\/schema\\\/logo\\\/image\\\/\"}}]}<\/script>\n<!-- \/ Yoast SEO plugin. -->","yoast_head_json":{"title":"Biota Nutri-Rechner Silber - Biota Nutri","robots":{"index":"index","follow":"follow","max-snippet":"max-snippet:-1","max-image-preview":"max-image-preview:large","max-video-preview":"max-video-preview:-1"},"canonical":"https:\/\/biota.nu\/de\/biota-nutri-rechner-silber\/","og_locale":"de_DE","og_type":"article","og_title":"Biota Nutri-Rechner Silber - Biota Nutri","og_description":"Biota Nutri Biota Nutri-Rechner Silber Mit dem Biota Nutri Calculator Silver Abonnement k\u00f6nnen Sie ma\u00dfgeschneiderte D\u00fcngerrezepte mit berechnen: Beginnen Sie hier mit der Umstellung auf [&hellip;]","og_url":"https:\/\/biota.nu\/de\/biota-nutri-rechner-silber\/","og_site_name":"Biota Nutri","article_modified_time":"2025-03-19T11:11:43+00:00","twitter_card":"summary_large_image","schema":{"@context":"https:\/\/schema.org","@graph":[{"@type":"WebPage","@id":"https:\/\/biota.nu\/de\/biota-nutri-rechner-silber\/","url":"https:\/\/biota.nu\/de\/biota-nutri-rechner-silber\/","name":"Biota Nutri-Rechner Silber - Biota Nutri","isPartOf":{"@id":"https:\/\/biota.nu\/de\/#website"},"datePublished":"2024-03-16T14:55:12+00:00","dateModified":"2025-03-19T11:11:43+00:00","breadcrumb":{"@id":"https:\/\/biota.nu\/de\/biota-nutri-rechner-silber\/#breadcrumb"},"inLanguage":"de","potentialAction":[{"@type":"ReadAction","target":["https:\/\/biota.nu\/de\/biota-nutri-rechner-silber\/"]}]},{"@type":"BreadcrumbList","@id":"https:\/\/biota.nu\/de\/biota-nutri-rechner-silber\/#breadcrumb","itemListElement":[{"@type":"ListItem","position":1,"name":"Home","item":"https:\/\/biota.nu\/de\/?page_id=10242"},{"@type":"ListItem","position":2,"name":"Biota Nutri-Rechner Silber"}]},{"@type":"WebSite","@id":"https:\/\/biota.nu\/de\/#website","url":"https:\/\/biota.nu\/de\/","name":"Biota Nutri","description":"","publisher":{"@id":"https:\/\/biota.nu\/de\/#organization"},"potentialAction":[{"@type":"SearchAction","target":{"@type":"EntryPoint","urlTemplate":"https:\/\/biota.nu\/de\/?s={search_term_string}"},"query-input":{"@type":"PropertyValueSpecification","valueRequired":true,"valueName":"search_term_string"}}],"inLanguage":"de"},{"@type":"Organization","@id":"https:\/\/biota.nu\/de\/#organization","name":"Biota Nutri","url":"https:\/\/biota.nu\/de\/","logo":{"@type":"ImageObject","inLanguage":"de","@id":"https:\/\/biota.nu\/de\/#\/schema\/logo\/image\/","url":"https:\/\/biota.nu\/wp-content\/uploads\/Biota-Nutri-R.png","contentUrl":"https:\/\/biota.nu\/wp-content\/uploads\/Biota-Nutri-R.png","width":300,"height":220,"caption":"Biota Nutri"},"image":{"@id":"https:\/\/biota.nu\/de\/#\/schema\/logo\/image\/"}}]}},"acf":[],"_links":{"self":[{"href":"https:\/\/biota.nu\/de\/wp-json\/wp\/v2\/pages\/11100","targetHints":{"allow":["GET"]}}],"collection":[{"href":"https:\/\/biota.nu\/de\/wp-json\/wp\/v2\/pages"}],"about":[{"href":"https:\/\/biota.nu\/de\/wp-json\/wp\/v2\/types\/page"}],"author":[{"embeddable":true,"href":"https:\/\/biota.nu\/de\/wp-json\/wp\/v2\/users\/1"}],"replies":[{"embeddable":true,"href":"https:\/\/biota.nu\/de\/wp-json\/wp\/v2\/comments?post=11100"}],"version-history":[{"count":2,"href":"https:\/\/biota.nu\/de\/wp-json\/wp\/v2\/pages\/11100\/revisions"}],"predecessor-version":[{"id":11102,"href":"https:\/\/biota.nu\/de\/wp-json\/wp\/v2\/pages\/11100\/revisions\/11102"}],"wp:attachment":[{"href":"https:\/\/biota.nu\/de\/wp-json\/wp\/v2\/media?parent=11100"}],"curies":[{"name":"wp","href":"https:\/\/api.w.org\/{rel}","templated":true}]}}