{"id":12074,"date":"2025-07-10T06:28:22","date_gmt":"2025-07-10T06:28:22","guid":{"rendered":"https:\/\/biota.nu\/nachhaltig-mit-biota\/"},"modified":"2026-02-10T13:17:58","modified_gmt":"2026-02-10T13:17:58","slug":"nachhaltig-mit-biota","status":"publish","type":"page","link":"https:\/\/biota.nu\/de\/nachhaltig-mit-biota\/","title":{"rendered":"Nachhaltig mit Biota"},"content":{"rendered":"\n<div class=\"banner alignfull wp-block-biota-nutri-banner\">\n    <img loading=\"lazy\" decoding=\"async\" src=\"https:\/\/biota.nu\/wp-content\/uploads\/Advice-1.jpeg\" width=\"2016\" height=\"870\" alt=\"\" \/>\n\n    <div class=\"acf-innerblocks-container\">\n\n<h1 class=\"wp-block-heading has-text-align-center has-gargantuan-font-size\" style=\"font-style:normal;font-weight:900\">Nachhaltiger Anbau mit Biota<\/h1>\n\n<\/div>\n\n    <svg xmlns=\"http:\/\/www.w3.org\/2000\/svg\" viewBox=\"0 0 1000 100\" preserveAspectRatio=\"none\">\n        <path d=\"M790.5,93.1c-59.3-5.3-116.8-18-192.6-50c-29.6-12.7-76.9-31-100.5-35.9c-23.6-4.9-52.6-7.8-75.5-5.3\n\tc-10.2,1.1-22.6,1.4-50.1,7.4c-27.2,6.3-58.2,16.6-79.4,24.7c-41.3,15.9-94.9,21.9-134,22.6C72,58.2,0,25.8,0,25.8V100h1000V65.3\n\tc0,0-51.5,19.4-106.2,25.7C839.5,97,814.1,95.2,790.5,93.1z\"><\/path>\n    <\/svg>\n<\/div>\n\n<h2 class=\"wp-block-heading has-text-align-center\">Unsere Top 3 Produkte<\/h2>\n\n<div class=\"wp-block-columns is-layout-flex wp-container-core-columns-is-layout-28f84493 wp-block-columns-is-layout-flex\">\n<div class=\"wp-block-column is-layout-flow wp-block-column-is-layout-flow\">\n<h3 class=\"wp-block-heading has-text-align-center\">Biota Eisen-Pulver 13%<\/h3>\n\n\n\n<figure class=\"wp-block-image aligncenter size-large is-resized\"><a href=\"https:\/\/biota.nu\/de\/produkt\/biota-eisen-pulver-13\/\"><img loading=\"lazy\" decoding=\"async\" width=\"736\" height=\"1024\" src=\"https:\/\/biota.nu\/wp-content\/uploads\/iron-powder-w-bowl-1-1-736x1024.png\" alt=\"\" class=\"wp-image-9154\" style=\"width:174px;height:auto\" srcset=\"https:\/\/biota.nu\/wp-content\/uploads\/iron-powder-w-bowl-1-1-736x1024.png 736w, https:\/\/biota.nu\/wp-content\/uploads\/iron-powder-w-bowl-1-1-216x300.png 216w, https:\/\/biota.nu\/wp-content\/uploads\/iron-powder-w-bowl-1-1-768x1069.png 768w, https:\/\/biota.nu\/wp-content\/uploads\/iron-powder-w-bowl-1-1-1104x1536.png 1104w, https:\/\/biota.nu\/wp-content\/uploads\/iron-powder-w-bowl-1-1-1472x2048.png 1472w, https:\/\/biota.nu\/wp-content\/uploads\/iron-powder-w-bowl-1-1-600x835.png 600w\" sizes=\"auto, (max-width: 736px) 100vw, 736px\" \/><\/a><\/figure>\n\n\n\n<div class=\"wp-block-buttons is-content-justification-center is-layout-flex wp-container-core-buttons-is-layout-a89b3969 wp-block-buttons-is-layout-flex\">\n<div class=\"wp-block-button\"><a class=\"wp-block-button__link wp-element-button\" href=\"https:\/\/biota.nu\/de\/produkt\/biota-eisen-pulver-13\/\">Produkt ansehen<\/a><\/div>\n<\/div>\n<\/div>\n\n\n\n<div class=\"wp-block-column is-layout-flow wp-block-column-is-layout-flow\">\n<h3 class=\"wp-block-heading has-text-align-center\">Biota Calcium 8%<\/h3>\n\n\n\n<figure class=\"wp-block-image aligncenter size-large is-resized\"><a href=\"https:\/\/biota.nu\/de\/produkt\/biota-calcium-8\/\"><img loading=\"lazy\" decoding=\"async\" width=\"1024\" height=\"1024\" src=\"https:\/\/biota.nu\/wp-content\/uploads\/IBC_dark-1024x1024.jpg\" alt=\"\" class=\"wp-image-286\" style=\"width:220px;height:auto\"\/><\/a><\/figure>\n\n\n\n<div class=\"wp-block-buttons is-content-justification-center is-layout-flex wp-container-core-buttons-is-layout-a89b3969 wp-block-buttons-is-layout-flex\">\n<div class=\"wp-block-button\"><a class=\"wp-block-button__link wp-element-button\" href=\"https:\/\/biota.nu\/de\/produkt\/biota-calcium-8\/\">Produkt ansehen<\/a><\/div>\n<\/div>\n<\/div>\n\n\n\n<div class=\"wp-block-column is-layout-flow wp-block-column-is-layout-flow\">\n<h3 class=\"wp-block-heading has-text-align-center\">Biota Nitro NK 3-0-0<\/h3>\n\n\n\n<figure class=\"wp-block-image aligncenter size-large is-resized\"><a href=\"https:\/\/biota.nu\/de\/produkt\/biota-nitro-nk-3-0-9\/\"><img loading=\"lazy\" decoding=\"async\" width=\"1024\" height=\"1024\" src=\"https:\/\/biota.nu\/wp-content\/uploads\/IBC_transparent-1024x1024.jpg\" alt=\"\" class=\"wp-image-9069\" style=\"width:233px;height:auto\" srcset=\"https:\/\/biota.nu\/wp-content\/uploads\/IBC_transparent-1024x1024.jpg 1024w, https:\/\/biota.nu\/wp-content\/uploads\/IBC_transparent-300x300.jpg 300w, https:\/\/biota.nu\/wp-content\/uploads\/IBC_transparent-150x150.jpg 150w, https:\/\/biota.nu\/wp-content\/uploads\/IBC_transparent-768x768.jpg 768w, https:\/\/biota.nu\/wp-content\/uploads\/IBC_transparent-600x600.jpg 600w, https:\/\/biota.nu\/wp-content\/uploads\/IBC_transparent-100x100.jpg 100w, https:\/\/biota.nu\/wp-content\/uploads\/IBC_transparent.jpg 1350w\" sizes=\"auto, (max-width: 1024px) 100vw, 1024px\" \/><\/a><\/figure>\n\n\n\n<div class=\"wp-block-buttons is-content-justification-center is-layout-flex wp-container-core-buttons-is-layout-a89b3969 wp-block-buttons-is-layout-flex\">\n<div class=\"wp-block-button\"><a class=\"wp-block-button__link wp-element-button\" href=\"https:\/\/biota.nu\/de\/produkt\/biota-nitro-nk-3-0-9\/\">Produkt ansehen<\/a><\/div>\n<\/div>\n<\/div>\n<\/div>\n\n<div class=\"wp-block-columns is-layout-flex wp-container-core-columns-is-layout-b92d8d0f wp-block-columns-is-layout-flex\" style=\"margin-bottom:6em\">\n<div class=\"wp-block-column is-vertically-aligned-center is-layout-flow wp-block-column-is-layout-flow\">\n<p><\/p>\n\n\n\n<figure class=\"wp-block-image size-full\"><img loading=\"lazy\" decoding=\"async\" width=\"807\" height=\"799\" src=\"https:\/\/biota.nu\/wp-content\/uploads\/Lettuce-Square.jpg\" alt=\"\" class=\"wp-image-8977\" style=\"aspect-ratio:3\/2;object-fit:cover\" srcset=\"https:\/\/biota.nu\/wp-content\/uploads\/Lettuce-Square.jpg 807w, https:\/\/biota.nu\/wp-content\/uploads\/Lettuce-Square-300x297.jpg 300w, https:\/\/biota.nu\/wp-content\/uploads\/Lettuce-Square-150x150.jpg 150w, https:\/\/biota.nu\/wp-content\/uploads\/Lettuce-Square-768x760.jpg 768w, https:\/\/biota.nu\/wp-content\/uploads\/Lettuce-Square-600x594.jpg 600w, https:\/\/biota.nu\/wp-content\/uploads\/Lettuce-Square-100x100.jpg 100w\" sizes=\"auto, (max-width: 807px) 100vw, 807px\" \/><\/figure>\n<\/div>\n\n\n\n<div class=\"wp-block-column is-vertically-aligned-center is-layout-flow wp-block-column-is-layout-flow\">\n<h2 class=\"wp-block-heading\">Was macht unsere Produkte nachhaltig?<\/h2>\n\n\n\n<p class=\"has-secondary-color has-text-color has-link-color has-medium-font-size wp-elements-f07e1ff373efe8c7a5eb4c397487958e\">Wir bei Biota glauben, dass gesunde Pflanzen mit einem gesunden Boden beginnen. Unsere biologischen Produkte sind so konzipiert, dass sie die nat\u00fcrlichen Prozesse in der Pflanze und im Boden stimulieren &#8211; ohne chemische R\u00fcckst\u00e4nde oder Auslaugung. Auf diese Weise helfen Sie nicht nur Ihrer Pflanze, sondern auch der Umwelt. Mit weniger Input und mehr Ergebnissen treffen Sie eine nachhaltige Entscheidung, die heute und morgen funktioniert.   <\/p>\n<\/div>\n<\/div>\n\n<div style=\"--inline-background-color: #6ab023; --inline-text-color: #FFFFFF;  margin-bottom:6em;\" class=\"wave-container has-image alignfull wp-block-biota-nutri-wave-container\">\n    <img loading=\"lazy\" decoding=\"async\" src=\"https:\/\/biota.nu\/wp-content\/uploads\/vertical-farm-Biota-Nutri-1-scaled-1.jpg\" width=\"2560\" height=\"1110\" alt=\"\" \/>\n\n    <div class=\"top-wave\">\n        <svg xmlns=\"http:\/\/www.w3.org\/2000\/svg\" viewBox=\"0 0 1000 100\" preserveAspectRatio=\"none\">\n            <path d=\"M421.9,6.5c22.6-2.5,51.5,0.4,75.5,5.3c23.6,4.9,70.9,23.5,100.5,35.7c75.8,32.2,133.7,44.5,192.6,49.7\n\tc23.6,2.1,48.7,3.5,103.4-2.5c54.7-6,106.2-25.6,106.2-25.6V0H0v30.3c0,0,72,32.6,158.4,30.5c39.2-0.7,92.8-6.7,134-22.4\n\tc21.2-8.1,52.2-18.2,79.7-24.2C399.3,7.9,411.6,7.5,421.9,6.5z\"><\/path>\n        <\/svg>\n    <\/div>\n\n    <div class=\"container\">\n        <div class=\"acf-innerblocks-container\">\n\n<div class=\"wp-block-columns is-layout-flex wp-container-core-columns-is-layout-3790eb01 wp-block-columns-is-layout-flex\">\n<div class=\"wp-block-column is-vertically-aligned-center is-layout-flow wp-block-column-is-layout-flow\">\n<h2 class=\"wp-block-heading\">Sind Sie bereit, mehr aus Ihrer Ernte herauszuholen?<\/h2>\n\n\n\n<p>Entdecken Sie, wie Biota Nutri Ihre Kulturpflanzen st\u00e4rkt und Ihre Ertr\u00e4ge verbessert &#8211; ohne Zugest\u00e4ndnisse. Sehen Sie sich die Produktpalette an oder fordern Sie eine unverbindliche Beratung f\u00fcr eine ma\u00dfgeschneiderte L\u00f6sung an. Rufen Sie  an. <strong><a href=\"tel:+31850475710\"><mark style=\"background-color:rgba(0, 0, 0, 0)\" class=\"has-inline-color has-white-color\">+31 85 047 5710<\/mark><\/a><\/strong> oder f\u00fcllen Sie das Formular auf der rechten Seite aus.  <\/p>\n<\/div>\n\n\n\n<div class=\"wp-block-column is-layout-flow wp-block-column-is-layout-flow\">\n<div class=\"form align wp-block-biota-nutri-form\">\n    <div class=\"title\">Senden Sie eine Nachricht<\/div>\n    \n<div class=\"wpcf7 no-js\" id=\"wpcf7-f10451-o1\" lang=\"de-DE\" dir=\"ltr\" data-wpcf7-id=\"10451\">\n<div class=\"screen-reader-response\"><p role=\"status\" aria-live=\"polite\" aria-atomic=\"true\"><\/p> <ul><\/ul><\/div>\n<form action=\"\/de\/wp-json\/wp\/v2\/pages\/12074#wpcf7-f10451-o1\" method=\"post\" class=\"wpcf7-form init\" aria-label=\"Kontaktformular\" novalidate=\"novalidate\" data-status=\"init\">\n<fieldset class=\"hidden-fields-container\"><input type=\"hidden\" name=\"_wpcf7\" value=\"10451\" \/><input type=\"hidden\" name=\"_wpcf7_version\" value=\"6.1.5\" \/><input type=\"hidden\" name=\"_wpcf7_locale\" value=\"de_DE\" \/><input type=\"hidden\" name=\"_wpcf7_unit_tag\" value=\"wpcf7-f10451-o1\" \/><input type=\"hidden\" name=\"_wpcf7_container_post\" value=\"0\" \/><input type=\"hidden\" name=\"_wpcf7_posted_data_hash\" value=\"\" \/>\n<\/fieldset>\n<p><span class=\"wpcf7-form-control-wrap\" data-name=\"your-company-name\"><input size=\"40\" maxlength=\"400\" class=\"wpcf7-form-control wpcf7-text wpcf7-validates-as-required\" aria-required=\"true\" aria-invalid=\"false\" placeholder=\"Name des Unternehmens\" value=\"\" type=\"text\" name=\"your-company-name\" \/><\/span>\n<\/p>\n<p><span class=\"wpcf7-form-control-wrap\" data-name=\"your-name\"><input size=\"40\" maxlength=\"400\" class=\"wpcf7-form-control wpcf7-text wpcf7-validates-as-required\" aria-required=\"true\" aria-invalid=\"false\" placeholder=\"Name\" value=\"\" type=\"text\" name=\"your-name\" \/><\/span>\n<\/p>\n<p><span class=\"wpcf7-form-control-wrap\" data-name=\"your-email\"><input size=\"40\" maxlength=\"400\" class=\"wpcf7-form-control wpcf7-email wpcf7-validates-as-required wpcf7-text wpcf7-validates-as-email\" aria-required=\"true\" aria-invalid=\"false\" placeholder=\"E-Mail\" value=\"\" type=\"email\" name=\"your-email\" \/><\/span>\n<\/p>\n<p><span class=\"wpcf7-form-control-wrap\" data-name=\"your-telephone\"><input size=\"40\" maxlength=\"400\" class=\"wpcf7-form-control wpcf7-tel wpcf7-text wpcf7-validates-as-tel\" aria-invalid=\"false\" placeholder=\"Telefonnummer (optional)\" value=\"\" type=\"tel\" name=\"your-telephone\" \/><\/span>\n<\/p>\n<p><span class=\"wpcf7-form-control-wrap\" data-name=\"your-country\"><input size=\"40\" maxlength=\"400\" class=\"wpcf7-form-control wpcf7-text\" aria-invalid=\"false\" placeholder=\"Land (optional)\" value=\"\" type=\"text\" name=\"your-country\" \/><\/span>\n<\/p>\n<p><span class=\"wpcf7-form-control-wrap\" data-name=\"your-message\"><textarea cols=\"40\" rows=\"5\" maxlength=\"2000\" class=\"wpcf7-form-control wpcf7-textarea wpcf7-validates-as-required\" aria-required=\"true\" aria-invalid=\"false\" placeholder=\"Nachricht\" name=\"your-message\"><\/textarea><\/span>\n<\/p>\n<p><div id=\"cf7sr-69dec26b49f49\" class=\"cf7sr-g-recaptcha\" data-theme=\"light\" data-type=\"image\" data-size=\"normal\" data-sitekey=\"6LdiebcqAAAAABqP8pDJmnGpol_5wA1OIDUfitLV\"><\/div><span class=\"wpcf7-form-control-wrap cf7sr-recaptcha\" data-name=\"cf7sr-recaptcha\"><input type=\"hidden\" name=\"cf7sr-recaptcha\" value=\"\" class=\"wpcf7-form-control\"><\/span>\n<\/p>\n<p><input class=\"wpcf7-form-control wpcf7-submit has-spinner\" type=\"submit\" value=\"Einreichen\" \/>\n<\/p><div class=\"wpcf7-response-output\" aria-hidden=\"true\"><\/div>\n<\/form>\n<\/div>\n<\/div>\n<\/div>\n<\/div>\n\n<\/div>\n    <\/div>\n\n    <div class=\"bottom-wave\">\n        <svg xmlns=\"http:\/\/www.w3.org\/2000\/svg\" viewBox=\"0 0 1000 100\" preserveAspectRatio=\"none\">\n            <path d=\"M421.9,6.5c22.6-2.5,51.5,0.4,75.5,5.3c23.6,4.9,70.9,23.5,100.5,35.7c75.8,32.2,133.7,44.5,192.6,49.7\n\tc23.6,2.1,48.7,3.5,103.4-2.5c54.7-6,106.2-25.6,106.2-25.6V0H0v30.3c0,0,72,32.6,158.4,30.5c39.2-0.7,92.8-6.7,134-22.4\n\tc21.2-8.1,52.2-18.2,79.7-24.2C399.3,7.9,411.6,7.5,421.9,6.5z\"><\/path>\n        <\/svg>\n    <\/div>\n<\/div>\n","protected":false},"excerpt":{"rendered":"<p>Unsere Top 3 Produkte Biota Eisen-Pulver 13% Biota Calcium 8% Biota Nitro NK 3-0-0 Was macht unsere Produkte nachhaltig? Wir bei Biota glauben, dass gesunde [&hellip;]<\/p>\n","protected":false},"author":4,"featured_media":0,"parent":0,"menu_order":0,"comment_status":"closed","ping_status":"closed","template":"","meta":{"footnotes":""},"class_list":["post-12074","page","type-page","status-publish","hentry"],"yoast_head":"<!-- This site is optimized with the Yoast SEO plugin v27.4 - https:\/\/yoast.com\/product\/yoast-seo-wordpress\/ -->\n<title>Nachhaltiger Anbau beginnt hier! - %<\/title>\n<meta name=\"description\" content=\"Wir bei Biota glauben, dass gesunde Pflanzen mit einem gesunden Boden beginnen. Sind Sie bereit, nachhaltig zu wachsen? Wir helfen Ihnen weiter!\" \/>\n<meta name=\"robots\" content=\"index, follow, max-snippet:-1, max-image-preview:large, max-video-preview:-1\" \/>\n<link rel=\"canonical\" href=\"https:\/\/biota.nu\/de\/nachhaltig-mit-biota\/\" \/>\n<meta property=\"og:locale\" content=\"de_DE\" \/>\n<meta property=\"og:type\" content=\"article\" \/>\n<meta property=\"og:title\" content=\"Nachhaltiger Anbau beginnt hier! - %\" \/>\n<meta property=\"og:description\" content=\"Wir bei Biota glauben, dass gesunde Pflanzen mit einem gesunden Boden beginnen. Sind Sie bereit, nachhaltig zu wachsen? Wir helfen Ihnen weiter!\" \/>\n<meta property=\"og:url\" content=\"https:\/\/biota.nu\/de\/nachhaltig-mit-biota\/\" \/>\n<meta property=\"og:site_name\" content=\"Biota Nutri\" \/>\n<meta property=\"article:modified_time\" content=\"2026-02-10T13:17:58+00:00\" \/>\n<meta property=\"og:image\" content=\"https:\/\/biota.nu\/wp-content\/uploads\/iron-powder-w-bowl-1-1-736x1024.png\" \/>\n<meta name=\"twitter:card\" content=\"summary_large_image\" \/>\n<meta name=\"twitter:label1\" content=\"Gesch\u00e4tzte Lesezeit\" \/>\n\t<meta name=\"twitter:data1\" content=\"1\u00a0Minute\" \/>\n<script type=\"application\/ld+json\" class=\"yoast-schema-graph\">{\"@context\":\"https:\\\/\\\/schema.org\",\"@graph\":[{\"@type\":\"WebPage\",\"@id\":\"https:\\\/\\\/biota.nu\\\/de\\\/nachhaltig-mit-biota\\\/\",\"url\":\"https:\\\/\\\/biota.nu\\\/de\\\/nachhaltig-mit-biota\\\/\",\"name\":\"Nachhaltiger Anbau beginnt hier! - %\",\"isPartOf\":{\"@id\":\"https:\\\/\\\/biota.nu\\\/de\\\/#website\"},\"primaryImageOfPage\":{\"@id\":\"https:\\\/\\\/biota.nu\\\/de\\\/nachhaltig-mit-biota\\\/#primaryimage\"},\"image\":{\"@id\":\"https:\\\/\\\/biota.nu\\\/de\\\/nachhaltig-mit-biota\\\/#primaryimage\"},\"thumbnailUrl\":\"https:\\\/\\\/biota.nu\\\/wp-content\\\/uploads\\\/iron-powder-w-bowl-1-1-736x1024.png\",\"datePublished\":\"2025-07-10T06:28:22+00:00\",\"dateModified\":\"2026-02-10T13:17:58+00:00\",\"description\":\"Wir bei Biota glauben, dass gesunde Pflanzen mit einem gesunden Boden beginnen. Sind Sie bereit, nachhaltig zu wachsen? Wir helfen Ihnen weiter!\",\"breadcrumb\":{\"@id\":\"https:\\\/\\\/biota.nu\\\/de\\\/nachhaltig-mit-biota\\\/#breadcrumb\"},\"inLanguage\":\"de\",\"potentialAction\":[{\"@type\":\"ReadAction\",\"target\":[\"https:\\\/\\\/biota.nu\\\/de\\\/nachhaltig-mit-biota\\\/\"]}]},{\"@type\":\"ImageObject\",\"inLanguage\":\"de\",\"@id\":\"https:\\\/\\\/biota.nu\\\/de\\\/nachhaltig-mit-biota\\\/#primaryimage\",\"url\":\"https:\\\/\\\/biota.nu\\\/wp-content\\\/uploads\\\/iron-powder-w-bowl-1-1-736x1024.png\",\"contentUrl\":\"https:\\\/\\\/biota.nu\\\/wp-content\\\/uploads\\\/iron-powder-w-bowl-1-1-736x1024.png\"},{\"@type\":\"BreadcrumbList\",\"@id\":\"https:\\\/\\\/biota.nu\\\/de\\\/nachhaltig-mit-biota\\\/#breadcrumb\",\"itemListElement\":[{\"@type\":\"ListItem\",\"position\":1,\"name\":\"Home\",\"item\":\"https:\\\/\\\/biota.nu\\\/de\\\/?page_id=10242\"},{\"@type\":\"ListItem\",\"position\":2,\"name\":\"Nachhaltig mit Biota\"}]},{\"@type\":\"WebSite\",\"@id\":\"https:\\\/\\\/biota.nu\\\/de\\\/#website\",\"url\":\"https:\\\/\\\/biota.nu\\\/de\\\/\",\"name\":\"Biota Nutri\",\"description\":\"\",\"publisher\":{\"@id\":\"https:\\\/\\\/biota.nu\\\/de\\\/#organization\"},\"potentialAction\":[{\"@type\":\"SearchAction\",\"target\":{\"@type\":\"EntryPoint\",\"urlTemplate\":\"https:\\\/\\\/biota.nu\\\/de\\\/?s={search_term_string}\"},\"query-input\":{\"@type\":\"PropertyValueSpecification\",\"valueRequired\":true,\"valueName\":\"search_term_string\"}}],\"inLanguage\":\"de\"},{\"@type\":\"Organization\",\"@id\":\"https:\\\/\\\/biota.nu\\\/de\\\/#organization\",\"name\":\"Biota Nutri\",\"url\":\"https:\\\/\\\/biota.nu\\\/de\\\/\",\"logo\":{\"@type\":\"ImageObject\",\"inLanguage\":\"de\",\"@id\":\"https:\\\/\\\/biota.nu\\\/de\\\/#\\\/schema\\\/logo\\\/image\\\/\",\"url\":\"https:\\\/\\\/biota.nu\\\/wp-content\\\/uploads\\\/Biota-Nutri-R.png\",\"contentUrl\":\"https:\\\/\\\/biota.nu\\\/wp-content\\\/uploads\\\/Biota-Nutri-R.png\",\"width\":300,\"height\":220,\"caption\":\"Biota Nutri\"},\"image\":{\"@id\":\"https:\\\/\\\/biota.nu\\\/de\\\/#\\\/schema\\\/logo\\\/image\\\/\"}}]}<\/script>\n<!-- \/ Yoast SEO plugin. -->","yoast_head_json":{"title":"Nachhaltiger Anbau beginnt hier! - %","description":"Wir bei Biota glauben, dass gesunde Pflanzen mit einem gesunden Boden beginnen. Sind Sie bereit, nachhaltig zu wachsen? Wir helfen Ihnen weiter!","robots":{"index":"index","follow":"follow","max-snippet":"max-snippet:-1","max-image-preview":"max-image-preview:large","max-video-preview":"max-video-preview:-1"},"canonical":"https:\/\/biota.nu\/de\/nachhaltig-mit-biota\/","og_locale":"de_DE","og_type":"article","og_title":"Nachhaltiger Anbau beginnt hier! - %","og_description":"Wir bei Biota glauben, dass gesunde Pflanzen mit einem gesunden Boden beginnen. Sind Sie bereit, nachhaltig zu wachsen? Wir helfen Ihnen weiter!","og_url":"https:\/\/biota.nu\/de\/nachhaltig-mit-biota\/","og_site_name":"Biota Nutri","article_modified_time":"2026-02-10T13:17:58+00:00","og_image":[{"url":"https:\/\/biota.nu\/wp-content\/uploads\/iron-powder-w-bowl-1-1-736x1024.png","type":"","width":"","height":""}],"twitter_card":"summary_large_image","twitter_misc":{"Gesch\u00e4tzte Lesezeit":"1\u00a0Minute"},"schema":{"@context":"https:\/\/schema.org","@graph":[{"@type":"WebPage","@id":"https:\/\/biota.nu\/de\/nachhaltig-mit-biota\/","url":"https:\/\/biota.nu\/de\/nachhaltig-mit-biota\/","name":"Nachhaltiger Anbau beginnt hier! - %","isPartOf":{"@id":"https:\/\/biota.nu\/de\/#website"},"primaryImageOfPage":{"@id":"https:\/\/biota.nu\/de\/nachhaltig-mit-biota\/#primaryimage"},"image":{"@id":"https:\/\/biota.nu\/de\/nachhaltig-mit-biota\/#primaryimage"},"thumbnailUrl":"https:\/\/biota.nu\/wp-content\/uploads\/iron-powder-w-bowl-1-1-736x1024.png","datePublished":"2025-07-10T06:28:22+00:00","dateModified":"2026-02-10T13:17:58+00:00","description":"Wir bei Biota glauben, dass gesunde Pflanzen mit einem gesunden Boden beginnen. Sind Sie bereit, nachhaltig zu wachsen? Wir helfen Ihnen weiter!","breadcrumb":{"@id":"https:\/\/biota.nu\/de\/nachhaltig-mit-biota\/#breadcrumb"},"inLanguage":"de","potentialAction":[{"@type":"ReadAction","target":["https:\/\/biota.nu\/de\/nachhaltig-mit-biota\/"]}]},{"@type":"ImageObject","inLanguage":"de","@id":"https:\/\/biota.nu\/de\/nachhaltig-mit-biota\/#primaryimage","url":"https:\/\/biota.nu\/wp-content\/uploads\/iron-powder-w-bowl-1-1-736x1024.png","contentUrl":"https:\/\/biota.nu\/wp-content\/uploads\/iron-powder-w-bowl-1-1-736x1024.png"},{"@type":"BreadcrumbList","@id":"https:\/\/biota.nu\/de\/nachhaltig-mit-biota\/#breadcrumb","itemListElement":[{"@type":"ListItem","position":1,"name":"Home","item":"https:\/\/biota.nu\/de\/?page_id=10242"},{"@type":"ListItem","position":2,"name":"Nachhaltig mit Biota"}]},{"@type":"WebSite","@id":"https:\/\/biota.nu\/de\/#website","url":"https:\/\/biota.nu\/de\/","name":"Biota Nutri","description":"","publisher":{"@id":"https:\/\/biota.nu\/de\/#organization"},"potentialAction":[{"@type":"SearchAction","target":{"@type":"EntryPoint","urlTemplate":"https:\/\/biota.nu\/de\/?s={search_term_string}"},"query-input":{"@type":"PropertyValueSpecification","valueRequired":true,"valueName":"search_term_string"}}],"inLanguage":"de"},{"@type":"Organization","@id":"https:\/\/biota.nu\/de\/#organization","name":"Biota Nutri","url":"https:\/\/biota.nu\/de\/","logo":{"@type":"ImageObject","inLanguage":"de","@id":"https:\/\/biota.nu\/de\/#\/schema\/logo\/image\/","url":"https:\/\/biota.nu\/wp-content\/uploads\/Biota-Nutri-R.png","contentUrl":"https:\/\/biota.nu\/wp-content\/uploads\/Biota-Nutri-R.png","width":300,"height":220,"caption":"Biota Nutri"},"image":{"@id":"https:\/\/biota.nu\/de\/#\/schema\/logo\/image\/"}}]}},"acf":[],"_links":{"self":[{"href":"https:\/\/biota.nu\/de\/wp-json\/wp\/v2\/pages\/12074","targetHints":{"allow":["GET"]}}],"collection":[{"href":"https:\/\/biota.nu\/de\/wp-json\/wp\/v2\/pages"}],"about":[{"href":"https:\/\/biota.nu\/de\/wp-json\/wp\/v2\/types\/page"}],"author":[{"embeddable":true,"href":"https:\/\/biota.nu\/de\/wp-json\/wp\/v2\/users\/4"}],"replies":[{"embeddable":true,"href":"https:\/\/biota.nu\/de\/wp-json\/wp\/v2\/comments?post=12074"}],"version-history":[{"count":1,"href":"https:\/\/biota.nu\/de\/wp-json\/wp\/v2\/pages\/12074\/revisions"}],"predecessor-version":[{"id":12075,"href":"https:\/\/biota.nu\/de\/wp-json\/wp\/v2\/pages\/12074\/revisions\/12075"}],"wp:attachment":[{"href":"https:\/\/biota.nu\/de\/wp-json\/wp\/v2\/media?parent=12074"}],"curies":[{"name":"wp","href":"https:\/\/api.w.org\/{rel}","templated":true}]}}