{"id":12209,"date":"2026-02-10T14:48:26","date_gmt":"2026-02-10T14:48:26","guid":{"rendered":"https:\/\/biota.nu\/test-zum-oekologischen-landbau\/"},"modified":"2026-02-27T07:26:50","modified_gmt":"2026-02-27T07:26:50","slug":"test-zum-oekologischen-landbau","status":"publish","type":"page","link":"https:\/\/biota.nu\/de\/test-zum-oekologischen-landbau\/","title":{"rendered":"\u00d6kologische Landwirtschaft"},"content":{"rendered":"\n<div class=\"banner alignfull wp-block-biota-nutri-banner\">\n    <img loading=\"lazy\" decoding=\"async\" src=\"https:\/\/biota.nu\/wp-content\/uploads\/vertical-farm-Biota-Nutri-2-scaled-1.jpg\" width=\"2560\" height=\"1110\" alt=\"\" \/>\n\n    <div class=\"acf-innerblocks-container\">\n\n<h1 class=\"wp-block-heading has-text-align-center has-gargantuan-font-size\" style=\"font-style:normal;font-weight:900\">\u00d6kologische Landwirtschaft<\/h1>\n\n<\/div>\n\n    <svg xmlns=\"http:\/\/www.w3.org\/2000\/svg\" viewBox=\"0 0 1000 100\" preserveAspectRatio=\"none\">\n        <path d=\"M790.5,93.1c-59.3-5.3-116.8-18-192.6-50c-29.6-12.7-76.9-31-100.5-35.9c-23.6-4.9-52.6-7.8-75.5-5.3\n\tc-10.2,1.1-22.6,1.4-50.1,7.4c-27.2,6.3-58.2,16.6-79.4,24.7c-41.3,15.9-94.9,21.9-134,22.6C72,58.2,0,25.8,0,25.8V100h1000V65.3\n\tc0,0-51.5,19.4-106.2,25.7C839.5,97,814.1,95.2,790.5,93.1z\"><\/path>\n    <\/svg>\n<\/div>\n\n<h2 class=\"wp-block-heading has-text-align-left\">Unterst\u00fctzung von nat\u00fcrlichem Wachstum und Widerstandsf\u00e4higkeit<\/h2>\n\n<p>Sind Sie im \u00f6kologischen Anbau mit einer begrenzten N\u00e4hrstoffverf\u00fcgbarkeit oder einer erh\u00f6hten Anf\u00e4lligkeit f\u00fcr Stress konfrontiert? Als \u00f6kologischer Landwirt arbeiten Sie mit einer Vision, die sich auf die Gesundheit der Pflanzen, das Bodenleben und das nat\u00fcrliche Gleichgewicht konzentriert. Biota Nutri bietet nachhaltige L\u00f6sungen, die diese Prozesse unterst\u00fctzen, ohne die nat\u00fcrlichen Anbauprinzipien zu st\u00f6ren.  <\/p>\n\n<p>Unsere Produkte helfen den Pflanzen, die verf\u00fcgbaren N\u00e4hrstoffe effizienter zu nutzen. Durch leicht aufnehmbare Formulierungen unterst\u00fctzen wir die nat\u00fcrlichen Wachstumsprozesse, insbesondere bei wechselnden Bodenbedingungen und Stresssituationen wie K\u00e4lte, Trockenheit oder erh\u00f6htem Krankheitsdruck. <\/p>\n\n<h2 class=\"wp-block-heading has-text-align-left\">Anwendungen im \u00f6kologischen Anbau<\/h2>\n\n<div class=\"wp-block-columns is-layout-flex wp-container-core-columns-is-layout-28f84493 wp-block-columns-is-layout-flex\">\n<div class=\"wp-block-column is-layout-flow wp-block-column-is-layout-flow\">\n<ul class=\"wp-block-list\">\n<li>Gew\u00e4chshausanbau: vor Beginn der Kultur und in der Untersetzerphase, damit die Pflanze an Kraft gewinnt<\/li>\n\n\n\n<li>Gartenbau: zur F\u00f6rderung von Wachstum, Qualit\u00e4t und Einheitlichkeit bei Intensivkulturen<\/li>\n\n\n\n<li>Landwirtschaft: f\u00fcr einen guten Start, wenn die Bodentemperatur noch zu niedrig ist, und ideal zur Anpassung<\/li>\n\n\n\n<li>Baumpflege: zur gezielten Korrektur von M\u00e4ngeln und zur F\u00f6rderung der Widerstandsf\u00e4higkeit und Wurzelaktivit\u00e4t<\/li>\n\n\n\n<li>Offene \u00f6kologische Kulturen: bessere N\u00e4hrstoffausnutzung bei begrenzter Verf\u00fcgbarkeit<\/li>\n\n\n\n<li>Stressmomente: Unterst\u00fctzung der Widerstandsf\u00e4higkeit von Pflanzen bei nat\u00fcrlichen Stressfaktoren<\/li>\n<\/ul>\n\n\n\n<p><\/p>\n<\/div>\n\n\n\n<div class=\"wp-block-column is-layout-flow wp-block-column-is-layout-flow\">\n<figure class=\"wp-block-image size-large is-resized\"><img loading=\"lazy\" decoding=\"async\" width=\"1024\" height=\"444\" src=\"https:\/\/biota.nu\/wp-content\/uploads\/vertical-farm-Biota-Nutri-2-scaled-1-1024x444.jpg\" alt=\"\" class=\"wp-image-9431\" style=\"width:417px;height:auto\" srcset=\"https:\/\/biota.nu\/wp-content\/uploads\/vertical-farm-Biota-Nutri-2-scaled-1-1024x444.jpg 1024w, https:\/\/biota.nu\/wp-content\/uploads\/vertical-farm-Biota-Nutri-2-scaled-1-300x130.jpg 300w, https:\/\/biota.nu\/wp-content\/uploads\/vertical-farm-Biota-Nutri-2-scaled-1-768x333.jpg 768w, https:\/\/biota.nu\/wp-content\/uploads\/vertical-farm-Biota-Nutri-2-scaled-1-1536x666.jpg 1536w, https:\/\/biota.nu\/wp-content\/uploads\/vertical-farm-Biota-Nutri-2-scaled-1-2048x888.jpg 2048w, https:\/\/biota.nu\/wp-content\/uploads\/vertical-farm-Biota-Nutri-2-scaled-1-600x260.jpg 600w\" sizes=\"auto, (max-width: 1024px) 100vw, 1024px\" \/><\/figure>\n<\/div>\n<\/div>\n\n<p class=\"has-text-align-center\"><\/p>\n\n<div style=\"--inline-background-color: #6ab023; --inline-text-color: #FFFFFF;  margin-top:6em;margin-bottom:6em;\" class=\"wave-container alignfull wp-block-biota-nutri-wave-container\">\n    <img decoding=\"async\" src=\"\" width=\"\" height=\"\" alt=\"\" \/>\n\n    <div class=\"top-wave\">\n        <svg xmlns=\"http:\/\/www.w3.org\/2000\/svg\" viewBox=\"0 0 1000 100\" preserveAspectRatio=\"none\">\n            <path d=\"M421.9,6.5c22.6-2.5,51.5,0.4,75.5,5.3c23.6,4.9,70.9,23.5,100.5,35.7c75.8,32.2,133.7,44.5,192.6,49.7\n\tc23.6,2.1,48.7,3.5,103.4-2.5c54.7-6,106.2-25.6,106.2-25.6V0H0v30.3c0,0,72,32.6,158.4,30.5c39.2-0.7,92.8-6.7,134-22.4\n\tc21.2-8.1,52.2-18.2,79.7-24.2C399.3,7.9,411.6,7.5,421.9,6.5z\"><\/path>\n        <\/svg>\n    <\/div>\n\n    <div class=\"container\">\n        <div class=\"acf-innerblocks-container\">\n\n<p class=\"has-text-align-center\"><em>&#8222;Starke Ernten beginnen mit der Unterst\u00fctzung nat\u00fcrlicher Prozesse.<\/em><\/p>\n\n<\/div>\n    <\/div>\n\n    <div class=\"bottom-wave\">\n        <svg xmlns=\"http:\/\/www.w3.org\/2000\/svg\" viewBox=\"0 0 1000 100\" preserveAspectRatio=\"none\">\n            <path d=\"M421.9,6.5c22.6-2.5,51.5,0.4,75.5,5.3c23.6,4.9,70.9,23.5,100.5,35.7c75.8,32.2,133.7,44.5,192.6,49.7\n\tc23.6,2.1,48.7,3.5,103.4-2.5c54.7-6,106.2-25.6,106.2-25.6V0H0v30.3c0,0,72,32.6,158.4,30.5c39.2-0.7,92.8-6.7,134-22.4\n\tc21.2-8.1,52.2-18.2,79.7-24.2C399.3,7.9,411.6,7.5,421.9,6.5z\"><\/path>\n        <\/svg>\n    <\/div>\n<\/div>\n\n<div style=\"--inline-transform-translate-x: 0px; --inline-transform-translate-y: 0px;\" class=\"decoration-image position-right alignright wp-block-biota-nutri-decoration-image\">\n    <div class=\"acf-innerblocks-container\">\n\n<figure class=\"wp-block-image alignright size-large is-resized\"><img loading=\"lazy\" decoding=\"async\" width=\"836\" height=\"1024\" src=\"https:\/\/biota.nu\/wp-content\/uploads\/Tomato-2-836x1024.png\" alt=\"\" class=\"wp-image-9173\" style=\"width:248px;height:auto\" srcset=\"https:\/\/biota.nu\/wp-content\/uploads\/Tomato-2-836x1024.png 836w, https:\/\/biota.nu\/wp-content\/uploads\/Tomato-2-245x300.png 245w, https:\/\/biota.nu\/wp-content\/uploads\/Tomato-2-768x941.png 768w, https:\/\/biota.nu\/wp-content\/uploads\/Tomato-2-600x735.png 600w, https:\/\/biota.nu\/wp-content\/uploads\/Tomato-2.png 956w\" sizes=\"auto, (max-width: 836px) 100vw, 836px\" \/><\/figure>\n\n<\/div>\n<\/div>\n\n<h2 class=\"wp-block-heading\">Vorteile f\u00fcr Bio-Anbauer<\/h2>\n\n<p>&#8211; Unterst\u00fctzung der nat\u00fcrlichen Wachstumsprozesse<br\/>&#8211; Verbesserte Widerstandsf\u00e4higkeit und Vitalit\u00e4t der Pflanzen<br\/>&#8211; Effiziente Nutzung der verf\u00fcgbaren N\u00e4hrstoffe<br\/>&#8211; Geeignet f\u00fcr nachhaltige und biologische Anbausysteme durch entsprechende Zertifizierungen<br\/>&#8211; Praktische Unterst\u00fctzung ohne Beeintr\u00e4chtigung von Boden und Ernte<\/p>\n\n<h2 class=\"wp-block-heading has-text-align-left\">F\u00fcr den \u00f6kologischen Anbau geeignete Produkte<\/h2>\n\n<p>Im \u00f6kologischen Anbau gibt es spezifische Anforderungen an die Herkunft, Zusammensetzung und Anwendung von Produkten. Biota Nutri bietet eine Auswahl an Produkten an, die je nach Zertifizierung und lokalen Vorschriften f\u00fcr den biologischen Anbau geeignet sind. <\/p>\n\n<p>Die folgenden Produkte k\u00f6nnen in \u00f6kologischen Anbausystemen verwendet werden:<\/p>\n\n<ul class=\"wp-block-list\">\n<li><strong><a href=\"https:\/\/biota.nu\/de\/produkt\/biota-phos-8\/\" type=\"product\" id=\"9326\">Biota Phos<\/a><\/strong>: unterst\u00fctzt die Wurzelbildung und einen reibungslosen Start der Ernte.<\/li>\n\n\n\n<li><strong><a href=\"https:\/\/biota.nu\/de\/produkt\/biota-kalium-15\/\" type=\"product\" id=\"9329\">Biota Kalium<\/a><\/strong>: tr\u00e4gt zur Festigkeit, zum Wasserhaushalt und zum Qualit\u00e4tsaufbau bei.<\/li>\n\n\n\n<li><strong><a href=\"https:\/\/biota.nu\/de\/produkt\/biota-eisen-pulver-13\/\" type=\"product\" id=\"9312\">Biota Eisen-Pulver<\/a><\/strong>: unterst\u00fctzt eine gesunde Blattfarbe und die Photosynthese, wenn Eisen ben\u00f6tigt wird.<\/li>\n\n\n\n<li><strong><a href=\"https:\/\/biota.nu\/de\/produkt\/biota-calcium-8\/\" type=\"product\" id=\"8721\">Biota Kalzium<\/a><\/strong>: unterst\u00fctzt die Festigkeit der Zellw\u00e4nde und tr\u00e4gt zur Verbesserung der Pflanzenqualit\u00e4t bei.<\/li>\n\n\n\n<li><strong><a href=\"https:\/\/biota.nu\/de\/produkt\/biota-nitro-v2\/\" type=\"product\" id=\"9322\">Biota Nitro V2<\/a><\/strong>: Stickstoff zur Unterst\u00fctzung von Wachstum und Blattentwicklung.<\/li>\n\n\n\n<li><strong><a href=\"https:\/\/biota.nu\/de\/produkt\/biota-nitro-nk-3-0-9\/\" type=\"link\" id=\"https:\/\/biota.nu\/nl\/product\/biota-nitro-nk-3-0-9\/\">Biota NP 3-0-9<\/a><\/strong>: NP-Formulierung f\u00fcr gezielte Ern\u00e4hrung und Gleichgewicht im vegetativen Wachstum.<\/li>\n\n\n\n<li><strong><a href=\"https:\/\/biota.nu\/nl\/producten\/\" type=\"link\" id=\"https:\/\/biota.nu\/nl\/producten\/\">Biota NPK Hoch Organisch<\/a><\/strong>: organischer NPK f\u00fcr ein gleichm\u00e4\u00dfiges, nat\u00fcrliches Wachstum.<\/li>\n\n\n\n<li><strong><a href=\"https:\/\/biota.nu\/nl\/producten\/\" type=\"link\" id=\"https:\/\/biota.nu\/nl\/producten\/\">Biota NPK Niedrig Organisch<\/a><\/strong>: Milder organischer NPK-N\u00e4hrstoff zur Pflege und Anpassung.<\/li>\n\n\n\n<li><strong><a href=\"https:\/\/biota.nu\/nl\/producten\/\" type=\"link\" id=\"https:\/\/biota.nu\/nl\/producten\/\">Spurenelemente<\/a><\/strong>: essentielle Mikron\u00e4hrstoffe zur Unterst\u00fctzung der nat\u00fcrlichen Pflanzenprozesse.<\/li>\n<\/ul>\n\n<p>Diese Produkte unterst\u00fctzen die nat\u00fcrlichen Wachstumsprozesse, die N\u00e4hrstoffverwertung und die Widerstandsf\u00e4higkeit der Pflanzen, ohne die Prinzipien des \u00f6kologischen Anbaus zu st\u00f6ren.<\/p>\n\n<div style=\"--inline-transform-translate-x: 150px; --inline-transform-translate-y: 0px;\" class=\"decoration-image position-right alignright wp-block-biota-nutri-decoration-image\">\n    <div class=\"acf-innerblocks-container\">\n\n<figure class=\"wp-block-image size-large is-resized\"><img loading=\"lazy\" decoding=\"async\" width=\"1024\" height=\"681\" src=\"https:\/\/biota.nu\/wp-content\/uploads\/Kiwi-1-1024x681.png\" alt=\"\" class=\"wp-image-9188\" style=\"width:478px;height:auto\" srcset=\"https:\/\/biota.nu\/wp-content\/uploads\/Kiwi-1-1024x681.png 1024w, https:\/\/biota.nu\/wp-content\/uploads\/Kiwi-1-300x199.png 300w, https:\/\/biota.nu\/wp-content\/uploads\/Kiwi-1-768x511.png 768w, https:\/\/biota.nu\/wp-content\/uploads\/Kiwi-1-1536x1021.png 1536w, https:\/\/biota.nu\/wp-content\/uploads\/Kiwi-1-2048x1362.png 2048w, https:\/\/biota.nu\/wp-content\/uploads\/Kiwi-1-600x399.png 600w\" sizes=\"auto, (max-width: 1024px) 100vw, 1024px\" \/><\/figure>\n\n<\/div>\n<\/div>\n\n<h3 class=\"wp-block-heading has-text-align-left\">Registrierungen und Vorschriften<\/h3>\n\n<p>F\u00fcr Bio-Anbauer ist Transparenz unerl\u00e4sslich. Biota Nutri denkt bei der Produktauswahl und Anwendung im Rahmen der geltenden Gesetze und Vorschriften mit. Die Koordinierung mit den Zulassungsbeh\u00f6rden und Anbauberatern ist dabei von zentraler Bedeutung.  <\/p>\n\n<div class=\"wp-block-buttons is-layout-flex wp-block-buttons-is-layout-flex\">\n<div class=\"wp-block-button\"><a class=\"wp-block-button__link wp-element-button\" href=\"https:\/\/biota.nu\/de\/zertifizierungen-registrierungen-von-biota-nutri\/\">Unsere Registrierungen ansehen<\/a><\/div>\n<\/div>\n\n<div class=\"wp-block-buttons is-layout-flex wp-block-buttons-is-layout-flex\"><\/div>\n\n<h2 class=\"wp-block-heading has-text-align-left\">Biota Nutri als Wissenspartner im \u00f6kologischen Anbau<\/h2>\n\n<div class=\"wp-block-columns is-layout-flex wp-container-core-columns-is-layout-28f84493 wp-block-columns-is-layout-flex\">\n<div class=\"wp-block-column is-layout-flow wp-block-column-is-layout-flow\">\n<p>M\u00f6chten Sie wissen, welche Biota Nutri-L\u00f6sungen f\u00fcr Ihren \u00f6kologischen Anbau geeignet sind? Nehmen Sie Kontakt mit uns auf und lassen Sie sich pers\u00f6nlich und kulturspezifisch beraten. <\/p>\n\n\n\n<div class=\"wp-block-buttons is-layout-flex wp-block-buttons-is-layout-flex\">\n<div class=\"wp-block-button\"><a class=\"wp-block-button__link wp-element-button\" href=\"tel:31850475710\">Rufen Sie uns an<\/a><\/div>\n\n\n\n<div class=\"wp-block-button\"><a class=\"wp-block-button__link wp-element-button\" href=\"mailto:info@biota.nu\">Mailen Sie uns<\/a><\/div>\n<\/div>\n\n\n\n<p>Ob Sie biologisch oder konventionell anbauen <span style=\"text-decoration: underline;\"><strong>konventioneller Anbau<\/strong><\/span>Biota Nutri agiert als Wissenspartner. Mit fundiertem Produktwissen, praktischer Erfahrung und anbauorientierter Beratung helfen wir Ihnen, nachhaltige Entscheidungen zu treffen, die zu Ihrer Kultur, Ihrem Anbausystem und Ihren Gesch\u00e4ftszielen passen. <\/p>\n<\/div>\n<\/div>\n\n<figure class=\"wp-block-image size-full is-resized\"><img loading=\"lazy\" decoding=\"async\" width=\"1024\" height=\"768\" src=\"https:\/\/biota.nu\/wp-content\/uploads\/DGS-Biota-bundelt-krachten-met-De-Groot-en-Slot-en-REKA-2-edited.jpg\" alt=\"\" class=\"wp-image-12014\" style=\"width:461px;height:auto\" srcset=\"https:\/\/biota.nu\/wp-content\/uploads\/DGS-Biota-bundelt-krachten-met-De-Groot-en-Slot-en-REKA-2-edited.jpg 1024w, https:\/\/biota.nu\/wp-content\/uploads\/DGS-Biota-bundelt-krachten-met-De-Groot-en-Slot-en-REKA-2-edited-300x225.jpg 300w, https:\/\/biota.nu\/wp-content\/uploads\/DGS-Biota-bundelt-krachten-met-De-Groot-en-Slot-en-REKA-2-edited-768x576.jpg 768w, https:\/\/biota.nu\/wp-content\/uploads\/DGS-Biota-bundelt-krachten-met-De-Groot-en-Slot-en-REKA-2-edited-600x450.jpg 600w\" sizes=\"auto, (max-width: 1024px) 100vw, 1024px\" \/><\/figure>\n\n<h2 class=\"wp-block-heading has-text-align-left\">H\u00e4ufig gestellte Fragen<\/h2>\n\n<p><strong>Sind alle Produkte biologisch zertifiziert?<\/strong><br\/>Nicht alle Produkte sind automatisch zertifiziert. Die Anwendbarkeit h\u00e4ngt vom Produkt, dem Anbau und den Vorschriften ab. Kontaktieren Sie <a href=\"https:\/\/biota.nu\/de\/kontakt\/\" type=\"page\" id=\"9292\">uns<\/a>, um sich dar\u00fcber zu informieren.  <\/p>\n\n<p><strong>Wann ist eine Blattanwendung im \u00f6kologischen Anbau sinnvoll?<\/strong><br\/>Insbesondere bei Mangelerscheinungen, Stressmomenten oder eingeschr\u00e4nkter Aufnahme durch den Boden.<\/p>\n\n<p><strong>Kann Biota Nutri zu meiner Anbaustrategie beitragen?<\/strong><br\/>Ja, wir unterst\u00fctzen Bio-Anbauer mit praktischer und unabh\u00e4ngiger Beratung. Kontaktieren Sie uns f\u00fcr Ihre Anbaustrategie. <\/p>\n","protected":false},"excerpt":{"rendered":"<p>Unterst\u00fctzung von nat\u00fcrlichem Wachstum und Widerstandsf\u00e4higkeit Sind Sie im \u00f6kologischen Anbau mit einer begrenzten N\u00e4hrstoffverf\u00fcgbarkeit oder einer erh\u00f6hten Anf\u00e4lligkeit f\u00fcr Stress konfrontiert? Als \u00f6kologischer Landwirt [&hellip;]<\/p>\n","protected":false},"author":6,"featured_media":0,"parent":0,"menu_order":0,"comment_status":"closed","ping_status":"closed","template":"","meta":{"footnotes":""},"class_list":["post-12209","page","type-page","status-publish","hentry"],"yoast_head":"<!-- This site is optimized with the Yoast SEO plugin v27.4 - https:\/\/yoast.com\/product\/yoast-seo-wordpress\/ -->\n<title>Pflanzenern\u00e4hrung f\u00fcr den \u00f6kologischen Anbau | Nachhaltige L\u00f6sungen<\/title>\n<meta name=\"description\" content=\"Entdecken Sie Pflanzennahrung und Blattd\u00fcnger von Biota Nutri f\u00fcr den \u00f6kologischen Anbau. Unterst\u00fctzt das nat\u00fcrliche Wachstum und die N\u00e4hrstoffverwertung.\" \/>\n<meta name=\"robots\" content=\"index, follow, max-snippet:-1, max-image-preview:large, max-video-preview:-1\" \/>\n<link rel=\"canonical\" href=\"https:\/\/biota.nu\/de\/test-zum-oekologischen-landbau\/\" \/>\n<meta property=\"og:locale\" content=\"de_DE\" \/>\n<meta property=\"og:type\" content=\"article\" \/>\n<meta property=\"og:title\" content=\"Pflanzenern\u00e4hrung f\u00fcr den \u00f6kologischen Anbau | Nachhaltige L\u00f6sungen\" \/>\n<meta property=\"og:description\" content=\"Entdecken Sie Pflanzennahrung und Blattd\u00fcnger von Biota Nutri f\u00fcr den \u00f6kologischen Anbau. Unterst\u00fctzt das nat\u00fcrliche Wachstum und die N\u00e4hrstoffverwertung.\" \/>\n<meta property=\"og:url\" content=\"https:\/\/biota.nu\/de\/test-zum-oekologischen-landbau\/\" \/>\n<meta property=\"og:site_name\" content=\"Biota Nutri\" \/>\n<meta property=\"article:modified_time\" content=\"2026-02-27T07:26:50+00:00\" \/>\n<meta property=\"og:image\" content=\"https:\/\/biota.nu\/wp-content\/uploads\/vertical-farm-Biota-Nutri-2-scaled-1-1024x444.jpg\" \/>\n<meta name=\"twitter:card\" content=\"summary_large_image\" \/>\n<meta name=\"twitter:label1\" content=\"Gesch\u00e4tzte Lesezeit\" \/>\n\t<meta name=\"twitter:data1\" content=\"3\u00a0Minuten\" \/>\n<script type=\"application\/ld+json\" class=\"yoast-schema-graph\">{\"@context\":\"https:\\\/\\\/schema.org\",\"@graph\":[{\"@type\":\"WebPage\",\"@id\":\"https:\\\/\\\/biota.nu\\\/de\\\/test-zum-oekologischen-landbau\\\/\",\"url\":\"https:\\\/\\\/biota.nu\\\/de\\\/test-zum-oekologischen-landbau\\\/\",\"name\":\"Pflanzenern\u00e4hrung f\u00fcr den \u00f6kologischen Anbau | Nachhaltige L\u00f6sungen\",\"isPartOf\":{\"@id\":\"https:\\\/\\\/biota.nu\\\/de\\\/#website\"},\"primaryImageOfPage\":{\"@id\":\"https:\\\/\\\/biota.nu\\\/de\\\/test-zum-oekologischen-landbau\\\/#primaryimage\"},\"image\":{\"@id\":\"https:\\\/\\\/biota.nu\\\/de\\\/test-zum-oekologischen-landbau\\\/#primaryimage\"},\"thumbnailUrl\":\"https:\\\/\\\/biota.nu\\\/wp-content\\\/uploads\\\/vertical-farm-Biota-Nutri-2-scaled-1-1024x444.jpg\",\"datePublished\":\"2026-02-10T14:48:26+00:00\",\"dateModified\":\"2026-02-27T07:26:50+00:00\",\"description\":\"Entdecken Sie Pflanzennahrung und Blattd\u00fcnger von Biota Nutri f\u00fcr den \u00f6kologischen Anbau. Unterst\u00fctzt das nat\u00fcrliche Wachstum und die N\u00e4hrstoffverwertung.\",\"breadcrumb\":{\"@id\":\"https:\\\/\\\/biota.nu\\\/de\\\/test-zum-oekologischen-landbau\\\/#breadcrumb\"},\"inLanguage\":\"de\",\"potentialAction\":[{\"@type\":\"ReadAction\",\"target\":[\"https:\\\/\\\/biota.nu\\\/de\\\/test-zum-oekologischen-landbau\\\/\"]}]},{\"@type\":\"ImageObject\",\"inLanguage\":\"de\",\"@id\":\"https:\\\/\\\/biota.nu\\\/de\\\/test-zum-oekologischen-landbau\\\/#primaryimage\",\"url\":\"https:\\\/\\\/biota.nu\\\/wp-content\\\/uploads\\\/vertical-farm-Biota-Nutri-2-scaled-1-1024x444.jpg\",\"contentUrl\":\"https:\\\/\\\/biota.nu\\\/wp-content\\\/uploads\\\/vertical-farm-Biota-Nutri-2-scaled-1-1024x444.jpg\"},{\"@type\":\"BreadcrumbList\",\"@id\":\"https:\\\/\\\/biota.nu\\\/de\\\/test-zum-oekologischen-landbau\\\/#breadcrumb\",\"itemListElement\":[{\"@type\":\"ListItem\",\"position\":1,\"name\":\"Home\",\"item\":\"https:\\\/\\\/biota.nu\\\/de\\\/?page_id=10242\"},{\"@type\":\"ListItem\",\"position\":2,\"name\":\"\u00d6kologische Landwirtschaft\"}]},{\"@type\":\"WebSite\",\"@id\":\"https:\\\/\\\/biota.nu\\\/de\\\/#website\",\"url\":\"https:\\\/\\\/biota.nu\\\/de\\\/\",\"name\":\"Biota Nutri\",\"description\":\"\",\"publisher\":{\"@id\":\"https:\\\/\\\/biota.nu\\\/de\\\/#organization\"},\"potentialAction\":[{\"@type\":\"SearchAction\",\"target\":{\"@type\":\"EntryPoint\",\"urlTemplate\":\"https:\\\/\\\/biota.nu\\\/de\\\/?s={search_term_string}\"},\"query-input\":{\"@type\":\"PropertyValueSpecification\",\"valueRequired\":true,\"valueName\":\"search_term_string\"}}],\"inLanguage\":\"de\"},{\"@type\":\"Organization\",\"@id\":\"https:\\\/\\\/biota.nu\\\/de\\\/#organization\",\"name\":\"Biota Nutri\",\"url\":\"https:\\\/\\\/biota.nu\\\/de\\\/\",\"logo\":{\"@type\":\"ImageObject\",\"inLanguage\":\"de\",\"@id\":\"https:\\\/\\\/biota.nu\\\/de\\\/#\\\/schema\\\/logo\\\/image\\\/\",\"url\":\"https:\\\/\\\/biota.nu\\\/wp-content\\\/uploads\\\/Biota-Nutri-R.png\",\"contentUrl\":\"https:\\\/\\\/biota.nu\\\/wp-content\\\/uploads\\\/Biota-Nutri-R.png\",\"width\":300,\"height\":220,\"caption\":\"Biota Nutri\"},\"image\":{\"@id\":\"https:\\\/\\\/biota.nu\\\/de\\\/#\\\/schema\\\/logo\\\/image\\\/\"}}]}<\/script>\n<!-- \/ Yoast SEO plugin. -->","yoast_head_json":{"title":"Pflanzenern\u00e4hrung f\u00fcr den \u00f6kologischen Anbau | Nachhaltige L\u00f6sungen","description":"Entdecken Sie Pflanzennahrung und Blattd\u00fcnger von Biota Nutri f\u00fcr den \u00f6kologischen Anbau. Unterst\u00fctzt das nat\u00fcrliche Wachstum und die N\u00e4hrstoffverwertung.","robots":{"index":"index","follow":"follow","max-snippet":"max-snippet:-1","max-image-preview":"max-image-preview:large","max-video-preview":"max-video-preview:-1"},"canonical":"https:\/\/biota.nu\/de\/test-zum-oekologischen-landbau\/","og_locale":"de_DE","og_type":"article","og_title":"Pflanzenern\u00e4hrung f\u00fcr den \u00f6kologischen Anbau | Nachhaltige L\u00f6sungen","og_description":"Entdecken Sie Pflanzennahrung und Blattd\u00fcnger von Biota Nutri f\u00fcr den \u00f6kologischen Anbau. Unterst\u00fctzt das nat\u00fcrliche Wachstum und die N\u00e4hrstoffverwertung.","og_url":"https:\/\/biota.nu\/de\/test-zum-oekologischen-landbau\/","og_site_name":"Biota Nutri","article_modified_time":"2026-02-27T07:26:50+00:00","og_image":[{"url":"https:\/\/biota.nu\/wp-content\/uploads\/vertical-farm-Biota-Nutri-2-scaled-1-1024x444.jpg","type":"","width":"","height":""}],"twitter_card":"summary_large_image","twitter_misc":{"Gesch\u00e4tzte Lesezeit":"3\u00a0Minuten"},"schema":{"@context":"https:\/\/schema.org","@graph":[{"@type":"WebPage","@id":"https:\/\/biota.nu\/de\/test-zum-oekologischen-landbau\/","url":"https:\/\/biota.nu\/de\/test-zum-oekologischen-landbau\/","name":"Pflanzenern\u00e4hrung f\u00fcr den \u00f6kologischen Anbau | Nachhaltige L\u00f6sungen","isPartOf":{"@id":"https:\/\/biota.nu\/de\/#website"},"primaryImageOfPage":{"@id":"https:\/\/biota.nu\/de\/test-zum-oekologischen-landbau\/#primaryimage"},"image":{"@id":"https:\/\/biota.nu\/de\/test-zum-oekologischen-landbau\/#primaryimage"},"thumbnailUrl":"https:\/\/biota.nu\/wp-content\/uploads\/vertical-farm-Biota-Nutri-2-scaled-1-1024x444.jpg","datePublished":"2026-02-10T14:48:26+00:00","dateModified":"2026-02-27T07:26:50+00:00","description":"Entdecken Sie Pflanzennahrung und Blattd\u00fcnger von Biota Nutri f\u00fcr den \u00f6kologischen Anbau. Unterst\u00fctzt das nat\u00fcrliche Wachstum und die N\u00e4hrstoffverwertung.","breadcrumb":{"@id":"https:\/\/biota.nu\/de\/test-zum-oekologischen-landbau\/#breadcrumb"},"inLanguage":"de","potentialAction":[{"@type":"ReadAction","target":["https:\/\/biota.nu\/de\/test-zum-oekologischen-landbau\/"]}]},{"@type":"ImageObject","inLanguage":"de","@id":"https:\/\/biota.nu\/de\/test-zum-oekologischen-landbau\/#primaryimage","url":"https:\/\/biota.nu\/wp-content\/uploads\/vertical-farm-Biota-Nutri-2-scaled-1-1024x444.jpg","contentUrl":"https:\/\/biota.nu\/wp-content\/uploads\/vertical-farm-Biota-Nutri-2-scaled-1-1024x444.jpg"},{"@type":"BreadcrumbList","@id":"https:\/\/biota.nu\/de\/test-zum-oekologischen-landbau\/#breadcrumb","itemListElement":[{"@type":"ListItem","position":1,"name":"Home","item":"https:\/\/biota.nu\/de\/?page_id=10242"},{"@type":"ListItem","position":2,"name":"\u00d6kologische Landwirtschaft"}]},{"@type":"WebSite","@id":"https:\/\/biota.nu\/de\/#website","url":"https:\/\/biota.nu\/de\/","name":"Biota Nutri","description":"","publisher":{"@id":"https:\/\/biota.nu\/de\/#organization"},"potentialAction":[{"@type":"SearchAction","target":{"@type":"EntryPoint","urlTemplate":"https:\/\/biota.nu\/de\/?s={search_term_string}"},"query-input":{"@type":"PropertyValueSpecification","valueRequired":true,"valueName":"search_term_string"}}],"inLanguage":"de"},{"@type":"Organization","@id":"https:\/\/biota.nu\/de\/#organization","name":"Biota Nutri","url":"https:\/\/biota.nu\/de\/","logo":{"@type":"ImageObject","inLanguage":"de","@id":"https:\/\/biota.nu\/de\/#\/schema\/logo\/image\/","url":"https:\/\/biota.nu\/wp-content\/uploads\/Biota-Nutri-R.png","contentUrl":"https:\/\/biota.nu\/wp-content\/uploads\/Biota-Nutri-R.png","width":300,"height":220,"caption":"Biota Nutri"},"image":{"@id":"https:\/\/biota.nu\/de\/#\/schema\/logo\/image\/"}}]}},"acf":[],"_links":{"self":[{"href":"https:\/\/biota.nu\/de\/wp-json\/wp\/v2\/pages\/12209","targetHints":{"allow":["GET"]}}],"collection":[{"href":"https:\/\/biota.nu\/de\/wp-json\/wp\/v2\/pages"}],"about":[{"href":"https:\/\/biota.nu\/de\/wp-json\/wp\/v2\/types\/page"}],"author":[{"embeddable":true,"href":"https:\/\/biota.nu\/de\/wp-json\/wp\/v2\/users\/6"}],"replies":[{"embeddable":true,"href":"https:\/\/biota.nu\/de\/wp-json\/wp\/v2\/comments?post=12209"}],"version-history":[{"count":10,"href":"https:\/\/biota.nu\/de\/wp-json\/wp\/v2\/pages\/12209\/revisions"}],"predecessor-version":[{"id":12542,"href":"https:\/\/biota.nu\/de\/wp-json\/wp\/v2\/pages\/12209\/revisions\/12542"}],"wp:attachment":[{"href":"https:\/\/biota.nu\/de\/wp-json\/wp\/v2\/media?parent=12209"}],"curies":[{"name":"wp","href":"https:\/\/api.w.org\/{rel}","templated":true}]}}