{"id":10809,"date":"2024-02-06T14:41:47","date_gmt":"2024-02-06T14:41:47","guid":{"rendered":"https:\/\/biota.nu\/?post_type=product&#038;p=10809"},"modified":"2025-03-20T13:11:07","modified_gmt":"2025-03-20T13:11:07","slug":"biota-calcium-7-te","status":"publish","type":"product","link":"https:\/\/biota.nu\/de\/produkt\/biota-calcium-7-te\/","title":{"rendered":"Biota Calcium 7% + TE"},"content":{"rendered":"<p>Biota Calcium 7% + TE ist ein organischer Calciumd\u00fcnger mit den Spurenelementen, die Pflanzen f\u00fcr ein optimales Wachstum ben\u00f6tigen. Er verhindert und korrigiert Kalziummangel bei einer Vielzahl von Pflanzen. Aufgrund des einzigartigen Herstellungsverfahrens liegen die N\u00e4hrstoffe zu 100% in L\u00f6sung vor und k\u00f6nnen daher direkt von der Pflanze \u00fcber die Blattausbringung sowie \u00fcber die Bew\u00e4sserung aufgenommen werden. Das Produkt wird aus Inhaltsstoffen hergestellt, die zum Teil aus landwirtschaftlichen Abf\u00e4llen gewonnen werden.   <\/p>\n","protected":false},"excerpt":{"rendered":"<p>Biota Calcium 7% + TE ist ein organischer Calciumd\u00fcnger mit den Spurenelementen, die Pflanzen f\u00fcr ein optimales Wachstum ben\u00f6tigen. Er verhindert und korrigiert Kalziummangel bei [&hellip;]<\/p>\n","protected":false},"featured_media":10803,"template":"","meta":[],"product_brand":[],"product_cat":[218],"product_tag":[],"class_list":{"0":"post-10809","1":"product","2":"type-product","3":"status-publish","4":"has-post-thumbnail","6":"product_cat-ein-element-dunger","8":"first","9":"instock","10":"shipping-taxable","11":"product-type-simple"},"yoast_head":"<!-- This site is optimized with the Yoast SEO plugin v27.4 - https:\/\/yoast.com\/product\/yoast-seo-wordpress\/ -->\n<title>Biota Calcium 7% + TE - Biota Nutri<\/title>\n<meta name=\"robots\" content=\"index, follow, max-snippet:-1, max-image-preview:large, max-video-preview:-1\" \/>\n<link rel=\"canonical\" href=\"https:\/\/biota.nu\/de\/produkt\/biota-calcium-7-te\/\" \/>\n<meta property=\"og:locale\" content=\"de_DE\" \/>\n<meta property=\"og:type\" content=\"article\" \/>\n<meta property=\"og:title\" content=\"Biota Calcium 7% + TE - Biota Nutri\" \/>\n<meta property=\"og:description\" content=\"Biota Calcium 7% + TE ist ein organischer Calciumd\u00fcnger mit den Spurenelementen, die Pflanzen f\u00fcr ein optimales Wachstum ben\u00f6tigen. Er verhindert und korrigiert Kalziummangel bei [&hellip;]\" \/>\n<meta property=\"og:url\" content=\"https:\/\/biota.nu\/de\/produkt\/biota-calcium-7-te\/\" \/>\n<meta property=\"og:site_name\" content=\"Biota Nutri\" \/>\n<meta property=\"article:modified_time\" content=\"2025-03-20T13:11:07+00:00\" \/>\n<meta property=\"og:image\" content=\"https:\/\/biota.nu\/wp-content\/uploads\/IBC_dark.jpg\" \/>\n\t<meta property=\"og:image:width\" content=\"1350\" \/>\n\t<meta property=\"og:image:height\" content=\"1350\" \/>\n\t<meta property=\"og:image:type\" content=\"image\/jpeg\" \/>\n<meta name=\"twitter:card\" content=\"summary_large_image\" \/>\n<script type=\"application\/ld+json\" class=\"yoast-schema-graph\">{\"@context\":\"https:\\\/\\\/schema.org\",\"@graph\":[{\"@type\":\"WebPage\",\"@id\":\"https:\\\/\\\/biota.nu\\\/de\\\/produkt\\\/biota-calcium-7-te\\\/\",\"url\":\"https:\\\/\\\/biota.nu\\\/de\\\/produkt\\\/biota-calcium-7-te\\\/\",\"name\":\"Biota Calcium 7% + TE - Biota Nutri\",\"isPartOf\":{\"@id\":\"https:\\\/\\\/biota.nu\\\/de\\\/#website\"},\"primaryImageOfPage\":{\"@id\":\"https:\\\/\\\/biota.nu\\\/de\\\/produkt\\\/biota-calcium-7-te\\\/#primaryimage\"},\"image\":{\"@id\":\"https:\\\/\\\/biota.nu\\\/de\\\/produkt\\\/biota-calcium-7-te\\\/#primaryimage\"},\"thumbnailUrl\":\"https:\\\/\\\/biota.nu\\\/wp-content\\\/uploads\\\/IBC_dark.jpg\",\"datePublished\":\"2024-02-06T14:41:47+00:00\",\"dateModified\":\"2025-03-20T13:11:07+00:00\",\"breadcrumb\":{\"@id\":\"https:\\\/\\\/biota.nu\\\/de\\\/produkt\\\/biota-calcium-7-te\\\/#breadcrumb\"},\"inLanguage\":\"de\",\"potentialAction\":[{\"@type\":\"ReadAction\",\"target\":[\"https:\\\/\\\/biota.nu\\\/de\\\/produkt\\\/biota-calcium-7-te\\\/\"]}]},{\"@type\":\"ImageObject\",\"inLanguage\":\"de\",\"@id\":\"https:\\\/\\\/biota.nu\\\/de\\\/produkt\\\/biota-calcium-7-te\\\/#primaryimage\",\"url\":\"https:\\\/\\\/biota.nu\\\/wp-content\\\/uploads\\\/IBC_dark.jpg\",\"contentUrl\":\"https:\\\/\\\/biota.nu\\\/wp-content\\\/uploads\\\/IBC_dark.jpg\",\"width\":1350,\"height\":1350},{\"@type\":\"BreadcrumbList\",\"@id\":\"https:\\\/\\\/biota.nu\\\/de\\\/produkt\\\/biota-calcium-7-te\\\/#breadcrumb\",\"itemListElement\":[{\"@type\":\"ListItem\",\"position\":1,\"name\":\"Home\",\"item\":\"https:\\\/\\\/biota.nu\\\/de\\\/?page_id=10242\"},{\"@type\":\"ListItem\",\"position\":2,\"name\":\"Produkte\",\"item\":\"https:\\\/\\\/biota.nu\\\/de\\\/?page_id=10600\"},{\"@type\":\"ListItem\",\"position\":3,\"name\":\"Biota Calcium 7% + TE\"}]},{\"@type\":\"WebSite\",\"@id\":\"https:\\\/\\\/biota.nu\\\/de\\\/#website\",\"url\":\"https:\\\/\\\/biota.nu\\\/de\\\/\",\"name\":\"Biota Nutri\",\"description\":\"\",\"publisher\":{\"@id\":\"https:\\\/\\\/biota.nu\\\/de\\\/#organization\"},\"potentialAction\":[{\"@type\":\"SearchAction\",\"target\":{\"@type\":\"EntryPoint\",\"urlTemplate\":\"https:\\\/\\\/biota.nu\\\/de\\\/?s={search_term_string}\"},\"query-input\":{\"@type\":\"PropertyValueSpecification\",\"valueRequired\":true,\"valueName\":\"search_term_string\"}}],\"inLanguage\":\"de\"},{\"@type\":\"Organization\",\"@id\":\"https:\\\/\\\/biota.nu\\\/de\\\/#organization\",\"name\":\"Biota Nutri\",\"url\":\"https:\\\/\\\/biota.nu\\\/de\\\/\",\"logo\":{\"@type\":\"ImageObject\",\"inLanguage\":\"de\",\"@id\":\"https:\\\/\\\/biota.nu\\\/de\\\/#\\\/schema\\\/logo\\\/image\\\/\",\"url\":\"https:\\\/\\\/biota.nu\\\/wp-content\\\/uploads\\\/Biota-Nutri-R.png\",\"contentUrl\":\"https:\\\/\\\/biota.nu\\\/wp-content\\\/uploads\\\/Biota-Nutri-R.png\",\"width\":300,\"height\":220,\"caption\":\"Biota Nutri\"},\"image\":{\"@id\":\"https:\\\/\\\/biota.nu\\\/de\\\/#\\\/schema\\\/logo\\\/image\\\/\"}}]}<\/script>\n<!-- \/ Yoast SEO plugin. -->","yoast_head_json":{"title":"Biota Calcium 7% + TE - Biota Nutri","robots":{"index":"index","follow":"follow","max-snippet":"max-snippet:-1","max-image-preview":"max-image-preview:large","max-video-preview":"max-video-preview:-1"},"canonical":"https:\/\/biota.nu\/de\/produkt\/biota-calcium-7-te\/","og_locale":"de_DE","og_type":"article","og_title":"Biota Calcium 7% + TE - Biota Nutri","og_description":"Biota Calcium 7% + TE ist ein organischer Calciumd\u00fcnger mit den Spurenelementen, die Pflanzen f\u00fcr ein optimales Wachstum ben\u00f6tigen. Er verhindert und korrigiert Kalziummangel bei [&hellip;]","og_url":"https:\/\/biota.nu\/de\/produkt\/biota-calcium-7-te\/","og_site_name":"Biota Nutri","article_modified_time":"2025-03-20T13:11:07+00:00","og_image":[{"width":1350,"height":1350,"url":"https:\/\/biota.nu\/wp-content\/uploads\/IBC_dark.jpg","type":"image\/jpeg"}],"twitter_card":"summary_large_image","schema":{"@context":"https:\/\/schema.org","@graph":[{"@type":"WebPage","@id":"https:\/\/biota.nu\/de\/produkt\/biota-calcium-7-te\/","url":"https:\/\/biota.nu\/de\/produkt\/biota-calcium-7-te\/","name":"Biota Calcium 7% + TE - Biota Nutri","isPartOf":{"@id":"https:\/\/biota.nu\/de\/#website"},"primaryImageOfPage":{"@id":"https:\/\/biota.nu\/de\/produkt\/biota-calcium-7-te\/#primaryimage"},"image":{"@id":"https:\/\/biota.nu\/de\/produkt\/biota-calcium-7-te\/#primaryimage"},"thumbnailUrl":"https:\/\/biota.nu\/wp-content\/uploads\/IBC_dark.jpg","datePublished":"2024-02-06T14:41:47+00:00","dateModified":"2025-03-20T13:11:07+00:00","breadcrumb":{"@id":"https:\/\/biota.nu\/de\/produkt\/biota-calcium-7-te\/#breadcrumb"},"inLanguage":"de","potentialAction":[{"@type":"ReadAction","target":["https:\/\/biota.nu\/de\/produkt\/biota-calcium-7-te\/"]}]},{"@type":"ImageObject","inLanguage":"de","@id":"https:\/\/biota.nu\/de\/produkt\/biota-calcium-7-te\/#primaryimage","url":"https:\/\/biota.nu\/wp-content\/uploads\/IBC_dark.jpg","contentUrl":"https:\/\/biota.nu\/wp-content\/uploads\/IBC_dark.jpg","width":1350,"height":1350},{"@type":"BreadcrumbList","@id":"https:\/\/biota.nu\/de\/produkt\/biota-calcium-7-te\/#breadcrumb","itemListElement":[{"@type":"ListItem","position":1,"name":"Home","item":"https:\/\/biota.nu\/de\/?page_id=10242"},{"@type":"ListItem","position":2,"name":"Produkte","item":"https:\/\/biota.nu\/de\/?page_id=10600"},{"@type":"ListItem","position":3,"name":"Biota Calcium 7% + TE"}]},{"@type":"WebSite","@id":"https:\/\/biota.nu\/de\/#website","url":"https:\/\/biota.nu\/de\/","name":"Biota Nutri","description":"","publisher":{"@id":"https:\/\/biota.nu\/de\/#organization"},"potentialAction":[{"@type":"SearchAction","target":{"@type":"EntryPoint","urlTemplate":"https:\/\/biota.nu\/de\/?s={search_term_string}"},"query-input":{"@type":"PropertyValueSpecification","valueRequired":true,"valueName":"search_term_string"}}],"inLanguage":"de"},{"@type":"Organization","@id":"https:\/\/biota.nu\/de\/#organization","name":"Biota Nutri","url":"https:\/\/biota.nu\/de\/","logo":{"@type":"ImageObject","inLanguage":"de","@id":"https:\/\/biota.nu\/de\/#\/schema\/logo\/image\/","url":"https:\/\/biota.nu\/wp-content\/uploads\/Biota-Nutri-R.png","contentUrl":"https:\/\/biota.nu\/wp-content\/uploads\/Biota-Nutri-R.png","width":300,"height":220,"caption":"Biota Nutri"},"image":{"@id":"https:\/\/biota.nu\/de\/#\/schema\/logo\/image\/"}}]}},"acf":[],"_links":{"self":[{"href":"https:\/\/biota.nu\/de\/wp-json\/wp\/v2\/product\/10809","targetHints":{"allow":["GET"]}}],"collection":[{"href":"https:\/\/biota.nu\/de\/wp-json\/wp\/v2\/product"}],"about":[{"href":"https:\/\/biota.nu\/de\/wp-json\/wp\/v2\/types\/product"}],"wp:featuredmedia":[{"embeddable":true,"href":"https:\/\/biota.nu\/de\/wp-json\/wp\/v2\/media\/10803"}],"wp:attachment":[{"href":"https:\/\/biota.nu\/de\/wp-json\/wp\/v2\/media?parent=10809"}],"wp:term":[{"taxonomy":"product_brand","embeddable":true,"href":"https:\/\/biota.nu\/de\/wp-json\/wp\/v2\/product_brand?post=10809"},{"taxonomy":"product_cat","embeddable":true,"href":"https:\/\/biota.nu\/de\/wp-json\/wp\/v2\/product_cat?post=10809"},{"taxonomy":"product_tag","embeddable":true,"href":"https:\/\/biota.nu\/de\/wp-json\/wp\/v2\/product_tag?post=10809"}],"curies":[{"name":"wp","href":"https:\/\/api.w.org\/{rel}","templated":true}]}}