{"id":10837,"date":"2024-02-07T14:20:23","date_gmt":"2024-02-07T14:20:23","guid":{"rendered":"https:\/\/biota.nu\/product\/biota-vegaline-3-npk-3-2-6-mg\/"},"modified":"2025-03-20T13:11:24","modified_gmt":"2025-03-20T13:11:24","slug":"biota-vegaline-3-npk-3-2-6-mg","status":"publish","type":"product","link":"https:\/\/biota.nu\/de\/produkt\/biota-vegaline-3-npk-3-2-6-mg\/","title":{"rendered":"Biota Vegaline 3 (NPK 3-2-6 + Mg)"},"content":{"rendered":"<p>Die Biota Vegaline Produktlinie ist perfekt f\u00fcr die Verwendung w\u00e4hrend des gesamten Anbauzyklus. Es gibt drei Produkte, die speziell f\u00fcr einen bestimmten Zeitraum des Anbaus entwickelt wurden: <\/p>\n<ul>\n<li>Vegaline 1: F\u00fcr ein starkes Wurzelwachstum der Pflanze<\/li>\n<li>Vegaline 2: Das Wachstum der Pflanze, mit besonderem Augenmerk auf Blatt und Stamm<\/li>\n<li>Vegaline 3: Der letzte Teil des Testzyklus, mit dem gr\u00f6\u00dften Fokus auf die Frucht oder Bl\u00fcte<\/li>\n<\/ul>\n<p>Die Produkte sind mit Magnesium und Spurenelementen f\u00fcr ein optimales Wachstum von Wurzeln, Pflanze und Frucht\/Bl\u00fcte angereichert. Die Linie ist f\u00fcr die Verwendung im \u00f6kologischen Landbau zugelassen. Aufgrund des einzigartigen Produktionsprozesses liegen die N\u00e4hrstoffe in L\u00f6sung vor und sind daher \u00fcber die Blattapplikation und Bew\u00e4sserung sofort f\u00fcr die Pflanze verf\u00fcgbar. Die N\u00e4hrstoffe stammen aus Pflanzenmaterialien, teilweise aus landwirtschaftlichen Reststr\u00f6men.   <\/p>\n<p>Biota Vegaline 3 ist ein Mehrn\u00e4hrstoffd\u00fcnger, der besonders f\u00fcr die letzte Phase des Erntezyklus geeignet ist. Er ist mit Magnesium und Spurenelementen f\u00fcr ein optimales Wachstum angereichert. Er ist f\u00fcr die Verwendung im \u00f6kologischen Landbau zugelassen. Aufgrund des einzigartigen Herstellungsverfahrens liegen die N\u00e4hrstoffe in L\u00f6sung vor und sind daher durch Blattausbringung und Bew\u00e4sserung direkt f\u00fcr die Pflanze verf\u00fcgbar. Die N\u00e4hrstoffe werden aus pflanzlichen Materialien gewonnen, teilweise aus landwirtschaftlichen Reststr\u00f6men.    <\/p>\n","protected":false},"excerpt":{"rendered":"<p>Die Biota Vegaline Produktlinie ist perfekt f\u00fcr die Verwendung w\u00e4hrend des gesamten Anbauzyklus. Es gibt drei Produkte, die speziell f\u00fcr einen bestimmten Zeitraum des Anbaus [&hellip;]<\/p>\n","protected":false},"featured_media":10816,"template":"","meta":[],"product_brand":[],"product_cat":[222],"product_tag":[],"class_list":{"0":"post-10837","1":"product","2":"type-product","3":"status-publish","4":"has-post-thumbnail","6":"product_cat-niedrige-organische-npks","8":"first","9":"instock","10":"shipping-taxable","11":"product-type-simple"},"yoast_head":"<!-- This site is optimized with the Yoast SEO plugin v27.3 - https:\/\/yoast.com\/product\/yoast-seo-wordpress\/ -->\n<title>Biota Vegaline 3 (NPK 3-2-6 + Mg) - Biota Nutri<\/title>\n<meta name=\"robots\" content=\"index, follow, max-snippet:-1, max-image-preview:large, max-video-preview:-1\" \/>\n<link rel=\"canonical\" href=\"https:\/\/biota.nu\/de\/produkt\/biota-vegaline-3-npk-3-2-6-mg\/\" \/>\n<meta property=\"og:locale\" content=\"de_DE\" \/>\n<meta property=\"og:type\" content=\"article\" \/>\n<meta property=\"og:title\" content=\"Biota Vegaline 3 (NPK 3-2-6 + Mg) - Biota Nutri\" \/>\n<meta property=\"og:description\" content=\"Die Biota Vegaline Produktlinie ist perfekt f\u00fcr die Verwendung w\u00e4hrend des gesamten Anbauzyklus. Es gibt drei Produkte, die speziell f\u00fcr einen bestimmten Zeitraum des Anbaus [&hellip;]\" \/>\n<meta property=\"og:url\" content=\"https:\/\/biota.nu\/de\/produkt\/biota-vegaline-3-npk-3-2-6-mg\/\" \/>\n<meta property=\"og:site_name\" content=\"Biota Nutri\" \/>\n<meta property=\"article:modified_time\" content=\"2025-03-20T13:11:24+00:00\" \/>\n<meta property=\"og:image\" content=\"https:\/\/biota.nu\/wp-content\/uploads\/IBC_light.jpg\" \/>\n\t<meta property=\"og:image:width\" content=\"1350\" \/>\n\t<meta property=\"og:image:height\" content=\"1350\" \/>\n\t<meta property=\"og:image:type\" content=\"image\/jpeg\" \/>\n<meta name=\"twitter:card\" content=\"summary_large_image\" \/>\n<meta name=\"twitter:label1\" content=\"Gesch\u00e4tzte Lesezeit\" \/>\n\t<meta name=\"twitter:data1\" content=\"1\u00a0Minute\" \/>\n<script type=\"application\/ld+json\" class=\"yoast-schema-graph\">{\"@context\":\"https:\\\/\\\/schema.org\",\"@graph\":[{\"@type\":\"WebPage\",\"@id\":\"https:\\\/\\\/biota.nu\\\/de\\\/produkt\\\/biota-vegaline-3-npk-3-2-6-mg\\\/\",\"url\":\"https:\\\/\\\/biota.nu\\\/de\\\/produkt\\\/biota-vegaline-3-npk-3-2-6-mg\\\/\",\"name\":\"Biota Vegaline 3 (NPK 3-2-6 + Mg) - Biota Nutri\",\"isPartOf\":{\"@id\":\"https:\\\/\\\/biota.nu\\\/de\\\/#website\"},\"primaryImageOfPage\":{\"@id\":\"https:\\\/\\\/biota.nu\\\/de\\\/produkt\\\/biota-vegaline-3-npk-3-2-6-mg\\\/#primaryimage\"},\"image\":{\"@id\":\"https:\\\/\\\/biota.nu\\\/de\\\/produkt\\\/biota-vegaline-3-npk-3-2-6-mg\\\/#primaryimage\"},\"thumbnailUrl\":\"https:\\\/\\\/biota.nu\\\/wp-content\\\/uploads\\\/IBC_light.jpg\",\"datePublished\":\"2024-02-07T14:20:23+00:00\",\"dateModified\":\"2025-03-20T13:11:24+00:00\",\"breadcrumb\":{\"@id\":\"https:\\\/\\\/biota.nu\\\/de\\\/produkt\\\/biota-vegaline-3-npk-3-2-6-mg\\\/#breadcrumb\"},\"inLanguage\":\"de\",\"potentialAction\":[{\"@type\":\"ReadAction\",\"target\":[\"https:\\\/\\\/biota.nu\\\/de\\\/produkt\\\/biota-vegaline-3-npk-3-2-6-mg\\\/\"]}]},{\"@type\":\"ImageObject\",\"inLanguage\":\"de\",\"@id\":\"https:\\\/\\\/biota.nu\\\/de\\\/produkt\\\/biota-vegaline-3-npk-3-2-6-mg\\\/#primaryimage\",\"url\":\"https:\\\/\\\/biota.nu\\\/wp-content\\\/uploads\\\/IBC_light.jpg\",\"contentUrl\":\"https:\\\/\\\/biota.nu\\\/wp-content\\\/uploads\\\/IBC_light.jpg\",\"width\":1350,\"height\":1350},{\"@type\":\"BreadcrumbList\",\"@id\":\"https:\\\/\\\/biota.nu\\\/de\\\/produkt\\\/biota-vegaline-3-npk-3-2-6-mg\\\/#breadcrumb\",\"itemListElement\":[{\"@type\":\"ListItem\",\"position\":1,\"name\":\"Home\",\"item\":\"https:\\\/\\\/biota.nu\\\/de\\\/?page_id=10242\"},{\"@type\":\"ListItem\",\"position\":2,\"name\":\"Produkte\",\"item\":\"https:\\\/\\\/biota.nu\\\/de\\\/?page_id=10600\"},{\"@type\":\"ListItem\",\"position\":3,\"name\":\"Biota Vegaline 3 (NPK 3-2-6 + Mg)\"}]},{\"@type\":\"WebSite\",\"@id\":\"https:\\\/\\\/biota.nu\\\/de\\\/#website\",\"url\":\"https:\\\/\\\/biota.nu\\\/de\\\/\",\"name\":\"Biota Nutri\",\"description\":\"\",\"publisher\":{\"@id\":\"https:\\\/\\\/biota.nu\\\/de\\\/#organization\"},\"potentialAction\":[{\"@type\":\"SearchAction\",\"target\":{\"@type\":\"EntryPoint\",\"urlTemplate\":\"https:\\\/\\\/biota.nu\\\/de\\\/?s={search_term_string}\"},\"query-input\":{\"@type\":\"PropertyValueSpecification\",\"valueRequired\":true,\"valueName\":\"search_term_string\"}}],\"inLanguage\":\"de\"},{\"@type\":\"Organization\",\"@id\":\"https:\\\/\\\/biota.nu\\\/de\\\/#organization\",\"name\":\"Biota Nutri\",\"url\":\"https:\\\/\\\/biota.nu\\\/de\\\/\",\"logo\":{\"@type\":\"ImageObject\",\"inLanguage\":\"de\",\"@id\":\"https:\\\/\\\/biota.nu\\\/de\\\/#\\\/schema\\\/logo\\\/image\\\/\",\"url\":\"https:\\\/\\\/biota.nu\\\/wp-content\\\/uploads\\\/Biota-Nutri-R.png\",\"contentUrl\":\"https:\\\/\\\/biota.nu\\\/wp-content\\\/uploads\\\/Biota-Nutri-R.png\",\"width\":300,\"height\":220,\"caption\":\"Biota Nutri\"},\"image\":{\"@id\":\"https:\\\/\\\/biota.nu\\\/de\\\/#\\\/schema\\\/logo\\\/image\\\/\"}}]}<\/script>\n<!-- \/ Yoast SEO plugin. -->","yoast_head_json":{"title":"Biota Vegaline 3 (NPK 3-2-6 + Mg) - Biota Nutri","robots":{"index":"index","follow":"follow","max-snippet":"max-snippet:-1","max-image-preview":"max-image-preview:large","max-video-preview":"max-video-preview:-1"},"canonical":"https:\/\/biota.nu\/de\/produkt\/biota-vegaline-3-npk-3-2-6-mg\/","og_locale":"de_DE","og_type":"article","og_title":"Biota Vegaline 3 (NPK 3-2-6 + Mg) - Biota Nutri","og_description":"Die Biota Vegaline Produktlinie ist perfekt f\u00fcr die Verwendung w\u00e4hrend des gesamten Anbauzyklus. Es gibt drei Produkte, die speziell f\u00fcr einen bestimmten Zeitraum des Anbaus [&hellip;]","og_url":"https:\/\/biota.nu\/de\/produkt\/biota-vegaline-3-npk-3-2-6-mg\/","og_site_name":"Biota Nutri","article_modified_time":"2025-03-20T13:11:24+00:00","og_image":[{"width":1350,"height":1350,"url":"https:\/\/biota.nu\/wp-content\/uploads\/IBC_light.jpg","type":"image\/jpeg"}],"twitter_card":"summary_large_image","twitter_misc":{"Gesch\u00e4tzte Lesezeit":"1\u00a0Minute"},"schema":{"@context":"https:\/\/schema.org","@graph":[{"@type":"WebPage","@id":"https:\/\/biota.nu\/de\/produkt\/biota-vegaline-3-npk-3-2-6-mg\/","url":"https:\/\/biota.nu\/de\/produkt\/biota-vegaline-3-npk-3-2-6-mg\/","name":"Biota Vegaline 3 (NPK 3-2-6 + Mg) - Biota Nutri","isPartOf":{"@id":"https:\/\/biota.nu\/de\/#website"},"primaryImageOfPage":{"@id":"https:\/\/biota.nu\/de\/produkt\/biota-vegaline-3-npk-3-2-6-mg\/#primaryimage"},"image":{"@id":"https:\/\/biota.nu\/de\/produkt\/biota-vegaline-3-npk-3-2-6-mg\/#primaryimage"},"thumbnailUrl":"https:\/\/biota.nu\/wp-content\/uploads\/IBC_light.jpg","datePublished":"2024-02-07T14:20:23+00:00","dateModified":"2025-03-20T13:11:24+00:00","breadcrumb":{"@id":"https:\/\/biota.nu\/de\/produkt\/biota-vegaline-3-npk-3-2-6-mg\/#breadcrumb"},"inLanguage":"de","potentialAction":[{"@type":"ReadAction","target":["https:\/\/biota.nu\/de\/produkt\/biota-vegaline-3-npk-3-2-6-mg\/"]}]},{"@type":"ImageObject","inLanguage":"de","@id":"https:\/\/biota.nu\/de\/produkt\/biota-vegaline-3-npk-3-2-6-mg\/#primaryimage","url":"https:\/\/biota.nu\/wp-content\/uploads\/IBC_light.jpg","contentUrl":"https:\/\/biota.nu\/wp-content\/uploads\/IBC_light.jpg","width":1350,"height":1350},{"@type":"BreadcrumbList","@id":"https:\/\/biota.nu\/de\/produkt\/biota-vegaline-3-npk-3-2-6-mg\/#breadcrumb","itemListElement":[{"@type":"ListItem","position":1,"name":"Home","item":"https:\/\/biota.nu\/de\/?page_id=10242"},{"@type":"ListItem","position":2,"name":"Produkte","item":"https:\/\/biota.nu\/de\/?page_id=10600"},{"@type":"ListItem","position":3,"name":"Biota Vegaline 3 (NPK 3-2-6 + Mg)"}]},{"@type":"WebSite","@id":"https:\/\/biota.nu\/de\/#website","url":"https:\/\/biota.nu\/de\/","name":"Biota Nutri","description":"","publisher":{"@id":"https:\/\/biota.nu\/de\/#organization"},"potentialAction":[{"@type":"SearchAction","target":{"@type":"EntryPoint","urlTemplate":"https:\/\/biota.nu\/de\/?s={search_term_string}"},"query-input":{"@type":"PropertyValueSpecification","valueRequired":true,"valueName":"search_term_string"}}],"inLanguage":"de"},{"@type":"Organization","@id":"https:\/\/biota.nu\/de\/#organization","name":"Biota Nutri","url":"https:\/\/biota.nu\/de\/","logo":{"@type":"ImageObject","inLanguage":"de","@id":"https:\/\/biota.nu\/de\/#\/schema\/logo\/image\/","url":"https:\/\/biota.nu\/wp-content\/uploads\/Biota-Nutri-R.png","contentUrl":"https:\/\/biota.nu\/wp-content\/uploads\/Biota-Nutri-R.png","width":300,"height":220,"caption":"Biota Nutri"},"image":{"@id":"https:\/\/biota.nu\/de\/#\/schema\/logo\/image\/"}}]}},"acf":[],"_links":{"self":[{"href":"https:\/\/biota.nu\/de\/wp-json\/wp\/v2\/product\/10837","targetHints":{"allow":["GET"]}}],"collection":[{"href":"https:\/\/biota.nu\/de\/wp-json\/wp\/v2\/product"}],"about":[{"href":"https:\/\/biota.nu\/de\/wp-json\/wp\/v2\/types\/product"}],"wp:featuredmedia":[{"embeddable":true,"href":"https:\/\/biota.nu\/de\/wp-json\/wp\/v2\/media\/10816"}],"wp:attachment":[{"href":"https:\/\/biota.nu\/de\/wp-json\/wp\/v2\/media?parent=10837"}],"wp:term":[{"taxonomy":"product_brand","embeddable":true,"href":"https:\/\/biota.nu\/de\/wp-json\/wp\/v2\/product_brand?post=10837"},{"taxonomy":"product_cat","embeddable":true,"href":"https:\/\/biota.nu\/de\/wp-json\/wp\/v2\/product_cat?post=10837"},{"taxonomy":"product_tag","embeddable":true,"href":"https:\/\/biota.nu\/de\/wp-json\/wp\/v2\/product_tag?post=10837"}],"curies":[{"name":"wp","href":"https:\/\/api.w.org\/{rel}","templated":true}]}}