{"id":10848,"date":"2024-02-07T14:39:56","date_gmt":"2024-02-07T14:39:56","guid":{"rendered":"https:\/\/biota.nu\/product\/biota-amino\/"},"modified":"2025-03-20T13:11:25","modified_gmt":"2025-03-20T13:11:25","slug":"biota-amino","status":"publish","type":"product","link":"https:\/\/biota.nu\/de\/produkt\/biota-amino\/","title":{"rendered":"Biota Amino"},"content":{"rendered":"<p>Biota Amino ist ein fl\u00fcssiger organischer D\u00fcnger, der das Wachstum und die Entwicklung der gr\u00fcnen Pflanzenteile unter rauen Bedingungen stimuliert. Das Ziel von Biota Amino ist es, das Wachstum der Pflanzen und damit die Qualit\u00e4t und Quantit\u00e4t der Produktion zu stimulieren. <\/p>\n<p>Aufgrund seines nat\u00fcrlichen Ursprungs enth\u00e4lt es eine hohe Konzentration an Stickstoff, Aminos\u00e4uren und organischen Stoffen. Au\u00dferdem enth\u00e4lt es Biostimulanzien wie Polysaccharide, Betaine, Proteine, Enzyme, Auxine und Vitamine. Die Verwendung von Biota Amino wirkt sich sowohl auf die Pflanzenqualit\u00e4t als auch auf die Bodenstruktur positiv aus und ist f\u00fcr die Blattanwendung und Bew\u00e4sserung geeignet.  <\/p>\n<p>Die Pflanzenqualit\u00e4t wird durch die hohe Konzentration an freien L-Aminos\u00e4uren verbessert. Aminos\u00e4uren und Polysaccharide verbessern die strukturelle Entwicklung der Pflanze und ihre Energiereservekapazit\u00e4t. Das Aminogramm wurde entwickelt, um die Zellteilung, die metabolische und enzymatische Aktivit\u00e4t und die Widerstandsf\u00e4higkeit gegen Stressbedingungen zu stimulieren. Dieser Stress kann durch Wetterbedingungen, Sch\u00e4den oder ph\u00e4nologische Phasen verursacht werden.   <\/p>\n<p>Die organischen Stoffe und Fulvos\u00e4uren tragen zu einer besseren Bodenstruktur bei. Dadurch wird der Boden besser bel\u00fcftet, kann Feuchtigkeit besser halten, hat eine h\u00f6here Kationenaustauschkapazit\u00e4t und ben\u00f6tigt weniger D\u00fcnger. <\/p>\n<p>Biota Amino wird vollst\u00e4ndig aus pflanzlichen Stoffen hergestellt und ist f\u00fcr die Verwendung im europ\u00e4ischen \u00f6kologischen Land- und Gartenbau zugelassen. Die Inhaltsstoffe werden teilweise aus landwirtschaftlichen Abf\u00e4llen gewonnen.  Aufgrund des nat\u00fcrlichen Ursprungs kann der N\u00e4hrstoffgehalt variieren.<\/p>\n","protected":false},"excerpt":{"rendered":"<p>Biota Amino ist ein fl\u00fcssiger organischer D\u00fcnger, der das Wachstum und die Entwicklung der gr\u00fcnen Pflanzenteile unter rauen Bedingungen stimuliert. Das Ziel von Biota Amino [&hellip;]<\/p>\n","protected":false},"featured_media":10851,"template":"","meta":[],"product_brand":[],"product_cat":[226],"product_tag":[],"class_list":{"0":"post-10848","1":"product","2":"type-product","3":"status-publish","4":"has-post-thumbnail","6":"product_cat-biostimulanzien","8":"first","9":"instock","10":"shipping-taxable","11":"product-type-simple"},"yoast_head":"<!-- This site is optimized with the Yoast SEO plugin v27.3 - https:\/\/yoast.com\/product\/yoast-seo-wordpress\/ -->\n<title>Biota Amino - Biota Nutri<\/title>\n<meta name=\"robots\" content=\"index, follow, max-snippet:-1, max-image-preview:large, max-video-preview:-1\" \/>\n<link rel=\"canonical\" href=\"https:\/\/biota.nu\/de\/produkt\/biota-amino\/\" \/>\n<meta property=\"og:locale\" content=\"de_DE\" \/>\n<meta property=\"og:type\" content=\"article\" \/>\n<meta property=\"og:title\" content=\"Biota Amino - Biota Nutri\" \/>\n<meta property=\"og:description\" content=\"Biota Amino ist ein fl\u00fcssiger organischer D\u00fcnger, der das Wachstum und die Entwicklung der gr\u00fcnen Pflanzenteile unter rauen Bedingungen stimuliert. Das Ziel von Biota Amino [&hellip;]\" \/>\n<meta property=\"og:url\" content=\"https:\/\/biota.nu\/de\/produkt\/biota-amino\/\" \/>\n<meta property=\"og:site_name\" content=\"Biota Nutri\" \/>\n<meta property=\"article:modified_time\" content=\"2025-03-20T13:11:25+00:00\" \/>\n<meta property=\"og:image\" content=\"https:\/\/biota.nu\/wp-content\/uploads\/Biota-Amino-EU-can-s.jpg\" \/>\n\t<meta property=\"og:image:width\" content=\"600\" \/>\n\t<meta property=\"og:image:height\" content=\"600\" \/>\n\t<meta property=\"og:image:type\" content=\"image\/jpeg\" \/>\n<meta name=\"twitter:card\" content=\"summary_large_image\" \/>\n<meta name=\"twitter:label1\" content=\"Gesch\u00e4tzte Lesezeit\" \/>\n\t<meta name=\"twitter:data1\" content=\"1\u00a0Minute\" \/>\n<script type=\"application\/ld+json\" class=\"yoast-schema-graph\">{\"@context\":\"https:\\\/\\\/schema.org\",\"@graph\":[{\"@type\":\"WebPage\",\"@id\":\"https:\\\/\\\/biota.nu\\\/de\\\/produkt\\\/biota-amino\\\/\",\"url\":\"https:\\\/\\\/biota.nu\\\/de\\\/produkt\\\/biota-amino\\\/\",\"name\":\"Biota Amino - Biota Nutri\",\"isPartOf\":{\"@id\":\"https:\\\/\\\/biota.nu\\\/de\\\/#website\"},\"primaryImageOfPage\":{\"@id\":\"https:\\\/\\\/biota.nu\\\/de\\\/produkt\\\/biota-amino\\\/#primaryimage\"},\"image\":{\"@id\":\"https:\\\/\\\/biota.nu\\\/de\\\/produkt\\\/biota-amino\\\/#primaryimage\"},\"thumbnailUrl\":\"https:\\\/\\\/biota.nu\\\/wp-content\\\/uploads\\\/Biota-Amino-EU-can-s.jpg\",\"datePublished\":\"2024-02-07T14:39:56+00:00\",\"dateModified\":\"2025-03-20T13:11:25+00:00\",\"breadcrumb\":{\"@id\":\"https:\\\/\\\/biota.nu\\\/de\\\/produkt\\\/biota-amino\\\/#breadcrumb\"},\"inLanguage\":\"de\",\"potentialAction\":[{\"@type\":\"ReadAction\",\"target\":[\"https:\\\/\\\/biota.nu\\\/de\\\/produkt\\\/biota-amino\\\/\"]}]},{\"@type\":\"ImageObject\",\"inLanguage\":\"de\",\"@id\":\"https:\\\/\\\/biota.nu\\\/de\\\/produkt\\\/biota-amino\\\/#primaryimage\",\"url\":\"https:\\\/\\\/biota.nu\\\/wp-content\\\/uploads\\\/Biota-Amino-EU-can-s.jpg\",\"contentUrl\":\"https:\\\/\\\/biota.nu\\\/wp-content\\\/uploads\\\/Biota-Amino-EU-can-s.jpg\",\"width\":600,\"height\":600},{\"@type\":\"BreadcrumbList\",\"@id\":\"https:\\\/\\\/biota.nu\\\/de\\\/produkt\\\/biota-amino\\\/#breadcrumb\",\"itemListElement\":[{\"@type\":\"ListItem\",\"position\":1,\"name\":\"Home\",\"item\":\"https:\\\/\\\/biota.nu\\\/de\\\/?page_id=10242\"},{\"@type\":\"ListItem\",\"position\":2,\"name\":\"Produkte\",\"item\":\"https:\\\/\\\/biota.nu\\\/de\\\/?page_id=10600\"},{\"@type\":\"ListItem\",\"position\":3,\"name\":\"Biota Amino\"}]},{\"@type\":\"WebSite\",\"@id\":\"https:\\\/\\\/biota.nu\\\/de\\\/#website\",\"url\":\"https:\\\/\\\/biota.nu\\\/de\\\/\",\"name\":\"Biota Nutri\",\"description\":\"\",\"publisher\":{\"@id\":\"https:\\\/\\\/biota.nu\\\/de\\\/#organization\"},\"potentialAction\":[{\"@type\":\"SearchAction\",\"target\":{\"@type\":\"EntryPoint\",\"urlTemplate\":\"https:\\\/\\\/biota.nu\\\/de\\\/?s={search_term_string}\"},\"query-input\":{\"@type\":\"PropertyValueSpecification\",\"valueRequired\":true,\"valueName\":\"search_term_string\"}}],\"inLanguage\":\"de\"},{\"@type\":\"Organization\",\"@id\":\"https:\\\/\\\/biota.nu\\\/de\\\/#organization\",\"name\":\"Biota Nutri\",\"url\":\"https:\\\/\\\/biota.nu\\\/de\\\/\",\"logo\":{\"@type\":\"ImageObject\",\"inLanguage\":\"de\",\"@id\":\"https:\\\/\\\/biota.nu\\\/de\\\/#\\\/schema\\\/logo\\\/image\\\/\",\"url\":\"https:\\\/\\\/biota.nu\\\/wp-content\\\/uploads\\\/Biota-Nutri-R.png\",\"contentUrl\":\"https:\\\/\\\/biota.nu\\\/wp-content\\\/uploads\\\/Biota-Nutri-R.png\",\"width\":300,\"height\":220,\"caption\":\"Biota Nutri\"},\"image\":{\"@id\":\"https:\\\/\\\/biota.nu\\\/de\\\/#\\\/schema\\\/logo\\\/image\\\/\"}}]}<\/script>\n<!-- \/ Yoast SEO plugin. -->","yoast_head_json":{"title":"Biota Amino - Biota Nutri","robots":{"index":"index","follow":"follow","max-snippet":"max-snippet:-1","max-image-preview":"max-image-preview:large","max-video-preview":"max-video-preview:-1"},"canonical":"https:\/\/biota.nu\/de\/produkt\/biota-amino\/","og_locale":"de_DE","og_type":"article","og_title":"Biota Amino - Biota Nutri","og_description":"Biota Amino ist ein fl\u00fcssiger organischer D\u00fcnger, der das Wachstum und die Entwicklung der gr\u00fcnen Pflanzenteile unter rauen Bedingungen stimuliert. Das Ziel von Biota Amino [&hellip;]","og_url":"https:\/\/biota.nu\/de\/produkt\/biota-amino\/","og_site_name":"Biota Nutri","article_modified_time":"2025-03-20T13:11:25+00:00","og_image":[{"width":600,"height":600,"url":"https:\/\/biota.nu\/wp-content\/uploads\/Biota-Amino-EU-can-s.jpg","type":"image\/jpeg"}],"twitter_card":"summary_large_image","twitter_misc":{"Gesch\u00e4tzte Lesezeit":"1\u00a0Minute"},"schema":{"@context":"https:\/\/schema.org","@graph":[{"@type":"WebPage","@id":"https:\/\/biota.nu\/de\/produkt\/biota-amino\/","url":"https:\/\/biota.nu\/de\/produkt\/biota-amino\/","name":"Biota Amino - Biota Nutri","isPartOf":{"@id":"https:\/\/biota.nu\/de\/#website"},"primaryImageOfPage":{"@id":"https:\/\/biota.nu\/de\/produkt\/biota-amino\/#primaryimage"},"image":{"@id":"https:\/\/biota.nu\/de\/produkt\/biota-amino\/#primaryimage"},"thumbnailUrl":"https:\/\/biota.nu\/wp-content\/uploads\/Biota-Amino-EU-can-s.jpg","datePublished":"2024-02-07T14:39:56+00:00","dateModified":"2025-03-20T13:11:25+00:00","breadcrumb":{"@id":"https:\/\/biota.nu\/de\/produkt\/biota-amino\/#breadcrumb"},"inLanguage":"de","potentialAction":[{"@type":"ReadAction","target":["https:\/\/biota.nu\/de\/produkt\/biota-amino\/"]}]},{"@type":"ImageObject","inLanguage":"de","@id":"https:\/\/biota.nu\/de\/produkt\/biota-amino\/#primaryimage","url":"https:\/\/biota.nu\/wp-content\/uploads\/Biota-Amino-EU-can-s.jpg","contentUrl":"https:\/\/biota.nu\/wp-content\/uploads\/Biota-Amino-EU-can-s.jpg","width":600,"height":600},{"@type":"BreadcrumbList","@id":"https:\/\/biota.nu\/de\/produkt\/biota-amino\/#breadcrumb","itemListElement":[{"@type":"ListItem","position":1,"name":"Home","item":"https:\/\/biota.nu\/de\/?page_id=10242"},{"@type":"ListItem","position":2,"name":"Produkte","item":"https:\/\/biota.nu\/de\/?page_id=10600"},{"@type":"ListItem","position":3,"name":"Biota Amino"}]},{"@type":"WebSite","@id":"https:\/\/biota.nu\/de\/#website","url":"https:\/\/biota.nu\/de\/","name":"Biota Nutri","description":"","publisher":{"@id":"https:\/\/biota.nu\/de\/#organization"},"potentialAction":[{"@type":"SearchAction","target":{"@type":"EntryPoint","urlTemplate":"https:\/\/biota.nu\/de\/?s={search_term_string}"},"query-input":{"@type":"PropertyValueSpecification","valueRequired":true,"valueName":"search_term_string"}}],"inLanguage":"de"},{"@type":"Organization","@id":"https:\/\/biota.nu\/de\/#organization","name":"Biota Nutri","url":"https:\/\/biota.nu\/de\/","logo":{"@type":"ImageObject","inLanguage":"de","@id":"https:\/\/biota.nu\/de\/#\/schema\/logo\/image\/","url":"https:\/\/biota.nu\/wp-content\/uploads\/Biota-Nutri-R.png","contentUrl":"https:\/\/biota.nu\/wp-content\/uploads\/Biota-Nutri-R.png","width":300,"height":220,"caption":"Biota Nutri"},"image":{"@id":"https:\/\/biota.nu\/de\/#\/schema\/logo\/image\/"}}]}},"acf":[],"_links":{"self":[{"href":"https:\/\/biota.nu\/de\/wp-json\/wp\/v2\/product\/10848","targetHints":{"allow":["GET"]}}],"collection":[{"href":"https:\/\/biota.nu\/de\/wp-json\/wp\/v2\/product"}],"about":[{"href":"https:\/\/biota.nu\/de\/wp-json\/wp\/v2\/types\/product"}],"wp:featuredmedia":[{"embeddable":true,"href":"https:\/\/biota.nu\/de\/wp-json\/wp\/v2\/media\/10851"}],"wp:attachment":[{"href":"https:\/\/biota.nu\/de\/wp-json\/wp\/v2\/media?parent=10848"}],"wp:term":[{"taxonomy":"product_brand","embeddable":true,"href":"https:\/\/biota.nu\/de\/wp-json\/wp\/v2\/product_brand?post=10848"},{"taxonomy":"product_cat","embeddable":true,"href":"https:\/\/biota.nu\/de\/wp-json\/wp\/v2\/product_cat?post=10848"},{"taxonomy":"product_tag","embeddable":true,"href":"https:\/\/biota.nu\/de\/wp-json\/wp\/v2\/product_tag?post=10848"}],"curies":[{"name":"wp","href":"https:\/\/api.w.org\/{rel}","templated":true}]}}