{"id":10930,"date":"2024-02-24T14:09:01","date_gmt":"2024-02-24T14:09:01","guid":{"rendered":"https:\/\/biota.nu\/product\/biota-nitro-v2\/"},"modified":"2025-03-20T13:11:30","modified_gmt":"2025-03-20T13:11:30","slug":"biota-nitro-v2","status":"publish","type":"product","link":"https:\/\/biota.nu\/de\/produkt\/biota-nitro-v2\/","title":{"rendered":"Biota Nitro V2"},"content":{"rendered":"<p>Biota Nitro 2021 ist ein Stickstoffd\u00fcnger in organischer Form, der sowohl die Pflanze als auch das Bodenleben ern\u00e4hrt. Der Stickstoff in Biota Nitro 2021 besteht haupts\u00e4chlich aus Peptiden und Aminos\u00e4uren, Substanzen, die f\u00fcr das Wachstum der Pflanze unerl\u00e4sslich sind. Die Aminos\u00e4uren in Biota Nitro werden aus Pflanzenresten hergestellt und k\u00f6nnen daher von den Pflanzen leicht verwertet werden. Nitro V2 ist frei von Natrium und Chlor. Die L\u00f6sung ist f\u00fcr den Einsatz in Bew\u00e4sserungssystemen und Tropfleitungen geeignet. Dar\u00fcber hinaus eignet sich Biota Nitro f\u00fcr die Blattd\u00fcngung, zum Beispiel bei Stickstoffmangel der Pflanze.     <\/p>\n","protected":false},"excerpt":{"rendered":"<p>Biota Nitro 2021 ist ein Stickstoffd\u00fcnger in organischer Form, der sowohl die Pflanze als auch das Bodenleben ern\u00e4hrt. Der Stickstoff in Biota Nitro 2021 besteht [&hellip;]<\/p>\n","protected":false},"featured_media":10932,"template":"","meta":[],"product_brand":[],"product_cat":[218],"product_tag":[],"class_list":{"0":"post-10930","1":"product","2":"type-product","3":"status-publish","4":"has-post-thumbnail","6":"product_cat-ein-element-dunger","8":"first","9":"instock","10":"shipping-taxable","11":"product-type-simple"},"yoast_head":"<!-- This site is optimized with the Yoast SEO plugin v27.3 - https:\/\/yoast.com\/product\/yoast-seo-wordpress\/ -->\n<title>Biota Nitro V2 - Biota Nutri<\/title>\n<meta name=\"robots\" content=\"index, follow, max-snippet:-1, max-image-preview:large, max-video-preview:-1\" \/>\n<link rel=\"canonical\" href=\"https:\/\/biota.nu\/de\/produkt\/biota-nitro-v2\/\" \/>\n<meta property=\"og:locale\" content=\"de_DE\" \/>\n<meta property=\"og:type\" content=\"article\" \/>\n<meta property=\"og:title\" content=\"Biota Nitro V2 - Biota Nutri\" \/>\n<meta property=\"og:description\" content=\"Biota Nitro 2021 ist ein Stickstoffd\u00fcnger in organischer Form, der sowohl die Pflanze als auch das Bodenleben ern\u00e4hrt. Der Stickstoff in Biota Nitro 2021 besteht [&hellip;]\" \/>\n<meta property=\"og:url\" content=\"https:\/\/biota.nu\/de\/produkt\/biota-nitro-v2\/\" \/>\n<meta property=\"og:site_name\" content=\"Biota Nutri\" \/>\n<meta property=\"article:modified_time\" content=\"2025-03-20T13:11:30+00:00\" \/>\n<meta property=\"og:image\" content=\"https:\/\/biota.nu\/wp-content\/uploads\/WhatsApp-Image-2024-04-15-at-15.06.14_e993fd98.jpg\" \/>\n\t<meta property=\"og:image:width\" content=\"1494\" \/>\n\t<meta property=\"og:image:height\" content=\"1121\" \/>\n\t<meta property=\"og:image:type\" content=\"image\/jpeg\" \/>\n<meta name=\"twitter:card\" content=\"summary_large_image\" \/>\n<meta name=\"twitter:label1\" content=\"Gesch\u00e4tzte Lesezeit\" \/>\n\t<meta name=\"twitter:data1\" content=\"1\u00a0Minute\" \/>\n<script type=\"application\/ld+json\" class=\"yoast-schema-graph\">{\"@context\":\"https:\\\/\\\/schema.org\",\"@graph\":[{\"@type\":\"WebPage\",\"@id\":\"https:\\\/\\\/biota.nu\\\/de\\\/produkt\\\/biota-nitro-v2\\\/\",\"url\":\"https:\\\/\\\/biota.nu\\\/de\\\/produkt\\\/biota-nitro-v2\\\/\",\"name\":\"Biota Nitro V2 - Biota Nutri\",\"isPartOf\":{\"@id\":\"https:\\\/\\\/biota.nu\\\/de\\\/#website\"},\"primaryImageOfPage\":{\"@id\":\"https:\\\/\\\/biota.nu\\\/de\\\/produkt\\\/biota-nitro-v2\\\/#primaryimage\"},\"image\":{\"@id\":\"https:\\\/\\\/biota.nu\\\/de\\\/produkt\\\/biota-nitro-v2\\\/#primaryimage\"},\"thumbnailUrl\":\"https:\\\/\\\/biota.nu\\\/wp-content\\\/uploads\\\/WhatsApp-Image-2024-04-15-at-15.06.14_e993fd98.jpg\",\"datePublished\":\"2024-02-24T14:09:01+00:00\",\"dateModified\":\"2025-03-20T13:11:30+00:00\",\"breadcrumb\":{\"@id\":\"https:\\\/\\\/biota.nu\\\/de\\\/produkt\\\/biota-nitro-v2\\\/#breadcrumb\"},\"inLanguage\":\"de\",\"potentialAction\":[{\"@type\":\"ReadAction\",\"target\":[\"https:\\\/\\\/biota.nu\\\/de\\\/produkt\\\/biota-nitro-v2\\\/\"]}]},{\"@type\":\"ImageObject\",\"inLanguage\":\"de\",\"@id\":\"https:\\\/\\\/biota.nu\\\/de\\\/produkt\\\/biota-nitro-v2\\\/#primaryimage\",\"url\":\"https:\\\/\\\/biota.nu\\\/wp-content\\\/uploads\\\/WhatsApp-Image-2024-04-15-at-15.06.14_e993fd98.jpg\",\"contentUrl\":\"https:\\\/\\\/biota.nu\\\/wp-content\\\/uploads\\\/WhatsApp-Image-2024-04-15-at-15.06.14_e993fd98.jpg\",\"width\":1494,\"height\":1121},{\"@type\":\"BreadcrumbList\",\"@id\":\"https:\\\/\\\/biota.nu\\\/de\\\/produkt\\\/biota-nitro-v2\\\/#breadcrumb\",\"itemListElement\":[{\"@type\":\"ListItem\",\"position\":1,\"name\":\"Home\",\"item\":\"https:\\\/\\\/biota.nu\\\/de\\\/?page_id=10242\"},{\"@type\":\"ListItem\",\"position\":2,\"name\":\"Produkte\",\"item\":\"https:\\\/\\\/biota.nu\\\/de\\\/?page_id=10600\"},{\"@type\":\"ListItem\",\"position\":3,\"name\":\"Biota Nitro V2\"}]},{\"@type\":\"WebSite\",\"@id\":\"https:\\\/\\\/biota.nu\\\/de\\\/#website\",\"url\":\"https:\\\/\\\/biota.nu\\\/de\\\/\",\"name\":\"Biota Nutri\",\"description\":\"\",\"publisher\":{\"@id\":\"https:\\\/\\\/biota.nu\\\/de\\\/#organization\"},\"potentialAction\":[{\"@type\":\"SearchAction\",\"target\":{\"@type\":\"EntryPoint\",\"urlTemplate\":\"https:\\\/\\\/biota.nu\\\/de\\\/?s={search_term_string}\"},\"query-input\":{\"@type\":\"PropertyValueSpecification\",\"valueRequired\":true,\"valueName\":\"search_term_string\"}}],\"inLanguage\":\"de\"},{\"@type\":\"Organization\",\"@id\":\"https:\\\/\\\/biota.nu\\\/de\\\/#organization\",\"name\":\"Biota Nutri\",\"url\":\"https:\\\/\\\/biota.nu\\\/de\\\/\",\"logo\":{\"@type\":\"ImageObject\",\"inLanguage\":\"de\",\"@id\":\"https:\\\/\\\/biota.nu\\\/de\\\/#\\\/schema\\\/logo\\\/image\\\/\",\"url\":\"https:\\\/\\\/biota.nu\\\/wp-content\\\/uploads\\\/Biota-Nutri-R.png\",\"contentUrl\":\"https:\\\/\\\/biota.nu\\\/wp-content\\\/uploads\\\/Biota-Nutri-R.png\",\"width\":300,\"height\":220,\"caption\":\"Biota Nutri\"},\"image\":{\"@id\":\"https:\\\/\\\/biota.nu\\\/de\\\/#\\\/schema\\\/logo\\\/image\\\/\"}}]}<\/script>\n<!-- \/ Yoast SEO plugin. -->","yoast_head_json":{"title":"Biota Nitro V2 - Biota Nutri","robots":{"index":"index","follow":"follow","max-snippet":"max-snippet:-1","max-image-preview":"max-image-preview:large","max-video-preview":"max-video-preview:-1"},"canonical":"https:\/\/biota.nu\/de\/produkt\/biota-nitro-v2\/","og_locale":"de_DE","og_type":"article","og_title":"Biota Nitro V2 - Biota Nutri","og_description":"Biota Nitro 2021 ist ein Stickstoffd\u00fcnger in organischer Form, der sowohl die Pflanze als auch das Bodenleben ern\u00e4hrt. Der Stickstoff in Biota Nitro 2021 besteht [&hellip;]","og_url":"https:\/\/biota.nu\/de\/produkt\/biota-nitro-v2\/","og_site_name":"Biota Nutri","article_modified_time":"2025-03-20T13:11:30+00:00","og_image":[{"width":1494,"height":1121,"url":"https:\/\/biota.nu\/wp-content\/uploads\/WhatsApp-Image-2024-04-15-at-15.06.14_e993fd98.jpg","type":"image\/jpeg"}],"twitter_card":"summary_large_image","twitter_misc":{"Gesch\u00e4tzte Lesezeit":"1\u00a0Minute"},"schema":{"@context":"https:\/\/schema.org","@graph":[{"@type":"WebPage","@id":"https:\/\/biota.nu\/de\/produkt\/biota-nitro-v2\/","url":"https:\/\/biota.nu\/de\/produkt\/biota-nitro-v2\/","name":"Biota Nitro V2 - Biota Nutri","isPartOf":{"@id":"https:\/\/biota.nu\/de\/#website"},"primaryImageOfPage":{"@id":"https:\/\/biota.nu\/de\/produkt\/biota-nitro-v2\/#primaryimage"},"image":{"@id":"https:\/\/biota.nu\/de\/produkt\/biota-nitro-v2\/#primaryimage"},"thumbnailUrl":"https:\/\/biota.nu\/wp-content\/uploads\/WhatsApp-Image-2024-04-15-at-15.06.14_e993fd98.jpg","datePublished":"2024-02-24T14:09:01+00:00","dateModified":"2025-03-20T13:11:30+00:00","breadcrumb":{"@id":"https:\/\/biota.nu\/de\/produkt\/biota-nitro-v2\/#breadcrumb"},"inLanguage":"de","potentialAction":[{"@type":"ReadAction","target":["https:\/\/biota.nu\/de\/produkt\/biota-nitro-v2\/"]}]},{"@type":"ImageObject","inLanguage":"de","@id":"https:\/\/biota.nu\/de\/produkt\/biota-nitro-v2\/#primaryimage","url":"https:\/\/biota.nu\/wp-content\/uploads\/WhatsApp-Image-2024-04-15-at-15.06.14_e993fd98.jpg","contentUrl":"https:\/\/biota.nu\/wp-content\/uploads\/WhatsApp-Image-2024-04-15-at-15.06.14_e993fd98.jpg","width":1494,"height":1121},{"@type":"BreadcrumbList","@id":"https:\/\/biota.nu\/de\/produkt\/biota-nitro-v2\/#breadcrumb","itemListElement":[{"@type":"ListItem","position":1,"name":"Home","item":"https:\/\/biota.nu\/de\/?page_id=10242"},{"@type":"ListItem","position":2,"name":"Produkte","item":"https:\/\/biota.nu\/de\/?page_id=10600"},{"@type":"ListItem","position":3,"name":"Biota Nitro V2"}]},{"@type":"WebSite","@id":"https:\/\/biota.nu\/de\/#website","url":"https:\/\/biota.nu\/de\/","name":"Biota Nutri","description":"","publisher":{"@id":"https:\/\/biota.nu\/de\/#organization"},"potentialAction":[{"@type":"SearchAction","target":{"@type":"EntryPoint","urlTemplate":"https:\/\/biota.nu\/de\/?s={search_term_string}"},"query-input":{"@type":"PropertyValueSpecification","valueRequired":true,"valueName":"search_term_string"}}],"inLanguage":"de"},{"@type":"Organization","@id":"https:\/\/biota.nu\/de\/#organization","name":"Biota Nutri","url":"https:\/\/biota.nu\/de\/","logo":{"@type":"ImageObject","inLanguage":"de","@id":"https:\/\/biota.nu\/de\/#\/schema\/logo\/image\/","url":"https:\/\/biota.nu\/wp-content\/uploads\/Biota-Nutri-R.png","contentUrl":"https:\/\/biota.nu\/wp-content\/uploads\/Biota-Nutri-R.png","width":300,"height":220,"caption":"Biota Nutri"},"image":{"@id":"https:\/\/biota.nu\/de\/#\/schema\/logo\/image\/"}}]}},"acf":[],"_links":{"self":[{"href":"https:\/\/biota.nu\/de\/wp-json\/wp\/v2\/product\/10930","targetHints":{"allow":["GET"]}}],"collection":[{"href":"https:\/\/biota.nu\/de\/wp-json\/wp\/v2\/product"}],"about":[{"href":"https:\/\/biota.nu\/de\/wp-json\/wp\/v2\/types\/product"}],"wp:featuredmedia":[{"embeddable":true,"href":"https:\/\/biota.nu\/de\/wp-json\/wp\/v2\/media\/10932"}],"wp:attachment":[{"href":"https:\/\/biota.nu\/de\/wp-json\/wp\/v2\/media?parent=10930"}],"wp:term":[{"taxonomy":"product_brand","embeddable":true,"href":"https:\/\/biota.nu\/de\/wp-json\/wp\/v2\/product_brand?post=10930"},{"taxonomy":"product_cat","embeddable":true,"href":"https:\/\/biota.nu\/de\/wp-json\/wp\/v2\/product_cat?post=10930"},{"taxonomy":"product_tag","embeddable":true,"href":"https:\/\/biota.nu\/de\/wp-json\/wp\/v2\/product_tag?post=10930"}],"curies":[{"name":"wp","href":"https:\/\/api.w.org\/{rel}","templated":true}]}}