{"id":10947,"date":"2024-02-24T14:31:35","date_gmt":"2024-02-24T14:31:35","guid":{"rendered":"https:\/\/biota.nu\/product\/biota-nitro-nk-4-2-8-lo\/"},"modified":"2025-03-20T13:11:35","modified_gmt":"2025-03-20T13:11:35","slug":"biota-nitro-nk-4-2-8-lo","status":"publish","type":"product","link":"https:\/\/biota.nu\/de\/produkt\/biota-nitro-nk-4-2-8-lo\/","title":{"rendered":"Biota Nitro NK 4-2-8 LO"},"content":{"rendered":"<p>Biota NPK 4-2-8 Low Organic ist ein Mehrn\u00e4hrstoffd\u00fcnger, der sich besonders f\u00fcr den Einsatz im letzten Teil des Erntezyklus eignet. Er ist einzigartig, da er f\u00fcr den Einsatz im \u00f6kologischen Landbau zugelassen ist und einen geringen Gehalt an organischen Stoffen, Chlor, Natrium und Schwefel aufweist. Aufgrund des einzigartigen Herstellungsverfahrens liegen die N\u00e4hrstoffe in L\u00f6sung vor und sind daher f\u00fcr die Pflanze direkt verf\u00fcgbar, sowohl bei der Blattanwendung als auch bei der Bew\u00e4sserung. Die N\u00e4hrstoffe werden aus pflanzlichen Materialien gewonnen, teilweise aus landwirtschaftlichen Reststr\u00f6men.   <\/p>\n","protected":false},"excerpt":{"rendered":"<p>Biota NPK 4-2-8 Low Organic ist ein Mehrn\u00e4hrstoffd\u00fcnger, der sich besonders f\u00fcr den Einsatz im letzten Teil des Erntezyklus eignet. Er ist einzigartig, da er [&hellip;]<\/p>\n","protected":false},"featured_media":10816,"template":"","meta":[],"product_brand":[],"product_cat":[222],"product_tag":[],"class_list":{"0":"post-10947","1":"product","2":"type-product","3":"status-publish","4":"has-post-thumbnail","6":"product_cat-niedrige-organische-npks","8":"first","9":"instock","10":"shipping-taxable","11":"product-type-simple"},"yoast_head":"<!-- This site is optimized with the Yoast SEO plugin v27.3 - https:\/\/yoast.com\/product\/yoast-seo-wordpress\/ -->\n<title>Biota Nitro NK 4-2-8 LO - Biota Nutri<\/title>\n<meta name=\"robots\" content=\"index, follow, max-snippet:-1, max-image-preview:large, max-video-preview:-1\" \/>\n<link rel=\"canonical\" href=\"https:\/\/biota.nu\/de\/produkt\/biota-nitro-nk-4-2-8-lo\/\" \/>\n<meta property=\"og:locale\" content=\"de_DE\" \/>\n<meta property=\"og:type\" content=\"article\" \/>\n<meta property=\"og:title\" content=\"Biota Nitro NK 4-2-8 LO - Biota Nutri\" \/>\n<meta property=\"og:description\" content=\"Biota NPK 4-2-8 Low Organic ist ein Mehrn\u00e4hrstoffd\u00fcnger, der sich besonders f\u00fcr den Einsatz im letzten Teil des Erntezyklus eignet. Er ist einzigartig, da er [&hellip;]\" \/>\n<meta property=\"og:url\" content=\"https:\/\/biota.nu\/de\/produkt\/biota-nitro-nk-4-2-8-lo\/\" \/>\n<meta property=\"og:site_name\" content=\"Biota Nutri\" \/>\n<meta property=\"article:modified_time\" content=\"2025-03-20T13:11:35+00:00\" \/>\n<meta property=\"og:image\" content=\"https:\/\/biota.nu\/wp-content\/uploads\/IBC_light.jpg\" \/>\n\t<meta property=\"og:image:width\" content=\"1350\" \/>\n\t<meta property=\"og:image:height\" content=\"1350\" \/>\n\t<meta property=\"og:image:type\" content=\"image\/jpeg\" \/>\n<meta name=\"twitter:card\" content=\"summary_large_image\" \/>\n<script type=\"application\/ld+json\" class=\"yoast-schema-graph\">{\"@context\":\"https:\\\/\\\/schema.org\",\"@graph\":[{\"@type\":\"WebPage\",\"@id\":\"https:\\\/\\\/biota.nu\\\/de\\\/produkt\\\/biota-nitro-nk-4-2-8-lo\\\/\",\"url\":\"https:\\\/\\\/biota.nu\\\/de\\\/produkt\\\/biota-nitro-nk-4-2-8-lo\\\/\",\"name\":\"Biota Nitro NK 4-2-8 LO - Biota Nutri\",\"isPartOf\":{\"@id\":\"https:\\\/\\\/biota.nu\\\/de\\\/#website\"},\"primaryImageOfPage\":{\"@id\":\"https:\\\/\\\/biota.nu\\\/de\\\/produkt\\\/biota-nitro-nk-4-2-8-lo\\\/#primaryimage\"},\"image\":{\"@id\":\"https:\\\/\\\/biota.nu\\\/de\\\/produkt\\\/biota-nitro-nk-4-2-8-lo\\\/#primaryimage\"},\"thumbnailUrl\":\"https:\\\/\\\/biota.nu\\\/wp-content\\\/uploads\\\/IBC_light.jpg\",\"datePublished\":\"2024-02-24T14:31:35+00:00\",\"dateModified\":\"2025-03-20T13:11:35+00:00\",\"breadcrumb\":{\"@id\":\"https:\\\/\\\/biota.nu\\\/de\\\/produkt\\\/biota-nitro-nk-4-2-8-lo\\\/#breadcrumb\"},\"inLanguage\":\"de\",\"potentialAction\":[{\"@type\":\"ReadAction\",\"target\":[\"https:\\\/\\\/biota.nu\\\/de\\\/produkt\\\/biota-nitro-nk-4-2-8-lo\\\/\"]}]},{\"@type\":\"ImageObject\",\"inLanguage\":\"de\",\"@id\":\"https:\\\/\\\/biota.nu\\\/de\\\/produkt\\\/biota-nitro-nk-4-2-8-lo\\\/#primaryimage\",\"url\":\"https:\\\/\\\/biota.nu\\\/wp-content\\\/uploads\\\/IBC_light.jpg\",\"contentUrl\":\"https:\\\/\\\/biota.nu\\\/wp-content\\\/uploads\\\/IBC_light.jpg\",\"width\":1350,\"height\":1350},{\"@type\":\"BreadcrumbList\",\"@id\":\"https:\\\/\\\/biota.nu\\\/de\\\/produkt\\\/biota-nitro-nk-4-2-8-lo\\\/#breadcrumb\",\"itemListElement\":[{\"@type\":\"ListItem\",\"position\":1,\"name\":\"Home\",\"item\":\"https:\\\/\\\/biota.nu\\\/de\\\/?page_id=10242\"},{\"@type\":\"ListItem\",\"position\":2,\"name\":\"Produkte\",\"item\":\"https:\\\/\\\/biota.nu\\\/de\\\/?page_id=10600\"},{\"@type\":\"ListItem\",\"position\":3,\"name\":\"Biota Nitro NK 4-2-8 LO\"}]},{\"@type\":\"WebSite\",\"@id\":\"https:\\\/\\\/biota.nu\\\/de\\\/#website\",\"url\":\"https:\\\/\\\/biota.nu\\\/de\\\/\",\"name\":\"Biota Nutri\",\"description\":\"\",\"publisher\":{\"@id\":\"https:\\\/\\\/biota.nu\\\/de\\\/#organization\"},\"potentialAction\":[{\"@type\":\"SearchAction\",\"target\":{\"@type\":\"EntryPoint\",\"urlTemplate\":\"https:\\\/\\\/biota.nu\\\/de\\\/?s={search_term_string}\"},\"query-input\":{\"@type\":\"PropertyValueSpecification\",\"valueRequired\":true,\"valueName\":\"search_term_string\"}}],\"inLanguage\":\"de\"},{\"@type\":\"Organization\",\"@id\":\"https:\\\/\\\/biota.nu\\\/de\\\/#organization\",\"name\":\"Biota Nutri\",\"url\":\"https:\\\/\\\/biota.nu\\\/de\\\/\",\"logo\":{\"@type\":\"ImageObject\",\"inLanguage\":\"de\",\"@id\":\"https:\\\/\\\/biota.nu\\\/de\\\/#\\\/schema\\\/logo\\\/image\\\/\",\"url\":\"https:\\\/\\\/biota.nu\\\/wp-content\\\/uploads\\\/Biota-Nutri-R.png\",\"contentUrl\":\"https:\\\/\\\/biota.nu\\\/wp-content\\\/uploads\\\/Biota-Nutri-R.png\",\"width\":300,\"height\":220,\"caption\":\"Biota Nutri\"},\"image\":{\"@id\":\"https:\\\/\\\/biota.nu\\\/de\\\/#\\\/schema\\\/logo\\\/image\\\/\"}}]}<\/script>\n<!-- \/ Yoast SEO plugin. -->","yoast_head_json":{"title":"Biota Nitro NK 4-2-8 LO - Biota Nutri","robots":{"index":"index","follow":"follow","max-snippet":"max-snippet:-1","max-image-preview":"max-image-preview:large","max-video-preview":"max-video-preview:-1"},"canonical":"https:\/\/biota.nu\/de\/produkt\/biota-nitro-nk-4-2-8-lo\/","og_locale":"de_DE","og_type":"article","og_title":"Biota Nitro NK 4-2-8 LO - Biota Nutri","og_description":"Biota NPK 4-2-8 Low Organic ist ein Mehrn\u00e4hrstoffd\u00fcnger, der sich besonders f\u00fcr den Einsatz im letzten Teil des Erntezyklus eignet. Er ist einzigartig, da er [&hellip;]","og_url":"https:\/\/biota.nu\/de\/produkt\/biota-nitro-nk-4-2-8-lo\/","og_site_name":"Biota Nutri","article_modified_time":"2025-03-20T13:11:35+00:00","og_image":[{"width":1350,"height":1350,"url":"https:\/\/biota.nu\/wp-content\/uploads\/IBC_light.jpg","type":"image\/jpeg"}],"twitter_card":"summary_large_image","schema":{"@context":"https:\/\/schema.org","@graph":[{"@type":"WebPage","@id":"https:\/\/biota.nu\/de\/produkt\/biota-nitro-nk-4-2-8-lo\/","url":"https:\/\/biota.nu\/de\/produkt\/biota-nitro-nk-4-2-8-lo\/","name":"Biota Nitro NK 4-2-8 LO - Biota Nutri","isPartOf":{"@id":"https:\/\/biota.nu\/de\/#website"},"primaryImageOfPage":{"@id":"https:\/\/biota.nu\/de\/produkt\/biota-nitro-nk-4-2-8-lo\/#primaryimage"},"image":{"@id":"https:\/\/biota.nu\/de\/produkt\/biota-nitro-nk-4-2-8-lo\/#primaryimage"},"thumbnailUrl":"https:\/\/biota.nu\/wp-content\/uploads\/IBC_light.jpg","datePublished":"2024-02-24T14:31:35+00:00","dateModified":"2025-03-20T13:11:35+00:00","breadcrumb":{"@id":"https:\/\/biota.nu\/de\/produkt\/biota-nitro-nk-4-2-8-lo\/#breadcrumb"},"inLanguage":"de","potentialAction":[{"@type":"ReadAction","target":["https:\/\/biota.nu\/de\/produkt\/biota-nitro-nk-4-2-8-lo\/"]}]},{"@type":"ImageObject","inLanguage":"de","@id":"https:\/\/biota.nu\/de\/produkt\/biota-nitro-nk-4-2-8-lo\/#primaryimage","url":"https:\/\/biota.nu\/wp-content\/uploads\/IBC_light.jpg","contentUrl":"https:\/\/biota.nu\/wp-content\/uploads\/IBC_light.jpg","width":1350,"height":1350},{"@type":"BreadcrumbList","@id":"https:\/\/biota.nu\/de\/produkt\/biota-nitro-nk-4-2-8-lo\/#breadcrumb","itemListElement":[{"@type":"ListItem","position":1,"name":"Home","item":"https:\/\/biota.nu\/de\/?page_id=10242"},{"@type":"ListItem","position":2,"name":"Produkte","item":"https:\/\/biota.nu\/de\/?page_id=10600"},{"@type":"ListItem","position":3,"name":"Biota Nitro NK 4-2-8 LO"}]},{"@type":"WebSite","@id":"https:\/\/biota.nu\/de\/#website","url":"https:\/\/biota.nu\/de\/","name":"Biota Nutri","description":"","publisher":{"@id":"https:\/\/biota.nu\/de\/#organization"},"potentialAction":[{"@type":"SearchAction","target":{"@type":"EntryPoint","urlTemplate":"https:\/\/biota.nu\/de\/?s={search_term_string}"},"query-input":{"@type":"PropertyValueSpecification","valueRequired":true,"valueName":"search_term_string"}}],"inLanguage":"de"},{"@type":"Organization","@id":"https:\/\/biota.nu\/de\/#organization","name":"Biota Nutri","url":"https:\/\/biota.nu\/de\/","logo":{"@type":"ImageObject","inLanguage":"de","@id":"https:\/\/biota.nu\/de\/#\/schema\/logo\/image\/","url":"https:\/\/biota.nu\/wp-content\/uploads\/Biota-Nutri-R.png","contentUrl":"https:\/\/biota.nu\/wp-content\/uploads\/Biota-Nutri-R.png","width":300,"height":220,"caption":"Biota Nutri"},"image":{"@id":"https:\/\/biota.nu\/de\/#\/schema\/logo\/image\/"}}]}},"acf":[],"_links":{"self":[{"href":"https:\/\/biota.nu\/de\/wp-json\/wp\/v2\/product\/10947","targetHints":{"allow":["GET"]}}],"collection":[{"href":"https:\/\/biota.nu\/de\/wp-json\/wp\/v2\/product"}],"about":[{"href":"https:\/\/biota.nu\/de\/wp-json\/wp\/v2\/types\/product"}],"wp:featuredmedia":[{"embeddable":true,"href":"https:\/\/biota.nu\/de\/wp-json\/wp\/v2\/media\/10816"}],"wp:attachment":[{"href":"https:\/\/biota.nu\/de\/wp-json\/wp\/v2\/media?parent=10947"}],"wp:term":[{"taxonomy":"product_brand","embeddable":true,"href":"https:\/\/biota.nu\/de\/wp-json\/wp\/v2\/product_brand?post=10947"},{"taxonomy":"product_cat","embeddable":true,"href":"https:\/\/biota.nu\/de\/wp-json\/wp\/v2\/product_cat?post=10947"},{"taxonomy":"product_tag","embeddable":true,"href":"https:\/\/biota.nu\/de\/wp-json\/wp\/v2\/product_tag?post=10947"}],"curies":[{"name":"wp","href":"https:\/\/api.w.org\/{rel}","templated":true}]}}