{"id":10960,"date":"2024-02-24T14:44:00","date_gmt":"2024-02-24T14:44:00","guid":{"rendered":"https:\/\/biota.nu\/product\/biota-4-2-8-hoch-organisch\/"},"modified":"2025-03-20T13:11:36","modified_gmt":"2025-03-20T13:11:36","slug":"biota-4-2-8-hoch-organisch","status":"publish","type":"product","link":"https:\/\/biota.nu\/de\/produkt\/biota-4-2-8-hoch-organisch\/","title":{"rendered":"Biota 4-2-8 Hoch organisch"},"content":{"rendered":"<p>Biota NPK 4-2-8 High Organic ist einzigartig, denn es ist der fl\u00fcssige organische Mehrn\u00e4hrstoffd\u00fcnger mit der h\u00f6chsten Konzentration auf dem Markt. Aufgrund des einzigartigen Herstellungsverfahrens liegen die N\u00e4hrstoffe zu 100% in L\u00f6sung vor und k\u00f6nnen daher direkt von der Pflanze aufgenommen werden. Dieses Produkt mit hohem Gehalt an organischer Substanz ist reich an Fulvos\u00e4uren und Humins\u00e4uren. Diese S\u00e4uren binden sich an die N\u00e4hrstoffe im Boden und verbessern so die N\u00e4hrstoffaufnahme der Wurzeln. Das Produkt wird vollst\u00e4ndig aus pflanzlichen Materialien hergestellt und ist f\u00fcr die Verwendung im \u00f6kologischen Land- und Gartenbau zugelassen. Die Inhaltsstoffe werden teilweise aus landwirtschaftlichen Abf\u00e4llen gewonnen.      Aufgrund des nat\u00fcrlichen Ursprungs kann der N\u00e4hrstoffgehalt variieren.<\/p>\n","protected":false},"excerpt":{"rendered":"<p>Biota NPK 4-2-8 High Organic ist einzigartig, denn es ist der fl\u00fcssige organische Mehrn\u00e4hrstoffd\u00fcnger mit der h\u00f6chsten Konzentration auf dem Markt. Aufgrund des einzigartigen Herstellungsverfahrens [&hellip;]<\/p>\n","protected":false},"featured_media":10963,"template":"","meta":[],"product_brand":[],"product_cat":[231],"product_tag":[],"class_list":{"0":"post-10960","1":"product","2":"type-product","3":"status-publish","4":"has-post-thumbnail","6":"product_cat-hohe-organische-npks","8":"first","9":"instock","10":"shipping-taxable","11":"product-type-simple"},"yoast_head":"<!-- This site is optimized with the Yoast SEO plugin v27.3 - https:\/\/yoast.com\/product\/yoast-seo-wordpress\/ -->\n<title>Biota 4-2-8 Hoch organisch - Biota Nutri<\/title>\n<meta name=\"robots\" content=\"index, follow, max-snippet:-1, max-image-preview:large, max-video-preview:-1\" \/>\n<link rel=\"canonical\" href=\"https:\/\/biota.nu\/de\/produkt\/biota-4-2-8-hoch-organisch\/\" \/>\n<meta property=\"og:locale\" content=\"de_DE\" \/>\n<meta property=\"og:type\" content=\"article\" \/>\n<meta property=\"og:title\" content=\"Biota 4-2-8 Hoch organisch - Biota Nutri\" \/>\n<meta property=\"og:description\" content=\"Biota NPK 4-2-8 High Organic ist einzigartig, denn es ist der fl\u00fcssige organische Mehrn\u00e4hrstoffd\u00fcnger mit der h\u00f6chsten Konzentration auf dem Markt. Aufgrund des einzigartigen Herstellungsverfahrens [&hellip;]\" \/>\n<meta property=\"og:url\" content=\"https:\/\/biota.nu\/de\/produkt\/biota-4-2-8-hoch-organisch\/\" \/>\n<meta property=\"og:site_name\" content=\"Biota Nutri\" \/>\n<meta property=\"article:modified_time\" content=\"2025-03-20T13:11:36+00:00\" \/>\n<meta property=\"og:image\" content=\"https:\/\/biota.nu\/wp-content\/uploads\/IBC_ho.jpg\" \/>\n\t<meta property=\"og:image:width\" content=\"1350\" \/>\n\t<meta property=\"og:image:height\" content=\"1350\" \/>\n\t<meta property=\"og:image:type\" content=\"image\/jpeg\" \/>\n<meta name=\"twitter:card\" content=\"summary_large_image\" \/>\n<meta name=\"twitter:label1\" content=\"Gesch\u00e4tzte Lesezeit\" \/>\n\t<meta name=\"twitter:data1\" content=\"1\u00a0Minute\" \/>\n<script type=\"application\/ld+json\" class=\"yoast-schema-graph\">{\"@context\":\"https:\\\/\\\/schema.org\",\"@graph\":[{\"@type\":\"WebPage\",\"@id\":\"https:\\\/\\\/biota.nu\\\/de\\\/produkt\\\/biota-4-2-8-hoch-organisch\\\/\",\"url\":\"https:\\\/\\\/biota.nu\\\/de\\\/produkt\\\/biota-4-2-8-hoch-organisch\\\/\",\"name\":\"Biota 4-2-8 Hoch organisch - Biota Nutri\",\"isPartOf\":{\"@id\":\"https:\\\/\\\/biota.nu\\\/de\\\/#website\"},\"primaryImageOfPage\":{\"@id\":\"https:\\\/\\\/biota.nu\\\/de\\\/produkt\\\/biota-4-2-8-hoch-organisch\\\/#primaryimage\"},\"image\":{\"@id\":\"https:\\\/\\\/biota.nu\\\/de\\\/produkt\\\/biota-4-2-8-hoch-organisch\\\/#primaryimage\"},\"thumbnailUrl\":\"https:\\\/\\\/biota.nu\\\/wp-content\\\/uploads\\\/IBC_ho.jpg\",\"datePublished\":\"2024-02-24T14:44:00+00:00\",\"dateModified\":\"2025-03-20T13:11:36+00:00\",\"breadcrumb\":{\"@id\":\"https:\\\/\\\/biota.nu\\\/de\\\/produkt\\\/biota-4-2-8-hoch-organisch\\\/#breadcrumb\"},\"inLanguage\":\"de\",\"potentialAction\":[{\"@type\":\"ReadAction\",\"target\":[\"https:\\\/\\\/biota.nu\\\/de\\\/produkt\\\/biota-4-2-8-hoch-organisch\\\/\"]}]},{\"@type\":\"ImageObject\",\"inLanguage\":\"de\",\"@id\":\"https:\\\/\\\/biota.nu\\\/de\\\/produkt\\\/biota-4-2-8-hoch-organisch\\\/#primaryimage\",\"url\":\"https:\\\/\\\/biota.nu\\\/wp-content\\\/uploads\\\/IBC_ho.jpg\",\"contentUrl\":\"https:\\\/\\\/biota.nu\\\/wp-content\\\/uploads\\\/IBC_ho.jpg\",\"width\":1350,\"height\":1350},{\"@type\":\"BreadcrumbList\",\"@id\":\"https:\\\/\\\/biota.nu\\\/de\\\/produkt\\\/biota-4-2-8-hoch-organisch\\\/#breadcrumb\",\"itemListElement\":[{\"@type\":\"ListItem\",\"position\":1,\"name\":\"Home\",\"item\":\"https:\\\/\\\/biota.nu\\\/de\\\/?page_id=10242\"},{\"@type\":\"ListItem\",\"position\":2,\"name\":\"Produkte\",\"item\":\"https:\\\/\\\/biota.nu\\\/de\\\/?page_id=10600\"},{\"@type\":\"ListItem\",\"position\":3,\"name\":\"Biota 4-2-8 Hoch organisch\"}]},{\"@type\":\"WebSite\",\"@id\":\"https:\\\/\\\/biota.nu\\\/de\\\/#website\",\"url\":\"https:\\\/\\\/biota.nu\\\/de\\\/\",\"name\":\"Biota Nutri\",\"description\":\"\",\"publisher\":{\"@id\":\"https:\\\/\\\/biota.nu\\\/de\\\/#organization\"},\"potentialAction\":[{\"@type\":\"SearchAction\",\"target\":{\"@type\":\"EntryPoint\",\"urlTemplate\":\"https:\\\/\\\/biota.nu\\\/de\\\/?s={search_term_string}\"},\"query-input\":{\"@type\":\"PropertyValueSpecification\",\"valueRequired\":true,\"valueName\":\"search_term_string\"}}],\"inLanguage\":\"de\"},{\"@type\":\"Organization\",\"@id\":\"https:\\\/\\\/biota.nu\\\/de\\\/#organization\",\"name\":\"Biota Nutri\",\"url\":\"https:\\\/\\\/biota.nu\\\/de\\\/\",\"logo\":{\"@type\":\"ImageObject\",\"inLanguage\":\"de\",\"@id\":\"https:\\\/\\\/biota.nu\\\/de\\\/#\\\/schema\\\/logo\\\/image\\\/\",\"url\":\"https:\\\/\\\/biota.nu\\\/wp-content\\\/uploads\\\/Biota-Nutri-R.png\",\"contentUrl\":\"https:\\\/\\\/biota.nu\\\/wp-content\\\/uploads\\\/Biota-Nutri-R.png\",\"width\":300,\"height\":220,\"caption\":\"Biota Nutri\"},\"image\":{\"@id\":\"https:\\\/\\\/biota.nu\\\/de\\\/#\\\/schema\\\/logo\\\/image\\\/\"}}]}<\/script>\n<!-- \/ Yoast SEO plugin. -->","yoast_head_json":{"title":"Biota 4-2-8 Hoch organisch - Biota Nutri","robots":{"index":"index","follow":"follow","max-snippet":"max-snippet:-1","max-image-preview":"max-image-preview:large","max-video-preview":"max-video-preview:-1"},"canonical":"https:\/\/biota.nu\/de\/produkt\/biota-4-2-8-hoch-organisch\/","og_locale":"de_DE","og_type":"article","og_title":"Biota 4-2-8 Hoch organisch - Biota Nutri","og_description":"Biota NPK 4-2-8 High Organic ist einzigartig, denn es ist der fl\u00fcssige organische Mehrn\u00e4hrstoffd\u00fcnger mit der h\u00f6chsten Konzentration auf dem Markt. Aufgrund des einzigartigen Herstellungsverfahrens [&hellip;]","og_url":"https:\/\/biota.nu\/de\/produkt\/biota-4-2-8-hoch-organisch\/","og_site_name":"Biota Nutri","article_modified_time":"2025-03-20T13:11:36+00:00","og_image":[{"width":1350,"height":1350,"url":"https:\/\/biota.nu\/wp-content\/uploads\/IBC_ho.jpg","type":"image\/jpeg"}],"twitter_card":"summary_large_image","twitter_misc":{"Gesch\u00e4tzte Lesezeit":"1\u00a0Minute"},"schema":{"@context":"https:\/\/schema.org","@graph":[{"@type":"WebPage","@id":"https:\/\/biota.nu\/de\/produkt\/biota-4-2-8-hoch-organisch\/","url":"https:\/\/biota.nu\/de\/produkt\/biota-4-2-8-hoch-organisch\/","name":"Biota 4-2-8 Hoch organisch - Biota Nutri","isPartOf":{"@id":"https:\/\/biota.nu\/de\/#website"},"primaryImageOfPage":{"@id":"https:\/\/biota.nu\/de\/produkt\/biota-4-2-8-hoch-organisch\/#primaryimage"},"image":{"@id":"https:\/\/biota.nu\/de\/produkt\/biota-4-2-8-hoch-organisch\/#primaryimage"},"thumbnailUrl":"https:\/\/biota.nu\/wp-content\/uploads\/IBC_ho.jpg","datePublished":"2024-02-24T14:44:00+00:00","dateModified":"2025-03-20T13:11:36+00:00","breadcrumb":{"@id":"https:\/\/biota.nu\/de\/produkt\/biota-4-2-8-hoch-organisch\/#breadcrumb"},"inLanguage":"de","potentialAction":[{"@type":"ReadAction","target":["https:\/\/biota.nu\/de\/produkt\/biota-4-2-8-hoch-organisch\/"]}]},{"@type":"ImageObject","inLanguage":"de","@id":"https:\/\/biota.nu\/de\/produkt\/biota-4-2-8-hoch-organisch\/#primaryimage","url":"https:\/\/biota.nu\/wp-content\/uploads\/IBC_ho.jpg","contentUrl":"https:\/\/biota.nu\/wp-content\/uploads\/IBC_ho.jpg","width":1350,"height":1350},{"@type":"BreadcrumbList","@id":"https:\/\/biota.nu\/de\/produkt\/biota-4-2-8-hoch-organisch\/#breadcrumb","itemListElement":[{"@type":"ListItem","position":1,"name":"Home","item":"https:\/\/biota.nu\/de\/?page_id=10242"},{"@type":"ListItem","position":2,"name":"Produkte","item":"https:\/\/biota.nu\/de\/?page_id=10600"},{"@type":"ListItem","position":3,"name":"Biota 4-2-8 Hoch organisch"}]},{"@type":"WebSite","@id":"https:\/\/biota.nu\/de\/#website","url":"https:\/\/biota.nu\/de\/","name":"Biota Nutri","description":"","publisher":{"@id":"https:\/\/biota.nu\/de\/#organization"},"potentialAction":[{"@type":"SearchAction","target":{"@type":"EntryPoint","urlTemplate":"https:\/\/biota.nu\/de\/?s={search_term_string}"},"query-input":{"@type":"PropertyValueSpecification","valueRequired":true,"valueName":"search_term_string"}}],"inLanguage":"de"},{"@type":"Organization","@id":"https:\/\/biota.nu\/de\/#organization","name":"Biota Nutri","url":"https:\/\/biota.nu\/de\/","logo":{"@type":"ImageObject","inLanguage":"de","@id":"https:\/\/biota.nu\/de\/#\/schema\/logo\/image\/","url":"https:\/\/biota.nu\/wp-content\/uploads\/Biota-Nutri-R.png","contentUrl":"https:\/\/biota.nu\/wp-content\/uploads\/Biota-Nutri-R.png","width":300,"height":220,"caption":"Biota Nutri"},"image":{"@id":"https:\/\/biota.nu\/de\/#\/schema\/logo\/image\/"}}]}},"acf":[],"_links":{"self":[{"href":"https:\/\/biota.nu\/de\/wp-json\/wp\/v2\/product\/10960","targetHints":{"allow":["GET"]}}],"collection":[{"href":"https:\/\/biota.nu\/de\/wp-json\/wp\/v2\/product"}],"about":[{"href":"https:\/\/biota.nu\/de\/wp-json\/wp\/v2\/types\/product"}],"wp:featuredmedia":[{"embeddable":true,"href":"https:\/\/biota.nu\/de\/wp-json\/wp\/v2\/media\/10963"}],"wp:attachment":[{"href":"https:\/\/biota.nu\/de\/wp-json\/wp\/v2\/media?parent=10960"}],"wp:term":[{"taxonomy":"product_brand","embeddable":true,"href":"https:\/\/biota.nu\/de\/wp-json\/wp\/v2\/product_brand?post=10960"},{"taxonomy":"product_cat","embeddable":true,"href":"https:\/\/biota.nu\/de\/wp-json\/wp\/v2\/product_cat?post=10960"},{"taxonomy":"product_tag","embeddable":true,"href":"https:\/\/biota.nu\/de\/wp-json\/wp\/v2\/product_tag?post=10960"}],"curies":[{"name":"wp","href":"https:\/\/api.w.org\/{rel}","templated":true}]}}