{"id":11021,"date":"2024-02-24T15:29:37","date_gmt":"2024-02-24T15:29:37","guid":{"rendered":"https:\/\/biota.nu\/?post_type=product&#038;p=11021"},"modified":"2026-01-28T09:43:20","modified_gmt":"2026-01-28T09:43:20","slug":"biota-eisen-5-fluessig","status":"publish","type":"product","link":"https:\/\/biota.nu\/de\/produkt\/biota-eisen-5-fluessig\/","title":{"rendered":"Biota Eisen DTPC"},"content":{"rendered":"<p>Biota Iron ist ein mit Ligninsulfons\u00e4ure komplexierter Eisen-Mikron\u00e4hrstoff und Teil unserer Fl\u00fcssigd\u00fcngerlinie. Durch das einzigartige Herstellungsverfahren liegen die N\u00e4hrstoffe zu 100% in L\u00f6sung vor und sind somit direkt f\u00fcr die Pflanze verf\u00fcgbar. Biota Iron ist als Input f\u00fcr den \u00f6kologischen Land- und Gartenbau zugelassen.  <\/p>\n<p>Eisen (Fe) wird zur Vorbeugung und Korrektur von Eisenchlorose unter allen Arten von Bedingungen eingesetzt, einschlie\u00dflich kalkhaltiger und alkalischer Bedingungen. Sie sehen Eisenmangel zuerst an der Spitze der Pflanze. Die Bl\u00e4tter werden gelb, w\u00e4hrend die Adern gr\u00fcn bleiben. Das liegt daran, dass Eisen ein unbewegliches Element ist. Das bedeutet, dass Eisen, sobald es fixiert ist, nicht mehr weiter in der Pflanze verteilt werden kann. Schlie\u00dflich werden auch die \u00e4lteren Bl\u00e4tter und die kleineren Adern in den Bl\u00e4ttern gelb. Das Wachstum der Pflanze kommt langsam zum Stillstand. Verwenden Sie Biota Iron, um diese Auswirkungen zu verhindern und zu korrigieren.       <\/p>\n","protected":false},"excerpt":{"rendered":"<p>Biota Iron ist ein mit Ligninsulfons\u00e4ure komplexierter Eisen-Mikron\u00e4hrstoff und Teil unserer Fl\u00fcssigd\u00fcngerlinie. Durch das einzigartige Herstellungsverfahren liegen die N\u00e4hrstoffe zu 100% in L\u00f6sung vor und [&hellip;]<\/p>\n","protected":false},"featured_media":11023,"template":"","meta":[],"product_brand":[],"product_cat":[234],"product_tag":[],"class_list":{"0":"post-11021","1":"product","2":"type-product","3":"status-publish","4":"has-post-thumbnail","6":"product_cat-spurenelemente","8":"first","9":"instock","10":"shipping-taxable","11":"product-type-simple"},"yoast_head":"<!-- This site is optimized with the Yoast SEO plugin v27.4 - https:\/\/yoast.com\/product\/yoast-seo-wordpress\/ -->\n<title>Biota Eisen DTPC - Biota Nutri<\/title>\n<meta name=\"robots\" content=\"index, follow, max-snippet:-1, max-image-preview:large, max-video-preview:-1\" \/>\n<link rel=\"canonical\" href=\"https:\/\/biota.nu\/de\/produkt\/biota-eisen-5-fluessig\/\" \/>\n<meta property=\"og:locale\" content=\"de_DE\" \/>\n<meta property=\"og:type\" content=\"article\" \/>\n<meta property=\"og:title\" content=\"Biota Eisen DTPC - Biota Nutri\" \/>\n<meta property=\"og:description\" content=\"Biota Iron ist ein mit Ligninsulfons\u00e4ure komplexierter Eisen-Mikron\u00e4hrstoff und Teil unserer Fl\u00fcssigd\u00fcngerlinie. Durch das einzigartige Herstellungsverfahren liegen die N\u00e4hrstoffe zu 100% in L\u00f6sung vor und [&hellip;]\" \/>\n<meta property=\"og:url\" content=\"https:\/\/biota.nu\/de\/produkt\/biota-eisen-5-fluessig\/\" \/>\n<meta property=\"og:site_name\" content=\"Biota Nutri\" \/>\n<meta property=\"article:modified_time\" content=\"2026-01-28T09:43:20+00:00\" \/>\n<meta property=\"og:image\" content=\"https:\/\/biota.nu\/wp-content\/uploads\/Biota-iron-can-s.jpg\" \/>\n\t<meta property=\"og:image:width\" content=\"600\" \/>\n\t<meta property=\"og:image:height\" content=\"600\" \/>\n\t<meta property=\"og:image:type\" content=\"image\/jpeg\" \/>\n<meta name=\"twitter:card\" content=\"summary_large_image\" \/>\n<meta name=\"twitter:label1\" content=\"Gesch\u00e4tzte Lesezeit\" \/>\n\t<meta name=\"twitter:data1\" content=\"1\u00a0Minute\" \/>\n<script type=\"application\/ld+json\" class=\"yoast-schema-graph\">{\"@context\":\"https:\\\/\\\/schema.org\",\"@graph\":[{\"@type\":\"WebPage\",\"@id\":\"https:\\\/\\\/biota.nu\\\/de\\\/produkt\\\/biota-eisen-5-fluessig\\\/\",\"url\":\"https:\\\/\\\/biota.nu\\\/de\\\/produkt\\\/biota-eisen-5-fluessig\\\/\",\"name\":\"Biota Eisen DTPC - Biota Nutri\",\"isPartOf\":{\"@id\":\"https:\\\/\\\/biota.nu\\\/de\\\/#website\"},\"primaryImageOfPage\":{\"@id\":\"https:\\\/\\\/biota.nu\\\/de\\\/produkt\\\/biota-eisen-5-fluessig\\\/#primaryimage\"},\"image\":{\"@id\":\"https:\\\/\\\/biota.nu\\\/de\\\/produkt\\\/biota-eisen-5-fluessig\\\/#primaryimage\"},\"thumbnailUrl\":\"https:\\\/\\\/biota.nu\\\/wp-content\\\/uploads\\\/Biota-iron-can-s.jpg\",\"datePublished\":\"2024-02-24T15:29:37+00:00\",\"dateModified\":\"2026-01-28T09:43:20+00:00\",\"breadcrumb\":{\"@id\":\"https:\\\/\\\/biota.nu\\\/de\\\/produkt\\\/biota-eisen-5-fluessig\\\/#breadcrumb\"},\"inLanguage\":\"de\",\"potentialAction\":[{\"@type\":\"ReadAction\",\"target\":[\"https:\\\/\\\/biota.nu\\\/de\\\/produkt\\\/biota-eisen-5-fluessig\\\/\"]}]},{\"@type\":\"ImageObject\",\"inLanguage\":\"de\",\"@id\":\"https:\\\/\\\/biota.nu\\\/de\\\/produkt\\\/biota-eisen-5-fluessig\\\/#primaryimage\",\"url\":\"https:\\\/\\\/biota.nu\\\/wp-content\\\/uploads\\\/Biota-iron-can-s.jpg\",\"contentUrl\":\"https:\\\/\\\/biota.nu\\\/wp-content\\\/uploads\\\/Biota-iron-can-s.jpg\",\"width\":600,\"height\":600},{\"@type\":\"BreadcrumbList\",\"@id\":\"https:\\\/\\\/biota.nu\\\/de\\\/produkt\\\/biota-eisen-5-fluessig\\\/#breadcrumb\",\"itemListElement\":[{\"@type\":\"ListItem\",\"position\":1,\"name\":\"Home\",\"item\":\"https:\\\/\\\/biota.nu\\\/de\\\/?page_id=10242\"},{\"@type\":\"ListItem\",\"position\":2,\"name\":\"Produkte\",\"item\":\"https:\\\/\\\/biota.nu\\\/de\\\/?page_id=10600\"},{\"@type\":\"ListItem\",\"position\":3,\"name\":\"Biota Eisen DTPC\"}]},{\"@type\":\"WebSite\",\"@id\":\"https:\\\/\\\/biota.nu\\\/de\\\/#website\",\"url\":\"https:\\\/\\\/biota.nu\\\/de\\\/\",\"name\":\"Biota Nutri\",\"description\":\"\",\"publisher\":{\"@id\":\"https:\\\/\\\/biota.nu\\\/de\\\/#organization\"},\"potentialAction\":[{\"@type\":\"SearchAction\",\"target\":{\"@type\":\"EntryPoint\",\"urlTemplate\":\"https:\\\/\\\/biota.nu\\\/de\\\/?s={search_term_string}\"},\"query-input\":{\"@type\":\"PropertyValueSpecification\",\"valueRequired\":true,\"valueName\":\"search_term_string\"}}],\"inLanguage\":\"de\"},{\"@type\":\"Organization\",\"@id\":\"https:\\\/\\\/biota.nu\\\/de\\\/#organization\",\"name\":\"Biota Nutri\",\"url\":\"https:\\\/\\\/biota.nu\\\/de\\\/\",\"logo\":{\"@type\":\"ImageObject\",\"inLanguage\":\"de\",\"@id\":\"https:\\\/\\\/biota.nu\\\/de\\\/#\\\/schema\\\/logo\\\/image\\\/\",\"url\":\"https:\\\/\\\/biota.nu\\\/wp-content\\\/uploads\\\/Biota-Nutri-R.png\",\"contentUrl\":\"https:\\\/\\\/biota.nu\\\/wp-content\\\/uploads\\\/Biota-Nutri-R.png\",\"width\":300,\"height\":220,\"caption\":\"Biota Nutri\"},\"image\":{\"@id\":\"https:\\\/\\\/biota.nu\\\/de\\\/#\\\/schema\\\/logo\\\/image\\\/\"}}]}<\/script>\n<!-- \/ Yoast SEO plugin. -->","yoast_head_json":{"title":"Biota Eisen DTPC - Biota Nutri","robots":{"index":"index","follow":"follow","max-snippet":"max-snippet:-1","max-image-preview":"max-image-preview:large","max-video-preview":"max-video-preview:-1"},"canonical":"https:\/\/biota.nu\/de\/produkt\/biota-eisen-5-fluessig\/","og_locale":"de_DE","og_type":"article","og_title":"Biota Eisen DTPC - Biota Nutri","og_description":"Biota Iron ist ein mit Ligninsulfons\u00e4ure komplexierter Eisen-Mikron\u00e4hrstoff und Teil unserer Fl\u00fcssigd\u00fcngerlinie. Durch das einzigartige Herstellungsverfahren liegen die N\u00e4hrstoffe zu 100% in L\u00f6sung vor und [&hellip;]","og_url":"https:\/\/biota.nu\/de\/produkt\/biota-eisen-5-fluessig\/","og_site_name":"Biota Nutri","article_modified_time":"2026-01-28T09:43:20+00:00","og_image":[{"width":600,"height":600,"url":"https:\/\/biota.nu\/wp-content\/uploads\/Biota-iron-can-s.jpg","type":"image\/jpeg"}],"twitter_card":"summary_large_image","twitter_misc":{"Gesch\u00e4tzte Lesezeit":"1\u00a0Minute"},"schema":{"@context":"https:\/\/schema.org","@graph":[{"@type":"WebPage","@id":"https:\/\/biota.nu\/de\/produkt\/biota-eisen-5-fluessig\/","url":"https:\/\/biota.nu\/de\/produkt\/biota-eisen-5-fluessig\/","name":"Biota Eisen DTPC - Biota Nutri","isPartOf":{"@id":"https:\/\/biota.nu\/de\/#website"},"primaryImageOfPage":{"@id":"https:\/\/biota.nu\/de\/produkt\/biota-eisen-5-fluessig\/#primaryimage"},"image":{"@id":"https:\/\/biota.nu\/de\/produkt\/biota-eisen-5-fluessig\/#primaryimage"},"thumbnailUrl":"https:\/\/biota.nu\/wp-content\/uploads\/Biota-iron-can-s.jpg","datePublished":"2024-02-24T15:29:37+00:00","dateModified":"2026-01-28T09:43:20+00:00","breadcrumb":{"@id":"https:\/\/biota.nu\/de\/produkt\/biota-eisen-5-fluessig\/#breadcrumb"},"inLanguage":"de","potentialAction":[{"@type":"ReadAction","target":["https:\/\/biota.nu\/de\/produkt\/biota-eisen-5-fluessig\/"]}]},{"@type":"ImageObject","inLanguage":"de","@id":"https:\/\/biota.nu\/de\/produkt\/biota-eisen-5-fluessig\/#primaryimage","url":"https:\/\/biota.nu\/wp-content\/uploads\/Biota-iron-can-s.jpg","contentUrl":"https:\/\/biota.nu\/wp-content\/uploads\/Biota-iron-can-s.jpg","width":600,"height":600},{"@type":"BreadcrumbList","@id":"https:\/\/biota.nu\/de\/produkt\/biota-eisen-5-fluessig\/#breadcrumb","itemListElement":[{"@type":"ListItem","position":1,"name":"Home","item":"https:\/\/biota.nu\/de\/?page_id=10242"},{"@type":"ListItem","position":2,"name":"Produkte","item":"https:\/\/biota.nu\/de\/?page_id=10600"},{"@type":"ListItem","position":3,"name":"Biota Eisen DTPC"}]},{"@type":"WebSite","@id":"https:\/\/biota.nu\/de\/#website","url":"https:\/\/biota.nu\/de\/","name":"Biota Nutri","description":"","publisher":{"@id":"https:\/\/biota.nu\/de\/#organization"},"potentialAction":[{"@type":"SearchAction","target":{"@type":"EntryPoint","urlTemplate":"https:\/\/biota.nu\/de\/?s={search_term_string}"},"query-input":{"@type":"PropertyValueSpecification","valueRequired":true,"valueName":"search_term_string"}}],"inLanguage":"de"},{"@type":"Organization","@id":"https:\/\/biota.nu\/de\/#organization","name":"Biota Nutri","url":"https:\/\/biota.nu\/de\/","logo":{"@type":"ImageObject","inLanguage":"de","@id":"https:\/\/biota.nu\/de\/#\/schema\/logo\/image\/","url":"https:\/\/biota.nu\/wp-content\/uploads\/Biota-Nutri-R.png","contentUrl":"https:\/\/biota.nu\/wp-content\/uploads\/Biota-Nutri-R.png","width":300,"height":220,"caption":"Biota Nutri"},"image":{"@id":"https:\/\/biota.nu\/de\/#\/schema\/logo\/image\/"}}]}},"acf":[],"_links":{"self":[{"href":"https:\/\/biota.nu\/de\/wp-json\/wp\/v2\/product\/11021","targetHints":{"allow":["GET"]}}],"collection":[{"href":"https:\/\/biota.nu\/de\/wp-json\/wp\/v2\/product"}],"about":[{"href":"https:\/\/biota.nu\/de\/wp-json\/wp\/v2\/types\/product"}],"wp:featuredmedia":[{"embeddable":true,"href":"https:\/\/biota.nu\/de\/wp-json\/wp\/v2\/media\/11023"}],"wp:attachment":[{"href":"https:\/\/biota.nu\/de\/wp-json\/wp\/v2\/media?parent=11021"}],"wp:term":[{"taxonomy":"product_brand","embeddable":true,"href":"https:\/\/biota.nu\/de\/wp-json\/wp\/v2\/product_brand?post=11021"},{"taxonomy":"product_cat","embeddable":true,"href":"https:\/\/biota.nu\/de\/wp-json\/wp\/v2\/product_cat?post=11021"},{"taxonomy":"product_tag","embeddable":true,"href":"https:\/\/biota.nu\/de\/wp-json\/wp\/v2\/product_tag?post=11021"}],"curies":[{"name":"wp","href":"https:\/\/api.w.org\/{rel}","templated":true}]}}