{"id":11048,"date":"2024-02-25T16:02:32","date_gmt":"2024-02-25T16:02:32","guid":{"rendered":"https:\/\/biota.nu\/product\/biota-manga\/"},"modified":"2025-03-20T13:12:40","modified_gmt":"2025-03-20T13:12:40","slug":"biota-manga","status":"publish","type":"product","link":"https:\/\/biota.nu\/de\/produkt\/biota-manga\/","title":{"rendered":"Biota Manga"},"content":{"rendered":"<p>Biota Manga ist ein konzentrierter Manganeinzeld\u00fcnger auf der Basis von Ligninsulfons\u00e4ure und Teil unserer fl\u00fcssigen organischen Einzeld\u00fcngerlinie. Durch das einzigartige Herstellungsverfahren liegen die N\u00e4hrstoffe zu 100% in L\u00f6sung vor und k\u00f6nnen daher direkt von der Pflanze aufgenommen werden. Das Produkt wird vollst\u00e4ndig aus pflanzlichen Rohstoffen hergestellt und ist f\u00fcr den Einsatz im \u00f6kologischen Land- und Gartenbau zertifiziert. Die Inhaltsstoffe werden teilweise aus landwirtschaftlichen Abf\u00e4llen gewonnen.    Aufgrund des nat\u00fcrlichen Ursprungs kann der N\u00e4hrstoffgehalt variieren.<\/p>\n<p>Biota Manga verbessert die Photosynthese der Kulturpflanzen. Es steuert Enzyme, die f\u00fcr gr\u00fcne Bl\u00e4tter verantwortlich sind. Ein Mangel an Mangan im Boden verursacht eine blassgr\u00fcne Verf\u00e4rbung und gesprenkelte Sportarten an der Pflanze. Verwenden Sie Biota Mangan pr\u00e4ventiv f\u00fcr ein optimales Wachstum und kurativ, wenn Manganmangel in der Pflanze auftritt. Mangan sorgt f\u00fcr starke Zellw\u00e4nde. Biota Manganese erh\u00f6ht daher die Widerstandsf\u00e4higkeit gegen Pilzkrankheiten.     <\/p>\n<p>Die Aufnahme von Mangan h\u00e4ngt in hohem Ma\u00dfe von einem korrekten pH-Wert des Bodens ab. Mangan hat eine antagonistische Wirkung auf Eisen. <\/p>\n","protected":false},"excerpt":{"rendered":"<p>Biota Manga ist ein konzentrierter Manganeinzeld\u00fcnger auf der Basis von Ligninsulfons\u00e4ure und Teil unserer fl\u00fcssigen organischen Einzeld\u00fcngerlinie. Durch das einzigartige Herstellungsverfahren liegen die N\u00e4hrstoffe zu [&hellip;]<\/p>\n","protected":false},"featured_media":11050,"template":"","meta":[],"product_brand":[],"product_cat":[234],"product_tag":[],"class_list":{"0":"post-11048","1":"product","2":"type-product","3":"status-publish","4":"has-post-thumbnail","6":"product_cat-spurenelemente","8":"first","9":"instock","10":"shipping-taxable","11":"product-type-simple"},"yoast_head":"<!-- This site is optimized with the Yoast SEO plugin v27.4 - https:\/\/yoast.com\/product\/yoast-seo-wordpress\/ -->\n<title>Biota Manga - Biota Nutri<\/title>\n<meta name=\"robots\" content=\"index, follow, max-snippet:-1, max-image-preview:large, max-video-preview:-1\" \/>\n<link rel=\"canonical\" href=\"https:\/\/biota.nu\/de\/produkt\/biota-manga\/\" \/>\n<meta property=\"og:locale\" content=\"de_DE\" \/>\n<meta property=\"og:type\" content=\"article\" \/>\n<meta property=\"og:title\" content=\"Biota Manga - Biota Nutri\" \/>\n<meta property=\"og:description\" content=\"Biota Manga ist ein konzentrierter Manganeinzeld\u00fcnger auf der Basis von Ligninsulfons\u00e4ure und Teil unserer fl\u00fcssigen organischen Einzeld\u00fcngerlinie. Durch das einzigartige Herstellungsverfahren liegen die N\u00e4hrstoffe zu [&hellip;]\" \/>\n<meta property=\"og:url\" content=\"https:\/\/biota.nu\/de\/produkt\/biota-manga\/\" \/>\n<meta property=\"og:site_name\" content=\"Biota Nutri\" \/>\n<meta property=\"article:modified_time\" content=\"2025-03-20T13:12:40+00:00\" \/>\n<meta property=\"og:image\" content=\"https:\/\/biota.nu\/wp-content\/uploads\/Biota-manga-can-s.jpg\" \/>\n\t<meta property=\"og:image:width\" content=\"600\" \/>\n\t<meta property=\"og:image:height\" content=\"600\" \/>\n\t<meta property=\"og:image:type\" content=\"image\/jpeg\" \/>\n<meta name=\"twitter:card\" content=\"summary_large_image\" \/>\n<meta name=\"twitter:label1\" content=\"Gesch\u00e4tzte Lesezeit\" \/>\n\t<meta name=\"twitter:data1\" content=\"1\u00a0Minute\" \/>\n<script type=\"application\/ld+json\" class=\"yoast-schema-graph\">{\"@context\":\"https:\\\/\\\/schema.org\",\"@graph\":[{\"@type\":\"WebPage\",\"@id\":\"https:\\\/\\\/biota.nu\\\/de\\\/produkt\\\/biota-manga\\\/\",\"url\":\"https:\\\/\\\/biota.nu\\\/de\\\/produkt\\\/biota-manga\\\/\",\"name\":\"Biota Manga - Biota Nutri\",\"isPartOf\":{\"@id\":\"https:\\\/\\\/biota.nu\\\/de\\\/#website\"},\"primaryImageOfPage\":{\"@id\":\"https:\\\/\\\/biota.nu\\\/de\\\/produkt\\\/biota-manga\\\/#primaryimage\"},\"image\":{\"@id\":\"https:\\\/\\\/biota.nu\\\/de\\\/produkt\\\/biota-manga\\\/#primaryimage\"},\"thumbnailUrl\":\"https:\\\/\\\/biota.nu\\\/wp-content\\\/uploads\\\/Biota-manga-can-s.jpg\",\"datePublished\":\"2024-02-25T16:02:32+00:00\",\"dateModified\":\"2025-03-20T13:12:40+00:00\",\"breadcrumb\":{\"@id\":\"https:\\\/\\\/biota.nu\\\/de\\\/produkt\\\/biota-manga\\\/#breadcrumb\"},\"inLanguage\":\"de\",\"potentialAction\":[{\"@type\":\"ReadAction\",\"target\":[\"https:\\\/\\\/biota.nu\\\/de\\\/produkt\\\/biota-manga\\\/\"]}]},{\"@type\":\"ImageObject\",\"inLanguage\":\"de\",\"@id\":\"https:\\\/\\\/biota.nu\\\/de\\\/produkt\\\/biota-manga\\\/#primaryimage\",\"url\":\"https:\\\/\\\/biota.nu\\\/wp-content\\\/uploads\\\/Biota-manga-can-s.jpg\",\"contentUrl\":\"https:\\\/\\\/biota.nu\\\/wp-content\\\/uploads\\\/Biota-manga-can-s.jpg\",\"width\":600,\"height\":600},{\"@type\":\"BreadcrumbList\",\"@id\":\"https:\\\/\\\/biota.nu\\\/de\\\/produkt\\\/biota-manga\\\/#breadcrumb\",\"itemListElement\":[{\"@type\":\"ListItem\",\"position\":1,\"name\":\"Home\",\"item\":\"https:\\\/\\\/biota.nu\\\/de\\\/?page_id=10242\"},{\"@type\":\"ListItem\",\"position\":2,\"name\":\"Produkte\",\"item\":\"https:\\\/\\\/biota.nu\\\/de\\\/?page_id=10600\"},{\"@type\":\"ListItem\",\"position\":3,\"name\":\"Biota Manga\"}]},{\"@type\":\"WebSite\",\"@id\":\"https:\\\/\\\/biota.nu\\\/de\\\/#website\",\"url\":\"https:\\\/\\\/biota.nu\\\/de\\\/\",\"name\":\"Biota Nutri\",\"description\":\"\",\"publisher\":{\"@id\":\"https:\\\/\\\/biota.nu\\\/de\\\/#organization\"},\"potentialAction\":[{\"@type\":\"SearchAction\",\"target\":{\"@type\":\"EntryPoint\",\"urlTemplate\":\"https:\\\/\\\/biota.nu\\\/de\\\/?s={search_term_string}\"},\"query-input\":{\"@type\":\"PropertyValueSpecification\",\"valueRequired\":true,\"valueName\":\"search_term_string\"}}],\"inLanguage\":\"de\"},{\"@type\":\"Organization\",\"@id\":\"https:\\\/\\\/biota.nu\\\/de\\\/#organization\",\"name\":\"Biota Nutri\",\"url\":\"https:\\\/\\\/biota.nu\\\/de\\\/\",\"logo\":{\"@type\":\"ImageObject\",\"inLanguage\":\"de\",\"@id\":\"https:\\\/\\\/biota.nu\\\/de\\\/#\\\/schema\\\/logo\\\/image\\\/\",\"url\":\"https:\\\/\\\/biota.nu\\\/wp-content\\\/uploads\\\/Biota-Nutri-R.png\",\"contentUrl\":\"https:\\\/\\\/biota.nu\\\/wp-content\\\/uploads\\\/Biota-Nutri-R.png\",\"width\":300,\"height\":220,\"caption\":\"Biota Nutri\"},\"image\":{\"@id\":\"https:\\\/\\\/biota.nu\\\/de\\\/#\\\/schema\\\/logo\\\/image\\\/\"}}]}<\/script>\n<!-- \/ Yoast SEO plugin. -->","yoast_head_json":{"title":"Biota Manga - Biota Nutri","robots":{"index":"index","follow":"follow","max-snippet":"max-snippet:-1","max-image-preview":"max-image-preview:large","max-video-preview":"max-video-preview:-1"},"canonical":"https:\/\/biota.nu\/de\/produkt\/biota-manga\/","og_locale":"de_DE","og_type":"article","og_title":"Biota Manga - Biota Nutri","og_description":"Biota Manga ist ein konzentrierter Manganeinzeld\u00fcnger auf der Basis von Ligninsulfons\u00e4ure und Teil unserer fl\u00fcssigen organischen Einzeld\u00fcngerlinie. Durch das einzigartige Herstellungsverfahren liegen die N\u00e4hrstoffe zu [&hellip;]","og_url":"https:\/\/biota.nu\/de\/produkt\/biota-manga\/","og_site_name":"Biota Nutri","article_modified_time":"2025-03-20T13:12:40+00:00","og_image":[{"width":600,"height":600,"url":"https:\/\/biota.nu\/wp-content\/uploads\/Biota-manga-can-s.jpg","type":"image\/jpeg"}],"twitter_card":"summary_large_image","twitter_misc":{"Gesch\u00e4tzte Lesezeit":"1\u00a0Minute"},"schema":{"@context":"https:\/\/schema.org","@graph":[{"@type":"WebPage","@id":"https:\/\/biota.nu\/de\/produkt\/biota-manga\/","url":"https:\/\/biota.nu\/de\/produkt\/biota-manga\/","name":"Biota Manga - Biota Nutri","isPartOf":{"@id":"https:\/\/biota.nu\/de\/#website"},"primaryImageOfPage":{"@id":"https:\/\/biota.nu\/de\/produkt\/biota-manga\/#primaryimage"},"image":{"@id":"https:\/\/biota.nu\/de\/produkt\/biota-manga\/#primaryimage"},"thumbnailUrl":"https:\/\/biota.nu\/wp-content\/uploads\/Biota-manga-can-s.jpg","datePublished":"2024-02-25T16:02:32+00:00","dateModified":"2025-03-20T13:12:40+00:00","breadcrumb":{"@id":"https:\/\/biota.nu\/de\/produkt\/biota-manga\/#breadcrumb"},"inLanguage":"de","potentialAction":[{"@type":"ReadAction","target":["https:\/\/biota.nu\/de\/produkt\/biota-manga\/"]}]},{"@type":"ImageObject","inLanguage":"de","@id":"https:\/\/biota.nu\/de\/produkt\/biota-manga\/#primaryimage","url":"https:\/\/biota.nu\/wp-content\/uploads\/Biota-manga-can-s.jpg","contentUrl":"https:\/\/biota.nu\/wp-content\/uploads\/Biota-manga-can-s.jpg","width":600,"height":600},{"@type":"BreadcrumbList","@id":"https:\/\/biota.nu\/de\/produkt\/biota-manga\/#breadcrumb","itemListElement":[{"@type":"ListItem","position":1,"name":"Home","item":"https:\/\/biota.nu\/de\/?page_id=10242"},{"@type":"ListItem","position":2,"name":"Produkte","item":"https:\/\/biota.nu\/de\/?page_id=10600"},{"@type":"ListItem","position":3,"name":"Biota Manga"}]},{"@type":"WebSite","@id":"https:\/\/biota.nu\/de\/#website","url":"https:\/\/biota.nu\/de\/","name":"Biota Nutri","description":"","publisher":{"@id":"https:\/\/biota.nu\/de\/#organization"},"potentialAction":[{"@type":"SearchAction","target":{"@type":"EntryPoint","urlTemplate":"https:\/\/biota.nu\/de\/?s={search_term_string}"},"query-input":{"@type":"PropertyValueSpecification","valueRequired":true,"valueName":"search_term_string"}}],"inLanguage":"de"},{"@type":"Organization","@id":"https:\/\/biota.nu\/de\/#organization","name":"Biota Nutri","url":"https:\/\/biota.nu\/de\/","logo":{"@type":"ImageObject","inLanguage":"de","@id":"https:\/\/biota.nu\/de\/#\/schema\/logo\/image\/","url":"https:\/\/biota.nu\/wp-content\/uploads\/Biota-Nutri-R.png","contentUrl":"https:\/\/biota.nu\/wp-content\/uploads\/Biota-Nutri-R.png","width":300,"height":220,"caption":"Biota Nutri"},"image":{"@id":"https:\/\/biota.nu\/de\/#\/schema\/logo\/image\/"}}]}},"acf":[],"_links":{"self":[{"href":"https:\/\/biota.nu\/de\/wp-json\/wp\/v2\/product\/11048","targetHints":{"allow":["GET"]}}],"collection":[{"href":"https:\/\/biota.nu\/de\/wp-json\/wp\/v2\/product"}],"about":[{"href":"https:\/\/biota.nu\/de\/wp-json\/wp\/v2\/types\/product"}],"wp:featuredmedia":[{"embeddable":true,"href":"https:\/\/biota.nu\/de\/wp-json\/wp\/v2\/media\/11050"}],"wp:attachment":[{"href":"https:\/\/biota.nu\/de\/wp-json\/wp\/v2\/media?parent=11048"}],"wp:term":[{"taxonomy":"product_brand","embeddable":true,"href":"https:\/\/biota.nu\/de\/wp-json\/wp\/v2\/product_brand?post=11048"},{"taxonomy":"product_cat","embeddable":true,"href":"https:\/\/biota.nu\/de\/wp-json\/wp\/v2\/product_cat?post=11048"},{"taxonomy":"product_tag","embeddable":true,"href":"https:\/\/biota.nu\/de\/wp-json\/wp\/v2\/product_tag?post=11048"}],"curies":[{"name":"wp","href":"https:\/\/api.w.org\/{rel}","templated":true}]}}