{"id":11872,"date":"2026-01-19T10:08:46","date_gmt":"2026-01-19T10:08:46","guid":{"rendered":"https:\/\/biota.nu\/?post_type=product&#038;p=11872"},"modified":"2026-01-19T10:14:47","modified_gmt":"2026-01-19T10:14:47","slug":"biota-amino-copy","status":"publish","type":"product","link":"https:\/\/biota.nu\/de\/produkt\/biota-amino-copy\/","title":{"rendered":"Biota Amino Complex Blattpflanze"},"content":{"rendered":"<p>Biota Amino Complex Foliar ist ein hochwertiger Blattd\u00fcnger mit einem hohen Gehalt an Aminos\u00e4uren und organischen Komponenten. Dank seiner einzigartigen Zusammensetzung werden die organischen Molek\u00fcle in diesem Produkt direkt \u00fcber das Blatt aufgenommen. <\/p>\n<p>Die Aminos\u00e4uren unterst\u00fctzen eine effiziente Stickstoffkorrektur und tragen dazu bei, N\u00e4hrstoffm\u00e4ngel zu reduzieren oder zu verhindern.<\/p>\n<p>&nbsp;<\/p>\n","protected":false},"excerpt":{"rendered":"<p>&nbsp;<\/p>\n<p>&nbsp;<\/p>\n","protected":false},"featured_media":10851,"template":"","meta":[],"product_brand":[],"product_cat":[258],"product_tag":[],"class_list":{"0":"post-11872","1":"product","2":"type-product","3":"status-publish","4":"has-post-thumbnail","6":"product_cat-blattwerk","8":"first","9":"instock","10":"shipping-taxable","11":"product-type-simple"},"yoast_head":"<!-- This site is optimized with the Yoast SEO plugin v27.3 - https:\/\/yoast.com\/product\/yoast-seo-wordpress\/ -->\n<title>Biota Amino Complex Blattpflanze - Biota Nutri<\/title>\n<meta name=\"robots\" content=\"index, follow, max-snippet:-1, max-image-preview:large, max-video-preview:-1\" \/>\n<link rel=\"canonical\" href=\"https:\/\/biota.nu\/de\/produkt\/biota-amino-copy\/\" \/>\n<meta property=\"og:locale\" content=\"de_DE\" \/>\n<meta property=\"og:type\" content=\"article\" \/>\n<meta property=\"og:title\" content=\"Biota Amino Complex Blattpflanze - Biota Nutri\" \/>\n<meta property=\"og:description\" content=\"&nbsp; &nbsp;\" \/>\n<meta property=\"og:url\" content=\"https:\/\/biota.nu\/de\/produkt\/biota-amino-copy\/\" \/>\n<meta property=\"og:site_name\" content=\"Biota Nutri\" \/>\n<meta property=\"article:modified_time\" content=\"2026-01-19T10:14:47+00:00\" \/>\n<meta property=\"og:image\" content=\"https:\/\/biota.nu\/wp-content\/uploads\/Biota-Amino-EU-can-s.jpg\" \/>\n\t<meta property=\"og:image:width\" content=\"600\" \/>\n\t<meta property=\"og:image:height\" content=\"600\" \/>\n\t<meta property=\"og:image:type\" content=\"image\/jpeg\" \/>\n<meta name=\"twitter:card\" content=\"summary_large_image\" \/>\n<script type=\"application\/ld+json\" class=\"yoast-schema-graph\">{\"@context\":\"https:\\\/\\\/schema.org\",\"@graph\":[{\"@type\":\"WebPage\",\"@id\":\"https:\\\/\\\/biota.nu\\\/de\\\/produkt\\\/biota-amino-copy\\\/\",\"url\":\"https:\\\/\\\/biota.nu\\\/de\\\/produkt\\\/biota-amino-copy\\\/\",\"name\":\"Biota Amino Complex Blattpflanze - Biota Nutri\",\"isPartOf\":{\"@id\":\"https:\\\/\\\/biota.nu\\\/de\\\/#website\"},\"primaryImageOfPage\":{\"@id\":\"https:\\\/\\\/biota.nu\\\/de\\\/produkt\\\/biota-amino-copy\\\/#primaryimage\"},\"image\":{\"@id\":\"https:\\\/\\\/biota.nu\\\/de\\\/produkt\\\/biota-amino-copy\\\/#primaryimage\"},\"thumbnailUrl\":\"https:\\\/\\\/biota.nu\\\/wp-content\\\/uploads\\\/Biota-Amino-EU-can-s.jpg\",\"datePublished\":\"2026-01-19T10:08:46+00:00\",\"dateModified\":\"2026-01-19T10:14:47+00:00\",\"breadcrumb\":{\"@id\":\"https:\\\/\\\/biota.nu\\\/de\\\/produkt\\\/biota-amino-copy\\\/#breadcrumb\"},\"inLanguage\":\"de\",\"potentialAction\":[{\"@type\":\"ReadAction\",\"target\":[\"https:\\\/\\\/biota.nu\\\/de\\\/produkt\\\/biota-amino-copy\\\/\"]}]},{\"@type\":\"ImageObject\",\"inLanguage\":\"de\",\"@id\":\"https:\\\/\\\/biota.nu\\\/de\\\/produkt\\\/biota-amino-copy\\\/#primaryimage\",\"url\":\"https:\\\/\\\/biota.nu\\\/wp-content\\\/uploads\\\/Biota-Amino-EU-can-s.jpg\",\"contentUrl\":\"https:\\\/\\\/biota.nu\\\/wp-content\\\/uploads\\\/Biota-Amino-EU-can-s.jpg\",\"width\":600,\"height\":600},{\"@type\":\"BreadcrumbList\",\"@id\":\"https:\\\/\\\/biota.nu\\\/de\\\/produkt\\\/biota-amino-copy\\\/#breadcrumb\",\"itemListElement\":[{\"@type\":\"ListItem\",\"position\":1,\"name\":\"Home\",\"item\":\"https:\\\/\\\/biota.nu\\\/de\\\/?page_id=10242\"},{\"@type\":\"ListItem\",\"position\":2,\"name\":\"Produkte\",\"item\":\"https:\\\/\\\/biota.nu\\\/de\\\/?page_id=10600\"},{\"@type\":\"ListItem\",\"position\":3,\"name\":\"Biota Amino Complex Blattpflanze\"}]},{\"@type\":\"WebSite\",\"@id\":\"https:\\\/\\\/biota.nu\\\/de\\\/#website\",\"url\":\"https:\\\/\\\/biota.nu\\\/de\\\/\",\"name\":\"Biota Nutri\",\"description\":\"\",\"publisher\":{\"@id\":\"https:\\\/\\\/biota.nu\\\/de\\\/#organization\"},\"potentialAction\":[{\"@type\":\"SearchAction\",\"target\":{\"@type\":\"EntryPoint\",\"urlTemplate\":\"https:\\\/\\\/biota.nu\\\/de\\\/?s={search_term_string}\"},\"query-input\":{\"@type\":\"PropertyValueSpecification\",\"valueRequired\":true,\"valueName\":\"search_term_string\"}}],\"inLanguage\":\"de\"},{\"@type\":\"Organization\",\"@id\":\"https:\\\/\\\/biota.nu\\\/de\\\/#organization\",\"name\":\"Biota Nutri\",\"url\":\"https:\\\/\\\/biota.nu\\\/de\\\/\",\"logo\":{\"@type\":\"ImageObject\",\"inLanguage\":\"de\",\"@id\":\"https:\\\/\\\/biota.nu\\\/de\\\/#\\\/schema\\\/logo\\\/image\\\/\",\"url\":\"https:\\\/\\\/biota.nu\\\/wp-content\\\/uploads\\\/Biota-Nutri-R.png\",\"contentUrl\":\"https:\\\/\\\/biota.nu\\\/wp-content\\\/uploads\\\/Biota-Nutri-R.png\",\"width\":300,\"height\":220,\"caption\":\"Biota Nutri\"},\"image\":{\"@id\":\"https:\\\/\\\/biota.nu\\\/de\\\/#\\\/schema\\\/logo\\\/image\\\/\"}}]}<\/script>\n<!-- \/ Yoast SEO plugin. -->","yoast_head_json":{"title":"Biota Amino Complex Blattpflanze - Biota Nutri","robots":{"index":"index","follow":"follow","max-snippet":"max-snippet:-1","max-image-preview":"max-image-preview:large","max-video-preview":"max-video-preview:-1"},"canonical":"https:\/\/biota.nu\/de\/produkt\/biota-amino-copy\/","og_locale":"de_DE","og_type":"article","og_title":"Biota Amino Complex Blattpflanze - Biota Nutri","og_description":"&nbsp; &nbsp;","og_url":"https:\/\/biota.nu\/de\/produkt\/biota-amino-copy\/","og_site_name":"Biota Nutri","article_modified_time":"2026-01-19T10:14:47+00:00","og_image":[{"width":600,"height":600,"url":"https:\/\/biota.nu\/wp-content\/uploads\/Biota-Amino-EU-can-s.jpg","type":"image\/jpeg"}],"twitter_card":"summary_large_image","schema":{"@context":"https:\/\/schema.org","@graph":[{"@type":"WebPage","@id":"https:\/\/biota.nu\/de\/produkt\/biota-amino-copy\/","url":"https:\/\/biota.nu\/de\/produkt\/biota-amino-copy\/","name":"Biota Amino Complex Blattpflanze - Biota Nutri","isPartOf":{"@id":"https:\/\/biota.nu\/de\/#website"},"primaryImageOfPage":{"@id":"https:\/\/biota.nu\/de\/produkt\/biota-amino-copy\/#primaryimage"},"image":{"@id":"https:\/\/biota.nu\/de\/produkt\/biota-amino-copy\/#primaryimage"},"thumbnailUrl":"https:\/\/biota.nu\/wp-content\/uploads\/Biota-Amino-EU-can-s.jpg","datePublished":"2026-01-19T10:08:46+00:00","dateModified":"2026-01-19T10:14:47+00:00","breadcrumb":{"@id":"https:\/\/biota.nu\/de\/produkt\/biota-amino-copy\/#breadcrumb"},"inLanguage":"de","potentialAction":[{"@type":"ReadAction","target":["https:\/\/biota.nu\/de\/produkt\/biota-amino-copy\/"]}]},{"@type":"ImageObject","inLanguage":"de","@id":"https:\/\/biota.nu\/de\/produkt\/biota-amino-copy\/#primaryimage","url":"https:\/\/biota.nu\/wp-content\/uploads\/Biota-Amino-EU-can-s.jpg","contentUrl":"https:\/\/biota.nu\/wp-content\/uploads\/Biota-Amino-EU-can-s.jpg","width":600,"height":600},{"@type":"BreadcrumbList","@id":"https:\/\/biota.nu\/de\/produkt\/biota-amino-copy\/#breadcrumb","itemListElement":[{"@type":"ListItem","position":1,"name":"Home","item":"https:\/\/biota.nu\/de\/?page_id=10242"},{"@type":"ListItem","position":2,"name":"Produkte","item":"https:\/\/biota.nu\/de\/?page_id=10600"},{"@type":"ListItem","position":3,"name":"Biota Amino Complex Blattpflanze"}]},{"@type":"WebSite","@id":"https:\/\/biota.nu\/de\/#website","url":"https:\/\/biota.nu\/de\/","name":"Biota Nutri","description":"","publisher":{"@id":"https:\/\/biota.nu\/de\/#organization"},"potentialAction":[{"@type":"SearchAction","target":{"@type":"EntryPoint","urlTemplate":"https:\/\/biota.nu\/de\/?s={search_term_string}"},"query-input":{"@type":"PropertyValueSpecification","valueRequired":true,"valueName":"search_term_string"}}],"inLanguage":"de"},{"@type":"Organization","@id":"https:\/\/biota.nu\/de\/#organization","name":"Biota Nutri","url":"https:\/\/biota.nu\/de\/","logo":{"@type":"ImageObject","inLanguage":"de","@id":"https:\/\/biota.nu\/de\/#\/schema\/logo\/image\/","url":"https:\/\/biota.nu\/wp-content\/uploads\/Biota-Nutri-R.png","contentUrl":"https:\/\/biota.nu\/wp-content\/uploads\/Biota-Nutri-R.png","width":300,"height":220,"caption":"Biota Nutri"},"image":{"@id":"https:\/\/biota.nu\/de\/#\/schema\/logo\/image\/"}}]}},"acf":[],"_links":{"self":[{"href":"https:\/\/biota.nu\/de\/wp-json\/wp\/v2\/product\/11872","targetHints":{"allow":["GET"]}}],"collection":[{"href":"https:\/\/biota.nu\/de\/wp-json\/wp\/v2\/product"}],"about":[{"href":"https:\/\/biota.nu\/de\/wp-json\/wp\/v2\/types\/product"}],"wp:featuredmedia":[{"embeddable":true,"href":"https:\/\/biota.nu\/de\/wp-json\/wp\/v2\/media\/10851"}],"wp:attachment":[{"href":"https:\/\/biota.nu\/de\/wp-json\/wp\/v2\/media?parent=11872"}],"wp:term":[{"taxonomy":"product_brand","embeddable":true,"href":"https:\/\/biota.nu\/de\/wp-json\/wp\/v2\/product_brand?post=11872"},{"taxonomy":"product_cat","embeddable":true,"href":"https:\/\/biota.nu\/de\/wp-json\/wp\/v2\/product_cat?post=11872"},{"taxonomy":"product_tag","embeddable":true,"href":"https:\/\/biota.nu\/de\/wp-json\/wp\/v2\/product_tag?post=11872"}],"curies":[{"name":"wp","href":"https:\/\/api.w.org\/{rel}","templated":true}]}}