{"id":11922,"date":"2026-01-28T07:39:07","date_gmt":"2026-01-28T07:39:07","guid":{"rendered":"https:\/\/biota.nu\/?post_type=product&#038;p=11922"},"modified":"2026-03-27T08:40:59","modified_gmt":"2026-03-27T08:40:59","slug":"biota-zink-foliar-copy","status":"publish","type":"product","link":"https:\/\/biota.nu\/de\/produkt\/biota-zink-foliar-copy\/","title":{"rendered":"Biota Eisen Blattgr\u00fcn"},"content":{"rendered":"<p>Biota Iron Foliar ist ein Mikron\u00e4hrstoff f\u00fcr Eisen im Komplex mit Carbons\u00e4ure, Fulvos\u00e4ure und Ligninsulfons\u00e4ure und geh\u00f6rt zu unserer Blattd\u00fcngerlinie. Biota Iron Foliar ist ein Blattd\u00fcnger mit einem hohen Gehalt an Eisen und organischem Material. Dank seiner einzigartigen Zusammensetzung werden alle organischen Molek\u00fcle in diesem Produkt direkt von den Bl\u00e4ttern absorbiert. Das Eisen tr\u00e4gt dazu bei, den Stickstoffgehalt auszugleichen und so Mangelerscheinungen zu reduzieren oder zu verhindern.<\/p>\n","protected":false},"excerpt":{"rendered":"<p>&nbsp;<\/p>\n<p>&nbsp;<\/p>\n","protected":false},"featured_media":11928,"template":"","meta":[],"product_brand":[],"product_cat":[258],"product_tag":[],"class_list":{"0":"post-11922","1":"product","2":"type-product","3":"status-publish","4":"has-post-thumbnail","6":"product_cat-blattwerk","8":"first","9":"instock","10":"shipping-taxable","11":"product-type-simple"},"yoast_head":"<!-- This site is optimized with the Yoast SEO plugin v27.4 - https:\/\/yoast.com\/product\/yoast-seo-wordpress\/ -->\n<title>Biota Eisen Blattgr\u00fcn - Biota Nutri<\/title>\n<meta name=\"robots\" content=\"index, follow, max-snippet:-1, max-image-preview:large, max-video-preview:-1\" \/>\n<link rel=\"canonical\" href=\"https:\/\/biota.nu\/de\/produkt\/biota-zink-foliar-copy\/\" \/>\n<meta property=\"og:locale\" content=\"de_DE\" \/>\n<meta property=\"og:type\" content=\"article\" \/>\n<meta property=\"og:title\" content=\"Biota Eisen Blattgr\u00fcn - Biota Nutri\" \/>\n<meta property=\"og:description\" content=\"&nbsp;  &nbsp;\" \/>\n<meta property=\"og:url\" content=\"https:\/\/biota.nu\/de\/produkt\/biota-zink-foliar-copy\/\" \/>\n<meta property=\"og:site_name\" content=\"Biota Nutri\" \/>\n<meta property=\"article:modified_time\" content=\"2026-03-27T08:40:59+00:00\" \/>\n<meta property=\"og:image\" content=\"https:\/\/biota.nu\/wp-content\/uploads\/Biota-Iron-Foliar-Jerrycan.png\" \/>\n\t<meta property=\"og:image:width\" content=\"2481\" \/>\n\t<meta property=\"og:image:height\" content=\"2480\" \/>\n\t<meta property=\"og:image:type\" content=\"image\/png\" \/>\n<meta name=\"twitter:card\" content=\"summary_large_image\" \/>\n<meta name=\"twitter:label1\" content=\"Gesch\u00e4tzte Lesezeit\" \/>\n\t<meta name=\"twitter:data1\" content=\"1\u00a0Minute\" \/>\n<script type=\"application\/ld+json\" class=\"yoast-schema-graph\">{\"@context\":\"https:\\\/\\\/schema.org\",\"@graph\":[{\"@type\":\"WebPage\",\"@id\":\"https:\\\/\\\/biota.nu\\\/de\\\/produkt\\\/biota-zink-foliar-copy\\\/\",\"url\":\"https:\\\/\\\/biota.nu\\\/de\\\/produkt\\\/biota-zink-foliar-copy\\\/\",\"name\":\"Biota Eisen Blattgr\u00fcn - Biota Nutri\",\"isPartOf\":{\"@id\":\"https:\\\/\\\/biota.nu\\\/de\\\/#website\"},\"primaryImageOfPage\":{\"@id\":\"https:\\\/\\\/biota.nu\\\/de\\\/produkt\\\/biota-zink-foliar-copy\\\/#primaryimage\"},\"image\":{\"@id\":\"https:\\\/\\\/biota.nu\\\/de\\\/produkt\\\/biota-zink-foliar-copy\\\/#primaryimage\"},\"thumbnailUrl\":\"https:\\\/\\\/biota.nu\\\/wp-content\\\/uploads\\\/Biota-Iron-Foliar-Jerrycan.png\",\"datePublished\":\"2026-01-28T07:39:07+00:00\",\"dateModified\":\"2026-03-27T08:40:59+00:00\",\"breadcrumb\":{\"@id\":\"https:\\\/\\\/biota.nu\\\/de\\\/produkt\\\/biota-zink-foliar-copy\\\/#breadcrumb\"},\"inLanguage\":\"de\",\"potentialAction\":[{\"@type\":\"ReadAction\",\"target\":[\"https:\\\/\\\/biota.nu\\\/de\\\/produkt\\\/biota-zink-foliar-copy\\\/\"]}]},{\"@type\":\"ImageObject\",\"inLanguage\":\"de\",\"@id\":\"https:\\\/\\\/biota.nu\\\/de\\\/produkt\\\/biota-zink-foliar-copy\\\/#primaryimage\",\"url\":\"https:\\\/\\\/biota.nu\\\/wp-content\\\/uploads\\\/Biota-Iron-Foliar-Jerrycan.png\",\"contentUrl\":\"https:\\\/\\\/biota.nu\\\/wp-content\\\/uploads\\\/Biota-Iron-Foliar-Jerrycan.png\",\"width\":2481,\"height\":2480},{\"@type\":\"BreadcrumbList\",\"@id\":\"https:\\\/\\\/biota.nu\\\/de\\\/produkt\\\/biota-zink-foliar-copy\\\/#breadcrumb\",\"itemListElement\":[{\"@type\":\"ListItem\",\"position\":1,\"name\":\"Home\",\"item\":\"https:\\\/\\\/biota.nu\\\/de\\\/?page_id=10242\"},{\"@type\":\"ListItem\",\"position\":2,\"name\":\"Produkte\",\"item\":\"https:\\\/\\\/biota.nu\\\/de\\\/?page_id=10600\"},{\"@type\":\"ListItem\",\"position\":3,\"name\":\"Biota Eisen Blattgr\u00fcn\"}]},{\"@type\":\"WebSite\",\"@id\":\"https:\\\/\\\/biota.nu\\\/de\\\/#website\",\"url\":\"https:\\\/\\\/biota.nu\\\/de\\\/\",\"name\":\"Biota Nutri\",\"description\":\"\",\"publisher\":{\"@id\":\"https:\\\/\\\/biota.nu\\\/de\\\/#organization\"},\"potentialAction\":[{\"@type\":\"SearchAction\",\"target\":{\"@type\":\"EntryPoint\",\"urlTemplate\":\"https:\\\/\\\/biota.nu\\\/de\\\/?s={search_term_string}\"},\"query-input\":{\"@type\":\"PropertyValueSpecification\",\"valueRequired\":true,\"valueName\":\"search_term_string\"}}],\"inLanguage\":\"de\"},{\"@type\":\"Organization\",\"@id\":\"https:\\\/\\\/biota.nu\\\/de\\\/#organization\",\"name\":\"Biota Nutri\",\"url\":\"https:\\\/\\\/biota.nu\\\/de\\\/\",\"logo\":{\"@type\":\"ImageObject\",\"inLanguage\":\"de\",\"@id\":\"https:\\\/\\\/biota.nu\\\/de\\\/#\\\/schema\\\/logo\\\/image\\\/\",\"url\":\"https:\\\/\\\/biota.nu\\\/wp-content\\\/uploads\\\/Biota-Nutri-R.png\",\"contentUrl\":\"https:\\\/\\\/biota.nu\\\/wp-content\\\/uploads\\\/Biota-Nutri-R.png\",\"width\":300,\"height\":220,\"caption\":\"Biota Nutri\"},\"image\":{\"@id\":\"https:\\\/\\\/biota.nu\\\/de\\\/#\\\/schema\\\/logo\\\/image\\\/\"}}]}<\/script>\n<!-- \/ Yoast SEO plugin. -->","yoast_head_json":{"title":"Biota Eisen Blattgr\u00fcn - Biota Nutri","robots":{"index":"index","follow":"follow","max-snippet":"max-snippet:-1","max-image-preview":"max-image-preview:large","max-video-preview":"max-video-preview:-1"},"canonical":"https:\/\/biota.nu\/de\/produkt\/biota-zink-foliar-copy\/","og_locale":"de_DE","og_type":"article","og_title":"Biota Eisen Blattgr\u00fcn - Biota Nutri","og_description":"&nbsp;  &nbsp;","og_url":"https:\/\/biota.nu\/de\/produkt\/biota-zink-foliar-copy\/","og_site_name":"Biota Nutri","article_modified_time":"2026-03-27T08:40:59+00:00","og_image":[{"width":2481,"height":2480,"url":"https:\/\/biota.nu\/wp-content\/uploads\/Biota-Iron-Foliar-Jerrycan.png","type":"image\/png"}],"twitter_card":"summary_large_image","twitter_misc":{"Gesch\u00e4tzte Lesezeit":"1\u00a0Minute"},"schema":{"@context":"https:\/\/schema.org","@graph":[{"@type":"WebPage","@id":"https:\/\/biota.nu\/de\/produkt\/biota-zink-foliar-copy\/","url":"https:\/\/biota.nu\/de\/produkt\/biota-zink-foliar-copy\/","name":"Biota Eisen Blattgr\u00fcn - Biota Nutri","isPartOf":{"@id":"https:\/\/biota.nu\/de\/#website"},"primaryImageOfPage":{"@id":"https:\/\/biota.nu\/de\/produkt\/biota-zink-foliar-copy\/#primaryimage"},"image":{"@id":"https:\/\/biota.nu\/de\/produkt\/biota-zink-foliar-copy\/#primaryimage"},"thumbnailUrl":"https:\/\/biota.nu\/wp-content\/uploads\/Biota-Iron-Foliar-Jerrycan.png","datePublished":"2026-01-28T07:39:07+00:00","dateModified":"2026-03-27T08:40:59+00:00","breadcrumb":{"@id":"https:\/\/biota.nu\/de\/produkt\/biota-zink-foliar-copy\/#breadcrumb"},"inLanguage":"de","potentialAction":[{"@type":"ReadAction","target":["https:\/\/biota.nu\/de\/produkt\/biota-zink-foliar-copy\/"]}]},{"@type":"ImageObject","inLanguage":"de","@id":"https:\/\/biota.nu\/de\/produkt\/biota-zink-foliar-copy\/#primaryimage","url":"https:\/\/biota.nu\/wp-content\/uploads\/Biota-Iron-Foliar-Jerrycan.png","contentUrl":"https:\/\/biota.nu\/wp-content\/uploads\/Biota-Iron-Foliar-Jerrycan.png","width":2481,"height":2480},{"@type":"BreadcrumbList","@id":"https:\/\/biota.nu\/de\/produkt\/biota-zink-foliar-copy\/#breadcrumb","itemListElement":[{"@type":"ListItem","position":1,"name":"Home","item":"https:\/\/biota.nu\/de\/?page_id=10242"},{"@type":"ListItem","position":2,"name":"Produkte","item":"https:\/\/biota.nu\/de\/?page_id=10600"},{"@type":"ListItem","position":3,"name":"Biota Eisen Blattgr\u00fcn"}]},{"@type":"WebSite","@id":"https:\/\/biota.nu\/de\/#website","url":"https:\/\/biota.nu\/de\/","name":"Biota Nutri","description":"","publisher":{"@id":"https:\/\/biota.nu\/de\/#organization"},"potentialAction":[{"@type":"SearchAction","target":{"@type":"EntryPoint","urlTemplate":"https:\/\/biota.nu\/de\/?s={search_term_string}"},"query-input":{"@type":"PropertyValueSpecification","valueRequired":true,"valueName":"search_term_string"}}],"inLanguage":"de"},{"@type":"Organization","@id":"https:\/\/biota.nu\/de\/#organization","name":"Biota Nutri","url":"https:\/\/biota.nu\/de\/","logo":{"@type":"ImageObject","inLanguage":"de","@id":"https:\/\/biota.nu\/de\/#\/schema\/logo\/image\/","url":"https:\/\/biota.nu\/wp-content\/uploads\/Biota-Nutri-R.png","contentUrl":"https:\/\/biota.nu\/wp-content\/uploads\/Biota-Nutri-R.png","width":300,"height":220,"caption":"Biota Nutri"},"image":{"@id":"https:\/\/biota.nu\/de\/#\/schema\/logo\/image\/"}}]}},"acf":[],"_links":{"self":[{"href":"https:\/\/biota.nu\/de\/wp-json\/wp\/v2\/product\/11922","targetHints":{"allow":["GET"]}}],"collection":[{"href":"https:\/\/biota.nu\/de\/wp-json\/wp\/v2\/product"}],"about":[{"href":"https:\/\/biota.nu\/de\/wp-json\/wp\/v2\/types\/product"}],"wp:featuredmedia":[{"embeddable":true,"href":"https:\/\/biota.nu\/de\/wp-json\/wp\/v2\/media\/11928"}],"wp:attachment":[{"href":"https:\/\/biota.nu\/de\/wp-json\/wp\/v2\/media?parent=11922"}],"wp:term":[{"taxonomy":"product_brand","embeddable":true,"href":"https:\/\/biota.nu\/de\/wp-json\/wp\/v2\/product_brand?post=11922"},{"taxonomy":"product_cat","embeddable":true,"href":"https:\/\/biota.nu\/de\/wp-json\/wp\/v2\/product_cat?post=11922"},{"taxonomy":"product_tag","embeddable":true,"href":"https:\/\/biota.nu\/de\/wp-json\/wp\/v2\/product_tag?post=11922"}],"curies":[{"name":"wp","href":"https:\/\/api.w.org\/{rel}","templated":true}]}}