{"id":11965,"date":"2026-01-28T09:43:46","date_gmt":"2026-01-28T09:43:46","guid":{"rendered":"https:\/\/biota.nu\/?post_type=product&#038;p=11965"},"modified":"2026-01-28T09:45:32","modified_gmt":"2026-01-28T09:45:32","slug":"biota-5-2-2-hoch-organisch-copy-3","status":"publish","type":"product","link":"https:\/\/biota.nu\/de\/produkt\/biota-5-2-2-hoch-organisch-copy-3\/","title":{"rendered":"Biota Amino-Komplex"},"content":{"rendered":"<p>Biota Amino Complex ist ein Pflanzend\u00fcnger, der reich an Aminos\u00e4uren und anderen Bausteinen f\u00fcr Pflanzen ist. Der Rest bleibt derselbe. Entfernen Sie bei der Ausbringung die Blattapplikation und geben Sie sie zusammen mit dem Biota Amino Complex Foliar aus, wo Sie den Bew\u00e4sserungsd\u00fcnger entfernen k\u00f6nnen.  <\/p>\n","protected":false},"excerpt":{"rendered":"<p>Biota Amino Complex ist ein Pflanzend\u00fcnger, der reich an Aminos\u00e4uren und anderen Bausteinen f\u00fcr Pflanzen ist. Der Rest bleibt derselbe. Entfernen Sie bei der Ausbringung [&hellip;]<\/p>\n","protected":false},"featured_media":11980,"template":"","meta":[],"product_brand":[],"product_cat":[226],"product_tag":[],"class_list":{"0":"post-11965","1":"product","2":"type-product","3":"status-publish","4":"has-post-thumbnail","6":"product_cat-biostimulanzien","8":"first","9":"instock","10":"shipping-taxable","11":"product-type-simple"},"yoast_head":"<!-- This site is optimized with the Yoast SEO plugin v27.4 - https:\/\/yoast.com\/product\/yoast-seo-wordpress\/ -->\n<title>Biota Amino-Komplex - Biota Nutri<\/title>\n<meta name=\"robots\" content=\"index, follow, max-snippet:-1, max-image-preview:large, max-video-preview:-1\" \/>\n<link rel=\"canonical\" href=\"https:\/\/biota.nu\/de\/produkt\/biota-5-2-2-hoch-organisch-copy-3\/\" \/>\n<meta property=\"og:locale\" content=\"de_DE\" \/>\n<meta property=\"og:type\" content=\"article\" \/>\n<meta property=\"og:title\" content=\"Biota Amino-Komplex - Biota Nutri\" \/>\n<meta property=\"og:description\" content=\"Biota Amino Complex ist ein Pflanzend\u00fcnger, der reich an Aminos\u00e4uren und anderen Bausteinen f\u00fcr Pflanzen ist. Der Rest bleibt derselbe. Entfernen Sie bei der Ausbringung [&hellip;]\" \/>\n<meta property=\"og:url\" content=\"https:\/\/biota.nu\/de\/produkt\/biota-5-2-2-hoch-organisch-copy-3\/\" \/>\n<meta property=\"og:site_name\" content=\"Biota Nutri\" \/>\n<meta property=\"article:modified_time\" content=\"2026-01-28T09:45:32+00:00\" \/>\n<meta property=\"og:image\" content=\"https:\/\/biota.nu\/wp-content\/uploads\/Biota-Amino-Complex-Foliar-Jerrycan.png\" \/>\n\t<meta property=\"og:image:width\" content=\"2485\" \/>\n\t<meta property=\"og:image:height\" content=\"2483\" \/>\n\t<meta property=\"og:image:type\" content=\"image\/png\" \/>\n<meta name=\"twitter:card\" content=\"summary_large_image\" \/>\n<script type=\"application\/ld+json\" class=\"yoast-schema-graph\">{\"@context\":\"https:\\\/\\\/schema.org\",\"@graph\":[{\"@type\":\"WebPage\",\"@id\":\"https:\\\/\\\/biota.nu\\\/de\\\/produkt\\\/biota-5-2-2-hoch-organisch-copy-3\\\/\",\"url\":\"https:\\\/\\\/biota.nu\\\/de\\\/produkt\\\/biota-5-2-2-hoch-organisch-copy-3\\\/\",\"name\":\"Biota Amino-Komplex - Biota Nutri\",\"isPartOf\":{\"@id\":\"https:\\\/\\\/biota.nu\\\/de\\\/#website\"},\"primaryImageOfPage\":{\"@id\":\"https:\\\/\\\/biota.nu\\\/de\\\/produkt\\\/biota-5-2-2-hoch-organisch-copy-3\\\/#primaryimage\"},\"image\":{\"@id\":\"https:\\\/\\\/biota.nu\\\/de\\\/produkt\\\/biota-5-2-2-hoch-organisch-copy-3\\\/#primaryimage\"},\"thumbnailUrl\":\"https:\\\/\\\/biota.nu\\\/wp-content\\\/uploads\\\/Biota-Amino-Complex-Jerrycan.png\",\"datePublished\":\"2026-01-28T09:43:46+00:00\",\"dateModified\":\"2026-01-28T09:45:32+00:00\",\"breadcrumb\":{\"@id\":\"https:\\\/\\\/biota.nu\\\/de\\\/produkt\\\/biota-5-2-2-hoch-organisch-copy-3\\\/#breadcrumb\"},\"inLanguage\":\"de\",\"potentialAction\":[{\"@type\":\"ReadAction\",\"target\":[\"https:\\\/\\\/biota.nu\\\/de\\\/produkt\\\/biota-5-2-2-hoch-organisch-copy-3\\\/\"]}]},{\"@type\":\"ImageObject\",\"inLanguage\":\"de\",\"@id\":\"https:\\\/\\\/biota.nu\\\/de\\\/produkt\\\/biota-5-2-2-hoch-organisch-copy-3\\\/#primaryimage\",\"url\":\"https:\\\/\\\/biota.nu\\\/wp-content\\\/uploads\\\/Biota-Amino-Complex-Jerrycan.png\",\"contentUrl\":\"https:\\\/\\\/biota.nu\\\/wp-content\\\/uploads\\\/Biota-Amino-Complex-Jerrycan.png\",\"width\":2481,\"height\":2480},{\"@type\":\"BreadcrumbList\",\"@id\":\"https:\\\/\\\/biota.nu\\\/de\\\/produkt\\\/biota-5-2-2-hoch-organisch-copy-3\\\/#breadcrumb\",\"itemListElement\":[{\"@type\":\"ListItem\",\"position\":1,\"name\":\"Home\",\"item\":\"https:\\\/\\\/biota.nu\\\/de\\\/?page_id=10242\"},{\"@type\":\"ListItem\",\"position\":2,\"name\":\"Produkte\",\"item\":\"https:\\\/\\\/biota.nu\\\/de\\\/?page_id=10600\"},{\"@type\":\"ListItem\",\"position\":3,\"name\":\"Biota Amino-Komplex\"}]},{\"@type\":\"WebSite\",\"@id\":\"https:\\\/\\\/biota.nu\\\/de\\\/#website\",\"url\":\"https:\\\/\\\/biota.nu\\\/de\\\/\",\"name\":\"Biota Nutri\",\"description\":\"\",\"publisher\":{\"@id\":\"https:\\\/\\\/biota.nu\\\/de\\\/#organization\"},\"potentialAction\":[{\"@type\":\"SearchAction\",\"target\":{\"@type\":\"EntryPoint\",\"urlTemplate\":\"https:\\\/\\\/biota.nu\\\/de\\\/?s={search_term_string}\"},\"query-input\":{\"@type\":\"PropertyValueSpecification\",\"valueRequired\":true,\"valueName\":\"search_term_string\"}}],\"inLanguage\":\"de\"},{\"@type\":\"Organization\",\"@id\":\"https:\\\/\\\/biota.nu\\\/de\\\/#organization\",\"name\":\"Biota Nutri\",\"url\":\"https:\\\/\\\/biota.nu\\\/de\\\/\",\"logo\":{\"@type\":\"ImageObject\",\"inLanguage\":\"de\",\"@id\":\"https:\\\/\\\/biota.nu\\\/de\\\/#\\\/schema\\\/logo\\\/image\\\/\",\"url\":\"https:\\\/\\\/biota.nu\\\/wp-content\\\/uploads\\\/Biota-Nutri-R.png\",\"contentUrl\":\"https:\\\/\\\/biota.nu\\\/wp-content\\\/uploads\\\/Biota-Nutri-R.png\",\"width\":300,\"height\":220,\"caption\":\"Biota Nutri\"},\"image\":{\"@id\":\"https:\\\/\\\/biota.nu\\\/de\\\/#\\\/schema\\\/logo\\\/image\\\/\"}}]}<\/script>\n<!-- \/ Yoast SEO plugin. -->","yoast_head_json":{"title":"Biota Amino-Komplex - Biota Nutri","robots":{"index":"index","follow":"follow","max-snippet":"max-snippet:-1","max-image-preview":"max-image-preview:large","max-video-preview":"max-video-preview:-1"},"canonical":"https:\/\/biota.nu\/de\/produkt\/biota-5-2-2-hoch-organisch-copy-3\/","og_locale":"de_DE","og_type":"article","og_title":"Biota Amino-Komplex - Biota Nutri","og_description":"Biota Amino Complex ist ein Pflanzend\u00fcnger, der reich an Aminos\u00e4uren und anderen Bausteinen f\u00fcr Pflanzen ist. Der Rest bleibt derselbe. Entfernen Sie bei der Ausbringung [&hellip;]","og_url":"https:\/\/biota.nu\/de\/produkt\/biota-5-2-2-hoch-organisch-copy-3\/","og_site_name":"Biota Nutri","article_modified_time":"2026-01-28T09:45:32+00:00","og_image":[{"width":2485,"height":2483,"url":"https:\/\/biota.nu\/wp-content\/uploads\/Biota-Amino-Complex-Foliar-Jerrycan.png","type":"image\/png"}],"twitter_card":"summary_large_image","schema":{"@context":"https:\/\/schema.org","@graph":[{"@type":"WebPage","@id":"https:\/\/biota.nu\/de\/produkt\/biota-5-2-2-hoch-organisch-copy-3\/","url":"https:\/\/biota.nu\/de\/produkt\/biota-5-2-2-hoch-organisch-copy-3\/","name":"Biota Amino-Komplex - Biota Nutri","isPartOf":{"@id":"https:\/\/biota.nu\/de\/#website"},"primaryImageOfPage":{"@id":"https:\/\/biota.nu\/de\/produkt\/biota-5-2-2-hoch-organisch-copy-3\/#primaryimage"},"image":{"@id":"https:\/\/biota.nu\/de\/produkt\/biota-5-2-2-hoch-organisch-copy-3\/#primaryimage"},"thumbnailUrl":"https:\/\/biota.nu\/wp-content\/uploads\/Biota-Amino-Complex-Jerrycan.png","datePublished":"2026-01-28T09:43:46+00:00","dateModified":"2026-01-28T09:45:32+00:00","breadcrumb":{"@id":"https:\/\/biota.nu\/de\/produkt\/biota-5-2-2-hoch-organisch-copy-3\/#breadcrumb"},"inLanguage":"de","potentialAction":[{"@type":"ReadAction","target":["https:\/\/biota.nu\/de\/produkt\/biota-5-2-2-hoch-organisch-copy-3\/"]}]},{"@type":"ImageObject","inLanguage":"de","@id":"https:\/\/biota.nu\/de\/produkt\/biota-5-2-2-hoch-organisch-copy-3\/#primaryimage","url":"https:\/\/biota.nu\/wp-content\/uploads\/Biota-Amino-Complex-Jerrycan.png","contentUrl":"https:\/\/biota.nu\/wp-content\/uploads\/Biota-Amino-Complex-Jerrycan.png","width":2481,"height":2480},{"@type":"BreadcrumbList","@id":"https:\/\/biota.nu\/de\/produkt\/biota-5-2-2-hoch-organisch-copy-3\/#breadcrumb","itemListElement":[{"@type":"ListItem","position":1,"name":"Home","item":"https:\/\/biota.nu\/de\/?page_id=10242"},{"@type":"ListItem","position":2,"name":"Produkte","item":"https:\/\/biota.nu\/de\/?page_id=10600"},{"@type":"ListItem","position":3,"name":"Biota Amino-Komplex"}]},{"@type":"WebSite","@id":"https:\/\/biota.nu\/de\/#website","url":"https:\/\/biota.nu\/de\/","name":"Biota Nutri","description":"","publisher":{"@id":"https:\/\/biota.nu\/de\/#organization"},"potentialAction":[{"@type":"SearchAction","target":{"@type":"EntryPoint","urlTemplate":"https:\/\/biota.nu\/de\/?s={search_term_string}"},"query-input":{"@type":"PropertyValueSpecification","valueRequired":true,"valueName":"search_term_string"}}],"inLanguage":"de"},{"@type":"Organization","@id":"https:\/\/biota.nu\/de\/#organization","name":"Biota Nutri","url":"https:\/\/biota.nu\/de\/","logo":{"@type":"ImageObject","inLanguage":"de","@id":"https:\/\/biota.nu\/de\/#\/schema\/logo\/image\/","url":"https:\/\/biota.nu\/wp-content\/uploads\/Biota-Nutri-R.png","contentUrl":"https:\/\/biota.nu\/wp-content\/uploads\/Biota-Nutri-R.png","width":300,"height":220,"caption":"Biota Nutri"},"image":{"@id":"https:\/\/biota.nu\/de\/#\/schema\/logo\/image\/"}}]}},"acf":[],"_links":{"self":[{"href":"https:\/\/biota.nu\/de\/wp-json\/wp\/v2\/product\/11965","targetHints":{"allow":["GET"]}}],"collection":[{"href":"https:\/\/biota.nu\/de\/wp-json\/wp\/v2\/product"}],"about":[{"href":"https:\/\/biota.nu\/de\/wp-json\/wp\/v2\/types\/product"}],"wp:featuredmedia":[{"embeddable":true,"href":"https:\/\/biota.nu\/de\/wp-json\/wp\/v2\/media\/11980"}],"wp:attachment":[{"href":"https:\/\/biota.nu\/de\/wp-json\/wp\/v2\/media?parent=11965"}],"wp:term":[{"taxonomy":"product_brand","embeddable":true,"href":"https:\/\/biota.nu\/de\/wp-json\/wp\/v2\/product_brand?post=11965"},{"taxonomy":"product_cat","embeddable":true,"href":"https:\/\/biota.nu\/de\/wp-json\/wp\/v2\/product_cat?post=11965"},{"taxonomy":"product_tag","embeddable":true,"href":"https:\/\/biota.nu\/de\/wp-json\/wp\/v2\/product_tag?post=11965"}],"curies":[{"name":"wp","href":"https:\/\/api.w.org\/{rel}","templated":true}]}}