{"id":11460,"date":"2025-08-25T11:06:47","date_gmt":"2025-08-25T11:06:47","guid":{"rendered":"https:\/\/biota.nu\/?page_id=11460"},"modified":"2025-08-25T11:06:47","modified_gmt":"2025-08-25T11:06:47","slug":"tecnologia-2","status":"publish","type":"page","link":"https:\/\/biota.nu\/es\/tecnologia-2\/","title":{"rendered":"Tecnolog\u00eda"},"content":{"rendered":"\n<div class=\"banner alignfull wp-block-biota-nutri-banner\">\n    <img loading=\"lazy\" decoding=\"async\" src=\"https:\/\/biota.nu\/wp-content\/uploads\/ONP-1-fotor-20240222135816.png\" width=\"1478\" height=\"490\" alt=\"\" \/>\n\n    <div class=\"acf-innerblocks-container\">\n\n<h1 class=\"wp-block-heading has-text-align-center has-gargantuan-font-size\" style=\"font-style:normal;font-weight:900\">Tecnolog\u00eda<\/h1>\n\n<\/div>\n\n    <svg xmlns=\"http:\/\/www.w3.org\/2000\/svg\" viewBox=\"0 0 1000 100\" preserveAspectRatio=\"none\">\n        <path d=\"M790.5,93.1c-59.3-5.3-116.8-18-192.6-50c-29.6-12.7-76.9-31-100.5-35.9c-23.6-4.9-52.6-7.8-75.5-5.3\n\tc-10.2,1.1-22.6,1.4-50.1,7.4c-27.2,6.3-58.2,16.6-79.4,24.7c-41.3,15.9-94.9,21.9-134,22.6C72,58.2,0,25.8,0,25.8V100h1000V65.3\n\tc0,0-51.5,19.4-106.2,25.7C839.5,97,814.1,95.2,790.5,93.1z\"><\/path>\n    <\/svg>\n<\/div>\n\n<h1 class=\"wp-block-heading has-text-align-left\">Sistema de producci\u00f3n org\u00e1nica de nitrato (ONP)<\/h1>\n\n<div class=\"wp-block-columns is-layout-flex wp-container-core-columns-is-layout-28f84493 wp-block-columns-is-layout-flex\">\n<div class=\"wp-block-column is-layout-flow wp-block-column-is-layout-flow\">\n<figure class=\"wp-block-image size-large is-resized\"><img loading=\"lazy\" decoding=\"async\" width=\"1024\" height=\"341\" src=\"https:\/\/biota.nu\/wp-content\/uploads\/ONP-graphic-4-1024x341.png\" alt=\"\" class=\"wp-image-9053\" style=\"width:471px;height:auto\" srcset=\"https:\/\/biota.nu\/wp-content\/uploads\/ONP-graphic-4-1024x341.png 1024w, https:\/\/biota.nu\/wp-content\/uploads\/ONP-graphic-4-300x100.png 300w, https:\/\/biota.nu\/wp-content\/uploads\/ONP-graphic-4-768x256.png 768w, https:\/\/biota.nu\/wp-content\/uploads\/ONP-graphic-4-600x200.png 600w, https:\/\/biota.nu\/wp-content\/uploads\/ONP-graphic-4.png 1280w\" sizes=\"auto, (max-width: 1024px) 100vw, 1024px\" \/><\/figure>\n<\/div>\n\n\n\n<div class=\"wp-block-column is-layout-flow wp-block-column-is-layout-flow\">\n<ul class=\"wp-block-list\">\n<li>El sistema de Biota (ONP) es una soluci\u00f3n de cultivo org\u00e1nico escalable<\/li>\n\n\n\n<li>Proporciona Nitrato durante todo el a\u00f1o para todos sus cultivos<\/li>\n\n\n\n<li>Los sistemas ONP son totalmente sostenibles  <\/li>\n<\/ul>\n\n\n\n<p><\/p>\n<\/div>\n<\/div>\n\n<h2 class=\"wp-block-heading has-text-align-left\">C\u00f3mo funciona<\/h2>\n\n<div class=\"wp-block-columns is-layout-flex wp-container-core-columns-is-layout-28f84493 wp-block-columns-is-layout-flex\">\n<div class=\"wp-block-column is-layout-flow wp-block-column-is-layout-flow\">\n<p>El ONP funciona con bacterias nitrificantes espec\u00edficas de Biota, que son alimentadas con una soluci\u00f3n de nitr\u00f3geno Biota totalmente vegetal.  <\/p>\n\n\n\n<p>Los compuestos nitrogenados se descomponen en amon\u00edaco y luego las bacterias los convierten en nitrato.<\/p>\n\n\n\n<p><\/p>\n<\/div>\n\n\n\n<div class=\"wp-block-column is-layout-flow wp-block-column-is-layout-flow\">\n<figure class=\"wp-block-image size-large is-resized\"><img loading=\"lazy\" decoding=\"async\" width=\"1024\" height=\"438\" src=\"https:\/\/biota.nu\/wp-content\/uploads\/ONP-graphic-2-1024x438.png\" alt=\"\" class=\"wp-image-9042\" style=\"width:400px;height:auto\" srcset=\"https:\/\/biota.nu\/wp-content\/uploads\/ONP-graphic-2-1024x438.png 1024w, https:\/\/biota.nu\/wp-content\/uploads\/ONP-graphic-2-300x128.png 300w, https:\/\/biota.nu\/wp-content\/uploads\/ONP-graphic-2-768x328.png 768w, https:\/\/biota.nu\/wp-content\/uploads\/ONP-graphic-2-1536x657.png 1536w, https:\/\/biota.nu\/wp-content\/uploads\/ONP-graphic-2-600x256.png 600w, https:\/\/biota.nu\/wp-content\/uploads\/ONP-graphic-2.png 1722w\" sizes=\"auto, (max-width: 1024px) 100vw, 1024px\" \/><\/figure>\n<\/div>\n<\/div>\n\n<p><\/p>\n\n<h3 class=\"wp-block-heading has-text-align-center\"><\/h3>\n\n<h2 class=\"wp-block-heading has-text-align-left\">Nitrato constante<\/h2>\n\n<div style=\"--inline-background-color: #6ab023; --inline-text-color: #FFFFFF;  margin-top:6em;margin-bottom:6em;\" class=\"wave-container alignfull wp-block-biota-nutri-wave-container\">\n    <img decoding=\"async\" src=\"\" width=\"\" height=\"\" alt=\"\" \/>\n\n    <div class=\"top-wave\">\n        <svg xmlns=\"http:\/\/www.w3.org\/2000\/svg\" viewBox=\"0 0 1000 100\" preserveAspectRatio=\"none\">\n            <path d=\"M421.9,6.5c22.6-2.5,51.5,0.4,75.5,5.3c23.6,4.9,70.9,23.5,100.5,35.7c75.8,32.2,133.7,44.5,192.6,49.7\n\tc23.6,2.1,48.7,3.5,103.4-2.5c54.7-6,106.2-25.6,106.2-25.6V0H0v30.3c0,0,72,32.6,158.4,30.5c39.2-0.7,92.8-6.7,134-22.4\n\tc21.2-8.1,52.2-18.2,79.7-24.2C399.3,7.9,411.6,7.5,421.9,6.5z\"><\/path>\n        <\/svg>\n    <\/div>\n\n    <div class=\"container\">\n        <div class=\"acf-innerblocks-container\">\n\n<p>La ONP puede utilizarse de diferentes maneras. Un biorreactor a gran escala puede cubrir las necesidades de nitrato de todos sus cultivos durante todo el a\u00f1o. Se puede utilizar un sistema m\u00e1s peque\u00f1o para la producci\u00f3n de base, para abastecer la demanda de nitrato en los meses m\u00e1s fr\u00edos. En los meses m\u00e1s c\u00e1lidos, el sistema se mantiene a\u00f1adiendo otra fuente de nitrato a trav\u00e9s de los tanques de abono tradicionales.<\/p>\n\n<\/div>\n    <\/div>\n\n    <div class=\"bottom-wave\">\n        <svg xmlns=\"http:\/\/www.w3.org\/2000\/svg\" viewBox=\"0 0 1000 100\" preserveAspectRatio=\"none\">\n            <path d=\"M421.9,6.5c22.6-2.5,51.5,0.4,75.5,5.3c23.6,4.9,70.9,23.5,100.5,35.7c75.8,32.2,133.7,44.5,192.6,49.7\n\tc23.6,2.1,48.7,3.5,103.4-2.5c54.7-6,106.2-25.6,106.2-25.6V0H0v30.3c0,0,72,32.6,158.4,30.5c39.2-0.7,92.8-6.7,134-22.4\n\tc21.2-8.1,52.2-18.2,79.7-24.2C399.3,7.9,411.6,7.5,421.9,6.5z\"><\/path>\n        <\/svg>\n    <\/div>\n<\/div>\n\n<div style=\"--inline-transform-translate-x: 0px; --inline-transform-translate-y: 0px;\" class=\"decoration-image position-right alignright wp-block-biota-nutri-decoration-image\">\n    <div class=\"acf-innerblocks-container\">\n\n<figure class=\"wp-block-image alignright size-large is-resized\"><img loading=\"lazy\" decoding=\"async\" width=\"836\" height=\"1024\" src=\"https:\/\/biota.nu\/wp-content\/uploads\/Tomato-2-836x1024.png\" alt=\"\" class=\"wp-image-9173\" style=\"width:248px;height:auto\" srcset=\"https:\/\/biota.nu\/wp-content\/uploads\/Tomato-2-836x1024.png 836w, https:\/\/biota.nu\/wp-content\/uploads\/Tomato-2-245x300.png 245w, https:\/\/biota.nu\/wp-content\/uploads\/Tomato-2-768x941.png 768w, https:\/\/biota.nu\/wp-content\/uploads\/Tomato-2-600x735.png 600w, https:\/\/biota.nu\/wp-content\/uploads\/Tomato-2.png 956w\" sizes=\"auto, (max-width: 836px) 100vw, 836px\" \/><\/figure>\n\n<\/div>\n<\/div>\n\n<h2 class=\"wp-block-heading has-text-align-left\">Las ventajas de un sistema Biota ONP<\/h2>\n\n<p>Las ventajas de un sistema Biota ONP<\/p>\n\n<p class=\"has-text-align-left\">Control y ajuste constantes de los nutrientes para obtener el m\u00e1ximo rendimiento<\/p>\n\n<p class=\"has-text-align-left\">Proporciona a las bacterias las condiciones \u00f3ptimas para desarrollarse<\/p>\n\n<p class=\"has-text-align-left\">Controle los niveles de pH antes y despu\u00e9s del proceso de nitrificaci\u00f3n<\/p>\n\n<p class=\"has-text-align-left\">Las temperaturas, la velocidad de flujo y los niveles de ox\u00edgeno son niveles totalmente controlados<\/p>\n\n<p class=\"has-text-align-left\">Sostenible con un riesgo reducido al no ser necesaria la presurizaci\u00f3n del sistema<\/p>\n\n<h2 class=\"wp-block-heading has-text-align-left\">Producci\u00f3n de nitrato<\/h2>\n\n<div style=\"--inline-transform-translate-x: 150px; --inline-transform-translate-y: 0px;\" class=\"decoration-image position-right alignright wp-block-biota-nutri-decoration-image\">\n    <div class=\"acf-innerblocks-container\">\n\n<figure class=\"wp-block-image size-large is-resized\"><img loading=\"lazy\" decoding=\"async\" width=\"1024\" height=\"681\" src=\"https:\/\/biota.nu\/wp-content\/uploads\/Kiwi-1-1024x681.png\" alt=\"\" class=\"wp-image-9188\" style=\"width:478px;height:auto\" srcset=\"https:\/\/biota.nu\/wp-content\/uploads\/Kiwi-1-1024x681.png 1024w, https:\/\/biota.nu\/wp-content\/uploads\/Kiwi-1-300x199.png 300w, https:\/\/biota.nu\/wp-content\/uploads\/Kiwi-1-768x511.png 768w, https:\/\/biota.nu\/wp-content\/uploads\/Kiwi-1-1536x1021.png 1536w, https:\/\/biota.nu\/wp-content\/uploads\/Kiwi-1-2048x1362.png 2048w, https:\/\/biota.nu\/wp-content\/uploads\/Kiwi-1-600x399.png 600w\" sizes=\"auto, (max-width: 1024px) 100vw, 1024px\" \/><\/figure>\n\n<\/div>\n<\/div>\n\n<div class=\"wp-block-columns is-layout-flex wp-container-core-columns-is-layout-28f84493 wp-block-columns-is-layout-flex\">\n<div class=\"wp-block-column is-layout-flow wp-block-column-is-layout-flow\" style=\"flex-basis:33.33%\">\n<ol class=\"wp-block-list\">\n<li>El sistema Biota ONP es un dise\u00f1o propio con m\u00faltiples componentes<\/li>\n\n\n\n<li>El biorreactor es el hogar de las bacterias donde se produce la nitrificaci\u00f3n<\/li>\n\n\n\n<li>El silo de producci\u00f3n de nitrato alimenta el biorreactor con una soluci\u00f3n enriquecida de nitr\u00f3geno vegetal Biota a la entrada (4)<\/li>\n\n\n\n<li>Una bomba de nanoburbujas airea las mezclas para acelerar la nitrificaci\u00f3n aer\u00f3bica<\/li>\n\n\n\n<li>Proceso y la soluci\u00f3n se hace circular continuamente para alcanzar la concentraci\u00f3n de nitrato necesaria para su cultivo<\/li>\n\n\n\n<li>La unidad de mezcla ONPS act\u00faa como un tercer tanque de fertilizante para reducir las variaciones de temperatura, concentraci\u00f3n de nitrato, pH y otros factores en el biorreactor.<\/li>\n\n\n\n<li>Tras el riego, el agua de drenaje se filtrar\u00e1 y se reutilizar\u00e1 tras su oxigenaci\u00f3n.<\/li>\n<\/ol>\n<\/div>\n\n\n\n<div class=\"wp-block-column is-layout-flow wp-block-column-is-layout-flow\" style=\"flex-basis:66.66%\">\n<figure class=\"wp-block-image size-large is-resized\"><img loading=\"lazy\" decoding=\"async\" width=\"1024\" height=\"548\" src=\"https:\/\/biota.nu\/wp-content\/uploads\/ONP-Diag-1-1024x548.png\" alt=\"\" class=\"wp-image-9044\" style=\"width:921px;height:auto\" srcset=\"https:\/\/biota.nu\/wp-content\/uploads\/ONP-Diag-1-1024x548.png 1024w, https:\/\/biota.nu\/wp-content\/uploads\/ONP-Diag-1-300x160.png 300w, https:\/\/biota.nu\/wp-content\/uploads\/ONP-Diag-1-768x411.png 768w, https:\/\/biota.nu\/wp-content\/uploads\/ONP-Diag-1-600x321.png 600w, https:\/\/biota.nu\/wp-content\/uploads\/ONP-Diag-1.png 1208w\" sizes=\"auto, (max-width: 1024px) 100vw, 1024px\" \/><\/figure>\n<\/div>\n<\/div>\n\n<h2 class=\"wp-block-heading has-text-align-left\">Las ventajas de un sistema Biota ONP<\/h2>\n\n<ul class=\"wp-block-list\">\n<li>Proporciona a las bacterias las condiciones \u00f3ptimas para desarrollarse<\/li>\n\n\n\n<li>Control y ajuste constantes de los nutrientes para obtener el m\u00e1ximo rendimiento<\/li>\n\n\n\n<li>Controle los niveles de pH antes y despu\u00e9s del proceso de nitrificaci\u00f3n<\/li>\n\n\n\n<li>Las temperaturas, la velocidad de flujo y los niveles de ox\u00edgeno son niveles totalmente controlados<\/li>\n\n\n\n<li>Sostenible con un riesgo reducido al no ser necesaria la presurizaci\u00f3n del sistema<\/li>\n<\/ul>\n\n<h2 class=\"wp-block-heading has-text-align-left\">Por qu\u00e9 Biota ONP<\/h2>\n\n<div class=\"wp-block-columns is-layout-flex wp-container-core-columns-is-layout-28f84493 wp-block-columns-is-layout-flex\">\n<div class=\"wp-block-column is-layout-flow wp-block-column-is-layout-flow\" style=\"flex-basis:66.66%\">\n<p>El proceso de nitrificaci\u00f3n de Biota le ayuda a cultivar de forma m\u00e1s sostenible. La producci\u00f3n qu\u00edmica de nitrato utiliza mucha energ\u00eda, alrededor del 1,2% de la energ\u00eda mundial se destina a la producci\u00f3n de nitrato. Si desea reducir su huella y preparar su empresa para el futuro, el sistema ONP de Biota es lo que necesita.<\/p>\n<\/div>\n\n\n\n<div class=\"wp-block-column is-layout-flow wp-block-column-is-layout-flow\" style=\"flex-basis:33.33%\">\n<figure class=\"wp-block-image alignleft size-full\"><img loading=\"lazy\" decoding=\"async\" width=\"121\" height=\"116\" src=\"https:\/\/biota.nu\/wp-content\/uploads\/Co2-1.png\" alt=\"\" class=\"wp-image-9057\"\/><\/figure>\n<\/div>\n<\/div>\n\n<h2 class=\"wp-block-heading has-text-align-left\">Podemos ayudarle<\/h2>\n\n<p><\/p>\n\n<div class=\"wp-block-columns is-layout-flex wp-container-core-columns-is-layout-28f84493 wp-block-columns-is-layout-flex\">\n<div class=\"wp-block-column is-layout-flow wp-block-column-is-layout-flow\" style=\"flex-basis:66.66%\">\n<p>H\u00e1blenos de los objetivos de su proyecto y le mostraremos c\u00f3mo&#8230;  <\/p>\n\n\n\n<figure class=\"wp-block-image size-large is-resized\"><img loading=\"lazy\" decoding=\"async\" width=\"819\" height=\"1024\" src=\"https:\/\/biota.nu\/wp-content\/uploads\/Biota-Nutri-2021-Andor-Kranenburg-3443-819x1024.jpg\" alt=\"\" class=\"wp-image-9561\" style=\"width:338px;height:auto\" srcset=\"https:\/\/biota.nu\/wp-content\/uploads\/Biota-Nutri-2021-Andor-Kranenburg-3443-819x1024.jpg 819w, https:\/\/biota.nu\/wp-content\/uploads\/Biota-Nutri-2021-Andor-Kranenburg-3443-240x300.jpg 240w, https:\/\/biota.nu\/wp-content\/uploads\/Biota-Nutri-2021-Andor-Kranenburg-3443-768x960.jpg 768w, https:\/\/biota.nu\/wp-content\/uploads\/Biota-Nutri-2021-Andor-Kranenburg-3443-1229x1536.jpg 1229w, https:\/\/biota.nu\/wp-content\/uploads\/Biota-Nutri-2021-Andor-Kranenburg-3443-1639x2048.jpg 1639w, https:\/\/biota.nu\/wp-content\/uploads\/Biota-Nutri-2021-Andor-Kranenburg-3443-600x750.jpg 600w, https:\/\/biota.nu\/wp-content\/uploads\/Biota-Nutri-2021-Andor-Kranenburg-3443-scaled.jpg 2048w\" sizes=\"auto, (max-width: 819px) 100vw, 819px\" \/><\/figure>\n\n\n\n<p>P\u00f3ngase en contacto con nosotros hoy mismo <a href=\"mailto:info@biota.nu\">info@biota.nu<\/a><\/p>\n<\/div>\n<\/div>\n\n<h2 class=\"wp-block-heading has-text-align-left\">Grow ONP &#8211; Haga crecer su negocio y su rendimiento<\/h2>\n","protected":false},"excerpt":{"rendered":"<p>Sistema de producci\u00f3n org\u00e1nica de nitrato (ONP) C\u00f3mo funciona El ONP funciona con bacterias nitrificantes espec\u00edficas de Biota, que son alimentadas con una soluci\u00f3n de [&hellip;]<\/p>\n","protected":false},"author":6,"featured_media":9614,"parent":0,"menu_order":0,"comment_status":"closed","ping_status":"closed","template":"","meta":{"footnotes":""},"class_list":["post-11460","page","type-page","status-publish","has-post-thumbnail","hentry"],"yoast_head":"<!-- This site is optimized with the Yoast SEO plugin v27.3 - https:\/\/yoast.com\/product\/yoast-seo-wordpress\/ -->\n<title>Tecnolog\u00eda - Biota Nutri<\/title>\n<meta name=\"robots\" content=\"index, follow, max-snippet:-1, max-image-preview:large, max-video-preview:-1\" \/>\n<link rel=\"canonical\" href=\"https:\/\/biota.nu\/es\/tecnologia-2\/\" \/>\n<meta property=\"og:locale\" content=\"es_ES\" \/>\n<meta property=\"og:type\" content=\"article\" \/>\n<meta property=\"og:title\" content=\"Tecnolog\u00eda - Biota Nutri\" \/>\n<meta property=\"og:description\" content=\"Sistema de producci\u00f3n org\u00e1nica de nitrato (ONP) C\u00f3mo funciona El ONP funciona con bacterias nitrificantes espec\u00edficas de Biota, que son alimentadas con una soluci\u00f3n de [&hellip;]\" \/>\n<meta property=\"og:url\" content=\"https:\/\/biota.nu\/es\/tecnologia-2\/\" \/>\n<meta property=\"og:site_name\" content=\"Biota Nutri\" \/>\n<meta property=\"og:image\" content=\"https:\/\/biota.nu\/wp-content\/uploads\/ONP-1-fotor-20240222135816.png\" \/>\n\t<meta property=\"og:image:width\" content=\"1478\" \/>\n\t<meta property=\"og:image:height\" content=\"490\" \/>\n\t<meta property=\"og:image:type\" content=\"image\/png\" \/>\n<meta name=\"twitter:card\" content=\"summary_large_image\" \/>\n<meta name=\"twitter:label1\" content=\"Tiempo de lectura\" \/>\n\t<meta name=\"twitter:data1\" content=\"3 minutos\" \/>\n<script type=\"application\/ld+json\" class=\"yoast-schema-graph\">{\"@context\":\"https:\\\/\\\/schema.org\",\"@graph\":[{\"@type\":\"WebPage\",\"@id\":\"https:\\\/\\\/biota.nu\\\/es\\\/tecnologia-2\\\/\",\"url\":\"https:\\\/\\\/biota.nu\\\/es\\\/tecnologia-2\\\/\",\"name\":\"Tecnolog\u00eda - Biota Nutri\",\"isPartOf\":{\"@id\":\"https:\\\/\\\/biota.nu\\\/es\\\/#website\"},\"primaryImageOfPage\":{\"@id\":\"https:\\\/\\\/biota.nu\\\/es\\\/tecnologia-2\\\/#primaryimage\"},\"image\":{\"@id\":\"https:\\\/\\\/biota.nu\\\/es\\\/tecnologia-2\\\/#primaryimage\"},\"thumbnailUrl\":\"https:\\\/\\\/biota.nu\\\/wp-content\\\/uploads\\\/ONP-1-fotor-20240222135816.png\",\"datePublished\":\"2025-08-25T11:06:47+00:00\",\"breadcrumb\":{\"@id\":\"https:\\\/\\\/biota.nu\\\/es\\\/tecnologia-2\\\/#breadcrumb\"},\"inLanguage\":\"es\",\"potentialAction\":[{\"@type\":\"ReadAction\",\"target\":[\"https:\\\/\\\/biota.nu\\\/es\\\/tecnologia-2\\\/\"]}]},{\"@type\":\"ImageObject\",\"inLanguage\":\"es\",\"@id\":\"https:\\\/\\\/biota.nu\\\/es\\\/tecnologia-2\\\/#primaryimage\",\"url\":\"https:\\\/\\\/biota.nu\\\/wp-content\\\/uploads\\\/ONP-1-fotor-20240222135816.png\",\"contentUrl\":\"https:\\\/\\\/biota.nu\\\/wp-content\\\/uploads\\\/ONP-1-fotor-20240222135816.png\",\"width\":1478,\"height\":490},{\"@type\":\"BreadcrumbList\",\"@id\":\"https:\\\/\\\/biota.nu\\\/es\\\/tecnologia-2\\\/#breadcrumb\",\"itemListElement\":[{\"@type\":\"ListItem\",\"position\":1,\"name\":\"Home\",\"item\":\"https:\\\/\\\/biota.nu\\\/es\\\/\"},{\"@type\":\"ListItem\",\"position\":2,\"name\":\"Tecnolog\u00eda\"}]},{\"@type\":\"WebSite\",\"@id\":\"https:\\\/\\\/biota.nu\\\/es\\\/#website\",\"url\":\"https:\\\/\\\/biota.nu\\\/es\\\/\",\"name\":\"Biota Nutri\",\"description\":\"\",\"publisher\":{\"@id\":\"https:\\\/\\\/biota.nu\\\/es\\\/#organization\"},\"potentialAction\":[{\"@type\":\"SearchAction\",\"target\":{\"@type\":\"EntryPoint\",\"urlTemplate\":\"https:\\\/\\\/biota.nu\\\/es\\\/?s={search_term_string}\"},\"query-input\":{\"@type\":\"PropertyValueSpecification\",\"valueRequired\":true,\"valueName\":\"search_term_string\"}}],\"inLanguage\":\"es\"},{\"@type\":\"Organization\",\"@id\":\"https:\\\/\\\/biota.nu\\\/es\\\/#organization\",\"name\":\"Biota Nutri\",\"url\":\"https:\\\/\\\/biota.nu\\\/es\\\/\",\"logo\":{\"@type\":\"ImageObject\",\"inLanguage\":\"es\",\"@id\":\"https:\\\/\\\/biota.nu\\\/es\\\/#\\\/schema\\\/logo\\\/image\\\/\",\"url\":\"https:\\\/\\\/biota.nu\\\/wp-content\\\/uploads\\\/Biota-Nutri-R.png\",\"contentUrl\":\"https:\\\/\\\/biota.nu\\\/wp-content\\\/uploads\\\/Biota-Nutri-R.png\",\"width\":300,\"height\":220,\"caption\":\"Biota Nutri\"},\"image\":{\"@id\":\"https:\\\/\\\/biota.nu\\\/es\\\/#\\\/schema\\\/logo\\\/image\\\/\"}}]}<\/script>\n<!-- \/ Yoast SEO plugin. -->","yoast_head_json":{"title":"Tecnolog\u00eda - Biota Nutri","robots":{"index":"index","follow":"follow","max-snippet":"max-snippet:-1","max-image-preview":"max-image-preview:large","max-video-preview":"max-video-preview:-1"},"canonical":"https:\/\/biota.nu\/es\/tecnologia-2\/","og_locale":"es_ES","og_type":"article","og_title":"Tecnolog\u00eda - Biota Nutri","og_description":"Sistema de producci\u00f3n org\u00e1nica de nitrato (ONP) C\u00f3mo funciona El ONP funciona con bacterias nitrificantes espec\u00edficas de Biota, que son alimentadas con una soluci\u00f3n de [&hellip;]","og_url":"https:\/\/biota.nu\/es\/tecnologia-2\/","og_site_name":"Biota Nutri","og_image":[{"width":1478,"height":490,"url":"https:\/\/biota.nu\/wp-content\/uploads\/ONP-1-fotor-20240222135816.png","type":"image\/png"}],"twitter_card":"summary_large_image","twitter_misc":{"Tiempo de lectura":"3 minutos"},"schema":{"@context":"https:\/\/schema.org","@graph":[{"@type":"WebPage","@id":"https:\/\/biota.nu\/es\/tecnologia-2\/","url":"https:\/\/biota.nu\/es\/tecnologia-2\/","name":"Tecnolog\u00eda - Biota Nutri","isPartOf":{"@id":"https:\/\/biota.nu\/es\/#website"},"primaryImageOfPage":{"@id":"https:\/\/biota.nu\/es\/tecnologia-2\/#primaryimage"},"image":{"@id":"https:\/\/biota.nu\/es\/tecnologia-2\/#primaryimage"},"thumbnailUrl":"https:\/\/biota.nu\/wp-content\/uploads\/ONP-1-fotor-20240222135816.png","datePublished":"2025-08-25T11:06:47+00:00","breadcrumb":{"@id":"https:\/\/biota.nu\/es\/tecnologia-2\/#breadcrumb"},"inLanguage":"es","potentialAction":[{"@type":"ReadAction","target":["https:\/\/biota.nu\/es\/tecnologia-2\/"]}]},{"@type":"ImageObject","inLanguage":"es","@id":"https:\/\/biota.nu\/es\/tecnologia-2\/#primaryimage","url":"https:\/\/biota.nu\/wp-content\/uploads\/ONP-1-fotor-20240222135816.png","contentUrl":"https:\/\/biota.nu\/wp-content\/uploads\/ONP-1-fotor-20240222135816.png","width":1478,"height":490},{"@type":"BreadcrumbList","@id":"https:\/\/biota.nu\/es\/tecnologia-2\/#breadcrumb","itemListElement":[{"@type":"ListItem","position":1,"name":"Home","item":"https:\/\/biota.nu\/es\/"},{"@type":"ListItem","position":2,"name":"Tecnolog\u00eda"}]},{"@type":"WebSite","@id":"https:\/\/biota.nu\/es\/#website","url":"https:\/\/biota.nu\/es\/","name":"Biota Nutri","description":"","publisher":{"@id":"https:\/\/biota.nu\/es\/#organization"},"potentialAction":[{"@type":"SearchAction","target":{"@type":"EntryPoint","urlTemplate":"https:\/\/biota.nu\/es\/?s={search_term_string}"},"query-input":{"@type":"PropertyValueSpecification","valueRequired":true,"valueName":"search_term_string"}}],"inLanguage":"es"},{"@type":"Organization","@id":"https:\/\/biota.nu\/es\/#organization","name":"Biota Nutri","url":"https:\/\/biota.nu\/es\/","logo":{"@type":"ImageObject","inLanguage":"es","@id":"https:\/\/biota.nu\/es\/#\/schema\/logo\/image\/","url":"https:\/\/biota.nu\/wp-content\/uploads\/Biota-Nutri-R.png","contentUrl":"https:\/\/biota.nu\/wp-content\/uploads\/Biota-Nutri-R.png","width":300,"height":220,"caption":"Biota Nutri"},"image":{"@id":"https:\/\/biota.nu\/es\/#\/schema\/logo\/image\/"}}]}},"acf":[],"_links":{"self":[{"href":"https:\/\/biota.nu\/es\/wp-json\/wp\/v2\/pages\/11460","targetHints":{"allow":["GET"]}}],"collection":[{"href":"https:\/\/biota.nu\/es\/wp-json\/wp\/v2\/pages"}],"about":[{"href":"https:\/\/biota.nu\/es\/wp-json\/wp\/v2\/types\/page"}],"author":[{"embeddable":true,"href":"https:\/\/biota.nu\/es\/wp-json\/wp\/v2\/users\/6"}],"replies":[{"embeddable":true,"href":"https:\/\/biota.nu\/es\/wp-json\/wp\/v2\/comments?post=11460"}],"version-history":[{"count":1,"href":"https:\/\/biota.nu\/es\/wp-json\/wp\/v2\/pages\/11460\/revisions"}],"predecessor-version":[{"id":11468,"href":"https:\/\/biota.nu\/es\/wp-json\/wp\/v2\/pages\/11460\/revisions\/11468"}],"wp:featuredmedia":[{"embeddable":true,"href":"https:\/\/biota.nu\/es\/wp-json\/wp\/v2\/media\/9614"}],"wp:attachment":[{"href":"https:\/\/biota.nu\/es\/wp-json\/wp\/v2\/media?parent=11460"}],"curies":[{"name":"wp","href":"https:\/\/api.w.org\/{rel}","templated":true}]}}