{"id":12068,"date":"2025-07-10T06:28:22","date_gmt":"2025-07-10T06:28:22","guid":{"rendered":"https:\/\/biota.nu\/sostenible-con-biota\/"},"modified":"2026-02-10T13:17:27","modified_gmt":"2026-02-10T13:17:27","slug":"sostenible-con-biota","status":"publish","type":"page","link":"https:\/\/biota.nu\/es\/sostenible-con-biota\/","title":{"rendered":"Sostenible con Biota"},"content":{"rendered":"\n<div class=\"banner alignfull wp-block-biota-nutri-banner\">\n    <img loading=\"lazy\" decoding=\"async\" src=\"https:\/\/biota.nu\/wp-content\/uploads\/Advice-1.jpeg\" width=\"2016\" height=\"870\" alt=\"\" \/>\n\n    <div class=\"acf-innerblocks-container\">\n\n<h1 class=\"wp-block-heading has-text-align-center has-gargantuan-font-size\" style=\"font-style:normal;font-weight:900\">Cultivo sostenible con Biota<\/h1>\n\n<\/div>\n\n    <svg xmlns=\"http:\/\/www.w3.org\/2000\/svg\" viewBox=\"0 0 1000 100\" preserveAspectRatio=\"none\">\n        <path d=\"M790.5,93.1c-59.3-5.3-116.8-18-192.6-50c-29.6-12.7-76.9-31-100.5-35.9c-23.6-4.9-52.6-7.8-75.5-5.3\n\tc-10.2,1.1-22.6,1.4-50.1,7.4c-27.2,6.3-58.2,16.6-79.4,24.7c-41.3,15.9-94.9,21.9-134,22.6C72,58.2,0,25.8,0,25.8V100h1000V65.3\n\tc0,0-51.5,19.4-106.2,25.7C839.5,97,814.1,95.2,790.5,93.1z\"><\/path>\n    <\/svg>\n<\/div>\n\n<h2 class=\"wp-block-heading has-text-align-center\">Nuestros 3 mejores productos<\/h2>\n\n<div class=\"wp-block-columns is-layout-flex wp-container-core-columns-is-layout-28f84493 wp-block-columns-is-layout-flex\">\n<div class=\"wp-block-column is-layout-flow wp-block-column-is-layout-flow\">\n<h3 class=\"wp-block-heading has-text-align-center\">Biota Hierro en polvo 13<\/h3>\n\n\n\n<figure class=\"wp-block-image aligncenter size-large is-resized\"><a href=\"https:\/\/biota.nu\/es\/producto\/biota-hierro-en-polvo-13\/\"><img loading=\"lazy\" decoding=\"async\" width=\"736\" height=\"1024\" src=\"https:\/\/biota.nu\/wp-content\/uploads\/iron-powder-w-bowl-1-1-736x1024.png\" alt=\"\" class=\"wp-image-9154\" style=\"width:174px;height:auto\" srcset=\"https:\/\/biota.nu\/wp-content\/uploads\/iron-powder-w-bowl-1-1-736x1024.png 736w, https:\/\/biota.nu\/wp-content\/uploads\/iron-powder-w-bowl-1-1-216x300.png 216w, https:\/\/biota.nu\/wp-content\/uploads\/iron-powder-w-bowl-1-1-768x1069.png 768w, https:\/\/biota.nu\/wp-content\/uploads\/iron-powder-w-bowl-1-1-1104x1536.png 1104w, https:\/\/biota.nu\/wp-content\/uploads\/iron-powder-w-bowl-1-1-1472x2048.png 1472w, https:\/\/biota.nu\/wp-content\/uploads\/iron-powder-w-bowl-1-1-600x835.png 600w\" sizes=\"auto, (max-width: 736px) 100vw, 736px\" \/><\/a><\/figure>\n\n\n\n<div class=\"wp-block-buttons is-content-justification-center is-layout-flex wp-container-core-buttons-is-layout-a89b3969 wp-block-buttons-is-layout-flex\">\n<div class=\"wp-block-button\"><a class=\"wp-block-button__link wp-element-button\" href=\"https:\/\/biota.nu\/es\/producto\/biota-hierro-en-polvo-13\/\">Ver el producto<\/a><\/div>\n<\/div>\n<\/div>\n\n\n\n<div class=\"wp-block-column is-layout-flow wp-block-column-is-layout-flow\">\n<h3 class=\"wp-block-heading has-text-align-center\">Biota Calcio 8%<\/h3>\n\n\n\n<figure class=\"wp-block-image aligncenter size-large is-resized\"><a href=\"https:\/\/biota.nu\/es\/producto\/biota-calcio-8\/\"><img loading=\"lazy\" decoding=\"async\" width=\"1024\" height=\"1024\" src=\"https:\/\/biota.nu\/wp-content\/uploads\/IBC_dark-1024x1024.jpg\" alt=\"\" class=\"wp-image-286\" style=\"width:220px;height:auto\"\/><\/a><\/figure>\n\n\n\n<div class=\"wp-block-buttons is-content-justification-center is-layout-flex wp-container-core-buttons-is-layout-a89b3969 wp-block-buttons-is-layout-flex\">\n<div class=\"wp-block-button\"><a class=\"wp-block-button__link wp-element-button\" href=\"https:\/\/biota.nu\/es\/producto\/biota-calcio-8\/\">Ver el producto<\/a><\/div>\n<\/div>\n<\/div>\n\n\n\n<div class=\"wp-block-column is-layout-flow wp-block-column-is-layout-flow\">\n<h3 class=\"wp-block-heading has-text-align-center\">Biota Nitro NK 3-0-0<\/h3>\n\n\n\n<figure class=\"wp-block-image aligncenter size-large is-resized\"><a href=\"https:\/\/biota.nu\/es\/producto\/biota-nitro-nk-3-0-9\/\"><img loading=\"lazy\" decoding=\"async\" width=\"1024\" height=\"1024\" src=\"https:\/\/biota.nu\/wp-content\/uploads\/IBC_transparent-1024x1024.jpg\" alt=\"\" class=\"wp-image-9069\" style=\"width:233px;height:auto\" srcset=\"https:\/\/biota.nu\/wp-content\/uploads\/IBC_transparent-1024x1024.jpg 1024w, https:\/\/biota.nu\/wp-content\/uploads\/IBC_transparent-300x300.jpg 300w, https:\/\/biota.nu\/wp-content\/uploads\/IBC_transparent-150x150.jpg 150w, https:\/\/biota.nu\/wp-content\/uploads\/IBC_transparent-768x768.jpg 768w, https:\/\/biota.nu\/wp-content\/uploads\/IBC_transparent-600x600.jpg 600w, https:\/\/biota.nu\/wp-content\/uploads\/IBC_transparent-100x100.jpg 100w, https:\/\/biota.nu\/wp-content\/uploads\/IBC_transparent.jpg 1350w\" sizes=\"auto, (max-width: 1024px) 100vw, 1024px\" \/><\/a><\/figure>\n\n\n\n<div class=\"wp-block-buttons is-content-justification-center is-layout-flex wp-container-core-buttons-is-layout-a89b3969 wp-block-buttons-is-layout-flex\">\n<div class=\"wp-block-button\"><a class=\"wp-block-button__link wp-element-button\" href=\"https:\/\/biota.nu\/es\/producto\/biota-nitro-nk-3-0-9\/\">Ver el producto<\/a><\/div>\n<\/div>\n<\/div>\n<\/div>\n\n<div class=\"wp-block-columns is-layout-flex wp-container-core-columns-is-layout-b92d8d0f wp-block-columns-is-layout-flex\" style=\"margin-bottom:6em\">\n<div class=\"wp-block-column is-vertically-aligned-center is-layout-flow wp-block-column-is-layout-flow\">\n<p><\/p>\n\n\n\n<figure class=\"wp-block-image size-full\"><img loading=\"lazy\" decoding=\"async\" width=\"807\" height=\"799\" src=\"https:\/\/biota.nu\/wp-content\/uploads\/Lettuce-Square.jpg\" alt=\"\" class=\"wp-image-8977\" style=\"aspect-ratio:3\/2;object-fit:cover\" srcset=\"https:\/\/biota.nu\/wp-content\/uploads\/Lettuce-Square.jpg 807w, https:\/\/biota.nu\/wp-content\/uploads\/Lettuce-Square-300x297.jpg 300w, https:\/\/biota.nu\/wp-content\/uploads\/Lettuce-Square-150x150.jpg 150w, https:\/\/biota.nu\/wp-content\/uploads\/Lettuce-Square-768x760.jpg 768w, https:\/\/biota.nu\/wp-content\/uploads\/Lettuce-Square-600x594.jpg 600w, https:\/\/biota.nu\/wp-content\/uploads\/Lettuce-Square-100x100.jpg 100w\" sizes=\"auto, (max-width: 807px) 100vw, 807px\" \/><\/figure>\n<\/div>\n\n\n\n<div class=\"wp-block-column is-vertically-aligned-center is-layout-flow wp-block-column-is-layout-flow\">\n<h2 class=\"wp-block-heading\">\u00bfQu\u00e9 hace que nuestros productos sean sostenibles?<\/h2>\n\n\n\n<p class=\"has-secondary-color has-text-color has-link-color has-medium-font-size wp-elements-2149c4a5f08d7380ce3d0c1253748069\">En Biota, creemos que las plantas sanas empiezan por un suelo sano. Nuestros productos org\u00e1nicos est\u00e1n dise\u00f1ados para estimular los procesos naturales de la planta y el suelo, sin residuos qu\u00edmicos ni lixiviados. De este modo, no s\u00f3lo ayuda a su cultivo, sino tambi\u00e9n al medio ambiente. Con menos insumos y m\u00e1s resultados, usted toma una decisi\u00f3n sostenible que funciona, hoy y ma\u00f1ana.   <\/p>\n<\/div>\n<\/div>\n\n<div style=\"--inline-background-color: #6ab023; --inline-text-color: #FFFFFF;  margin-bottom:6em;\" class=\"wave-container has-image alignfull wp-block-biota-nutri-wave-container\">\n    <img loading=\"lazy\" decoding=\"async\" src=\"https:\/\/biota.nu\/wp-content\/uploads\/vertical-farm-Biota-Nutri-1-scaled-1.jpg\" width=\"2560\" height=\"1110\" alt=\"\" \/>\n\n    <div class=\"top-wave\">\n        <svg xmlns=\"http:\/\/www.w3.org\/2000\/svg\" viewBox=\"0 0 1000 100\" preserveAspectRatio=\"none\">\n            <path d=\"M421.9,6.5c22.6-2.5,51.5,0.4,75.5,5.3c23.6,4.9,70.9,23.5,100.5,35.7c75.8,32.2,133.7,44.5,192.6,49.7\n\tc23.6,2.1,48.7,3.5,103.4-2.5c54.7-6,106.2-25.6,106.2-25.6V0H0v30.3c0,0,72,32.6,158.4,30.5c39.2-0.7,92.8-6.7,134-22.4\n\tc21.2-8.1,52.2-18.2,79.7-24.2C399.3,7.9,411.6,7.5,421.9,6.5z\"><\/path>\n        <\/svg>\n    <\/div>\n\n    <div class=\"container\">\n        <div class=\"acf-innerblocks-container\">\n\n<div class=\"wp-block-columns is-layout-flex wp-container-core-columns-is-layout-3790eb01 wp-block-columns-is-layout-flex\">\n<div class=\"wp-block-column is-vertically-aligned-center is-layout-flow wp-block-column-is-layout-flow\">\n<h2 class=\"wp-block-heading\">\u00bfPreparado para sacar m\u00e1s partido a su cosecha?<\/h2>\n\n\n\n<p>Descubra c\u00f3mo Biota Nutri fortalece sus cultivos y mejora sus rendimientos, sin concesiones. Vea la gama de productos o solicite una consulta sin compromiso para una soluci\u00f3n a medida. Llame a <strong><a href=\"tel:+31850475710\"><mark style=\"background-color:rgba(0, 0, 0, 0)\" class=\"has-inline-color has-white-color\">+31 85 047 5710<\/mark><\/a><\/strong> o rellene el formulario de la derecha.  <\/p>\n<\/div>\n\n\n\n<div class=\"wp-block-column is-layout-flow wp-block-column-is-layout-flow\">\n<div class=\"form align wp-block-biota-nutri-form\">\n    <div class=\"title\">Enviar un mensaje<\/div>\n    \n<div class=\"wpcf7 no-js\" id=\"wpcf7-f9847-o1\" lang=\"es-ES\" dir=\"ltr\" data-wpcf7-id=\"9847\">\n<div class=\"screen-reader-response\"><p role=\"status\" aria-live=\"polite\" aria-atomic=\"true\"><\/p> <ul><\/ul><\/div>\n<form action=\"\/es\/wp-json\/wp\/v2\/pages\/12068#wpcf7-f9847-o1\" method=\"post\" class=\"wpcf7-form init\" aria-label=\"Formulario de contacto\" novalidate=\"novalidate\" data-status=\"init\">\n<fieldset class=\"hidden-fields-container\"><input type=\"hidden\" name=\"_wpcf7\" value=\"9847\" \/><input type=\"hidden\" name=\"_wpcf7_version\" value=\"6.1.5\" \/><input type=\"hidden\" name=\"_wpcf7_locale\" value=\"es_ES\" \/><input type=\"hidden\" name=\"_wpcf7_unit_tag\" value=\"wpcf7-f9847-o1\" \/><input type=\"hidden\" name=\"_wpcf7_container_post\" value=\"0\" \/><input type=\"hidden\" name=\"_wpcf7_posted_data_hash\" value=\"\" \/>\n<\/fieldset>\n<p><span class=\"wpcf7-form-control-wrap\" data-name=\"your-company-name\"><input size=\"40\" maxlength=\"400\" class=\"wpcf7-form-control wpcf7-text wpcf7-validates-as-required\" aria-required=\"true\" aria-invalid=\"false\" placeholder=\"Nombre de la empresa\" value=\"\" type=\"text\" name=\"your-company-name\" \/><\/span>\n<\/p>\n<p><span class=\"wpcf7-form-control-wrap\" data-name=\"your-name\"><input size=\"40\" maxlength=\"400\" class=\"wpcf7-form-control wpcf7-text wpcf7-validates-as-required\" aria-required=\"true\" aria-invalid=\"false\" placeholder=\"Nombre\" value=\"\" type=\"text\" name=\"your-name\" \/><\/span>\n<\/p>\n<p><span class=\"wpcf7-form-control-wrap\" data-name=\"your-email\"><input size=\"40\" maxlength=\"400\" class=\"wpcf7-form-control wpcf7-email wpcf7-validates-as-required wpcf7-text wpcf7-validates-as-email\" aria-required=\"true\" aria-invalid=\"false\" placeholder=\"Correo electr\u00f3nico\" value=\"\" type=\"email\" name=\"your-email\" \/><\/span>\n<\/p>\n<p><span class=\"wpcf7-form-control-wrap\" data-name=\"your-telephone\"><input size=\"40\" maxlength=\"400\" class=\"wpcf7-form-control wpcf7-tel wpcf7-text wpcf7-validates-as-tel\" aria-invalid=\"false\" placeholder=\"N\u00famero de tel\u00e9fono (opcional)\" value=\"\" type=\"tel\" name=\"your-telephone\" \/><\/span>\n<\/p>\n<p><span class=\"wpcf7-form-control-wrap\" data-name=\"your-country\"><input size=\"40\" maxlength=\"400\" class=\"wpcf7-form-control wpcf7-text\" aria-invalid=\"false\" placeholder=\"Pa\u00eds (opcional)\" value=\"\" type=\"text\" name=\"your-country\" \/><\/span>\n<\/p>\n<p><span class=\"wpcf7-form-control-wrap\" data-name=\"your-message\"><textarea cols=\"40\" rows=\"5\" maxlength=\"2000\" class=\"wpcf7-form-control wpcf7-textarea wpcf7-validates-as-required\" aria-required=\"true\" aria-invalid=\"false\" placeholder=\"Mensaje\" name=\"your-message\"><\/textarea><\/span>\n<\/p>\n<p><div id=\"cf7sr-69dea9846b992\" class=\"cf7sr-g-recaptcha\" data-theme=\"light\" data-type=\"image\" data-size=\"normal\" data-sitekey=\"6LdiebcqAAAAABqP8pDJmnGpol_5wA1OIDUfitLV\"><\/div><span class=\"wpcf7-form-control-wrap cf7sr-recaptcha\" data-name=\"cf7sr-recaptcha\"><input type=\"hidden\" name=\"cf7sr-recaptcha\" value=\"\" class=\"wpcf7-form-control\"><\/span>\n<\/p>\n<p><input class=\"wpcf7-form-control wpcf7-submit has-spinner\" type=\"submit\" value=\"Enviar\" \/>\n<\/p><div class=\"wpcf7-response-output\" aria-hidden=\"true\"><\/div>\n<\/form>\n<\/div>\n<\/div>\n<\/div>\n<\/div>\n\n<\/div>\n    <\/div>\n\n    <div class=\"bottom-wave\">\n        <svg xmlns=\"http:\/\/www.w3.org\/2000\/svg\" viewBox=\"0 0 1000 100\" preserveAspectRatio=\"none\">\n            <path d=\"M421.9,6.5c22.6-2.5,51.5,0.4,75.5,5.3c23.6,4.9,70.9,23.5,100.5,35.7c75.8,32.2,133.7,44.5,192.6,49.7\n\tc23.6,2.1,48.7,3.5,103.4-2.5c54.7-6,106.2-25.6,106.2-25.6V0H0v30.3c0,0,72,32.6,158.4,30.5c39.2-0.7,92.8-6.7,134-22.4\n\tc21.2-8.1,52.2-18.2,79.7-24.2C399.3,7.9,411.6,7.5,421.9,6.5z\"><\/path>\n        <\/svg>\n    <\/div>\n<\/div>\n","protected":false},"excerpt":{"rendered":"<p>Nuestros 3 mejores productos Biota Hierro en polvo 13 Biota Calcio 8% Biota Nitro NK 3-0-0 \u00bfQu\u00e9 hace que nuestros productos sean sostenibles? En Biota, [&hellip;]<\/p>\n","protected":false},"author":4,"featured_media":0,"parent":0,"menu_order":0,"comment_status":"closed","ping_status":"closed","template":"","meta":{"footnotes":""},"class_list":["post-12068","page","type-page","status-publish","hentry"],"yoast_head":"<!-- This site is optimized with the Yoast SEO plugin v27.4 - https:\/\/yoast.com\/product\/yoast-seo-wordpress\/ -->\n<title>\u00a1El cultivo sostenible empieza aqu\u00ed! - Biota Nutri%<\/title>\n<meta name=\"description\" content=\"En Biota, creemos que las plantas sanas empiezan por un suelo sano. \u00bfEst\u00e1 listo para cultivar de forma sostenible? \u00a1Le ayudaremos a llegar m\u00e1s lejos!\" \/>\n<meta name=\"robots\" content=\"index, follow, max-snippet:-1, max-image-preview:large, max-video-preview:-1\" \/>\n<link rel=\"canonical\" href=\"https:\/\/biota.nu\/es\/sostenible-con-biota\/\" \/>\n<meta property=\"og:locale\" content=\"es_ES\" \/>\n<meta property=\"og:type\" content=\"article\" \/>\n<meta property=\"og:title\" content=\"\u00a1El cultivo sostenible empieza aqu\u00ed! - Biota Nutri%\" \/>\n<meta property=\"og:description\" content=\"En Biota, creemos que las plantas sanas empiezan por un suelo sano. \u00bfEst\u00e1 listo para cultivar de forma sostenible? \u00a1Le ayudaremos a llegar m\u00e1s lejos!\" \/>\n<meta property=\"og:url\" content=\"https:\/\/biota.nu\/es\/sostenible-con-biota\/\" \/>\n<meta property=\"og:site_name\" content=\"Biota Nutri\" \/>\n<meta property=\"article:modified_time\" content=\"2026-02-10T13:17:27+00:00\" \/>\n<meta property=\"og:image\" content=\"https:\/\/biota.nu\/wp-content\/uploads\/iron-powder-w-bowl-1-1-736x1024.png\" \/>\n<meta name=\"twitter:card\" content=\"summary_large_image\" \/>\n<meta name=\"twitter:label1\" content=\"Tiempo de lectura\" \/>\n\t<meta name=\"twitter:data1\" content=\"1 minuto\" \/>\n<script type=\"application\/ld+json\" class=\"yoast-schema-graph\">{\"@context\":\"https:\\\/\\\/schema.org\",\"@graph\":[{\"@type\":\"WebPage\",\"@id\":\"https:\\\/\\\/biota.nu\\\/es\\\/sostenible-con-biota\\\/\",\"url\":\"https:\\\/\\\/biota.nu\\\/es\\\/sostenible-con-biota\\\/\",\"name\":\"\u00a1El cultivo sostenible empieza aqu\u00ed! - Biota Nutri%\",\"isPartOf\":{\"@id\":\"https:\\\/\\\/biota.nu\\\/es\\\/#website\"},\"primaryImageOfPage\":{\"@id\":\"https:\\\/\\\/biota.nu\\\/es\\\/sostenible-con-biota\\\/#primaryimage\"},\"image\":{\"@id\":\"https:\\\/\\\/biota.nu\\\/es\\\/sostenible-con-biota\\\/#primaryimage\"},\"thumbnailUrl\":\"https:\\\/\\\/biota.nu\\\/wp-content\\\/uploads\\\/iron-powder-w-bowl-1-1-736x1024.png\",\"datePublished\":\"2025-07-10T06:28:22+00:00\",\"dateModified\":\"2026-02-10T13:17:27+00:00\",\"description\":\"En Biota, creemos que las plantas sanas empiezan por un suelo sano. \u00bfEst\u00e1 listo para cultivar de forma sostenible? \u00a1Le ayudaremos a llegar m\u00e1s lejos!\",\"breadcrumb\":{\"@id\":\"https:\\\/\\\/biota.nu\\\/es\\\/sostenible-con-biota\\\/#breadcrumb\"},\"inLanguage\":\"es\",\"potentialAction\":[{\"@type\":\"ReadAction\",\"target\":[\"https:\\\/\\\/biota.nu\\\/es\\\/sostenible-con-biota\\\/\"]}]},{\"@type\":\"ImageObject\",\"inLanguage\":\"es\",\"@id\":\"https:\\\/\\\/biota.nu\\\/es\\\/sostenible-con-biota\\\/#primaryimage\",\"url\":\"https:\\\/\\\/biota.nu\\\/wp-content\\\/uploads\\\/iron-powder-w-bowl-1-1-736x1024.png\",\"contentUrl\":\"https:\\\/\\\/biota.nu\\\/wp-content\\\/uploads\\\/iron-powder-w-bowl-1-1-736x1024.png\"},{\"@type\":\"BreadcrumbList\",\"@id\":\"https:\\\/\\\/biota.nu\\\/es\\\/sostenible-con-biota\\\/#breadcrumb\",\"itemListElement\":[{\"@type\":\"ListItem\",\"position\":1,\"name\":\"Home\",\"item\":\"https:\\\/\\\/biota.nu\\\/es\\\/\"},{\"@type\":\"ListItem\",\"position\":2,\"name\":\"Sostenible con Biota\"}]},{\"@type\":\"WebSite\",\"@id\":\"https:\\\/\\\/biota.nu\\\/es\\\/#website\",\"url\":\"https:\\\/\\\/biota.nu\\\/es\\\/\",\"name\":\"Biota Nutri\",\"description\":\"\",\"publisher\":{\"@id\":\"https:\\\/\\\/biota.nu\\\/es\\\/#organization\"},\"potentialAction\":[{\"@type\":\"SearchAction\",\"target\":{\"@type\":\"EntryPoint\",\"urlTemplate\":\"https:\\\/\\\/biota.nu\\\/es\\\/?s={search_term_string}\"},\"query-input\":{\"@type\":\"PropertyValueSpecification\",\"valueRequired\":true,\"valueName\":\"search_term_string\"}}],\"inLanguage\":\"es\"},{\"@type\":\"Organization\",\"@id\":\"https:\\\/\\\/biota.nu\\\/es\\\/#organization\",\"name\":\"Biota Nutri\",\"url\":\"https:\\\/\\\/biota.nu\\\/es\\\/\",\"logo\":{\"@type\":\"ImageObject\",\"inLanguage\":\"es\",\"@id\":\"https:\\\/\\\/biota.nu\\\/es\\\/#\\\/schema\\\/logo\\\/image\\\/\",\"url\":\"https:\\\/\\\/biota.nu\\\/wp-content\\\/uploads\\\/Biota-Nutri-R.png\",\"contentUrl\":\"https:\\\/\\\/biota.nu\\\/wp-content\\\/uploads\\\/Biota-Nutri-R.png\",\"width\":300,\"height\":220,\"caption\":\"Biota Nutri\"},\"image\":{\"@id\":\"https:\\\/\\\/biota.nu\\\/es\\\/#\\\/schema\\\/logo\\\/image\\\/\"}}]}<\/script>\n<!-- \/ Yoast SEO plugin. -->","yoast_head_json":{"title":"\u00a1El cultivo sostenible empieza aqu\u00ed! - Biota Nutri%","description":"En Biota, creemos que las plantas sanas empiezan por un suelo sano. \u00bfEst\u00e1 listo para cultivar de forma sostenible? \u00a1Le ayudaremos a llegar m\u00e1s lejos!","robots":{"index":"index","follow":"follow","max-snippet":"max-snippet:-1","max-image-preview":"max-image-preview:large","max-video-preview":"max-video-preview:-1"},"canonical":"https:\/\/biota.nu\/es\/sostenible-con-biota\/","og_locale":"es_ES","og_type":"article","og_title":"\u00a1El cultivo sostenible empieza aqu\u00ed! - Biota Nutri%","og_description":"En Biota, creemos que las plantas sanas empiezan por un suelo sano. \u00bfEst\u00e1 listo para cultivar de forma sostenible? \u00a1Le ayudaremos a llegar m\u00e1s lejos!","og_url":"https:\/\/biota.nu\/es\/sostenible-con-biota\/","og_site_name":"Biota Nutri","article_modified_time":"2026-02-10T13:17:27+00:00","og_image":[{"url":"https:\/\/biota.nu\/wp-content\/uploads\/iron-powder-w-bowl-1-1-736x1024.png","type":"","width":"","height":""}],"twitter_card":"summary_large_image","twitter_misc":{"Tiempo de lectura":"1 minuto"},"schema":{"@context":"https:\/\/schema.org","@graph":[{"@type":"WebPage","@id":"https:\/\/biota.nu\/es\/sostenible-con-biota\/","url":"https:\/\/biota.nu\/es\/sostenible-con-biota\/","name":"\u00a1El cultivo sostenible empieza aqu\u00ed! - Biota Nutri%","isPartOf":{"@id":"https:\/\/biota.nu\/es\/#website"},"primaryImageOfPage":{"@id":"https:\/\/biota.nu\/es\/sostenible-con-biota\/#primaryimage"},"image":{"@id":"https:\/\/biota.nu\/es\/sostenible-con-biota\/#primaryimage"},"thumbnailUrl":"https:\/\/biota.nu\/wp-content\/uploads\/iron-powder-w-bowl-1-1-736x1024.png","datePublished":"2025-07-10T06:28:22+00:00","dateModified":"2026-02-10T13:17:27+00:00","description":"En Biota, creemos que las plantas sanas empiezan por un suelo sano. \u00bfEst\u00e1 listo para cultivar de forma sostenible? \u00a1Le ayudaremos a llegar m\u00e1s lejos!","breadcrumb":{"@id":"https:\/\/biota.nu\/es\/sostenible-con-biota\/#breadcrumb"},"inLanguage":"es","potentialAction":[{"@type":"ReadAction","target":["https:\/\/biota.nu\/es\/sostenible-con-biota\/"]}]},{"@type":"ImageObject","inLanguage":"es","@id":"https:\/\/biota.nu\/es\/sostenible-con-biota\/#primaryimage","url":"https:\/\/biota.nu\/wp-content\/uploads\/iron-powder-w-bowl-1-1-736x1024.png","contentUrl":"https:\/\/biota.nu\/wp-content\/uploads\/iron-powder-w-bowl-1-1-736x1024.png"},{"@type":"BreadcrumbList","@id":"https:\/\/biota.nu\/es\/sostenible-con-biota\/#breadcrumb","itemListElement":[{"@type":"ListItem","position":1,"name":"Home","item":"https:\/\/biota.nu\/es\/"},{"@type":"ListItem","position":2,"name":"Sostenible con Biota"}]},{"@type":"WebSite","@id":"https:\/\/biota.nu\/es\/#website","url":"https:\/\/biota.nu\/es\/","name":"Biota Nutri","description":"","publisher":{"@id":"https:\/\/biota.nu\/es\/#organization"},"potentialAction":[{"@type":"SearchAction","target":{"@type":"EntryPoint","urlTemplate":"https:\/\/biota.nu\/es\/?s={search_term_string}"},"query-input":{"@type":"PropertyValueSpecification","valueRequired":true,"valueName":"search_term_string"}}],"inLanguage":"es"},{"@type":"Organization","@id":"https:\/\/biota.nu\/es\/#organization","name":"Biota Nutri","url":"https:\/\/biota.nu\/es\/","logo":{"@type":"ImageObject","inLanguage":"es","@id":"https:\/\/biota.nu\/es\/#\/schema\/logo\/image\/","url":"https:\/\/biota.nu\/wp-content\/uploads\/Biota-Nutri-R.png","contentUrl":"https:\/\/biota.nu\/wp-content\/uploads\/Biota-Nutri-R.png","width":300,"height":220,"caption":"Biota Nutri"},"image":{"@id":"https:\/\/biota.nu\/es\/#\/schema\/logo\/image\/"}}]}},"acf":[],"_links":{"self":[{"href":"https:\/\/biota.nu\/es\/wp-json\/wp\/v2\/pages\/12068","targetHints":{"allow":["GET"]}}],"collection":[{"href":"https:\/\/biota.nu\/es\/wp-json\/wp\/v2\/pages"}],"about":[{"href":"https:\/\/biota.nu\/es\/wp-json\/wp\/v2\/types\/page"}],"author":[{"embeddable":true,"href":"https:\/\/biota.nu\/es\/wp-json\/wp\/v2\/users\/4"}],"replies":[{"embeddable":true,"href":"https:\/\/biota.nu\/es\/wp-json\/wp\/v2\/comments?post=12068"}],"version-history":[{"count":1,"href":"https:\/\/biota.nu\/es\/wp-json\/wp\/v2\/pages\/12068\/revisions"}],"predecessor-version":[{"id":12069,"href":"https:\/\/biota.nu\/es\/wp-json\/wp\/v2\/pages\/12068\/revisions\/12069"}],"wp:attachment":[{"href":"https:\/\/biota.nu\/es\/wp-json\/wp\/v2\/media?parent=12068"}],"curies":[{"name":"wp","href":"https:\/\/api.w.org\/{rel}","templated":true}]}}