{"id":12208,"date":"2026-02-10T14:48:26","date_gmt":"2026-02-10T14:48:26","guid":{"rendered":"https:\/\/biota.nu\/prueba-de-agricultura-ecologica\/"},"modified":"2026-02-27T07:26:54","modified_gmt":"2026-02-27T07:26:54","slug":"prueba-de-agricultura-ecologica","status":"publish","type":"page","link":"https:\/\/biota.nu\/es\/prueba-de-agricultura-ecologica\/","title":{"rendered":"Agricultura ecol\u00f3gica"},"content":{"rendered":"\n<div class=\"banner alignfull wp-block-biota-nutri-banner\">\n    <img loading=\"lazy\" decoding=\"async\" src=\"https:\/\/biota.nu\/wp-content\/uploads\/vertical-farm-Biota-Nutri-2-scaled-1.jpg\" width=\"2560\" height=\"1110\" alt=\"\" \/>\n\n    <div class=\"acf-innerblocks-container\">\n\n<h1 class=\"wp-block-heading has-text-align-center has-gargantuan-font-size\" style=\"font-style:normal;font-weight:900\">Agricultura ecol\u00f3gica<\/h1>\n\n<\/div>\n\n    <svg xmlns=\"http:\/\/www.w3.org\/2000\/svg\" viewBox=\"0 0 1000 100\" preserveAspectRatio=\"none\">\n        <path d=\"M790.5,93.1c-59.3-5.3-116.8-18-192.6-50c-29.6-12.7-76.9-31-100.5-35.9c-23.6-4.9-52.6-7.8-75.5-5.3\n\tc-10.2,1.1-22.6,1.4-50.1,7.4c-27.2,6.3-58.2,16.6-79.4,24.7c-41.3,15.9-94.9,21.9-134,22.6C72,58.2,0,25.8,0,25.8V100h1000V65.3\n\tc0,0-51.5,19.4-106.2,25.7C839.5,97,814.1,95.2,790.5,93.1z\"><\/path>\n    <\/svg>\n<\/div>\n\n<h2 class=\"wp-block-heading has-text-align-left\">Apoyar el crecimiento natural y la resistencia<\/h2>\n\n<p>\u00bfSe enfrenta a una disponibilidad limitada de nutrientes o a una mayor susceptibilidad al estr\u00e9s dentro del cultivo ecol\u00f3gico? Como cultivador ecol\u00f3gico, usted trabaja desde una visi\u00f3n centrada en la salud de las plantas, la vida del suelo y el equilibrio natural. Biota Nutri ofrece soluciones sostenibles que apoyan estos procesos, sin alterar los principios naturales de cultivo.  <\/p>\n\n<p>Nuestros productos ayudan a las plantas a utilizar los nutrientes disponibles de forma m\u00e1s eficaz. Mediante f\u00f3rmulas de f\u00e1cil absorci\u00f3n, apoyamos los procesos naturales de crecimiento, especialmente en condiciones cambiantes del suelo y en momentos de estr\u00e9s como el fr\u00edo, la sequ\u00eda o el aumento de la presi\u00f3n de las enfermedades. <\/p>\n\n<h2 class=\"wp-block-heading has-text-align-left\">Aplicaciones en el cultivo ecol\u00f3gico<\/h2>\n\n<div class=\"wp-block-columns is-layout-flex wp-container-core-columns-is-layout-28f84493 wp-block-columns-is-layout-flex\">\n<div class=\"wp-block-column is-layout-flow wp-block-column-is-layout-flow\">\n<ul class=\"wp-block-list\">\n<li>Horticultura de invernadero: antes de iniciar el cultivo y en la fase de platillo para permitir que la planta adquiera fuerza<\/li>\n\n\n\n<li>Horticultura: para favorecer el crecimiento, la calidad y la uniformidad en cultivos intensivos<\/li>\n\n\n\n<li>Agricultura: para un buen comienzo cuando la temperatura del suelo es a\u00fan demasiado baja e ideal para ajustar<\/li>\n\n\n\n<li>Arboricultura: para la correcci\u00f3n selectiva de deficiencias y el apoyo a la capacidad de recuperaci\u00f3n y la actividad radicular<\/li>\n\n\n\n<li>Cultivos ecol\u00f3gicos abiertos: mejor aprovechamiento de los nutrientes con una disponibilidad limitada<\/li>\n\n\n\n<li>Momentos de estr\u00e9s: apoyo a la resistencia de las plantas bajo estr\u00e9s natural<\/li>\n<\/ul>\n\n\n\n<p><\/p>\n<\/div>\n\n\n\n<div class=\"wp-block-column is-layout-flow wp-block-column-is-layout-flow\">\n<figure class=\"wp-block-image size-large is-resized\"><img loading=\"lazy\" decoding=\"async\" width=\"1024\" height=\"444\" src=\"https:\/\/biota.nu\/wp-content\/uploads\/vertical-farm-Biota-Nutri-2-scaled-1-1024x444.jpg\" alt=\"\" class=\"wp-image-9431\" style=\"width:417px;height:auto\" srcset=\"https:\/\/biota.nu\/wp-content\/uploads\/vertical-farm-Biota-Nutri-2-scaled-1-1024x444.jpg 1024w, https:\/\/biota.nu\/wp-content\/uploads\/vertical-farm-Biota-Nutri-2-scaled-1-300x130.jpg 300w, https:\/\/biota.nu\/wp-content\/uploads\/vertical-farm-Biota-Nutri-2-scaled-1-768x333.jpg 768w, https:\/\/biota.nu\/wp-content\/uploads\/vertical-farm-Biota-Nutri-2-scaled-1-1536x666.jpg 1536w, https:\/\/biota.nu\/wp-content\/uploads\/vertical-farm-Biota-Nutri-2-scaled-1-2048x888.jpg 2048w, https:\/\/biota.nu\/wp-content\/uploads\/vertical-farm-Biota-Nutri-2-scaled-1-600x260.jpg 600w\" sizes=\"auto, (max-width: 1024px) 100vw, 1024px\" \/><\/figure>\n<\/div>\n<\/div>\n\n<p class=\"has-text-align-center\"><\/p>\n\n<div style=\"--inline-background-color: #6ab023; --inline-text-color: #FFFFFF;  margin-top:6em;margin-bottom:6em;\" class=\"wave-container alignfull wp-block-biota-nutri-wave-container\">\n    <img decoding=\"async\" src=\"\" width=\"\" height=\"\" alt=\"\" \/>\n\n    <div class=\"top-wave\">\n        <svg xmlns=\"http:\/\/www.w3.org\/2000\/svg\" viewBox=\"0 0 1000 100\" preserveAspectRatio=\"none\">\n            <path d=\"M421.9,6.5c22.6-2.5,51.5,0.4,75.5,5.3c23.6,4.9,70.9,23.5,100.5,35.7c75.8,32.2,133.7,44.5,192.6,49.7\n\tc23.6,2.1,48.7,3.5,103.4-2.5c54.7-6,106.2-25.6,106.2-25.6V0H0v30.3c0,0,72,32.6,158.4,30.5c39.2-0.7,92.8-6.7,134-22.4\n\tc21.2-8.1,52.2-18.2,79.7-24.2C399.3,7.9,411.6,7.5,421.9,6.5z\"><\/path>\n        <\/svg>\n    <\/div>\n\n    <div class=\"container\">\n        <div class=\"acf-innerblocks-container\">\n\n<p class=\"has-text-align-center\"><em>\u00abLos cultivos fuertes empiezan por apoyar los procesos naturales\u00bb.<\/em><\/p>\n\n<\/div>\n    <\/div>\n\n    <div class=\"bottom-wave\">\n        <svg xmlns=\"http:\/\/www.w3.org\/2000\/svg\" viewBox=\"0 0 1000 100\" preserveAspectRatio=\"none\">\n            <path d=\"M421.9,6.5c22.6-2.5,51.5,0.4,75.5,5.3c23.6,4.9,70.9,23.5,100.5,35.7c75.8,32.2,133.7,44.5,192.6,49.7\n\tc23.6,2.1,48.7,3.5,103.4-2.5c54.7-6,106.2-25.6,106.2-25.6V0H0v30.3c0,0,72,32.6,158.4,30.5c39.2-0.7,92.8-6.7,134-22.4\n\tc21.2-8.1,52.2-18.2,79.7-24.2C399.3,7.9,411.6,7.5,421.9,6.5z\"><\/path>\n        <\/svg>\n    <\/div>\n<\/div>\n\n<div style=\"--inline-transform-translate-x: 0px; --inline-transform-translate-y: 0px;\" class=\"decoration-image position-right alignright wp-block-biota-nutri-decoration-image\">\n    <div class=\"acf-innerblocks-container\">\n\n<figure class=\"wp-block-image alignright size-large is-resized\"><img loading=\"lazy\" decoding=\"async\" width=\"836\" height=\"1024\" src=\"https:\/\/biota.nu\/wp-content\/uploads\/Tomato-2-836x1024.png\" alt=\"\" class=\"wp-image-9173\" style=\"width:248px;height:auto\" srcset=\"https:\/\/biota.nu\/wp-content\/uploads\/Tomato-2-836x1024.png 836w, https:\/\/biota.nu\/wp-content\/uploads\/Tomato-2-245x300.png 245w, https:\/\/biota.nu\/wp-content\/uploads\/Tomato-2-768x941.png 768w, https:\/\/biota.nu\/wp-content\/uploads\/Tomato-2-600x735.png 600w, https:\/\/biota.nu\/wp-content\/uploads\/Tomato-2.png 956w\" sizes=\"auto, (max-width: 836px) 100vw, 836px\" \/><\/figure>\n\n<\/div>\n<\/div>\n\n<h2 class=\"wp-block-heading\">Beneficios para los productores ecol\u00f3gicos<\/h2>\n\n<p>&#8211; Apoyo a los procesos naturales de crecimiento<br\/>&#8211; Mejora de la resistencia y vitalidad de las plantas<br\/>&#8211; Utilizaci\u00f3n eficaz de los nutrientes disponibles<br\/>&#8211; Adecuado para sistemas de cultivo sostenibles y ecol\u00f3gicos gracias a las certificaciones correspondientes<br\/>&#8211; Apoyo pr\u00e1ctico sin perturbar el suelo ni el cultivo<\/p>\n\n<h2 class=\"wp-block-heading has-text-align-left\">Productos aptos para el cultivo ecol\u00f3gico<\/h2>\n\n<p>Dentro del cultivo ecol\u00f3gico, existen requisitos espec\u00edficos en torno al origen, la composici\u00f3n y la aplicaci\u00f3n de los productos. Biota Nutri ofrece una selecci\u00f3n de productos aplicables dentro del cultivo ecol\u00f3gico, en funci\u00f3n de la certificaci\u00f3n y la normativa local. <\/p>\n\n<p>Los siguientes productos pueden utilizarse en sistemas de cultivo ecol\u00f3gico:<\/p>\n\n<ul class=\"wp-block-list\">\n<li><strong><a href=\"https:\/\/biota.nu\/es\/producto\/biota-phos-8\/\" type=\"product\" id=\"9326\">Biota Phos<\/a><\/strong>: favorece la formaci\u00f3n de ra\u00edces y un buen arranque del cultivo.<\/li>\n\n\n\n<li><strong><a href=\"https:\/\/biota.nu\/es\/producto\/biota-kalium-15\/\" type=\"product\" id=\"9329\">Potasio Biota<\/a><\/strong>: contribuye a la firmeza, al equilibrio h\u00eddrico y al desarrollo de la calidad.<\/li>\n\n\n\n<li><strong><a href=\"https:\/\/biota.nu\/es\/producto\/biota-hierro-en-polvo-13\/\" type=\"product\" id=\"9312\">Polvo de hierro Biota<\/a><\/strong>: favorece la salud del color de las hojas y la fotos\u00edntesis cuando se necesita hierro.<\/li>\n\n\n\n<li><strong><a href=\"https:\/\/biota.nu\/es\/producto\/biota-calcio-8\/\" type=\"product\" id=\"8721\">Biota Calcio<\/a><\/strong>: favorece la resistencia de la pared celular y ayuda a mejorar la calidad de las cosechas.<\/li>\n\n\n\n<li><strong><a href=\"https:\/\/biota.nu\/es\/producto\/biota-nitro-v2\/\" type=\"product\" id=\"9322\">Biota Nitro V2<\/a><\/strong>: aporte de nitr\u00f3geno para favorecer el crecimiento y el desarrollo de las hojas.<\/li>\n\n\n\n<li><strong><a href=\"https:\/\/biota.nu\/es\/producto\/biota-nitro-nk-3-0-9\/\" type=\"link\" id=\"https:\/\/biota.nu\/nl\/product\/biota-nitro-nk-3-0-9\/\">Biota NP 3-0-9<\/a><\/strong>: Formulaci\u00f3n NP para una nutrici\u00f3n espec\u00edfica y un equilibrio en el crecimiento vegetativo.<\/li>\n\n\n\n<li><strong><a href=\"https:\/\/biota.nu\/nl\/producten\/\" type=\"link\" id=\"https:\/\/biota.nu\/nl\/producten\/\">Biota NPK alto org\u00e1nico<\/a><\/strong>: apoyo NPK org\u00e1nico para un crecimiento uniforme y natural.<\/li>\n\n\n\n<li><strong><a href=\"https:\/\/biota.nu\/nl\/producten\/\" type=\"link\" id=\"https:\/\/biota.nu\/nl\/producten\/\">Biota NPK org\u00e1nico bajo<\/a><\/strong>: Nutriente NPK org\u00e1nico suave para mantenimiento y ajuste.<\/li>\n\n\n\n<li><strong><a href=\"https:\/\/biota.nu\/nl\/producten\/\" type=\"link\" id=\"https:\/\/biota.nu\/nl\/producten\/\">Oligoelementos<\/a><\/strong>: micronutrientes esenciales para apoyar los procesos naturales de las plantas.<\/li>\n<\/ul>\n\n<p>Estos productos favorecen los procesos naturales de crecimiento, la utilizaci\u00f3n de nutrientes y la resistencia de las plantas, sin alterar los principios del cultivo ecol\u00f3gico.<\/p>\n\n<div style=\"--inline-transform-translate-x: 150px; --inline-transform-translate-y: 0px;\" class=\"decoration-image position-right alignright wp-block-biota-nutri-decoration-image\">\n    <div class=\"acf-innerblocks-container\">\n\n<figure class=\"wp-block-image size-large is-resized\"><img loading=\"lazy\" decoding=\"async\" width=\"1024\" height=\"681\" src=\"https:\/\/biota.nu\/wp-content\/uploads\/Kiwi-1-1024x681.png\" alt=\"\" class=\"wp-image-9188\" style=\"width:478px;height:auto\" srcset=\"https:\/\/biota.nu\/wp-content\/uploads\/Kiwi-1-1024x681.png 1024w, https:\/\/biota.nu\/wp-content\/uploads\/Kiwi-1-300x199.png 300w, https:\/\/biota.nu\/wp-content\/uploads\/Kiwi-1-768x511.png 768w, https:\/\/biota.nu\/wp-content\/uploads\/Kiwi-1-1536x1021.png 1536w, https:\/\/biota.nu\/wp-content\/uploads\/Kiwi-1-2048x1362.png 2048w, https:\/\/biota.nu\/wp-content\/uploads\/Kiwi-1-600x399.png 600w\" sizes=\"auto, (max-width: 1024px) 100vw, 1024px\" \/><\/figure>\n\n<\/div>\n<\/div>\n\n<h3 class=\"wp-block-heading has-text-align-left\">Registros y normativas<\/h3>\n\n<p>Para los cultivadores ecol\u00f3gicos, la transparencia es esencial. Biota Nutri piensa a lo largo de la elecci\u00f3n del producto y su aplicaci\u00f3n dentro de las leyes y normativas aplicables. La coordinaci\u00f3n con las autoridades de registro y los asesores de cultivo es fundamental para ello.  <\/p>\n\n<div class=\"wp-block-buttons is-layout-flex wp-block-buttons-is-layout-flex\">\n<div class=\"wp-block-button\"><a class=\"wp-block-button__link wp-element-button\" href=\"https:\/\/biota.nu\/es\/certificaciones-y-registros-de-biota-nutri\/\">Ver nuestras inscripciones<\/a><\/div>\n<\/div>\n\n<div class=\"wp-block-buttons is-layout-flex wp-block-buttons-is-layout-flex\"><\/div>\n\n<h2 class=\"wp-block-heading has-text-align-left\">Biota Nutri como socio del conocimiento en el cultivo ecol\u00f3gico<\/h2>\n\n<div class=\"wp-block-columns is-layout-flex wp-container-core-columns-is-layout-28f84493 wp-block-columns-is-layout-flex\">\n<div class=\"wp-block-column is-layout-flow wp-block-column-is-layout-flow\">\n<p>\u00bfQuiere saber qu\u00e9 soluciones Biota Nutri se adaptan a su cultivo ecol\u00f3gico? No dude en ponerse en contacto con nosotros para recibir asesoramiento personal y espec\u00edfico para su cultivo. <\/p>\n\n\n\n<div class=\"wp-block-buttons is-layout-flex wp-block-buttons-is-layout-flex\">\n<div class=\"wp-block-button\"><a class=\"wp-block-button__link wp-element-button\" href=\"tel:31850475710\">Ll\u00e1menos<\/a><\/div>\n\n\n\n<div class=\"wp-block-button\"><a class=\"wp-block-button__link wp-element-button\" href=\"mailto:info@biota.nu\">Env\u00edenos un correo<\/a><\/div>\n<\/div>\n\n\n\n<p>Tanto si cultiva de forma ecol\u00f3gica como <span style=\"text-decoration: underline;\"><strong>cultivo convencional<\/strong><\/span>Biota Nutri act\u00faa como un socio de conocimiento. Con un profundo conocimiento de los productos, experiencia pr\u00e1ctica y asesoramiento orientado al cultivo, le ayudamos a tomar decisiones sostenibles que se adapten a su cultivo, sistema de cultivo y objetivos empresariales. <\/p>\n<\/div>\n<\/div>\n\n<figure class=\"wp-block-image size-full is-resized\"><img loading=\"lazy\" decoding=\"async\" width=\"1024\" height=\"768\" src=\"https:\/\/biota.nu\/wp-content\/uploads\/DGS-Biota-bundelt-krachten-met-De-Groot-en-Slot-en-REKA-2-edited.jpg\" alt=\"\" class=\"wp-image-12014\" style=\"width:461px;height:auto\" srcset=\"https:\/\/biota.nu\/wp-content\/uploads\/DGS-Biota-bundelt-krachten-met-De-Groot-en-Slot-en-REKA-2-edited.jpg 1024w, https:\/\/biota.nu\/wp-content\/uploads\/DGS-Biota-bundelt-krachten-met-De-Groot-en-Slot-en-REKA-2-edited-300x225.jpg 300w, https:\/\/biota.nu\/wp-content\/uploads\/DGS-Biota-bundelt-krachten-met-De-Groot-en-Slot-en-REKA-2-edited-768x576.jpg 768w, https:\/\/biota.nu\/wp-content\/uploads\/DGS-Biota-bundelt-krachten-met-De-Groot-en-Slot-en-REKA-2-edited-600x450.jpg 600w\" sizes=\"auto, (max-width: 1024px) 100vw, 1024px\" \/><\/figure>\n\n<h2 class=\"wp-block-heading has-text-align-left\">Preguntas m\u00e1s frecuentes<\/h2>\n\n<p><strong>\u00bfTodos los productos est\u00e1n certificados como ecol\u00f3gicos?<\/strong><br\/>No todos los productos est\u00e1n certificados autom\u00e1ticamente. La aplicabilidad depende del producto, el cultivo y la normativa. P\u00f3ngase en contacto con <a href=\"https:\/\/biota.nu\/es\/pongase-en-contacto-con\/\" type=\"page\" id=\"9292\">nosotros<\/a> para que le informemos al respecto.  <\/p>\n\n<p><strong>\u00bfCu\u00e1ndo tienen sentido las aplicaciones foliares dentro del cultivo ecol\u00f3gico?<\/strong><br\/>Especialmente en caso de carencias, momentos de estr\u00e9s o absorci\u00f3n limitada a trav\u00e9s del suelo.<\/p>\n\n<p><strong>\u00bfPuede Biota Nutri contribuir a mi estrategia de cultivo?<\/strong><br\/>S\u00ed, apoyamos a los cultivadores ecol\u00f3gicos con asesoramiento pr\u00e1ctico e independiente. P\u00f3ngase en contacto con nosotros para su estrategia de cultivo. <\/p>\n","protected":false},"excerpt":{"rendered":"<p>Apoyar el crecimiento natural y la resistencia \u00bfSe enfrenta a una disponibilidad limitada de nutrientes o a una mayor susceptibilidad al estr\u00e9s dentro del cultivo [&hellip;]<\/p>\n","protected":false},"author":6,"featured_media":0,"parent":0,"menu_order":0,"comment_status":"closed","ping_status":"closed","template":"","meta":{"footnotes":""},"class_list":["post-12208","page","type-page","status-publish","hentry"],"yoast_head":"<!-- This site is optimized with the Yoast SEO plugin v27.4 - https:\/\/yoast.com\/product\/yoast-seo-wordpress\/ -->\n<title>Nutrici\u00f3n vegetal para el cultivo ecol\u00f3gico | Soluciones sostenibles<\/title>\n<meta name=\"description\" content=\"Descubra los alimentos para plantas y los abonos foliares de Biota Nutri para el cultivo biol\u00f3gico. Favorece el crecimiento natural y el aprovechamiento de los nutrientes.\" \/>\n<meta name=\"robots\" content=\"index, follow, max-snippet:-1, max-image-preview:large, max-video-preview:-1\" \/>\n<link rel=\"canonical\" href=\"https:\/\/biota.nu\/es\/prueba-de-agricultura-ecologica\/\" \/>\n<meta property=\"og:locale\" content=\"es_ES\" \/>\n<meta property=\"og:type\" content=\"article\" \/>\n<meta property=\"og:title\" content=\"Nutrici\u00f3n vegetal para el cultivo ecol\u00f3gico | Soluciones sostenibles\" \/>\n<meta property=\"og:description\" content=\"Descubra los alimentos para plantas y los abonos foliares de Biota Nutri para el cultivo biol\u00f3gico. Favorece el crecimiento natural y el aprovechamiento de los nutrientes.\" \/>\n<meta property=\"og:url\" content=\"https:\/\/biota.nu\/es\/prueba-de-agricultura-ecologica\/\" \/>\n<meta property=\"og:site_name\" content=\"Biota Nutri\" \/>\n<meta property=\"article:modified_time\" content=\"2026-02-27T07:26:54+00:00\" \/>\n<meta property=\"og:image\" content=\"https:\/\/biota.nu\/wp-content\/uploads\/vertical-farm-Biota-Nutri-2-scaled-1-1024x444.jpg\" \/>\n<meta name=\"twitter:card\" content=\"summary_large_image\" \/>\n<meta name=\"twitter:label1\" content=\"Tiempo de lectura\" \/>\n\t<meta name=\"twitter:data1\" content=\"4 minutos\" \/>\n<script type=\"application\/ld+json\" class=\"yoast-schema-graph\">{\"@context\":\"https:\\\/\\\/schema.org\",\"@graph\":[{\"@type\":\"WebPage\",\"@id\":\"https:\\\/\\\/biota.nu\\\/es\\\/prueba-de-agricultura-ecologica\\\/\",\"url\":\"https:\\\/\\\/biota.nu\\\/es\\\/prueba-de-agricultura-ecologica\\\/\",\"name\":\"Nutrici\u00f3n vegetal para el cultivo ecol\u00f3gico | Soluciones sostenibles\",\"isPartOf\":{\"@id\":\"https:\\\/\\\/biota.nu\\\/es\\\/#website\"},\"primaryImageOfPage\":{\"@id\":\"https:\\\/\\\/biota.nu\\\/es\\\/prueba-de-agricultura-ecologica\\\/#primaryimage\"},\"image\":{\"@id\":\"https:\\\/\\\/biota.nu\\\/es\\\/prueba-de-agricultura-ecologica\\\/#primaryimage\"},\"thumbnailUrl\":\"https:\\\/\\\/biota.nu\\\/wp-content\\\/uploads\\\/vertical-farm-Biota-Nutri-2-scaled-1-1024x444.jpg\",\"datePublished\":\"2026-02-10T14:48:26+00:00\",\"dateModified\":\"2026-02-27T07:26:54+00:00\",\"description\":\"Descubra los alimentos para plantas y los abonos foliares de Biota Nutri para el cultivo biol\u00f3gico. Favorece el crecimiento natural y el aprovechamiento de los nutrientes.\",\"breadcrumb\":{\"@id\":\"https:\\\/\\\/biota.nu\\\/es\\\/prueba-de-agricultura-ecologica\\\/#breadcrumb\"},\"inLanguage\":\"es\",\"potentialAction\":[{\"@type\":\"ReadAction\",\"target\":[\"https:\\\/\\\/biota.nu\\\/es\\\/prueba-de-agricultura-ecologica\\\/\"]}]},{\"@type\":\"ImageObject\",\"inLanguage\":\"es\",\"@id\":\"https:\\\/\\\/biota.nu\\\/es\\\/prueba-de-agricultura-ecologica\\\/#primaryimage\",\"url\":\"https:\\\/\\\/biota.nu\\\/wp-content\\\/uploads\\\/vertical-farm-Biota-Nutri-2-scaled-1-1024x444.jpg\",\"contentUrl\":\"https:\\\/\\\/biota.nu\\\/wp-content\\\/uploads\\\/vertical-farm-Biota-Nutri-2-scaled-1-1024x444.jpg\"},{\"@type\":\"BreadcrumbList\",\"@id\":\"https:\\\/\\\/biota.nu\\\/es\\\/prueba-de-agricultura-ecologica\\\/#breadcrumb\",\"itemListElement\":[{\"@type\":\"ListItem\",\"position\":1,\"name\":\"Home\",\"item\":\"https:\\\/\\\/biota.nu\\\/es\\\/\"},{\"@type\":\"ListItem\",\"position\":2,\"name\":\"Agricultura ecol\u00f3gica\"}]},{\"@type\":\"WebSite\",\"@id\":\"https:\\\/\\\/biota.nu\\\/es\\\/#website\",\"url\":\"https:\\\/\\\/biota.nu\\\/es\\\/\",\"name\":\"Biota Nutri\",\"description\":\"\",\"publisher\":{\"@id\":\"https:\\\/\\\/biota.nu\\\/es\\\/#organization\"},\"potentialAction\":[{\"@type\":\"SearchAction\",\"target\":{\"@type\":\"EntryPoint\",\"urlTemplate\":\"https:\\\/\\\/biota.nu\\\/es\\\/?s={search_term_string}\"},\"query-input\":{\"@type\":\"PropertyValueSpecification\",\"valueRequired\":true,\"valueName\":\"search_term_string\"}}],\"inLanguage\":\"es\"},{\"@type\":\"Organization\",\"@id\":\"https:\\\/\\\/biota.nu\\\/es\\\/#organization\",\"name\":\"Biota Nutri\",\"url\":\"https:\\\/\\\/biota.nu\\\/es\\\/\",\"logo\":{\"@type\":\"ImageObject\",\"inLanguage\":\"es\",\"@id\":\"https:\\\/\\\/biota.nu\\\/es\\\/#\\\/schema\\\/logo\\\/image\\\/\",\"url\":\"https:\\\/\\\/biota.nu\\\/wp-content\\\/uploads\\\/Biota-Nutri-R.png\",\"contentUrl\":\"https:\\\/\\\/biota.nu\\\/wp-content\\\/uploads\\\/Biota-Nutri-R.png\",\"width\":300,\"height\":220,\"caption\":\"Biota Nutri\"},\"image\":{\"@id\":\"https:\\\/\\\/biota.nu\\\/es\\\/#\\\/schema\\\/logo\\\/image\\\/\"}}]}<\/script>\n<!-- \/ Yoast SEO plugin. -->","yoast_head_json":{"title":"Nutrici\u00f3n vegetal para el cultivo ecol\u00f3gico | Soluciones sostenibles","description":"Descubra los alimentos para plantas y los abonos foliares de Biota Nutri para el cultivo biol\u00f3gico. Favorece el crecimiento natural y el aprovechamiento de los nutrientes.","robots":{"index":"index","follow":"follow","max-snippet":"max-snippet:-1","max-image-preview":"max-image-preview:large","max-video-preview":"max-video-preview:-1"},"canonical":"https:\/\/biota.nu\/es\/prueba-de-agricultura-ecologica\/","og_locale":"es_ES","og_type":"article","og_title":"Nutrici\u00f3n vegetal para el cultivo ecol\u00f3gico | Soluciones sostenibles","og_description":"Descubra los alimentos para plantas y los abonos foliares de Biota Nutri para el cultivo biol\u00f3gico. Favorece el crecimiento natural y el aprovechamiento de los nutrientes.","og_url":"https:\/\/biota.nu\/es\/prueba-de-agricultura-ecologica\/","og_site_name":"Biota Nutri","article_modified_time":"2026-02-27T07:26:54+00:00","og_image":[{"url":"https:\/\/biota.nu\/wp-content\/uploads\/vertical-farm-Biota-Nutri-2-scaled-1-1024x444.jpg","type":"","width":"","height":""}],"twitter_card":"summary_large_image","twitter_misc":{"Tiempo de lectura":"4 minutos"},"schema":{"@context":"https:\/\/schema.org","@graph":[{"@type":"WebPage","@id":"https:\/\/biota.nu\/es\/prueba-de-agricultura-ecologica\/","url":"https:\/\/biota.nu\/es\/prueba-de-agricultura-ecologica\/","name":"Nutrici\u00f3n vegetal para el cultivo ecol\u00f3gico | Soluciones sostenibles","isPartOf":{"@id":"https:\/\/biota.nu\/es\/#website"},"primaryImageOfPage":{"@id":"https:\/\/biota.nu\/es\/prueba-de-agricultura-ecologica\/#primaryimage"},"image":{"@id":"https:\/\/biota.nu\/es\/prueba-de-agricultura-ecologica\/#primaryimage"},"thumbnailUrl":"https:\/\/biota.nu\/wp-content\/uploads\/vertical-farm-Biota-Nutri-2-scaled-1-1024x444.jpg","datePublished":"2026-02-10T14:48:26+00:00","dateModified":"2026-02-27T07:26:54+00:00","description":"Descubra los alimentos para plantas y los abonos foliares de Biota Nutri para el cultivo biol\u00f3gico. Favorece el crecimiento natural y el aprovechamiento de los nutrientes.","breadcrumb":{"@id":"https:\/\/biota.nu\/es\/prueba-de-agricultura-ecologica\/#breadcrumb"},"inLanguage":"es","potentialAction":[{"@type":"ReadAction","target":["https:\/\/biota.nu\/es\/prueba-de-agricultura-ecologica\/"]}]},{"@type":"ImageObject","inLanguage":"es","@id":"https:\/\/biota.nu\/es\/prueba-de-agricultura-ecologica\/#primaryimage","url":"https:\/\/biota.nu\/wp-content\/uploads\/vertical-farm-Biota-Nutri-2-scaled-1-1024x444.jpg","contentUrl":"https:\/\/biota.nu\/wp-content\/uploads\/vertical-farm-Biota-Nutri-2-scaled-1-1024x444.jpg"},{"@type":"BreadcrumbList","@id":"https:\/\/biota.nu\/es\/prueba-de-agricultura-ecologica\/#breadcrumb","itemListElement":[{"@type":"ListItem","position":1,"name":"Home","item":"https:\/\/biota.nu\/es\/"},{"@type":"ListItem","position":2,"name":"Agricultura ecol\u00f3gica"}]},{"@type":"WebSite","@id":"https:\/\/biota.nu\/es\/#website","url":"https:\/\/biota.nu\/es\/","name":"Biota Nutri","description":"","publisher":{"@id":"https:\/\/biota.nu\/es\/#organization"},"potentialAction":[{"@type":"SearchAction","target":{"@type":"EntryPoint","urlTemplate":"https:\/\/biota.nu\/es\/?s={search_term_string}"},"query-input":{"@type":"PropertyValueSpecification","valueRequired":true,"valueName":"search_term_string"}}],"inLanguage":"es"},{"@type":"Organization","@id":"https:\/\/biota.nu\/es\/#organization","name":"Biota Nutri","url":"https:\/\/biota.nu\/es\/","logo":{"@type":"ImageObject","inLanguage":"es","@id":"https:\/\/biota.nu\/es\/#\/schema\/logo\/image\/","url":"https:\/\/biota.nu\/wp-content\/uploads\/Biota-Nutri-R.png","contentUrl":"https:\/\/biota.nu\/wp-content\/uploads\/Biota-Nutri-R.png","width":300,"height":220,"caption":"Biota Nutri"},"image":{"@id":"https:\/\/biota.nu\/es\/#\/schema\/logo\/image\/"}}]}},"acf":[],"_links":{"self":[{"href":"https:\/\/biota.nu\/es\/wp-json\/wp\/v2\/pages\/12208","targetHints":{"allow":["GET"]}}],"collection":[{"href":"https:\/\/biota.nu\/es\/wp-json\/wp\/v2\/pages"}],"about":[{"href":"https:\/\/biota.nu\/es\/wp-json\/wp\/v2\/types\/page"}],"author":[{"embeddable":true,"href":"https:\/\/biota.nu\/es\/wp-json\/wp\/v2\/users\/6"}],"replies":[{"embeddable":true,"href":"https:\/\/biota.nu\/es\/wp-json\/wp\/v2\/comments?post=12208"}],"version-history":[{"count":10,"href":"https:\/\/biota.nu\/es\/wp-json\/wp\/v2\/pages\/12208\/revisions"}],"predecessor-version":[{"id":12546,"href":"https:\/\/biota.nu\/es\/wp-json\/wp\/v2\/pages\/12208\/revisions\/12546"}],"wp:attachment":[{"href":"https:\/\/biota.nu\/es\/wp-json\/wp\/v2\/media?parent=12208"}],"curies":[{"name":"wp","href":"https:\/\/api.w.org\/{rel}","templated":true}]}}