{"id":9607,"date":"2023-12-19T12:15:53","date_gmt":"2023-12-19T12:15:53","guid":{"rendered":"https:\/\/biota.nu\/formacion-faq\/"},"modified":"2024-12-20T12:55:50","modified_gmt":"2024-12-20T12:55:50","slug":"formacion-faq","status":"publish","type":"page","link":"https:\/\/biota.nu\/es\/formacion-faq\/","title":{"rendered":"Formaci\u00f3n\/FAQ"},"content":{"rendered":"\n<div class=\"banner alignfull wp-block-biota-nutri-banner\">\n    <img loading=\"lazy\" decoding=\"async\" src=\"https:\/\/biota.nu\/wp-content\/uploads\/Biota-Advice-v2.jpg\" width=\"2200\" height=\"1135\" alt=\"\" \/>\n\n    <div class=\"acf-innerblocks-container\">\n\n<h1 class=\"wp-block-heading has-text-align-center has-gargantuan-font-size\">Formaci\u00f3n y  <\/h1>\n\n\n\n<h1 class=\"wp-block-heading has-text-align-center has-gargantuan-font-size\">Preguntas frecuentes<\/h1>\n\n<\/div>\n\n    <svg xmlns=\"http:\/\/www.w3.org\/2000\/svg\" viewBox=\"0 0 1000 100\" preserveAspectRatio=\"none\">\n        <path d=\"M790.5,93.1c-59.3-5.3-116.8-18-192.6-50c-29.6-12.7-76.9-31-100.5-35.9c-23.6-4.9-52.6-7.8-75.5-5.3\n\tc-10.2,1.1-22.6,1.4-50.1,7.4c-27.2,6.3-58.2,16.6-79.4,24.7c-41.3,15.9-94.9,21.9-134,22.6C72,58.2,0,25.8,0,25.8V100h1000V65.3\n\tc0,0-51.5,19.4-106.2,25.7C839.5,97,814.1,95.2,790.5,93.1z\"><\/path>\n    <\/svg>\n<\/div>\n\n<div style=\"--inline-transform-translate-x: px; --inline-transform-translate-y: px;\" class=\"decoration-image align wp-block-biota-nutri-decoration-image\">\n    <div class=\"acf-innerblocks-container\">\n\n<figure class=\"wp-block-image size-large is-resized\"><img loading=\"lazy\" decoding=\"async\" width=\"359\" height=\"1024\" src=\"https:\/\/biota.nu\/wp-content\/uploads\/Avocado-1-359x1024.png\" alt=\"\" class=\"wp-image-9205\" style=\"width:195px;height:auto\" srcset=\"https:\/\/biota.nu\/wp-content\/uploads\/Avocado-1-359x1024.png 359w, https:\/\/biota.nu\/wp-content\/uploads\/Avocado-1-105x300.png 105w, https:\/\/biota.nu\/wp-content\/uploads\/Avocado-1-539x1536.png 539w, https:\/\/biota.nu\/wp-content\/uploads\/Avocado-1.png 568w\" sizes=\"auto, (max-width: 359px) 100vw, 359px\" \/><\/figure>\n\n<\/div>\n<\/div>\n\n<p>\u00bfTiene preguntas? Tenemos respuestas (bueno, \u00a1la mayor\u00eda de las veces!)<br\/>Aqu\u00ed encontrar\u00e1 nuestras respuestas a las preguntas m\u00e1s frecuentes que pueda tener sobre los <em><strong>abonos Biota<\/strong><\/em>, <em><strong>Biota Nutri Calculadora<\/strong><\/em>, <em><strong>certificaciones<\/strong><\/em>y mucho m\u00e1s. Si sigue sin encontrar la respuesta que busca, <a href=\"https:\/\/biota.nu\/cultivation-advice\/\">p\u00f3ngase en contacto con nosotros<\/a>. Estaremos encantados de ayudarle.   <\/p>\n\n<div style=\"--inline-background-color: #eaefe1; --inline-text-color: #6e3e13;  margin-top:6em;margin-bottom:6em;\" class=\"wave-container alignfull wp-block-biota-nutri-wave-container\">\n    <img decoding=\"async\" src=\"\" width=\"\" height=\"\" alt=\"\" \/>\n\n    <div class=\"top-wave\">\n        <svg xmlns=\"http:\/\/www.w3.org\/2000\/svg\" viewBox=\"0 0 1000 100\" preserveAspectRatio=\"none\">\n            <path d=\"M421.9,6.5c22.6-2.5,51.5,0.4,75.5,5.3c23.6,4.9,70.9,23.5,100.5,35.7c75.8,32.2,133.7,44.5,192.6,49.7\n\tc23.6,2.1,48.7,3.5,103.4-2.5c54.7-6,106.2-25.6,106.2-25.6V0H0v30.3c0,0,72,32.6,158.4,30.5c39.2-0.7,92.8-6.7,134-22.4\n\tc21.2-8.1,52.2-18.2,79.7-24.2C399.3,7.9,411.6,7.5,421.9,6.5z\"><\/path>\n        <\/svg>\n    <\/div>\n\n    <div class=\"container\">\n        <div class=\"acf-innerblocks-container\">\n\n<h2 class=\"wp-block-heading has-text-align-center\" style=\"margin-bottom:2em\">V\u00eddeos de formaci\u00f3n<\/h2>\n\n\n\n<div class=\"youtube-playlist align wp-block-biota-nutri-youtube-playlist\">\n    <iframe loading=\"lazy\" width=\"800\" height=\"450\" src=\"https:\/\/www.youtube.com\/embed\/1xqKQLqQC1k\" frameborder=\"0\" allow=\"accelerometer; autoplay; clipboard-write; encrypted-media; gyroscope; picture-in-picture; web-share\" allowfullscreen><\/iframe>\n    <ul class=\"playlist\">\n                    <li class=\"current\" data-video-id=\"1xqKQLqQC1k\">\n                <img decoding=\"async\" src=\"https:\/\/img.youtube.com\/vi\/1xqKQLqQC1k\/default.jpg\" \/>\n                <div class=\"title\">Optimizaci\u00f3n de la capacidad de intercambio cati\u00f3nico Complejo CEC<\/div>\n            <\/li>\n                    <li  data-video-id=\"sd9vmmSZJA4\">\n                <img decoding=\"async\" src=\"https:\/\/img.youtube.com\/vi\/sd9vmmSZJA4\/default.jpg\" \/>\n                <div class=\"title\">Tiempos de disoluci\u00f3n y pH para el abono org\u00e1nico<\/div>\n            <\/li>\n                    <li  data-video-id=\"GkQUW5yGDHs\">\n                <img decoding=\"async\" src=\"https:\/\/img.youtube.com\/vi\/GkQUW5yGDHs\/default.jpg\" \/>\n                <div class=\"title\">Limpieza y mantenimiento de las l\u00edneas de goteo cuando se utilizan fertilizantes org\u00e1nicos<\/div>\n            <\/li>\n                    <li  data-video-id=\"Z3JFgYRiNIw\">\n                <img decoding=\"async\" src=\"https:\/\/img.youtube.com\/vi\/Z3JFgYRiNIw\/default.jpg\" \/>\n                <div class=\"title\">Por qu\u00e9 utilizar tanques A y B con abono org\u00e1nico<\/div>\n            <\/li>\n            <\/ul>\n<\/div>\n\n<\/div>\n    <\/div>\n\n    <div class=\"bottom-wave\">\n        <svg xmlns=\"http:\/\/www.w3.org\/2000\/svg\" viewBox=\"0 0 1000 100\" preserveAspectRatio=\"none\">\n            <path d=\"M421.9,6.5c22.6-2.5,51.5,0.4,75.5,5.3c23.6,4.9,70.9,23.5,100.5,35.7c75.8,32.2,133.7,44.5,192.6,49.7\n\tc23.6,2.1,48.7,3.5,103.4-2.5c54.7-6,106.2-25.6,106.2-25.6V0H0v30.3c0,0,72,32.6,158.4,30.5c39.2-0.7,92.8-6.7,134-22.4\n\tc21.2-8.1,52.2-18.2,79.7-24.2C399.3,7.9,411.6,7.5,421.9,6.5z\"><\/path>\n        <\/svg>\n    <\/div>\n<\/div>\n\n<h2 class=\"wp-block-heading has-text-align-center\" style=\"margin-bottom:2em\">Preguntas frecuentes<\/h2>\n\n<h2 class=\"wp-block-heading has-x-large-font-size\">Fertilizantes<\/h2>\n\n<div class=\"faq wp-block-biotanutri-faq\">\n    <div class=\"acf-innerblocks-container\">\n\n<p class=\"has-text-align-left faq-question\">\u00bfPor qu\u00e9 son tan buenos los abonos Biota?<\/p>\n\n\n\n<p class=\"has-text-align-left faq-answer\">Nuestros abonos de bajo contenido org\u00e1nico son los mejores para algunos clientes porque son l\u00edquidos transparentes 100% vegetales, lo que hace que est\u00e9n disponibles al instante para las plantas, no obstruyen las tuber\u00edas de riego y los productos cultivados pueden llevar la marca Vegan en su envase. Nuestros productos de alto contenido org\u00e1nico son mejores para algunos clientes, como los que cultivan al aire libre o los que venden al por menor a cultivadores dom\u00e9sticos, ya que tienen grandes propiedades nutricionales pero a un precio mejor que el de nuestros productos de primera calidad. P\u00f3ngase en contacto con nosotros para hablar de c\u00f3mo podemos ofrecerle la soluci\u00f3n adecuada para su aplicaci\u00f3n.  <\/p>\n\n<\/div>\n<\/div>\n\n<div class=\"faq wp-block-biotanutri-faq\">\n    <div class=\"acf-innerblocks-container\">\n\n<p class=\"faq-question\">\u00bfD\u00f3nde puedo encontrar informaci\u00f3n sobre el producto, como una ficha t\u00e9cnica o una ficha de datos de seguridad?<\/p>\n\n\n\n<p class=\"faq-answer\">Puede solicitar las fichas t\u00e9cnicas y de seguridad poni\u00e9ndose en contacto con su representante comercial o enviando un correo electr\u00f3nico <a href=\"mailto:info@biota.nu\">a info@biota.nu.<\/a> <br\/>Para obtener informaci\u00f3n sobre el uso de nuestros productos de trabajar con fertilizantes org\u00e1nicos echa un vistazo a nuestro canal de YouTube <a href=\"https:\/\/www.youtube.com\/@biotanutri8958\">https:\/\/www.youtube.com\/@biotanutri8958<\/a><\/p>\n\n<\/div>\n<\/div>\n\n<h2 class=\"wp-block-heading has-x-large-font-size\">Calculadora<\/h2>\n\n<div class=\"faq wp-block-biotanutri-faq\">\n    <div class=\"acf-innerblocks-container\">\n\n<p class=\"faq-question\">\u00bfSe puede utilizar la calculadora Biota Nutri para todos los cultivos?<\/p>\n\n\n\n<p class=\"faq-answer\">Lo que hace \u00fanica a la Biota Nutri Calculator es que puede utilizarse para todos los fertilizantes, lo que significa que no le limita al tipo o marca del fertilizante. En otras palabras, para todos los sistemas de dosificaci\u00f3n, para todos los tipos de marcas de fertilizantes y para combinar fertilizantes minerales y org\u00e1nicos. <\/p>\n\n<\/div>\n<\/div>\n\n<div class=\"faq wp-block-biotanutri-faq\">\n    <div class=\"acf-innerblocks-container\">\n\n<p class=\"faq-question\">\u00bfEs posible a\u00f1adir abonos org\u00e1nicos a mi programa actual, por ejemplo, calcio org\u00e1nico?<\/p>\n\n\n\n<p class=\"faq-answer\">S\u00ed, puede hacerlo. La calculadora Biota Nutri le aconseja sobre la cantidad de calcio necesaria. <\/p>\n\n<\/div>\n<\/div>\n\n<h2 class=\"wp-block-heading has-x-large-font-size\">Biota Nutri<\/h2>\n\n<div class=\"faq wp-block-biotanutri-faq\">\n    <div class=\"acf-innerblocks-container\">\n\n<p class=\"faq-question\">\u00bfPuede Biota Nutri visitar mi empresa para asesorarme?<\/p>\n\n\n\n<p class=\"faq-answer\">Por supuesto. Env\u00ede su solicitud a info@biota.nu para que uno de nuestros especialistas pueda estudiar las posibilidades con usted. <\/p>\n\n<\/div>\n<\/div>\n\n<h2 class=\"wp-block-heading has-x-large-font-size\">Marcas blancas<\/h2>\n\n<div class=\"faq wp-block-biotanutri-faq\">\n    <div class=\"acf-innerblocks-container\">\n\n<p class=\"faq-question\">\u00bfPodemos vender sus productos con nuestra propia etiqueta\/marca?<\/p>\n\n\n\n<p class=\"faq-answer\">Por supuesto. Env\u00ede su solicitud a info@biota.nu para que uno de nuestros especialistas pueda estudiar las posibilidades con usted. <\/p>\n\n<\/div>\n<\/div>\n\n<h2 class=\"wp-block-heading has-x-large-font-size\">Certificaciones<\/h2>\n\n<div style=\"--inline-transform-translate-x: 0px; --inline-transform-translate-y: 0px;\" class=\"decoration-image position-left align wp-block-biota-nutri-decoration-image\">\n    <div class=\"acf-innerblocks-container\">\n\n<figure class=\"wp-block-image alignright size-large is-resized\"><img loading=\"lazy\" decoding=\"async\" width=\"554\" height=\"1024\" src=\"https:\/\/biota.nu\/wp-content\/uploads\/Pepper-4-554x1024.png\" alt=\"\" class=\"wp-image-9221\" style=\"width:268px;height:auto\" srcset=\"https:\/\/biota.nu\/wp-content\/uploads\/Pepper-4-554x1024.png 554w, https:\/\/biota.nu\/wp-content\/uploads\/Pepper-4-162x300.png 162w, https:\/\/biota.nu\/wp-content\/uploads\/Pepper-4-768x1420.png 768w, https:\/\/biota.nu\/wp-content\/uploads\/Pepper-4-831x1536.png 831w, https:\/\/biota.nu\/wp-content\/uploads\/Pepper-4-600x1109.png 600w, https:\/\/biota.nu\/wp-content\/uploads\/Pepper-4.png 891w\" sizes=\"auto, (max-width: 554px) 100vw, 554px\" \/><\/figure>\n\n<\/div>\n<\/div>\n\n<div class=\"faq wp-block-biotanutri-faq\">\n    <div class=\"acf-innerblocks-container\">\n\n<p class=\"faq-question\">\u00bfQu\u00e9 significa \u00ablistado OMRI\u00bb?<\/p>\n\n\n\n<p class=\"faq-answer\">En pocas palabras, significa que el producto ha sido aprobado de forma independiente por el Instituto de Revisi\u00f3n de Materiales Ecol\u00f3gicos para garantizar que est\u00e1 aprobado para su uso en la agricultura ecol\u00f3gica comercial. El OMRI es una organizaci\u00f3n sin \u00e1nimo de lucro que proporciona una revisi\u00f3n independiente de los productos, como los fertilizantes, destinados a ser utilizados en la producci\u00f3n y transformaci\u00f3n ecol\u00f3gica certificada. Cuando las empresas lo solicitan, OMRI revisa sus productos compar\u00e1ndolos con las normas ecol\u00f3gicas. Los productos aceptables son OMRI Listed\u00ae y aparecen en la Lista de productos OMRI\u00a9 o en la Lista de productos OMRI Canad\u00e1\u00a9. OMRI tambi\u00e9n proporciona apoyo t\u00e9cnico y formaci\u00f3n a los profesionales de la industria ecol\u00f3gica\u00bb. Para m\u00e1s informaci\u00f3n, visite<\/p>\n\n<\/div>\n<\/div>\n\n<h2 class=\"wp-block-heading has-x-large-font-size\">Sostenibilidad<\/h2>\n\n<div class=\"faq wp-block-biotanutri-faq\">\n    <div class=\"acf-innerblocks-container\">\n\n<p class=\"faq-question\">\u00bfC\u00f3mo contribuye Biota Nutri a un mundo m\u00e1s sostenible?<\/p>\n\n\n\n<p class=\"faq-answer\">Desarrollando y utilizando m\u00e9todos 100% circulares para la producci\u00f3n de fertilizantes org\u00e1nicos a partir de materiales derivados de los flujos residuales (desechos) de las plantas. Proporcionamos a los agricultores productos y conocimientos para que adopten pr\u00e1cticas agr\u00edcolas sostenibles, y les ayudamos a optimizar su rendimiento, maximizar la calidad del producto y regenerar sus suelos. <\/p>\n\n<\/div>\n<\/div>\n\n<div class=\"faq wp-block-biotanutri-faq\">\n    <div class=\"acf-innerblocks-container\">\n\n<p class=\"faq-question\">\u00bfQu\u00e9 quiere decir con \u00abPlant Based\u00bb?<\/p>\n\n\n\n<p class=\"faq-answer\">Casi todos nuestros productos se elaboran a partir de corrientes residuales vegetales. Esto significa que utilizamos los residuos ricos en nutrientes sobrantes del procesamiento de fabricaci\u00f3n de plantas y verduras, que luego refinamos y utilizamos para crear nuestros productos. <\/p>\n\n<\/div>\n<\/div>\n\n<div class=\"faq wp-block-biotanutri-faq\">\n    <div class=\"acf-innerblocks-container\">\n\n<p class=\"faq-question\">\u00bfQu\u00e9 quiere decir con \u00abNo OGM\u00bb?<\/p>\n\n\n\n<p class=\"faq-answer\">Los productos marcados como No OMG no proceden de ninguna planta que haya sido modificada gen\u00e9ticamente. Cualquier producto que figure en la lista OMRI es no OGM, por definici\u00f3n. <\/p>\n\n<\/div>\n<\/div>\n\n<div class=\"faq wp-block-biotanutri-faq\">\n    <div class=\"acf-innerblocks-container\">\n\n<p class=\"faq-question\">\u00bfQu\u00e9 quiere decir con \u00abecol\u00f3gico\u00bb?<\/p>\n\n\n\n<p class=\"faq-answer\">Cuando se trata de fertilizantes, \u00aborg\u00e1nico\u00bb puede ser un t\u00e9rmino confuso. Org\u00e1nico puede referirse a materia org\u00e1nica, o a sustancias basadas en el carbono. Con esa definici\u00f3n, la mayor\u00eda de nuestros ingredientes y productos se considerar\u00edan org\u00e1nicos. Pero para muchos de nuestros clientes, org\u00e1nico es un t\u00e9rmino reservado a los productos aprobados para su uso en la agricultura ecol\u00f3gica comercial. As\u00ed que esta definici\u00f3n m\u00e1s estricta es la que utilizamos nosotros: cualquiera de nuestros productos catalogados como \u00abecol\u00f3gicos\u00bb ha sido incluido en la lista del Instituto de Revisi\u00f3n de Materiales Ecol\u00f3gicos (OMRI). Tambi\u00e9n es la raz\u00f3n por la que siempre nos ver\u00e1 referirnos a nuestros ingredientes como \u00abnaturales y ecol\u00f3gicos\u00bb, porque queremos asegurarnos de que no estamos dando a entender accidentalmente que un producto no incluido en la lista OMRI es apropiado para la agricultura ecol\u00f3gica.     <\/p>\n\n<\/div>\n<\/div>\n","protected":false},"excerpt":{"rendered":"<p>\u00bfTiene preguntas? Tenemos respuestas (bueno, \u00a1la mayor\u00eda de las veces!)Aqu\u00ed encontrar\u00e1 nuestras respuestas a las preguntas m\u00e1s frecuentes que pueda tener sobre los abonos Biota, [&hellip;]<\/p>\n","protected":false},"author":1,"featured_media":0,"parent":0,"menu_order":0,"comment_status":"closed","ping_status":"closed","template":"","meta":{"footnotes":""},"class_list":["post-9607","page","type-page","status-publish","hentry"],"yoast_head":"<!-- This site is optimized with the Yoast SEO plugin v27.4 - https:\/\/yoast.com\/product\/yoast-seo-wordpress\/ -->\n<title>Formaci\u00f3n\/FAQ - Biota Nutri<\/title>\n<meta name=\"robots\" content=\"index, follow, max-snippet:-1, max-image-preview:large, max-video-preview:-1\" \/>\n<link rel=\"canonical\" href=\"https:\/\/biota.nu\/es\/formacion-faq\/\" \/>\n<meta property=\"og:locale\" content=\"es_ES\" \/>\n<meta property=\"og:type\" content=\"article\" \/>\n<meta property=\"og:title\" content=\"Formaci\u00f3n\/FAQ - Biota Nutri\" \/>\n<meta property=\"og:description\" content=\"\u00bfTiene preguntas? Tenemos respuestas (bueno, \u00a1la mayor\u00eda de las veces!)Aqu\u00ed encontrar\u00e1 nuestras respuestas a las preguntas m\u00e1s frecuentes que pueda tener sobre los abonos Biota, [&hellip;]\" \/>\n<meta property=\"og:url\" content=\"https:\/\/biota.nu\/es\/formacion-faq\/\" \/>\n<meta property=\"og:site_name\" content=\"Biota Nutri\" \/>\n<meta property=\"article:modified_time\" content=\"2024-12-20T12:55:50+00:00\" \/>\n<meta property=\"og:image\" content=\"https:\/\/biota.nu\/wp-content\/uploads\/Avocado-1-359x1024.png\" \/>\n<meta name=\"twitter:card\" content=\"summary_large_image\" \/>\n<meta name=\"twitter:label1\" content=\"Tiempo de lectura\" \/>\n\t<meta name=\"twitter:data1\" content=\"4 minutos\" \/>\n<script type=\"application\/ld+json\" class=\"yoast-schema-graph\">{\"@context\":\"https:\\\/\\\/schema.org\",\"@graph\":[{\"@type\":\"WebPage\",\"@id\":\"https:\\\/\\\/biota.nu\\\/es\\\/formacion-faq\\\/\",\"url\":\"https:\\\/\\\/biota.nu\\\/es\\\/formacion-faq\\\/\",\"name\":\"Formaci\u00f3n\\\/FAQ - Biota Nutri\",\"isPartOf\":{\"@id\":\"https:\\\/\\\/biota.nu\\\/es\\\/#website\"},\"primaryImageOfPage\":{\"@id\":\"https:\\\/\\\/biota.nu\\\/es\\\/formacion-faq\\\/#primaryimage\"},\"image\":{\"@id\":\"https:\\\/\\\/biota.nu\\\/es\\\/formacion-faq\\\/#primaryimage\"},\"thumbnailUrl\":\"https:\\\/\\\/biota.nu\\\/wp-content\\\/uploads\\\/Avocado-1-359x1024.png\",\"datePublished\":\"2023-12-19T12:15:53+00:00\",\"dateModified\":\"2024-12-20T12:55:50+00:00\",\"breadcrumb\":{\"@id\":\"https:\\\/\\\/biota.nu\\\/es\\\/formacion-faq\\\/#breadcrumb\"},\"inLanguage\":\"es\",\"potentialAction\":[{\"@type\":\"ReadAction\",\"target\":[\"https:\\\/\\\/biota.nu\\\/es\\\/formacion-faq\\\/\"]}]},{\"@type\":\"ImageObject\",\"inLanguage\":\"es\",\"@id\":\"https:\\\/\\\/biota.nu\\\/es\\\/formacion-faq\\\/#primaryimage\",\"url\":\"https:\\\/\\\/biota.nu\\\/wp-content\\\/uploads\\\/Avocado-1-359x1024.png\",\"contentUrl\":\"https:\\\/\\\/biota.nu\\\/wp-content\\\/uploads\\\/Avocado-1-359x1024.png\"},{\"@type\":\"BreadcrumbList\",\"@id\":\"https:\\\/\\\/biota.nu\\\/es\\\/formacion-faq\\\/#breadcrumb\",\"itemListElement\":[{\"@type\":\"ListItem\",\"position\":1,\"name\":\"Home\",\"item\":\"https:\\\/\\\/biota.nu\\\/es\\\/\"},{\"@type\":\"ListItem\",\"position\":2,\"name\":\"Formaci\u00f3n\\\/FAQ\"}]},{\"@type\":\"WebSite\",\"@id\":\"https:\\\/\\\/biota.nu\\\/es\\\/#website\",\"url\":\"https:\\\/\\\/biota.nu\\\/es\\\/\",\"name\":\"Biota Nutri\",\"description\":\"\",\"publisher\":{\"@id\":\"https:\\\/\\\/biota.nu\\\/es\\\/#organization\"},\"potentialAction\":[{\"@type\":\"SearchAction\",\"target\":{\"@type\":\"EntryPoint\",\"urlTemplate\":\"https:\\\/\\\/biota.nu\\\/es\\\/?s={search_term_string}\"},\"query-input\":{\"@type\":\"PropertyValueSpecification\",\"valueRequired\":true,\"valueName\":\"search_term_string\"}}],\"inLanguage\":\"es\"},{\"@type\":\"Organization\",\"@id\":\"https:\\\/\\\/biota.nu\\\/es\\\/#organization\",\"name\":\"Biota Nutri\",\"url\":\"https:\\\/\\\/biota.nu\\\/es\\\/\",\"logo\":{\"@type\":\"ImageObject\",\"inLanguage\":\"es\",\"@id\":\"https:\\\/\\\/biota.nu\\\/es\\\/#\\\/schema\\\/logo\\\/image\\\/\",\"url\":\"https:\\\/\\\/biota.nu\\\/wp-content\\\/uploads\\\/Biota-Nutri-R.png\",\"contentUrl\":\"https:\\\/\\\/biota.nu\\\/wp-content\\\/uploads\\\/Biota-Nutri-R.png\",\"width\":300,\"height\":220,\"caption\":\"Biota Nutri\"},\"image\":{\"@id\":\"https:\\\/\\\/biota.nu\\\/es\\\/#\\\/schema\\\/logo\\\/image\\\/\"}}]}<\/script>\n<!-- \/ Yoast SEO plugin. -->","yoast_head_json":{"title":"Formaci\u00f3n\/FAQ - Biota Nutri","robots":{"index":"index","follow":"follow","max-snippet":"max-snippet:-1","max-image-preview":"max-image-preview:large","max-video-preview":"max-video-preview:-1"},"canonical":"https:\/\/biota.nu\/es\/formacion-faq\/","og_locale":"es_ES","og_type":"article","og_title":"Formaci\u00f3n\/FAQ - Biota Nutri","og_description":"\u00bfTiene preguntas? Tenemos respuestas (bueno, \u00a1la mayor\u00eda de las veces!)Aqu\u00ed encontrar\u00e1 nuestras respuestas a las preguntas m\u00e1s frecuentes que pueda tener sobre los abonos Biota, [&hellip;]","og_url":"https:\/\/biota.nu\/es\/formacion-faq\/","og_site_name":"Biota Nutri","article_modified_time":"2024-12-20T12:55:50+00:00","og_image":[{"url":"https:\/\/biota.nu\/wp-content\/uploads\/Avocado-1-359x1024.png","type":"","width":"","height":""}],"twitter_card":"summary_large_image","twitter_misc":{"Tiempo de lectura":"4 minutos"},"schema":{"@context":"https:\/\/schema.org","@graph":[{"@type":"WebPage","@id":"https:\/\/biota.nu\/es\/formacion-faq\/","url":"https:\/\/biota.nu\/es\/formacion-faq\/","name":"Formaci\u00f3n\/FAQ - Biota Nutri","isPartOf":{"@id":"https:\/\/biota.nu\/es\/#website"},"primaryImageOfPage":{"@id":"https:\/\/biota.nu\/es\/formacion-faq\/#primaryimage"},"image":{"@id":"https:\/\/biota.nu\/es\/formacion-faq\/#primaryimage"},"thumbnailUrl":"https:\/\/biota.nu\/wp-content\/uploads\/Avocado-1-359x1024.png","datePublished":"2023-12-19T12:15:53+00:00","dateModified":"2024-12-20T12:55:50+00:00","breadcrumb":{"@id":"https:\/\/biota.nu\/es\/formacion-faq\/#breadcrumb"},"inLanguage":"es","potentialAction":[{"@type":"ReadAction","target":["https:\/\/biota.nu\/es\/formacion-faq\/"]}]},{"@type":"ImageObject","inLanguage":"es","@id":"https:\/\/biota.nu\/es\/formacion-faq\/#primaryimage","url":"https:\/\/biota.nu\/wp-content\/uploads\/Avocado-1-359x1024.png","contentUrl":"https:\/\/biota.nu\/wp-content\/uploads\/Avocado-1-359x1024.png"},{"@type":"BreadcrumbList","@id":"https:\/\/biota.nu\/es\/formacion-faq\/#breadcrumb","itemListElement":[{"@type":"ListItem","position":1,"name":"Home","item":"https:\/\/biota.nu\/es\/"},{"@type":"ListItem","position":2,"name":"Formaci\u00f3n\/FAQ"}]},{"@type":"WebSite","@id":"https:\/\/biota.nu\/es\/#website","url":"https:\/\/biota.nu\/es\/","name":"Biota Nutri","description":"","publisher":{"@id":"https:\/\/biota.nu\/es\/#organization"},"potentialAction":[{"@type":"SearchAction","target":{"@type":"EntryPoint","urlTemplate":"https:\/\/biota.nu\/es\/?s={search_term_string}"},"query-input":{"@type":"PropertyValueSpecification","valueRequired":true,"valueName":"search_term_string"}}],"inLanguage":"es"},{"@type":"Organization","@id":"https:\/\/biota.nu\/es\/#organization","name":"Biota Nutri","url":"https:\/\/biota.nu\/es\/","logo":{"@type":"ImageObject","inLanguage":"es","@id":"https:\/\/biota.nu\/es\/#\/schema\/logo\/image\/","url":"https:\/\/biota.nu\/wp-content\/uploads\/Biota-Nutri-R.png","contentUrl":"https:\/\/biota.nu\/wp-content\/uploads\/Biota-Nutri-R.png","width":300,"height":220,"caption":"Biota Nutri"},"image":{"@id":"https:\/\/biota.nu\/es\/#\/schema\/logo\/image\/"}}]}},"acf":[],"_links":{"self":[{"href":"https:\/\/biota.nu\/es\/wp-json\/wp\/v2\/pages\/9607","targetHints":{"allow":["GET"]}}],"collection":[{"href":"https:\/\/biota.nu\/es\/wp-json\/wp\/v2\/pages"}],"about":[{"href":"https:\/\/biota.nu\/es\/wp-json\/wp\/v2\/types\/page"}],"author":[{"embeddable":true,"href":"https:\/\/biota.nu\/es\/wp-json\/wp\/v2\/users\/1"}],"replies":[{"embeddable":true,"href":"https:\/\/biota.nu\/es\/wp-json\/wp\/v2\/comments?post=9607"}],"version-history":[{"count":1,"href":"https:\/\/biota.nu\/es\/wp-json\/wp\/v2\/pages\/9607\/revisions"}],"predecessor-version":[{"id":9612,"href":"https:\/\/biota.nu\/es\/wp-json\/wp\/v2\/pages\/9607\/revisions\/9612"}],"wp:attachment":[{"href":"https:\/\/biota.nu\/es\/wp-json\/wp\/v2\/media?parent=9607"}],"curies":[{"name":"wp","href":"https:\/\/api.w.org\/{rel}","templated":true}]}}