{"id":9646,"date":"2023-12-27T16:37:05","date_gmt":"2023-12-27T16:37:05","guid":{"rendered":"https:\/\/biota.nu\/nuestra-historia\/"},"modified":"2025-01-04T00:26:35","modified_gmt":"2025-01-04T00:26:35","slug":"nuestra-historia","status":"publish","type":"page","link":"https:\/\/biota.nu\/es\/nuestra-historia\/","title":{"rendered":"Nuestra historia"},"content":{"rendered":"\n<div class=\"banner alignfull wp-block-biota-nutri-banner\">\n    <img loading=\"lazy\" decoding=\"async\" src=\"https:\/\/biota.nu\/wp-content\/uploads\/Our-Story-25.png\" width=\"2000\" height=\"863\" alt=\"\" \/>\n\n    <div class=\"acf-innerblocks-container\">\n\n<h1 class=\"wp-block-heading has-text-align-center has-gargantuan-font-size\" style=\"font-style:normal;font-weight:900\">Nuestra historia<\/h1>\n\n<\/div>\n\n    <svg xmlns=\"http:\/\/www.w3.org\/2000\/svg\" viewBox=\"0 0 1000 100\" preserveAspectRatio=\"none\">\n        <path d=\"M790.5,93.1c-59.3-5.3-116.8-18-192.6-50c-29.6-12.7-76.9-31-100.5-35.9c-23.6-4.9-52.6-7.8-75.5-5.3\n\tc-10.2,1.1-22.6,1.4-50.1,7.4c-27.2,6.3-58.2,16.6-79.4,24.7c-41.3,15.9-94.9,21.9-134,22.6C72,58.2,0,25.8,0,25.8V100h1000V65.3\n\tc0,0-51.5,19.4-106.2,25.7C839.5,97,814.1,95.2,790.5,93.1z\"><\/path>\n    <\/svg>\n<\/div>\n\n<div style=\"--inline-transform-translate-x: px; --inline-transform-translate-y: px;\" class=\"decoration-image align wp-block-biota-nutri-decoration-image\">\n    <div class=\"acf-innerblocks-container\">\n\n<figure class=\"wp-block-image size-large is-resized\"><img loading=\"lazy\" decoding=\"async\" width=\"621\" height=\"1024\" src=\"https:\/\/biota.nu\/wp-content\/uploads\/Stawberry-2-621x1024.png\" alt=\"\" class=\"wp-image-9225\" style=\"width:208px;height:auto\" srcset=\"https:\/\/biota.nu\/wp-content\/uploads\/Stawberry-2-621x1024.png 621w, https:\/\/biota.nu\/wp-content\/uploads\/Stawberry-2-182x300.png 182w, https:\/\/biota.nu\/wp-content\/uploads\/Stawberry-2-768x1266.png 768w, https:\/\/biota.nu\/wp-content\/uploads\/Stawberry-2-600x989.png 600w, https:\/\/biota.nu\/wp-content\/uploads\/Stawberry-2.png 920w\" sizes=\"auto, (max-width: 621px) 100vw, 621px\" \/><\/figure>\n\n<\/div>\n<\/div>\n\n<div class=\"wp-block-columns are-vertically-aligned-center is-layout-flex wp-container-core-columns-is-layout-b92d8d0f wp-block-columns-is-layout-flex\" style=\"margin-bottom:6em\">\n<div class=\"wp-block-column is-vertically-aligned-center is-layout-flow wp-block-column-is-layout-flow\">\n<p>Biota Nutri desarrolla, produce y distribuye fertilizantes org\u00e1nicos para la agricultura y la horticultura. Llevamos a cabo constantemente actividades de investigaci\u00f3n y desarrollo en el campo de la recuperaci\u00f3n de nutrientes a partir de corrientes residuales (de origen vegetal). <\/p>\n\n\n\n<p>Queremos crear un mundo en el que el cultivo circular y ecol\u00f3gico sea accesible para todos.<\/p>\n<\/div>\n\n\n\n<div class=\"wp-block-column is-vertically-aligned-center is-layout-flow wp-block-column-is-layout-flow\"><div class=\"floating-content align wp-block-biota-nutri-floating-content\">\n    <div class=\"acf-innerblocks-container\">\n\n<p class=\"has-primary-color has-text-color has-link-color wp-elements-491e7913a728ae2867c9e96d49e39acd\" style=\"margin-top:0\"><strong>Nuestro enfoque:<\/strong><\/p>\n\n\n\n<ul class=\"wp-block-list\">\n<li>Convertir los flujos residuales en nuevos productos<\/li>\n\n\n\n<li>Aumentar el valor nutritivo<\/li>\n\n\n\n<li>Aumentar el rendimiento de los cultivos<\/li>\n<\/ul>\n\n<\/div>\n<\/div>\n<\/div>\n<\/div>\n\n<div style=\"--inline-background-color: #6ab023; --inline-text-color: #FFFFFF;  margin-bottom:6em;\" class=\"wave-container alignfull wp-block-biota-nutri-wave-container\">\n    <img decoding=\"async\" src=\"\" width=\"\" height=\"\" alt=\"\" \/>\n\n    <div class=\"top-wave\">\n        <svg xmlns=\"http:\/\/www.w3.org\/2000\/svg\" viewBox=\"0 0 1000 100\" preserveAspectRatio=\"none\">\n            <path d=\"M421.9,6.5c22.6-2.5,51.5,0.4,75.5,5.3c23.6,4.9,70.9,23.5,100.5,35.7c75.8,32.2,133.7,44.5,192.6,49.7\n\tc23.6,2.1,48.7,3.5,103.4-2.5c54.7-6,106.2-25.6,106.2-25.6V0H0v30.3c0,0,72,32.6,158.4,30.5c39.2-0.7,92.8-6.7,134-22.4\n\tc21.2-8.1,52.2-18.2,79.7-24.2C399.3,7.9,411.6,7.5,421.9,6.5z\"><\/path>\n        <\/svg>\n    <\/div>\n\n    <div class=\"container\">\n        <div class=\"acf-innerblocks-container\">\n\n<h2 class=\"wp-block-heading has-text-align-center\">La historia de Biota Nutri<\/h2>\n\n\n\n<div class=\"wp-block-columns is-layout-flex wp-container-core-columns-is-layout-28f84493 wp-block-columns-is-layout-flex\">\n<div class=\"wp-block-column is-layout-flow wp-block-column-is-layout-flow\" style=\"flex-basis:66.3%\">\n<p>Tras sus estudios, Peter Klein se incorpor\u00f3 al negocio familiar de su padre en 1996, cultivando rosas y tulipanes. Diez a\u00f1os m\u00e1s tarde, la familia vendi\u00f3 el vivero y Peter continu\u00f3 su carrera como gerente en el cultivo de pimientos y se convirti\u00f3 en jefe de producto de fertilizantes en un gran proveedor hort\u00edcola. <\/p>\n\n\n\n<p>Se despert\u00f3 su curiosidad por la composici\u00f3n de los abonos y observ\u00f3 que los fertilizantes convencionales eran perjudiciales para la tierra, ya que la mayor\u00eda se basan en productos qu\u00edmicos agresivos.<\/p>\n\n\n\n<p>Sab\u00eda que deb\u00eda haber una forma de conseguir una soluci\u00f3n m\u00e1s sostenible, as\u00ed que dedic\u00f3 su tiempo a probar formas de extraer nutrientes de flujos de residuos como los de las f\u00e1bricas de cerveza, las plantas de reciclaje y los procesadores de alimentos.<\/p>\n\n\n\n<p>Peter cre\u00f3 Biota Nutri para continuar el camino hacia la forma m\u00e1s sostenible de fabricar fertilizantes y proporcionar un futuro sostenible a los cultivadores.<\/p>\n<\/div>\n\n\n\n<div class=\"wp-block-column is-vertically-aligned-center is-layout-flow wp-block-column-is-layout-flow\" style=\"flex-basis:33.3%\">\n<div class=\"person aligncenter wp-block-biota-nutri-person\">\n    <div class=\"acf-innerblocks-container\">\n\n<figure class=\"wp-block-image aligncenter size-full is-style-default\"><img loading=\"lazy\" decoding=\"async\" width=\"497\" height=\"741\" src=\"https:\/\/biota.nu\/wp-content\/uploads\/Peter-25-Crop.jpg\" alt=\"\" class=\"wp-image-9863\" srcset=\"https:\/\/biota.nu\/wp-content\/uploads\/Peter-25-Crop.jpg 497w, https:\/\/biota.nu\/wp-content\/uploads\/Peter-25-Crop-201x300.jpg 201w\" sizes=\"auto, (max-width: 497px) 100vw, 497px\" \/><\/figure>\n\n\n<div class=\"floating-content align wp-block-biota-nutri-floating-content\">\n    <div class=\"acf-innerblocks-container\">\n\n<p class=\"has-text-align-center\">Peter Klein<\/p>\n\n\n\n<p class=\"has-text-align-center\">Fundador y Director T\u00e9cnico<\/p>\n\n<\/div>\n<\/div>\n\n<\/div>\n<\/div>\n<\/div>\n<\/div>\n\n<\/div>\n    <\/div>\n\n    <div class=\"bottom-wave\">\n        <svg xmlns=\"http:\/\/www.w3.org\/2000\/svg\" viewBox=\"0 0 1000 100\" preserveAspectRatio=\"none\">\n            <path d=\"M421.9,6.5c22.6-2.5,51.5,0.4,75.5,5.3c23.6,4.9,70.9,23.5,100.5,35.7c75.8,32.2,133.7,44.5,192.6,49.7\n\tc23.6,2.1,48.7,3.5,103.4-2.5c54.7-6,106.2-25.6,106.2-25.6V0H0v30.3c0,0,72,32.6,158.4,30.5c39.2-0.7,92.8-6.7,134-22.4\n\tc21.2-8.1,52.2-18.2,79.7-24.2C399.3,7.9,411.6,7.5,421.9,6.5z\"><\/path>\n        <\/svg>\n    <\/div>\n<\/div>\n\n<div style=\"--inline-transform-translate-x: px; --inline-transform-translate-y: px;\" class=\"decoration-image align wp-block-biota-nutri-decoration-image\">\n    <div class=\"acf-innerblocks-container\">\n\n<figure class=\"wp-block-image size-large is-resized\"><img loading=\"lazy\" decoding=\"async\" width=\"522\" height=\"1024\" src=\"https:\/\/biota.nu\/wp-content\/uploads\/Apple-2-522x1024.png\" alt=\"\" class=\"wp-image-9231\" style=\"width:229px;height:auto\" srcset=\"https:\/\/biota.nu\/wp-content\/uploads\/Apple-2-522x1024.png 522w, https:\/\/biota.nu\/wp-content\/uploads\/Apple-2-153x300.png 153w, https:\/\/biota.nu\/wp-content\/uploads\/Apple-2-768x1507.png 768w, https:\/\/biota.nu\/wp-content\/uploads\/Apple-2-783x1536.png 783w, https:\/\/biota.nu\/wp-content\/uploads\/Apple-2-1044x2048.png 1044w, https:\/\/biota.nu\/wp-content\/uploads\/Apple-2-600x1177.png 600w, https:\/\/biota.nu\/wp-content\/uploads\/Apple-2.png 1267w\" sizes=\"auto, (max-width: 522px) 100vw, 522px\" \/><\/figure>\n\n<\/div>\n<\/div>\n\n<div class=\"wp-block-group is-layout-constrained wp-block-group-is-layout-constrained\" style=\"margin-bottom:6em\">\n<div class=\"wp-block-group is-content-justification-center is-layout-constrained wp-block-group-is-layout-constrained\">\n<h2 class=\"wp-block-heading has-text-align-left\" style=\"margin-bottom:0\">Investigaci\u00f3n y desarrollo<\/h2>\n\n\n\n<p class=\"has-text-align-left has-secondary-color has-text-color has-link-color has-large-font-size wp-elements-d0baa9138b7965f7028a9487f9434a8c\" style=\"margin-top:0.5em;margin-bottom:0.5em\">Investigaci\u00f3n y desarrollo de Biota Nutri<\/p>\n<\/div>\n\n\n\n<p>Biota Nutri cuenta con un departamento de Investigaci\u00f3n y Desarrollo (I+D). El departamento de I+D se encarga de desarrollar y optimizar nuevos procesos para la recuperaci\u00f3n y separaci\u00f3n de nutrientes. Los procesos desarrollados son respetuosos con el medio ambiente porque tienen una huella de CO2 muy baja. Realizamos controles de calidad de nuestros productos en nuestro propio laboratorio.   <\/p>\n<\/div>\n\n<h3 class=\"wp-block-heading has-text-align-center\" style=\"margin-bottom:2em\">Las propiedades \u00fanicas de los productos Biota Nutri<\/h3>\n\n<figure class=\"wp-block-image aligncenter size-large is-resized is-style-default\"><img loading=\"lazy\" decoding=\"async\" width=\"1024\" height=\"405\" src=\"https:\/\/biota.nu\/wp-content\/uploads\/Advantages-1024x405.png\" alt=\"\" class=\"wp-image-8948\" style=\"width:1190px;height:auto\" srcset=\"https:\/\/biota.nu\/wp-content\/uploads\/Advantages-1024x405.png 1024w, https:\/\/biota.nu\/wp-content\/uploads\/Advantages-300x119.png 300w, https:\/\/biota.nu\/wp-content\/uploads\/Advantages-768x303.png 768w, https:\/\/biota.nu\/wp-content\/uploads\/Advantages-600x237.png 600w, https:\/\/biota.nu\/wp-content\/uploads\/Advantages.png 1463w\" sizes=\"auto, (max-width: 1024px) 100vw, 1024px\" \/><\/figure>\n","protected":false},"excerpt":{"rendered":"<p>Biota Nutri desarrolla, produce y distribuye fertilizantes org\u00e1nicos para la agricultura y la horticultura. Llevamos a cabo constantemente actividades de investigaci\u00f3n y desarrollo en el [&hellip;]<\/p>\n","protected":false},"author":1,"featured_media":0,"parent":0,"menu_order":0,"comment_status":"closed","ping_status":"closed","template":"","meta":{"footnotes":""},"class_list":["post-9646","page","type-page","status-publish","hentry"],"yoast_head":"<!-- This site is optimized with the Yoast SEO plugin v27.4 - https:\/\/yoast.com\/product\/yoast-seo-wordpress\/ -->\n<title>Nuestra historia - Biota Nutri<\/title>\n<meta name=\"robots\" content=\"index, follow, max-snippet:-1, max-image-preview:large, max-video-preview:-1\" \/>\n<link rel=\"canonical\" href=\"https:\/\/biota.nu\/es\/nuestra-historia\/\" \/>\n<meta property=\"og:locale\" content=\"es_ES\" \/>\n<meta property=\"og:type\" content=\"article\" \/>\n<meta property=\"og:title\" content=\"Nuestra historia - Biota Nutri\" \/>\n<meta property=\"og:description\" content=\"Biota Nutri desarrolla, produce y distribuye fertilizantes org\u00e1nicos para la agricultura y la horticultura. Llevamos a cabo constantemente actividades de investigaci\u00f3n y desarrollo en el [&hellip;]\" \/>\n<meta property=\"og:url\" content=\"https:\/\/biota.nu\/es\/nuestra-historia\/\" \/>\n<meta property=\"og:site_name\" content=\"Biota Nutri\" \/>\n<meta property=\"article:modified_time\" content=\"2025-01-04T00:26:35+00:00\" \/>\n<meta property=\"og:image\" content=\"https:\/\/biota.nu\/wp-content\/uploads\/Stawberry-2-621x1024.png\" \/>\n<meta name=\"twitter:card\" content=\"summary_large_image\" \/>\n<meta name=\"twitter:label1\" content=\"Tiempo de lectura\" \/>\n\t<meta name=\"twitter:data1\" content=\"2 minutos\" \/>\n<script type=\"application\/ld+json\" class=\"yoast-schema-graph\">{\"@context\":\"https:\\\/\\\/schema.org\",\"@graph\":[{\"@type\":\"WebPage\",\"@id\":\"https:\\\/\\\/biota.nu\\\/es\\\/nuestra-historia\\\/\",\"url\":\"https:\\\/\\\/biota.nu\\\/es\\\/nuestra-historia\\\/\",\"name\":\"Nuestra historia - Biota Nutri\",\"isPartOf\":{\"@id\":\"https:\\\/\\\/biota.nu\\\/es\\\/#website\"},\"primaryImageOfPage\":{\"@id\":\"https:\\\/\\\/biota.nu\\\/es\\\/nuestra-historia\\\/#primaryimage\"},\"image\":{\"@id\":\"https:\\\/\\\/biota.nu\\\/es\\\/nuestra-historia\\\/#primaryimage\"},\"thumbnailUrl\":\"https:\\\/\\\/biota.nu\\\/wp-content\\\/uploads\\\/Stawberry-2-621x1024.png\",\"datePublished\":\"2023-12-27T16:37:05+00:00\",\"dateModified\":\"2025-01-04T00:26:35+00:00\",\"breadcrumb\":{\"@id\":\"https:\\\/\\\/biota.nu\\\/es\\\/nuestra-historia\\\/#breadcrumb\"},\"inLanguage\":\"es\",\"potentialAction\":[{\"@type\":\"ReadAction\",\"target\":[\"https:\\\/\\\/biota.nu\\\/es\\\/nuestra-historia\\\/\"]}]},{\"@type\":\"ImageObject\",\"inLanguage\":\"es\",\"@id\":\"https:\\\/\\\/biota.nu\\\/es\\\/nuestra-historia\\\/#primaryimage\",\"url\":\"https:\\\/\\\/biota.nu\\\/wp-content\\\/uploads\\\/Stawberry-2-621x1024.png\",\"contentUrl\":\"https:\\\/\\\/biota.nu\\\/wp-content\\\/uploads\\\/Stawberry-2-621x1024.png\"},{\"@type\":\"BreadcrumbList\",\"@id\":\"https:\\\/\\\/biota.nu\\\/es\\\/nuestra-historia\\\/#breadcrumb\",\"itemListElement\":[{\"@type\":\"ListItem\",\"position\":1,\"name\":\"Home\",\"item\":\"https:\\\/\\\/biota.nu\\\/es\\\/\"},{\"@type\":\"ListItem\",\"position\":2,\"name\":\"Nuestra historia\"}]},{\"@type\":\"WebSite\",\"@id\":\"https:\\\/\\\/biota.nu\\\/es\\\/#website\",\"url\":\"https:\\\/\\\/biota.nu\\\/es\\\/\",\"name\":\"Biota Nutri\",\"description\":\"\",\"publisher\":{\"@id\":\"https:\\\/\\\/biota.nu\\\/es\\\/#organization\"},\"potentialAction\":[{\"@type\":\"SearchAction\",\"target\":{\"@type\":\"EntryPoint\",\"urlTemplate\":\"https:\\\/\\\/biota.nu\\\/es\\\/?s={search_term_string}\"},\"query-input\":{\"@type\":\"PropertyValueSpecification\",\"valueRequired\":true,\"valueName\":\"search_term_string\"}}],\"inLanguage\":\"es\"},{\"@type\":\"Organization\",\"@id\":\"https:\\\/\\\/biota.nu\\\/es\\\/#organization\",\"name\":\"Biota Nutri\",\"url\":\"https:\\\/\\\/biota.nu\\\/es\\\/\",\"logo\":{\"@type\":\"ImageObject\",\"inLanguage\":\"es\",\"@id\":\"https:\\\/\\\/biota.nu\\\/es\\\/#\\\/schema\\\/logo\\\/image\\\/\",\"url\":\"https:\\\/\\\/biota.nu\\\/wp-content\\\/uploads\\\/Biota-Nutri-R.png\",\"contentUrl\":\"https:\\\/\\\/biota.nu\\\/wp-content\\\/uploads\\\/Biota-Nutri-R.png\",\"width\":300,\"height\":220,\"caption\":\"Biota Nutri\"},\"image\":{\"@id\":\"https:\\\/\\\/biota.nu\\\/es\\\/#\\\/schema\\\/logo\\\/image\\\/\"}}]}<\/script>\n<!-- \/ Yoast SEO plugin. -->","yoast_head_json":{"title":"Nuestra historia - Biota Nutri","robots":{"index":"index","follow":"follow","max-snippet":"max-snippet:-1","max-image-preview":"max-image-preview:large","max-video-preview":"max-video-preview:-1"},"canonical":"https:\/\/biota.nu\/es\/nuestra-historia\/","og_locale":"es_ES","og_type":"article","og_title":"Nuestra historia - Biota Nutri","og_description":"Biota Nutri desarrolla, produce y distribuye fertilizantes org\u00e1nicos para la agricultura y la horticultura. Llevamos a cabo constantemente actividades de investigaci\u00f3n y desarrollo en el [&hellip;]","og_url":"https:\/\/biota.nu\/es\/nuestra-historia\/","og_site_name":"Biota Nutri","article_modified_time":"2025-01-04T00:26:35+00:00","og_image":[{"url":"https:\/\/biota.nu\/wp-content\/uploads\/Stawberry-2-621x1024.png","type":"","width":"","height":""}],"twitter_card":"summary_large_image","twitter_misc":{"Tiempo de lectura":"2 minutos"},"schema":{"@context":"https:\/\/schema.org","@graph":[{"@type":"WebPage","@id":"https:\/\/biota.nu\/es\/nuestra-historia\/","url":"https:\/\/biota.nu\/es\/nuestra-historia\/","name":"Nuestra historia - Biota Nutri","isPartOf":{"@id":"https:\/\/biota.nu\/es\/#website"},"primaryImageOfPage":{"@id":"https:\/\/biota.nu\/es\/nuestra-historia\/#primaryimage"},"image":{"@id":"https:\/\/biota.nu\/es\/nuestra-historia\/#primaryimage"},"thumbnailUrl":"https:\/\/biota.nu\/wp-content\/uploads\/Stawberry-2-621x1024.png","datePublished":"2023-12-27T16:37:05+00:00","dateModified":"2025-01-04T00:26:35+00:00","breadcrumb":{"@id":"https:\/\/biota.nu\/es\/nuestra-historia\/#breadcrumb"},"inLanguage":"es","potentialAction":[{"@type":"ReadAction","target":["https:\/\/biota.nu\/es\/nuestra-historia\/"]}]},{"@type":"ImageObject","inLanguage":"es","@id":"https:\/\/biota.nu\/es\/nuestra-historia\/#primaryimage","url":"https:\/\/biota.nu\/wp-content\/uploads\/Stawberry-2-621x1024.png","contentUrl":"https:\/\/biota.nu\/wp-content\/uploads\/Stawberry-2-621x1024.png"},{"@type":"BreadcrumbList","@id":"https:\/\/biota.nu\/es\/nuestra-historia\/#breadcrumb","itemListElement":[{"@type":"ListItem","position":1,"name":"Home","item":"https:\/\/biota.nu\/es\/"},{"@type":"ListItem","position":2,"name":"Nuestra historia"}]},{"@type":"WebSite","@id":"https:\/\/biota.nu\/es\/#website","url":"https:\/\/biota.nu\/es\/","name":"Biota Nutri","description":"","publisher":{"@id":"https:\/\/biota.nu\/es\/#organization"},"potentialAction":[{"@type":"SearchAction","target":{"@type":"EntryPoint","urlTemplate":"https:\/\/biota.nu\/es\/?s={search_term_string}"},"query-input":{"@type":"PropertyValueSpecification","valueRequired":true,"valueName":"search_term_string"}}],"inLanguage":"es"},{"@type":"Organization","@id":"https:\/\/biota.nu\/es\/#organization","name":"Biota Nutri","url":"https:\/\/biota.nu\/es\/","logo":{"@type":"ImageObject","inLanguage":"es","@id":"https:\/\/biota.nu\/es\/#\/schema\/logo\/image\/","url":"https:\/\/biota.nu\/wp-content\/uploads\/Biota-Nutri-R.png","contentUrl":"https:\/\/biota.nu\/wp-content\/uploads\/Biota-Nutri-R.png","width":300,"height":220,"caption":"Biota Nutri"},"image":{"@id":"https:\/\/biota.nu\/es\/#\/schema\/logo\/image\/"}}]}},"acf":[],"_links":{"self":[{"href":"https:\/\/biota.nu\/es\/wp-json\/wp\/v2\/pages\/9646","targetHints":{"allow":["GET"]}}],"collection":[{"href":"https:\/\/biota.nu\/es\/wp-json\/wp\/v2\/pages"}],"about":[{"href":"https:\/\/biota.nu\/es\/wp-json\/wp\/v2\/types\/page"}],"author":[{"embeddable":true,"href":"https:\/\/biota.nu\/es\/wp-json\/wp\/v2\/users\/1"}],"replies":[{"embeddable":true,"href":"https:\/\/biota.nu\/es\/wp-json\/wp\/v2\/comments?post=9646"}],"version-history":[{"count":3,"href":"https:\/\/biota.nu\/es\/wp-json\/wp\/v2\/pages\/9646\/revisions"}],"predecessor-version":[{"id":9869,"href":"https:\/\/biota.nu\/es\/wp-json\/wp\/v2\/pages\/9646\/revisions\/9869"}],"wp:attachment":[{"href":"https:\/\/biota.nu\/es\/wp-json\/wp\/v2\/media?parent=9646"}],"curies":[{"name":"wp","href":"https:\/\/api.w.org\/{rel}","templated":true}]}}