{"id":9665,"date":"2023-12-27T16:33:23","date_gmt":"2023-12-27T16:33:23","guid":{"rendered":"https:\/\/biota.nu\/noticias\/"},"modified":"2025-03-19T11:09:52","modified_gmt":"2025-03-19T11:09:52","slug":"noticias","status":"publish","type":"page","link":"https:\/\/biota.nu\/es\/noticias\/","title":{"rendered":"Noticias"},"content":{"rendered":"\n<div class=\"banner alignfull wp-block-biota-nutri-banner\">\n    <img loading=\"lazy\" decoding=\"async\" src=\"https:\/\/biota.nu\/wp-content\/uploads\/News-1-scaled.jpg\" width=\"2560\" height=\"907\" alt=\"\" \/>\n\n    <div class=\"acf-innerblocks-container\">\n\n<h1 class=\"wp-block-heading has-text-align-center has-gargantuan-font-size\" style=\"font-style:normal;font-weight:900\">Noticias y eventos<\/h1>\n\n<\/div>\n\n    <svg xmlns=\"http:\/\/www.w3.org\/2000\/svg\" viewBox=\"0 0 1000 100\" preserveAspectRatio=\"none\">\n        <path d=\"M790.5,93.1c-59.3-5.3-116.8-18-192.6-50c-29.6-12.7-76.9-31-100.5-35.9c-23.6-4.9-52.6-7.8-75.5-5.3\n\tc-10.2,1.1-22.6,1.4-50.1,7.4c-27.2,6.3-58.2,16.6-79.4,24.7c-41.3,15.9-94.9,21.9-134,22.6C72,58.2,0,25.8,0,25.8V100h1000V65.3\n\tc0,0-51.5,19.4-106.2,25.7C839.5,97,814.1,95.2,790.5,93.1z\"><\/path>\n    <\/svg>\n<\/div>\n\n<div style=\"--inline-transform-translate-x: -10px; --inline-transform-translate-y: 0px;\" class=\"decoration-image position-left align wp-block-biota-nutri-decoration-image\">\n    <div class=\"acf-innerblocks-container\"><\/div>\n<\/div>\n\n<p><strong>16 de enero de 2025 &#8211; Andermatt UK se asocia con Biota Nutri para distribuir soluciones de fertilizantes org\u00e1nicos sostenibles<\/strong>.  <\/p>\n\n<p>Andermatt UK y Biota Nutri se complacen en anunciar una colaboraci\u00f3n para el mercado brit\u00e1nico. Gracias a esta relaci\u00f3n, Andermatt se convertir\u00e1 en el socio exclusivo de la novedosa gama de fertilizantes l\u00edquidos de origen vegetal de Biota Nutri para los mercados minoristas de horticultura y Hogar y Jard\u00edn del Reino Unido. La gesti\u00f3n de la nutrici\u00f3n es uno de los factores m\u00e1s importantes para cultivar plantas sanas y optimizar el rendimiento. Sin embargo, los fertilizantes son uno de los factores que m\u00e1s contribuyen a la huella de carbono de la producci\u00f3n de alimentos. Biota Nutri ha desarrollado una gama completa de fertilizantes l\u00edquidos basados en materias primas vegetales y en la recuperaci\u00f3n y separaci\u00f3n de nutrientes de los flujos de residuos vegetales. Esto permite extraer nutrientes espec\u00edficos del material de desecho vegetal y luego recombinarlos en proporciones altamente controlables y personalizables.       <\/p>\n\n<p>\u00abEstamos encantados de asociarnos con Biota Nutri para desarrollar sus productos en el mercado brit\u00e1nico\u00bb, declar\u00f3 el Dr. Andrew Brown, Director General de Andermatt UK. \u00abLa gama Vertilizer ofrece a todos los agricultores fertilizantes con menor huella de carbono para que puedan seguir produciendo productos de alta calidad, al tiempo que apoyan sus objetivos de sostenibilidad. Para el mercado del hogar y el jard\u00edn, GroPure ofrece a los jardineros una opci\u00f3n de abono l\u00edquido org\u00e1nico m\u00e1s sostenible con la rapidez y la potencia de los abonos qu\u00edmicos tradicionales.\u00bb   <\/p>\n\n<p>Peter Klein, director t\u00e9cnico y fundador de Biota Nutri, declar\u00f3: \u00abEstamos encantados de asociarnos con Andermatt UK, una empresa que comparte nuestro compromiso con la alta calidad y la sostenibilidad. Nuestros productos ofrecen una alternativa respetuosa con el medio ambiente a los fertilizantes qu\u00edmicos tradicionales que ahora estar\u00e1 al alcance de los agricultores de todo el Reino Unido, permiti\u00e9ndoles mejorar la calidad de sus cosechas al tiempo que se alinean con sus objetivos de sostenibilidad.\u00bb  <\/p>\n\n<p>No dude en <a href=\"https:\/\/biota.nu\/es\/pongase-en-contacto-con\/\">ponerse en contacto con<\/a> nosotros o con Andermatt UK si tiene preguntas o est\u00e1 interesado.<\/p>\n\n<p><\/p>\n","protected":false},"excerpt":{"rendered":"<p>16 de enero de 2025 &#8211; Andermatt UK se asocia con Biota Nutri para distribuir soluciones de fertilizantes org\u00e1nicos sostenibles. Andermatt UK y Biota Nutri [&hellip;]<\/p>\n","protected":false},"author":1,"featured_media":0,"parent":0,"menu_order":0,"comment_status":"closed","ping_status":"closed","template":"","meta":{"footnotes":""},"class_list":["post-9665","page","type-page","status-publish","hentry"],"yoast_head":"<!-- This site is optimized with the Yoast SEO plugin v27.5 - https:\/\/yoast.com\/product\/yoast-seo-wordpress\/ -->\n<title>Noticias - Biota Nutri<\/title>\n<meta name=\"robots\" content=\"index, follow, max-snippet:-1, max-image-preview:large, max-video-preview:-1\" \/>\n<link rel=\"canonical\" href=\"https:\/\/biota.nu\/es\/noticias\/\" \/>\n<meta property=\"og:locale\" content=\"es_ES\" \/>\n<meta property=\"og:type\" content=\"article\" \/>\n<meta property=\"og:title\" content=\"Noticias - Biota Nutri\" \/>\n<meta property=\"og:description\" content=\"16 de enero de 2025 &#8211; Andermatt UK se asocia con Biota Nutri para distribuir soluciones de fertilizantes org\u00e1nicos sostenibles. Andermatt UK y Biota Nutri [&hellip;]\" \/>\n<meta property=\"og:url\" content=\"https:\/\/biota.nu\/es\/noticias\/\" \/>\n<meta property=\"og:site_name\" content=\"Biota Nutri\" \/>\n<meta property=\"article:modified_time\" content=\"2025-03-19T11:09:52+00:00\" \/>\n<meta name=\"twitter:card\" content=\"summary_large_image\" \/>\n<meta name=\"twitter:label1\" content=\"Tiempo de lectura\" \/>\n\t<meta name=\"twitter:data1\" content=\"2 minutos\" \/>\n<script type=\"application\/ld+json\" class=\"yoast-schema-graph\">{\"@context\":\"https:\\\/\\\/schema.org\",\"@graph\":[{\"@type\":\"WebPage\",\"@id\":\"https:\\\/\\\/biota.nu\\\/es\\\/noticias\\\/\",\"url\":\"https:\\\/\\\/biota.nu\\\/es\\\/noticias\\\/\",\"name\":\"Noticias - Biota Nutri\",\"isPartOf\":{\"@id\":\"https:\\\/\\\/biota.nu\\\/es\\\/#website\"},\"datePublished\":\"2023-12-27T16:33:23+00:00\",\"dateModified\":\"2025-03-19T11:09:52+00:00\",\"breadcrumb\":{\"@id\":\"https:\\\/\\\/biota.nu\\\/es\\\/noticias\\\/#breadcrumb\"},\"inLanguage\":\"es\",\"potentialAction\":[{\"@type\":\"ReadAction\",\"target\":[\"https:\\\/\\\/biota.nu\\\/es\\\/noticias\\\/\"]}]},{\"@type\":\"BreadcrumbList\",\"@id\":\"https:\\\/\\\/biota.nu\\\/es\\\/noticias\\\/#breadcrumb\",\"itemListElement\":[{\"@type\":\"ListItem\",\"position\":1,\"name\":\"Home\",\"item\":\"https:\\\/\\\/biota.nu\\\/es\\\/\"},{\"@type\":\"ListItem\",\"position\":2,\"name\":\"Noticias\"}]},{\"@type\":\"WebSite\",\"@id\":\"https:\\\/\\\/biota.nu\\\/es\\\/#website\",\"url\":\"https:\\\/\\\/biota.nu\\\/es\\\/\",\"name\":\"Biota Nutri\",\"description\":\"\",\"publisher\":{\"@id\":\"https:\\\/\\\/biota.nu\\\/es\\\/#organization\"},\"potentialAction\":[{\"@type\":\"SearchAction\",\"target\":{\"@type\":\"EntryPoint\",\"urlTemplate\":\"https:\\\/\\\/biota.nu\\\/es\\\/?s={search_term_string}\"},\"query-input\":{\"@type\":\"PropertyValueSpecification\",\"valueRequired\":true,\"valueName\":\"search_term_string\"}}],\"inLanguage\":\"es\"},{\"@type\":\"Organization\",\"@id\":\"https:\\\/\\\/biota.nu\\\/es\\\/#organization\",\"name\":\"Biota Nutri\",\"url\":\"https:\\\/\\\/biota.nu\\\/es\\\/\",\"logo\":{\"@type\":\"ImageObject\",\"inLanguage\":\"es\",\"@id\":\"https:\\\/\\\/biota.nu\\\/es\\\/#\\\/schema\\\/logo\\\/image\\\/\",\"url\":\"https:\\\/\\\/biota.nu\\\/wp-content\\\/uploads\\\/Biota-Nutri-R.png\",\"contentUrl\":\"https:\\\/\\\/biota.nu\\\/wp-content\\\/uploads\\\/Biota-Nutri-R.png\",\"width\":300,\"height\":220,\"caption\":\"Biota Nutri\"},\"image\":{\"@id\":\"https:\\\/\\\/biota.nu\\\/es\\\/#\\\/schema\\\/logo\\\/image\\\/\"}}]}<\/script>\n<!-- \/ Yoast SEO plugin. -->","yoast_head_json":{"title":"Noticias - Biota Nutri","robots":{"index":"index","follow":"follow","max-snippet":"max-snippet:-1","max-image-preview":"max-image-preview:large","max-video-preview":"max-video-preview:-1"},"canonical":"https:\/\/biota.nu\/es\/noticias\/","og_locale":"es_ES","og_type":"article","og_title":"Noticias - Biota Nutri","og_description":"16 de enero de 2025 &#8211; Andermatt UK se asocia con Biota Nutri para distribuir soluciones de fertilizantes org\u00e1nicos sostenibles. Andermatt UK y Biota Nutri [&hellip;]","og_url":"https:\/\/biota.nu\/es\/noticias\/","og_site_name":"Biota Nutri","article_modified_time":"2025-03-19T11:09:52+00:00","twitter_card":"summary_large_image","twitter_misc":{"Tiempo de lectura":"2 minutos"},"schema":{"@context":"https:\/\/schema.org","@graph":[{"@type":"WebPage","@id":"https:\/\/biota.nu\/es\/noticias\/","url":"https:\/\/biota.nu\/es\/noticias\/","name":"Noticias - Biota Nutri","isPartOf":{"@id":"https:\/\/biota.nu\/es\/#website"},"datePublished":"2023-12-27T16:33:23+00:00","dateModified":"2025-03-19T11:09:52+00:00","breadcrumb":{"@id":"https:\/\/biota.nu\/es\/noticias\/#breadcrumb"},"inLanguage":"es","potentialAction":[{"@type":"ReadAction","target":["https:\/\/biota.nu\/es\/noticias\/"]}]},{"@type":"BreadcrumbList","@id":"https:\/\/biota.nu\/es\/noticias\/#breadcrumb","itemListElement":[{"@type":"ListItem","position":1,"name":"Home","item":"https:\/\/biota.nu\/es\/"},{"@type":"ListItem","position":2,"name":"Noticias"}]},{"@type":"WebSite","@id":"https:\/\/biota.nu\/es\/#website","url":"https:\/\/biota.nu\/es\/","name":"Biota Nutri","description":"","publisher":{"@id":"https:\/\/biota.nu\/es\/#organization"},"potentialAction":[{"@type":"SearchAction","target":{"@type":"EntryPoint","urlTemplate":"https:\/\/biota.nu\/es\/?s={search_term_string}"},"query-input":{"@type":"PropertyValueSpecification","valueRequired":true,"valueName":"search_term_string"}}],"inLanguage":"es"},{"@type":"Organization","@id":"https:\/\/biota.nu\/es\/#organization","name":"Biota Nutri","url":"https:\/\/biota.nu\/es\/","logo":{"@type":"ImageObject","inLanguage":"es","@id":"https:\/\/biota.nu\/es\/#\/schema\/logo\/image\/","url":"https:\/\/biota.nu\/wp-content\/uploads\/Biota-Nutri-R.png","contentUrl":"https:\/\/biota.nu\/wp-content\/uploads\/Biota-Nutri-R.png","width":300,"height":220,"caption":"Biota Nutri"},"image":{"@id":"https:\/\/biota.nu\/es\/#\/schema\/logo\/image\/"}}]}},"acf":[],"_links":{"self":[{"href":"https:\/\/biota.nu\/es\/wp-json\/wp\/v2\/pages\/9665","targetHints":{"allow":["GET"]}}],"collection":[{"href":"https:\/\/biota.nu\/es\/wp-json\/wp\/v2\/pages"}],"about":[{"href":"https:\/\/biota.nu\/es\/wp-json\/wp\/v2\/types\/page"}],"author":[{"embeddable":true,"href":"https:\/\/biota.nu\/es\/wp-json\/wp\/v2\/users\/1"}],"replies":[{"embeddable":true,"href":"https:\/\/biota.nu\/es\/wp-json\/wp\/v2\/comments?post=9665"}],"version-history":[{"count":2,"href":"https:\/\/biota.nu\/es\/wp-json\/wp\/v2\/pages\/9665\/revisions"}],"predecessor-version":[{"id":10633,"href":"https:\/\/biota.nu\/es\/wp-json\/wp\/v2\/pages\/9665\/revisions\/10633"}],"wp:attachment":[{"href":"https:\/\/biota.nu\/es\/wp-json\/wp\/v2\/media?parent=9665"}],"curies":[{"name":"wp","href":"https:\/\/api.w.org\/{rel}","templated":true}]}}