{"id":9688,"date":"2024-03-12T09:39:41","date_gmt":"2024-03-12T09:39:41","guid":{"rendered":"https:\/\/biota.nu\/biota-nutri-calculator-bronce\/"},"modified":"2024-12-20T12:58:00","modified_gmt":"2024-12-20T12:58:00","slug":"biota-nutri-calculator-bronce","status":"publish","type":"page","link":"https:\/\/biota.nu\/es\/biota-nutri-calculator-bronce\/","title":{"rendered":"Biota Nutri Calculator Bronce"},"content":{"rendered":"\n<h1 class=\"wp-block-heading\">Biota Nutri Calculator Bronce<\/h1>\n\n<p>Con la suscripci\u00f3n Biota Nutri Calculator Bronce podr\u00e1 calcular recetas de abono a medida con:<\/p>\n\n<ul class=\"wp-block-list\">\n<li>Fertilizantes Biota Nutri<\/li>\n<\/ul>\n\n<p>Comience aqu\u00ed la transici\u00f3n para cultivar de forma sostenible.<\/p>\n\n<p>Cree una cuenta y acceda directamente a la Biota Nutri Calculator Bronce.<\/p>\n\n<div class=\"wp-block-group is-layout-constrained wp-block-group-is-layout-constrained\">\n<iframe loading=\"lazy\" src=\"https:\/\/creatorapp.zohopublic.eu\/zoho_rick22\/tax-integrated-checkout\/form-embed\/Free_user_data_input_form\/mGe6f2nfAVj19rWjGa05G6z3VbAREmh1jfQTGwpfYeh2VrUwgHp2ThBQF5thH0xxMD4mOqNMOBQX3WGHS8Ja0j6AyWeKhgmsFy8s\" width=\"100%\" height=\"600px\" frameborder=\"0\" scrolling=\"auto\"><\/iframe>\n<\/div>\n","protected":false},"excerpt":{"rendered":"<p>Biota Nutri Calculator Bronce Con la suscripci\u00f3n Biota Nutri Calculator Bronce podr\u00e1 calcular recetas de abono a medida con: Comience aqu\u00ed la transici\u00f3n para cultivar [&hellip;]<\/p>\n","protected":false},"author":1,"featured_media":0,"parent":0,"menu_order":0,"comment_status":"closed","ping_status":"closed","template":"","meta":{"footnotes":""},"class_list":["post-9688","page","type-page","status-publish","hentry"],"yoast_head":"<!-- This site is optimized with the Yoast SEO plugin v27.3 - https:\/\/yoast.com\/product\/yoast-seo-wordpress\/ -->\n<title>Biota Nutri Calculator Bronce - Biota Nutri<\/title>\n<meta name=\"robots\" content=\"index, follow, max-snippet:-1, max-image-preview:large, max-video-preview:-1\" \/>\n<link rel=\"canonical\" href=\"https:\/\/biota.nu\/es\/biota-nutri-calculator-bronce\/\" \/>\n<meta property=\"og:locale\" content=\"es_ES\" \/>\n<meta property=\"og:type\" content=\"article\" \/>\n<meta property=\"og:title\" content=\"Biota Nutri Calculator Bronce - Biota Nutri\" \/>\n<meta property=\"og:description\" content=\"Biota Nutri Calculator Bronce Con la suscripci\u00f3n Biota Nutri Calculator Bronce podr\u00e1 calcular recetas de abono a medida con: Comience aqu\u00ed la transici\u00f3n para cultivar [&hellip;]\" \/>\n<meta property=\"og:url\" content=\"https:\/\/biota.nu\/es\/biota-nutri-calculator-bronce\/\" \/>\n<meta property=\"og:site_name\" content=\"Biota Nutri\" \/>\n<meta property=\"article:modified_time\" content=\"2024-12-20T12:58:00+00:00\" \/>\n<meta name=\"twitter:card\" content=\"summary_large_image\" \/>\n<script type=\"application\/ld+json\" class=\"yoast-schema-graph\">{\"@context\":\"https:\\\/\\\/schema.org\",\"@graph\":[{\"@type\":\"WebPage\",\"@id\":\"https:\\\/\\\/biota.nu\\\/es\\\/biota-nutri-calculator-bronce\\\/\",\"url\":\"https:\\\/\\\/biota.nu\\\/es\\\/biota-nutri-calculator-bronce\\\/\",\"name\":\"Biota Nutri Calculator Bronce - Biota Nutri\",\"isPartOf\":{\"@id\":\"https:\\\/\\\/biota.nu\\\/es\\\/#website\"},\"datePublished\":\"2024-03-12T09:39:41+00:00\",\"dateModified\":\"2024-12-20T12:58:00+00:00\",\"breadcrumb\":{\"@id\":\"https:\\\/\\\/biota.nu\\\/es\\\/biota-nutri-calculator-bronce\\\/#breadcrumb\"},\"inLanguage\":\"es\",\"potentialAction\":[{\"@type\":\"ReadAction\",\"target\":[\"https:\\\/\\\/biota.nu\\\/es\\\/biota-nutri-calculator-bronce\\\/\"]}]},{\"@type\":\"BreadcrumbList\",\"@id\":\"https:\\\/\\\/biota.nu\\\/es\\\/biota-nutri-calculator-bronce\\\/#breadcrumb\",\"itemListElement\":[{\"@type\":\"ListItem\",\"position\":1,\"name\":\"Home\",\"item\":\"https:\\\/\\\/biota.nu\\\/es\\\/\"},{\"@type\":\"ListItem\",\"position\":2,\"name\":\"Biota Nutri Calculator Bronce\"}]},{\"@type\":\"WebSite\",\"@id\":\"https:\\\/\\\/biota.nu\\\/es\\\/#website\",\"url\":\"https:\\\/\\\/biota.nu\\\/es\\\/\",\"name\":\"Biota Nutri\",\"description\":\"\",\"publisher\":{\"@id\":\"https:\\\/\\\/biota.nu\\\/es\\\/#organization\"},\"potentialAction\":[{\"@type\":\"SearchAction\",\"target\":{\"@type\":\"EntryPoint\",\"urlTemplate\":\"https:\\\/\\\/biota.nu\\\/es\\\/?s={search_term_string}\"},\"query-input\":{\"@type\":\"PropertyValueSpecification\",\"valueRequired\":true,\"valueName\":\"search_term_string\"}}],\"inLanguage\":\"es\"},{\"@type\":\"Organization\",\"@id\":\"https:\\\/\\\/biota.nu\\\/es\\\/#organization\",\"name\":\"Biota Nutri\",\"url\":\"https:\\\/\\\/biota.nu\\\/es\\\/\",\"logo\":{\"@type\":\"ImageObject\",\"inLanguage\":\"es\",\"@id\":\"https:\\\/\\\/biota.nu\\\/es\\\/#\\\/schema\\\/logo\\\/image\\\/\",\"url\":\"https:\\\/\\\/biota.nu\\\/wp-content\\\/uploads\\\/Biota-Nutri-R.png\",\"contentUrl\":\"https:\\\/\\\/biota.nu\\\/wp-content\\\/uploads\\\/Biota-Nutri-R.png\",\"width\":300,\"height\":220,\"caption\":\"Biota Nutri\"},\"image\":{\"@id\":\"https:\\\/\\\/biota.nu\\\/es\\\/#\\\/schema\\\/logo\\\/image\\\/\"}}]}<\/script>\n<!-- \/ Yoast SEO plugin. -->","yoast_head_json":{"title":"Biota Nutri Calculator Bronce - Biota Nutri","robots":{"index":"index","follow":"follow","max-snippet":"max-snippet:-1","max-image-preview":"max-image-preview:large","max-video-preview":"max-video-preview:-1"},"canonical":"https:\/\/biota.nu\/es\/biota-nutri-calculator-bronce\/","og_locale":"es_ES","og_type":"article","og_title":"Biota Nutri Calculator Bronce - Biota Nutri","og_description":"Biota Nutri Calculator Bronce Con la suscripci\u00f3n Biota Nutri Calculator Bronce podr\u00e1 calcular recetas de abono a medida con: Comience aqu\u00ed la transici\u00f3n para cultivar [&hellip;]","og_url":"https:\/\/biota.nu\/es\/biota-nutri-calculator-bronce\/","og_site_name":"Biota Nutri","article_modified_time":"2024-12-20T12:58:00+00:00","twitter_card":"summary_large_image","schema":{"@context":"https:\/\/schema.org","@graph":[{"@type":"WebPage","@id":"https:\/\/biota.nu\/es\/biota-nutri-calculator-bronce\/","url":"https:\/\/biota.nu\/es\/biota-nutri-calculator-bronce\/","name":"Biota Nutri Calculator Bronce - Biota Nutri","isPartOf":{"@id":"https:\/\/biota.nu\/es\/#website"},"datePublished":"2024-03-12T09:39:41+00:00","dateModified":"2024-12-20T12:58:00+00:00","breadcrumb":{"@id":"https:\/\/biota.nu\/es\/biota-nutri-calculator-bronce\/#breadcrumb"},"inLanguage":"es","potentialAction":[{"@type":"ReadAction","target":["https:\/\/biota.nu\/es\/biota-nutri-calculator-bronce\/"]}]},{"@type":"BreadcrumbList","@id":"https:\/\/biota.nu\/es\/biota-nutri-calculator-bronce\/#breadcrumb","itemListElement":[{"@type":"ListItem","position":1,"name":"Home","item":"https:\/\/biota.nu\/es\/"},{"@type":"ListItem","position":2,"name":"Biota Nutri Calculator Bronce"}]},{"@type":"WebSite","@id":"https:\/\/biota.nu\/es\/#website","url":"https:\/\/biota.nu\/es\/","name":"Biota Nutri","description":"","publisher":{"@id":"https:\/\/biota.nu\/es\/#organization"},"potentialAction":[{"@type":"SearchAction","target":{"@type":"EntryPoint","urlTemplate":"https:\/\/biota.nu\/es\/?s={search_term_string}"},"query-input":{"@type":"PropertyValueSpecification","valueRequired":true,"valueName":"search_term_string"}}],"inLanguage":"es"},{"@type":"Organization","@id":"https:\/\/biota.nu\/es\/#organization","name":"Biota Nutri","url":"https:\/\/biota.nu\/es\/","logo":{"@type":"ImageObject","inLanguage":"es","@id":"https:\/\/biota.nu\/es\/#\/schema\/logo\/image\/","url":"https:\/\/biota.nu\/wp-content\/uploads\/Biota-Nutri-R.png","contentUrl":"https:\/\/biota.nu\/wp-content\/uploads\/Biota-Nutri-R.png","width":300,"height":220,"caption":"Biota Nutri"},"image":{"@id":"https:\/\/biota.nu\/es\/#\/schema\/logo\/image\/"}}]}},"acf":[],"_links":{"self":[{"href":"https:\/\/biota.nu\/es\/wp-json\/wp\/v2\/pages\/9688","targetHints":{"allow":["GET"]}}],"collection":[{"href":"https:\/\/biota.nu\/es\/wp-json\/wp\/v2\/pages"}],"about":[{"href":"https:\/\/biota.nu\/es\/wp-json\/wp\/v2\/types\/page"}],"author":[{"embeddable":true,"href":"https:\/\/biota.nu\/es\/wp-json\/wp\/v2\/users\/1"}],"replies":[{"embeddable":true,"href":"https:\/\/biota.nu\/es\/wp-json\/wp\/v2\/comments?post=9688"}],"version-history":[{"count":1,"href":"https:\/\/biota.nu\/es\/wp-json\/wp\/v2\/pages\/9688\/revisions"}],"predecessor-version":[{"id":9689,"href":"https:\/\/biota.nu\/es\/wp-json\/wp\/v2\/pages\/9688\/revisions\/9689"}],"wp:attachment":[{"href":"https:\/\/biota.nu\/es\/wp-json\/wp\/v2\/media?parent=9688"}],"curies":[{"name":"wp","href":"https:\/\/api.w.org\/{rel}","templated":true}]}}