{"id":9756,"date":"2024-02-24T14:31:35","date_gmt":"2024-02-24T14:31:35","guid":{"rendered":"https:\/\/biota.nu\/product\/biota-nitro-nk-4-2-8-lo\/"},"modified":"2025-03-20T13:11:34","modified_gmt":"2025-03-20T13:11:34","slug":"biota-nitro-nk-4-2-8-lo","status":"publish","type":"product","link":"https:\/\/biota.nu\/es\/producto\/biota-nitro-nk-4-2-8-lo\/","title":{"rendered":"Biota Nitro NK 4-2-8 LO"},"content":{"rendered":"<p>Biota NPK 4-2-8 bajo en materia org\u00e1nica es un abono multinutriente especialmente adecuado para su uso durante la \u00faltima parte del ciclo de cultivo. Es \u00fanico porque est\u00e1 registrado para su uso en agricultura ecol\u00f3gica, con un bajo contenido en materia org\u00e1nica, cloro, sodio y azufre. Gracias a su exclusivo proceso de producci\u00f3n, los nutrientes est\u00e1n presentes en soluci\u00f3n y, por lo tanto, directamente disponibles para la planta mediante aplicaci\u00f3n foliar y riego. Los nutrientes proceden de materiales de origen vegetal, en parte de corrientes residuales agr\u00edcolas.   <\/p>\n","protected":false},"excerpt":{"rendered":"<p>Biota NPK 4-2-8 bajo en materia org\u00e1nica es un abono multinutriente especialmente adecuado para su uso durante la \u00faltima parte del ciclo de cultivo. Es [&hellip;]<\/p>\n","protected":false},"featured_media":9753,"template":"","meta":[],"product_brand":[],"product_cat":[184],"product_tag":[],"class_list":{"0":"post-9756","1":"product","2":"type-product","3":"status-publish","4":"has-post-thumbnail","6":"product_cat-npk-organicos-bajos","8":"first","9":"instock","10":"shipping-taxable","11":"product-type-simple"},"yoast_head":"<!-- This site is optimized with the Yoast SEO plugin v27.5 - https:\/\/yoast.com\/product\/yoast-seo-wordpress\/ -->\n<title>Biota Nitro NK 4-2-8 LO - Biota Nutri<\/title>\n<meta name=\"robots\" content=\"index, follow, max-snippet:-1, max-image-preview:large, max-video-preview:-1\" \/>\n<link rel=\"canonical\" href=\"https:\/\/biota.nu\/es\/producto\/biota-nitro-nk-4-2-8-lo\/\" \/>\n<meta property=\"og:locale\" content=\"es_ES\" \/>\n<meta property=\"og:type\" content=\"article\" \/>\n<meta property=\"og:title\" content=\"Biota Nitro NK 4-2-8 LO - Biota Nutri\" \/>\n<meta property=\"og:description\" content=\"Biota NPK 4-2-8 bajo en materia org\u00e1nica es un abono multinutriente especialmente adecuado para su uso durante la \u00faltima parte del ciclo de cultivo. Es [&hellip;]\" \/>\n<meta property=\"og:url\" content=\"https:\/\/biota.nu\/es\/producto\/biota-nitro-nk-4-2-8-lo\/\" \/>\n<meta property=\"og:site_name\" content=\"Biota Nutri\" \/>\n<meta property=\"article:modified_time\" content=\"2025-03-20T13:11:34+00:00\" \/>\n<meta property=\"og:image\" content=\"https:\/\/biota.nu\/wp-content\/uploads\/IBC_light.jpg\" \/>\n\t<meta property=\"og:image:width\" content=\"1350\" \/>\n\t<meta property=\"og:image:height\" content=\"1350\" \/>\n\t<meta property=\"og:image:type\" content=\"image\/jpeg\" \/>\n<meta name=\"twitter:card\" content=\"summary_large_image\" \/>\n<script type=\"application\/ld+json\" class=\"yoast-schema-graph\">{\"@context\":\"https:\\\/\\\/schema.org\",\"@graph\":[{\"@type\":\"WebPage\",\"@id\":\"https:\\\/\\\/biota.nu\\\/es\\\/producto\\\/biota-nitro-nk-4-2-8-lo\\\/\",\"url\":\"https:\\\/\\\/biota.nu\\\/es\\\/producto\\\/biota-nitro-nk-4-2-8-lo\\\/\",\"name\":\"Biota Nitro NK 4-2-8 LO - Biota Nutri\",\"isPartOf\":{\"@id\":\"https:\\\/\\\/biota.nu\\\/es\\\/#website\"},\"primaryImageOfPage\":{\"@id\":\"https:\\\/\\\/biota.nu\\\/es\\\/producto\\\/biota-nitro-nk-4-2-8-lo\\\/#primaryimage\"},\"image\":{\"@id\":\"https:\\\/\\\/biota.nu\\\/es\\\/producto\\\/biota-nitro-nk-4-2-8-lo\\\/#primaryimage\"},\"thumbnailUrl\":\"https:\\\/\\\/biota.nu\\\/wp-content\\\/uploads\\\/IBC_light.jpg\",\"datePublished\":\"2024-02-24T14:31:35+00:00\",\"dateModified\":\"2025-03-20T13:11:34+00:00\",\"breadcrumb\":{\"@id\":\"https:\\\/\\\/biota.nu\\\/es\\\/producto\\\/biota-nitro-nk-4-2-8-lo\\\/#breadcrumb\"},\"inLanguage\":\"es\",\"potentialAction\":[{\"@type\":\"ReadAction\",\"target\":[\"https:\\\/\\\/biota.nu\\\/es\\\/producto\\\/biota-nitro-nk-4-2-8-lo\\\/\"]}]},{\"@type\":\"ImageObject\",\"inLanguage\":\"es\",\"@id\":\"https:\\\/\\\/biota.nu\\\/es\\\/producto\\\/biota-nitro-nk-4-2-8-lo\\\/#primaryimage\",\"url\":\"https:\\\/\\\/biota.nu\\\/wp-content\\\/uploads\\\/IBC_light.jpg\",\"contentUrl\":\"https:\\\/\\\/biota.nu\\\/wp-content\\\/uploads\\\/IBC_light.jpg\",\"width\":1350,\"height\":1350},{\"@type\":\"BreadcrumbList\",\"@id\":\"https:\\\/\\\/biota.nu\\\/es\\\/producto\\\/biota-nitro-nk-4-2-8-lo\\\/#breadcrumb\",\"itemListElement\":[{\"@type\":\"ListItem\",\"position\":1,\"name\":\"Home\",\"item\":\"https:\\\/\\\/biota.nu\\\/es\\\/\"},{\"@type\":\"ListItem\",\"position\":2,\"name\":\"Productos\",\"item\":\"https:\\\/\\\/biota.nu\\\/es\\\/productos\\\/\"},{\"@type\":\"ListItem\",\"position\":3,\"name\":\"Biota Nitro NK 4-2-8 LO\"}]},{\"@type\":\"WebSite\",\"@id\":\"https:\\\/\\\/biota.nu\\\/es\\\/#website\",\"url\":\"https:\\\/\\\/biota.nu\\\/es\\\/\",\"name\":\"Biota Nutri\",\"description\":\"\",\"publisher\":{\"@id\":\"https:\\\/\\\/biota.nu\\\/es\\\/#organization\"},\"potentialAction\":[{\"@type\":\"SearchAction\",\"target\":{\"@type\":\"EntryPoint\",\"urlTemplate\":\"https:\\\/\\\/biota.nu\\\/es\\\/?s={search_term_string}\"},\"query-input\":{\"@type\":\"PropertyValueSpecification\",\"valueRequired\":true,\"valueName\":\"search_term_string\"}}],\"inLanguage\":\"es\"},{\"@type\":\"Organization\",\"@id\":\"https:\\\/\\\/biota.nu\\\/es\\\/#organization\",\"name\":\"Biota Nutri\",\"url\":\"https:\\\/\\\/biota.nu\\\/es\\\/\",\"logo\":{\"@type\":\"ImageObject\",\"inLanguage\":\"es\",\"@id\":\"https:\\\/\\\/biota.nu\\\/es\\\/#\\\/schema\\\/logo\\\/image\\\/\",\"url\":\"https:\\\/\\\/biota.nu\\\/wp-content\\\/uploads\\\/Biota-Nutri-R.png\",\"contentUrl\":\"https:\\\/\\\/biota.nu\\\/wp-content\\\/uploads\\\/Biota-Nutri-R.png\",\"width\":300,\"height\":220,\"caption\":\"Biota Nutri\"},\"image\":{\"@id\":\"https:\\\/\\\/biota.nu\\\/es\\\/#\\\/schema\\\/logo\\\/image\\\/\"}}]}<\/script>\n<!-- \/ Yoast SEO plugin. -->","yoast_head_json":{"title":"Biota Nitro NK 4-2-8 LO - Biota Nutri","robots":{"index":"index","follow":"follow","max-snippet":"max-snippet:-1","max-image-preview":"max-image-preview:large","max-video-preview":"max-video-preview:-1"},"canonical":"https:\/\/biota.nu\/es\/producto\/biota-nitro-nk-4-2-8-lo\/","og_locale":"es_ES","og_type":"article","og_title":"Biota Nitro NK 4-2-8 LO - Biota Nutri","og_description":"Biota NPK 4-2-8 bajo en materia org\u00e1nica es un abono multinutriente especialmente adecuado para su uso durante la \u00faltima parte del ciclo de cultivo. Es [&hellip;]","og_url":"https:\/\/biota.nu\/es\/producto\/biota-nitro-nk-4-2-8-lo\/","og_site_name":"Biota Nutri","article_modified_time":"2025-03-20T13:11:34+00:00","og_image":[{"width":1350,"height":1350,"url":"https:\/\/biota.nu\/wp-content\/uploads\/IBC_light.jpg","type":"image\/jpeg"}],"twitter_card":"summary_large_image","schema":{"@context":"https:\/\/schema.org","@graph":[{"@type":"WebPage","@id":"https:\/\/biota.nu\/es\/producto\/biota-nitro-nk-4-2-8-lo\/","url":"https:\/\/biota.nu\/es\/producto\/biota-nitro-nk-4-2-8-lo\/","name":"Biota Nitro NK 4-2-8 LO - Biota Nutri","isPartOf":{"@id":"https:\/\/biota.nu\/es\/#website"},"primaryImageOfPage":{"@id":"https:\/\/biota.nu\/es\/producto\/biota-nitro-nk-4-2-8-lo\/#primaryimage"},"image":{"@id":"https:\/\/biota.nu\/es\/producto\/biota-nitro-nk-4-2-8-lo\/#primaryimage"},"thumbnailUrl":"https:\/\/biota.nu\/wp-content\/uploads\/IBC_light.jpg","datePublished":"2024-02-24T14:31:35+00:00","dateModified":"2025-03-20T13:11:34+00:00","breadcrumb":{"@id":"https:\/\/biota.nu\/es\/producto\/biota-nitro-nk-4-2-8-lo\/#breadcrumb"},"inLanguage":"es","potentialAction":[{"@type":"ReadAction","target":["https:\/\/biota.nu\/es\/producto\/biota-nitro-nk-4-2-8-lo\/"]}]},{"@type":"ImageObject","inLanguage":"es","@id":"https:\/\/biota.nu\/es\/producto\/biota-nitro-nk-4-2-8-lo\/#primaryimage","url":"https:\/\/biota.nu\/wp-content\/uploads\/IBC_light.jpg","contentUrl":"https:\/\/biota.nu\/wp-content\/uploads\/IBC_light.jpg","width":1350,"height":1350},{"@type":"BreadcrumbList","@id":"https:\/\/biota.nu\/es\/producto\/biota-nitro-nk-4-2-8-lo\/#breadcrumb","itemListElement":[{"@type":"ListItem","position":1,"name":"Home","item":"https:\/\/biota.nu\/es\/"},{"@type":"ListItem","position":2,"name":"Productos","item":"https:\/\/biota.nu\/es\/productos\/"},{"@type":"ListItem","position":3,"name":"Biota Nitro NK 4-2-8 LO"}]},{"@type":"WebSite","@id":"https:\/\/biota.nu\/es\/#website","url":"https:\/\/biota.nu\/es\/","name":"Biota Nutri","description":"","publisher":{"@id":"https:\/\/biota.nu\/es\/#organization"},"potentialAction":[{"@type":"SearchAction","target":{"@type":"EntryPoint","urlTemplate":"https:\/\/biota.nu\/es\/?s={search_term_string}"},"query-input":{"@type":"PropertyValueSpecification","valueRequired":true,"valueName":"search_term_string"}}],"inLanguage":"es"},{"@type":"Organization","@id":"https:\/\/biota.nu\/es\/#organization","name":"Biota Nutri","url":"https:\/\/biota.nu\/es\/","logo":{"@type":"ImageObject","inLanguage":"es","@id":"https:\/\/biota.nu\/es\/#\/schema\/logo\/image\/","url":"https:\/\/biota.nu\/wp-content\/uploads\/Biota-Nutri-R.png","contentUrl":"https:\/\/biota.nu\/wp-content\/uploads\/Biota-Nutri-R.png","width":300,"height":220,"caption":"Biota Nutri"},"image":{"@id":"https:\/\/biota.nu\/es\/#\/schema\/logo\/image\/"}}]}},"acf":[],"_links":{"self":[{"href":"https:\/\/biota.nu\/es\/wp-json\/wp\/v2\/product\/9756","targetHints":{"allow":["GET"]}}],"collection":[{"href":"https:\/\/biota.nu\/es\/wp-json\/wp\/v2\/product"}],"about":[{"href":"https:\/\/biota.nu\/es\/wp-json\/wp\/v2\/types\/product"}],"wp:featuredmedia":[{"embeddable":true,"href":"https:\/\/biota.nu\/es\/wp-json\/wp\/v2\/media\/9753"}],"wp:attachment":[{"href":"https:\/\/biota.nu\/es\/wp-json\/wp\/v2\/media?parent=9756"}],"wp:term":[{"taxonomy":"product_brand","embeddable":true,"href":"https:\/\/biota.nu\/es\/wp-json\/wp\/v2\/product_brand?post=9756"},{"taxonomy":"product_cat","embeddable":true,"href":"https:\/\/biota.nu\/es\/wp-json\/wp\/v2\/product_cat?post=9756"},{"taxonomy":"product_tag","embeddable":true,"href":"https:\/\/biota.nu\/es\/wp-json\/wp\/v2\/product_tag?post=9756"}],"curies":[{"name":"wp","href":"https:\/\/api.w.org\/{rel}","templated":true}]}}