{"id":9763,"date":"2024-02-24T15:29:37","date_gmt":"2024-02-24T15:29:37","guid":{"rendered":"https:\/\/biota.nu\/?post_type=product&#038;p=9763"},"modified":"2026-01-28T09:43:19","modified_gmt":"2026-01-28T09:43:19","slug":"biota-iron-dtpc","status":"publish","type":"product","link":"https:\/\/biota.nu\/es\/producto\/biota-iron-dtpc\/","title":{"rendered":"Biota Hierro DTPC"},"content":{"rendered":"<p>Biota Iron es un micronutriente de hierro complejado con \u00e1cido lignosulf\u00f3nico que forma parte de nuestra l\u00ednea de fertilizantes l\u00edquidos. Gracias a su exclusivo proceso de producci\u00f3n, los nutrientes est\u00e1n presentes al 100% en soluci\u00f3n y, por tanto, directamente disponibles para la planta. Biota Iron est\u00e1 registrado como insumo para la agro- y horticultura org\u00e1nica.  <\/p>\n<p>El hierro (Fe) se utiliza para prevenir y corregir la clorosis f\u00e9rrica en todo tipo de condiciones, incluidas las calc\u00e1reas y las alcalinas. La carencia de hierro se observa por primera vez en la parte superior de la planta. Las hojas se vuelven amarillas, mientras que las venas permanecen verdes. Esto se debe a que el hierro es un elemento inm\u00f3vil. Esto significa que una vez fijado, el hierro ya no puede distribuirse m\u00e1s en la planta. Finalmente, las hojas m\u00e1s viejas y las venas m\u00e1s peque\u00f1as de las hojas tambi\u00e9n se vuelven amarillas. El crecimiento de la planta se detiene lentamente. Utilice Biota Iron para prevenir y corregir estos efectos.       <\/p>\n","protected":false},"excerpt":{"rendered":"<p>Biota Iron es un micronutriente de hierro complejado con \u00e1cido lignosulf\u00f3nico que forma parte de nuestra l\u00ednea de fertilizantes l\u00edquidos. Gracias a su exclusivo proceso [&hellip;]<\/p>\n","protected":false},"featured_media":9765,"template":"","meta":[],"product_brand":[],"product_cat":[180],"product_tag":[],"class_list":{"0":"post-9763","1":"product","2":"type-product","3":"status-publish","4":"has-post-thumbnail","6":"product_cat-oligoelementos","8":"first","9":"instock","10":"shipping-taxable","11":"product-type-simple"},"yoast_head":"<!-- This site is optimized with the Yoast SEO plugin v27.4 - https:\/\/yoast.com\/product\/yoast-seo-wordpress\/ -->\n<title>Biota Hierro DTPC - Biota Nutri<\/title>\n<meta name=\"robots\" content=\"index, follow, max-snippet:-1, max-image-preview:large, max-video-preview:-1\" \/>\n<link rel=\"canonical\" href=\"https:\/\/biota.nu\/es\/producto\/biota-iron-dtpc\/\" \/>\n<meta property=\"og:locale\" content=\"es_ES\" \/>\n<meta property=\"og:type\" content=\"article\" \/>\n<meta property=\"og:title\" content=\"Biota Hierro DTPC - Biota Nutri\" \/>\n<meta property=\"og:description\" content=\"Biota Iron es un micronutriente de hierro complejado con \u00e1cido lignosulf\u00f3nico que forma parte de nuestra l\u00ednea de fertilizantes l\u00edquidos. Gracias a su exclusivo proceso [&hellip;]\" \/>\n<meta property=\"og:url\" content=\"https:\/\/biota.nu\/es\/producto\/biota-iron-dtpc\/\" \/>\n<meta property=\"og:site_name\" content=\"Biota Nutri\" \/>\n<meta property=\"article:modified_time\" content=\"2026-01-28T09:43:19+00:00\" \/>\n<meta property=\"og:image\" content=\"https:\/\/biota.nu\/wp-content\/uploads\/Biota-iron-can-s.jpg\" \/>\n\t<meta property=\"og:image:width\" content=\"600\" \/>\n\t<meta property=\"og:image:height\" content=\"600\" \/>\n\t<meta property=\"og:image:type\" content=\"image\/jpeg\" \/>\n<meta name=\"twitter:card\" content=\"summary_large_image\" \/>\n<meta name=\"twitter:label1\" content=\"Tiempo de lectura\" \/>\n\t<meta name=\"twitter:data1\" content=\"1 minuto\" \/>\n<script type=\"application\/ld+json\" class=\"yoast-schema-graph\">{\"@context\":\"https:\\\/\\\/schema.org\",\"@graph\":[{\"@type\":\"WebPage\",\"@id\":\"https:\\\/\\\/biota.nu\\\/es\\\/producto\\\/biota-iron-dtpc\\\/\",\"url\":\"https:\\\/\\\/biota.nu\\\/es\\\/producto\\\/biota-iron-dtpc\\\/\",\"name\":\"Biota Hierro DTPC - Biota Nutri\",\"isPartOf\":{\"@id\":\"https:\\\/\\\/biota.nu\\\/es\\\/#website\"},\"primaryImageOfPage\":{\"@id\":\"https:\\\/\\\/biota.nu\\\/es\\\/producto\\\/biota-iron-dtpc\\\/#primaryimage\"},\"image\":{\"@id\":\"https:\\\/\\\/biota.nu\\\/es\\\/producto\\\/biota-iron-dtpc\\\/#primaryimage\"},\"thumbnailUrl\":\"https:\\\/\\\/biota.nu\\\/wp-content\\\/uploads\\\/Biota-iron-can-s.jpg\",\"datePublished\":\"2024-02-24T15:29:37+00:00\",\"dateModified\":\"2026-01-28T09:43:19+00:00\",\"breadcrumb\":{\"@id\":\"https:\\\/\\\/biota.nu\\\/es\\\/producto\\\/biota-iron-dtpc\\\/#breadcrumb\"},\"inLanguage\":\"es\",\"potentialAction\":[{\"@type\":\"ReadAction\",\"target\":[\"https:\\\/\\\/biota.nu\\\/es\\\/producto\\\/biota-iron-dtpc\\\/\"]}]},{\"@type\":\"ImageObject\",\"inLanguage\":\"es\",\"@id\":\"https:\\\/\\\/biota.nu\\\/es\\\/producto\\\/biota-iron-dtpc\\\/#primaryimage\",\"url\":\"https:\\\/\\\/biota.nu\\\/wp-content\\\/uploads\\\/Biota-iron-can-s.jpg\",\"contentUrl\":\"https:\\\/\\\/biota.nu\\\/wp-content\\\/uploads\\\/Biota-iron-can-s.jpg\",\"width\":600,\"height\":600},{\"@type\":\"BreadcrumbList\",\"@id\":\"https:\\\/\\\/biota.nu\\\/es\\\/producto\\\/biota-iron-dtpc\\\/#breadcrumb\",\"itemListElement\":[{\"@type\":\"ListItem\",\"position\":1,\"name\":\"Home\",\"item\":\"https:\\\/\\\/biota.nu\\\/es\\\/\"},{\"@type\":\"ListItem\",\"position\":2,\"name\":\"Productos\",\"item\":\"https:\\\/\\\/biota.nu\\\/es\\\/productos\\\/\"},{\"@type\":\"ListItem\",\"position\":3,\"name\":\"Biota Hierro DTPC\"}]},{\"@type\":\"WebSite\",\"@id\":\"https:\\\/\\\/biota.nu\\\/es\\\/#website\",\"url\":\"https:\\\/\\\/biota.nu\\\/es\\\/\",\"name\":\"Biota Nutri\",\"description\":\"\",\"publisher\":{\"@id\":\"https:\\\/\\\/biota.nu\\\/es\\\/#organization\"},\"potentialAction\":[{\"@type\":\"SearchAction\",\"target\":{\"@type\":\"EntryPoint\",\"urlTemplate\":\"https:\\\/\\\/biota.nu\\\/es\\\/?s={search_term_string}\"},\"query-input\":{\"@type\":\"PropertyValueSpecification\",\"valueRequired\":true,\"valueName\":\"search_term_string\"}}],\"inLanguage\":\"es\"},{\"@type\":\"Organization\",\"@id\":\"https:\\\/\\\/biota.nu\\\/es\\\/#organization\",\"name\":\"Biota Nutri\",\"url\":\"https:\\\/\\\/biota.nu\\\/es\\\/\",\"logo\":{\"@type\":\"ImageObject\",\"inLanguage\":\"es\",\"@id\":\"https:\\\/\\\/biota.nu\\\/es\\\/#\\\/schema\\\/logo\\\/image\\\/\",\"url\":\"https:\\\/\\\/biota.nu\\\/wp-content\\\/uploads\\\/Biota-Nutri-R.png\",\"contentUrl\":\"https:\\\/\\\/biota.nu\\\/wp-content\\\/uploads\\\/Biota-Nutri-R.png\",\"width\":300,\"height\":220,\"caption\":\"Biota Nutri\"},\"image\":{\"@id\":\"https:\\\/\\\/biota.nu\\\/es\\\/#\\\/schema\\\/logo\\\/image\\\/\"}}]}<\/script>\n<!-- \/ Yoast SEO plugin. -->","yoast_head_json":{"title":"Biota Hierro DTPC - Biota Nutri","robots":{"index":"index","follow":"follow","max-snippet":"max-snippet:-1","max-image-preview":"max-image-preview:large","max-video-preview":"max-video-preview:-1"},"canonical":"https:\/\/biota.nu\/es\/producto\/biota-iron-dtpc\/","og_locale":"es_ES","og_type":"article","og_title":"Biota Hierro DTPC - Biota Nutri","og_description":"Biota Iron es un micronutriente de hierro complejado con \u00e1cido lignosulf\u00f3nico que forma parte de nuestra l\u00ednea de fertilizantes l\u00edquidos. Gracias a su exclusivo proceso [&hellip;]","og_url":"https:\/\/biota.nu\/es\/producto\/biota-iron-dtpc\/","og_site_name":"Biota Nutri","article_modified_time":"2026-01-28T09:43:19+00:00","og_image":[{"width":600,"height":600,"url":"https:\/\/biota.nu\/wp-content\/uploads\/Biota-iron-can-s.jpg","type":"image\/jpeg"}],"twitter_card":"summary_large_image","twitter_misc":{"Tiempo de lectura":"1 minuto"},"schema":{"@context":"https:\/\/schema.org","@graph":[{"@type":"WebPage","@id":"https:\/\/biota.nu\/es\/producto\/biota-iron-dtpc\/","url":"https:\/\/biota.nu\/es\/producto\/biota-iron-dtpc\/","name":"Biota Hierro DTPC - Biota Nutri","isPartOf":{"@id":"https:\/\/biota.nu\/es\/#website"},"primaryImageOfPage":{"@id":"https:\/\/biota.nu\/es\/producto\/biota-iron-dtpc\/#primaryimage"},"image":{"@id":"https:\/\/biota.nu\/es\/producto\/biota-iron-dtpc\/#primaryimage"},"thumbnailUrl":"https:\/\/biota.nu\/wp-content\/uploads\/Biota-iron-can-s.jpg","datePublished":"2024-02-24T15:29:37+00:00","dateModified":"2026-01-28T09:43:19+00:00","breadcrumb":{"@id":"https:\/\/biota.nu\/es\/producto\/biota-iron-dtpc\/#breadcrumb"},"inLanguage":"es","potentialAction":[{"@type":"ReadAction","target":["https:\/\/biota.nu\/es\/producto\/biota-iron-dtpc\/"]}]},{"@type":"ImageObject","inLanguage":"es","@id":"https:\/\/biota.nu\/es\/producto\/biota-iron-dtpc\/#primaryimage","url":"https:\/\/biota.nu\/wp-content\/uploads\/Biota-iron-can-s.jpg","contentUrl":"https:\/\/biota.nu\/wp-content\/uploads\/Biota-iron-can-s.jpg","width":600,"height":600},{"@type":"BreadcrumbList","@id":"https:\/\/biota.nu\/es\/producto\/biota-iron-dtpc\/#breadcrumb","itemListElement":[{"@type":"ListItem","position":1,"name":"Home","item":"https:\/\/biota.nu\/es\/"},{"@type":"ListItem","position":2,"name":"Productos","item":"https:\/\/biota.nu\/es\/productos\/"},{"@type":"ListItem","position":3,"name":"Biota Hierro DTPC"}]},{"@type":"WebSite","@id":"https:\/\/biota.nu\/es\/#website","url":"https:\/\/biota.nu\/es\/","name":"Biota Nutri","description":"","publisher":{"@id":"https:\/\/biota.nu\/es\/#organization"},"potentialAction":[{"@type":"SearchAction","target":{"@type":"EntryPoint","urlTemplate":"https:\/\/biota.nu\/es\/?s={search_term_string}"},"query-input":{"@type":"PropertyValueSpecification","valueRequired":true,"valueName":"search_term_string"}}],"inLanguage":"es"},{"@type":"Organization","@id":"https:\/\/biota.nu\/es\/#organization","name":"Biota Nutri","url":"https:\/\/biota.nu\/es\/","logo":{"@type":"ImageObject","inLanguage":"es","@id":"https:\/\/biota.nu\/es\/#\/schema\/logo\/image\/","url":"https:\/\/biota.nu\/wp-content\/uploads\/Biota-Nutri-R.png","contentUrl":"https:\/\/biota.nu\/wp-content\/uploads\/Biota-Nutri-R.png","width":300,"height":220,"caption":"Biota Nutri"},"image":{"@id":"https:\/\/biota.nu\/es\/#\/schema\/logo\/image\/"}}]}},"acf":[],"_links":{"self":[{"href":"https:\/\/biota.nu\/es\/wp-json\/wp\/v2\/product\/9763","targetHints":{"allow":["GET"]}}],"collection":[{"href":"https:\/\/biota.nu\/es\/wp-json\/wp\/v2\/product"}],"about":[{"href":"https:\/\/biota.nu\/es\/wp-json\/wp\/v2\/types\/product"}],"wp:featuredmedia":[{"embeddable":true,"href":"https:\/\/biota.nu\/es\/wp-json\/wp\/v2\/media\/9765"}],"wp:attachment":[{"href":"https:\/\/biota.nu\/es\/wp-json\/wp\/v2\/media?parent=9763"}],"wp:term":[{"taxonomy":"product_brand","embeddable":true,"href":"https:\/\/biota.nu\/es\/wp-json\/wp\/v2\/product_brand?post=9763"},{"taxonomy":"product_cat","embeddable":true,"href":"https:\/\/biota.nu\/es\/wp-json\/wp\/v2\/product_cat?post=9763"},{"taxonomy":"product_tag","embeddable":true,"href":"https:\/\/biota.nu\/es\/wp-json\/wp\/v2\/product_tag?post=9763"}],"curies":[{"name":"wp","href":"https:\/\/api.w.org\/{rel}","templated":true}]}}