{"id":9781,"date":"2024-02-07T14:20:23","date_gmt":"2024-02-07T14:20:23","guid":{"rendered":"https:\/\/biota.nu\/product\/biota-vegaline-3-npk-3-2-6-mg\/"},"modified":"2026-01-19T11:09:17","modified_gmt":"2026-01-19T11:09:17","slug":"biota-vegaline-3-npk-3-2-6-mg","status":"publish","type":"product","link":"https:\/\/biota.nu\/es\/producto\/biota-vegaline-3-npk-3-2-6-mg\/","title":{"rendered":"Biota Vegaline 3 (NPK 3-2-6)"},"content":{"rendered":"<p>La l\u00ednea de productos Biota Vegaline es perfecta para utilizar durante todo el ciclo de cultivo. Hay tres productos, especialmente dise\u00f1ados para un periodo espec\u00edfico del cultivo:<\/p>\n<ul>\n<li>Vegalina 1: Para un fuerte crecimiento radicular de la planta<\/li>\n<li>Vegalina 2: El crecimiento de la planta, con especial atenci\u00f3n a la hoja y el tallo<\/li>\n<li>Vegalina 3: La \u00faltima parte del ciclo de prueba, con el mayor enfoque en la fruta o la flor.<\/li>\n<\/ul>\n<p>Los productos est\u00e1n enriquecidos con magnesio y oligoelementos para un crecimiento \u00f3ptimo de las ra\u00edces, la planta y el fruto\/flor. La l\u00ednea est\u00e1 registrada para su uso en agricultura ecol\u00f3gica. Gracias a su exclusivo proceso de producci\u00f3n, los nutrientes est\u00e1n presentes en soluci\u00f3n y, por tanto, inmediatamente disponibles para la planta mediante aplicaci\u00f3n foliar y riego. Los nutrientes proceden de materiales vegetales, en parte de flujos residuales agr\u00edcolas.<\/p>\n<p>Biota Vegaline 3 es un abono multinutriente especialmente indicado para su uso durante la fase final del ciclo de cultivo. Est\u00e1 enriquecido con magnesio y oligoelementos para un crecimiento \u00f3ptimo. Est\u00e1 registrado para su uso en agricultura ecol\u00f3gica. Gracias a su exclusivo proceso de producci\u00f3n, los nutrientes est\u00e1n presentes en soluci\u00f3n y, por lo tanto, directamente disponibles para la planta mediante aplicaci\u00f3n foliar y riego. Los nutrientes proceden de materiales de origen vegetal, en parte de corrientes residuales agr\u00edcolas.<\/p>\n<p>&nbsp;<\/p>\n","protected":false},"excerpt":{"rendered":"<p>&nbsp;<\/p>\n<p>&nbsp;<\/p>\n","protected":false},"featured_media":9753,"template":"","meta":[],"product_brand":[],"product_cat":[184],"product_tag":[],"class_list":{"0":"post-9781","1":"product","2":"type-product","3":"status-publish","4":"has-post-thumbnail","6":"product_cat-npk-organicos-bajos","8":"first","9":"instock","10":"shipping-taxable","11":"product-type-simple"},"yoast_head":"<!-- This site is optimized with the Yoast SEO plugin v27.3 - https:\/\/yoast.com\/product\/yoast-seo-wordpress\/ -->\n<title>Biota Vegaline 3 (NPK 3-2-6) - Biota Nutri<\/title>\n<meta name=\"robots\" content=\"index, follow, max-snippet:-1, max-image-preview:large, max-video-preview:-1\" \/>\n<link rel=\"canonical\" href=\"https:\/\/biota.nu\/es\/producto\/biota-vegaline-3-npk-3-2-6-mg\/\" \/>\n<meta property=\"og:locale\" content=\"es_ES\" \/>\n<meta property=\"og:type\" content=\"article\" \/>\n<meta property=\"og:title\" content=\"Biota Vegaline 3 (NPK 3-2-6) - Biota Nutri\" \/>\n<meta property=\"og:description\" content=\"&nbsp;  &nbsp;\" \/>\n<meta property=\"og:url\" content=\"https:\/\/biota.nu\/es\/producto\/biota-vegaline-3-npk-3-2-6-mg\/\" \/>\n<meta property=\"og:site_name\" content=\"Biota Nutri\" \/>\n<meta property=\"article:modified_time\" content=\"2026-01-19T11:09:17+00:00\" \/>\n<meta property=\"og:image\" content=\"https:\/\/biota.nu\/wp-content\/uploads\/IBC_light.jpg\" \/>\n\t<meta property=\"og:image:width\" content=\"1350\" \/>\n\t<meta property=\"og:image:height\" content=\"1350\" \/>\n\t<meta property=\"og:image:type\" content=\"image\/jpeg\" \/>\n<meta name=\"twitter:card\" content=\"summary_large_image\" \/>\n<meta name=\"twitter:label1\" content=\"Tiempo de lectura\" \/>\n\t<meta name=\"twitter:data1\" content=\"2 minutos\" \/>\n<script type=\"application\/ld+json\" class=\"yoast-schema-graph\">{\"@context\":\"https:\\\/\\\/schema.org\",\"@graph\":[{\"@type\":\"WebPage\",\"@id\":\"https:\\\/\\\/biota.nu\\\/es\\\/producto\\\/biota-vegaline-3-npk-3-2-6-mg\\\/\",\"url\":\"https:\\\/\\\/biota.nu\\\/es\\\/producto\\\/biota-vegaline-3-npk-3-2-6-mg\\\/\",\"name\":\"Biota Vegaline 3 (NPK 3-2-6) - Biota Nutri\",\"isPartOf\":{\"@id\":\"https:\\\/\\\/biota.nu\\\/es\\\/#website\"},\"primaryImageOfPage\":{\"@id\":\"https:\\\/\\\/biota.nu\\\/es\\\/producto\\\/biota-vegaline-3-npk-3-2-6-mg\\\/#primaryimage\"},\"image\":{\"@id\":\"https:\\\/\\\/biota.nu\\\/es\\\/producto\\\/biota-vegaline-3-npk-3-2-6-mg\\\/#primaryimage\"},\"thumbnailUrl\":\"https:\\\/\\\/biota.nu\\\/wp-content\\\/uploads\\\/IBC_light.jpg\",\"datePublished\":\"2024-02-07T14:20:23+00:00\",\"dateModified\":\"2026-01-19T11:09:17+00:00\",\"breadcrumb\":{\"@id\":\"https:\\\/\\\/biota.nu\\\/es\\\/producto\\\/biota-vegaline-3-npk-3-2-6-mg\\\/#breadcrumb\"},\"inLanguage\":\"es\",\"potentialAction\":[{\"@type\":\"ReadAction\",\"target\":[\"https:\\\/\\\/biota.nu\\\/es\\\/producto\\\/biota-vegaline-3-npk-3-2-6-mg\\\/\"]}]},{\"@type\":\"ImageObject\",\"inLanguage\":\"es\",\"@id\":\"https:\\\/\\\/biota.nu\\\/es\\\/producto\\\/biota-vegaline-3-npk-3-2-6-mg\\\/#primaryimage\",\"url\":\"https:\\\/\\\/biota.nu\\\/wp-content\\\/uploads\\\/IBC_light.jpg\",\"contentUrl\":\"https:\\\/\\\/biota.nu\\\/wp-content\\\/uploads\\\/IBC_light.jpg\",\"width\":1350,\"height\":1350},{\"@type\":\"BreadcrumbList\",\"@id\":\"https:\\\/\\\/biota.nu\\\/es\\\/producto\\\/biota-vegaline-3-npk-3-2-6-mg\\\/#breadcrumb\",\"itemListElement\":[{\"@type\":\"ListItem\",\"position\":1,\"name\":\"Home\",\"item\":\"https:\\\/\\\/biota.nu\\\/es\\\/\"},{\"@type\":\"ListItem\",\"position\":2,\"name\":\"Productos\",\"item\":\"https:\\\/\\\/biota.nu\\\/es\\\/productos\\\/\"},{\"@type\":\"ListItem\",\"position\":3,\"name\":\"Biota Vegaline 3 (NPK 3-2-6)\"}]},{\"@type\":\"WebSite\",\"@id\":\"https:\\\/\\\/biota.nu\\\/es\\\/#website\",\"url\":\"https:\\\/\\\/biota.nu\\\/es\\\/\",\"name\":\"Biota Nutri\",\"description\":\"\",\"publisher\":{\"@id\":\"https:\\\/\\\/biota.nu\\\/es\\\/#organization\"},\"potentialAction\":[{\"@type\":\"SearchAction\",\"target\":{\"@type\":\"EntryPoint\",\"urlTemplate\":\"https:\\\/\\\/biota.nu\\\/es\\\/?s={search_term_string}\"},\"query-input\":{\"@type\":\"PropertyValueSpecification\",\"valueRequired\":true,\"valueName\":\"search_term_string\"}}],\"inLanguage\":\"es\"},{\"@type\":\"Organization\",\"@id\":\"https:\\\/\\\/biota.nu\\\/es\\\/#organization\",\"name\":\"Biota Nutri\",\"url\":\"https:\\\/\\\/biota.nu\\\/es\\\/\",\"logo\":{\"@type\":\"ImageObject\",\"inLanguage\":\"es\",\"@id\":\"https:\\\/\\\/biota.nu\\\/es\\\/#\\\/schema\\\/logo\\\/image\\\/\",\"url\":\"https:\\\/\\\/biota.nu\\\/wp-content\\\/uploads\\\/Biota-Nutri-R.png\",\"contentUrl\":\"https:\\\/\\\/biota.nu\\\/wp-content\\\/uploads\\\/Biota-Nutri-R.png\",\"width\":300,\"height\":220,\"caption\":\"Biota Nutri\"},\"image\":{\"@id\":\"https:\\\/\\\/biota.nu\\\/es\\\/#\\\/schema\\\/logo\\\/image\\\/\"}}]}<\/script>\n<!-- \/ Yoast SEO plugin. -->","yoast_head_json":{"title":"Biota Vegaline 3 (NPK 3-2-6) - Biota Nutri","robots":{"index":"index","follow":"follow","max-snippet":"max-snippet:-1","max-image-preview":"max-image-preview:large","max-video-preview":"max-video-preview:-1"},"canonical":"https:\/\/biota.nu\/es\/producto\/biota-vegaline-3-npk-3-2-6-mg\/","og_locale":"es_ES","og_type":"article","og_title":"Biota Vegaline 3 (NPK 3-2-6) - Biota Nutri","og_description":"&nbsp;  &nbsp;","og_url":"https:\/\/biota.nu\/es\/producto\/biota-vegaline-3-npk-3-2-6-mg\/","og_site_name":"Biota Nutri","article_modified_time":"2026-01-19T11:09:17+00:00","og_image":[{"width":1350,"height":1350,"url":"https:\/\/biota.nu\/wp-content\/uploads\/IBC_light.jpg","type":"image\/jpeg"}],"twitter_card":"summary_large_image","twitter_misc":{"Tiempo de lectura":"2 minutos"},"schema":{"@context":"https:\/\/schema.org","@graph":[{"@type":"WebPage","@id":"https:\/\/biota.nu\/es\/producto\/biota-vegaline-3-npk-3-2-6-mg\/","url":"https:\/\/biota.nu\/es\/producto\/biota-vegaline-3-npk-3-2-6-mg\/","name":"Biota Vegaline 3 (NPK 3-2-6) - Biota Nutri","isPartOf":{"@id":"https:\/\/biota.nu\/es\/#website"},"primaryImageOfPage":{"@id":"https:\/\/biota.nu\/es\/producto\/biota-vegaline-3-npk-3-2-6-mg\/#primaryimage"},"image":{"@id":"https:\/\/biota.nu\/es\/producto\/biota-vegaline-3-npk-3-2-6-mg\/#primaryimage"},"thumbnailUrl":"https:\/\/biota.nu\/wp-content\/uploads\/IBC_light.jpg","datePublished":"2024-02-07T14:20:23+00:00","dateModified":"2026-01-19T11:09:17+00:00","breadcrumb":{"@id":"https:\/\/biota.nu\/es\/producto\/biota-vegaline-3-npk-3-2-6-mg\/#breadcrumb"},"inLanguage":"es","potentialAction":[{"@type":"ReadAction","target":["https:\/\/biota.nu\/es\/producto\/biota-vegaline-3-npk-3-2-6-mg\/"]}]},{"@type":"ImageObject","inLanguage":"es","@id":"https:\/\/biota.nu\/es\/producto\/biota-vegaline-3-npk-3-2-6-mg\/#primaryimage","url":"https:\/\/biota.nu\/wp-content\/uploads\/IBC_light.jpg","contentUrl":"https:\/\/biota.nu\/wp-content\/uploads\/IBC_light.jpg","width":1350,"height":1350},{"@type":"BreadcrumbList","@id":"https:\/\/biota.nu\/es\/producto\/biota-vegaline-3-npk-3-2-6-mg\/#breadcrumb","itemListElement":[{"@type":"ListItem","position":1,"name":"Home","item":"https:\/\/biota.nu\/es\/"},{"@type":"ListItem","position":2,"name":"Productos","item":"https:\/\/biota.nu\/es\/productos\/"},{"@type":"ListItem","position":3,"name":"Biota Vegaline 3 (NPK 3-2-6)"}]},{"@type":"WebSite","@id":"https:\/\/biota.nu\/es\/#website","url":"https:\/\/biota.nu\/es\/","name":"Biota Nutri","description":"","publisher":{"@id":"https:\/\/biota.nu\/es\/#organization"},"potentialAction":[{"@type":"SearchAction","target":{"@type":"EntryPoint","urlTemplate":"https:\/\/biota.nu\/es\/?s={search_term_string}"},"query-input":{"@type":"PropertyValueSpecification","valueRequired":true,"valueName":"search_term_string"}}],"inLanguage":"es"},{"@type":"Organization","@id":"https:\/\/biota.nu\/es\/#organization","name":"Biota Nutri","url":"https:\/\/biota.nu\/es\/","logo":{"@type":"ImageObject","inLanguage":"es","@id":"https:\/\/biota.nu\/es\/#\/schema\/logo\/image\/","url":"https:\/\/biota.nu\/wp-content\/uploads\/Biota-Nutri-R.png","contentUrl":"https:\/\/biota.nu\/wp-content\/uploads\/Biota-Nutri-R.png","width":300,"height":220,"caption":"Biota Nutri"},"image":{"@id":"https:\/\/biota.nu\/es\/#\/schema\/logo\/image\/"}}]}},"acf":[],"_links":{"self":[{"href":"https:\/\/biota.nu\/es\/wp-json\/wp\/v2\/product\/9781","targetHints":{"allow":["GET"]}}],"collection":[{"href":"https:\/\/biota.nu\/es\/wp-json\/wp\/v2\/product"}],"about":[{"href":"https:\/\/biota.nu\/es\/wp-json\/wp\/v2\/types\/product"}],"wp:featuredmedia":[{"embeddable":true,"href":"https:\/\/biota.nu\/es\/wp-json\/wp\/v2\/media\/9753"}],"wp:attachment":[{"href":"https:\/\/biota.nu\/es\/wp-json\/wp\/v2\/media?parent=9781"}],"wp:term":[{"taxonomy":"product_brand","embeddable":true,"href":"https:\/\/biota.nu\/es\/wp-json\/wp\/v2\/product_brand?post=9781"},{"taxonomy":"product_cat","embeddable":true,"href":"https:\/\/biota.nu\/es\/wp-json\/wp\/v2\/product_cat?post=9781"},{"taxonomy":"product_tag","embeddable":true,"href":"https:\/\/biota.nu\/es\/wp-json\/wp\/v2\/product_tag?post=9781"}],"curies":[{"name":"wp","href":"https:\/\/api.w.org\/{rel}","templated":true}]}}