{"id":10483,"date":"2023-12-19T12:15:53","date_gmt":"2023-12-19T12:15:53","guid":{"rendered":"https:\/\/biota.nu\/formation-faq\/"},"modified":"2025-03-19T11:08:57","modified_gmt":"2025-03-19T11:08:57","slug":"formation-faq","status":"publish","type":"page","link":"https:\/\/biota.nu\/fr\/formation-faq\/","title":{"rendered":"Formation\/FAQ"},"content":{"rendered":"\n<div class=\"banner alignfull wp-block-biota-nutri-banner\">\n    <img loading=\"lazy\" decoding=\"async\" src=\"https:\/\/biota.nu\/wp-content\/uploads\/Biota-Advice-v2.jpg\" width=\"2200\" height=\"1135\" alt=\"\" \/>\n\n    <div class=\"acf-innerblocks-container\">\n\n<h1 class=\"wp-block-heading has-text-align-center has-gargantuan-font-size\">Formation &amp;  <\/h1>\n\n\n\n<h1 class=\"wp-block-heading has-text-align-center has-gargantuan-font-size\">Questions fr\u00e9quemment pos\u00e9es<\/h1>\n\n<\/div>\n\n    <svg xmlns=\"http:\/\/www.w3.org\/2000\/svg\" viewBox=\"0 0 1000 100\" preserveAspectRatio=\"none\">\n        <path d=\"M790.5,93.1c-59.3-5.3-116.8-18-192.6-50c-29.6-12.7-76.9-31-100.5-35.9c-23.6-4.9-52.6-7.8-75.5-5.3\n\tc-10.2,1.1-22.6,1.4-50.1,7.4c-27.2,6.3-58.2,16.6-79.4,24.7c-41.3,15.9-94.9,21.9-134,22.6C72,58.2,0,25.8,0,25.8V100h1000V65.3\n\tc0,0-51.5,19.4-106.2,25.7C839.5,97,814.1,95.2,790.5,93.1z\"><\/path>\n    <\/svg>\n<\/div>\n\n<div style=\"--inline-transform-translate-x: px; --inline-transform-translate-y: px;\" class=\"decoration-image align wp-block-biota-nutri-decoration-image\">\n    <div class=\"acf-innerblocks-container\">\n\n<figure class=\"wp-block-image size-large is-resized\"><img loading=\"lazy\" decoding=\"async\" width=\"359\" height=\"1024\" src=\"https:\/\/biota.nu\/wp-content\/uploads\/Avocado-1-359x1024.png\" alt=\"\" class=\"wp-image-9205\" style=\"width:195px;height:auto\" srcset=\"https:\/\/biota.nu\/wp-content\/uploads\/Avocado-1-359x1024.png 359w, https:\/\/biota.nu\/wp-content\/uploads\/Avocado-1-105x300.png 105w, https:\/\/biota.nu\/wp-content\/uploads\/Avocado-1-539x1536.png 539w, https:\/\/biota.nu\/wp-content\/uploads\/Avocado-1.png 568w\" sizes=\"auto, (max-width: 359px) 100vw, 359px\" \/><\/figure>\n\n<\/div>\n<\/div>\n\n<p>Vous avez des questions ? Nous avons les r\u00e9ponses (enfin, la plupart du temps !)<br\/>Vous trouverez ici nos r\u00e9ponses aux questions les plus courantes que vous pouvez vous poser sur le site Internet de Biota. <em><strong>engrais Biota<\/strong><\/em>, <em><strong>Biota Nutri Calculator<\/strong><\/em>, <em><strong>les certifications<\/strong><\/em>et bien d&rsquo;autres choses encore. Si vous ne trouvez toujours pas la r\u00e9ponse que vous cherchez, <a href=\"https:\/\/biota.nu\/cultivation-advice\/\">contactez-nous<\/a>. Nous nous ferons un plaisir de vous aider !   <\/p>\n\n<div style=\"--inline-background-color: #eaefe1; --inline-text-color: #6e3e13;  margin-top:6em;margin-bottom:6em;\" class=\"wave-container alignfull wp-block-biota-nutri-wave-container\">\n    <img decoding=\"async\" src=\"\" width=\"\" height=\"\" alt=\"\" \/>\n\n    <div class=\"top-wave\">\n        <svg xmlns=\"http:\/\/www.w3.org\/2000\/svg\" viewBox=\"0 0 1000 100\" preserveAspectRatio=\"none\">\n            <path d=\"M421.9,6.5c22.6-2.5,51.5,0.4,75.5,5.3c23.6,4.9,70.9,23.5,100.5,35.7c75.8,32.2,133.7,44.5,192.6,49.7\n\tc23.6,2.1,48.7,3.5,103.4-2.5c54.7-6,106.2-25.6,106.2-25.6V0H0v30.3c0,0,72,32.6,158.4,30.5c39.2-0.7,92.8-6.7,134-22.4\n\tc21.2-8.1,52.2-18.2,79.7-24.2C399.3,7.9,411.6,7.5,421.9,6.5z\"><\/path>\n        <\/svg>\n    <\/div>\n\n    <div class=\"container\">\n        <div class=\"acf-innerblocks-container\">\n\n<h2 class=\"wp-block-heading has-text-align-center\" style=\"margin-bottom:2em\">Vid\u00e9os de formation<\/h2>\n\n\n\n<div class=\"youtube-playlist align wp-block-biota-nutri-youtube-playlist\">\n    <iframe loading=\"lazy\" width=\"800\" height=\"450\" src=\"https:\/\/www.youtube.com\/embed\/1xqKQLqQC1k\" frameborder=\"0\" allow=\"accelerometer; autoplay; clipboard-write; encrypted-media; gyroscope; picture-in-picture; web-share\" allowfullscreen><\/iframe>\n    <ul class=\"playlist\">\n                    <li class=\"current\" data-video-id=\"1xqKQLqQC1k\">\n                <img decoding=\"async\" src=\"https:\/\/img.youtube.com\/vi\/1xqKQLqQC1k\/default.jpg\" \/>\n                <div class=\"title\">Optimisation de la capacit\u00e9 d&rsquo;\u00e9change cationique Complexe CEC<\/div>\n            <\/li>\n                    <li  data-video-id=\"sd9vmmSZJA4\">\n                <img decoding=\"async\" src=\"https:\/\/img.youtube.com\/vi\/sd9vmmSZJA4\/default.jpg\" \/>\n                <div class=\"title\">Temps de dissolution et pH des engrais organiques<\/div>\n            <\/li>\n                    <li  data-video-id=\"GkQUW5yGDHs\">\n                <img decoding=\"async\" src=\"https:\/\/img.youtube.com\/vi\/GkQUW5yGDHs\/default.jpg\" \/>\n                <div class=\"title\">Nettoyage et entretien des lignes de goutte \u00e0 goutte lors de l&rsquo;utilisation d&rsquo;engrais organiques<\/div>\n            <\/li>\n                    <li  data-video-id=\"Z3JFgYRiNIw\">\n                <img decoding=\"async\" src=\"https:\/\/img.youtube.com\/vi\/Z3JFgYRiNIw\/default.jpg\" \/>\n                <div class=\"title\">Pourquoi utiliser les r\u00e9servoirs A &amp; B avec de l&rsquo;engrais organique ?<\/div>\n            <\/li>\n            <\/ul>\n<\/div>\n\n<\/div>\n    <\/div>\n\n    <div class=\"bottom-wave\">\n        <svg xmlns=\"http:\/\/www.w3.org\/2000\/svg\" viewBox=\"0 0 1000 100\" preserveAspectRatio=\"none\">\n            <path d=\"M421.9,6.5c22.6-2.5,51.5,0.4,75.5,5.3c23.6,4.9,70.9,23.5,100.5,35.7c75.8,32.2,133.7,44.5,192.6,49.7\n\tc23.6,2.1,48.7,3.5,103.4-2.5c54.7-6,106.2-25.6,106.2-25.6V0H0v30.3c0,0,72,32.6,158.4,30.5c39.2-0.7,92.8-6.7,134-22.4\n\tc21.2-8.1,52.2-18.2,79.7-24.2C399.3,7.9,411.6,7.5,421.9,6.5z\"><\/path>\n        <\/svg>\n    <\/div>\n<\/div>\n\n<h2 class=\"wp-block-heading has-text-align-center\" style=\"margin-bottom:2em\">Questions fr\u00e9quemment pos\u00e9es<\/h2>\n\n<h2 class=\"wp-block-heading has-x-large-font-size\">Engrais<\/h2>\n\n<div class=\"faq wp-block-biotanutri-faq\">\n    <div class=\"acf-innerblocks-container\">\n\n<p class=\"has-text-align-left faq-question\">Pourquoi les engrais Biota sont-ils si bons ?<\/p>\n\n\n\n<p class=\"has-text-align-left faq-answer\">Nos engrais faiblement organiques sont les meilleurs pour certains clients parce qu&rsquo;ils sont des liquides transparents \u00e0 base de plantes, ce qui les rend imm\u00e9diatement disponibles pour les plantes, qu&rsquo;ils ne bouchent pas les tuyaux d&rsquo;irrigation et que les produits cultiv\u00e9s peuvent porter la marque Vegan sur leur emballage. Nos produits \u00e0 haute teneur en mati\u00e8res organiques conviennent mieux \u00e0 certains clients, comme ceux qui cultivent en plein air ou qui vendent au d\u00e9tail \u00e0 des cultivateurs amateurs, car ils ont d&rsquo;excellentes propri\u00e9t\u00e9s nutritionnelles, mais \u00e0 un prix plus avantageux que nos produits haut de gamme. Contactez-nous pour savoir comment nous pouvons vous proposer la solution adapt\u00e9e \u00e0 votre application.  <\/p>\n\n<\/div>\n<\/div>\n\n<div class=\"faq wp-block-biotanutri-faq\">\n    <div class=\"acf-innerblocks-container\">\n\n<p class=\"faq-question\">O\u00f9 puis-je trouver des informations sur les produits, telles qu&rsquo;une fiche technique ou une fiche de donn\u00e9es de s\u00e9curit\u00e9 ?<\/p>\n\n\n\n<p class=\"faq-answer\">Vous pouvez demander des fiches techniques et de s\u00e9curit\u00e9 en contactant votre repr\u00e9sentant commercial ou en envoyant un courriel \u00e0 <a href=\"mailto:info@biota.nu\">info@biota.nu<\/a>. <br\/>Pour obtenir des informations sur l&rsquo;utilisation de nos produits ou sur les engrais organiques, consultez notre cha\u00eene YouTube <a href=\"https:\/\/www.youtube.com\/@biotanutri8958\">https:\/\/www.youtube.com\/@biotanutri8958<\/a>.<\/p>\n\n<\/div>\n<\/div>\n\n<h2 class=\"wp-block-heading has-x-large-font-size\">Calculatrice<\/h2>\n\n<div class=\"faq wp-block-biotanutri-faq\">\n    <div class=\"acf-innerblocks-container\">\n\n<p class=\"faq-question\">Le calculateur Biota Nutri peut-il \u00eatre utilis\u00e9 pour toutes les cultures ?<\/p>\n\n\n\n<p class=\"faq-answer\">Ce qui rend le calculateur Biota Nutri unique, c&rsquo;est qu&rsquo;il peut \u00eatre utilis\u00e9 pour tous les engrais, c&rsquo;est-\u00e0-dire qu&rsquo;il ne vous limite pas au type ou \u00e0 la marque de l&rsquo;engrais. En d&rsquo;autres termes, pour tous les syst\u00e8mes de dosage, pour tous les types de marques d&rsquo;engrais et pour la combinaison d&rsquo;engrais min\u00e9raux et organiques. <\/p>\n\n<\/div>\n<\/div>\n\n<div class=\"faq wp-block-biotanutri-faq\">\n    <div class=\"acf-innerblocks-container\">\n\n<p class=\"faq-question\">Est-il possible d&rsquo;ajouter des engrais organiques \u00e0 mon programme actuel, par exemple du calcium organique ?<\/p>\n\n\n\n<p class=\"faq-answer\">Oui, c&rsquo;est possible. Le calculateur Biota Nutri vous indique la quantit\u00e9 de calcium n\u00e9cessaire. <\/p>\n\n<\/div>\n<\/div>\n\n<h2 class=\"wp-block-heading has-x-large-font-size\">Biota Nutri<\/h2>\n\n<div class=\"faq wp-block-biotanutri-faq\">\n    <div class=\"acf-innerblocks-container\">\n\n<p class=\"faq-question\">Biota Nutri peut-elle se rendre dans mon entreprise pour donner des conseils ?<\/p>\n\n\n\n<p class=\"faq-answer\">Oui, bien s\u00fbr. Veuillez envoyer votre demande \u00e0 info@biota.nu afin qu&rsquo;un de nos sp\u00e9cialistes puisse discuter des possibilit\u00e9s avec vous. <\/p>\n\n<\/div>\n<\/div>\n\n<h2 class=\"wp-block-heading has-x-large-font-size\">Marques priv\u00e9es<\/h2>\n\n<div class=\"faq wp-block-biotanutri-faq\">\n    <div class=\"acf-innerblocks-container\">\n\n<p class=\"faq-question\">Pouvons-nous vendre vos produits avec notre propre \u00e9tiquette\/marque ?<\/p>\n\n\n\n<p class=\"faq-answer\">Oui, bien s\u00fbr. Veuillez envoyer votre demande \u00e0 info@biota.nu afin qu&rsquo;un de nos sp\u00e9cialistes puisse discuter des possibilit\u00e9s avec vous. <\/p>\n\n<\/div>\n<\/div>\n\n<h2 class=\"wp-block-heading has-x-large-font-size\">Certifications<\/h2>\n\n<div style=\"--inline-transform-translate-x: 0px; --inline-transform-translate-y: 0px;\" class=\"decoration-image position-left align wp-block-biota-nutri-decoration-image\">\n    <div class=\"acf-innerblocks-container\">\n\n<figure class=\"wp-block-image alignright size-large is-resized\"><img loading=\"lazy\" decoding=\"async\" width=\"554\" height=\"1024\" src=\"https:\/\/biota.nu\/wp-content\/uploads\/Pepper-4-554x1024.png\" alt=\"\" class=\"wp-image-9221\" style=\"width:268px;height:auto\" srcset=\"https:\/\/biota.nu\/wp-content\/uploads\/Pepper-4-554x1024.png 554w, https:\/\/biota.nu\/wp-content\/uploads\/Pepper-4-162x300.png 162w, https:\/\/biota.nu\/wp-content\/uploads\/Pepper-4-768x1420.png 768w, https:\/\/biota.nu\/wp-content\/uploads\/Pepper-4-831x1536.png 831w, https:\/\/biota.nu\/wp-content\/uploads\/Pepper-4-600x1109.png 600w, https:\/\/biota.nu\/wp-content\/uploads\/Pepper-4.png 891w\" sizes=\"auto, (max-width: 554px) 100vw, 554px\" \/><\/figure>\n\n<\/div>\n<\/div>\n\n<div class=\"faq wp-block-biotanutri-faq\">\n    <div class=\"acf-innerblocks-container\">\n\n<p class=\"faq-question\">Que signifie \u00ab\u00a0list\u00e9 OMRI\u00a0\u00bb ?<\/p>\n\n\n\n<p class=\"faq-answer\">En bref, cela signifie que le produit est approuv\u00e9 de mani\u00e8re ind\u00e9pendante par l&rsquo;Organic Materials Review Institute (OMRI) afin de garantir qu&rsquo;il est autoris\u00e9 \u00e0 \u00eatre utilis\u00e9 dans l&rsquo;agriculture biologique commerciale. L&rsquo;OMRI est une organisation \u00e0 but non lucratif qui proc\u00e8de \u00e0 un examen ind\u00e9pendant des produits, tels que les engrais, destin\u00e9s \u00e0 \u00eatre utilis\u00e9s dans le cadre de la production et de la transformation de produits biologiques certifi\u00e9s. Lorsque les entreprises en font la demande, l&rsquo;OMRI examine leurs produits en fonction des normes biologiques. Les produits acceptables sont OMRI Listed\u00ae et apparaissent sur la Liste des produits OMRI\u00a9 ou la Liste des produits OMRI Canada\u00a9. L&rsquo;OMRI fournit \u00e9galement une assistance technique et une formation aux professionnels de l&rsquo;industrie biologique\u00a0\u00bb. Pour plus d&rsquo;informations, visitez le site<\/p>\n\n<\/div>\n<\/div>\n\n<h2 class=\"wp-block-heading has-x-large-font-size\">Durabilit\u00e9<\/h2>\n\n<div class=\"faq wp-block-biotanutri-faq\">\n    <div class=\"acf-innerblocks-container\">\n\n<p class=\"faq-question\">Comment Biota Nutri contribue-t-il \u00e0 un monde plus durable ?<\/p>\n\n\n\n<p class=\"faq-answer\">En d\u00e9veloppant et en utilisant des m\u00e9thodes 100% circulaires pour la production d&rsquo;engrais organiques \u00e0 partir de mati\u00e8res d\u00e9riv\u00e9es de flux de r\u00e9sidus v\u00e9g\u00e9taux (d\u00e9chets). Nous fournissons aux producteurs les produits et les connaissances n\u00e9cessaires \u00e0 l&rsquo;adoption de pratiques agricoles durables et nous les aidons \u00e0 optimiser leur rendement, \u00e0 maximiser la qualit\u00e9 de leurs produits et \u00e0 r\u00e9g\u00e9n\u00e9rer leurs sols. <\/p>\n\n<\/div>\n<\/div>\n\n<div class=\"faq wp-block-biotanutri-faq\">\n    <div class=\"acf-innerblocks-container\">\n\n<p class=\"faq-question\">Qu&rsquo;entendez-vous par \u00ab\u00a0base v\u00e9g\u00e9tale\u00a0\u00bb ?<\/p>\n\n\n\n<p class=\"faq-answer\">Presque tous nos produits sont fabriqu\u00e9s \u00e0 partir de flux r\u00e9siduels v\u00e9g\u00e9taux. Cela signifie que nous utilisons les d\u00e9chets riches en nutriments issus de la transformation des plantes et des l\u00e9gumes, que nous raffinons et utilisons pour cr\u00e9er nos produits. <\/p>\n\n<\/div>\n<\/div>\n\n<div class=\"faq wp-block-biotanutri-faq\">\n    <div class=\"acf-innerblocks-container\">\n\n<p class=\"faq-question\">Qu&rsquo;entendez-vous par \u00ab\u00a0sans OGM\u00a0\u00bb ?<\/p>\n\n\n\n<p class=\"faq-answer\">Les produits portant la mention \u00ab\u00a0sans OGM\u00a0\u00bb ne sont pas d\u00e9riv\u00e9s de plantes g\u00e9n\u00e9tiquement modifi\u00e9es. Tout produit r\u00e9pertori\u00e9 par l&rsquo;OMRI est, par d\u00e9finition, non OGM. <\/p>\n\n<\/div>\n<\/div>\n\n<div class=\"faq wp-block-biotanutri-faq\">\n    <div class=\"acf-innerblocks-container\">\n\n<p class=\"faq-question\">Qu&rsquo;entendez-vous par \u00ab\u00a0biologique\u00a0\u00bb ?<\/p>\n\n\n\n<p class=\"faq-answer\">En mati\u00e8re d&rsquo;engrais, le terme \u00ab\u00a0organique\u00a0\u00bb peut pr\u00eater \u00e0 confusion. Le terme \u00ab\u00a0organique\u00a0\u00bb peut se r\u00e9f\u00e9rer \u00e0 des mati\u00e8res organiques ou \u00e0 des substances \u00e0 base de carbone. Avec cette d\u00e9finition, la plupart de nos ingr\u00e9dients et de nos produits seraient consid\u00e9r\u00e9s comme biologiques. Mais pour beaucoup de nos clients, le terme \u00ab\u00a0biologique\u00a0\u00bb est r\u00e9serv\u00e9 aux produits dont l&rsquo;utilisation est approuv\u00e9e dans le cadre de l&rsquo;agriculture biologique commerciale. C&rsquo;est donc cette d\u00e9finition plus stricte que nous utilisons &#8211; tous nos produits mentionn\u00e9s comme \u00ab\u00a0biologiques\u00a0\u00bb ont \u00e9t\u00e9 r\u00e9pertori\u00e9s par l&rsquo;Organic Materials Review Institute (OMRI). C&rsquo;est \u00e9galement la raison pour laquelle vous nous verrez toujours qualifier nos ingr\u00e9dients de \u00ab\u00a0naturels et biologiques\u00a0\u00bb, car nous voulons nous assurer que nous ne sous-entendons pas accidentellement qu&rsquo;un produit non r\u00e9pertori\u00e9 par l&rsquo;OMRI est appropri\u00e9 pour l&rsquo;agriculture biologique.     <\/p>\n\n<\/div>\n<\/div>\n","protected":false},"excerpt":{"rendered":"<p>Vous avez des questions ? Nous avons les r\u00e9ponses (enfin, la plupart du temps !)Vous trouverez ici nos r\u00e9ponses aux questions les plus courantes que [&hellip;]<\/p>\n","protected":false},"author":1,"featured_media":0,"parent":0,"menu_order":0,"comment_status":"closed","ping_status":"closed","template":"","meta":{"footnotes":""},"class_list":["post-10483","page","type-page","status-publish","hentry"],"yoast_head":"<!-- This site is optimized with the Yoast SEO plugin v27.3 - https:\/\/yoast.com\/product\/yoast-seo-wordpress\/ -->\n<title>Formation\/FAQ - Biota Nutri<\/title>\n<meta name=\"robots\" content=\"index, follow, max-snippet:-1, max-image-preview:large, max-video-preview:-1\" \/>\n<link rel=\"canonical\" href=\"https:\/\/biota.nu\/fr\/formation-faq\/\" \/>\n<meta property=\"og:locale\" content=\"fr_FR\" \/>\n<meta property=\"og:type\" content=\"article\" \/>\n<meta property=\"og:title\" content=\"Formation\/FAQ - Biota Nutri\" \/>\n<meta property=\"og:description\" content=\"Vous avez des questions ? Nous avons les r\u00e9ponses (enfin, la plupart du temps !)Vous trouverez ici nos r\u00e9ponses aux questions les plus courantes que [&hellip;]\" \/>\n<meta property=\"og:url\" content=\"https:\/\/biota.nu\/fr\/formation-faq\/\" \/>\n<meta property=\"og:site_name\" content=\"Biota Nutri\" \/>\n<meta property=\"article:modified_time\" content=\"2025-03-19T11:08:57+00:00\" \/>\n<meta property=\"og:image\" content=\"https:\/\/biota.nu\/wp-content\/uploads\/Avocado-1-359x1024.png\" \/>\n<meta name=\"twitter:card\" content=\"summary_large_image\" \/>\n<meta name=\"twitter:label1\" content=\"Dur\u00e9e de lecture estim\u00e9e\" \/>\n\t<meta name=\"twitter:data1\" content=\"4 minutes\" \/>\n<script type=\"application\/ld+json\" class=\"yoast-schema-graph\">{\"@context\":\"https:\\\/\\\/schema.org\",\"@graph\":[{\"@type\":\"WebPage\",\"@id\":\"https:\\\/\\\/biota.nu\\\/fr\\\/formation-faq\\\/\",\"url\":\"https:\\\/\\\/biota.nu\\\/fr\\\/formation-faq\\\/\",\"name\":\"Formation\\\/FAQ - Biota Nutri\",\"isPartOf\":{\"@id\":\"https:\\\/\\\/biota.nu\\\/fr\\\/#website\"},\"primaryImageOfPage\":{\"@id\":\"https:\\\/\\\/biota.nu\\\/fr\\\/formation-faq\\\/#primaryimage\"},\"image\":{\"@id\":\"https:\\\/\\\/biota.nu\\\/fr\\\/formation-faq\\\/#primaryimage\"},\"thumbnailUrl\":\"https:\\\/\\\/biota.nu\\\/wp-content\\\/uploads\\\/Avocado-1-359x1024.png\",\"datePublished\":\"2023-12-19T12:15:53+00:00\",\"dateModified\":\"2025-03-19T11:08:57+00:00\",\"breadcrumb\":{\"@id\":\"https:\\\/\\\/biota.nu\\\/fr\\\/formation-faq\\\/#breadcrumb\"},\"inLanguage\":\"fr-FR\",\"potentialAction\":[{\"@type\":\"ReadAction\",\"target\":[\"https:\\\/\\\/biota.nu\\\/fr\\\/formation-faq\\\/\"]}]},{\"@type\":\"ImageObject\",\"inLanguage\":\"fr-FR\",\"@id\":\"https:\\\/\\\/biota.nu\\\/fr\\\/formation-faq\\\/#primaryimage\",\"url\":\"https:\\\/\\\/biota.nu\\\/wp-content\\\/uploads\\\/Avocado-1-359x1024.png\",\"contentUrl\":\"https:\\\/\\\/biota.nu\\\/wp-content\\\/uploads\\\/Avocado-1-359x1024.png\"},{\"@type\":\"BreadcrumbList\",\"@id\":\"https:\\\/\\\/biota.nu\\\/fr\\\/formation-faq\\\/#breadcrumb\",\"itemListElement\":[{\"@type\":\"ListItem\",\"position\":1,\"name\":\"Home\",\"item\":\"https:\\\/\\\/biota.nu\\\/fr\\\/?page_id=10262\"},{\"@type\":\"ListItem\",\"position\":2,\"name\":\"Formation\\\/FAQ\"}]},{\"@type\":\"WebSite\",\"@id\":\"https:\\\/\\\/biota.nu\\\/fr\\\/#website\",\"url\":\"https:\\\/\\\/biota.nu\\\/fr\\\/\",\"name\":\"Biota Nutri\",\"description\":\"\",\"publisher\":{\"@id\":\"https:\\\/\\\/biota.nu\\\/fr\\\/#organization\"},\"potentialAction\":[{\"@type\":\"SearchAction\",\"target\":{\"@type\":\"EntryPoint\",\"urlTemplate\":\"https:\\\/\\\/biota.nu\\\/fr\\\/?s={search_term_string}\"},\"query-input\":{\"@type\":\"PropertyValueSpecification\",\"valueRequired\":true,\"valueName\":\"search_term_string\"}}],\"inLanguage\":\"fr-FR\"},{\"@type\":\"Organization\",\"@id\":\"https:\\\/\\\/biota.nu\\\/fr\\\/#organization\",\"name\":\"Biota Nutri\",\"url\":\"https:\\\/\\\/biota.nu\\\/fr\\\/\",\"logo\":{\"@type\":\"ImageObject\",\"inLanguage\":\"fr-FR\",\"@id\":\"https:\\\/\\\/biota.nu\\\/fr\\\/#\\\/schema\\\/logo\\\/image\\\/\",\"url\":\"https:\\\/\\\/biota.nu\\\/wp-content\\\/uploads\\\/Biota-Nutri-R.png\",\"contentUrl\":\"https:\\\/\\\/biota.nu\\\/wp-content\\\/uploads\\\/Biota-Nutri-R.png\",\"width\":300,\"height\":220,\"caption\":\"Biota Nutri\"},\"image\":{\"@id\":\"https:\\\/\\\/biota.nu\\\/fr\\\/#\\\/schema\\\/logo\\\/image\\\/\"}}]}<\/script>\n<!-- \/ Yoast SEO plugin. -->","yoast_head_json":{"title":"Formation\/FAQ - Biota Nutri","robots":{"index":"index","follow":"follow","max-snippet":"max-snippet:-1","max-image-preview":"max-image-preview:large","max-video-preview":"max-video-preview:-1"},"canonical":"https:\/\/biota.nu\/fr\/formation-faq\/","og_locale":"fr_FR","og_type":"article","og_title":"Formation\/FAQ - Biota Nutri","og_description":"Vous avez des questions ? Nous avons les r\u00e9ponses (enfin, la plupart du temps !)Vous trouverez ici nos r\u00e9ponses aux questions les plus courantes que [&hellip;]","og_url":"https:\/\/biota.nu\/fr\/formation-faq\/","og_site_name":"Biota Nutri","article_modified_time":"2025-03-19T11:08:57+00:00","og_image":[{"url":"https:\/\/biota.nu\/wp-content\/uploads\/Avocado-1-359x1024.png","type":"","width":"","height":""}],"twitter_card":"summary_large_image","twitter_misc":{"Dur\u00e9e de lecture estim\u00e9e":"4 minutes"},"schema":{"@context":"https:\/\/schema.org","@graph":[{"@type":"WebPage","@id":"https:\/\/biota.nu\/fr\/formation-faq\/","url":"https:\/\/biota.nu\/fr\/formation-faq\/","name":"Formation\/FAQ - Biota Nutri","isPartOf":{"@id":"https:\/\/biota.nu\/fr\/#website"},"primaryImageOfPage":{"@id":"https:\/\/biota.nu\/fr\/formation-faq\/#primaryimage"},"image":{"@id":"https:\/\/biota.nu\/fr\/formation-faq\/#primaryimage"},"thumbnailUrl":"https:\/\/biota.nu\/wp-content\/uploads\/Avocado-1-359x1024.png","datePublished":"2023-12-19T12:15:53+00:00","dateModified":"2025-03-19T11:08:57+00:00","breadcrumb":{"@id":"https:\/\/biota.nu\/fr\/formation-faq\/#breadcrumb"},"inLanguage":"fr-FR","potentialAction":[{"@type":"ReadAction","target":["https:\/\/biota.nu\/fr\/formation-faq\/"]}]},{"@type":"ImageObject","inLanguage":"fr-FR","@id":"https:\/\/biota.nu\/fr\/formation-faq\/#primaryimage","url":"https:\/\/biota.nu\/wp-content\/uploads\/Avocado-1-359x1024.png","contentUrl":"https:\/\/biota.nu\/wp-content\/uploads\/Avocado-1-359x1024.png"},{"@type":"BreadcrumbList","@id":"https:\/\/biota.nu\/fr\/formation-faq\/#breadcrumb","itemListElement":[{"@type":"ListItem","position":1,"name":"Home","item":"https:\/\/biota.nu\/fr\/?page_id=10262"},{"@type":"ListItem","position":2,"name":"Formation\/FAQ"}]},{"@type":"WebSite","@id":"https:\/\/biota.nu\/fr\/#website","url":"https:\/\/biota.nu\/fr\/","name":"Biota Nutri","description":"","publisher":{"@id":"https:\/\/biota.nu\/fr\/#organization"},"potentialAction":[{"@type":"SearchAction","target":{"@type":"EntryPoint","urlTemplate":"https:\/\/biota.nu\/fr\/?s={search_term_string}"},"query-input":{"@type":"PropertyValueSpecification","valueRequired":true,"valueName":"search_term_string"}}],"inLanguage":"fr-FR"},{"@type":"Organization","@id":"https:\/\/biota.nu\/fr\/#organization","name":"Biota Nutri","url":"https:\/\/biota.nu\/fr\/","logo":{"@type":"ImageObject","inLanguage":"fr-FR","@id":"https:\/\/biota.nu\/fr\/#\/schema\/logo\/image\/","url":"https:\/\/biota.nu\/wp-content\/uploads\/Biota-Nutri-R.png","contentUrl":"https:\/\/biota.nu\/wp-content\/uploads\/Biota-Nutri-R.png","width":300,"height":220,"caption":"Biota Nutri"},"image":{"@id":"https:\/\/biota.nu\/fr\/#\/schema\/logo\/image\/"}}]}},"acf":[],"_links":{"self":[{"href":"https:\/\/biota.nu\/fr\/wp-json\/wp\/v2\/pages\/10483","targetHints":{"allow":["GET"]}}],"collection":[{"href":"https:\/\/biota.nu\/fr\/wp-json\/wp\/v2\/pages"}],"about":[{"href":"https:\/\/biota.nu\/fr\/wp-json\/wp\/v2\/types\/page"}],"author":[{"embeddable":true,"href":"https:\/\/biota.nu\/fr\/wp-json\/wp\/v2\/users\/1"}],"replies":[{"embeddable":true,"href":"https:\/\/biota.nu\/fr\/wp-json\/wp\/v2\/comments?post=10483"}],"version-history":[{"count":2,"href":"https:\/\/biota.nu\/fr\/wp-json\/wp\/v2\/pages\/10483\/revisions"}],"predecessor-version":[{"id":10492,"href":"https:\/\/biota.nu\/fr\/wp-json\/wp\/v2\/pages\/10483\/revisions\/10492"}],"wp:attachment":[{"href":"https:\/\/biota.nu\/fr\/wp-json\/wp\/v2\/media?parent=10483"}],"curies":[{"name":"wp","href":"https:\/\/api.w.org\/{rel}","templated":true}]}}