{"id":10620,"date":"2023-12-27T16:33:23","date_gmt":"2023-12-27T16:33:23","guid":{"rendered":"https:\/\/biota.nu\/actualites\/"},"modified":"2025-03-19T11:09:54","modified_gmt":"2025-03-19T11:09:54","slug":"actualites","status":"publish","type":"page","link":"https:\/\/biota.nu\/fr\/actualites\/","title":{"rendered":"Actualit\u00e9s"},"content":{"rendered":"\n<div class=\"banner alignfull wp-block-biota-nutri-banner\">\n    <img loading=\"lazy\" decoding=\"async\" src=\"https:\/\/biota.nu\/wp-content\/uploads\/News-1-scaled.jpg\" width=\"2560\" height=\"907\" alt=\"\" \/>\n\n    <div class=\"acf-innerblocks-container\">\n\n<h1 class=\"wp-block-heading has-text-align-center has-gargantuan-font-size\" style=\"font-style:normal;font-weight:900\">Actualit\u00e9s et \u00e9v\u00e9nements<\/h1>\n\n<\/div>\n\n    <svg xmlns=\"http:\/\/www.w3.org\/2000\/svg\" viewBox=\"0 0 1000 100\" preserveAspectRatio=\"none\">\n        <path d=\"M790.5,93.1c-59.3-5.3-116.8-18-192.6-50c-29.6-12.7-76.9-31-100.5-35.9c-23.6-4.9-52.6-7.8-75.5-5.3\n\tc-10.2,1.1-22.6,1.4-50.1,7.4c-27.2,6.3-58.2,16.6-79.4,24.7c-41.3,15.9-94.9,21.9-134,22.6C72,58.2,0,25.8,0,25.8V100h1000V65.3\n\tc0,0-51.5,19.4-106.2,25.7C839.5,97,814.1,95.2,790.5,93.1z\"><\/path>\n    <\/svg>\n<\/div>\n\n<div style=\"--inline-transform-translate-x: -10px; --inline-transform-translate-y: 0px;\" class=\"decoration-image position-left align wp-block-biota-nutri-decoration-image\">\n    <div class=\"acf-innerblocks-container\"><\/div>\n<\/div>\n\n<p><strong>16 janvier 2025 &#8211; Andermatt UK s&rsquo;associe \u00e0 Biota Nutri pour distribuer des solutions durables d&rsquo;engrais organiques.<\/strong> <\/p>\n\n<p>Andermatt UK et Biota Nutri sont heureux d&rsquo;annoncer une collaboration pour le march\u00e9 britannique. Andermatt deviendra le partenaire exclusif de la nouvelle gamme d&rsquo;engrais liquides d\u00e9riv\u00e9s de plantes de Biota Nutri pour les march\u00e9s de d\u00e9tail de l&rsquo;horticulture et de la maison et du jardin au Royaume-Uni. La gestion de la nutrition est l&rsquo;un des facteurs les plus importants pour la croissance de plantes saines et l&rsquo;optimisation des rendements. Cependant, les engrais sont l&rsquo;un des principaux responsables de l&#8217;empreinte carbone de la production alimentaire. Biota Nutri a d\u00e9velopp\u00e9 une gamme compl\u00e8te d&rsquo;engrais liquides \u00e0 partir de mati\u00e8res premi\u00e8res v\u00e9g\u00e9tales et de la r\u00e9cup\u00e9ration et de la s\u00e9paration des nutriments des flux de d\u00e9chets v\u00e9g\u00e9taux. Cela permet d&rsquo;extraire des nutriments sp\u00e9cifiques des d\u00e9chets v\u00e9g\u00e9taux et de les recombiner dans des proportions hautement contr\u00f4lables et personnalisables.       <\/p>\n\n<p>\u00ab\u00a0Nous sommes ravis de nous associer \u00e0 Biota Nutri pour d\u00e9velopper leurs produits sur le march\u00e9 britannique\u00a0\u00bb, a d\u00e9clar\u00e9 le Dr Andrew Brown, directeur g\u00e9n\u00e9ral d&rsquo;Andermatt UK. \u00ab\u00a0La gamme Vertilizer offre \u00e0 tous les agriculteurs des engrais \u00e0 faible empreinte carbone pour leur permettre de continuer \u00e0 produire des produits de haute qualit\u00e9, tout en soutenant leurs objectifs de d\u00e9veloppement durable. Pour le march\u00e9 de la maison et du jardin, GroPure offre aux jardiniers une option d&rsquo;engrais liquide organique plus durable avec la vitesse et la puissance des engrais chimiques traditionnels.   <\/p>\n\n<p>Peter Klein, directeur technique et fondateur de Biota Nutri, a d\u00e9clar\u00e9 : \u00ab\u00a0Nous sommes ravis de nous associer \u00e0 Andermatt UK, une entreprise qui partage notre engagement en faveur de la qualit\u00e9 et de la durabilit\u00e9. Nos produits offrent une alternative \u00e9cologique aux engrais chimiques traditionnels et seront d\u00e9sormais accessibles aux producteurs du Royaume-Uni, leur permettant d&rsquo;am\u00e9liorer la qualit\u00e9 de leurs r\u00e9coltes tout en s&rsquo;alignant sur leurs objectifs de d\u00e9veloppement durable.\u00a0\u00bb  <\/p>\n\n<p>N&rsquo;h\u00e9sitez pas \u00e0 nous <a href=\"https:\/\/biota.nu\/fr\/?page_id=10452\">contacter ou \u00e0 contacter<\/a> Andermatt UK pour toute question ou int\u00e9r\u00eat !<\/p>\n\n<p><\/p>\n","protected":false},"excerpt":{"rendered":"<p>16 janvier 2025 &#8211; Andermatt UK s&rsquo;associe \u00e0 Biota Nutri pour distribuer des solutions durables d&rsquo;engrais organiques. Andermatt UK et Biota Nutri sont heureux d&rsquo;annoncer [&hellip;]<\/p>\n","protected":false},"author":1,"featured_media":0,"parent":0,"menu_order":0,"comment_status":"closed","ping_status":"closed","template":"","meta":{"footnotes":""},"class_list":["post-10620","page","type-page","status-publish","hentry"],"yoast_head":"<!-- This site is optimized with the Yoast SEO plugin v27.3 - https:\/\/yoast.com\/product\/yoast-seo-wordpress\/ -->\n<title>Actualit\u00e9s - Biota Nutri<\/title>\n<meta name=\"robots\" content=\"index, follow, max-snippet:-1, max-image-preview:large, max-video-preview:-1\" \/>\n<link rel=\"canonical\" href=\"https:\/\/biota.nu\/fr\/actualites\/\" \/>\n<meta property=\"og:locale\" content=\"fr_FR\" \/>\n<meta property=\"og:type\" content=\"article\" \/>\n<meta property=\"og:title\" content=\"Actualit\u00e9s - Biota Nutri\" \/>\n<meta property=\"og:description\" content=\"16 janvier 2025 &#8211; Andermatt UK s&rsquo;associe \u00e0 Biota Nutri pour distribuer des solutions durables d&rsquo;engrais organiques. Andermatt UK et Biota Nutri sont heureux d&rsquo;annoncer [&hellip;]\" \/>\n<meta property=\"og:url\" content=\"https:\/\/biota.nu\/fr\/actualites\/\" \/>\n<meta property=\"og:site_name\" content=\"Biota Nutri\" \/>\n<meta property=\"article:modified_time\" content=\"2025-03-19T11:09:54+00:00\" \/>\n<meta name=\"twitter:card\" content=\"summary_large_image\" \/>\n<meta name=\"twitter:label1\" content=\"Dur\u00e9e de lecture estim\u00e9e\" \/>\n\t<meta name=\"twitter:data1\" content=\"2 minutes\" \/>\n<script type=\"application\/ld+json\" class=\"yoast-schema-graph\">{\"@context\":\"https:\\\/\\\/schema.org\",\"@graph\":[{\"@type\":\"WebPage\",\"@id\":\"https:\\\/\\\/biota.nu\\\/fr\\\/actualites\\\/\",\"url\":\"https:\\\/\\\/biota.nu\\\/fr\\\/actualites\\\/\",\"name\":\"Actualit\u00e9s - Biota Nutri\",\"isPartOf\":{\"@id\":\"https:\\\/\\\/biota.nu\\\/fr\\\/#website\"},\"datePublished\":\"2023-12-27T16:33:23+00:00\",\"dateModified\":\"2025-03-19T11:09:54+00:00\",\"breadcrumb\":{\"@id\":\"https:\\\/\\\/biota.nu\\\/fr\\\/actualites\\\/#breadcrumb\"},\"inLanguage\":\"fr-FR\",\"potentialAction\":[{\"@type\":\"ReadAction\",\"target\":[\"https:\\\/\\\/biota.nu\\\/fr\\\/actualites\\\/\"]}]},{\"@type\":\"BreadcrumbList\",\"@id\":\"https:\\\/\\\/biota.nu\\\/fr\\\/actualites\\\/#breadcrumb\",\"itemListElement\":[{\"@type\":\"ListItem\",\"position\":1,\"name\":\"Home\",\"item\":\"https:\\\/\\\/biota.nu\\\/fr\\\/?page_id=10262\"},{\"@type\":\"ListItem\",\"position\":2,\"name\":\"Actualit\u00e9s\"}]},{\"@type\":\"WebSite\",\"@id\":\"https:\\\/\\\/biota.nu\\\/fr\\\/#website\",\"url\":\"https:\\\/\\\/biota.nu\\\/fr\\\/\",\"name\":\"Biota Nutri\",\"description\":\"\",\"publisher\":{\"@id\":\"https:\\\/\\\/biota.nu\\\/fr\\\/#organization\"},\"potentialAction\":[{\"@type\":\"SearchAction\",\"target\":{\"@type\":\"EntryPoint\",\"urlTemplate\":\"https:\\\/\\\/biota.nu\\\/fr\\\/?s={search_term_string}\"},\"query-input\":{\"@type\":\"PropertyValueSpecification\",\"valueRequired\":true,\"valueName\":\"search_term_string\"}}],\"inLanguage\":\"fr-FR\"},{\"@type\":\"Organization\",\"@id\":\"https:\\\/\\\/biota.nu\\\/fr\\\/#organization\",\"name\":\"Biota Nutri\",\"url\":\"https:\\\/\\\/biota.nu\\\/fr\\\/\",\"logo\":{\"@type\":\"ImageObject\",\"inLanguage\":\"fr-FR\",\"@id\":\"https:\\\/\\\/biota.nu\\\/fr\\\/#\\\/schema\\\/logo\\\/image\\\/\",\"url\":\"https:\\\/\\\/biota.nu\\\/wp-content\\\/uploads\\\/Biota-Nutri-R.png\",\"contentUrl\":\"https:\\\/\\\/biota.nu\\\/wp-content\\\/uploads\\\/Biota-Nutri-R.png\",\"width\":300,\"height\":220,\"caption\":\"Biota Nutri\"},\"image\":{\"@id\":\"https:\\\/\\\/biota.nu\\\/fr\\\/#\\\/schema\\\/logo\\\/image\\\/\"}}]}<\/script>\n<!-- \/ Yoast SEO plugin. -->","yoast_head_json":{"title":"Actualit\u00e9s - Biota Nutri","robots":{"index":"index","follow":"follow","max-snippet":"max-snippet:-1","max-image-preview":"max-image-preview:large","max-video-preview":"max-video-preview:-1"},"canonical":"https:\/\/biota.nu\/fr\/actualites\/","og_locale":"fr_FR","og_type":"article","og_title":"Actualit\u00e9s - Biota Nutri","og_description":"16 janvier 2025 &#8211; Andermatt UK s&rsquo;associe \u00e0 Biota Nutri pour distribuer des solutions durables d&rsquo;engrais organiques. Andermatt UK et Biota Nutri sont heureux d&rsquo;annoncer [&hellip;]","og_url":"https:\/\/biota.nu\/fr\/actualites\/","og_site_name":"Biota Nutri","article_modified_time":"2025-03-19T11:09:54+00:00","twitter_card":"summary_large_image","twitter_misc":{"Dur\u00e9e de lecture estim\u00e9e":"2 minutes"},"schema":{"@context":"https:\/\/schema.org","@graph":[{"@type":"WebPage","@id":"https:\/\/biota.nu\/fr\/actualites\/","url":"https:\/\/biota.nu\/fr\/actualites\/","name":"Actualit\u00e9s - Biota Nutri","isPartOf":{"@id":"https:\/\/biota.nu\/fr\/#website"},"datePublished":"2023-12-27T16:33:23+00:00","dateModified":"2025-03-19T11:09:54+00:00","breadcrumb":{"@id":"https:\/\/biota.nu\/fr\/actualites\/#breadcrumb"},"inLanguage":"fr-FR","potentialAction":[{"@type":"ReadAction","target":["https:\/\/biota.nu\/fr\/actualites\/"]}]},{"@type":"BreadcrumbList","@id":"https:\/\/biota.nu\/fr\/actualites\/#breadcrumb","itemListElement":[{"@type":"ListItem","position":1,"name":"Home","item":"https:\/\/biota.nu\/fr\/?page_id=10262"},{"@type":"ListItem","position":2,"name":"Actualit\u00e9s"}]},{"@type":"WebSite","@id":"https:\/\/biota.nu\/fr\/#website","url":"https:\/\/biota.nu\/fr\/","name":"Biota Nutri","description":"","publisher":{"@id":"https:\/\/biota.nu\/fr\/#organization"},"potentialAction":[{"@type":"SearchAction","target":{"@type":"EntryPoint","urlTemplate":"https:\/\/biota.nu\/fr\/?s={search_term_string}"},"query-input":{"@type":"PropertyValueSpecification","valueRequired":true,"valueName":"search_term_string"}}],"inLanguage":"fr-FR"},{"@type":"Organization","@id":"https:\/\/biota.nu\/fr\/#organization","name":"Biota Nutri","url":"https:\/\/biota.nu\/fr\/","logo":{"@type":"ImageObject","inLanguage":"fr-FR","@id":"https:\/\/biota.nu\/fr\/#\/schema\/logo\/image\/","url":"https:\/\/biota.nu\/wp-content\/uploads\/Biota-Nutri-R.png","contentUrl":"https:\/\/biota.nu\/wp-content\/uploads\/Biota-Nutri-R.png","width":300,"height":220,"caption":"Biota Nutri"},"image":{"@id":"https:\/\/biota.nu\/fr\/#\/schema\/logo\/image\/"}}]}},"acf":[],"_links":{"self":[{"href":"https:\/\/biota.nu\/fr\/wp-json\/wp\/v2\/pages\/10620","targetHints":{"allow":["GET"]}}],"collection":[{"href":"https:\/\/biota.nu\/fr\/wp-json\/wp\/v2\/pages"}],"about":[{"href":"https:\/\/biota.nu\/fr\/wp-json\/wp\/v2\/types\/page"}],"author":[{"embeddable":true,"href":"https:\/\/biota.nu\/fr\/wp-json\/wp\/v2\/users\/1"}],"replies":[{"embeddable":true,"href":"https:\/\/biota.nu\/fr\/wp-json\/wp\/v2\/comments?post=10620"}],"version-history":[{"count":2,"href":"https:\/\/biota.nu\/fr\/wp-json\/wp\/v2\/pages\/10620\/revisions"}],"predecessor-version":[{"id":10627,"href":"https:\/\/biota.nu\/fr\/wp-json\/wp\/v2\/pages\/10620\/revisions\/10627"}],"wp:attachment":[{"href":"https:\/\/biota.nu\/fr\/wp-json\/wp\/v2\/media?parent=10620"}],"curies":[{"name":"wp","href":"https:\/\/api.w.org\/{rel}","templated":true}]}}