{"id":10753,"date":"2023-12-27T16:37:05","date_gmt":"2023-12-27T16:37:05","guid":{"rendered":"https:\/\/biota.nu\/notre-histoire\/"},"modified":"2025-03-19T11:10:10","modified_gmt":"2025-03-19T11:10:10","slug":"notre-histoire","status":"publish","type":"page","link":"https:\/\/biota.nu\/fr\/notre-histoire\/","title":{"rendered":"Notre histoire"},"content":{"rendered":"\n<div class=\"banner alignfull wp-block-biota-nutri-banner\">\n    <img loading=\"lazy\" decoding=\"async\" src=\"https:\/\/biota.nu\/wp-content\/uploads\/Our-Story-25.png\" width=\"2000\" height=\"863\" alt=\"\" \/>\n\n    <div class=\"acf-innerblocks-container\">\n\n<h1 class=\"wp-block-heading has-text-align-center has-gargantuan-font-size\" style=\"font-style:normal;font-weight:900\">Notre histoire<\/h1>\n\n<\/div>\n\n    <svg xmlns=\"http:\/\/www.w3.org\/2000\/svg\" viewBox=\"0 0 1000 100\" preserveAspectRatio=\"none\">\n        <path d=\"M790.5,93.1c-59.3-5.3-116.8-18-192.6-50c-29.6-12.7-76.9-31-100.5-35.9c-23.6-4.9-52.6-7.8-75.5-5.3\n\tc-10.2,1.1-22.6,1.4-50.1,7.4c-27.2,6.3-58.2,16.6-79.4,24.7c-41.3,15.9-94.9,21.9-134,22.6C72,58.2,0,25.8,0,25.8V100h1000V65.3\n\tc0,0-51.5,19.4-106.2,25.7C839.5,97,814.1,95.2,790.5,93.1z\"><\/path>\n    <\/svg>\n<\/div>\n\n<div style=\"--inline-transform-translate-x: px; --inline-transform-translate-y: px;\" class=\"decoration-image align wp-block-biota-nutri-decoration-image\">\n    <div class=\"acf-innerblocks-container\">\n\n<figure class=\"wp-block-image size-large is-resized\"><img loading=\"lazy\" decoding=\"async\" width=\"621\" height=\"1024\" src=\"https:\/\/biota.nu\/wp-content\/uploads\/Stawberry-2-621x1024.png\" alt=\"\" class=\"wp-image-9225\" style=\"width:208px;height:auto\" srcset=\"https:\/\/biota.nu\/wp-content\/uploads\/Stawberry-2-621x1024.png 621w, https:\/\/biota.nu\/wp-content\/uploads\/Stawberry-2-182x300.png 182w, https:\/\/biota.nu\/wp-content\/uploads\/Stawberry-2-768x1266.png 768w, https:\/\/biota.nu\/wp-content\/uploads\/Stawberry-2-600x989.png 600w, https:\/\/biota.nu\/wp-content\/uploads\/Stawberry-2.png 920w\" sizes=\"auto, (max-width: 621px) 100vw, 621px\" \/><\/figure>\n\n<\/div>\n<\/div>\n\n<div class=\"wp-block-columns are-vertically-aligned-center is-layout-flex wp-container-core-columns-is-layout-b92d8d0f wp-block-columns-is-layout-flex\" style=\"margin-bottom:6em\">\n<div class=\"wp-block-column is-vertically-aligned-center is-layout-flow wp-block-column-is-layout-flow\">\n<p>Biota Nutri d\u00e9veloppe, produit et distribue des engrais organiques pour l&rsquo;agriculture et l&rsquo;horticulture. Nous menons en permanence des activit\u00e9s de recherche et de d\u00e9veloppement dans le domaine de la r\u00e9cup\u00e9ration des nutriments \u00e0 partir des flux r\u00e9siduels (\u00e0 base de plantes). <\/p>\n\n\n\n<p>Nous voulons cr\u00e9er un monde dans lequel la culture circulaire et biologique est accessible \u00e0 tous.<\/p>\n<\/div>\n\n\n\n<div class=\"wp-block-column is-vertically-aligned-center is-layout-flow wp-block-column-is-layout-flow\"><div class=\"floating-content align wp-block-biota-nutri-floating-content\">\n    <div class=\"acf-innerblocks-container\">\n\n<p class=\"has-primary-color has-text-color has-link-color wp-elements-fe3be0e973a6196b348cd9b0a8143ef0\" style=\"margin-top:0\"><strong>Notre approche :<\/strong><\/p>\n\n\n\n<ul class=\"wp-block-list\">\n<li>Transformer les flux r\u00e9siduels en nouveaux produits<\/li>\n\n\n\n<li>Augmenter la valeur nutritionnelle<\/li>\n\n\n\n<li>Augmenter le rendement des cultures<\/li>\n<\/ul>\n\n<\/div>\n<\/div>\n<\/div>\n<\/div>\n\n<div style=\"--inline-background-color: #6ab023; --inline-text-color: #FFFFFF;  margin-bottom:6em;\" class=\"wave-container alignfull wp-block-biota-nutri-wave-container\">\n    <img decoding=\"async\" src=\"\" width=\"\" height=\"\" alt=\"\" \/>\n\n    <div class=\"top-wave\">\n        <svg xmlns=\"http:\/\/www.w3.org\/2000\/svg\" viewBox=\"0 0 1000 100\" preserveAspectRatio=\"none\">\n            <path d=\"M421.9,6.5c22.6-2.5,51.5,0.4,75.5,5.3c23.6,4.9,70.9,23.5,100.5,35.7c75.8,32.2,133.7,44.5,192.6,49.7\n\tc23.6,2.1,48.7,3.5,103.4-2.5c54.7-6,106.2-25.6,106.2-25.6V0H0v30.3c0,0,72,32.6,158.4,30.5c39.2-0.7,92.8-6.7,134-22.4\n\tc21.2-8.1,52.2-18.2,79.7-24.2C399.3,7.9,411.6,7.5,421.9,6.5z\"><\/path>\n        <\/svg>\n    <\/div>\n\n    <div class=\"container\">\n        <div class=\"acf-innerblocks-container\">\n\n<h2 class=\"wp-block-heading has-text-align-center\">L&rsquo;histoire de Biota Nutri<\/h2>\n\n\n\n<div class=\"wp-block-columns is-layout-flex wp-container-core-columns-is-layout-28f84493 wp-block-columns-is-layout-flex\">\n<div class=\"wp-block-column is-layout-flow wp-block-column-is-layout-flow\" style=\"flex-basis:66.3%\">\n<p>Apr\u00e8s ses \u00e9tudes, Peter Klein a rejoint l&rsquo;entreprise familiale de son p\u00e8re en 1996, o\u00f9 il cultivait des roses et des tulipes. Dix ans plus tard, la famille a vendu la p\u00e9pini\u00e8re et Peter a poursuivi sa carri\u00e8re en tant que responsable de la culture des poivrons, avant de devenir chef de produit pour les engrais chez un grand fournisseur de produits horticoles. <\/p>\n\n\n\n<p>Sa curiosit\u00e9 a \u00e9t\u00e9 \u00e9veill\u00e9e par la composition des engrais, et il a constat\u00e9 que les engrais conventionnels \u00e9taient nocifs pour la terre, car la plupart d&rsquo;entre eux sont bas\u00e9s sur des produits chimiques agressifs.<\/p>\n\n\n\n<p>Il savait qu&rsquo;il devait y avoir un moyen de trouver une solution plus durable et a donc consacr\u00e9 son temps \u00e0 tester des moyens d&rsquo;extraire les nutriments des flux de d\u00e9chets tels que ceux des brasseries, des usines de recyclage et des entreprises de transformation des aliments.<\/p>\n\n\n\n<p>Peter a cr\u00e9\u00e9 Biota Nutri pour continuer \u00e0 fabriquer des engrais de la mani\u00e8re la plus durable possible et pour offrir un avenir durable aux agriculteurs.<\/p>\n<\/div>\n\n\n\n<div class=\"wp-block-column is-vertically-aligned-center is-layout-flow wp-block-column-is-layout-flow\" style=\"flex-basis:33.3%\">\n<div class=\"person aligncenter wp-block-biota-nutri-person\">\n    <div class=\"acf-innerblocks-container\">\n\n<figure class=\"wp-block-image aligncenter size-full is-style-default\"><img loading=\"lazy\" decoding=\"async\" width=\"497\" height=\"741\" src=\"https:\/\/biota.nu\/wp-content\/uploads\/Peter-25-Crop.jpg\" alt=\"\" class=\"wp-image-9863\" srcset=\"https:\/\/biota.nu\/wp-content\/uploads\/Peter-25-Crop.jpg 497w, https:\/\/biota.nu\/wp-content\/uploads\/Peter-25-Crop-201x300.jpg 201w\" sizes=\"auto, (max-width: 497px) 100vw, 497px\" \/><\/figure>\n\n\n<div class=\"floating-content align wp-block-biota-nutri-floating-content\">\n    <div class=\"acf-innerblocks-container\">\n\n<p class=\"has-text-align-center\">Peter Klein<\/p>\n\n\n\n<p class=\"has-text-align-center\">Fondateur et directeur technique<\/p>\n\n<\/div>\n<\/div>\n\n<\/div>\n<\/div>\n<\/div>\n<\/div>\n\n<\/div>\n    <\/div>\n\n    <div class=\"bottom-wave\">\n        <svg xmlns=\"http:\/\/www.w3.org\/2000\/svg\" viewBox=\"0 0 1000 100\" preserveAspectRatio=\"none\">\n            <path d=\"M421.9,6.5c22.6-2.5,51.5,0.4,75.5,5.3c23.6,4.9,70.9,23.5,100.5,35.7c75.8,32.2,133.7,44.5,192.6,49.7\n\tc23.6,2.1,48.7,3.5,103.4-2.5c54.7-6,106.2-25.6,106.2-25.6V0H0v30.3c0,0,72,32.6,158.4,30.5c39.2-0.7,92.8-6.7,134-22.4\n\tc21.2-8.1,52.2-18.2,79.7-24.2C399.3,7.9,411.6,7.5,421.9,6.5z\"><\/path>\n        <\/svg>\n    <\/div>\n<\/div>\n\n<div style=\"--inline-transform-translate-x: px; --inline-transform-translate-y: px;\" class=\"decoration-image align wp-block-biota-nutri-decoration-image\">\n    <div class=\"acf-innerblocks-container\">\n\n<figure class=\"wp-block-image size-large is-resized\"><img loading=\"lazy\" decoding=\"async\" width=\"522\" height=\"1024\" src=\"https:\/\/biota.nu\/wp-content\/uploads\/Apple-2-522x1024.png\" alt=\"\" class=\"wp-image-9231\" style=\"width:229px;height:auto\" srcset=\"https:\/\/biota.nu\/wp-content\/uploads\/Apple-2-522x1024.png 522w, https:\/\/biota.nu\/wp-content\/uploads\/Apple-2-153x300.png 153w, https:\/\/biota.nu\/wp-content\/uploads\/Apple-2-768x1507.png 768w, https:\/\/biota.nu\/wp-content\/uploads\/Apple-2-783x1536.png 783w, https:\/\/biota.nu\/wp-content\/uploads\/Apple-2-1044x2048.png 1044w, https:\/\/biota.nu\/wp-content\/uploads\/Apple-2-600x1177.png 600w, https:\/\/biota.nu\/wp-content\/uploads\/Apple-2.png 1267w\" sizes=\"auto, (max-width: 522px) 100vw, 522px\" \/><\/figure>\n\n<\/div>\n<\/div>\n\n<div class=\"wp-block-group is-layout-constrained wp-block-group-is-layout-constrained\" style=\"margin-bottom:6em\">\n<div class=\"wp-block-group is-content-justification-center is-layout-constrained wp-block-group-is-layout-constrained\">\n<h2 class=\"wp-block-heading has-text-align-left\" style=\"margin-bottom:0\">Recherche et d\u00e9veloppement<\/h2>\n\n\n\n<p class=\"has-text-align-left has-secondary-color has-text-color has-link-color has-large-font-size wp-elements-1c22ae2653627d46a5dfcb171e357001\" style=\"margin-top:0.5em;margin-bottom:0.5em\">Recherche et d\u00e9veloppement de Biota Nutri<\/p>\n<\/div>\n\n\n\n<p>Biota Nutri dispose d&rsquo;un d\u00e9partement de recherche et d\u00e9veloppement (R&amp;D). Ce d\u00e9partement est charg\u00e9 de d\u00e9velopper et d&rsquo;optimiser de nouveaux proc\u00e9d\u00e9s de r\u00e9cup\u00e9ration et de s\u00e9paration des nutriments. Les proc\u00e9d\u00e9s d\u00e9velopp\u00e9s sont respectueux de l&rsquo;environnement car ils ont une tr\u00e8s faible empreinte CO2. Nous effectuons des contr\u00f4les de qualit\u00e9 sur nos produits dans notre propre laboratoire.   <\/p>\n<\/div>\n\n<h3 class=\"wp-block-heading has-text-align-center\" style=\"margin-bottom:2em\">Les propri\u00e9t\u00e9s uniques des produits Biota Nutri<\/h3>\n\n<figure class=\"wp-block-image aligncenter size-large is-resized is-style-default\"><img loading=\"lazy\" decoding=\"async\" width=\"1024\" height=\"405\" src=\"https:\/\/biota.nu\/wp-content\/uploads\/Advantages-1024x405.png\" alt=\"\" class=\"wp-image-8948\" style=\"width:1190px;height:auto\" srcset=\"https:\/\/biota.nu\/wp-content\/uploads\/Advantages-1024x405.png 1024w, https:\/\/biota.nu\/wp-content\/uploads\/Advantages-300x119.png 300w, https:\/\/biota.nu\/wp-content\/uploads\/Advantages-768x303.png 768w, https:\/\/biota.nu\/wp-content\/uploads\/Advantages-600x237.png 600w, https:\/\/biota.nu\/wp-content\/uploads\/Advantages.png 1463w\" sizes=\"auto, (max-width: 1024px) 100vw, 1024px\" \/><\/figure>\n","protected":false},"excerpt":{"rendered":"<p>Biota Nutri d\u00e9veloppe, produit et distribue des engrais organiques pour l&rsquo;agriculture et l&rsquo;horticulture. Nous menons en permanence des activit\u00e9s de recherche et de d\u00e9veloppement dans [&hellip;]<\/p>\n","protected":false},"author":1,"featured_media":0,"parent":0,"menu_order":0,"comment_status":"closed","ping_status":"closed","template":"","meta":{"footnotes":""},"class_list":["post-10753","page","type-page","status-publish","hentry"],"yoast_head":"<!-- This site is optimized with the Yoast SEO plugin v27.5 - https:\/\/yoast.com\/product\/yoast-seo-wordpress\/ -->\n<title>Notre histoire - Biota Nutri<\/title>\n<meta name=\"robots\" content=\"index, follow, max-snippet:-1, max-image-preview:large, max-video-preview:-1\" \/>\n<link rel=\"canonical\" href=\"https:\/\/biota.nu\/fr\/notre-histoire\/\" \/>\n<meta property=\"og:locale\" content=\"fr_FR\" \/>\n<meta property=\"og:type\" content=\"article\" \/>\n<meta property=\"og:title\" content=\"Notre histoire - Biota Nutri\" \/>\n<meta property=\"og:description\" content=\"Biota Nutri d\u00e9veloppe, produit et distribue des engrais organiques pour l&rsquo;agriculture et l&rsquo;horticulture. Nous menons en permanence des activit\u00e9s de recherche et de d\u00e9veloppement dans [&hellip;]\" \/>\n<meta property=\"og:url\" content=\"https:\/\/biota.nu\/fr\/notre-histoire\/\" \/>\n<meta property=\"og:site_name\" content=\"Biota Nutri\" \/>\n<meta property=\"article:modified_time\" content=\"2025-03-19T11:10:10+00:00\" \/>\n<meta property=\"og:image\" content=\"https:\/\/biota.nu\/wp-content\/uploads\/Stawberry-2-621x1024.png\" \/>\n<meta name=\"twitter:card\" content=\"summary_large_image\" \/>\n<meta name=\"twitter:label1\" content=\"Dur\u00e9e de lecture estim\u00e9e\" \/>\n\t<meta name=\"twitter:data1\" content=\"2 minutes\" \/>\n<script type=\"application\/ld+json\" class=\"yoast-schema-graph\">{\"@context\":\"https:\\\/\\\/schema.org\",\"@graph\":[{\"@type\":\"WebPage\",\"@id\":\"https:\\\/\\\/biota.nu\\\/fr\\\/notre-histoire\\\/\",\"url\":\"https:\\\/\\\/biota.nu\\\/fr\\\/notre-histoire\\\/\",\"name\":\"Notre histoire - Biota Nutri\",\"isPartOf\":{\"@id\":\"https:\\\/\\\/biota.nu\\\/fr\\\/#website\"},\"primaryImageOfPage\":{\"@id\":\"https:\\\/\\\/biota.nu\\\/fr\\\/notre-histoire\\\/#primaryimage\"},\"image\":{\"@id\":\"https:\\\/\\\/biota.nu\\\/fr\\\/notre-histoire\\\/#primaryimage\"},\"thumbnailUrl\":\"https:\\\/\\\/biota.nu\\\/wp-content\\\/uploads\\\/Stawberry-2-621x1024.png\",\"datePublished\":\"2023-12-27T16:37:05+00:00\",\"dateModified\":\"2025-03-19T11:10:10+00:00\",\"breadcrumb\":{\"@id\":\"https:\\\/\\\/biota.nu\\\/fr\\\/notre-histoire\\\/#breadcrumb\"},\"inLanguage\":\"fr-FR\",\"potentialAction\":[{\"@type\":\"ReadAction\",\"target\":[\"https:\\\/\\\/biota.nu\\\/fr\\\/notre-histoire\\\/\"]}]},{\"@type\":\"ImageObject\",\"inLanguage\":\"fr-FR\",\"@id\":\"https:\\\/\\\/biota.nu\\\/fr\\\/notre-histoire\\\/#primaryimage\",\"url\":\"https:\\\/\\\/biota.nu\\\/wp-content\\\/uploads\\\/Stawberry-2-621x1024.png\",\"contentUrl\":\"https:\\\/\\\/biota.nu\\\/wp-content\\\/uploads\\\/Stawberry-2-621x1024.png\"},{\"@type\":\"BreadcrumbList\",\"@id\":\"https:\\\/\\\/biota.nu\\\/fr\\\/notre-histoire\\\/#breadcrumb\",\"itemListElement\":[{\"@type\":\"ListItem\",\"position\":1,\"name\":\"Home\",\"item\":\"https:\\\/\\\/biota.nu\\\/fr\\\/?page_id=10262\"},{\"@type\":\"ListItem\",\"position\":2,\"name\":\"Notre histoire\"}]},{\"@type\":\"WebSite\",\"@id\":\"https:\\\/\\\/biota.nu\\\/fr\\\/#website\",\"url\":\"https:\\\/\\\/biota.nu\\\/fr\\\/\",\"name\":\"Biota Nutri\",\"description\":\"\",\"publisher\":{\"@id\":\"https:\\\/\\\/biota.nu\\\/fr\\\/#organization\"},\"potentialAction\":[{\"@type\":\"SearchAction\",\"target\":{\"@type\":\"EntryPoint\",\"urlTemplate\":\"https:\\\/\\\/biota.nu\\\/fr\\\/?s={search_term_string}\"},\"query-input\":{\"@type\":\"PropertyValueSpecification\",\"valueRequired\":true,\"valueName\":\"search_term_string\"}}],\"inLanguage\":\"fr-FR\"},{\"@type\":\"Organization\",\"@id\":\"https:\\\/\\\/biota.nu\\\/fr\\\/#organization\",\"name\":\"Biota Nutri\",\"url\":\"https:\\\/\\\/biota.nu\\\/fr\\\/\",\"logo\":{\"@type\":\"ImageObject\",\"inLanguage\":\"fr-FR\",\"@id\":\"https:\\\/\\\/biota.nu\\\/fr\\\/#\\\/schema\\\/logo\\\/image\\\/\",\"url\":\"https:\\\/\\\/biota.nu\\\/wp-content\\\/uploads\\\/Biota-Nutri-R.png\",\"contentUrl\":\"https:\\\/\\\/biota.nu\\\/wp-content\\\/uploads\\\/Biota-Nutri-R.png\",\"width\":300,\"height\":220,\"caption\":\"Biota Nutri\"},\"image\":{\"@id\":\"https:\\\/\\\/biota.nu\\\/fr\\\/#\\\/schema\\\/logo\\\/image\\\/\"}}]}<\/script>\n<!-- \/ Yoast SEO plugin. -->","yoast_head_json":{"title":"Notre histoire - Biota Nutri","robots":{"index":"index","follow":"follow","max-snippet":"max-snippet:-1","max-image-preview":"max-image-preview:large","max-video-preview":"max-video-preview:-1"},"canonical":"https:\/\/biota.nu\/fr\/notre-histoire\/","og_locale":"fr_FR","og_type":"article","og_title":"Notre histoire - Biota Nutri","og_description":"Biota Nutri d\u00e9veloppe, produit et distribue des engrais organiques pour l&rsquo;agriculture et l&rsquo;horticulture. Nous menons en permanence des activit\u00e9s de recherche et de d\u00e9veloppement dans [&hellip;]","og_url":"https:\/\/biota.nu\/fr\/notre-histoire\/","og_site_name":"Biota Nutri","article_modified_time":"2025-03-19T11:10:10+00:00","og_image":[{"url":"https:\/\/biota.nu\/wp-content\/uploads\/Stawberry-2-621x1024.png","type":"","width":"","height":""}],"twitter_card":"summary_large_image","twitter_misc":{"Dur\u00e9e de lecture estim\u00e9e":"2 minutes"},"schema":{"@context":"https:\/\/schema.org","@graph":[{"@type":"WebPage","@id":"https:\/\/biota.nu\/fr\/notre-histoire\/","url":"https:\/\/biota.nu\/fr\/notre-histoire\/","name":"Notre histoire - Biota Nutri","isPartOf":{"@id":"https:\/\/biota.nu\/fr\/#website"},"primaryImageOfPage":{"@id":"https:\/\/biota.nu\/fr\/notre-histoire\/#primaryimage"},"image":{"@id":"https:\/\/biota.nu\/fr\/notre-histoire\/#primaryimage"},"thumbnailUrl":"https:\/\/biota.nu\/wp-content\/uploads\/Stawberry-2-621x1024.png","datePublished":"2023-12-27T16:37:05+00:00","dateModified":"2025-03-19T11:10:10+00:00","breadcrumb":{"@id":"https:\/\/biota.nu\/fr\/notre-histoire\/#breadcrumb"},"inLanguage":"fr-FR","potentialAction":[{"@type":"ReadAction","target":["https:\/\/biota.nu\/fr\/notre-histoire\/"]}]},{"@type":"ImageObject","inLanguage":"fr-FR","@id":"https:\/\/biota.nu\/fr\/notre-histoire\/#primaryimage","url":"https:\/\/biota.nu\/wp-content\/uploads\/Stawberry-2-621x1024.png","contentUrl":"https:\/\/biota.nu\/wp-content\/uploads\/Stawberry-2-621x1024.png"},{"@type":"BreadcrumbList","@id":"https:\/\/biota.nu\/fr\/notre-histoire\/#breadcrumb","itemListElement":[{"@type":"ListItem","position":1,"name":"Home","item":"https:\/\/biota.nu\/fr\/?page_id=10262"},{"@type":"ListItem","position":2,"name":"Notre histoire"}]},{"@type":"WebSite","@id":"https:\/\/biota.nu\/fr\/#website","url":"https:\/\/biota.nu\/fr\/","name":"Biota Nutri","description":"","publisher":{"@id":"https:\/\/biota.nu\/fr\/#organization"},"potentialAction":[{"@type":"SearchAction","target":{"@type":"EntryPoint","urlTemplate":"https:\/\/biota.nu\/fr\/?s={search_term_string}"},"query-input":{"@type":"PropertyValueSpecification","valueRequired":true,"valueName":"search_term_string"}}],"inLanguage":"fr-FR"},{"@type":"Organization","@id":"https:\/\/biota.nu\/fr\/#organization","name":"Biota Nutri","url":"https:\/\/biota.nu\/fr\/","logo":{"@type":"ImageObject","inLanguage":"fr-FR","@id":"https:\/\/biota.nu\/fr\/#\/schema\/logo\/image\/","url":"https:\/\/biota.nu\/wp-content\/uploads\/Biota-Nutri-R.png","contentUrl":"https:\/\/biota.nu\/wp-content\/uploads\/Biota-Nutri-R.png","width":300,"height":220,"caption":"Biota Nutri"},"image":{"@id":"https:\/\/biota.nu\/fr\/#\/schema\/logo\/image\/"}}]}},"acf":[],"_links":{"self":[{"href":"https:\/\/biota.nu\/fr\/wp-json\/wp\/v2\/pages\/10753","targetHints":{"allow":["GET"]}}],"collection":[{"href":"https:\/\/biota.nu\/fr\/wp-json\/wp\/v2\/pages"}],"about":[{"href":"https:\/\/biota.nu\/fr\/wp-json\/wp\/v2\/types\/page"}],"author":[{"embeddable":true,"href":"https:\/\/biota.nu\/fr\/wp-json\/wp\/v2\/users\/1"}],"replies":[{"embeddable":true,"href":"https:\/\/biota.nu\/fr\/wp-json\/wp\/v2\/comments?post=10753"}],"version-history":[{"count":2,"href":"https:\/\/biota.nu\/fr\/wp-json\/wp\/v2\/pages\/10753\/revisions"}],"predecessor-version":[{"id":10775,"href":"https:\/\/biota.nu\/fr\/wp-json\/wp\/v2\/pages\/10753\/revisions\/10775"}],"wp:attachment":[{"href":"https:\/\/biota.nu\/fr\/wp-json\/wp\/v2\/media?parent=10753"}],"curies":[{"name":"wp","href":"https:\/\/api.w.org\/{rel}","templated":true}]}}