{"id":10891,"date":"2024-02-22T22:06:00","date_gmt":"2024-02-22T22:06:00","guid":{"rendered":"https:\/\/biota.nu\/technologie\/"},"modified":"2025-08-15T09:52:57","modified_gmt":"2025-08-15T09:52:57","slug":"technologie","status":"publish","type":"page","link":"https:\/\/biota.nu\/fr\/technologie\/","title":{"rendered":"Technologie"},"content":{"rendered":"\n<div class=\"banner alignfull wp-block-biota-nutri-banner\">\n    <img loading=\"lazy\" decoding=\"async\" src=\"https:\/\/biota.nu\/wp-content\/uploads\/ONP-1-fotor-20240222135816.png\" width=\"1478\" height=\"490\" alt=\"\" \/>\n\n    <div class=\"acf-innerblocks-container\">\n\n<h1 class=\"wp-block-heading has-text-align-center has-gargantuan-font-size\" style=\"font-style:normal;font-weight:900\">Notre technologie<\/h1>\n\n<\/div>\n\n    <svg xmlns=\"http:\/\/www.w3.org\/2000\/svg\" viewBox=\"0 0 1000 100\" preserveAspectRatio=\"none\">\n        <path d=\"M790.5,93.1c-59.3-5.3-116.8-18-192.6-50c-29.6-12.7-76.9-31-100.5-35.9c-23.6-4.9-52.6-7.8-75.5-5.3\n\tc-10.2,1.1-22.6,1.4-50.1,7.4c-27.2,6.3-58.2,16.6-79.4,24.7c-41.3,15.9-94.9,21.9-134,22.6C72,58.2,0,25.8,0,25.8V100h1000V65.3\n\tc0,0-51.5,19.4-106.2,25.7C839.5,97,814.1,95.2,790.5,93.1z\"><\/path>\n    <\/svg>\n<\/div>\n\n\n\n<h1 class=\"wp-block-heading has-text-align-left\">Syst\u00e8me de production de nitrate organique (ONP)<\/h1>\n\n\n\n<div class=\"wp-block-columns is-layout-flex wp-container-core-columns-is-layout-28f84493 wp-block-columns-is-layout-flex\">\n<div class=\"wp-block-column is-layout-flow wp-block-column-is-layout-flow\">\n<figure class=\"wp-block-image size-large is-resized\"><img loading=\"lazy\" decoding=\"async\" width=\"1024\" height=\"341\" src=\"https:\/\/biota.nu\/wp-content\/uploads\/ONP-graphic-4-1024x341.png\" alt=\"\" class=\"wp-image-9053\" style=\"width:471px;height:auto\" srcset=\"https:\/\/biota.nu\/wp-content\/uploads\/ONP-graphic-4-1024x341.png 1024w, https:\/\/biota.nu\/wp-content\/uploads\/ONP-graphic-4-300x100.png 300w, https:\/\/biota.nu\/wp-content\/uploads\/ONP-graphic-4-768x256.png 768w, https:\/\/biota.nu\/wp-content\/uploads\/ONP-graphic-4-600x200.png 600w, https:\/\/biota.nu\/wp-content\/uploads\/ONP-graphic-4.png 1280w\" sizes=\"auto, (max-width: 1024px) 100vw, 1024px\" \/><\/figure>\n<\/div>\n\n\n\n<div class=\"wp-block-column is-layout-flow wp-block-column-is-layout-flow\">\n<ul class=\"wp-block-list\">\n<li>Le syst\u00e8me Biota (ONP) est une solution \u00e9volutive de culture biologique<\/li>\n\n\n\n<li>Il fournit du nitrate tout au long de l&rsquo;ann\u00e9e pour toutes vos cultures.<\/li>\n\n\n\n<li>Les syst\u00e8mes ONP sont enti\u00e8rement durables  <\/li>\n<\/ul>\n\n\n\n<p><\/p>\n<\/div>\n<\/div>\n\n\n\n<h2 class=\"wp-block-heading has-text-align-left\">Comment cela fonctionne-t-il ?<\/h2>\n\n\n\n<div class=\"wp-block-columns is-layout-flex wp-container-core-columns-is-layout-28f84493 wp-block-columns-is-layout-flex\">\n<div class=\"wp-block-column is-layout-flow wp-block-column-is-layout-flow\">\n<p>L&rsquo;ONP fonctionne avec des bact\u00e9ries nitrifiantes sp\u00e9cifiques de Biota, qui sont aliment\u00e9es par une solution d&rsquo;azote enti\u00e8rement v\u00e9g\u00e9tale de Biota.  <\/p>\n\n\n\n<p>Les compos\u00e9s azot\u00e9s sont d\u00e9compos\u00e9s en ammoniac, puis transform\u00e9s en nitrates par les bact\u00e9ries.<\/p>\n\n\n\n<p><\/p>\n<\/div>\n\n\n\n<div class=\"wp-block-column is-layout-flow wp-block-column-is-layout-flow\">\n<figure class=\"wp-block-image size-large is-resized\"><img loading=\"lazy\" decoding=\"async\" width=\"1024\" height=\"438\" src=\"https:\/\/biota.nu\/wp-content\/uploads\/ONP-graphic-2-1024x438.png\" alt=\"\" class=\"wp-image-9042\" style=\"width:400px;height:auto\" srcset=\"https:\/\/biota.nu\/wp-content\/uploads\/ONP-graphic-2-1024x438.png 1024w, https:\/\/biota.nu\/wp-content\/uploads\/ONP-graphic-2-300x128.png 300w, https:\/\/biota.nu\/wp-content\/uploads\/ONP-graphic-2-768x328.png 768w, https:\/\/biota.nu\/wp-content\/uploads\/ONP-graphic-2-1536x657.png 1536w, https:\/\/biota.nu\/wp-content\/uploads\/ONP-graphic-2-600x256.png 600w, https:\/\/biota.nu\/wp-content\/uploads\/ONP-graphic-2.png 1722w\" sizes=\"auto, (max-width: 1024px) 100vw, 1024px\" \/><\/figure>\n<\/div>\n<\/div>\n\n\n\n<p><\/p>\n\n\n\n<h3 class=\"wp-block-heading has-text-align-center\"><\/h3>\n\n\n\n<h2 class=\"wp-block-heading has-text-align-left\">Nitrate constant<\/h2>\n\n\n\n<div style=\"--inline-background-color: #6ab023; --inline-text-color: #FFFFFF;  margin-top:6em;margin-bottom:6em;\" class=\"wave-container alignfull wp-block-biota-nutri-wave-container\">\n    <img decoding=\"async\" src=\"\" width=\"\" height=\"\" alt=\"\" \/>\n\n    <div class=\"top-wave\">\n        <svg xmlns=\"http:\/\/www.w3.org\/2000\/svg\" viewBox=\"0 0 1000 100\" preserveAspectRatio=\"none\">\n            <path d=\"M421.9,6.5c22.6-2.5,51.5,0.4,75.5,5.3c23.6,4.9,70.9,23.5,100.5,35.7c75.8,32.2,133.7,44.5,192.6,49.7\n\tc23.6,2.1,48.7,3.5,103.4-2.5c54.7-6,106.2-25.6,106.2-25.6V0H0v30.3c0,0,72,32.6,158.4,30.5c39.2-0.7,92.8-6.7,134-22.4\n\tc21.2-8.1,52.2-18.2,79.7-24.2C399.3,7.9,411.6,7.5,421.9,6.5z\"><\/path>\n        <\/svg>\n    <\/div>\n\n    <div class=\"container\">\n        <div class=\"acf-innerblocks-container\">\n\n<p>L&rsquo;ONP peut \u00eatre utilis\u00e9 de diff\u00e9rentes mani\u00e8res. Un bior\u00e9acteur \u00e0 grande \u00e9chelle peut r\u00e9pondre aux besoins en nitrates de toutes vos cultures tout au long de l&rsquo;ann\u00e9e. Un syst\u00e8me plus petit peut \u00eatre utilis\u00e9 pour la production de base, afin de r\u00e9pondre \u00e0 la demande de nitrate pendant les mois les plus froids. Pendant les mois les plus chauds, le syst\u00e8me est soutenu par l&rsquo;ajout d&rsquo;une autre source de nitrate par l&rsquo;interm\u00e9diaire des r\u00e9servoirs d&rsquo;engrais traditionnels.   <\/p>\n\n<\/div>\n    <\/div>\n\n    <div class=\"bottom-wave\">\n        <svg xmlns=\"http:\/\/www.w3.org\/2000\/svg\" viewBox=\"0 0 1000 100\" preserveAspectRatio=\"none\">\n            <path d=\"M421.9,6.5c22.6-2.5,51.5,0.4,75.5,5.3c23.6,4.9,70.9,23.5,100.5,35.7c75.8,32.2,133.7,44.5,192.6,49.7\n\tc23.6,2.1,48.7,3.5,103.4-2.5c54.7-6,106.2-25.6,106.2-25.6V0H0v30.3c0,0,72,32.6,158.4,30.5c39.2-0.7,92.8-6.7,134-22.4\n\tc21.2-8.1,52.2-18.2,79.7-24.2C399.3,7.9,411.6,7.5,421.9,6.5z\"><\/path>\n        <\/svg>\n    <\/div>\n<\/div>\n\n\n\n<div style=\"--inline-transform-translate-x: 0px; --inline-transform-translate-y: 0px;\" class=\"decoration-image position-right alignright wp-block-biota-nutri-decoration-image\">\n    <div class=\"acf-innerblocks-container\">\n\n<figure class=\"wp-block-image alignright size-large is-resized\"><img loading=\"lazy\" decoding=\"async\" width=\"836\" height=\"1024\" src=\"https:\/\/biota.nu\/wp-content\/uploads\/Tomato-2-836x1024.png\" alt=\"\" class=\"wp-image-9173\" style=\"width:248px;height:auto\" srcset=\"https:\/\/biota.nu\/wp-content\/uploads\/Tomato-2-836x1024.png 836w, https:\/\/biota.nu\/wp-content\/uploads\/Tomato-2-245x300.png 245w, https:\/\/biota.nu\/wp-content\/uploads\/Tomato-2-768x941.png 768w, https:\/\/biota.nu\/wp-content\/uploads\/Tomato-2-600x735.png 600w, https:\/\/biota.nu\/wp-content\/uploads\/Tomato-2.png 956w\" sizes=\"auto, (max-width: 836px) 100vw, 836px\" \/><\/figure>\n\n<\/div>\n<\/div>\n\n\n\n<h2 class=\"wp-block-heading has-text-align-left\">Les avantages d&rsquo;un syst\u00e8me ONP de Biota<\/h2>\n\n\n\n<p>Les avantages d&rsquo;un syst\u00e8me ONP de Biota<\/p>\n\n\n\n<p class=\"has-text-align-left\">Contr\u00f4le et ajustement constants des nutriments pour un rendement maximal<\/p>\n\n\n\n<p class=\"has-text-align-left\">Fournit aux bact\u00e9ries les conditions optimales pour se d\u00e9velopper.<\/p>\n\n\n\n<p class=\"has-text-align-left\">Contr\u00f4lez les niveaux de pH avant et apr\u00e8s le processus de nitrification.<\/p>\n\n\n\n<p class=\"has-text-align-left\">Les temp\u00e9ratures, la vitesse d&rsquo;\u00e9coulement et les niveaux d&rsquo;oxyg\u00e8ne sont enti\u00e8rement contr\u00f4l\u00e9s.<\/p>\n\n\n\n<p class=\"has-text-align-left\">Durable avec un risque r\u00e9duit car aucune pressurisation du syst\u00e8me n&rsquo;est n\u00e9cessaire<\/p>\n\n\n\n<h2 class=\"wp-block-heading has-text-align-left\">Production de nitrates<\/h2>\n\n\n\n<div style=\"--inline-transform-translate-x: 150px; --inline-transform-translate-y: 0px;\" class=\"decoration-image position-right alignright wp-block-biota-nutri-decoration-image\">\n    <div class=\"acf-innerblocks-container\">\n\n<figure class=\"wp-block-image size-large is-resized\"><img loading=\"lazy\" decoding=\"async\" width=\"1024\" height=\"681\" src=\"https:\/\/biota.nu\/wp-content\/uploads\/Kiwi-1-1024x681.png\" alt=\"\" class=\"wp-image-9188\" style=\"width:478px;height:auto\" srcset=\"https:\/\/biota.nu\/wp-content\/uploads\/Kiwi-1-1024x681.png 1024w, https:\/\/biota.nu\/wp-content\/uploads\/Kiwi-1-300x199.png 300w, https:\/\/biota.nu\/wp-content\/uploads\/Kiwi-1-768x511.png 768w, https:\/\/biota.nu\/wp-content\/uploads\/Kiwi-1-1536x1021.png 1536w, https:\/\/biota.nu\/wp-content\/uploads\/Kiwi-1-2048x1362.png 2048w, https:\/\/biota.nu\/wp-content\/uploads\/Kiwi-1-600x399.png 600w\" sizes=\"auto, (max-width: 1024px) 100vw, 1024px\" \/><\/figure>\n\n<\/div>\n<\/div>\n\n\n\n<div class=\"wp-block-columns is-layout-flex wp-container-core-columns-is-layout-28f84493 wp-block-columns-is-layout-flex\">\n<div class=\"wp-block-column is-layout-flow wp-block-column-is-layout-flow\" style=\"flex-basis:33.33%\">\n<ol class=\"wp-block-list\">\n<li>Le syst\u00e8me ONP de Biota est une conception exclusive comprenant de multiples composants<\/li>\n\n\n\n<li>Le bior\u00e9acteur est le foyer des bact\u00e9ries o\u00f9 se produit la nitrification.<\/li>\n\n\n\n<li>Le silo de production de nitrate alimente le bior\u00e9acteur en solution enrichie d&rsquo;azote v\u00e9g\u00e9tal Biota \u00e0 l&rsquo;entr\u00e9e (4).<\/li>\n\n\n\n<li>Une pompe \u00e0 nanobulles a\u00e8re les m\u00e9langes pour acc\u00e9l\u00e9rer la nitrification a\u00e9robie.<\/li>\n\n\n\n<li>La solution est circul\u00e9e en continu afin d&rsquo;obtenir la concentration de nitrate n\u00e9cessaire \u00e0 votre culture.<\/li>\n\n\n\n<li>L&rsquo;unit\u00e9 de m\u00e9lange ONPS agit comme un troisi\u00e8me r\u00e9servoir d&rsquo;engrais pour r\u00e9duire les variations de temp\u00e9rature, de concentration en nitrates, de pH et d&rsquo;autres facteurs dans le bior\u00e9acteur.<\/li>\n\n\n\n<li>Apr\u00e8s l&rsquo;irrigation, l&rsquo;eau de drainage sera filtr\u00e9e et r\u00e9utilis\u00e9e apr\u00e8s oxyg\u00e9nation.<\/li>\n<\/ol>\n<\/div>\n\n\n\n<div class=\"wp-block-column is-layout-flow wp-block-column-is-layout-flow\" style=\"flex-basis:66.66%\">\n<figure class=\"wp-block-image size-large is-resized\"><img loading=\"lazy\" decoding=\"async\" width=\"1024\" height=\"548\" src=\"https:\/\/biota.nu\/wp-content\/uploads\/ONP-Diag-1-1024x548.png\" alt=\"\" class=\"wp-image-9044\" style=\"width:921px;height:auto\" srcset=\"https:\/\/biota.nu\/wp-content\/uploads\/ONP-Diag-1-1024x548.png 1024w, https:\/\/biota.nu\/wp-content\/uploads\/ONP-Diag-1-300x160.png 300w, https:\/\/biota.nu\/wp-content\/uploads\/ONP-Diag-1-768x411.png 768w, https:\/\/biota.nu\/wp-content\/uploads\/ONP-Diag-1-600x321.png 600w, https:\/\/biota.nu\/wp-content\/uploads\/ONP-Diag-1.png 1208w\" sizes=\"auto, (max-width: 1024px) 100vw, 1024px\" \/><\/figure>\n<\/div>\n<\/div>\n\n\n\n<h2 class=\"wp-block-heading has-text-align-left\">Les avantages d&rsquo;un syst\u00e8me ONP de Biota<\/h2>\n\n\n\n<ul class=\"wp-block-list\">\n<li>Fournit aux bact\u00e9ries les conditions optimales pour se d\u00e9velopper.<\/li>\n\n\n\n<li>Contr\u00f4le et ajustement constants des nutriments pour un rendement maximal<\/li>\n\n\n\n<li>Contr\u00f4lez les niveaux de pH avant et apr\u00e8s le processus de nitrification.<\/li>\n\n\n\n<li>Les temp\u00e9ratures, la vitesse d&rsquo;\u00e9coulement et les niveaux d&rsquo;oxyg\u00e8ne sont enti\u00e8rement contr\u00f4l\u00e9s.<\/li>\n\n\n\n<li>Durable avec un risque r\u00e9duit car aucune pressurisation du syst\u00e8me n&rsquo;est n\u00e9cessaire<\/li>\n<\/ul>\n\n\n\n<h2 class=\"wp-block-heading has-text-align-left\">Pourquoi Biota ONP<\/h2>\n\n\n\n<div class=\"wp-block-columns is-layout-flex wp-container-core-columns-is-layout-28f84493 wp-block-columns-is-layout-flex\">\n<div class=\"wp-block-column is-layout-flow wp-block-column-is-layout-flow\" style=\"flex-basis:66.66%\">\n<p>Le processus de nitrification de Biota vous aide \u00e0 cultiver de mani\u00e8re plus durable. La production chimique de nitrate consomme beaucoup d&rsquo;\u00e9nergie, environ 1,2 % de l&rsquo;\u00e9nergie mondiale est consacr\u00e9e \u00e0 la production de nitrate. Si vous souhaitez r\u00e9duire votre empreinte et pr\u00e9parer votre entreprise pour l&rsquo;avenir, le syst\u00e8me ONP de Biota est fait pour vous.  <\/p>\n<\/div>\n\n\n\n<div class=\"wp-block-column is-layout-flow wp-block-column-is-layout-flow\" style=\"flex-basis:33.33%\">\n<figure class=\"wp-block-image alignleft size-full\"><img loading=\"lazy\" decoding=\"async\" width=\"121\" height=\"116\" src=\"https:\/\/biota.nu\/wp-content\/uploads\/Co2-1.png\" alt=\"\" class=\"wp-image-9057\"\/><\/figure>\n<\/div>\n<\/div>\n\n\n\n<h2 class=\"wp-block-heading has-text-align-left\">Nous pouvons vous aider<\/h2>\n\n\n\n<p><\/p>\n\n\n\n<div class=\"wp-block-columns is-layout-flex wp-container-core-columns-is-layout-28f84493 wp-block-columns-is-layout-flex\">\n<div class=\"wp-block-column is-layout-flow wp-block-column-is-layout-flow\" style=\"flex-basis:66.66%\">\n<p>Parlez-nous de vos objectifs de projet et nous vous montrerons comment&#8230;  <\/p>\n\n\n\n<figure class=\"wp-block-image size-large is-resized\"><img loading=\"lazy\" decoding=\"async\" width=\"819\" height=\"1024\" src=\"https:\/\/biota.nu\/wp-content\/uploads\/Biota-Nutri-2021-Andor-Kranenburg-3443-819x1024.jpg\" alt=\"\" class=\"wp-image-9561\" style=\"width:338px;height:auto\" srcset=\"https:\/\/biota.nu\/wp-content\/uploads\/Biota-Nutri-2021-Andor-Kranenburg-3443-819x1024.jpg 819w, https:\/\/biota.nu\/wp-content\/uploads\/Biota-Nutri-2021-Andor-Kranenburg-3443-240x300.jpg 240w, https:\/\/biota.nu\/wp-content\/uploads\/Biota-Nutri-2021-Andor-Kranenburg-3443-768x960.jpg 768w, https:\/\/biota.nu\/wp-content\/uploads\/Biota-Nutri-2021-Andor-Kranenburg-3443-1229x1536.jpg 1229w, https:\/\/biota.nu\/wp-content\/uploads\/Biota-Nutri-2021-Andor-Kranenburg-3443-1639x2048.jpg 1639w, https:\/\/biota.nu\/wp-content\/uploads\/Biota-Nutri-2021-Andor-Kranenburg-3443-600x750.jpg 600w, https:\/\/biota.nu\/wp-content\/uploads\/Biota-Nutri-2021-Andor-Kranenburg-3443-scaled.jpg 2048w\" sizes=\"auto, (max-width: 819px) 100vw, 819px\" \/><\/figure>\n\n\n\n<p>Contactez-nous d\u00e8s aujourd&rsquo;hui <a href=\"mailto:info@biota.nu\">info@biota.nu<\/a><\/p>\n<\/div>\n<\/div>\n\n\n\n<h2 class=\"wp-block-heading has-text-align-left\">Croissance de l&rsquo;ONP &#8211; D\u00e9veloppez votre activit\u00e9 et votre rendement<\/h2>\n","protected":false},"excerpt":{"rendered":"<p>Syst\u00e8me de production de nitrate organique (ONP) Comment cela fonctionne-t-il ? L&rsquo;ONP fonctionne avec des bact\u00e9ries nitrifiantes sp\u00e9cifiques de Biota, qui sont aliment\u00e9es par une [&hellip;]<\/p>\n","protected":false},"author":3,"featured_media":10893,"parent":0,"menu_order":0,"comment_status":"closed","ping_status":"closed","template":"","meta":{"footnotes":""},"class_list":["post-10891","page","type-page","status-publish","has-post-thumbnail","hentry"],"yoast_head":"<!-- This site is optimized with the Yoast SEO plugin v27.3 - https:\/\/yoast.com\/product\/yoast-seo-wordpress\/ -->\n<title>Technologie - Biota Nutri<\/title>\n<meta name=\"robots\" content=\"index, follow, max-snippet:-1, max-image-preview:large, max-video-preview:-1\" \/>\n<link rel=\"canonical\" href=\"https:\/\/biota.nu\/fr\/technologie\/\" \/>\n<meta property=\"og:locale\" content=\"fr_FR\" \/>\n<meta property=\"og:type\" content=\"article\" \/>\n<meta property=\"og:title\" content=\"Technologie - Biota Nutri\" \/>\n<meta property=\"og:description\" content=\"Syst\u00e8me de production de nitrate organique (ONP) Comment cela fonctionne-t-il ? L&rsquo;ONP fonctionne avec des bact\u00e9ries nitrifiantes sp\u00e9cifiques de Biota, qui sont aliment\u00e9es par une [&hellip;]\" \/>\n<meta property=\"og:url\" content=\"https:\/\/biota.nu\/fr\/technologie\/\" \/>\n<meta property=\"og:site_name\" content=\"Biota Nutri\" \/>\n<meta property=\"article:modified_time\" content=\"2025-08-15T09:52:57+00:00\" \/>\n<meta property=\"og:image\" content=\"https:\/\/biota.nu\/wp-content\/uploads\/ONP-1-fotor-20240222135816.png\" \/>\n\t<meta property=\"og:image:width\" content=\"1478\" \/>\n\t<meta property=\"og:image:height\" content=\"490\" \/>\n\t<meta property=\"og:image:type\" content=\"image\/png\" \/>\n<meta name=\"twitter:card\" content=\"summary_large_image\" \/>\n<meta name=\"twitter:label1\" content=\"Dur\u00e9e de lecture estim\u00e9e\" \/>\n\t<meta name=\"twitter:data1\" content=\"4 minutes\" \/>\n<script type=\"application\/ld+json\" class=\"yoast-schema-graph\">{\"@context\":\"https:\\\/\\\/schema.org\",\"@graph\":[{\"@type\":\"WebPage\",\"@id\":\"https:\\\/\\\/biota.nu\\\/fr\\\/technologie\\\/\",\"url\":\"https:\\\/\\\/biota.nu\\\/fr\\\/technologie\\\/\",\"name\":\"Technologie - Biota Nutri\",\"isPartOf\":{\"@id\":\"https:\\\/\\\/biota.nu\\\/fr\\\/#website\"},\"primaryImageOfPage\":{\"@id\":\"https:\\\/\\\/biota.nu\\\/fr\\\/technologie\\\/#primaryimage\"},\"image\":{\"@id\":\"https:\\\/\\\/biota.nu\\\/fr\\\/technologie\\\/#primaryimage\"},\"thumbnailUrl\":\"https:\\\/\\\/biota.nu\\\/wp-content\\\/uploads\\\/ONP-1-fotor-20240222135816.png\",\"datePublished\":\"2024-02-22T22:06:00+00:00\",\"dateModified\":\"2025-08-15T09:52:57+00:00\",\"breadcrumb\":{\"@id\":\"https:\\\/\\\/biota.nu\\\/fr\\\/technologie\\\/#breadcrumb\"},\"inLanguage\":\"fr-FR\",\"potentialAction\":[{\"@type\":\"ReadAction\",\"target\":[\"https:\\\/\\\/biota.nu\\\/fr\\\/technologie\\\/\"]}]},{\"@type\":\"ImageObject\",\"inLanguage\":\"fr-FR\",\"@id\":\"https:\\\/\\\/biota.nu\\\/fr\\\/technologie\\\/#primaryimage\",\"url\":\"https:\\\/\\\/biota.nu\\\/wp-content\\\/uploads\\\/ONP-1-fotor-20240222135816.png\",\"contentUrl\":\"https:\\\/\\\/biota.nu\\\/wp-content\\\/uploads\\\/ONP-1-fotor-20240222135816.png\",\"width\":1478,\"height\":490},{\"@type\":\"BreadcrumbList\",\"@id\":\"https:\\\/\\\/biota.nu\\\/fr\\\/technologie\\\/#breadcrumb\",\"itemListElement\":[{\"@type\":\"ListItem\",\"position\":1,\"name\":\"Home\",\"item\":\"https:\\\/\\\/biota.nu\\\/fr\\\/?page_id=10262\"},{\"@type\":\"ListItem\",\"position\":2,\"name\":\"Technologie\"}]},{\"@type\":\"WebSite\",\"@id\":\"https:\\\/\\\/biota.nu\\\/fr\\\/#website\",\"url\":\"https:\\\/\\\/biota.nu\\\/fr\\\/\",\"name\":\"Biota Nutri\",\"description\":\"\",\"publisher\":{\"@id\":\"https:\\\/\\\/biota.nu\\\/fr\\\/#organization\"},\"potentialAction\":[{\"@type\":\"SearchAction\",\"target\":{\"@type\":\"EntryPoint\",\"urlTemplate\":\"https:\\\/\\\/biota.nu\\\/fr\\\/?s={search_term_string}\"},\"query-input\":{\"@type\":\"PropertyValueSpecification\",\"valueRequired\":true,\"valueName\":\"search_term_string\"}}],\"inLanguage\":\"fr-FR\"},{\"@type\":\"Organization\",\"@id\":\"https:\\\/\\\/biota.nu\\\/fr\\\/#organization\",\"name\":\"Biota Nutri\",\"url\":\"https:\\\/\\\/biota.nu\\\/fr\\\/\",\"logo\":{\"@type\":\"ImageObject\",\"inLanguage\":\"fr-FR\",\"@id\":\"https:\\\/\\\/biota.nu\\\/fr\\\/#\\\/schema\\\/logo\\\/image\\\/\",\"url\":\"https:\\\/\\\/biota.nu\\\/wp-content\\\/uploads\\\/Biota-Nutri-R.png\",\"contentUrl\":\"https:\\\/\\\/biota.nu\\\/wp-content\\\/uploads\\\/Biota-Nutri-R.png\",\"width\":300,\"height\":220,\"caption\":\"Biota Nutri\"},\"image\":{\"@id\":\"https:\\\/\\\/biota.nu\\\/fr\\\/#\\\/schema\\\/logo\\\/image\\\/\"}}]}<\/script>\n<!-- \/ Yoast SEO plugin. -->","yoast_head_json":{"title":"Technologie - Biota Nutri","robots":{"index":"index","follow":"follow","max-snippet":"max-snippet:-1","max-image-preview":"max-image-preview:large","max-video-preview":"max-video-preview:-1"},"canonical":"https:\/\/biota.nu\/fr\/technologie\/","og_locale":"fr_FR","og_type":"article","og_title":"Technologie - Biota Nutri","og_description":"Syst\u00e8me de production de nitrate organique (ONP) Comment cela fonctionne-t-il ? L&rsquo;ONP fonctionne avec des bact\u00e9ries nitrifiantes sp\u00e9cifiques de Biota, qui sont aliment\u00e9es par une [&hellip;]","og_url":"https:\/\/biota.nu\/fr\/technologie\/","og_site_name":"Biota Nutri","article_modified_time":"2025-08-15T09:52:57+00:00","og_image":[{"width":1478,"height":490,"url":"https:\/\/biota.nu\/wp-content\/uploads\/ONP-1-fotor-20240222135816.png","type":"image\/png"}],"twitter_card":"summary_large_image","twitter_misc":{"Dur\u00e9e de lecture estim\u00e9e":"4 minutes"},"schema":{"@context":"https:\/\/schema.org","@graph":[{"@type":"WebPage","@id":"https:\/\/biota.nu\/fr\/technologie\/","url":"https:\/\/biota.nu\/fr\/technologie\/","name":"Technologie - Biota Nutri","isPartOf":{"@id":"https:\/\/biota.nu\/fr\/#website"},"primaryImageOfPage":{"@id":"https:\/\/biota.nu\/fr\/technologie\/#primaryimage"},"image":{"@id":"https:\/\/biota.nu\/fr\/technologie\/#primaryimage"},"thumbnailUrl":"https:\/\/biota.nu\/wp-content\/uploads\/ONP-1-fotor-20240222135816.png","datePublished":"2024-02-22T22:06:00+00:00","dateModified":"2025-08-15T09:52:57+00:00","breadcrumb":{"@id":"https:\/\/biota.nu\/fr\/technologie\/#breadcrumb"},"inLanguage":"fr-FR","potentialAction":[{"@type":"ReadAction","target":["https:\/\/biota.nu\/fr\/technologie\/"]}]},{"@type":"ImageObject","inLanguage":"fr-FR","@id":"https:\/\/biota.nu\/fr\/technologie\/#primaryimage","url":"https:\/\/biota.nu\/wp-content\/uploads\/ONP-1-fotor-20240222135816.png","contentUrl":"https:\/\/biota.nu\/wp-content\/uploads\/ONP-1-fotor-20240222135816.png","width":1478,"height":490},{"@type":"BreadcrumbList","@id":"https:\/\/biota.nu\/fr\/technologie\/#breadcrumb","itemListElement":[{"@type":"ListItem","position":1,"name":"Home","item":"https:\/\/biota.nu\/fr\/?page_id=10262"},{"@type":"ListItem","position":2,"name":"Technologie"}]},{"@type":"WebSite","@id":"https:\/\/biota.nu\/fr\/#website","url":"https:\/\/biota.nu\/fr\/","name":"Biota Nutri","description":"","publisher":{"@id":"https:\/\/biota.nu\/fr\/#organization"},"potentialAction":[{"@type":"SearchAction","target":{"@type":"EntryPoint","urlTemplate":"https:\/\/biota.nu\/fr\/?s={search_term_string}"},"query-input":{"@type":"PropertyValueSpecification","valueRequired":true,"valueName":"search_term_string"}}],"inLanguage":"fr-FR"},{"@type":"Organization","@id":"https:\/\/biota.nu\/fr\/#organization","name":"Biota Nutri","url":"https:\/\/biota.nu\/fr\/","logo":{"@type":"ImageObject","inLanguage":"fr-FR","@id":"https:\/\/biota.nu\/fr\/#\/schema\/logo\/image\/","url":"https:\/\/biota.nu\/wp-content\/uploads\/Biota-Nutri-R.png","contentUrl":"https:\/\/biota.nu\/wp-content\/uploads\/Biota-Nutri-R.png","width":300,"height":220,"caption":"Biota Nutri"},"image":{"@id":"https:\/\/biota.nu\/fr\/#\/schema\/logo\/image\/"}}]}},"acf":[],"_links":{"self":[{"href":"https:\/\/biota.nu\/fr\/wp-json\/wp\/v2\/pages\/10891","targetHints":{"allow":["GET"]}}],"collection":[{"href":"https:\/\/biota.nu\/fr\/wp-json\/wp\/v2\/pages"}],"about":[{"href":"https:\/\/biota.nu\/fr\/wp-json\/wp\/v2\/types\/page"}],"author":[{"embeddable":true,"href":"https:\/\/biota.nu\/fr\/wp-json\/wp\/v2\/users\/3"}],"replies":[{"embeddable":true,"href":"https:\/\/biota.nu\/fr\/wp-json\/wp\/v2\/comments?post=10891"}],"version-history":[{"count":3,"href":"https:\/\/biota.nu\/fr\/wp-json\/wp\/v2\/pages\/10891\/revisions"}],"predecessor-version":[{"id":11454,"href":"https:\/\/biota.nu\/fr\/wp-json\/wp\/v2\/pages\/10891\/revisions\/11454"}],"wp:featuredmedia":[{"embeddable":true,"href":"https:\/\/biota.nu\/fr\/wp-json\/wp\/v2\/media\/10893"}],"wp:attachment":[{"href":"https:\/\/biota.nu\/fr\/wp-json\/wp\/v2\/media?parent=10891"}],"curies":[{"name":"wp","href":"https:\/\/api.w.org\/{rel}","templated":true}]}}