{"id":12204,"date":"2026-02-10T14:48:26","date_gmt":"2026-02-10T14:48:26","guid":{"rendered":"https:\/\/biota.nu\/test-de-lagriculture-biologique\/"},"modified":"2026-02-27T07:26:53","modified_gmt":"2026-02-27T07:26:53","slug":"test-de-lagriculture-biologique","status":"publish","type":"page","link":"https:\/\/biota.nu\/fr\/test-de-lagriculture-biologique\/","title":{"rendered":"Agriculture biologique"},"content":{"rendered":"\n<div class=\"banner alignfull wp-block-biota-nutri-banner\">\n    <img loading=\"lazy\" decoding=\"async\" src=\"https:\/\/biota.nu\/wp-content\/uploads\/vertical-farm-Biota-Nutri-2-scaled-1.jpg\" width=\"2560\" height=\"1110\" alt=\"\" \/>\n\n    <div class=\"acf-innerblocks-container\">\n\n<h1 class=\"wp-block-heading has-text-align-center has-gargantuan-font-size\" style=\"font-style:normal;font-weight:900\">Agriculture biologique<\/h1>\n\n<\/div>\n\n    <svg xmlns=\"http:\/\/www.w3.org\/2000\/svg\" viewBox=\"0 0 1000 100\" preserveAspectRatio=\"none\">\n        <path d=\"M790.5,93.1c-59.3-5.3-116.8-18-192.6-50c-29.6-12.7-76.9-31-100.5-35.9c-23.6-4.9-52.6-7.8-75.5-5.3\n\tc-10.2,1.1-22.6,1.4-50.1,7.4c-27.2,6.3-58.2,16.6-79.4,24.7c-41.3,15.9-94.9,21.9-134,22.6C72,58.2,0,25.8,0,25.8V100h1000V65.3\n\tc0,0-51.5,19.4-106.2,25.7C839.5,97,814.1,95.2,790.5,93.1z\"><\/path>\n    <\/svg>\n<\/div>\n\n<h2 class=\"wp-block-heading has-text-align-left\">Soutenir la croissance naturelle et la r\u00e9silience<\/h2>\n\n<p>\u00cates-vous confront\u00e9 \u00e0 une disponibilit\u00e9 limit\u00e9e des nutriments ou \u00e0 une sensibilit\u00e9 accrue au stress dans le cadre d&rsquo;une culture biologique ? En tant que cultivateur biologique, vous travaillez \u00e0 partir d&rsquo;une vision qui se concentre sur la sant\u00e9 des plantes, la vie du sol et l&rsquo;\u00e9quilibre naturel. Biota Nutri offre des solutions durables qui soutiennent ces processus, sans perturber les principes de culture naturels.  <\/p>\n\n<p>Nos produits aident les plantes \u00e0 utiliser plus efficacement les nutriments disponibles. Gr\u00e2ce \u00e0 des formulations facilement absorbables, nous soutenons les processus naturels de croissance, en particulier dans des conditions de sol changeantes et dans des moments de stress tels que le froid, la s\u00e9cheresse ou une pression accrue des maladies. <\/p>\n\n<h2 class=\"wp-block-heading has-text-align-left\">Applications dans le cadre de la culture biologique<\/h2>\n\n<div class=\"wp-block-columns is-layout-flex wp-container-core-columns-is-layout-28f84493 wp-block-columns-is-layout-flex\">\n<div class=\"wp-block-column is-layout-flow wp-block-column-is-layout-flow\">\n<ul class=\"wp-block-list\">\n<li>Horticulture en serre : avant le d\u00e9but de la culture et dans la phase de la soucoupe pour permettre \u00e0 la plante de prendre de la force.<\/li>\n\n\n\n<li>Horticulture : favoriser la croissance, la qualit\u00e9 et l&rsquo;uniformit\u00e9 des cultures intensives<\/li>\n\n\n\n<li>Agriculture : pour un bon d\u00e9part lorsque la temp\u00e9rature du sol est encore trop basse et id\u00e9ale pour les r\u00e9glages fins.<\/li>\n\n\n\n<li>Arboriculture : pour une correction cibl\u00e9e des d\u00e9ficiences et un soutien \u00e0 la r\u00e9silience et \u00e0 l&rsquo;activit\u00e9 des racines.<\/li>\n\n\n\n<li>Cultures biologiques ouvertes : meilleure utilisation des nutriments avec une disponibilit\u00e9 limit\u00e9e<\/li>\n\n\n\n<li>Moments de stress : soutenir la r\u00e9silience des plantes en cas de stress naturel<\/li>\n<\/ul>\n\n\n\n<p><\/p>\n<\/div>\n\n\n\n<div class=\"wp-block-column is-layout-flow wp-block-column-is-layout-flow\">\n<figure class=\"wp-block-image size-large is-resized\"><img loading=\"lazy\" decoding=\"async\" width=\"1024\" height=\"444\" src=\"https:\/\/biota.nu\/wp-content\/uploads\/vertical-farm-Biota-Nutri-2-scaled-1-1024x444.jpg\" alt=\"\" class=\"wp-image-9431\" style=\"width:417px;height:auto\" srcset=\"https:\/\/biota.nu\/wp-content\/uploads\/vertical-farm-Biota-Nutri-2-scaled-1-1024x444.jpg 1024w, https:\/\/biota.nu\/wp-content\/uploads\/vertical-farm-Biota-Nutri-2-scaled-1-300x130.jpg 300w, https:\/\/biota.nu\/wp-content\/uploads\/vertical-farm-Biota-Nutri-2-scaled-1-768x333.jpg 768w, https:\/\/biota.nu\/wp-content\/uploads\/vertical-farm-Biota-Nutri-2-scaled-1-1536x666.jpg 1536w, https:\/\/biota.nu\/wp-content\/uploads\/vertical-farm-Biota-Nutri-2-scaled-1-2048x888.jpg 2048w, https:\/\/biota.nu\/wp-content\/uploads\/vertical-farm-Biota-Nutri-2-scaled-1-600x260.jpg 600w\" sizes=\"auto, (max-width: 1024px) 100vw, 1024px\" \/><\/figure>\n<\/div>\n<\/div>\n\n<p class=\"has-text-align-center\"><\/p>\n\n<div style=\"--inline-background-color: #6ab023; --inline-text-color: #FFFFFF;  margin-top:6em;margin-bottom:6em;\" class=\"wave-container alignfull wp-block-biota-nutri-wave-container\">\n    <img decoding=\"async\" src=\"\" width=\"\" height=\"\" alt=\"\" \/>\n\n    <div class=\"top-wave\">\n        <svg xmlns=\"http:\/\/www.w3.org\/2000\/svg\" viewBox=\"0 0 1000 100\" preserveAspectRatio=\"none\">\n            <path d=\"M421.9,6.5c22.6-2.5,51.5,0.4,75.5,5.3c23.6,4.9,70.9,23.5,100.5,35.7c75.8,32.2,133.7,44.5,192.6,49.7\n\tc23.6,2.1,48.7,3.5,103.4-2.5c54.7-6,106.2-25.6,106.2-25.6V0H0v30.3c0,0,72,32.6,158.4,30.5c39.2-0.7,92.8-6.7,134-22.4\n\tc21.2-8.1,52.2-18.2,79.7-24.2C399.3,7.9,411.6,7.5,421.9,6.5z\"><\/path>\n        <\/svg>\n    <\/div>\n\n    <div class=\"container\">\n        <div class=\"acf-innerblocks-container\">\n\n<p class=\"has-text-align-center\"><em>\u00ab\u00a0Des cultures solides commencent par le soutien des processus naturels\u00a0\u00bb.<\/em><\/p>\n\n<\/div>\n    <\/div>\n\n    <div class=\"bottom-wave\">\n        <svg xmlns=\"http:\/\/www.w3.org\/2000\/svg\" viewBox=\"0 0 1000 100\" preserveAspectRatio=\"none\">\n            <path d=\"M421.9,6.5c22.6-2.5,51.5,0.4,75.5,5.3c23.6,4.9,70.9,23.5,100.5,35.7c75.8,32.2,133.7,44.5,192.6,49.7\n\tc23.6,2.1,48.7,3.5,103.4-2.5c54.7-6,106.2-25.6,106.2-25.6V0H0v30.3c0,0,72,32.6,158.4,30.5c39.2-0.7,92.8-6.7,134-22.4\n\tc21.2-8.1,52.2-18.2,79.7-24.2C399.3,7.9,411.6,7.5,421.9,6.5z\"><\/path>\n        <\/svg>\n    <\/div>\n<\/div>\n\n<div style=\"--inline-transform-translate-x: 0px; --inline-transform-translate-y: 0px;\" class=\"decoration-image position-right alignright wp-block-biota-nutri-decoration-image\">\n    <div class=\"acf-innerblocks-container\">\n\n<figure class=\"wp-block-image alignright size-large is-resized\"><img loading=\"lazy\" decoding=\"async\" width=\"836\" height=\"1024\" src=\"https:\/\/biota.nu\/wp-content\/uploads\/Tomato-2-836x1024.png\" alt=\"\" class=\"wp-image-9173\" style=\"width:248px;height:auto\" srcset=\"https:\/\/biota.nu\/wp-content\/uploads\/Tomato-2-836x1024.png 836w, https:\/\/biota.nu\/wp-content\/uploads\/Tomato-2-245x300.png 245w, https:\/\/biota.nu\/wp-content\/uploads\/Tomato-2-768x941.png 768w, https:\/\/biota.nu\/wp-content\/uploads\/Tomato-2-600x735.png 600w, https:\/\/biota.nu\/wp-content\/uploads\/Tomato-2.png 956w\" sizes=\"auto, (max-width: 836px) 100vw, 836px\" \/><\/figure>\n\n<\/div>\n<\/div>\n\n<h2 class=\"wp-block-heading\">Avantages pour les producteurs biologiques<\/h2>\n\n<p>&#8211; Soutien des processus de croissance naturels<br\/>&#8211; Am\u00e9lioration de la r\u00e9sistance et de la vitalit\u00e9 des plantes<br\/>&#8211; Utilisation efficace des nutriments disponibles<br\/>&#8211; Convient aux syst\u00e8mes de culture durables et biologiques gr\u00e2ce aux certifications appropri\u00e9es<br\/>&#8211; Soutien pratique sans perturbation du sol et de la culture<\/p>\n\n<h2 class=\"wp-block-heading has-text-align-left\">Produits adapt\u00e9s \u00e0 la culture biologique<\/h2>\n\n<p>Dans le cadre de la culture biologique, il existe des exigences sp\u00e9cifiques concernant l&rsquo;origine, la composition et l&rsquo;application des produits. Biota Nutri propose une s\u00e9lection de produits applicables dans le cadre de la culture biologique, en fonction de la certification et des r\u00e9glementations locales. <\/p>\n\n<p>Les produits suivants peuvent \u00eatre utilis\u00e9s dans les syst\u00e8mes de culture biologique :<\/p>\n\n<ul class=\"wp-block-list\">\n<li><strong><a href=\"https:\/\/biota.nu\/fr\/produit\/biota-phos-8\/\" type=\"product\" id=\"9326\">Biota Phos<\/a><\/strong>: favorise la formation des racines et un d\u00e9marrage en douceur de la culture.<\/li>\n\n\n\n<li><strong><a href=\"https:\/\/biota.nu\/fr\/produit\/biota-kalium-15\/\" type=\"product\" id=\"9329\">Biota Potassium<\/a><\/strong>Le potassium contribue \u00e0 la fermet\u00e9, \u00e0 l&rsquo;\u00e9quilibre hydrique et \u00e0 l&rsquo;am\u00e9lioration de la qualit\u00e9.<\/li>\n\n\n\n<li><strong><a href=\"https:\/\/biota.nu\/fr\/produit\/poudre-de-fer-biota-13\/\" type=\"product\" id=\"9312\">Biota Fer en poudre<\/a><\/strong>La poudre de fer Biota : favorise la couleur saine des feuilles et la photosynth\u00e8se lorsque le fer est n\u00e9cessaire.<\/li>\n\n\n\n<li><strong><a href=\"https:\/\/biota.nu\/fr\/produit\/biota-calcium-8\/\" type=\"product\" id=\"8721\">Biota Calcium<\/a><\/strong>Calcium : renforce les parois cellulaires et contribue \u00e0 am\u00e9liorer la qualit\u00e9 des r\u00e9coltes.<\/li>\n\n\n\n<li><strong><a href=\"https:\/\/biota.nu\/fr\/produit\/biota-nitro-v2\/\" type=\"product\" id=\"9322\">Biota Nitro V2<\/a><\/strong>: support azot\u00e9 pour soutenir la croissance et le d\u00e9veloppement des feuilles.<\/li>\n\n\n\n<li><strong><a href=\"https:\/\/biota.nu\/fr\/produit\/biota-nitro-nk-3-0-9\/\" type=\"link\" id=\"https:\/\/biota.nu\/nl\/product\/biota-nitro-nk-3-0-9\/\">Biota NP 3-0-9<\/a><\/strong>: Formulation de NP pour une nutrition cibl\u00e9e et un \u00e9quilibre de la croissance v\u00e9g\u00e9tative.<\/li>\n\n\n\n<li><strong><a href=\"https:\/\/biota.nu\/nl\/producten\/\" type=\"link\" id=\"https:\/\/biota.nu\/nl\/producten\/\">Biota NPK High Organic<\/a><\/strong>NPK organique pour une croissance r\u00e9guli\u00e8re et naturelle.<\/li>\n\n\n\n<li><strong><a href=\"https:\/\/biota.nu\/nl\/producten\/\" type=\"link\" id=\"https:\/\/biota.nu\/nl\/producten\/\">Biota NPK Low Organic<\/a><\/strong>NPK : nutriment organique doux pour l&rsquo;entretien et l&rsquo;ajustement.<\/li>\n\n\n\n<li><strong><a href=\"https:\/\/biota.nu\/nl\/producten\/\" type=\"link\" id=\"https:\/\/biota.nu\/nl\/producten\/\">Oligo-\u00e9l\u00e9ments<\/a><\/strong>: micronutriments essentiels pour soutenir les processus naturels des plantes.<\/li>\n<\/ul>\n\n<p>Ces produits favorisent les processus de croissance naturels, l&rsquo;utilisation des nutriments et la r\u00e9sistance des plantes, sans perturber les principes de la culture biologique.<\/p>\n\n<div style=\"--inline-transform-translate-x: 150px; --inline-transform-translate-y: 0px;\" class=\"decoration-image position-right alignright wp-block-biota-nutri-decoration-image\">\n    <div class=\"acf-innerblocks-container\">\n\n<figure class=\"wp-block-image size-large is-resized\"><img loading=\"lazy\" decoding=\"async\" width=\"1024\" height=\"681\" src=\"https:\/\/biota.nu\/wp-content\/uploads\/Kiwi-1-1024x681.png\" alt=\"\" class=\"wp-image-9188\" style=\"width:478px;height:auto\" srcset=\"https:\/\/biota.nu\/wp-content\/uploads\/Kiwi-1-1024x681.png 1024w, https:\/\/biota.nu\/wp-content\/uploads\/Kiwi-1-300x199.png 300w, https:\/\/biota.nu\/wp-content\/uploads\/Kiwi-1-768x511.png 768w, https:\/\/biota.nu\/wp-content\/uploads\/Kiwi-1-1536x1021.png 1536w, https:\/\/biota.nu\/wp-content\/uploads\/Kiwi-1-2048x1362.png 2048w, https:\/\/biota.nu\/wp-content\/uploads\/Kiwi-1-600x399.png 600w\" sizes=\"auto, (max-width: 1024px) 100vw, 1024px\" \/><\/figure>\n\n<\/div>\n<\/div>\n\n<h3 class=\"wp-block-heading has-text-align-left\">Enregistrements et r\u00e9glementations<\/h3>\n\n<p>Pour les producteurs biologiques, la transparence est essentielle. Biota Nutri r\u00e9fl\u00e9chit au choix et \u00e0 l&rsquo;application des produits dans le respect des lois et r\u00e9glementations en vigueur. La coordination avec les autorit\u00e9s d&rsquo;enregistrement et les conseillers en culture est essentielle \u00e0 cet \u00e9gard.  <\/p>\n\n<div class=\"wp-block-buttons is-layout-flex wp-block-buttons-is-layout-flex\">\n<div class=\"wp-block-button\"><a class=\"wp-block-button__link wp-element-button\" href=\"https:\/\/biota.nu\/fr\/certifications-et-enregistrements-de-biota-nutri\/\">Consultez nos inscriptions<\/a><\/div>\n<\/div>\n\n<div class=\"wp-block-buttons is-layout-flex wp-block-buttons-is-layout-flex\"><\/div>\n\n<h2 class=\"wp-block-heading has-text-align-left\">Biota Nutri en tant que partenaire de connaissances dans le domaine de la culture biologique<\/h2>\n\n<div class=\"wp-block-columns is-layout-flex wp-container-core-columns-is-layout-28f84493 wp-block-columns-is-layout-flex\">\n<div class=\"wp-block-column is-layout-flow wp-block-column-is-layout-flow\">\n<p>Vous voulez savoir quelles solutions Biota Nutri conviennent \u00e0 votre culture biologique ? N&rsquo;h\u00e9sitez pas \u00e0 nous contacter pour obtenir des conseils personnalis\u00e9s et sp\u00e9cifiques \u00e0 votre culture. <\/p>\n\n\n\n<div class=\"wp-block-buttons is-layout-flex wp-block-buttons-is-layout-flex\">\n<div class=\"wp-block-button\"><a class=\"wp-block-button__link wp-element-button\" href=\"tel:31850475710\">Appelez-nous<\/a><\/div>\n\n\n\n<div class=\"wp-block-button\"><a class=\"wp-block-button__link wp-element-button\" href=\"mailto:info@biota.nu\">Envoyez-nous un courrier<\/a><\/div>\n<\/div>\n\n\n\n<p>Que vous pratiquiez la culture biologique ou <span style=\"text-decoration: underline;\"><strong>culture conventionnelle<\/strong><\/span>Biota Nutri est votre partenaire en mati\u00e8re de connaissances. Gr\u00e2ce \u00e0 une connaissance approfondie des produits, \u00e0 une exp\u00e9rience pratique et \u00e0 des conseils ax\u00e9s sur la culture, nous vous aidons \u00e0 faire des choix durables adapt\u00e9s \u00e0 votre culture, \u00e0 votre syst\u00e8me de culture et \u00e0 vos objectifs commerciaux. <\/p>\n<\/div>\n<\/div>\n\n<figure class=\"wp-block-image size-full is-resized\"><img loading=\"lazy\" decoding=\"async\" width=\"1024\" height=\"768\" src=\"https:\/\/biota.nu\/wp-content\/uploads\/DGS-Biota-bundelt-krachten-met-De-Groot-en-Slot-en-REKA-2-edited.jpg\" alt=\"\" class=\"wp-image-12014\" style=\"width:461px;height:auto\" srcset=\"https:\/\/biota.nu\/wp-content\/uploads\/DGS-Biota-bundelt-krachten-met-De-Groot-en-Slot-en-REKA-2-edited.jpg 1024w, https:\/\/biota.nu\/wp-content\/uploads\/DGS-Biota-bundelt-krachten-met-De-Groot-en-Slot-en-REKA-2-edited-300x225.jpg 300w, https:\/\/biota.nu\/wp-content\/uploads\/DGS-Biota-bundelt-krachten-met-De-Groot-en-Slot-en-REKA-2-edited-768x576.jpg 768w, https:\/\/biota.nu\/wp-content\/uploads\/DGS-Biota-bundelt-krachten-met-De-Groot-en-Slot-en-REKA-2-edited-600x450.jpg 600w\" sizes=\"auto, (max-width: 1024px) 100vw, 1024px\" \/><\/figure>\n\n<h2 class=\"wp-block-heading has-text-align-left\">Questions fr\u00e9quemment pos\u00e9es<\/h2>\n\n<p><strong>Tous les produits sont-ils certifi\u00e9s biologiques ?<\/strong><br\/>Tous les produits ne sont pas automatiquement certifi\u00e9s. L&rsquo;applicabilit\u00e9 d\u00e9pend du produit, de la culture et de la r\u00e9glementation. <a href=\"https:\/\/biota.nu\/fr\/contact\/\" type=\"page\" id=\"9292\">Contactez-nous<\/a> pour en savoir plus.  <\/p>\n\n<p><strong>Quand les applications foliaires sont-elles judicieuses dans le cadre d&rsquo;une culture biologique ?<\/strong><br\/>En particulier en cas de carences, de moments de stress ou d&rsquo;absorption limit\u00e9e par le sol.<\/p>\n\n<p><strong>Biota Nutri peut-il contribuer \u00e0 ma strat\u00e9gie de culture ?<\/strong><br\/>Oui, nous soutenons les producteurs biologiques par des conseils pratiques et ind\u00e9pendants. Contactez-nous pour votre strat\u00e9gie de culture. <\/p>\n","protected":false},"excerpt":{"rendered":"<p>Soutenir la croissance naturelle et la r\u00e9silience \u00cates-vous confront\u00e9 \u00e0 une disponibilit\u00e9 limit\u00e9e des nutriments ou \u00e0 une sensibilit\u00e9 accrue au stress dans le cadre [&hellip;]<\/p>\n","protected":false},"author":6,"featured_media":0,"parent":0,"menu_order":0,"comment_status":"closed","ping_status":"closed","template":"","meta":{"footnotes":""},"class_list":["post-12204","page","type-page","status-publish","hentry"],"yoast_head":"<!-- This site is optimized with the Yoast SEO plugin v27.4 - https:\/\/yoast.com\/product\/yoast-seo-wordpress\/ -->\n<title>Nutrition des plantes pour la culture biologique | Solutions durables<\/title>\n<meta name=\"description\" content=\"D\u00e9couvrez les aliments pour plantes et les engrais foliaires de Biota Nutri pour la culture biologique. Favorise la croissance naturelle et l&#039;utilisation des nutriments.\" \/>\n<meta name=\"robots\" content=\"index, follow, max-snippet:-1, max-image-preview:large, max-video-preview:-1\" \/>\n<link rel=\"canonical\" href=\"https:\/\/biota.nu\/fr\/test-de-lagriculture-biologique\/\" \/>\n<meta property=\"og:locale\" content=\"fr_FR\" \/>\n<meta property=\"og:type\" content=\"article\" \/>\n<meta property=\"og:title\" content=\"Nutrition des plantes pour la culture biologique | Solutions durables\" \/>\n<meta property=\"og:description\" content=\"D\u00e9couvrez les aliments pour plantes et les engrais foliaires de Biota Nutri pour la culture biologique. Favorise la croissance naturelle et l&#039;utilisation des nutriments.\" \/>\n<meta property=\"og:url\" content=\"https:\/\/biota.nu\/fr\/test-de-lagriculture-biologique\/\" \/>\n<meta property=\"og:site_name\" content=\"Biota Nutri\" \/>\n<meta property=\"article:modified_time\" content=\"2026-02-27T07:26:53+00:00\" \/>\n<meta property=\"og:image\" content=\"https:\/\/biota.nu\/wp-content\/uploads\/vertical-farm-Biota-Nutri-2-scaled-1-1024x444.jpg\" \/>\n<meta name=\"twitter:card\" content=\"summary_large_image\" \/>\n<meta name=\"twitter:label1\" content=\"Dur\u00e9e de lecture estim\u00e9e\" \/>\n\t<meta name=\"twitter:data1\" content=\"4 minutes\" \/>\n<script type=\"application\/ld+json\" class=\"yoast-schema-graph\">{\"@context\":\"https:\\\/\\\/schema.org\",\"@graph\":[{\"@type\":\"WebPage\",\"@id\":\"https:\\\/\\\/biota.nu\\\/fr\\\/test-de-lagriculture-biologique\\\/\",\"url\":\"https:\\\/\\\/biota.nu\\\/fr\\\/test-de-lagriculture-biologique\\\/\",\"name\":\"Nutrition des plantes pour la culture biologique | Solutions durables\",\"isPartOf\":{\"@id\":\"https:\\\/\\\/biota.nu\\\/fr\\\/#website\"},\"primaryImageOfPage\":{\"@id\":\"https:\\\/\\\/biota.nu\\\/fr\\\/test-de-lagriculture-biologique\\\/#primaryimage\"},\"image\":{\"@id\":\"https:\\\/\\\/biota.nu\\\/fr\\\/test-de-lagriculture-biologique\\\/#primaryimage\"},\"thumbnailUrl\":\"https:\\\/\\\/biota.nu\\\/wp-content\\\/uploads\\\/vertical-farm-Biota-Nutri-2-scaled-1-1024x444.jpg\",\"datePublished\":\"2026-02-10T14:48:26+00:00\",\"dateModified\":\"2026-02-27T07:26:53+00:00\",\"description\":\"D\u00e9couvrez les aliments pour plantes et les engrais foliaires de Biota Nutri pour la culture biologique. Favorise la croissance naturelle et l'utilisation des nutriments.\",\"breadcrumb\":{\"@id\":\"https:\\\/\\\/biota.nu\\\/fr\\\/test-de-lagriculture-biologique\\\/#breadcrumb\"},\"inLanguage\":\"fr-FR\",\"potentialAction\":[{\"@type\":\"ReadAction\",\"target\":[\"https:\\\/\\\/biota.nu\\\/fr\\\/test-de-lagriculture-biologique\\\/\"]}]},{\"@type\":\"ImageObject\",\"inLanguage\":\"fr-FR\",\"@id\":\"https:\\\/\\\/biota.nu\\\/fr\\\/test-de-lagriculture-biologique\\\/#primaryimage\",\"url\":\"https:\\\/\\\/biota.nu\\\/wp-content\\\/uploads\\\/vertical-farm-Biota-Nutri-2-scaled-1-1024x444.jpg\",\"contentUrl\":\"https:\\\/\\\/biota.nu\\\/wp-content\\\/uploads\\\/vertical-farm-Biota-Nutri-2-scaled-1-1024x444.jpg\"},{\"@type\":\"BreadcrumbList\",\"@id\":\"https:\\\/\\\/biota.nu\\\/fr\\\/test-de-lagriculture-biologique\\\/#breadcrumb\",\"itemListElement\":[{\"@type\":\"ListItem\",\"position\":1,\"name\":\"Home\",\"item\":\"https:\\\/\\\/biota.nu\\\/fr\\\/?page_id=10262\"},{\"@type\":\"ListItem\",\"position\":2,\"name\":\"Agriculture biologique\"}]},{\"@type\":\"WebSite\",\"@id\":\"https:\\\/\\\/biota.nu\\\/fr\\\/#website\",\"url\":\"https:\\\/\\\/biota.nu\\\/fr\\\/\",\"name\":\"Biota Nutri\",\"description\":\"\",\"publisher\":{\"@id\":\"https:\\\/\\\/biota.nu\\\/fr\\\/#organization\"},\"potentialAction\":[{\"@type\":\"SearchAction\",\"target\":{\"@type\":\"EntryPoint\",\"urlTemplate\":\"https:\\\/\\\/biota.nu\\\/fr\\\/?s={search_term_string}\"},\"query-input\":{\"@type\":\"PropertyValueSpecification\",\"valueRequired\":true,\"valueName\":\"search_term_string\"}}],\"inLanguage\":\"fr-FR\"},{\"@type\":\"Organization\",\"@id\":\"https:\\\/\\\/biota.nu\\\/fr\\\/#organization\",\"name\":\"Biota Nutri\",\"url\":\"https:\\\/\\\/biota.nu\\\/fr\\\/\",\"logo\":{\"@type\":\"ImageObject\",\"inLanguage\":\"fr-FR\",\"@id\":\"https:\\\/\\\/biota.nu\\\/fr\\\/#\\\/schema\\\/logo\\\/image\\\/\",\"url\":\"https:\\\/\\\/biota.nu\\\/wp-content\\\/uploads\\\/Biota-Nutri-R.png\",\"contentUrl\":\"https:\\\/\\\/biota.nu\\\/wp-content\\\/uploads\\\/Biota-Nutri-R.png\",\"width\":300,\"height\":220,\"caption\":\"Biota Nutri\"},\"image\":{\"@id\":\"https:\\\/\\\/biota.nu\\\/fr\\\/#\\\/schema\\\/logo\\\/image\\\/\"}}]}<\/script>\n<!-- \/ Yoast SEO plugin. -->","yoast_head_json":{"title":"Nutrition des plantes pour la culture biologique | Solutions durables","description":"D\u00e9couvrez les aliments pour plantes et les engrais foliaires de Biota Nutri pour la culture biologique. Favorise la croissance naturelle et l'utilisation des nutriments.","robots":{"index":"index","follow":"follow","max-snippet":"max-snippet:-1","max-image-preview":"max-image-preview:large","max-video-preview":"max-video-preview:-1"},"canonical":"https:\/\/biota.nu\/fr\/test-de-lagriculture-biologique\/","og_locale":"fr_FR","og_type":"article","og_title":"Nutrition des plantes pour la culture biologique | Solutions durables","og_description":"D\u00e9couvrez les aliments pour plantes et les engrais foliaires de Biota Nutri pour la culture biologique. Favorise la croissance naturelle et l'utilisation des nutriments.","og_url":"https:\/\/biota.nu\/fr\/test-de-lagriculture-biologique\/","og_site_name":"Biota Nutri","article_modified_time":"2026-02-27T07:26:53+00:00","og_image":[{"url":"https:\/\/biota.nu\/wp-content\/uploads\/vertical-farm-Biota-Nutri-2-scaled-1-1024x444.jpg","type":"","width":"","height":""}],"twitter_card":"summary_large_image","twitter_misc":{"Dur\u00e9e de lecture estim\u00e9e":"4 minutes"},"schema":{"@context":"https:\/\/schema.org","@graph":[{"@type":"WebPage","@id":"https:\/\/biota.nu\/fr\/test-de-lagriculture-biologique\/","url":"https:\/\/biota.nu\/fr\/test-de-lagriculture-biologique\/","name":"Nutrition des plantes pour la culture biologique | Solutions durables","isPartOf":{"@id":"https:\/\/biota.nu\/fr\/#website"},"primaryImageOfPage":{"@id":"https:\/\/biota.nu\/fr\/test-de-lagriculture-biologique\/#primaryimage"},"image":{"@id":"https:\/\/biota.nu\/fr\/test-de-lagriculture-biologique\/#primaryimage"},"thumbnailUrl":"https:\/\/biota.nu\/wp-content\/uploads\/vertical-farm-Biota-Nutri-2-scaled-1-1024x444.jpg","datePublished":"2026-02-10T14:48:26+00:00","dateModified":"2026-02-27T07:26:53+00:00","description":"D\u00e9couvrez les aliments pour plantes et les engrais foliaires de Biota Nutri pour la culture biologique. Favorise la croissance naturelle et l'utilisation des nutriments.","breadcrumb":{"@id":"https:\/\/biota.nu\/fr\/test-de-lagriculture-biologique\/#breadcrumb"},"inLanguage":"fr-FR","potentialAction":[{"@type":"ReadAction","target":["https:\/\/biota.nu\/fr\/test-de-lagriculture-biologique\/"]}]},{"@type":"ImageObject","inLanguage":"fr-FR","@id":"https:\/\/biota.nu\/fr\/test-de-lagriculture-biologique\/#primaryimage","url":"https:\/\/biota.nu\/wp-content\/uploads\/vertical-farm-Biota-Nutri-2-scaled-1-1024x444.jpg","contentUrl":"https:\/\/biota.nu\/wp-content\/uploads\/vertical-farm-Biota-Nutri-2-scaled-1-1024x444.jpg"},{"@type":"BreadcrumbList","@id":"https:\/\/biota.nu\/fr\/test-de-lagriculture-biologique\/#breadcrumb","itemListElement":[{"@type":"ListItem","position":1,"name":"Home","item":"https:\/\/biota.nu\/fr\/?page_id=10262"},{"@type":"ListItem","position":2,"name":"Agriculture biologique"}]},{"@type":"WebSite","@id":"https:\/\/biota.nu\/fr\/#website","url":"https:\/\/biota.nu\/fr\/","name":"Biota Nutri","description":"","publisher":{"@id":"https:\/\/biota.nu\/fr\/#organization"},"potentialAction":[{"@type":"SearchAction","target":{"@type":"EntryPoint","urlTemplate":"https:\/\/biota.nu\/fr\/?s={search_term_string}"},"query-input":{"@type":"PropertyValueSpecification","valueRequired":true,"valueName":"search_term_string"}}],"inLanguage":"fr-FR"},{"@type":"Organization","@id":"https:\/\/biota.nu\/fr\/#organization","name":"Biota Nutri","url":"https:\/\/biota.nu\/fr\/","logo":{"@type":"ImageObject","inLanguage":"fr-FR","@id":"https:\/\/biota.nu\/fr\/#\/schema\/logo\/image\/","url":"https:\/\/biota.nu\/wp-content\/uploads\/Biota-Nutri-R.png","contentUrl":"https:\/\/biota.nu\/wp-content\/uploads\/Biota-Nutri-R.png","width":300,"height":220,"caption":"Biota Nutri"},"image":{"@id":"https:\/\/biota.nu\/fr\/#\/schema\/logo\/image\/"}}]}},"acf":[],"_links":{"self":[{"href":"https:\/\/biota.nu\/fr\/wp-json\/wp\/v2\/pages\/12204","targetHints":{"allow":["GET"]}}],"collection":[{"href":"https:\/\/biota.nu\/fr\/wp-json\/wp\/v2\/pages"}],"about":[{"href":"https:\/\/biota.nu\/fr\/wp-json\/wp\/v2\/types\/page"}],"author":[{"embeddable":true,"href":"https:\/\/biota.nu\/fr\/wp-json\/wp\/v2\/users\/6"}],"replies":[{"embeddable":true,"href":"https:\/\/biota.nu\/fr\/wp-json\/wp\/v2\/comments?post=12204"}],"version-history":[{"count":10,"href":"https:\/\/biota.nu\/fr\/wp-json\/wp\/v2\/pages\/12204\/revisions"}],"predecessor-version":[{"id":12545,"href":"https:\/\/biota.nu\/fr\/wp-json\/wp\/v2\/pages\/12204\/revisions\/12545"}],"wp:attachment":[{"href":"https:\/\/biota.nu\/fr\/wp-json\/wp\/v2\/media?parent=12204"}],"curies":[{"name":"wp","href":"https:\/\/api.w.org\/{rel}","templated":true}]}}