{"id":10828,"date":"2024-02-07T13:50:15","date_gmt":"2024-02-07T13:50:15","guid":{"rendered":"https:\/\/biota.nu\/product\/biota-nitro-2021\/"},"modified":"2025-03-20T13:11:14","modified_gmt":"2025-03-20T13:11:14","slug":"biota-nitro-2021","status":"publish","type":"product","link":"https:\/\/biota.nu\/fr\/produit\/biota-nitro-2021\/","title":{"rendered":"Biota Nitro 2021"},"content":{"rendered":"<p>Biota Nitro 2021 est un engrais azot\u00e9 sous forme organique qui nourrit \u00e0 la fois la plante et la vie du sol. L&rsquo;azote contenu dans Biota Nitro 2021 se compose principalement de peptides et d&rsquo;acides amin\u00e9s, des substances essentielles \u00e0 la croissance de la plante. Les acides amin\u00e9s de Biota Nitro sont fabriqu\u00e9s \u00e0 partir de r\u00e9sidus v\u00e9g\u00e9taux, ce qui signifie qu&rsquo;ils sont facilement utilisables par les plantes. Malgr\u00e9 la teneur \u00e9lev\u00e9e en mati\u00e8re organique, la solution peut \u00eatre utilis\u00e9e dans les syst\u00e8mes d&rsquo;irrigation et les lignes de goutte-\u00e0-goutte. En outre, Biota Nitro convient \u00e0 la fertilisation foliaire, par exemple lorsque la plante souffre d&rsquo;une carence en azote.    <\/p>\n","protected":false},"excerpt":{"rendered":"<p>Biota Nitro 2021 est un engrais azot\u00e9 sous forme organique qui nourrit \u00e0 la fois la plante et la vie du sol. L&rsquo;azote contenu dans [&hellip;]<\/p>\n","protected":false},"featured_media":10805,"template":"","meta":[],"product_brand":[],"product_cat":[219],"product_tag":[],"class_list":{"0":"post-10828","1":"product","2":"type-product","3":"status-publish","4":"has-post-thumbnail","6":"product_cat-engrais-a-element-unique","8":"first","9":"instock","10":"shipping-taxable","11":"product-type-simple"},"yoast_head":"<!-- This site is optimized with the Yoast SEO plugin v27.3 - https:\/\/yoast.com\/product\/yoast-seo-wordpress\/ -->\n<title>Biota Nitro 2021 - Biota Nutri<\/title>\n<meta name=\"robots\" content=\"index, follow, max-snippet:-1, max-image-preview:large, max-video-preview:-1\" \/>\n<link rel=\"canonical\" href=\"https:\/\/biota.nu\/fr\/produit\/biota-nitro-2021\/\" \/>\n<meta property=\"og:locale\" content=\"fr_FR\" \/>\n<meta property=\"og:type\" content=\"article\" \/>\n<meta property=\"og:title\" content=\"Biota Nitro 2021 - Biota Nutri\" \/>\n<meta property=\"og:description\" content=\"Biota Nitro 2021 est un engrais azot\u00e9 sous forme organique qui nourrit \u00e0 la fois la plante et la vie du sol. L&rsquo;azote contenu dans [&hellip;]\" \/>\n<meta property=\"og:url\" content=\"https:\/\/biota.nu\/fr\/produit\/biota-nitro-2021\/\" \/>\n<meta property=\"og:site_name\" content=\"Biota Nutri\" \/>\n<meta property=\"article:modified_time\" content=\"2025-03-20T13:11:14+00:00\" \/>\n<meta property=\"og:image\" content=\"https:\/\/biota.nu\/wp-content\/uploads\/IBC_dark.jpg\" \/>\n\t<meta property=\"og:image:width\" content=\"1350\" \/>\n\t<meta property=\"og:image:height\" content=\"1350\" \/>\n\t<meta property=\"og:image:type\" content=\"image\/jpeg\" \/>\n<meta name=\"twitter:card\" content=\"summary_large_image\" \/>\n<meta name=\"twitter:label1\" content=\"Dur\u00e9e de lecture estim\u00e9e\" \/>\n\t<meta name=\"twitter:data1\" content=\"1 minute\" \/>\n<script type=\"application\/ld+json\" class=\"yoast-schema-graph\">{\"@context\":\"https:\\\/\\\/schema.org\",\"@graph\":[{\"@type\":\"WebPage\",\"@id\":\"https:\\\/\\\/biota.nu\\\/fr\\\/produit\\\/biota-nitro-2021\\\/\",\"url\":\"https:\\\/\\\/biota.nu\\\/fr\\\/produit\\\/biota-nitro-2021\\\/\",\"name\":\"Biota Nitro 2021 - Biota Nutri\",\"isPartOf\":{\"@id\":\"https:\\\/\\\/biota.nu\\\/fr\\\/#website\"},\"primaryImageOfPage\":{\"@id\":\"https:\\\/\\\/biota.nu\\\/fr\\\/produit\\\/biota-nitro-2021\\\/#primaryimage\"},\"image\":{\"@id\":\"https:\\\/\\\/biota.nu\\\/fr\\\/produit\\\/biota-nitro-2021\\\/#primaryimage\"},\"thumbnailUrl\":\"https:\\\/\\\/biota.nu\\\/wp-content\\\/uploads\\\/IBC_dark.jpg\",\"datePublished\":\"2024-02-07T13:50:15+00:00\",\"dateModified\":\"2025-03-20T13:11:14+00:00\",\"breadcrumb\":{\"@id\":\"https:\\\/\\\/biota.nu\\\/fr\\\/produit\\\/biota-nitro-2021\\\/#breadcrumb\"},\"inLanguage\":\"fr-FR\",\"potentialAction\":[{\"@type\":\"ReadAction\",\"target\":[\"https:\\\/\\\/biota.nu\\\/fr\\\/produit\\\/biota-nitro-2021\\\/\"]}]},{\"@type\":\"ImageObject\",\"inLanguage\":\"fr-FR\",\"@id\":\"https:\\\/\\\/biota.nu\\\/fr\\\/produit\\\/biota-nitro-2021\\\/#primaryimage\",\"url\":\"https:\\\/\\\/biota.nu\\\/wp-content\\\/uploads\\\/IBC_dark.jpg\",\"contentUrl\":\"https:\\\/\\\/biota.nu\\\/wp-content\\\/uploads\\\/IBC_dark.jpg\",\"width\":1350,\"height\":1350},{\"@type\":\"BreadcrumbList\",\"@id\":\"https:\\\/\\\/biota.nu\\\/fr\\\/produit\\\/biota-nitro-2021\\\/#breadcrumb\",\"itemListElement\":[{\"@type\":\"ListItem\",\"position\":1,\"name\":\"Home\",\"item\":\"https:\\\/\\\/biota.nu\\\/fr\\\/?page_id=10262\"},{\"@type\":\"ListItem\",\"position\":2,\"name\":\"Produits\",\"item\":\"https:\\\/\\\/biota.nu\\\/fr\\\/?page_id=10612\"},{\"@type\":\"ListItem\",\"position\":3,\"name\":\"Biota Nitro 2021\"}]},{\"@type\":\"WebSite\",\"@id\":\"https:\\\/\\\/biota.nu\\\/fr\\\/#website\",\"url\":\"https:\\\/\\\/biota.nu\\\/fr\\\/\",\"name\":\"Biota Nutri\",\"description\":\"\",\"publisher\":{\"@id\":\"https:\\\/\\\/biota.nu\\\/fr\\\/#organization\"},\"potentialAction\":[{\"@type\":\"SearchAction\",\"target\":{\"@type\":\"EntryPoint\",\"urlTemplate\":\"https:\\\/\\\/biota.nu\\\/fr\\\/?s={search_term_string}\"},\"query-input\":{\"@type\":\"PropertyValueSpecification\",\"valueRequired\":true,\"valueName\":\"search_term_string\"}}],\"inLanguage\":\"fr-FR\"},{\"@type\":\"Organization\",\"@id\":\"https:\\\/\\\/biota.nu\\\/fr\\\/#organization\",\"name\":\"Biota Nutri\",\"url\":\"https:\\\/\\\/biota.nu\\\/fr\\\/\",\"logo\":{\"@type\":\"ImageObject\",\"inLanguage\":\"fr-FR\",\"@id\":\"https:\\\/\\\/biota.nu\\\/fr\\\/#\\\/schema\\\/logo\\\/image\\\/\",\"url\":\"https:\\\/\\\/biota.nu\\\/wp-content\\\/uploads\\\/Biota-Nutri-R.png\",\"contentUrl\":\"https:\\\/\\\/biota.nu\\\/wp-content\\\/uploads\\\/Biota-Nutri-R.png\",\"width\":300,\"height\":220,\"caption\":\"Biota Nutri\"},\"image\":{\"@id\":\"https:\\\/\\\/biota.nu\\\/fr\\\/#\\\/schema\\\/logo\\\/image\\\/\"}}]}<\/script>\n<!-- \/ Yoast SEO plugin. -->","yoast_head_json":{"title":"Biota Nitro 2021 - Biota Nutri","robots":{"index":"index","follow":"follow","max-snippet":"max-snippet:-1","max-image-preview":"max-image-preview:large","max-video-preview":"max-video-preview:-1"},"canonical":"https:\/\/biota.nu\/fr\/produit\/biota-nitro-2021\/","og_locale":"fr_FR","og_type":"article","og_title":"Biota Nitro 2021 - Biota Nutri","og_description":"Biota Nitro 2021 est un engrais azot\u00e9 sous forme organique qui nourrit \u00e0 la fois la plante et la vie du sol. L&rsquo;azote contenu dans [&hellip;]","og_url":"https:\/\/biota.nu\/fr\/produit\/biota-nitro-2021\/","og_site_name":"Biota Nutri","article_modified_time":"2025-03-20T13:11:14+00:00","og_image":[{"width":1350,"height":1350,"url":"https:\/\/biota.nu\/wp-content\/uploads\/IBC_dark.jpg","type":"image\/jpeg"}],"twitter_card":"summary_large_image","twitter_misc":{"Dur\u00e9e de lecture estim\u00e9e":"1 minute"},"schema":{"@context":"https:\/\/schema.org","@graph":[{"@type":"WebPage","@id":"https:\/\/biota.nu\/fr\/produit\/biota-nitro-2021\/","url":"https:\/\/biota.nu\/fr\/produit\/biota-nitro-2021\/","name":"Biota Nitro 2021 - Biota Nutri","isPartOf":{"@id":"https:\/\/biota.nu\/fr\/#website"},"primaryImageOfPage":{"@id":"https:\/\/biota.nu\/fr\/produit\/biota-nitro-2021\/#primaryimage"},"image":{"@id":"https:\/\/biota.nu\/fr\/produit\/biota-nitro-2021\/#primaryimage"},"thumbnailUrl":"https:\/\/biota.nu\/wp-content\/uploads\/IBC_dark.jpg","datePublished":"2024-02-07T13:50:15+00:00","dateModified":"2025-03-20T13:11:14+00:00","breadcrumb":{"@id":"https:\/\/biota.nu\/fr\/produit\/biota-nitro-2021\/#breadcrumb"},"inLanguage":"fr-FR","potentialAction":[{"@type":"ReadAction","target":["https:\/\/biota.nu\/fr\/produit\/biota-nitro-2021\/"]}]},{"@type":"ImageObject","inLanguage":"fr-FR","@id":"https:\/\/biota.nu\/fr\/produit\/biota-nitro-2021\/#primaryimage","url":"https:\/\/biota.nu\/wp-content\/uploads\/IBC_dark.jpg","contentUrl":"https:\/\/biota.nu\/wp-content\/uploads\/IBC_dark.jpg","width":1350,"height":1350},{"@type":"BreadcrumbList","@id":"https:\/\/biota.nu\/fr\/produit\/biota-nitro-2021\/#breadcrumb","itemListElement":[{"@type":"ListItem","position":1,"name":"Home","item":"https:\/\/biota.nu\/fr\/?page_id=10262"},{"@type":"ListItem","position":2,"name":"Produits","item":"https:\/\/biota.nu\/fr\/?page_id=10612"},{"@type":"ListItem","position":3,"name":"Biota Nitro 2021"}]},{"@type":"WebSite","@id":"https:\/\/biota.nu\/fr\/#website","url":"https:\/\/biota.nu\/fr\/","name":"Biota Nutri","description":"","publisher":{"@id":"https:\/\/biota.nu\/fr\/#organization"},"potentialAction":[{"@type":"SearchAction","target":{"@type":"EntryPoint","urlTemplate":"https:\/\/biota.nu\/fr\/?s={search_term_string}"},"query-input":{"@type":"PropertyValueSpecification","valueRequired":true,"valueName":"search_term_string"}}],"inLanguage":"fr-FR"},{"@type":"Organization","@id":"https:\/\/biota.nu\/fr\/#organization","name":"Biota Nutri","url":"https:\/\/biota.nu\/fr\/","logo":{"@type":"ImageObject","inLanguage":"fr-FR","@id":"https:\/\/biota.nu\/fr\/#\/schema\/logo\/image\/","url":"https:\/\/biota.nu\/wp-content\/uploads\/Biota-Nutri-R.png","contentUrl":"https:\/\/biota.nu\/wp-content\/uploads\/Biota-Nutri-R.png","width":300,"height":220,"caption":"Biota Nutri"},"image":{"@id":"https:\/\/biota.nu\/fr\/#\/schema\/logo\/image\/"}}]}},"acf":[],"_links":{"self":[{"href":"https:\/\/biota.nu\/fr\/wp-json\/wp\/v2\/product\/10828","targetHints":{"allow":["GET"]}}],"collection":[{"href":"https:\/\/biota.nu\/fr\/wp-json\/wp\/v2\/product"}],"about":[{"href":"https:\/\/biota.nu\/fr\/wp-json\/wp\/v2\/types\/product"}],"wp:featuredmedia":[{"embeddable":true,"href":"https:\/\/biota.nu\/fr\/wp-json\/wp\/v2\/media\/10805"}],"wp:attachment":[{"href":"https:\/\/biota.nu\/fr\/wp-json\/wp\/v2\/media?parent=10828"}],"wp:term":[{"taxonomy":"product_brand","embeddable":true,"href":"https:\/\/biota.nu\/fr\/wp-json\/wp\/v2\/product_brand?post=10828"},{"taxonomy":"product_cat","embeddable":true,"href":"https:\/\/biota.nu\/fr\/wp-json\/wp\/v2\/product_cat?post=10828"},{"taxonomy":"product_tag","embeddable":true,"href":"https:\/\/biota.nu\/fr\/wp-json\/wp\/v2\/product_tag?post=10828"}],"curies":[{"name":"wp","href":"https:\/\/api.w.org\/{rel}","templated":true}]}}