{"id":10834,"date":"2024-02-07T14:09:46","date_gmt":"2024-02-07T14:09:46","guid":{"rendered":"https:\/\/biota.nu\/product\/biota-vegaline-1-npk-6-2-3-mg\/"},"modified":"2025-03-20T13:11:19","modified_gmt":"2025-03-20T13:11:19","slug":"biota-vegaline-1-npk-6-2-3-mg","status":"publish","type":"product","link":"https:\/\/biota.nu\/fr\/produit\/biota-vegaline-1-npk-6-2-3-mg\/","title":{"rendered":"Biota Vegaline 1 (NPK 6-2-3 + Mg)"},"content":{"rendered":"<p>La ligne de produits Biota Vegaline est parfaite pour \u00eatre utilis\u00e9e pendant tout le cycle de culture. Il existe trois produits, sp\u00e9cialement con\u00e7us pour une p\u00e9riode sp\u00e9cifique de la culture : <\/p>\n<ul>\n<li>Vegaline 1 : Pour une forte croissance des racines de la plante<\/li>\n<li>Vegaline 2 : La croissance de la plante, avec un accent particulier sur la feuille et la tige.<\/li>\n<li>Vegaline 3 : La derni\u00e8re partie du cycle de test, avec l&rsquo;accent mis sur le fruit ou la fleur.<\/li>\n<\/ul>\n<p>Les produits sont enrichis en magn\u00e9sium et en oligo-\u00e9l\u00e9ments pour une croissance optimale des racines, de la plante et des fruits\/fleurs. La gamme est homologu\u00e9e pour une utilisation en agriculture biologique. Gr\u00e2ce au processus de production unique, les nutriments sont pr\u00e9sents en solution et donc imm\u00e9diatement disponibles pour la plante via l&rsquo;application foliaire et l&rsquo;irrigation. Les nutriments proviennent de mati\u00e8res v\u00e9g\u00e9tales, en partie de flux r\u00e9siduels agricoles.   <\/p>\n<p>Biota Vegaline 1 est un engrais multi-nutriments particuli\u00e8rement adapt\u00e9 \u00e0 la partie v\u00e9g\u00e9tative du cycle de culture. Il est enrichi en magn\u00e9sium et en oligo-\u00e9l\u00e9ments pour une croissance optimale. Il est homologu\u00e9 pour l&rsquo;agriculture biologique. Gr\u00e2ce \u00e0 son processus de production unique, les \u00e9l\u00e9ments nutritifs sont pr\u00e9sents en solution et sont donc directement disponibles pour la plante par application foliaire et par irrigation. Les nutriments proviennent de mati\u00e8res v\u00e9g\u00e9tales, en partie de r\u00e9sidus agricoles.    <\/p>\n","protected":false},"excerpt":{"rendered":"<p>La ligne de produits Biota Vegaline est parfaite pour \u00eatre utilis\u00e9e pendant tout le cycle de culture. Il existe trois produits, sp\u00e9cialement con\u00e7us pour une [&hellip;]<\/p>\n","protected":false},"featured_media":10819,"template":"","meta":[],"product_brand":[],"product_cat":[223],"product_tag":[],"class_list":{"0":"post-10834","1":"product","2":"type-product","3":"status-publish","4":"has-post-thumbnail","6":"product_cat-npk-organiques-faibles","8":"first","9":"instock","10":"shipping-taxable","11":"product-type-simple"},"yoast_head":"<!-- This site is optimized with the Yoast SEO plugin v27.3 - https:\/\/yoast.com\/product\/yoast-seo-wordpress\/ -->\n<title>Biota Vegaline 1 (NPK 6-2-3 + Mg) - Biota Nutri<\/title>\n<meta name=\"robots\" content=\"index, follow, max-snippet:-1, max-image-preview:large, max-video-preview:-1\" \/>\n<link rel=\"canonical\" href=\"https:\/\/biota.nu\/fr\/produit\/biota-vegaline-1-npk-6-2-3-mg\/\" \/>\n<meta property=\"og:locale\" content=\"fr_FR\" \/>\n<meta property=\"og:type\" content=\"article\" \/>\n<meta property=\"og:title\" content=\"Biota Vegaline 1 (NPK 6-2-3 + Mg) - Biota Nutri\" \/>\n<meta property=\"og:description\" content=\"La ligne de produits Biota Vegaline est parfaite pour \u00eatre utilis\u00e9e pendant tout le cycle de culture. Il existe trois produits, sp\u00e9cialement con\u00e7us pour une [&hellip;]\" \/>\n<meta property=\"og:url\" content=\"https:\/\/biota.nu\/fr\/produit\/biota-vegaline-1-npk-6-2-3-mg\/\" \/>\n<meta property=\"og:site_name\" content=\"Biota Nutri\" \/>\n<meta property=\"article:modified_time\" content=\"2025-03-20T13:11:19+00:00\" \/>\n<meta property=\"og:image\" content=\"https:\/\/biota.nu\/wp-content\/uploads\/IBC_light.jpg\" \/>\n\t<meta property=\"og:image:width\" content=\"1350\" \/>\n\t<meta property=\"og:image:height\" content=\"1350\" \/>\n\t<meta property=\"og:image:type\" content=\"image\/jpeg\" \/>\n<meta name=\"twitter:card\" content=\"summary_large_image\" \/>\n<meta name=\"twitter:label1\" content=\"Dur\u00e9e de lecture estim\u00e9e\" \/>\n\t<meta name=\"twitter:data1\" content=\"1 minute\" \/>\n<script type=\"application\/ld+json\" class=\"yoast-schema-graph\">{\"@context\":\"https:\\\/\\\/schema.org\",\"@graph\":[{\"@type\":\"WebPage\",\"@id\":\"https:\\\/\\\/biota.nu\\\/fr\\\/produit\\\/biota-vegaline-1-npk-6-2-3-mg\\\/\",\"url\":\"https:\\\/\\\/biota.nu\\\/fr\\\/produit\\\/biota-vegaline-1-npk-6-2-3-mg\\\/\",\"name\":\"Biota Vegaline 1 (NPK 6-2-3 + Mg) - Biota Nutri\",\"isPartOf\":{\"@id\":\"https:\\\/\\\/biota.nu\\\/fr\\\/#website\"},\"primaryImageOfPage\":{\"@id\":\"https:\\\/\\\/biota.nu\\\/fr\\\/produit\\\/biota-vegaline-1-npk-6-2-3-mg\\\/#primaryimage\"},\"image\":{\"@id\":\"https:\\\/\\\/biota.nu\\\/fr\\\/produit\\\/biota-vegaline-1-npk-6-2-3-mg\\\/#primaryimage\"},\"thumbnailUrl\":\"https:\\\/\\\/biota.nu\\\/wp-content\\\/uploads\\\/IBC_light.jpg\",\"datePublished\":\"2024-02-07T14:09:46+00:00\",\"dateModified\":\"2025-03-20T13:11:19+00:00\",\"breadcrumb\":{\"@id\":\"https:\\\/\\\/biota.nu\\\/fr\\\/produit\\\/biota-vegaline-1-npk-6-2-3-mg\\\/#breadcrumb\"},\"inLanguage\":\"fr-FR\",\"potentialAction\":[{\"@type\":\"ReadAction\",\"target\":[\"https:\\\/\\\/biota.nu\\\/fr\\\/produit\\\/biota-vegaline-1-npk-6-2-3-mg\\\/\"]}]},{\"@type\":\"ImageObject\",\"inLanguage\":\"fr-FR\",\"@id\":\"https:\\\/\\\/biota.nu\\\/fr\\\/produit\\\/biota-vegaline-1-npk-6-2-3-mg\\\/#primaryimage\",\"url\":\"https:\\\/\\\/biota.nu\\\/wp-content\\\/uploads\\\/IBC_light.jpg\",\"contentUrl\":\"https:\\\/\\\/biota.nu\\\/wp-content\\\/uploads\\\/IBC_light.jpg\",\"width\":1350,\"height\":1350},{\"@type\":\"BreadcrumbList\",\"@id\":\"https:\\\/\\\/biota.nu\\\/fr\\\/produit\\\/biota-vegaline-1-npk-6-2-3-mg\\\/#breadcrumb\",\"itemListElement\":[{\"@type\":\"ListItem\",\"position\":1,\"name\":\"Home\",\"item\":\"https:\\\/\\\/biota.nu\\\/fr\\\/?page_id=10262\"},{\"@type\":\"ListItem\",\"position\":2,\"name\":\"Produits\",\"item\":\"https:\\\/\\\/biota.nu\\\/fr\\\/?page_id=10612\"},{\"@type\":\"ListItem\",\"position\":3,\"name\":\"Biota Vegaline 1 (NPK 6-2-3 + Mg)\"}]},{\"@type\":\"WebSite\",\"@id\":\"https:\\\/\\\/biota.nu\\\/fr\\\/#website\",\"url\":\"https:\\\/\\\/biota.nu\\\/fr\\\/\",\"name\":\"Biota Nutri\",\"description\":\"\",\"publisher\":{\"@id\":\"https:\\\/\\\/biota.nu\\\/fr\\\/#organization\"},\"potentialAction\":[{\"@type\":\"SearchAction\",\"target\":{\"@type\":\"EntryPoint\",\"urlTemplate\":\"https:\\\/\\\/biota.nu\\\/fr\\\/?s={search_term_string}\"},\"query-input\":{\"@type\":\"PropertyValueSpecification\",\"valueRequired\":true,\"valueName\":\"search_term_string\"}}],\"inLanguage\":\"fr-FR\"},{\"@type\":\"Organization\",\"@id\":\"https:\\\/\\\/biota.nu\\\/fr\\\/#organization\",\"name\":\"Biota Nutri\",\"url\":\"https:\\\/\\\/biota.nu\\\/fr\\\/\",\"logo\":{\"@type\":\"ImageObject\",\"inLanguage\":\"fr-FR\",\"@id\":\"https:\\\/\\\/biota.nu\\\/fr\\\/#\\\/schema\\\/logo\\\/image\\\/\",\"url\":\"https:\\\/\\\/biota.nu\\\/wp-content\\\/uploads\\\/Biota-Nutri-R.png\",\"contentUrl\":\"https:\\\/\\\/biota.nu\\\/wp-content\\\/uploads\\\/Biota-Nutri-R.png\",\"width\":300,\"height\":220,\"caption\":\"Biota Nutri\"},\"image\":{\"@id\":\"https:\\\/\\\/biota.nu\\\/fr\\\/#\\\/schema\\\/logo\\\/image\\\/\"}}]}<\/script>\n<!-- \/ Yoast SEO plugin. -->","yoast_head_json":{"title":"Biota Vegaline 1 (NPK 6-2-3 + Mg) - Biota Nutri","robots":{"index":"index","follow":"follow","max-snippet":"max-snippet:-1","max-image-preview":"max-image-preview:large","max-video-preview":"max-video-preview:-1"},"canonical":"https:\/\/biota.nu\/fr\/produit\/biota-vegaline-1-npk-6-2-3-mg\/","og_locale":"fr_FR","og_type":"article","og_title":"Biota Vegaline 1 (NPK 6-2-3 + Mg) - Biota Nutri","og_description":"La ligne de produits Biota Vegaline est parfaite pour \u00eatre utilis\u00e9e pendant tout le cycle de culture. Il existe trois produits, sp\u00e9cialement con\u00e7us pour une [&hellip;]","og_url":"https:\/\/biota.nu\/fr\/produit\/biota-vegaline-1-npk-6-2-3-mg\/","og_site_name":"Biota Nutri","article_modified_time":"2025-03-20T13:11:19+00:00","og_image":[{"width":1350,"height":1350,"url":"https:\/\/biota.nu\/wp-content\/uploads\/IBC_light.jpg","type":"image\/jpeg"}],"twitter_card":"summary_large_image","twitter_misc":{"Dur\u00e9e de lecture estim\u00e9e":"1 minute"},"schema":{"@context":"https:\/\/schema.org","@graph":[{"@type":"WebPage","@id":"https:\/\/biota.nu\/fr\/produit\/biota-vegaline-1-npk-6-2-3-mg\/","url":"https:\/\/biota.nu\/fr\/produit\/biota-vegaline-1-npk-6-2-3-mg\/","name":"Biota Vegaline 1 (NPK 6-2-3 + Mg) - Biota Nutri","isPartOf":{"@id":"https:\/\/biota.nu\/fr\/#website"},"primaryImageOfPage":{"@id":"https:\/\/biota.nu\/fr\/produit\/biota-vegaline-1-npk-6-2-3-mg\/#primaryimage"},"image":{"@id":"https:\/\/biota.nu\/fr\/produit\/biota-vegaline-1-npk-6-2-3-mg\/#primaryimage"},"thumbnailUrl":"https:\/\/biota.nu\/wp-content\/uploads\/IBC_light.jpg","datePublished":"2024-02-07T14:09:46+00:00","dateModified":"2025-03-20T13:11:19+00:00","breadcrumb":{"@id":"https:\/\/biota.nu\/fr\/produit\/biota-vegaline-1-npk-6-2-3-mg\/#breadcrumb"},"inLanguage":"fr-FR","potentialAction":[{"@type":"ReadAction","target":["https:\/\/biota.nu\/fr\/produit\/biota-vegaline-1-npk-6-2-3-mg\/"]}]},{"@type":"ImageObject","inLanguage":"fr-FR","@id":"https:\/\/biota.nu\/fr\/produit\/biota-vegaline-1-npk-6-2-3-mg\/#primaryimage","url":"https:\/\/biota.nu\/wp-content\/uploads\/IBC_light.jpg","contentUrl":"https:\/\/biota.nu\/wp-content\/uploads\/IBC_light.jpg","width":1350,"height":1350},{"@type":"BreadcrumbList","@id":"https:\/\/biota.nu\/fr\/produit\/biota-vegaline-1-npk-6-2-3-mg\/#breadcrumb","itemListElement":[{"@type":"ListItem","position":1,"name":"Home","item":"https:\/\/biota.nu\/fr\/?page_id=10262"},{"@type":"ListItem","position":2,"name":"Produits","item":"https:\/\/biota.nu\/fr\/?page_id=10612"},{"@type":"ListItem","position":3,"name":"Biota Vegaline 1 (NPK 6-2-3 + Mg)"}]},{"@type":"WebSite","@id":"https:\/\/biota.nu\/fr\/#website","url":"https:\/\/biota.nu\/fr\/","name":"Biota Nutri","description":"","publisher":{"@id":"https:\/\/biota.nu\/fr\/#organization"},"potentialAction":[{"@type":"SearchAction","target":{"@type":"EntryPoint","urlTemplate":"https:\/\/biota.nu\/fr\/?s={search_term_string}"},"query-input":{"@type":"PropertyValueSpecification","valueRequired":true,"valueName":"search_term_string"}}],"inLanguage":"fr-FR"},{"@type":"Organization","@id":"https:\/\/biota.nu\/fr\/#organization","name":"Biota Nutri","url":"https:\/\/biota.nu\/fr\/","logo":{"@type":"ImageObject","inLanguage":"fr-FR","@id":"https:\/\/biota.nu\/fr\/#\/schema\/logo\/image\/","url":"https:\/\/biota.nu\/wp-content\/uploads\/Biota-Nutri-R.png","contentUrl":"https:\/\/biota.nu\/wp-content\/uploads\/Biota-Nutri-R.png","width":300,"height":220,"caption":"Biota Nutri"},"image":{"@id":"https:\/\/biota.nu\/fr\/#\/schema\/logo\/image\/"}}]}},"acf":[],"_links":{"self":[{"href":"https:\/\/biota.nu\/fr\/wp-json\/wp\/v2\/product\/10834","targetHints":{"allow":["GET"]}}],"collection":[{"href":"https:\/\/biota.nu\/fr\/wp-json\/wp\/v2\/product"}],"about":[{"href":"https:\/\/biota.nu\/fr\/wp-json\/wp\/v2\/types\/product"}],"wp:featuredmedia":[{"embeddable":true,"href":"https:\/\/biota.nu\/fr\/wp-json\/wp\/v2\/media\/10819"}],"wp:attachment":[{"href":"https:\/\/biota.nu\/fr\/wp-json\/wp\/v2\/media?parent=10834"}],"wp:term":[{"taxonomy":"product_brand","embeddable":true,"href":"https:\/\/biota.nu\/fr\/wp-json\/wp\/v2\/product_brand?post=10834"},{"taxonomy":"product_cat","embeddable":true,"href":"https:\/\/biota.nu\/fr\/wp-json\/wp\/v2\/product_cat?post=10834"},{"taxonomy":"product_tag","embeddable":true,"href":"https:\/\/biota.nu\/fr\/wp-json\/wp\/v2\/product_tag?post=10834"}],"curies":[{"name":"wp","href":"https:\/\/api.w.org\/{rel}","templated":true}]}}