{"id":10856,"date":"2024-02-07T14:39:56","date_gmt":"2024-02-07T14:39:56","guid":{"rendered":"https:\/\/biota.nu\/product\/biota-amino\/"},"modified":"2025-03-20T13:11:26","modified_gmt":"2025-03-20T13:11:26","slug":"biota-amino","status":"publish","type":"product","link":"https:\/\/biota.nu\/fr\/produit\/biota-amino\/","title":{"rendered":"Biota Amino"},"content":{"rendered":"<p>Biota Amino est un engrais organique liquide qui stimule la croissance et le d\u00e9veloppement des parties vertes de la plante dans des conditions difficiles. L&rsquo;objectif de Biota Amino est de stimuler la vigueur de la croissance des plantes et donc la qualit\u00e9 et la quantit\u00e9 de la production. <\/p>\n<p>En raison de son origine naturelle, il contient une forte concentration d&rsquo;azote, d&rsquo;acides amin\u00e9s et de mati\u00e8res organiques. Il contient \u00e9galement des biostimulants tels que des polysaccharides, des b\u00e9ta\u00efnes, des prot\u00e9ines, des enzymes, des auxines et des vitamines. L&rsquo;utilisation de Biota Amino a un effet positif sur la qualit\u00e9 des plantes et la structure du sol et convient \u00e0 l&rsquo;application foliaire et \u00e0 l&rsquo;irrigation.  <\/p>\n<p>La qualit\u00e9 de la plante est am\u00e9lior\u00e9e par la concentration \u00e9lev\u00e9e d&rsquo;acides amin\u00e9s L libres. Les acides amin\u00e9s et les polysaccharides am\u00e9liorent le d\u00e9veloppement structurel de la culture et sa capacit\u00e9 \u00e9nerg\u00e9tique de r\u00e9serve. L&rsquo;aminogramme a \u00e9t\u00e9 d\u00e9velopp\u00e9 pour stimuler la division cellulaire, l&rsquo;activit\u00e9 m\u00e9tabolique et enzymatique et la r\u00e9sistance aux conditions de stress. Ce stress peut \u00eatre caus\u00e9 par les conditions m\u00e9t\u00e9orologiques, les dommages ou les phases ph\u00e9nologiques.   <\/p>\n<p>La mati\u00e8re organique et les acides fulviques contribuent \u00e0 am\u00e9liorer la structure du sol. Cela permet au sol d&rsquo;\u00eatre plus a\u00e9r\u00e9, de retenir l&rsquo;humidit\u00e9 plus efficacement, d&rsquo;avoir une capacit\u00e9 d&rsquo;\u00e9change cationique plus \u00e9lev\u00e9e et de n\u00e9cessiter moins d&rsquo;engrais. <\/p>\n<p>Biota Amino est enti\u00e8rement fabriqu\u00e9 \u00e0 partir de mat\u00e9riaux d&rsquo;origine v\u00e9g\u00e9tale et approuv\u00e9 pour une utilisation dans l&rsquo;agriculture et l&rsquo;horticulture biologiques europ\u00e9ennes. Les ingr\u00e9dients proviennent en partie de d\u00e9chets agricoles.  En raison de l&rsquo;origine naturelle, la teneur en nutriments peut varier.<\/p>\n","protected":false},"excerpt":{"rendered":"<p>Biota Amino est un engrais organique liquide qui stimule la croissance et le d\u00e9veloppement des parties vertes de la plante dans des conditions difficiles. L&rsquo;objectif [&hellip;]<\/p>\n","protected":false},"featured_media":10857,"template":"","meta":[],"product_brand":[],"product_cat":[227],"product_tag":[],"class_list":{"0":"post-10856","1":"product","2":"type-product","3":"status-publish","4":"has-post-thumbnail","6":"product_cat-biostimulants-fr","8":"first","9":"instock","10":"shipping-taxable","11":"product-type-simple"},"yoast_head":"<!-- This site is optimized with the Yoast SEO plugin v27.3 - https:\/\/yoast.com\/product\/yoast-seo-wordpress\/ -->\n<title>Biota Amino - Biota Nutri<\/title>\n<meta name=\"robots\" content=\"index, follow, max-snippet:-1, max-image-preview:large, max-video-preview:-1\" \/>\n<link rel=\"canonical\" href=\"https:\/\/biota.nu\/fr\/produit\/biota-amino\/\" \/>\n<meta property=\"og:locale\" content=\"fr_FR\" \/>\n<meta property=\"og:type\" content=\"article\" \/>\n<meta property=\"og:title\" content=\"Biota Amino - Biota Nutri\" \/>\n<meta property=\"og:description\" content=\"Biota Amino est un engrais organique liquide qui stimule la croissance et le d\u00e9veloppement des parties vertes de la plante dans des conditions difficiles. L&rsquo;objectif [&hellip;]\" \/>\n<meta property=\"og:url\" content=\"https:\/\/biota.nu\/fr\/produit\/biota-amino\/\" \/>\n<meta property=\"og:site_name\" content=\"Biota Nutri\" \/>\n<meta property=\"article:modified_time\" content=\"2025-03-20T13:11:26+00:00\" \/>\n<meta property=\"og:image\" content=\"https:\/\/biota.nu\/wp-content\/uploads\/Biota-Amino-EU-can-s.jpg\" \/>\n\t<meta property=\"og:image:width\" content=\"600\" \/>\n\t<meta property=\"og:image:height\" content=\"600\" \/>\n\t<meta property=\"og:image:type\" content=\"image\/jpeg\" \/>\n<meta name=\"twitter:card\" content=\"summary_large_image\" \/>\n<meta name=\"twitter:label1\" content=\"Dur\u00e9e de lecture estim\u00e9e\" \/>\n\t<meta name=\"twitter:data1\" content=\"1 minute\" \/>\n<script type=\"application\/ld+json\" class=\"yoast-schema-graph\">{\"@context\":\"https:\\\/\\\/schema.org\",\"@graph\":[{\"@type\":\"WebPage\",\"@id\":\"https:\\\/\\\/biota.nu\\\/fr\\\/produit\\\/biota-amino\\\/\",\"url\":\"https:\\\/\\\/biota.nu\\\/fr\\\/produit\\\/biota-amino\\\/\",\"name\":\"Biota Amino - Biota Nutri\",\"isPartOf\":{\"@id\":\"https:\\\/\\\/biota.nu\\\/fr\\\/#website\"},\"primaryImageOfPage\":{\"@id\":\"https:\\\/\\\/biota.nu\\\/fr\\\/produit\\\/biota-amino\\\/#primaryimage\"},\"image\":{\"@id\":\"https:\\\/\\\/biota.nu\\\/fr\\\/produit\\\/biota-amino\\\/#primaryimage\"},\"thumbnailUrl\":\"https:\\\/\\\/biota.nu\\\/wp-content\\\/uploads\\\/Biota-Amino-EU-can-s.jpg\",\"datePublished\":\"2024-02-07T14:39:56+00:00\",\"dateModified\":\"2025-03-20T13:11:26+00:00\",\"breadcrumb\":{\"@id\":\"https:\\\/\\\/biota.nu\\\/fr\\\/produit\\\/biota-amino\\\/#breadcrumb\"},\"inLanguage\":\"fr-FR\",\"potentialAction\":[{\"@type\":\"ReadAction\",\"target\":[\"https:\\\/\\\/biota.nu\\\/fr\\\/produit\\\/biota-amino\\\/\"]}]},{\"@type\":\"ImageObject\",\"inLanguage\":\"fr-FR\",\"@id\":\"https:\\\/\\\/biota.nu\\\/fr\\\/produit\\\/biota-amino\\\/#primaryimage\",\"url\":\"https:\\\/\\\/biota.nu\\\/wp-content\\\/uploads\\\/Biota-Amino-EU-can-s.jpg\",\"contentUrl\":\"https:\\\/\\\/biota.nu\\\/wp-content\\\/uploads\\\/Biota-Amino-EU-can-s.jpg\",\"width\":600,\"height\":600},{\"@type\":\"BreadcrumbList\",\"@id\":\"https:\\\/\\\/biota.nu\\\/fr\\\/produit\\\/biota-amino\\\/#breadcrumb\",\"itemListElement\":[{\"@type\":\"ListItem\",\"position\":1,\"name\":\"Home\",\"item\":\"https:\\\/\\\/biota.nu\\\/fr\\\/?page_id=10262\"},{\"@type\":\"ListItem\",\"position\":2,\"name\":\"Produits\",\"item\":\"https:\\\/\\\/biota.nu\\\/fr\\\/?page_id=10612\"},{\"@type\":\"ListItem\",\"position\":3,\"name\":\"Biota Amino\"}]},{\"@type\":\"WebSite\",\"@id\":\"https:\\\/\\\/biota.nu\\\/fr\\\/#website\",\"url\":\"https:\\\/\\\/biota.nu\\\/fr\\\/\",\"name\":\"Biota Nutri\",\"description\":\"\",\"publisher\":{\"@id\":\"https:\\\/\\\/biota.nu\\\/fr\\\/#organization\"},\"potentialAction\":[{\"@type\":\"SearchAction\",\"target\":{\"@type\":\"EntryPoint\",\"urlTemplate\":\"https:\\\/\\\/biota.nu\\\/fr\\\/?s={search_term_string}\"},\"query-input\":{\"@type\":\"PropertyValueSpecification\",\"valueRequired\":true,\"valueName\":\"search_term_string\"}}],\"inLanguage\":\"fr-FR\"},{\"@type\":\"Organization\",\"@id\":\"https:\\\/\\\/biota.nu\\\/fr\\\/#organization\",\"name\":\"Biota Nutri\",\"url\":\"https:\\\/\\\/biota.nu\\\/fr\\\/\",\"logo\":{\"@type\":\"ImageObject\",\"inLanguage\":\"fr-FR\",\"@id\":\"https:\\\/\\\/biota.nu\\\/fr\\\/#\\\/schema\\\/logo\\\/image\\\/\",\"url\":\"https:\\\/\\\/biota.nu\\\/wp-content\\\/uploads\\\/Biota-Nutri-R.png\",\"contentUrl\":\"https:\\\/\\\/biota.nu\\\/wp-content\\\/uploads\\\/Biota-Nutri-R.png\",\"width\":300,\"height\":220,\"caption\":\"Biota Nutri\"},\"image\":{\"@id\":\"https:\\\/\\\/biota.nu\\\/fr\\\/#\\\/schema\\\/logo\\\/image\\\/\"}}]}<\/script>\n<!-- \/ Yoast SEO plugin. -->","yoast_head_json":{"title":"Biota Amino - Biota Nutri","robots":{"index":"index","follow":"follow","max-snippet":"max-snippet:-1","max-image-preview":"max-image-preview:large","max-video-preview":"max-video-preview:-1"},"canonical":"https:\/\/biota.nu\/fr\/produit\/biota-amino\/","og_locale":"fr_FR","og_type":"article","og_title":"Biota Amino - Biota Nutri","og_description":"Biota Amino est un engrais organique liquide qui stimule la croissance et le d\u00e9veloppement des parties vertes de la plante dans des conditions difficiles. L&rsquo;objectif [&hellip;]","og_url":"https:\/\/biota.nu\/fr\/produit\/biota-amino\/","og_site_name":"Biota Nutri","article_modified_time":"2025-03-20T13:11:26+00:00","og_image":[{"width":600,"height":600,"url":"https:\/\/biota.nu\/wp-content\/uploads\/Biota-Amino-EU-can-s.jpg","type":"image\/jpeg"}],"twitter_card":"summary_large_image","twitter_misc":{"Dur\u00e9e de lecture estim\u00e9e":"1 minute"},"schema":{"@context":"https:\/\/schema.org","@graph":[{"@type":"WebPage","@id":"https:\/\/biota.nu\/fr\/produit\/biota-amino\/","url":"https:\/\/biota.nu\/fr\/produit\/biota-amino\/","name":"Biota Amino - Biota Nutri","isPartOf":{"@id":"https:\/\/biota.nu\/fr\/#website"},"primaryImageOfPage":{"@id":"https:\/\/biota.nu\/fr\/produit\/biota-amino\/#primaryimage"},"image":{"@id":"https:\/\/biota.nu\/fr\/produit\/biota-amino\/#primaryimage"},"thumbnailUrl":"https:\/\/biota.nu\/wp-content\/uploads\/Biota-Amino-EU-can-s.jpg","datePublished":"2024-02-07T14:39:56+00:00","dateModified":"2025-03-20T13:11:26+00:00","breadcrumb":{"@id":"https:\/\/biota.nu\/fr\/produit\/biota-amino\/#breadcrumb"},"inLanguage":"fr-FR","potentialAction":[{"@type":"ReadAction","target":["https:\/\/biota.nu\/fr\/produit\/biota-amino\/"]}]},{"@type":"ImageObject","inLanguage":"fr-FR","@id":"https:\/\/biota.nu\/fr\/produit\/biota-amino\/#primaryimage","url":"https:\/\/biota.nu\/wp-content\/uploads\/Biota-Amino-EU-can-s.jpg","contentUrl":"https:\/\/biota.nu\/wp-content\/uploads\/Biota-Amino-EU-can-s.jpg","width":600,"height":600},{"@type":"BreadcrumbList","@id":"https:\/\/biota.nu\/fr\/produit\/biota-amino\/#breadcrumb","itemListElement":[{"@type":"ListItem","position":1,"name":"Home","item":"https:\/\/biota.nu\/fr\/?page_id=10262"},{"@type":"ListItem","position":2,"name":"Produits","item":"https:\/\/biota.nu\/fr\/?page_id=10612"},{"@type":"ListItem","position":3,"name":"Biota Amino"}]},{"@type":"WebSite","@id":"https:\/\/biota.nu\/fr\/#website","url":"https:\/\/biota.nu\/fr\/","name":"Biota Nutri","description":"","publisher":{"@id":"https:\/\/biota.nu\/fr\/#organization"},"potentialAction":[{"@type":"SearchAction","target":{"@type":"EntryPoint","urlTemplate":"https:\/\/biota.nu\/fr\/?s={search_term_string}"},"query-input":{"@type":"PropertyValueSpecification","valueRequired":true,"valueName":"search_term_string"}}],"inLanguage":"fr-FR"},{"@type":"Organization","@id":"https:\/\/biota.nu\/fr\/#organization","name":"Biota Nutri","url":"https:\/\/biota.nu\/fr\/","logo":{"@type":"ImageObject","inLanguage":"fr-FR","@id":"https:\/\/biota.nu\/fr\/#\/schema\/logo\/image\/","url":"https:\/\/biota.nu\/wp-content\/uploads\/Biota-Nutri-R.png","contentUrl":"https:\/\/biota.nu\/wp-content\/uploads\/Biota-Nutri-R.png","width":300,"height":220,"caption":"Biota Nutri"},"image":{"@id":"https:\/\/biota.nu\/fr\/#\/schema\/logo\/image\/"}}]}},"acf":[],"_links":{"self":[{"href":"https:\/\/biota.nu\/fr\/wp-json\/wp\/v2\/product\/10856","targetHints":{"allow":["GET"]}}],"collection":[{"href":"https:\/\/biota.nu\/fr\/wp-json\/wp\/v2\/product"}],"about":[{"href":"https:\/\/biota.nu\/fr\/wp-json\/wp\/v2\/types\/product"}],"wp:featuredmedia":[{"embeddable":true,"href":"https:\/\/biota.nu\/fr\/wp-json\/wp\/v2\/media\/10857"}],"wp:attachment":[{"href":"https:\/\/biota.nu\/fr\/wp-json\/wp\/v2\/media?parent=10856"}],"wp:term":[{"taxonomy":"product_brand","embeddable":true,"href":"https:\/\/biota.nu\/fr\/wp-json\/wp\/v2\/product_brand?post=10856"},{"taxonomy":"product_cat","embeddable":true,"href":"https:\/\/biota.nu\/fr\/wp-json\/wp\/v2\/product_cat?post=10856"},{"taxonomy":"product_tag","embeddable":true,"href":"https:\/\/biota.nu\/fr\/wp-json\/wp\/v2\/product_tag?post=10856"}],"curies":[{"name":"wp","href":"https:\/\/api.w.org\/{rel}","templated":true}]}}