{"id":10971,"date":"2024-02-24T14:52:20","date_gmt":"2024-02-24T14:52:20","guid":{"rendered":"https:\/\/biota.nu\/product\/biota-5-2-5-haute-teneur-en-matieres-organiques\/"},"modified":"2025-03-20T13:12:18","modified_gmt":"2025-03-20T13:12:18","slug":"biota-5-2-5-haute-teneur-en-matieres-organiques","status":"publish","type":"product","link":"https:\/\/biota.nu\/fr\/produit\/biota-5-2-5-haute-teneur-en-matieres-organiques\/","title":{"rendered":"Biota 5-2-5 Haute teneur en mati\u00e8res organiques"},"content":{"rendered":"<p>Biota NPK 5-2-5 High Organic est unique parce qu&rsquo;il s&rsquo;agit de l&rsquo;engrais organique liquide multinutriments le plus concentr\u00e9 du march\u00e9. Gr\u00e2ce au processus de production unique, les \u00e9l\u00e9ments nutritifs sont pr\u00e9sents \u00e0 100 % en solution et peuvent donc \u00eatre absorb\u00e9s directement par la plante. Ce produit \u00e0 forte teneur en mati\u00e8res organiques est riche en acides fulviques et humiques. Ces acides se lient aux nutriments pr\u00e9sents dans le sol, am\u00e9liorant ainsi l&rsquo;absorption des nutriments par les racines. Le produit est enti\u00e8rement fabriqu\u00e9 \u00e0 partir de mat\u00e9riaux d&rsquo;origine v\u00e9g\u00e9tale et approuv\u00e9 pour une utilisation dans l&rsquo;agriculture et l&rsquo;horticulture biologiques. Les ingr\u00e9dients proviennent en partie de d\u00e9chets agricoles.      En raison de l&rsquo;origine naturelle, la teneur en nutriments peut varier.<\/p>\n","protected":false},"excerpt":{"rendered":"<p>Biota NPK 5-2-5 High Organic est unique parce qu&rsquo;il s&rsquo;agit de l&rsquo;engrais organique liquide multinutriments le plus concentr\u00e9 du march\u00e9. Gr\u00e2ce au processus de production [&hellip;]<\/p>\n","protected":false},"featured_media":10962,"template":"","meta":[],"product_brand":[],"product_cat":[230],"product_tag":[],"class_list":{"0":"post-10971","1":"product","2":"type-product","3":"status-publish","4":"has-post-thumbnail","6":"product_cat-npk-organiques-eleves","8":"first","9":"instock","10":"shipping-taxable","11":"product-type-simple"},"yoast_head":"<!-- This site is optimized with the Yoast SEO plugin v27.3 - https:\/\/yoast.com\/product\/yoast-seo-wordpress\/ -->\n<title>Biota 5-2-5 Haute teneur en mati\u00e8res organiques - Biota Nutri<\/title>\n<meta name=\"robots\" content=\"index, follow, max-snippet:-1, max-image-preview:large, max-video-preview:-1\" \/>\n<link rel=\"canonical\" href=\"https:\/\/biota.nu\/fr\/produit\/biota-5-2-5-haute-teneur-en-matieres-organiques\/\" \/>\n<meta property=\"og:locale\" content=\"fr_FR\" \/>\n<meta property=\"og:type\" content=\"article\" \/>\n<meta property=\"og:title\" content=\"Biota 5-2-5 Haute teneur en mati\u00e8res organiques - Biota Nutri\" \/>\n<meta property=\"og:description\" content=\"Biota NPK 5-2-5 High Organic est unique parce qu&rsquo;il s&rsquo;agit de l&rsquo;engrais organique liquide multinutriments le plus concentr\u00e9 du march\u00e9. Gr\u00e2ce au processus de production [&hellip;]\" \/>\n<meta property=\"og:url\" content=\"https:\/\/biota.nu\/fr\/produit\/biota-5-2-5-haute-teneur-en-matieres-organiques\/\" \/>\n<meta property=\"og:site_name\" content=\"Biota Nutri\" \/>\n<meta property=\"article:modified_time\" content=\"2025-03-20T13:12:18+00:00\" \/>\n<meta property=\"og:image\" content=\"https:\/\/biota.nu\/wp-content\/uploads\/IBC_ho.jpg\" \/>\n\t<meta property=\"og:image:width\" content=\"1350\" \/>\n\t<meta property=\"og:image:height\" content=\"1350\" \/>\n\t<meta property=\"og:image:type\" content=\"image\/jpeg\" \/>\n<meta name=\"twitter:card\" content=\"summary_large_image\" \/>\n<meta name=\"twitter:label1\" content=\"Dur\u00e9e de lecture estim\u00e9e\" \/>\n\t<meta name=\"twitter:data1\" content=\"1 minute\" \/>\n<script type=\"application\/ld+json\" class=\"yoast-schema-graph\">{\"@context\":\"https:\\\/\\\/schema.org\",\"@graph\":[{\"@type\":\"WebPage\",\"@id\":\"https:\\\/\\\/biota.nu\\\/fr\\\/produit\\\/biota-5-2-5-haute-teneur-en-matieres-organiques\\\/\",\"url\":\"https:\\\/\\\/biota.nu\\\/fr\\\/produit\\\/biota-5-2-5-haute-teneur-en-matieres-organiques\\\/\",\"name\":\"Biota 5-2-5 Haute teneur en mati\u00e8res organiques - Biota Nutri\",\"isPartOf\":{\"@id\":\"https:\\\/\\\/biota.nu\\\/fr\\\/#website\"},\"primaryImageOfPage\":{\"@id\":\"https:\\\/\\\/biota.nu\\\/fr\\\/produit\\\/biota-5-2-5-haute-teneur-en-matieres-organiques\\\/#primaryimage\"},\"image\":{\"@id\":\"https:\\\/\\\/biota.nu\\\/fr\\\/produit\\\/biota-5-2-5-haute-teneur-en-matieres-organiques\\\/#primaryimage\"},\"thumbnailUrl\":\"https:\\\/\\\/biota.nu\\\/wp-content\\\/uploads\\\/IBC_ho.jpg\",\"datePublished\":\"2024-02-24T14:52:20+00:00\",\"dateModified\":\"2025-03-20T13:12:18+00:00\",\"breadcrumb\":{\"@id\":\"https:\\\/\\\/biota.nu\\\/fr\\\/produit\\\/biota-5-2-5-haute-teneur-en-matieres-organiques\\\/#breadcrumb\"},\"inLanguage\":\"fr-FR\",\"potentialAction\":[{\"@type\":\"ReadAction\",\"target\":[\"https:\\\/\\\/biota.nu\\\/fr\\\/produit\\\/biota-5-2-5-haute-teneur-en-matieres-organiques\\\/\"]}]},{\"@type\":\"ImageObject\",\"inLanguage\":\"fr-FR\",\"@id\":\"https:\\\/\\\/biota.nu\\\/fr\\\/produit\\\/biota-5-2-5-haute-teneur-en-matieres-organiques\\\/#primaryimage\",\"url\":\"https:\\\/\\\/biota.nu\\\/wp-content\\\/uploads\\\/IBC_ho.jpg\",\"contentUrl\":\"https:\\\/\\\/biota.nu\\\/wp-content\\\/uploads\\\/IBC_ho.jpg\",\"width\":1350,\"height\":1350},{\"@type\":\"BreadcrumbList\",\"@id\":\"https:\\\/\\\/biota.nu\\\/fr\\\/produit\\\/biota-5-2-5-haute-teneur-en-matieres-organiques\\\/#breadcrumb\",\"itemListElement\":[{\"@type\":\"ListItem\",\"position\":1,\"name\":\"Home\",\"item\":\"https:\\\/\\\/biota.nu\\\/fr\\\/?page_id=10262\"},{\"@type\":\"ListItem\",\"position\":2,\"name\":\"Produits\",\"item\":\"https:\\\/\\\/biota.nu\\\/fr\\\/?page_id=10612\"},{\"@type\":\"ListItem\",\"position\":3,\"name\":\"Biota 5-2-5 Haute teneur en mati\u00e8res organiques\"}]},{\"@type\":\"WebSite\",\"@id\":\"https:\\\/\\\/biota.nu\\\/fr\\\/#website\",\"url\":\"https:\\\/\\\/biota.nu\\\/fr\\\/\",\"name\":\"Biota Nutri\",\"description\":\"\",\"publisher\":{\"@id\":\"https:\\\/\\\/biota.nu\\\/fr\\\/#organization\"},\"potentialAction\":[{\"@type\":\"SearchAction\",\"target\":{\"@type\":\"EntryPoint\",\"urlTemplate\":\"https:\\\/\\\/biota.nu\\\/fr\\\/?s={search_term_string}\"},\"query-input\":{\"@type\":\"PropertyValueSpecification\",\"valueRequired\":true,\"valueName\":\"search_term_string\"}}],\"inLanguage\":\"fr-FR\"},{\"@type\":\"Organization\",\"@id\":\"https:\\\/\\\/biota.nu\\\/fr\\\/#organization\",\"name\":\"Biota Nutri\",\"url\":\"https:\\\/\\\/biota.nu\\\/fr\\\/\",\"logo\":{\"@type\":\"ImageObject\",\"inLanguage\":\"fr-FR\",\"@id\":\"https:\\\/\\\/biota.nu\\\/fr\\\/#\\\/schema\\\/logo\\\/image\\\/\",\"url\":\"https:\\\/\\\/biota.nu\\\/wp-content\\\/uploads\\\/Biota-Nutri-R.png\",\"contentUrl\":\"https:\\\/\\\/biota.nu\\\/wp-content\\\/uploads\\\/Biota-Nutri-R.png\",\"width\":300,\"height\":220,\"caption\":\"Biota Nutri\"},\"image\":{\"@id\":\"https:\\\/\\\/biota.nu\\\/fr\\\/#\\\/schema\\\/logo\\\/image\\\/\"}}]}<\/script>\n<!-- \/ Yoast SEO plugin. -->","yoast_head_json":{"title":"Biota 5-2-5 Haute teneur en mati\u00e8res organiques - Biota Nutri","robots":{"index":"index","follow":"follow","max-snippet":"max-snippet:-1","max-image-preview":"max-image-preview:large","max-video-preview":"max-video-preview:-1"},"canonical":"https:\/\/biota.nu\/fr\/produit\/biota-5-2-5-haute-teneur-en-matieres-organiques\/","og_locale":"fr_FR","og_type":"article","og_title":"Biota 5-2-5 Haute teneur en mati\u00e8res organiques - Biota Nutri","og_description":"Biota NPK 5-2-5 High Organic est unique parce qu&rsquo;il s&rsquo;agit de l&rsquo;engrais organique liquide multinutriments le plus concentr\u00e9 du march\u00e9. Gr\u00e2ce au processus de production [&hellip;]","og_url":"https:\/\/biota.nu\/fr\/produit\/biota-5-2-5-haute-teneur-en-matieres-organiques\/","og_site_name":"Biota Nutri","article_modified_time":"2025-03-20T13:12:18+00:00","og_image":[{"width":1350,"height":1350,"url":"https:\/\/biota.nu\/wp-content\/uploads\/IBC_ho.jpg","type":"image\/jpeg"}],"twitter_card":"summary_large_image","twitter_misc":{"Dur\u00e9e de lecture estim\u00e9e":"1 minute"},"schema":{"@context":"https:\/\/schema.org","@graph":[{"@type":"WebPage","@id":"https:\/\/biota.nu\/fr\/produit\/biota-5-2-5-haute-teneur-en-matieres-organiques\/","url":"https:\/\/biota.nu\/fr\/produit\/biota-5-2-5-haute-teneur-en-matieres-organiques\/","name":"Biota 5-2-5 Haute teneur en mati\u00e8res organiques - Biota Nutri","isPartOf":{"@id":"https:\/\/biota.nu\/fr\/#website"},"primaryImageOfPage":{"@id":"https:\/\/biota.nu\/fr\/produit\/biota-5-2-5-haute-teneur-en-matieres-organiques\/#primaryimage"},"image":{"@id":"https:\/\/biota.nu\/fr\/produit\/biota-5-2-5-haute-teneur-en-matieres-organiques\/#primaryimage"},"thumbnailUrl":"https:\/\/biota.nu\/wp-content\/uploads\/IBC_ho.jpg","datePublished":"2024-02-24T14:52:20+00:00","dateModified":"2025-03-20T13:12:18+00:00","breadcrumb":{"@id":"https:\/\/biota.nu\/fr\/produit\/biota-5-2-5-haute-teneur-en-matieres-organiques\/#breadcrumb"},"inLanguage":"fr-FR","potentialAction":[{"@type":"ReadAction","target":["https:\/\/biota.nu\/fr\/produit\/biota-5-2-5-haute-teneur-en-matieres-organiques\/"]}]},{"@type":"ImageObject","inLanguage":"fr-FR","@id":"https:\/\/biota.nu\/fr\/produit\/biota-5-2-5-haute-teneur-en-matieres-organiques\/#primaryimage","url":"https:\/\/biota.nu\/wp-content\/uploads\/IBC_ho.jpg","contentUrl":"https:\/\/biota.nu\/wp-content\/uploads\/IBC_ho.jpg","width":1350,"height":1350},{"@type":"BreadcrumbList","@id":"https:\/\/biota.nu\/fr\/produit\/biota-5-2-5-haute-teneur-en-matieres-organiques\/#breadcrumb","itemListElement":[{"@type":"ListItem","position":1,"name":"Home","item":"https:\/\/biota.nu\/fr\/?page_id=10262"},{"@type":"ListItem","position":2,"name":"Produits","item":"https:\/\/biota.nu\/fr\/?page_id=10612"},{"@type":"ListItem","position":3,"name":"Biota 5-2-5 Haute teneur en mati\u00e8res organiques"}]},{"@type":"WebSite","@id":"https:\/\/biota.nu\/fr\/#website","url":"https:\/\/biota.nu\/fr\/","name":"Biota Nutri","description":"","publisher":{"@id":"https:\/\/biota.nu\/fr\/#organization"},"potentialAction":[{"@type":"SearchAction","target":{"@type":"EntryPoint","urlTemplate":"https:\/\/biota.nu\/fr\/?s={search_term_string}"},"query-input":{"@type":"PropertyValueSpecification","valueRequired":true,"valueName":"search_term_string"}}],"inLanguage":"fr-FR"},{"@type":"Organization","@id":"https:\/\/biota.nu\/fr\/#organization","name":"Biota Nutri","url":"https:\/\/biota.nu\/fr\/","logo":{"@type":"ImageObject","inLanguage":"fr-FR","@id":"https:\/\/biota.nu\/fr\/#\/schema\/logo\/image\/","url":"https:\/\/biota.nu\/wp-content\/uploads\/Biota-Nutri-R.png","contentUrl":"https:\/\/biota.nu\/wp-content\/uploads\/Biota-Nutri-R.png","width":300,"height":220,"caption":"Biota Nutri"},"image":{"@id":"https:\/\/biota.nu\/fr\/#\/schema\/logo\/image\/"}}]}},"acf":[],"_links":{"self":[{"href":"https:\/\/biota.nu\/fr\/wp-json\/wp\/v2\/product\/10971","targetHints":{"allow":["GET"]}}],"collection":[{"href":"https:\/\/biota.nu\/fr\/wp-json\/wp\/v2\/product"}],"about":[{"href":"https:\/\/biota.nu\/fr\/wp-json\/wp\/v2\/types\/product"}],"wp:featuredmedia":[{"embeddable":true,"href":"https:\/\/biota.nu\/fr\/wp-json\/wp\/v2\/media\/10962"}],"wp:attachment":[{"href":"https:\/\/biota.nu\/fr\/wp-json\/wp\/v2\/media?parent=10971"}],"wp:term":[{"taxonomy":"product_brand","embeddable":true,"href":"https:\/\/biota.nu\/fr\/wp-json\/wp\/v2\/product_brand?post=10971"},{"taxonomy":"product_cat","embeddable":true,"href":"https:\/\/biota.nu\/fr\/wp-json\/wp\/v2\/product_cat?post=10971"},{"taxonomy":"product_tag","embeddable":true,"href":"https:\/\/biota.nu\/fr\/wp-json\/wp\/v2\/product_tag?post=10971"}],"curies":[{"name":"wp","href":"https:\/\/api.w.org\/{rel}","templated":true}]}}