{"id":10980,"date":"2024-02-24T15:09:48","date_gmt":"2024-02-24T15:09:48","guid":{"rendered":"https:\/\/biota.nu\/product\/biota-mino-plus\/"},"modified":"2025-03-20T13:12:24","modified_gmt":"2025-03-20T13:12:24","slug":"biota-mino-plus","status":"publish","type":"product","link":"https:\/\/biota.nu\/fr\/produit\/biota-mino-plus\/","title":{"rendered":"Biota Mino Plus"},"content":{"rendered":"<p>Biota Mino Plus est un engrais organique liquide qui favorise l&rsquo;entretien, la croissance, la vitalit\u00e9 et la reproduction des plantes gr\u00e2ce \u00e0 sa teneur en acides amin\u00e9s. Gr\u00e2ce \u00e0 son origine naturelle, il contient une forte concentration d&rsquo;azote, d&rsquo;acides amin\u00e9s et de mati\u00e8re organique. L&rsquo;acide fulvique augmente l&rsquo;absorption des acides amin\u00e9s et les extraits de plantes ont un effet antioxydant. Tout cela donne \u00e0 la plante plus d&rsquo;\u00e9nergie et de r\u00e9sistance, ce qui se traduit par une am\u00e9lioration de la couleur, des feuilles plus grandes, un syst\u00e8me racinaire plus fin et plus actif, plus de fleurs, des fruits plus nombreux et\/ou plus gros et une r\u00e9colte plus vigoureuse en g\u00e9n\u00e9ral.   <\/p>\n<p>Biota Mino Plus est fabriqu\u00e9 \u00e0 partir de prot\u00e9ines animales cat. 3, d&rsquo;acides fulviques et d&rsquo;extraits de plantes et est approuv\u00e9 pour l&rsquo;utilisation dans l&rsquo;agriculture et l&rsquo;horticulture biologiques. <\/p>\n","protected":false},"excerpt":{"rendered":"<p>Biota Mino Plus est un engrais organique liquide qui favorise l&rsquo;entretien, la croissance, la vitalit\u00e9 et la reproduction des plantes gr\u00e2ce \u00e0 sa teneur en [&hellip;]<\/p>\n","protected":false},"featured_media":10981,"template":"","meta":[],"product_brand":[],"product_cat":[227],"product_tag":[],"class_list":{"0":"post-10980","1":"product","2":"type-product","3":"status-publish","4":"has-post-thumbnail","6":"product_cat-biostimulants-fr","8":"first","9":"instock","10":"shipping-taxable","11":"product-type-simple"},"yoast_head":"<!-- This site is optimized with the Yoast SEO plugin v27.3 - https:\/\/yoast.com\/product\/yoast-seo-wordpress\/ -->\n<title>Biota Mino Plus - Biota Nutri<\/title>\n<meta name=\"robots\" content=\"index, follow, max-snippet:-1, max-image-preview:large, max-video-preview:-1\" \/>\n<link rel=\"canonical\" href=\"https:\/\/biota.nu\/fr\/produit\/biota-mino-plus\/\" \/>\n<meta property=\"og:locale\" content=\"fr_FR\" \/>\n<meta property=\"og:type\" content=\"article\" \/>\n<meta property=\"og:title\" content=\"Biota Mino Plus - Biota Nutri\" \/>\n<meta property=\"og:description\" content=\"Biota Mino Plus est un engrais organique liquide qui favorise l&rsquo;entretien, la croissance, la vitalit\u00e9 et la reproduction des plantes gr\u00e2ce \u00e0 sa teneur en [&hellip;]\" \/>\n<meta property=\"og:url\" content=\"https:\/\/biota.nu\/fr\/produit\/biota-mino-plus\/\" \/>\n<meta property=\"og:site_name\" content=\"Biota Nutri\" \/>\n<meta property=\"article:modified_time\" content=\"2025-03-20T13:12:24+00:00\" \/>\n<meta property=\"og:image\" content=\"https:\/\/biota.nu\/wp-content\/uploads\/Biota-mino-plus-EU-can-s-2.jpg\" \/>\n\t<meta property=\"og:image:width\" content=\"600\" \/>\n\t<meta property=\"og:image:height\" content=\"600\" \/>\n\t<meta property=\"og:image:type\" content=\"image\/jpeg\" \/>\n<meta name=\"twitter:card\" content=\"summary_large_image\" \/>\n<meta name=\"twitter:label1\" content=\"Dur\u00e9e de lecture estim\u00e9e\" \/>\n\t<meta name=\"twitter:data1\" content=\"1 minute\" \/>\n<script type=\"application\/ld+json\" class=\"yoast-schema-graph\">{\"@context\":\"https:\\\/\\\/schema.org\",\"@graph\":[{\"@type\":\"WebPage\",\"@id\":\"https:\\\/\\\/biota.nu\\\/fr\\\/produit\\\/biota-mino-plus\\\/\",\"url\":\"https:\\\/\\\/biota.nu\\\/fr\\\/produit\\\/biota-mino-plus\\\/\",\"name\":\"Biota Mino Plus - Biota Nutri\",\"isPartOf\":{\"@id\":\"https:\\\/\\\/biota.nu\\\/fr\\\/#website\"},\"primaryImageOfPage\":{\"@id\":\"https:\\\/\\\/biota.nu\\\/fr\\\/produit\\\/biota-mino-plus\\\/#primaryimage\"},\"image\":{\"@id\":\"https:\\\/\\\/biota.nu\\\/fr\\\/produit\\\/biota-mino-plus\\\/#primaryimage\"},\"thumbnailUrl\":\"https:\\\/\\\/biota.nu\\\/wp-content\\\/uploads\\\/Biota-mino-plus-EU-can-s-2.jpg\",\"datePublished\":\"2024-02-24T15:09:48+00:00\",\"dateModified\":\"2025-03-20T13:12:24+00:00\",\"breadcrumb\":{\"@id\":\"https:\\\/\\\/biota.nu\\\/fr\\\/produit\\\/biota-mino-plus\\\/#breadcrumb\"},\"inLanguage\":\"fr-FR\",\"potentialAction\":[{\"@type\":\"ReadAction\",\"target\":[\"https:\\\/\\\/biota.nu\\\/fr\\\/produit\\\/biota-mino-plus\\\/\"]}]},{\"@type\":\"ImageObject\",\"inLanguage\":\"fr-FR\",\"@id\":\"https:\\\/\\\/biota.nu\\\/fr\\\/produit\\\/biota-mino-plus\\\/#primaryimage\",\"url\":\"https:\\\/\\\/biota.nu\\\/wp-content\\\/uploads\\\/Biota-mino-plus-EU-can-s-2.jpg\",\"contentUrl\":\"https:\\\/\\\/biota.nu\\\/wp-content\\\/uploads\\\/Biota-mino-plus-EU-can-s-2.jpg\",\"width\":600,\"height\":600},{\"@type\":\"BreadcrumbList\",\"@id\":\"https:\\\/\\\/biota.nu\\\/fr\\\/produit\\\/biota-mino-plus\\\/#breadcrumb\",\"itemListElement\":[{\"@type\":\"ListItem\",\"position\":1,\"name\":\"Home\",\"item\":\"https:\\\/\\\/biota.nu\\\/fr\\\/?page_id=10262\"},{\"@type\":\"ListItem\",\"position\":2,\"name\":\"Produits\",\"item\":\"https:\\\/\\\/biota.nu\\\/fr\\\/?page_id=10612\"},{\"@type\":\"ListItem\",\"position\":3,\"name\":\"Biota Mino Plus\"}]},{\"@type\":\"WebSite\",\"@id\":\"https:\\\/\\\/biota.nu\\\/fr\\\/#website\",\"url\":\"https:\\\/\\\/biota.nu\\\/fr\\\/\",\"name\":\"Biota Nutri\",\"description\":\"\",\"publisher\":{\"@id\":\"https:\\\/\\\/biota.nu\\\/fr\\\/#organization\"},\"potentialAction\":[{\"@type\":\"SearchAction\",\"target\":{\"@type\":\"EntryPoint\",\"urlTemplate\":\"https:\\\/\\\/biota.nu\\\/fr\\\/?s={search_term_string}\"},\"query-input\":{\"@type\":\"PropertyValueSpecification\",\"valueRequired\":true,\"valueName\":\"search_term_string\"}}],\"inLanguage\":\"fr-FR\"},{\"@type\":\"Organization\",\"@id\":\"https:\\\/\\\/biota.nu\\\/fr\\\/#organization\",\"name\":\"Biota Nutri\",\"url\":\"https:\\\/\\\/biota.nu\\\/fr\\\/\",\"logo\":{\"@type\":\"ImageObject\",\"inLanguage\":\"fr-FR\",\"@id\":\"https:\\\/\\\/biota.nu\\\/fr\\\/#\\\/schema\\\/logo\\\/image\\\/\",\"url\":\"https:\\\/\\\/biota.nu\\\/wp-content\\\/uploads\\\/Biota-Nutri-R.png\",\"contentUrl\":\"https:\\\/\\\/biota.nu\\\/wp-content\\\/uploads\\\/Biota-Nutri-R.png\",\"width\":300,\"height\":220,\"caption\":\"Biota Nutri\"},\"image\":{\"@id\":\"https:\\\/\\\/biota.nu\\\/fr\\\/#\\\/schema\\\/logo\\\/image\\\/\"}}]}<\/script>\n<!-- \/ Yoast SEO plugin. -->","yoast_head_json":{"title":"Biota Mino Plus - Biota Nutri","robots":{"index":"index","follow":"follow","max-snippet":"max-snippet:-1","max-image-preview":"max-image-preview:large","max-video-preview":"max-video-preview:-1"},"canonical":"https:\/\/biota.nu\/fr\/produit\/biota-mino-plus\/","og_locale":"fr_FR","og_type":"article","og_title":"Biota Mino Plus - Biota Nutri","og_description":"Biota Mino Plus est un engrais organique liquide qui favorise l&rsquo;entretien, la croissance, la vitalit\u00e9 et la reproduction des plantes gr\u00e2ce \u00e0 sa teneur en [&hellip;]","og_url":"https:\/\/biota.nu\/fr\/produit\/biota-mino-plus\/","og_site_name":"Biota Nutri","article_modified_time":"2025-03-20T13:12:24+00:00","og_image":[{"width":600,"height":600,"url":"https:\/\/biota.nu\/wp-content\/uploads\/Biota-mino-plus-EU-can-s-2.jpg","type":"image\/jpeg"}],"twitter_card":"summary_large_image","twitter_misc":{"Dur\u00e9e de lecture estim\u00e9e":"1 minute"},"schema":{"@context":"https:\/\/schema.org","@graph":[{"@type":"WebPage","@id":"https:\/\/biota.nu\/fr\/produit\/biota-mino-plus\/","url":"https:\/\/biota.nu\/fr\/produit\/biota-mino-plus\/","name":"Biota Mino Plus - Biota Nutri","isPartOf":{"@id":"https:\/\/biota.nu\/fr\/#website"},"primaryImageOfPage":{"@id":"https:\/\/biota.nu\/fr\/produit\/biota-mino-plus\/#primaryimage"},"image":{"@id":"https:\/\/biota.nu\/fr\/produit\/biota-mino-plus\/#primaryimage"},"thumbnailUrl":"https:\/\/biota.nu\/wp-content\/uploads\/Biota-mino-plus-EU-can-s-2.jpg","datePublished":"2024-02-24T15:09:48+00:00","dateModified":"2025-03-20T13:12:24+00:00","breadcrumb":{"@id":"https:\/\/biota.nu\/fr\/produit\/biota-mino-plus\/#breadcrumb"},"inLanguage":"fr-FR","potentialAction":[{"@type":"ReadAction","target":["https:\/\/biota.nu\/fr\/produit\/biota-mino-plus\/"]}]},{"@type":"ImageObject","inLanguage":"fr-FR","@id":"https:\/\/biota.nu\/fr\/produit\/biota-mino-plus\/#primaryimage","url":"https:\/\/biota.nu\/wp-content\/uploads\/Biota-mino-plus-EU-can-s-2.jpg","contentUrl":"https:\/\/biota.nu\/wp-content\/uploads\/Biota-mino-plus-EU-can-s-2.jpg","width":600,"height":600},{"@type":"BreadcrumbList","@id":"https:\/\/biota.nu\/fr\/produit\/biota-mino-plus\/#breadcrumb","itemListElement":[{"@type":"ListItem","position":1,"name":"Home","item":"https:\/\/biota.nu\/fr\/?page_id=10262"},{"@type":"ListItem","position":2,"name":"Produits","item":"https:\/\/biota.nu\/fr\/?page_id=10612"},{"@type":"ListItem","position":3,"name":"Biota Mino Plus"}]},{"@type":"WebSite","@id":"https:\/\/biota.nu\/fr\/#website","url":"https:\/\/biota.nu\/fr\/","name":"Biota Nutri","description":"","publisher":{"@id":"https:\/\/biota.nu\/fr\/#organization"},"potentialAction":[{"@type":"SearchAction","target":{"@type":"EntryPoint","urlTemplate":"https:\/\/biota.nu\/fr\/?s={search_term_string}"},"query-input":{"@type":"PropertyValueSpecification","valueRequired":true,"valueName":"search_term_string"}}],"inLanguage":"fr-FR"},{"@type":"Organization","@id":"https:\/\/biota.nu\/fr\/#organization","name":"Biota Nutri","url":"https:\/\/biota.nu\/fr\/","logo":{"@type":"ImageObject","inLanguage":"fr-FR","@id":"https:\/\/biota.nu\/fr\/#\/schema\/logo\/image\/","url":"https:\/\/biota.nu\/wp-content\/uploads\/Biota-Nutri-R.png","contentUrl":"https:\/\/biota.nu\/wp-content\/uploads\/Biota-Nutri-R.png","width":300,"height":220,"caption":"Biota Nutri"},"image":{"@id":"https:\/\/biota.nu\/fr\/#\/schema\/logo\/image\/"}}]}},"acf":[],"_links":{"self":[{"href":"https:\/\/biota.nu\/fr\/wp-json\/wp\/v2\/product\/10980","targetHints":{"allow":["GET"]}}],"collection":[{"href":"https:\/\/biota.nu\/fr\/wp-json\/wp\/v2\/product"}],"about":[{"href":"https:\/\/biota.nu\/fr\/wp-json\/wp\/v2\/types\/product"}],"wp:featuredmedia":[{"embeddable":true,"href":"https:\/\/biota.nu\/fr\/wp-json\/wp\/v2\/media\/10981"}],"wp:attachment":[{"href":"https:\/\/biota.nu\/fr\/wp-json\/wp\/v2\/media?parent=10980"}],"wp:term":[{"taxonomy":"product_brand","embeddable":true,"href":"https:\/\/biota.nu\/fr\/wp-json\/wp\/v2\/product_brand?post=10980"},{"taxonomy":"product_cat","embeddable":true,"href":"https:\/\/biota.nu\/fr\/wp-json\/wp\/v2\/product_cat?post=10980"},{"taxonomy":"product_tag","embeddable":true,"href":"https:\/\/biota.nu\/fr\/wp-json\/wp\/v2\/product_tag?post=10980"}],"curies":[{"name":"wp","href":"https:\/\/api.w.org\/{rel}","templated":true}]}}