{"id":11007,"date":"2024-02-24T15:24:44","date_gmt":"2024-02-24T15:24:44","guid":{"rendered":"https:\/\/biota.nu\/product\/poudre-de-fer-biota-13\/"},"modified":"2025-03-20T13:12:30","modified_gmt":"2025-03-20T13:12:30","slug":"poudre-de-fer-biota-13","status":"publish","type":"product","link":"https:\/\/biota.nu\/fr\/produit\/poudre-de-fer-biota-13\/","title":{"rendered":"Poudre de fer Biota 13"},"content":{"rendered":"<p>Biota Iron Powder est un suppl\u00e9ment de micronutriments \u00e0 base de fer. Il est stabilis\u00e9 biologiquement et constitue une excellente source de fer pour toutes les cultures. Le produit est facilement soluble, tr\u00e8s stable en solution, facilement absorbable par la plante et convient \u00e0 tous les syst\u00e8mes d&rsquo;irrigation modernes.  <\/p>\n","protected":false},"excerpt":{"rendered":"<p>Biota Iron Powder est un suppl\u00e9ment de micronutriments \u00e0 base de fer. Il est stabilis\u00e9 biologiquement et constitue une excellente source de fer pour toutes [&hellip;]<\/p>\n","protected":false},"featured_media":10166,"template":"","meta":[],"product_brand":[],"product_cat":[235],"product_tag":[],"class_list":{"0":"post-11007","1":"product","2":"type-product","3":"status-publish","4":"has-post-thumbnail","6":"product_cat-oligo-elements","8":"first","9":"instock","10":"shipping-taxable","11":"product-type-simple"},"yoast_head":"<!-- This site is optimized with the Yoast SEO plugin v27.3 - https:\/\/yoast.com\/product\/yoast-seo-wordpress\/ -->\n<title>Poudre de fer Biota 13 - Biota Nutri<\/title>\n<meta name=\"robots\" content=\"index, follow, max-snippet:-1, max-image-preview:large, max-video-preview:-1\" \/>\n<link rel=\"canonical\" href=\"https:\/\/biota.nu\/fr\/produit\/poudre-de-fer-biota-13\/\" \/>\n<meta property=\"og:locale\" content=\"fr_FR\" \/>\n<meta property=\"og:type\" content=\"article\" \/>\n<meta property=\"og:title\" content=\"Poudre de fer Biota 13 - Biota Nutri\" \/>\n<meta property=\"og:description\" content=\"Biota Iron Powder est un suppl\u00e9ment de micronutriments \u00e0 base de fer. Il est stabilis\u00e9 biologiquement et constitue une excellente source de fer pour toutes [&hellip;]\" \/>\n<meta property=\"og:url\" content=\"https:\/\/biota.nu\/fr\/produit\/poudre-de-fer-biota-13\/\" \/>\n<meta property=\"og:site_name\" content=\"Biota Nutri\" \/>\n<meta property=\"article:modified_time\" content=\"2025-03-20T13:12:30+00:00\" \/>\n<meta property=\"og:image\" content=\"https:\/\/biota.nu\/wp-content\/uploads\/iron-powder-w-bowl-1-1.png\" \/>\n\t<meta property=\"og:image:width\" content=\"736\" \/>\n\t<meta property=\"og:image:height\" content=\"1024\" \/>\n\t<meta property=\"og:image:type\" content=\"image\/png\" \/>\n<meta name=\"twitter:card\" content=\"summary_large_image\" \/>\n<script type=\"application\/ld+json\" class=\"yoast-schema-graph\">{\"@context\":\"https:\\\/\\\/schema.org\",\"@graph\":[{\"@type\":\"WebPage\",\"@id\":\"https:\\\/\\\/biota.nu\\\/fr\\\/produit\\\/poudre-de-fer-biota-13\\\/\",\"url\":\"https:\\\/\\\/biota.nu\\\/fr\\\/produit\\\/poudre-de-fer-biota-13\\\/\",\"name\":\"Poudre de fer Biota 13 - Biota Nutri\",\"isPartOf\":{\"@id\":\"https:\\\/\\\/biota.nu\\\/fr\\\/#website\"},\"primaryImageOfPage\":{\"@id\":\"https:\\\/\\\/biota.nu\\\/fr\\\/produit\\\/poudre-de-fer-biota-13\\\/#primaryimage\"},\"image\":{\"@id\":\"https:\\\/\\\/biota.nu\\\/fr\\\/produit\\\/poudre-de-fer-biota-13\\\/#primaryimage\"},\"thumbnailUrl\":\"https:\\\/\\\/biota.nu\\\/wp-content\\\/uploads\\\/iron-powder-w-bowl-1-1.png\",\"datePublished\":\"2024-02-24T15:24:44+00:00\",\"dateModified\":\"2025-03-20T13:12:30+00:00\",\"breadcrumb\":{\"@id\":\"https:\\\/\\\/biota.nu\\\/fr\\\/produit\\\/poudre-de-fer-biota-13\\\/#breadcrumb\"},\"inLanguage\":\"fr-FR\",\"potentialAction\":[{\"@type\":\"ReadAction\",\"target\":[\"https:\\\/\\\/biota.nu\\\/fr\\\/produit\\\/poudre-de-fer-biota-13\\\/\"]}]},{\"@type\":\"ImageObject\",\"inLanguage\":\"fr-FR\",\"@id\":\"https:\\\/\\\/biota.nu\\\/fr\\\/produit\\\/poudre-de-fer-biota-13\\\/#primaryimage\",\"url\":\"https:\\\/\\\/biota.nu\\\/wp-content\\\/uploads\\\/iron-powder-w-bowl-1-1.png\",\"contentUrl\":\"https:\\\/\\\/biota.nu\\\/wp-content\\\/uploads\\\/iron-powder-w-bowl-1-1.png\",\"width\":2290,\"height\":3187},{\"@type\":\"BreadcrumbList\",\"@id\":\"https:\\\/\\\/biota.nu\\\/fr\\\/produit\\\/poudre-de-fer-biota-13\\\/#breadcrumb\",\"itemListElement\":[{\"@type\":\"ListItem\",\"position\":1,\"name\":\"Home\",\"item\":\"https:\\\/\\\/biota.nu\\\/fr\\\/?page_id=10262\"},{\"@type\":\"ListItem\",\"position\":2,\"name\":\"Produits\",\"item\":\"https:\\\/\\\/biota.nu\\\/fr\\\/?page_id=10612\"},{\"@type\":\"ListItem\",\"position\":3,\"name\":\"Poudre de fer Biota 13\"}]},{\"@type\":\"WebSite\",\"@id\":\"https:\\\/\\\/biota.nu\\\/fr\\\/#website\",\"url\":\"https:\\\/\\\/biota.nu\\\/fr\\\/\",\"name\":\"Biota Nutri\",\"description\":\"\",\"publisher\":{\"@id\":\"https:\\\/\\\/biota.nu\\\/fr\\\/#organization\"},\"potentialAction\":[{\"@type\":\"SearchAction\",\"target\":{\"@type\":\"EntryPoint\",\"urlTemplate\":\"https:\\\/\\\/biota.nu\\\/fr\\\/?s={search_term_string}\"},\"query-input\":{\"@type\":\"PropertyValueSpecification\",\"valueRequired\":true,\"valueName\":\"search_term_string\"}}],\"inLanguage\":\"fr-FR\"},{\"@type\":\"Organization\",\"@id\":\"https:\\\/\\\/biota.nu\\\/fr\\\/#organization\",\"name\":\"Biota Nutri\",\"url\":\"https:\\\/\\\/biota.nu\\\/fr\\\/\",\"logo\":{\"@type\":\"ImageObject\",\"inLanguage\":\"fr-FR\",\"@id\":\"https:\\\/\\\/biota.nu\\\/fr\\\/#\\\/schema\\\/logo\\\/image\\\/\",\"url\":\"https:\\\/\\\/biota.nu\\\/wp-content\\\/uploads\\\/Biota-Nutri-R.png\",\"contentUrl\":\"https:\\\/\\\/biota.nu\\\/wp-content\\\/uploads\\\/Biota-Nutri-R.png\",\"width\":300,\"height\":220,\"caption\":\"Biota Nutri\"},\"image\":{\"@id\":\"https:\\\/\\\/biota.nu\\\/fr\\\/#\\\/schema\\\/logo\\\/image\\\/\"}}]}<\/script>\n<!-- \/ Yoast SEO plugin. -->","yoast_head_json":{"title":"Poudre de fer Biota 13 - Biota Nutri","robots":{"index":"index","follow":"follow","max-snippet":"max-snippet:-1","max-image-preview":"max-image-preview:large","max-video-preview":"max-video-preview:-1"},"canonical":"https:\/\/biota.nu\/fr\/produit\/poudre-de-fer-biota-13\/","og_locale":"fr_FR","og_type":"article","og_title":"Poudre de fer Biota 13 - Biota Nutri","og_description":"Biota Iron Powder est un suppl\u00e9ment de micronutriments \u00e0 base de fer. Il est stabilis\u00e9 biologiquement et constitue une excellente source de fer pour toutes [&hellip;]","og_url":"https:\/\/biota.nu\/fr\/produit\/poudre-de-fer-biota-13\/","og_site_name":"Biota Nutri","article_modified_time":"2025-03-20T13:12:30+00:00","og_image":[{"url":"https:\/\/biota.nu\/wp-content\/uploads\/iron-powder-w-bowl-1-1.png","width":736,"height":1024,"type":"image\/png"}],"twitter_card":"summary_large_image","schema":{"@context":"https:\/\/schema.org","@graph":[{"@type":"WebPage","@id":"https:\/\/biota.nu\/fr\/produit\/poudre-de-fer-biota-13\/","url":"https:\/\/biota.nu\/fr\/produit\/poudre-de-fer-biota-13\/","name":"Poudre de fer Biota 13 - Biota Nutri","isPartOf":{"@id":"https:\/\/biota.nu\/fr\/#website"},"primaryImageOfPage":{"@id":"https:\/\/biota.nu\/fr\/produit\/poudre-de-fer-biota-13\/#primaryimage"},"image":{"@id":"https:\/\/biota.nu\/fr\/produit\/poudre-de-fer-biota-13\/#primaryimage"},"thumbnailUrl":"https:\/\/biota.nu\/wp-content\/uploads\/iron-powder-w-bowl-1-1.png","datePublished":"2024-02-24T15:24:44+00:00","dateModified":"2025-03-20T13:12:30+00:00","breadcrumb":{"@id":"https:\/\/biota.nu\/fr\/produit\/poudre-de-fer-biota-13\/#breadcrumb"},"inLanguage":"fr-FR","potentialAction":[{"@type":"ReadAction","target":["https:\/\/biota.nu\/fr\/produit\/poudre-de-fer-biota-13\/"]}]},{"@type":"ImageObject","inLanguage":"fr-FR","@id":"https:\/\/biota.nu\/fr\/produit\/poudre-de-fer-biota-13\/#primaryimage","url":"https:\/\/biota.nu\/wp-content\/uploads\/iron-powder-w-bowl-1-1.png","contentUrl":"https:\/\/biota.nu\/wp-content\/uploads\/iron-powder-w-bowl-1-1.png","width":2290,"height":3187},{"@type":"BreadcrumbList","@id":"https:\/\/biota.nu\/fr\/produit\/poudre-de-fer-biota-13\/#breadcrumb","itemListElement":[{"@type":"ListItem","position":1,"name":"Home","item":"https:\/\/biota.nu\/fr\/?page_id=10262"},{"@type":"ListItem","position":2,"name":"Produits","item":"https:\/\/biota.nu\/fr\/?page_id=10612"},{"@type":"ListItem","position":3,"name":"Poudre de fer Biota 13"}]},{"@type":"WebSite","@id":"https:\/\/biota.nu\/fr\/#website","url":"https:\/\/biota.nu\/fr\/","name":"Biota Nutri","description":"","publisher":{"@id":"https:\/\/biota.nu\/fr\/#organization"},"potentialAction":[{"@type":"SearchAction","target":{"@type":"EntryPoint","urlTemplate":"https:\/\/biota.nu\/fr\/?s={search_term_string}"},"query-input":{"@type":"PropertyValueSpecification","valueRequired":true,"valueName":"search_term_string"}}],"inLanguage":"fr-FR"},{"@type":"Organization","@id":"https:\/\/biota.nu\/fr\/#organization","name":"Biota Nutri","url":"https:\/\/biota.nu\/fr\/","logo":{"@type":"ImageObject","inLanguage":"fr-FR","@id":"https:\/\/biota.nu\/fr\/#\/schema\/logo\/image\/","url":"https:\/\/biota.nu\/wp-content\/uploads\/Biota-Nutri-R.png","contentUrl":"https:\/\/biota.nu\/wp-content\/uploads\/Biota-Nutri-R.png","width":300,"height":220,"caption":"Biota Nutri"},"image":{"@id":"https:\/\/biota.nu\/fr\/#\/schema\/logo\/image\/"}}]}},"acf":[],"_links":{"self":[{"href":"https:\/\/biota.nu\/fr\/wp-json\/wp\/v2\/product\/11007","targetHints":{"allow":["GET"]}}],"collection":[{"href":"https:\/\/biota.nu\/fr\/wp-json\/wp\/v2\/product"}],"about":[{"href":"https:\/\/biota.nu\/fr\/wp-json\/wp\/v2\/types\/product"}],"wp:featuredmedia":[{"embeddable":true,"href":"https:\/\/biota.nu\/fr\/wp-json\/wp\/v2\/media\/10166"}],"wp:attachment":[{"href":"https:\/\/biota.nu\/fr\/wp-json\/wp\/v2\/media?parent=11007"}],"wp:term":[{"taxonomy":"product_brand","embeddable":true,"href":"https:\/\/biota.nu\/fr\/wp-json\/wp\/v2\/product_brand?post=11007"},{"taxonomy":"product_cat","embeddable":true,"href":"https:\/\/biota.nu\/fr\/wp-json\/wp\/v2\/product_cat?post=11007"},{"taxonomy":"product_tag","embeddable":true,"href":"https:\/\/biota.nu\/fr\/wp-json\/wp\/v2\/product_tag?post=11007"}],"curies":[{"name":"wp","href":"https:\/\/api.w.org\/{rel}","templated":true}]}}