{"id":11906,"date":"2026-01-19T10:39:37","date_gmt":"2026-01-19T10:39:37","guid":{"rendered":"https:\/\/biota.nu\/?post_type=product&#038;p=11906"},"modified":"2026-01-20T14:31:34","modified_gmt":"2026-01-20T14:31:34","slug":"biota-zinc-copy","status":"publish","type":"product","link":"https:\/\/biota.nu\/fr\/produit\/biota-zinc-copy\/","title":{"rendered":"Biota Zinc Foliaire"},"content":{"rendered":"<p>Biota Zinc Foliar est complex\u00e9 avec des acides carboxyliques et fulviques. Cette formulation avanc\u00e9e assure un niveau d&rsquo;absorption tr\u00e8s \u00e9lev\u00e9. Le zinc stimule la production d&rsquo;auxine dans la plante et active la synth\u00e8se des prot\u00e9ines, favorisant ainsi une croissance et un d\u00e9veloppement sains.  <\/p>\n<p>&nbsp;<\/p>\n","protected":false},"excerpt":{"rendered":"<p>&nbsp;<\/p>\n<p>&nbsp;<\/p>\n","protected":false},"featured_media":11065,"template":"","meta":[],"product_brand":[],"product_cat":[259],"product_tag":[],"class_list":{"0":"post-11906","1":"product","2":"type-product","3":"status-publish","4":"has-post-thumbnail","6":"product_cat-foliaire","8":"first","9":"instock","10":"shipping-taxable","11":"product-type-simple"},"yoast_head":"<!-- This site is optimized with the Yoast SEO plugin v27.3 - https:\/\/yoast.com\/product\/yoast-seo-wordpress\/ -->\n<title>Biota Zinc Foliaire - Biota Nutri<\/title>\n<meta name=\"robots\" content=\"index, follow, max-snippet:-1, max-image-preview:large, max-video-preview:-1\" \/>\n<link rel=\"canonical\" href=\"https:\/\/biota.nu\/fr\/produit\/biota-zinc-copy\/\" \/>\n<meta property=\"og:locale\" content=\"fr_FR\" \/>\n<meta property=\"og:type\" content=\"article\" \/>\n<meta property=\"og:title\" content=\"Biota Zinc Foliaire - Biota Nutri\" \/>\n<meta property=\"og:description\" content=\"&nbsp; &nbsp;\" \/>\n<meta property=\"og:url\" content=\"https:\/\/biota.nu\/fr\/produit\/biota-zinc-copy\/\" \/>\n<meta property=\"og:site_name\" content=\"Biota Nutri\" \/>\n<meta property=\"article:modified_time\" content=\"2026-01-20T14:31:34+00:00\" \/>\n<meta property=\"og:image\" content=\"https:\/\/biota.nu\/wp-content\/uploads\/Biota-zinc-can-s.jpg\" \/>\n\t<meta property=\"og:image:width\" content=\"600\" \/>\n\t<meta property=\"og:image:height\" content=\"600\" \/>\n\t<meta property=\"og:image:type\" content=\"image\/jpeg\" \/>\n<meta name=\"twitter:card\" content=\"summary_large_image\" \/>\n<script type=\"application\/ld+json\" class=\"yoast-schema-graph\">{\"@context\":\"https:\\\/\\\/schema.org\",\"@graph\":[{\"@type\":\"WebPage\",\"@id\":\"https:\\\/\\\/biota.nu\\\/fr\\\/produit\\\/biota-zinc-copy\\\/\",\"url\":\"https:\\\/\\\/biota.nu\\\/fr\\\/produit\\\/biota-zinc-copy\\\/\",\"name\":\"Biota Zinc Foliaire - Biota Nutri\",\"isPartOf\":{\"@id\":\"https:\\\/\\\/biota.nu\\\/fr\\\/#website\"},\"primaryImageOfPage\":{\"@id\":\"https:\\\/\\\/biota.nu\\\/fr\\\/produit\\\/biota-zinc-copy\\\/#primaryimage\"},\"image\":{\"@id\":\"https:\\\/\\\/biota.nu\\\/fr\\\/produit\\\/biota-zinc-copy\\\/#primaryimage\"},\"thumbnailUrl\":\"https:\\\/\\\/biota.nu\\\/wp-content\\\/uploads\\\/Biota-zinc-can-s.jpg\",\"datePublished\":\"2026-01-19T10:39:37+00:00\",\"dateModified\":\"2026-01-20T14:31:34+00:00\",\"breadcrumb\":{\"@id\":\"https:\\\/\\\/biota.nu\\\/fr\\\/produit\\\/biota-zinc-copy\\\/#breadcrumb\"},\"inLanguage\":\"fr-FR\",\"potentialAction\":[{\"@type\":\"ReadAction\",\"target\":[\"https:\\\/\\\/biota.nu\\\/fr\\\/produit\\\/biota-zinc-copy\\\/\"]}]},{\"@type\":\"ImageObject\",\"inLanguage\":\"fr-FR\",\"@id\":\"https:\\\/\\\/biota.nu\\\/fr\\\/produit\\\/biota-zinc-copy\\\/#primaryimage\",\"url\":\"https:\\\/\\\/biota.nu\\\/wp-content\\\/uploads\\\/Biota-zinc-can-s.jpg\",\"contentUrl\":\"https:\\\/\\\/biota.nu\\\/wp-content\\\/uploads\\\/Biota-zinc-can-s.jpg\",\"width\":600,\"height\":600},{\"@type\":\"BreadcrumbList\",\"@id\":\"https:\\\/\\\/biota.nu\\\/fr\\\/produit\\\/biota-zinc-copy\\\/#breadcrumb\",\"itemListElement\":[{\"@type\":\"ListItem\",\"position\":1,\"name\":\"Home\",\"item\":\"https:\\\/\\\/biota.nu\\\/fr\\\/?page_id=10262\"},{\"@type\":\"ListItem\",\"position\":2,\"name\":\"Produits\",\"item\":\"https:\\\/\\\/biota.nu\\\/fr\\\/?page_id=10612\"},{\"@type\":\"ListItem\",\"position\":3,\"name\":\"Biota Zinc Foliaire\"}]},{\"@type\":\"WebSite\",\"@id\":\"https:\\\/\\\/biota.nu\\\/fr\\\/#website\",\"url\":\"https:\\\/\\\/biota.nu\\\/fr\\\/\",\"name\":\"Biota Nutri\",\"description\":\"\",\"publisher\":{\"@id\":\"https:\\\/\\\/biota.nu\\\/fr\\\/#organization\"},\"potentialAction\":[{\"@type\":\"SearchAction\",\"target\":{\"@type\":\"EntryPoint\",\"urlTemplate\":\"https:\\\/\\\/biota.nu\\\/fr\\\/?s={search_term_string}\"},\"query-input\":{\"@type\":\"PropertyValueSpecification\",\"valueRequired\":true,\"valueName\":\"search_term_string\"}}],\"inLanguage\":\"fr-FR\"},{\"@type\":\"Organization\",\"@id\":\"https:\\\/\\\/biota.nu\\\/fr\\\/#organization\",\"name\":\"Biota Nutri\",\"url\":\"https:\\\/\\\/biota.nu\\\/fr\\\/\",\"logo\":{\"@type\":\"ImageObject\",\"inLanguage\":\"fr-FR\",\"@id\":\"https:\\\/\\\/biota.nu\\\/fr\\\/#\\\/schema\\\/logo\\\/image\\\/\",\"url\":\"https:\\\/\\\/biota.nu\\\/wp-content\\\/uploads\\\/Biota-Nutri-R.png\",\"contentUrl\":\"https:\\\/\\\/biota.nu\\\/wp-content\\\/uploads\\\/Biota-Nutri-R.png\",\"width\":300,\"height\":220,\"caption\":\"Biota Nutri\"},\"image\":{\"@id\":\"https:\\\/\\\/biota.nu\\\/fr\\\/#\\\/schema\\\/logo\\\/image\\\/\"}}]}<\/script>\n<!-- \/ Yoast SEO plugin. -->","yoast_head_json":{"title":"Biota Zinc Foliaire - Biota Nutri","robots":{"index":"index","follow":"follow","max-snippet":"max-snippet:-1","max-image-preview":"max-image-preview:large","max-video-preview":"max-video-preview:-1"},"canonical":"https:\/\/biota.nu\/fr\/produit\/biota-zinc-copy\/","og_locale":"fr_FR","og_type":"article","og_title":"Biota Zinc Foliaire - Biota Nutri","og_description":"&nbsp; &nbsp;","og_url":"https:\/\/biota.nu\/fr\/produit\/biota-zinc-copy\/","og_site_name":"Biota Nutri","article_modified_time":"2026-01-20T14:31:34+00:00","og_image":[{"width":600,"height":600,"url":"https:\/\/biota.nu\/wp-content\/uploads\/Biota-zinc-can-s.jpg","type":"image\/jpeg"}],"twitter_card":"summary_large_image","schema":{"@context":"https:\/\/schema.org","@graph":[{"@type":"WebPage","@id":"https:\/\/biota.nu\/fr\/produit\/biota-zinc-copy\/","url":"https:\/\/biota.nu\/fr\/produit\/biota-zinc-copy\/","name":"Biota Zinc Foliaire - Biota Nutri","isPartOf":{"@id":"https:\/\/biota.nu\/fr\/#website"},"primaryImageOfPage":{"@id":"https:\/\/biota.nu\/fr\/produit\/biota-zinc-copy\/#primaryimage"},"image":{"@id":"https:\/\/biota.nu\/fr\/produit\/biota-zinc-copy\/#primaryimage"},"thumbnailUrl":"https:\/\/biota.nu\/wp-content\/uploads\/Biota-zinc-can-s.jpg","datePublished":"2026-01-19T10:39:37+00:00","dateModified":"2026-01-20T14:31:34+00:00","breadcrumb":{"@id":"https:\/\/biota.nu\/fr\/produit\/biota-zinc-copy\/#breadcrumb"},"inLanguage":"fr-FR","potentialAction":[{"@type":"ReadAction","target":["https:\/\/biota.nu\/fr\/produit\/biota-zinc-copy\/"]}]},{"@type":"ImageObject","inLanguage":"fr-FR","@id":"https:\/\/biota.nu\/fr\/produit\/biota-zinc-copy\/#primaryimage","url":"https:\/\/biota.nu\/wp-content\/uploads\/Biota-zinc-can-s.jpg","contentUrl":"https:\/\/biota.nu\/wp-content\/uploads\/Biota-zinc-can-s.jpg","width":600,"height":600},{"@type":"BreadcrumbList","@id":"https:\/\/biota.nu\/fr\/produit\/biota-zinc-copy\/#breadcrumb","itemListElement":[{"@type":"ListItem","position":1,"name":"Home","item":"https:\/\/biota.nu\/fr\/?page_id=10262"},{"@type":"ListItem","position":2,"name":"Produits","item":"https:\/\/biota.nu\/fr\/?page_id=10612"},{"@type":"ListItem","position":3,"name":"Biota Zinc Foliaire"}]},{"@type":"WebSite","@id":"https:\/\/biota.nu\/fr\/#website","url":"https:\/\/biota.nu\/fr\/","name":"Biota Nutri","description":"","publisher":{"@id":"https:\/\/biota.nu\/fr\/#organization"},"potentialAction":[{"@type":"SearchAction","target":{"@type":"EntryPoint","urlTemplate":"https:\/\/biota.nu\/fr\/?s={search_term_string}"},"query-input":{"@type":"PropertyValueSpecification","valueRequired":true,"valueName":"search_term_string"}}],"inLanguage":"fr-FR"},{"@type":"Organization","@id":"https:\/\/biota.nu\/fr\/#organization","name":"Biota Nutri","url":"https:\/\/biota.nu\/fr\/","logo":{"@type":"ImageObject","inLanguage":"fr-FR","@id":"https:\/\/biota.nu\/fr\/#\/schema\/logo\/image\/","url":"https:\/\/biota.nu\/wp-content\/uploads\/Biota-Nutri-R.png","contentUrl":"https:\/\/biota.nu\/wp-content\/uploads\/Biota-Nutri-R.png","width":300,"height":220,"caption":"Biota Nutri"},"image":{"@id":"https:\/\/biota.nu\/fr\/#\/schema\/logo\/image\/"}}]}},"acf":[],"_links":{"self":[{"href":"https:\/\/biota.nu\/fr\/wp-json\/wp\/v2\/product\/11906","targetHints":{"allow":["GET"]}}],"collection":[{"href":"https:\/\/biota.nu\/fr\/wp-json\/wp\/v2\/product"}],"about":[{"href":"https:\/\/biota.nu\/fr\/wp-json\/wp\/v2\/types\/product"}],"wp:featuredmedia":[{"embeddable":true,"href":"https:\/\/biota.nu\/fr\/wp-json\/wp\/v2\/media\/11065"}],"wp:attachment":[{"href":"https:\/\/biota.nu\/fr\/wp-json\/wp\/v2\/media?parent=11906"}],"wp:term":[{"taxonomy":"product_brand","embeddable":true,"href":"https:\/\/biota.nu\/fr\/wp-json\/wp\/v2\/product_brand?post=11906"},{"taxonomy":"product_cat","embeddable":true,"href":"https:\/\/biota.nu\/fr\/wp-json\/wp\/v2\/product_cat?post=11906"},{"taxonomy":"product_tag","embeddable":true,"href":"https:\/\/biota.nu\/fr\/wp-json\/wp\/v2\/product_tag?post=11906"}],"curies":[{"name":"wp","href":"https:\/\/api.w.org\/{rel}","templated":true}]}}