{"id":11964,"date":"2026-01-28T09:43:46","date_gmt":"2026-01-28T09:43:46","guid":{"rendered":"https:\/\/biota.nu\/?post_type=product&#038;p=11964"},"modified":"2026-01-28T09:45:33","modified_gmt":"2026-01-28T09:45:33","slug":"biota-5-2-2-high-organic-copy-3","status":"publish","type":"product","link":"https:\/\/biota.nu\/fr\/produit\/biota-5-2-2-high-organic-copy-3\/","title":{"rendered":"Complexe amin\u00e9 Biota"},"content":{"rendered":"<p>Biota Amino Complex est un engrais \u00e0 base de plantes riche en acides amin\u00e9s et autres \u00e9l\u00e9ments constitutifs des plantes. Le reste n&rsquo;a pas chang\u00e9. Lors de l&rsquo;application, retirez l&rsquo;application foliaire et placez-la avec le Biota Amino Complex Foliar, o\u00f9 vous pouvez retirer l&rsquo;engrais d&rsquo;irrigation.  <\/p>\n","protected":false},"excerpt":{"rendered":"<p>Biota Amino Complex est un engrais \u00e0 base de plantes riche en acides amin\u00e9s et autres \u00e9l\u00e9ments constitutifs des plantes. Le reste n&rsquo;a pas chang\u00e9. [&hellip;]<\/p>\n","protected":false},"featured_media":11979,"template":"","meta":[],"product_brand":[],"product_cat":[227],"product_tag":[],"class_list":{"0":"post-11964","1":"product","2":"type-product","3":"status-publish","4":"has-post-thumbnail","6":"product_cat-biostimulants-fr","8":"first","9":"instock","10":"shipping-taxable","11":"product-type-simple"},"yoast_head":"<!-- This site is optimized with the Yoast SEO plugin v27.4 - https:\/\/yoast.com\/product\/yoast-seo-wordpress\/ -->\n<title>Complexe amin\u00e9 Biota - Biota Nutri<\/title>\n<meta name=\"robots\" content=\"index, follow, max-snippet:-1, max-image-preview:large, max-video-preview:-1\" \/>\n<link rel=\"canonical\" href=\"https:\/\/biota.nu\/fr\/produit\/biota-5-2-2-high-organic-copy-3\/\" \/>\n<meta property=\"og:locale\" content=\"fr_FR\" \/>\n<meta property=\"og:type\" content=\"article\" \/>\n<meta property=\"og:title\" content=\"Complexe amin\u00e9 Biota - Biota Nutri\" \/>\n<meta property=\"og:description\" content=\"Biota Amino Complex est un engrais \u00e0 base de plantes riche en acides amin\u00e9s et autres \u00e9l\u00e9ments constitutifs des plantes. Le reste n&rsquo;a pas chang\u00e9. [&hellip;]\" \/>\n<meta property=\"og:url\" content=\"https:\/\/biota.nu\/fr\/produit\/biota-5-2-2-high-organic-copy-3\/\" \/>\n<meta property=\"og:site_name\" content=\"Biota Nutri\" \/>\n<meta property=\"article:modified_time\" content=\"2026-01-28T09:45:33+00:00\" \/>\n<meta property=\"og:image\" content=\"https:\/\/biota.nu\/wp-content\/uploads\/Biota-Amino-Complex-Foliar-Jerrycan.png\" \/>\n\t<meta property=\"og:image:width\" content=\"2485\" \/>\n\t<meta property=\"og:image:height\" content=\"2483\" \/>\n\t<meta property=\"og:image:type\" content=\"image\/png\" \/>\n<meta name=\"twitter:card\" content=\"summary_large_image\" \/>\n<script type=\"application\/ld+json\" class=\"yoast-schema-graph\">{\"@context\":\"https:\\\/\\\/schema.org\",\"@graph\":[{\"@type\":\"WebPage\",\"@id\":\"https:\\\/\\\/biota.nu\\\/fr\\\/produit\\\/biota-5-2-2-high-organic-copy-3\\\/\",\"url\":\"https:\\\/\\\/biota.nu\\\/fr\\\/produit\\\/biota-5-2-2-high-organic-copy-3\\\/\",\"name\":\"Complexe amin\u00e9 Biota - Biota Nutri\",\"isPartOf\":{\"@id\":\"https:\\\/\\\/biota.nu\\\/fr\\\/#website\"},\"primaryImageOfPage\":{\"@id\":\"https:\\\/\\\/biota.nu\\\/fr\\\/produit\\\/biota-5-2-2-high-organic-copy-3\\\/#primaryimage\"},\"image\":{\"@id\":\"https:\\\/\\\/biota.nu\\\/fr\\\/produit\\\/biota-5-2-2-high-organic-copy-3\\\/#primaryimage\"},\"thumbnailUrl\":\"https:\\\/\\\/biota.nu\\\/wp-content\\\/uploads\\\/Biota-Amino-Complex-Jerrycan.png\",\"datePublished\":\"2026-01-28T09:43:46+00:00\",\"dateModified\":\"2026-01-28T09:45:33+00:00\",\"breadcrumb\":{\"@id\":\"https:\\\/\\\/biota.nu\\\/fr\\\/produit\\\/biota-5-2-2-high-organic-copy-3\\\/#breadcrumb\"},\"inLanguage\":\"fr-FR\",\"potentialAction\":[{\"@type\":\"ReadAction\",\"target\":[\"https:\\\/\\\/biota.nu\\\/fr\\\/produit\\\/biota-5-2-2-high-organic-copy-3\\\/\"]}]},{\"@type\":\"ImageObject\",\"inLanguage\":\"fr-FR\",\"@id\":\"https:\\\/\\\/biota.nu\\\/fr\\\/produit\\\/biota-5-2-2-high-organic-copy-3\\\/#primaryimage\",\"url\":\"https:\\\/\\\/biota.nu\\\/wp-content\\\/uploads\\\/Biota-Amino-Complex-Jerrycan.png\",\"contentUrl\":\"https:\\\/\\\/biota.nu\\\/wp-content\\\/uploads\\\/Biota-Amino-Complex-Jerrycan.png\",\"width\":2481,\"height\":2480},{\"@type\":\"BreadcrumbList\",\"@id\":\"https:\\\/\\\/biota.nu\\\/fr\\\/produit\\\/biota-5-2-2-high-organic-copy-3\\\/#breadcrumb\",\"itemListElement\":[{\"@type\":\"ListItem\",\"position\":1,\"name\":\"Home\",\"item\":\"https:\\\/\\\/biota.nu\\\/fr\\\/?page_id=10262\"},{\"@type\":\"ListItem\",\"position\":2,\"name\":\"Produits\",\"item\":\"https:\\\/\\\/biota.nu\\\/fr\\\/?page_id=10612\"},{\"@type\":\"ListItem\",\"position\":3,\"name\":\"Complexe amin\u00e9 Biota\"}]},{\"@type\":\"WebSite\",\"@id\":\"https:\\\/\\\/biota.nu\\\/fr\\\/#website\",\"url\":\"https:\\\/\\\/biota.nu\\\/fr\\\/\",\"name\":\"Biota Nutri\",\"description\":\"\",\"publisher\":{\"@id\":\"https:\\\/\\\/biota.nu\\\/fr\\\/#organization\"},\"potentialAction\":[{\"@type\":\"SearchAction\",\"target\":{\"@type\":\"EntryPoint\",\"urlTemplate\":\"https:\\\/\\\/biota.nu\\\/fr\\\/?s={search_term_string}\"},\"query-input\":{\"@type\":\"PropertyValueSpecification\",\"valueRequired\":true,\"valueName\":\"search_term_string\"}}],\"inLanguage\":\"fr-FR\"},{\"@type\":\"Organization\",\"@id\":\"https:\\\/\\\/biota.nu\\\/fr\\\/#organization\",\"name\":\"Biota Nutri\",\"url\":\"https:\\\/\\\/biota.nu\\\/fr\\\/\",\"logo\":{\"@type\":\"ImageObject\",\"inLanguage\":\"fr-FR\",\"@id\":\"https:\\\/\\\/biota.nu\\\/fr\\\/#\\\/schema\\\/logo\\\/image\\\/\",\"url\":\"https:\\\/\\\/biota.nu\\\/wp-content\\\/uploads\\\/Biota-Nutri-R.png\",\"contentUrl\":\"https:\\\/\\\/biota.nu\\\/wp-content\\\/uploads\\\/Biota-Nutri-R.png\",\"width\":300,\"height\":220,\"caption\":\"Biota Nutri\"},\"image\":{\"@id\":\"https:\\\/\\\/biota.nu\\\/fr\\\/#\\\/schema\\\/logo\\\/image\\\/\"}}]}<\/script>\n<!-- \/ Yoast SEO plugin. -->","yoast_head_json":{"title":"Complexe amin\u00e9 Biota - Biota Nutri","robots":{"index":"index","follow":"follow","max-snippet":"max-snippet:-1","max-image-preview":"max-image-preview:large","max-video-preview":"max-video-preview:-1"},"canonical":"https:\/\/biota.nu\/fr\/produit\/biota-5-2-2-high-organic-copy-3\/","og_locale":"fr_FR","og_type":"article","og_title":"Complexe amin\u00e9 Biota - Biota Nutri","og_description":"Biota Amino Complex est un engrais \u00e0 base de plantes riche en acides amin\u00e9s et autres \u00e9l\u00e9ments constitutifs des plantes. Le reste n&rsquo;a pas chang\u00e9. [&hellip;]","og_url":"https:\/\/biota.nu\/fr\/produit\/biota-5-2-2-high-organic-copy-3\/","og_site_name":"Biota Nutri","article_modified_time":"2026-01-28T09:45:33+00:00","og_image":[{"width":2485,"height":2483,"url":"https:\/\/biota.nu\/wp-content\/uploads\/Biota-Amino-Complex-Foliar-Jerrycan.png","type":"image\/png"}],"twitter_card":"summary_large_image","schema":{"@context":"https:\/\/schema.org","@graph":[{"@type":"WebPage","@id":"https:\/\/biota.nu\/fr\/produit\/biota-5-2-2-high-organic-copy-3\/","url":"https:\/\/biota.nu\/fr\/produit\/biota-5-2-2-high-organic-copy-3\/","name":"Complexe amin\u00e9 Biota - Biota Nutri","isPartOf":{"@id":"https:\/\/biota.nu\/fr\/#website"},"primaryImageOfPage":{"@id":"https:\/\/biota.nu\/fr\/produit\/biota-5-2-2-high-organic-copy-3\/#primaryimage"},"image":{"@id":"https:\/\/biota.nu\/fr\/produit\/biota-5-2-2-high-organic-copy-3\/#primaryimage"},"thumbnailUrl":"https:\/\/biota.nu\/wp-content\/uploads\/Biota-Amino-Complex-Jerrycan.png","datePublished":"2026-01-28T09:43:46+00:00","dateModified":"2026-01-28T09:45:33+00:00","breadcrumb":{"@id":"https:\/\/biota.nu\/fr\/produit\/biota-5-2-2-high-organic-copy-3\/#breadcrumb"},"inLanguage":"fr-FR","potentialAction":[{"@type":"ReadAction","target":["https:\/\/biota.nu\/fr\/produit\/biota-5-2-2-high-organic-copy-3\/"]}]},{"@type":"ImageObject","inLanguage":"fr-FR","@id":"https:\/\/biota.nu\/fr\/produit\/biota-5-2-2-high-organic-copy-3\/#primaryimage","url":"https:\/\/biota.nu\/wp-content\/uploads\/Biota-Amino-Complex-Jerrycan.png","contentUrl":"https:\/\/biota.nu\/wp-content\/uploads\/Biota-Amino-Complex-Jerrycan.png","width":2481,"height":2480},{"@type":"BreadcrumbList","@id":"https:\/\/biota.nu\/fr\/produit\/biota-5-2-2-high-organic-copy-3\/#breadcrumb","itemListElement":[{"@type":"ListItem","position":1,"name":"Home","item":"https:\/\/biota.nu\/fr\/?page_id=10262"},{"@type":"ListItem","position":2,"name":"Produits","item":"https:\/\/biota.nu\/fr\/?page_id=10612"},{"@type":"ListItem","position":3,"name":"Complexe amin\u00e9 Biota"}]},{"@type":"WebSite","@id":"https:\/\/biota.nu\/fr\/#website","url":"https:\/\/biota.nu\/fr\/","name":"Biota Nutri","description":"","publisher":{"@id":"https:\/\/biota.nu\/fr\/#organization"},"potentialAction":[{"@type":"SearchAction","target":{"@type":"EntryPoint","urlTemplate":"https:\/\/biota.nu\/fr\/?s={search_term_string}"},"query-input":{"@type":"PropertyValueSpecification","valueRequired":true,"valueName":"search_term_string"}}],"inLanguage":"fr-FR"},{"@type":"Organization","@id":"https:\/\/biota.nu\/fr\/#organization","name":"Biota Nutri","url":"https:\/\/biota.nu\/fr\/","logo":{"@type":"ImageObject","inLanguage":"fr-FR","@id":"https:\/\/biota.nu\/fr\/#\/schema\/logo\/image\/","url":"https:\/\/biota.nu\/wp-content\/uploads\/Biota-Nutri-R.png","contentUrl":"https:\/\/biota.nu\/wp-content\/uploads\/Biota-Nutri-R.png","width":300,"height":220,"caption":"Biota Nutri"},"image":{"@id":"https:\/\/biota.nu\/fr\/#\/schema\/logo\/image\/"}}]}},"acf":[],"_links":{"self":[{"href":"https:\/\/biota.nu\/fr\/wp-json\/wp\/v2\/product\/11964","targetHints":{"allow":["GET"]}}],"collection":[{"href":"https:\/\/biota.nu\/fr\/wp-json\/wp\/v2\/product"}],"about":[{"href":"https:\/\/biota.nu\/fr\/wp-json\/wp\/v2\/types\/product"}],"wp:featuredmedia":[{"embeddable":true,"href":"https:\/\/biota.nu\/fr\/wp-json\/wp\/v2\/media\/11979"}],"wp:attachment":[{"href":"https:\/\/biota.nu\/fr\/wp-json\/wp\/v2\/media?parent=11964"}],"wp:term":[{"taxonomy":"product_brand","embeddable":true,"href":"https:\/\/biota.nu\/fr\/wp-json\/wp\/v2\/product_brand?post=11964"},{"taxonomy":"product_cat","embeddable":true,"href":"https:\/\/biota.nu\/fr\/wp-json\/wp\/v2\/product_cat?post=11964"},{"taxonomy":"product_tag","embeddable":true,"href":"https:\/\/biota.nu\/fr\/wp-json\/wp\/v2\/product_tag?post=11964"}],"curies":[{"name":"wp","href":"https:\/\/api.w.org\/{rel}","templated":true}]}}