{"id":10466,"date":"2023-12-19T12:15:53","date_gmt":"2023-12-19T12:15:53","guid":{"rendered":"https:\/\/biota.nu\/formazione-faq\/"},"modified":"2025-03-19T11:08:52","modified_gmt":"2025-03-19T11:08:52","slug":"formazione-faq","status":"publish","type":"page","link":"https:\/\/biota.nu\/it\/formazione-faq\/","title":{"rendered":"Formazione\/FAQ"},"content":{"rendered":"\n<div class=\"banner alignfull wp-block-biota-nutri-banner\">\n    <img loading=\"lazy\" decoding=\"async\" src=\"https:\/\/biota.nu\/wp-content\/uploads\/Biota-Advice-v2.jpg\" width=\"2200\" height=\"1135\" alt=\"\" \/>\n\n    <div class=\"acf-innerblocks-container\">\n\n<h1 class=\"wp-block-heading has-text-align-center has-gargantuan-font-size\">Formazione &amp;  <\/h1>\n\n\n\n<h1 class=\"wp-block-heading has-text-align-center has-gargantuan-font-size\">Domande frequenti<\/h1>\n\n<\/div>\n\n    <svg xmlns=\"http:\/\/www.w3.org\/2000\/svg\" viewBox=\"0 0 1000 100\" preserveAspectRatio=\"none\">\n        <path d=\"M790.5,93.1c-59.3-5.3-116.8-18-192.6-50c-29.6-12.7-76.9-31-100.5-35.9c-23.6-4.9-52.6-7.8-75.5-5.3\n\tc-10.2,1.1-22.6,1.4-50.1,7.4c-27.2,6.3-58.2,16.6-79.4,24.7c-41.3,15.9-94.9,21.9-134,22.6C72,58.2,0,25.8,0,25.8V100h1000V65.3\n\tc0,0-51.5,19.4-106.2,25.7C839.5,97,814.1,95.2,790.5,93.1z\"><\/path>\n    <\/svg>\n<\/div>\n\n<div style=\"--inline-transform-translate-x: px; --inline-transform-translate-y: px;\" class=\"decoration-image align wp-block-biota-nutri-decoration-image\">\n    <div class=\"acf-innerblocks-container\">\n\n<figure class=\"wp-block-image size-large is-resized\"><img loading=\"lazy\" decoding=\"async\" width=\"359\" height=\"1024\" src=\"https:\/\/biota.nu\/wp-content\/uploads\/Avocado-1-359x1024.png\" alt=\"\" class=\"wp-image-9205\" style=\"width:195px;height:auto\" srcset=\"https:\/\/biota.nu\/wp-content\/uploads\/Avocado-1-359x1024.png 359w, https:\/\/biota.nu\/wp-content\/uploads\/Avocado-1-105x300.png 105w, https:\/\/biota.nu\/wp-content\/uploads\/Avocado-1-539x1536.png 539w, https:\/\/biota.nu\/wp-content\/uploads\/Avocado-1.png 568w\" sizes=\"auto, (max-width: 359px) 100vw, 359px\" \/><\/figure>\n\n<\/div>\n<\/div>\n\n<p>Ha delle domande? Abbiamo le risposte (beh, la maggior parte delle volte!)<br\/>Trovi le nostre risposte alle domande pi\u00f9 comuni che pu\u00f2 avere sui fertilizzanti Biota. <em><strong>fertilizzanti Biota<\/strong><\/em>, <em><strong>Calcolatore Biota Nutri<\/strong><\/em>, <em><strong>certificazioni<\/strong><\/em>e altro ancora. Se non riesce a trovare la risposta che sta cercando, <a href=\"https:\/\/biota.nu\/cultivation-advice\/\">ci contatti<\/a>. Siamo felici di aiutarla!   <\/p>\n\n<div style=\"--inline-background-color: #eaefe1; --inline-text-color: #6e3e13;  margin-top:6em;margin-bottom:6em;\" class=\"wave-container alignfull wp-block-biota-nutri-wave-container\">\n    <img decoding=\"async\" src=\"\" width=\"\" height=\"\" alt=\"\" \/>\n\n    <div class=\"top-wave\">\n        <svg xmlns=\"http:\/\/www.w3.org\/2000\/svg\" viewBox=\"0 0 1000 100\" preserveAspectRatio=\"none\">\n            <path d=\"M421.9,6.5c22.6-2.5,51.5,0.4,75.5,5.3c23.6,4.9,70.9,23.5,100.5,35.7c75.8,32.2,133.7,44.5,192.6,49.7\n\tc23.6,2.1,48.7,3.5,103.4-2.5c54.7-6,106.2-25.6,106.2-25.6V0H0v30.3c0,0,72,32.6,158.4,30.5c39.2-0.7,92.8-6.7,134-22.4\n\tc21.2-8.1,52.2-18.2,79.7-24.2C399.3,7.9,411.6,7.5,421.9,6.5z\"><\/path>\n        <\/svg>\n    <\/div>\n\n    <div class=\"container\">\n        <div class=\"acf-innerblocks-container\">\n\n<h2 class=\"wp-block-heading has-text-align-center\" style=\"margin-bottom:2em\">Video di formazione<\/h2>\n\n\n\n<div class=\"youtube-playlist align wp-block-biota-nutri-youtube-playlist\">\n    <iframe loading=\"lazy\" width=\"800\" height=\"450\" src=\"https:\/\/www.youtube.com\/embed\/1xqKQLqQC1k\" frameborder=\"0\" allow=\"accelerometer; autoplay; clipboard-write; encrypted-media; gyroscope; picture-in-picture; web-share\" allowfullscreen><\/iframe>\n    <ul class=\"playlist\">\n                    <li class=\"current\" data-video-id=\"1xqKQLqQC1k\">\n                <img decoding=\"async\" src=\"https:\/\/img.youtube.com\/vi\/1xqKQLqQC1k\/default.jpg\" \/>\n                <div class=\"title\">Ottimizzazione della capacit\u00e0 di scambio cationico Complesso CEC<\/div>\n            <\/li>\n                    <li  data-video-id=\"sd9vmmSZJA4\">\n                <img decoding=\"async\" src=\"https:\/\/img.youtube.com\/vi\/sd9vmmSZJA4\/default.jpg\" \/>\n                <div class=\"title\">Tempi di dissoluzione e pH per il fertilizzante organico<\/div>\n            <\/li>\n                    <li  data-video-id=\"GkQUW5yGDHs\">\n                <img decoding=\"async\" src=\"https:\/\/img.youtube.com\/vi\/GkQUW5yGDHs\/default.jpg\" \/>\n                <div class=\"title\">Pulire e mantenere le linee di gocciolamento quando si utilizzano fertilizzanti organici.<\/div>\n            <\/li>\n                    <li  data-video-id=\"Z3JFgYRiNIw\">\n                <img decoding=\"async\" src=\"https:\/\/img.youtube.com\/vi\/Z3JFgYRiNIw\/default.jpg\" \/>\n                <div class=\"title\">Perch\u00e9 dovrebbe utilizzare le vasche A &amp; B con il fertilizzante organico<\/div>\n            <\/li>\n            <\/ul>\n<\/div>\n\n<\/div>\n    <\/div>\n\n    <div class=\"bottom-wave\">\n        <svg xmlns=\"http:\/\/www.w3.org\/2000\/svg\" viewBox=\"0 0 1000 100\" preserveAspectRatio=\"none\">\n            <path d=\"M421.9,6.5c22.6-2.5,51.5,0.4,75.5,5.3c23.6,4.9,70.9,23.5,100.5,35.7c75.8,32.2,133.7,44.5,192.6,49.7\n\tc23.6,2.1,48.7,3.5,103.4-2.5c54.7-6,106.2-25.6,106.2-25.6V0H0v30.3c0,0,72,32.6,158.4,30.5c39.2-0.7,92.8-6.7,134-22.4\n\tc21.2-8.1,52.2-18.2,79.7-24.2C399.3,7.9,411.6,7.5,421.9,6.5z\"><\/path>\n        <\/svg>\n    <\/div>\n<\/div>\n\n<h2 class=\"wp-block-heading has-text-align-center\" style=\"margin-bottom:2em\">Domande frequenti<\/h2>\n\n<h2 class=\"wp-block-heading has-x-large-font-size\">Fertilizzanti<\/h2>\n\n<div class=\"faq wp-block-biotanutri-faq\">\n    <div class=\"acf-innerblocks-container\">\n\n<p class=\"has-text-align-left faq-question\">Perch\u00e9 i fertilizzanti Biota sono cos\u00ec buoni?<\/p>\n\n\n\n<p class=\"has-text-align-left faq-answer\">I nostri fertilizzanti a basso contenuto di sostanze organiche sono i migliori per alcuni clienti, perch\u00e9 sono liquidi trasparenti al 100% a base vegetale, il che li rende immediatamente disponibili per le piante, non intasano i tubi di irrigazione e i prodotti coltivati possono riportare il marchio Vegan sulla confezione. I nostri prodotti ad alto contenuto biologico sono pi\u00f9 adatti ad alcuni clienti, come quelli che coltivano all&#8217;aperto o che vendono al dettaglio ai coltivatori domestici, perch\u00e9 hanno grandi propriet\u00e0 nutrizionali, ma ad un prezzo migliore rispetto ai nostri prodotti premium. Ci contatti per discutere di come possiamo offrire la soluzione giusta per la sua applicazione.  <\/p>\n\n<\/div>\n<\/div>\n\n<div class=\"faq wp-block-biotanutri-faq\">\n    <div class=\"acf-innerblocks-container\">\n\n<p class=\"faq-question\">Dove posso trovare informazioni sul prodotto, come una scheda tecnica o una scheda di sicurezza?<\/p>\n\n\n\n<p class=\"faq-answer\">Pu\u00f2 richiedere le schede tecniche e di sicurezza contattando il suo rappresentante o inviando un&#8217;e-mail a <a href=\"mailto:info@biota.nu\">info@biota.nu.<\/a> <br\/>Per informazioni sull&#8217;utilizzo dei nostri prodotti e sul lavoro con i fertilizzanti organici, guardi il nostro canale YouTube <a href=\"https:\/\/www.youtube.com\/@biotanutri8958\">https:\/\/www.youtube.com\/@biotanutri8958<\/a><\/p>\n\n<\/div>\n<\/div>\n\n<h2 class=\"wp-block-heading has-x-large-font-size\">Calcolatrice<\/h2>\n\n<div class=\"faq wp-block-biotanutri-faq\">\n    <div class=\"acf-innerblocks-container\">\n\n<p class=\"faq-question\">Il Calcolatore Biota Nutri pu\u00f2 essere utilizzato per tutte le colture?<\/p>\n\n\n\n<p class=\"faq-answer\">Ci\u00f2 che rende unico il Calcolatore Biota Nutri \u00e8 che pu\u00f2 essere utilizzato per tutti i fertilizzanti, il che significa che non si limita al tipo o alla marca del fertilizzante. In altre parole, per tutti i sistemi di dosaggio, per tutti i tipi di marche di fertilizzanti e per combinare fertilizzanti minerali e organici. <\/p>\n\n<\/div>\n<\/div>\n\n<div class=\"faq wp-block-biotanutri-faq\">\n    <div class=\"acf-innerblocks-container\">\n\n<p class=\"faq-question\">\u00c8 possibile aggiungere fertilizzanti organici al mio programma attuale, ad esempio il calcio organico?<\/p>\n\n\n\n<p class=\"faq-answer\">S\u00ec, \u00e8 possibile. Il Calcolatore Nutri Biota le consiglia la quantit\u00e0 di calcio necessaria. <\/p>\n\n<\/div>\n<\/div>\n\n<h2 class=\"wp-block-heading has-x-large-font-size\">Biota Nutri<\/h2>\n\n<div class=\"faq wp-block-biotanutri-faq\">\n    <div class=\"acf-innerblocks-container\">\n\n<p class=\"faq-question\">Biota Nutri pu\u00f2 visitare la mia azienda per fornire una consulenza?<\/p>\n\n\n\n<p class=\"faq-answer\">S\u00ec, certamente. Invii la sua richiesta a info@biota.nu, in modo che uno dei nostri specialisti possa discutere con lei le possibilit\u00e0. <\/p>\n\n<\/div>\n<\/div>\n\n<h2 class=\"wp-block-heading has-x-large-font-size\">Etichette private<\/h2>\n\n<div class=\"faq wp-block-biotanutri-faq\">\n    <div class=\"acf-innerblocks-container\">\n\n<p class=\"faq-question\">Possiamo vendere i suoi prodotti con la nostra etichetta\/marchio?<\/p>\n\n\n\n<p class=\"faq-answer\">S\u00ec, certamente. Invii la sua richiesta a info@biota.nu, in modo che uno dei nostri specialisti possa discutere con lei le possibilit\u00e0. <\/p>\n\n<\/div>\n<\/div>\n\n<h2 class=\"wp-block-heading has-x-large-font-size\">Certificazioni<\/h2>\n\n<div style=\"--inline-transform-translate-x: 0px; --inline-transform-translate-y: 0px;\" class=\"decoration-image position-left align wp-block-biota-nutri-decoration-image\">\n    <div class=\"acf-innerblocks-container\">\n\n<figure class=\"wp-block-image alignright size-large is-resized\"><img loading=\"lazy\" decoding=\"async\" width=\"554\" height=\"1024\" src=\"https:\/\/biota.nu\/wp-content\/uploads\/Pepper-4-554x1024.png\" alt=\"\" class=\"wp-image-9221\" style=\"width:268px;height:auto\" srcset=\"https:\/\/biota.nu\/wp-content\/uploads\/Pepper-4-554x1024.png 554w, https:\/\/biota.nu\/wp-content\/uploads\/Pepper-4-162x300.png 162w, https:\/\/biota.nu\/wp-content\/uploads\/Pepper-4-768x1420.png 768w, https:\/\/biota.nu\/wp-content\/uploads\/Pepper-4-831x1536.png 831w, https:\/\/biota.nu\/wp-content\/uploads\/Pepper-4-600x1109.png 600w, https:\/\/biota.nu\/wp-content\/uploads\/Pepper-4.png 891w\" sizes=\"auto, (max-width: 554px) 100vw, 554px\" \/><\/figure>\n\n<\/div>\n<\/div>\n\n<div class=\"faq wp-block-biotanutri-faq\">\n    <div class=\"acf-innerblocks-container\">\n\n<p class=\"faq-question\">Che cosa significa &#8220;Lista OMRI&#8221;?<\/p>\n\n\n\n<p class=\"faq-answer\">In breve, significa che il prodotto \u00e8 approvato in modo indipendente dall&#8217;Organic Materials Review Institute per garantire che sia approvato per l&#8217;uso nell&#8217;agricoltura biologica commerciale. L&#8217;OMRI \u00e8 un&#8217;organizzazione senza scopo di lucro che fornisce una revisione indipendente dei prodotti, come i fertilizzanti, destinati all&#8217;uso nella produzione e lavorazione biologica certificata. Quando le aziende fanno richiesta, l&#8217;OMRI esamina i loro prodotti in base agli standard biologici. I prodotti accettabili sono OMRI Listed\u00ae e compaiono nella Lista dei Prodotti OMRI\u00a9 o nella Lista dei Prodotti OMRI Canada\u00a9. L&#8217;OMRI fornisce anche assistenza tecnica e formazione ai professionisti dell&#8217;industria biologica&#8221;. Per maggiori informazioni, visiti<\/p>\n\n<\/div>\n<\/div>\n\n<h2 class=\"wp-block-heading has-x-large-font-size\">Sostenibilit\u00e0<\/h2>\n\n<div class=\"faq wp-block-biotanutri-faq\">\n    <div class=\"acf-innerblocks-container\">\n\n<p class=\"faq-question\">In che modo Biota Nutri contribuisce a un mondo pi\u00f9 sostenibile?<\/p>\n\n\n\n<p class=\"faq-answer\">Sviluppando e utilizzando metodi circolari al 100% per la produzione di fertilizzanti organici da materiali derivati da flussi di residui vegetali (rifiuti). Forniamo ai coltivatori prodotti e conoscenze per adottare pratiche agricole sostenibili e li assistiamo per ottimizzare la resa, massimizzare la qualit\u00e0 dei prodotti e rigenerare i terreni. <\/p>\n\n<\/div>\n<\/div>\n\n<div class=\"faq wp-block-biotanutri-faq\">\n    <div class=\"acf-innerblocks-container\">\n\n<p class=\"faq-question\">Cosa intende per &#8220;a base vegetale&#8221;?<\/p>\n\n\n\n<p class=\"faq-answer\">Quasi tutti i nostri prodotti sono realizzati a partire dai flussi residui delle piante. Ci\u00f2 significa che utilizziamo gli scarti ricchi di sostanze nutritive che avanzano dalla lavorazione delle piante e dei vegetali, che poi raffiniamo e utilizziamo per creare i nostri prodotti. <\/p>\n\n<\/div>\n<\/div>\n\n<div class=\"faq wp-block-biotanutri-faq\">\n    <div class=\"acf-innerblocks-container\">\n\n<p class=\"faq-question\">Cosa intende per &#8220;Non OGM&#8221;?<\/p>\n\n\n\n<p class=\"faq-answer\">I prodotti contrassegnati come Non-GMO non derivano da piante geneticamente modificate. Qualsiasi prodotto che abbia l&#8217;elenco OMRI \u00e8 non OGM, per definizione. <\/p>\n\n<\/div>\n<\/div>\n\n<div class=\"faq wp-block-biotanutri-faq\">\n    <div class=\"acf-innerblocks-container\">\n\n<p class=\"faq-question\">Cosa intende per &#8220;organico&#8221;?<\/p>\n\n\n\n<p class=\"faq-answer\">Quando si parla di fertilizzanti, il termine &#8220;organico&#8221; pu\u00f2 creare confusione. Il termine biologico pu\u00f2 riferirsi alla materia organica o alle sostanze a base di carbonio. Con questa definizione, la maggior parte dei nostri ingredienti e prodotti sarebbe considerata biologica. Ma per molti dei nostri clienti, il termine biologico \u00e8 riservato ai prodotti approvati per l&#8217;uso nell&#8217;agricoltura biologica commerciale. Quindi, questa definizione pi\u00f9 rigorosa \u00e8 quella che utilizziamo noi: tutti i nostri prodotti elencati come &#8220;biologici&#8221; sono stati inseriti nell&#8217;elenco dell&#8217;Organic Materials Review Institute (OMRI). Questo \u00e8 anche il motivo per cui ci vedr\u00e0 sempre indicare i nostri ingredienti come &#8220;naturali e biologici&#8221;, perch\u00e9 vogliamo assicurarci di non sottintendere accidentalmente che un prodotto non elencato nell&#8217;OMRI sia adatto all&#8217;agricoltura biologica.     <\/p>\n\n<\/div>\n<\/div>\n","protected":false},"excerpt":{"rendered":"<p>Ha delle domande? Abbiamo le risposte (beh, la maggior parte delle volte!)Trovi le nostre risposte alle domande pi\u00f9 comuni che pu\u00f2 avere sui fertilizzanti Biota. [&hellip;]<\/p>\n","protected":false},"author":1,"featured_media":0,"parent":0,"menu_order":0,"comment_status":"closed","ping_status":"closed","template":"","meta":{"footnotes":""},"class_list":["post-10466","page","type-page","status-publish","hentry"],"yoast_head":"<!-- This site is optimized with the Yoast SEO plugin v27.3 - https:\/\/yoast.com\/product\/yoast-seo-wordpress\/ -->\n<title>Formazione\/FAQ - Biota Nutri<\/title>\n<meta name=\"robots\" content=\"index, follow, max-snippet:-1, max-image-preview:large, max-video-preview:-1\" \/>\n<link rel=\"canonical\" href=\"https:\/\/biota.nu\/it\/formazione-faq\/\" \/>\n<meta property=\"og:locale\" content=\"it_IT\" \/>\n<meta property=\"og:type\" content=\"article\" \/>\n<meta property=\"og:title\" content=\"Formazione\/FAQ - Biota Nutri\" \/>\n<meta property=\"og:description\" content=\"Ha delle domande? Abbiamo le risposte (beh, la maggior parte delle volte!)Trovi le nostre risposte alle domande pi\u00f9 comuni che pu\u00f2 avere sui fertilizzanti Biota. [&hellip;]\" \/>\n<meta property=\"og:url\" content=\"https:\/\/biota.nu\/it\/formazione-faq\/\" \/>\n<meta property=\"og:site_name\" content=\"Biota Nutri\" \/>\n<meta property=\"article:modified_time\" content=\"2025-03-19T11:08:52+00:00\" \/>\n<meta property=\"og:image\" content=\"https:\/\/biota.nu\/wp-content\/uploads\/Avocado-1-359x1024.png\" \/>\n<meta name=\"twitter:card\" content=\"summary_large_image\" \/>\n<meta name=\"twitter:label1\" content=\"Tempo di lettura stimato\" \/>\n\t<meta name=\"twitter:data1\" content=\"4 minuti\" \/>\n<script type=\"application\/ld+json\" class=\"yoast-schema-graph\">{\"@context\":\"https:\\\/\\\/schema.org\",\"@graph\":[{\"@type\":\"WebPage\",\"@id\":\"https:\\\/\\\/biota.nu\\\/it\\\/formazione-faq\\\/\",\"url\":\"https:\\\/\\\/biota.nu\\\/it\\\/formazione-faq\\\/\",\"name\":\"Formazione\\\/FAQ - Biota Nutri\",\"isPartOf\":{\"@id\":\"https:\\\/\\\/biota.nu\\\/it\\\/#website\"},\"primaryImageOfPage\":{\"@id\":\"https:\\\/\\\/biota.nu\\\/it\\\/formazione-faq\\\/#primaryimage\"},\"image\":{\"@id\":\"https:\\\/\\\/biota.nu\\\/it\\\/formazione-faq\\\/#primaryimage\"},\"thumbnailUrl\":\"https:\\\/\\\/biota.nu\\\/wp-content\\\/uploads\\\/Avocado-1-359x1024.png\",\"datePublished\":\"2023-12-19T12:15:53+00:00\",\"dateModified\":\"2025-03-19T11:08:52+00:00\",\"breadcrumb\":{\"@id\":\"https:\\\/\\\/biota.nu\\\/it\\\/formazione-faq\\\/#breadcrumb\"},\"inLanguage\":\"it-IT\",\"potentialAction\":[{\"@type\":\"ReadAction\",\"target\":[\"https:\\\/\\\/biota.nu\\\/it\\\/formazione-faq\\\/\"]}]},{\"@type\":\"ImageObject\",\"inLanguage\":\"it-IT\",\"@id\":\"https:\\\/\\\/biota.nu\\\/it\\\/formazione-faq\\\/#primaryimage\",\"url\":\"https:\\\/\\\/biota.nu\\\/wp-content\\\/uploads\\\/Avocado-1-359x1024.png\",\"contentUrl\":\"https:\\\/\\\/biota.nu\\\/wp-content\\\/uploads\\\/Avocado-1-359x1024.png\"},{\"@type\":\"BreadcrumbList\",\"@id\":\"https:\\\/\\\/biota.nu\\\/it\\\/formazione-faq\\\/#breadcrumb\",\"itemListElement\":[{\"@type\":\"ListItem\",\"position\":1,\"name\":\"Home\",\"item\":\"https:\\\/\\\/biota.nu\\\/it\\\/?page_id=10222\"},{\"@type\":\"ListItem\",\"position\":2,\"name\":\"Formazione\\\/FAQ\"}]},{\"@type\":\"WebSite\",\"@id\":\"https:\\\/\\\/biota.nu\\\/it\\\/#website\",\"url\":\"https:\\\/\\\/biota.nu\\\/it\\\/\",\"name\":\"Biota Nutri\",\"description\":\"\",\"publisher\":{\"@id\":\"https:\\\/\\\/biota.nu\\\/it\\\/#organization\"},\"potentialAction\":[{\"@type\":\"SearchAction\",\"target\":{\"@type\":\"EntryPoint\",\"urlTemplate\":\"https:\\\/\\\/biota.nu\\\/it\\\/?s={search_term_string}\"},\"query-input\":{\"@type\":\"PropertyValueSpecification\",\"valueRequired\":true,\"valueName\":\"search_term_string\"}}],\"inLanguage\":\"it-IT\"},{\"@type\":\"Organization\",\"@id\":\"https:\\\/\\\/biota.nu\\\/it\\\/#organization\",\"name\":\"Biota Nutri\",\"url\":\"https:\\\/\\\/biota.nu\\\/it\\\/\",\"logo\":{\"@type\":\"ImageObject\",\"inLanguage\":\"it-IT\",\"@id\":\"https:\\\/\\\/biota.nu\\\/it\\\/#\\\/schema\\\/logo\\\/image\\\/\",\"url\":\"https:\\\/\\\/biota.nu\\\/wp-content\\\/uploads\\\/Biota-Nutri-R.png\",\"contentUrl\":\"https:\\\/\\\/biota.nu\\\/wp-content\\\/uploads\\\/Biota-Nutri-R.png\",\"width\":300,\"height\":220,\"caption\":\"Biota Nutri\"},\"image\":{\"@id\":\"https:\\\/\\\/biota.nu\\\/it\\\/#\\\/schema\\\/logo\\\/image\\\/\"}}]}<\/script>\n<!-- \/ Yoast SEO plugin. -->","yoast_head_json":{"title":"Formazione\/FAQ - Biota Nutri","robots":{"index":"index","follow":"follow","max-snippet":"max-snippet:-1","max-image-preview":"max-image-preview:large","max-video-preview":"max-video-preview:-1"},"canonical":"https:\/\/biota.nu\/it\/formazione-faq\/","og_locale":"it_IT","og_type":"article","og_title":"Formazione\/FAQ - Biota Nutri","og_description":"Ha delle domande? Abbiamo le risposte (beh, la maggior parte delle volte!)Trovi le nostre risposte alle domande pi\u00f9 comuni che pu\u00f2 avere sui fertilizzanti Biota. [&hellip;]","og_url":"https:\/\/biota.nu\/it\/formazione-faq\/","og_site_name":"Biota Nutri","article_modified_time":"2025-03-19T11:08:52+00:00","og_image":[{"url":"https:\/\/biota.nu\/wp-content\/uploads\/Avocado-1-359x1024.png","type":"","width":"","height":""}],"twitter_card":"summary_large_image","twitter_misc":{"Tempo di lettura stimato":"4 minuti"},"schema":{"@context":"https:\/\/schema.org","@graph":[{"@type":"WebPage","@id":"https:\/\/biota.nu\/it\/formazione-faq\/","url":"https:\/\/biota.nu\/it\/formazione-faq\/","name":"Formazione\/FAQ - Biota Nutri","isPartOf":{"@id":"https:\/\/biota.nu\/it\/#website"},"primaryImageOfPage":{"@id":"https:\/\/biota.nu\/it\/formazione-faq\/#primaryimage"},"image":{"@id":"https:\/\/biota.nu\/it\/formazione-faq\/#primaryimage"},"thumbnailUrl":"https:\/\/biota.nu\/wp-content\/uploads\/Avocado-1-359x1024.png","datePublished":"2023-12-19T12:15:53+00:00","dateModified":"2025-03-19T11:08:52+00:00","breadcrumb":{"@id":"https:\/\/biota.nu\/it\/formazione-faq\/#breadcrumb"},"inLanguage":"it-IT","potentialAction":[{"@type":"ReadAction","target":["https:\/\/biota.nu\/it\/formazione-faq\/"]}]},{"@type":"ImageObject","inLanguage":"it-IT","@id":"https:\/\/biota.nu\/it\/formazione-faq\/#primaryimage","url":"https:\/\/biota.nu\/wp-content\/uploads\/Avocado-1-359x1024.png","contentUrl":"https:\/\/biota.nu\/wp-content\/uploads\/Avocado-1-359x1024.png"},{"@type":"BreadcrumbList","@id":"https:\/\/biota.nu\/it\/formazione-faq\/#breadcrumb","itemListElement":[{"@type":"ListItem","position":1,"name":"Home","item":"https:\/\/biota.nu\/it\/?page_id=10222"},{"@type":"ListItem","position":2,"name":"Formazione\/FAQ"}]},{"@type":"WebSite","@id":"https:\/\/biota.nu\/it\/#website","url":"https:\/\/biota.nu\/it\/","name":"Biota Nutri","description":"","publisher":{"@id":"https:\/\/biota.nu\/it\/#organization"},"potentialAction":[{"@type":"SearchAction","target":{"@type":"EntryPoint","urlTemplate":"https:\/\/biota.nu\/it\/?s={search_term_string}"},"query-input":{"@type":"PropertyValueSpecification","valueRequired":true,"valueName":"search_term_string"}}],"inLanguage":"it-IT"},{"@type":"Organization","@id":"https:\/\/biota.nu\/it\/#organization","name":"Biota Nutri","url":"https:\/\/biota.nu\/it\/","logo":{"@type":"ImageObject","inLanguage":"it-IT","@id":"https:\/\/biota.nu\/it\/#\/schema\/logo\/image\/","url":"https:\/\/biota.nu\/wp-content\/uploads\/Biota-Nutri-R.png","contentUrl":"https:\/\/biota.nu\/wp-content\/uploads\/Biota-Nutri-R.png","width":300,"height":220,"caption":"Biota Nutri"},"image":{"@id":"https:\/\/biota.nu\/it\/#\/schema\/logo\/image\/"}}]}},"acf":[],"_links":{"self":[{"href":"https:\/\/biota.nu\/it\/wp-json\/wp\/v2\/pages\/10466","targetHints":{"allow":["GET"]}}],"collection":[{"href":"https:\/\/biota.nu\/it\/wp-json\/wp\/v2\/pages"}],"about":[{"href":"https:\/\/biota.nu\/it\/wp-json\/wp\/v2\/types\/page"}],"author":[{"embeddable":true,"href":"https:\/\/biota.nu\/it\/wp-json\/wp\/v2\/users\/1"}],"replies":[{"embeddable":true,"href":"https:\/\/biota.nu\/it\/wp-json\/wp\/v2\/comments?post=10466"}],"version-history":[{"count":2,"href":"https:\/\/biota.nu\/it\/wp-json\/wp\/v2\/pages\/10466\/revisions"}],"predecessor-version":[{"id":10472,"href":"https:\/\/biota.nu\/it\/wp-json\/wp\/v2\/pages\/10466\/revisions\/10472"}],"wp:attachment":[{"href":"https:\/\/biota.nu\/it\/wp-json\/wp\/v2\/media?parent=10466"}],"curies":[{"name":"wp","href":"https:\/\/api.w.org\/{rel}","templated":true}]}}