{"id":10636,"date":"2023-12-27T16:33:23","date_gmt":"2023-12-27T16:33:23","guid":{"rendered":"https:\/\/biota.nu\/notizie\/"},"modified":"2025-03-19T11:09:52","modified_gmt":"2025-03-19T11:09:52","slug":"notizie","status":"publish","type":"page","link":"https:\/\/biota.nu\/it\/notizie\/","title":{"rendered":"Notizie"},"content":{"rendered":"\n<div class=\"banner alignfull wp-block-biota-nutri-banner\">\n    <img loading=\"lazy\" decoding=\"async\" src=\"https:\/\/biota.nu\/wp-content\/uploads\/News-1-scaled.jpg\" width=\"2560\" height=\"907\" alt=\"\" \/>\n\n    <div class=\"acf-innerblocks-container\">\n\n<h1 class=\"wp-block-heading has-text-align-center has-gargantuan-font-size\" style=\"font-style:normal;font-weight:900\">Notizie ed eventi<\/h1>\n\n<\/div>\n\n    <svg xmlns=\"http:\/\/www.w3.org\/2000\/svg\" viewBox=\"0 0 1000 100\" preserveAspectRatio=\"none\">\n        <path d=\"M790.5,93.1c-59.3-5.3-116.8-18-192.6-50c-29.6-12.7-76.9-31-100.5-35.9c-23.6-4.9-52.6-7.8-75.5-5.3\n\tc-10.2,1.1-22.6,1.4-50.1,7.4c-27.2,6.3-58.2,16.6-79.4,24.7c-41.3,15.9-94.9,21.9-134,22.6C72,58.2,0,25.8,0,25.8V100h1000V65.3\n\tc0,0-51.5,19.4-106.2,25.7C839.5,97,814.1,95.2,790.5,93.1z\"><\/path>\n    <\/svg>\n<\/div>\n\n<div style=\"--inline-transform-translate-x: -10px; --inline-transform-translate-y: 0px;\" class=\"decoration-image position-left align wp-block-biota-nutri-decoration-image\">\n    <div class=\"acf-innerblocks-container\"><\/div>\n<\/div>\n\n<p><strong>16 gennaio 2025 &#8211; Andermatt UK collabora con Biota Nutri per distribuire soluzioni di fertilizzanti organici sostenibili<\/strong>.  <\/p>\n\n<p>Andermatt UK e Biota Nutri sono lieti di annunciare una collaborazione per il mercato britannico. Questa relazione vedr\u00e0 Andermatt diventare il partner esclusivo della nuova gamma di fertilizzanti liquidi di origine vegetale di Biota Nutri, sia per il mercato dell&#8217;orticoltura che per quello della vendita al dettaglio Home &amp; Garden nel Regno Unito. La gestione della nutrizione \u00e8 uno dei fattori pi\u00f9 importanti per la crescita di piante sane e l&#8217;ottimizzazione dei rendimenti. I fertilizzanti sono tuttavia uno dei maggiori responsabili dell&#8217;impronta di carbonio della produzione alimentare. Biota Nutri ha sviluppato una gamma completa di fertilizzanti liquidi basati su materie prime vegetali e sul recupero e la separazione dei nutrienti dai flussi di rifiuti vegetali. Ci\u00f2 consente di estrarre nutrienti specifici dai rifiuti vegetali e di ricombinarli in rapporti altamente controllabili e personalizzabili.       <\/p>\n\n<p>&#8220;Siamo entusiasti di collaborare con Biota Nutri per sviluppare i suoi prodotti nel mercato britannico&#8221;, ha dichiarato il Dr. Andrew Brown, Amministratore Delegato di Andermatt UK. &#8220;La gamma Vertilizer offre a tutti gli agricoltori fertilizzanti a bassa impronta di carbonio, per consentire loro di continuare a produrre prodotti di alta qualit\u00e0, sostenendo al contempo i loro obiettivi di sostenibilit\u00e0. Per il mercato della casa e del giardino, GroPure offre ai giardinieri un&#8217;opzione per un fertilizzante liquido organico pi\u00f9 sostenibile, con la velocit\u00e0 e la potenza dei fertilizzanti chimici tradizionali&#8221;.   <\/p>\n\n<p>Peter Klein, CTO e fondatore di Biota Nutri, ha dichiarato: &#8220;Siamo lieti di collaborare con Andermatt UK, un&#8217;azienda che condivide il nostro impegno per l&#8217;alta qualit\u00e0 e la sostenibilit\u00e0. I nostri prodotti offrono un&#8217;alternativa ecologica ai fertilizzanti chimici tradizionali, che ora sar\u00e0 accessibile ai coltivatori di tutto il Regno Unito, consentendo loro di migliorare la qualit\u00e0 dei raccolti e di allinearsi ai loro obiettivi di sostenibilit\u00e0&#8221;.  <\/p>\n\n<p>Non esiti a <a href=\"https:\/\/biota.nu\/it\/?page_id=10462\">contattare<\/a> noi o Andermatt UK per domande o interesse!<\/p>\n\n<p><\/p>\n","protected":false},"excerpt":{"rendered":"<p>16 gennaio 2025 &#8211; Andermatt UK collabora con Biota Nutri per distribuire soluzioni di fertilizzanti organici sostenibili. Andermatt UK e Biota Nutri sono lieti di [&hellip;]<\/p>\n","protected":false},"author":1,"featured_media":0,"parent":0,"menu_order":0,"comment_status":"closed","ping_status":"closed","template":"","meta":{"footnotes":""},"class_list":["post-10636","page","type-page","status-publish","hentry"],"yoast_head":"<!-- This site is optimized with the Yoast SEO plugin v27.4 - https:\/\/yoast.com\/product\/yoast-seo-wordpress\/ -->\n<title>Notizie - Biota Nutri<\/title>\n<meta name=\"robots\" content=\"index, follow, max-snippet:-1, max-image-preview:large, max-video-preview:-1\" \/>\n<link rel=\"canonical\" href=\"https:\/\/biota.nu\/it\/notizie\/\" \/>\n<meta property=\"og:locale\" content=\"it_IT\" \/>\n<meta property=\"og:type\" content=\"article\" \/>\n<meta property=\"og:title\" content=\"Notizie - Biota Nutri\" \/>\n<meta property=\"og:description\" content=\"16 gennaio 2025 &#8211; Andermatt UK collabora con Biota Nutri per distribuire soluzioni di fertilizzanti organici sostenibili. Andermatt UK e Biota Nutri sono lieti di [&hellip;]\" \/>\n<meta property=\"og:url\" content=\"https:\/\/biota.nu\/it\/notizie\/\" \/>\n<meta property=\"og:site_name\" content=\"Biota Nutri\" \/>\n<meta property=\"article:modified_time\" content=\"2025-03-19T11:09:52+00:00\" \/>\n<meta name=\"twitter:card\" content=\"summary_large_image\" \/>\n<meta name=\"twitter:label1\" content=\"Tempo di lettura stimato\" \/>\n\t<meta name=\"twitter:data1\" content=\"2 minuti\" \/>\n<script type=\"application\/ld+json\" class=\"yoast-schema-graph\">{\"@context\":\"https:\\\/\\\/schema.org\",\"@graph\":[{\"@type\":\"WebPage\",\"@id\":\"https:\\\/\\\/biota.nu\\\/it\\\/notizie\\\/\",\"url\":\"https:\\\/\\\/biota.nu\\\/it\\\/notizie\\\/\",\"name\":\"Notizie - Biota Nutri\",\"isPartOf\":{\"@id\":\"https:\\\/\\\/biota.nu\\\/it\\\/#website\"},\"datePublished\":\"2023-12-27T16:33:23+00:00\",\"dateModified\":\"2025-03-19T11:09:52+00:00\",\"breadcrumb\":{\"@id\":\"https:\\\/\\\/biota.nu\\\/it\\\/notizie\\\/#breadcrumb\"},\"inLanguage\":\"it-IT\",\"potentialAction\":[{\"@type\":\"ReadAction\",\"target\":[\"https:\\\/\\\/biota.nu\\\/it\\\/notizie\\\/\"]}]},{\"@type\":\"BreadcrumbList\",\"@id\":\"https:\\\/\\\/biota.nu\\\/it\\\/notizie\\\/#breadcrumb\",\"itemListElement\":[{\"@type\":\"ListItem\",\"position\":1,\"name\":\"Home\",\"item\":\"https:\\\/\\\/biota.nu\\\/it\\\/?page_id=10222\"},{\"@type\":\"ListItem\",\"position\":2,\"name\":\"Notizie\"}]},{\"@type\":\"WebSite\",\"@id\":\"https:\\\/\\\/biota.nu\\\/it\\\/#website\",\"url\":\"https:\\\/\\\/biota.nu\\\/it\\\/\",\"name\":\"Biota Nutri\",\"description\":\"\",\"publisher\":{\"@id\":\"https:\\\/\\\/biota.nu\\\/it\\\/#organization\"},\"potentialAction\":[{\"@type\":\"SearchAction\",\"target\":{\"@type\":\"EntryPoint\",\"urlTemplate\":\"https:\\\/\\\/biota.nu\\\/it\\\/?s={search_term_string}\"},\"query-input\":{\"@type\":\"PropertyValueSpecification\",\"valueRequired\":true,\"valueName\":\"search_term_string\"}}],\"inLanguage\":\"it-IT\"},{\"@type\":\"Organization\",\"@id\":\"https:\\\/\\\/biota.nu\\\/it\\\/#organization\",\"name\":\"Biota Nutri\",\"url\":\"https:\\\/\\\/biota.nu\\\/it\\\/\",\"logo\":{\"@type\":\"ImageObject\",\"inLanguage\":\"it-IT\",\"@id\":\"https:\\\/\\\/biota.nu\\\/it\\\/#\\\/schema\\\/logo\\\/image\\\/\",\"url\":\"https:\\\/\\\/biota.nu\\\/wp-content\\\/uploads\\\/Biota-Nutri-R.png\",\"contentUrl\":\"https:\\\/\\\/biota.nu\\\/wp-content\\\/uploads\\\/Biota-Nutri-R.png\",\"width\":300,\"height\":220,\"caption\":\"Biota Nutri\"},\"image\":{\"@id\":\"https:\\\/\\\/biota.nu\\\/it\\\/#\\\/schema\\\/logo\\\/image\\\/\"}}]}<\/script>\n<!-- \/ Yoast SEO plugin. -->","yoast_head_json":{"title":"Notizie - Biota Nutri","robots":{"index":"index","follow":"follow","max-snippet":"max-snippet:-1","max-image-preview":"max-image-preview:large","max-video-preview":"max-video-preview:-1"},"canonical":"https:\/\/biota.nu\/it\/notizie\/","og_locale":"it_IT","og_type":"article","og_title":"Notizie - Biota Nutri","og_description":"16 gennaio 2025 &#8211; Andermatt UK collabora con Biota Nutri per distribuire soluzioni di fertilizzanti organici sostenibili. Andermatt UK e Biota Nutri sono lieti di [&hellip;]","og_url":"https:\/\/biota.nu\/it\/notizie\/","og_site_name":"Biota Nutri","article_modified_time":"2025-03-19T11:09:52+00:00","twitter_card":"summary_large_image","twitter_misc":{"Tempo di lettura stimato":"2 minuti"},"schema":{"@context":"https:\/\/schema.org","@graph":[{"@type":"WebPage","@id":"https:\/\/biota.nu\/it\/notizie\/","url":"https:\/\/biota.nu\/it\/notizie\/","name":"Notizie - Biota Nutri","isPartOf":{"@id":"https:\/\/biota.nu\/it\/#website"},"datePublished":"2023-12-27T16:33:23+00:00","dateModified":"2025-03-19T11:09:52+00:00","breadcrumb":{"@id":"https:\/\/biota.nu\/it\/notizie\/#breadcrumb"},"inLanguage":"it-IT","potentialAction":[{"@type":"ReadAction","target":["https:\/\/biota.nu\/it\/notizie\/"]}]},{"@type":"BreadcrumbList","@id":"https:\/\/biota.nu\/it\/notizie\/#breadcrumb","itemListElement":[{"@type":"ListItem","position":1,"name":"Home","item":"https:\/\/biota.nu\/it\/?page_id=10222"},{"@type":"ListItem","position":2,"name":"Notizie"}]},{"@type":"WebSite","@id":"https:\/\/biota.nu\/it\/#website","url":"https:\/\/biota.nu\/it\/","name":"Biota Nutri","description":"","publisher":{"@id":"https:\/\/biota.nu\/it\/#organization"},"potentialAction":[{"@type":"SearchAction","target":{"@type":"EntryPoint","urlTemplate":"https:\/\/biota.nu\/it\/?s={search_term_string}"},"query-input":{"@type":"PropertyValueSpecification","valueRequired":true,"valueName":"search_term_string"}}],"inLanguage":"it-IT"},{"@type":"Organization","@id":"https:\/\/biota.nu\/it\/#organization","name":"Biota Nutri","url":"https:\/\/biota.nu\/it\/","logo":{"@type":"ImageObject","inLanguage":"it-IT","@id":"https:\/\/biota.nu\/it\/#\/schema\/logo\/image\/","url":"https:\/\/biota.nu\/wp-content\/uploads\/Biota-Nutri-R.png","contentUrl":"https:\/\/biota.nu\/wp-content\/uploads\/Biota-Nutri-R.png","width":300,"height":220,"caption":"Biota Nutri"},"image":{"@id":"https:\/\/biota.nu\/it\/#\/schema\/logo\/image\/"}}]}},"acf":[],"_links":{"self":[{"href":"https:\/\/biota.nu\/it\/wp-json\/wp\/v2\/pages\/10636","targetHints":{"allow":["GET"]}}],"collection":[{"href":"https:\/\/biota.nu\/it\/wp-json\/wp\/v2\/pages"}],"about":[{"href":"https:\/\/biota.nu\/it\/wp-json\/wp\/v2\/types\/page"}],"author":[{"embeddable":true,"href":"https:\/\/biota.nu\/it\/wp-json\/wp\/v2\/users\/1"}],"replies":[{"embeddable":true,"href":"https:\/\/biota.nu\/it\/wp-json\/wp\/v2\/comments?post=10636"}],"version-history":[{"count":2,"href":"https:\/\/biota.nu\/it\/wp-json\/wp\/v2\/pages\/10636\/revisions"}],"predecessor-version":[{"id":10638,"href":"https:\/\/biota.nu\/it\/wp-json\/wp\/v2\/pages\/10636\/revisions\/10638"}],"wp:attachment":[{"href":"https:\/\/biota.nu\/it\/wp-json\/wp\/v2\/media?parent=10636"}],"curies":[{"name":"wp","href":"https:\/\/api.w.org\/{rel}","templated":true}]}}