{"id":10858,"date":"2024-02-22T22:06:00","date_gmt":"2024-02-22T22:06:00","guid":{"rendered":"https:\/\/biota.nu\/tecnologia\/"},"modified":"2025-03-19T11:10:45","modified_gmt":"2025-03-19T11:10:45","slug":"tecnologia","status":"publish","type":"page","link":"https:\/\/biota.nu\/it\/tecnologia\/","title":{"rendered":"Tecnologia"},"content":{"rendered":"\n<div class=\"banner alignfull wp-block-biota-nutri-banner\">\n    <img loading=\"lazy\" decoding=\"async\" src=\"https:\/\/biota.nu\/wp-content\/uploads\/ONP-1-fotor-20240222135816.png\" width=\"1478\" height=\"490\" alt=\"\" \/>\n\n    <div class=\"acf-innerblocks-container\">\n\n<h1 class=\"wp-block-heading has-text-align-center has-gargantuan-font-size\" style=\"font-style:normal;font-weight:900\">Tecnologia<\/h1>\n\n<\/div>\n\n    <svg xmlns=\"http:\/\/www.w3.org\/2000\/svg\" viewBox=\"0 0 1000 100\" preserveAspectRatio=\"none\">\n        <path d=\"M790.5,93.1c-59.3-5.3-116.8-18-192.6-50c-29.6-12.7-76.9-31-100.5-35.9c-23.6-4.9-52.6-7.8-75.5-5.3\n\tc-10.2,1.1-22.6,1.4-50.1,7.4c-27.2,6.3-58.2,16.6-79.4,24.7c-41.3,15.9-94.9,21.9-134,22.6C72,58.2,0,25.8,0,25.8V100h1000V65.3\n\tc0,0-51.5,19.4-106.2,25.7C839.5,97,814.1,95.2,790.5,93.1z\"><\/path>\n    <\/svg>\n<\/div>\n\n<h1 class=\"wp-block-heading has-text-align-left\">Sistema di produzione di nitrati organici (ONP)<\/h1>\n\n<div class=\"wp-block-columns is-layout-flex wp-container-core-columns-is-layout-28f84493 wp-block-columns-is-layout-flex\">\n<div class=\"wp-block-column is-layout-flow wp-block-column-is-layout-flow\">\n<figure class=\"wp-block-image size-large is-resized\"><img loading=\"lazy\" decoding=\"async\" width=\"1024\" height=\"341\" src=\"https:\/\/biota.nu\/wp-content\/uploads\/ONP-graphic-4-1024x341.png\" alt=\"\" class=\"wp-image-9053\" style=\"width:471px;height:auto\" srcset=\"https:\/\/biota.nu\/wp-content\/uploads\/ONP-graphic-4-1024x341.png 1024w, https:\/\/biota.nu\/wp-content\/uploads\/ONP-graphic-4-300x100.png 300w, https:\/\/biota.nu\/wp-content\/uploads\/ONP-graphic-4-768x256.png 768w, https:\/\/biota.nu\/wp-content\/uploads\/ONP-graphic-4-600x200.png 600w, https:\/\/biota.nu\/wp-content\/uploads\/ONP-graphic-4.png 1280w\" sizes=\"auto, (max-width: 1024px) 100vw, 1024px\" \/><\/figure>\n<\/div>\n\n\n\n<div class=\"wp-block-column is-layout-flow wp-block-column-is-layout-flow\">\n<ul class=\"wp-block-list\">\n<li>Il Sistema Biota (ONP) \u00e8 una soluzione di coltivazione biologica scalabile<\/li>\n\n\n\n<li>Fornisce nitrati tutto l&#8217;anno per tutte le sue colture.<\/li>\n\n\n\n<li>I sistemi ONP sono completamente sostenibili  <\/li>\n<\/ul>\n\n\n\n<p><\/p>\n<\/div>\n<\/div>\n\n<h2 class=\"wp-block-heading has-text-align-left\">Come funziona<\/h2>\n\n<div class=\"wp-block-columns is-layout-flex wp-container-core-columns-is-layout-28f84493 wp-block-columns-is-layout-flex\">\n<div class=\"wp-block-column is-layout-flow wp-block-column-is-layout-flow\">\n<p>L&#8217;ONP lavora con specifici batteri nitrificanti Biota, che vengono alimentati con una soluzione di azoto Biota completamente vegetale.  <\/p>\n\n\n\n<p>I composti azotati vengono scomposti in ammoniaca e poi convertiti in nitrato dai batteri.<\/p>\n\n\n\n<p><\/p>\n<\/div>\n\n\n\n<div class=\"wp-block-column is-layout-flow wp-block-column-is-layout-flow\">\n<figure class=\"wp-block-image size-large is-resized\"><img loading=\"lazy\" decoding=\"async\" width=\"1024\" height=\"438\" src=\"https:\/\/biota.nu\/wp-content\/uploads\/ONP-graphic-2-1024x438.png\" alt=\"\" class=\"wp-image-9042\" style=\"width:400px;height:auto\" srcset=\"https:\/\/biota.nu\/wp-content\/uploads\/ONP-graphic-2-1024x438.png 1024w, https:\/\/biota.nu\/wp-content\/uploads\/ONP-graphic-2-300x128.png 300w, https:\/\/biota.nu\/wp-content\/uploads\/ONP-graphic-2-768x328.png 768w, https:\/\/biota.nu\/wp-content\/uploads\/ONP-graphic-2-1536x657.png 1536w, https:\/\/biota.nu\/wp-content\/uploads\/ONP-graphic-2-600x256.png 600w, https:\/\/biota.nu\/wp-content\/uploads\/ONP-graphic-2.png 1722w\" sizes=\"auto, (max-width: 1024px) 100vw, 1024px\" \/><\/figure>\n<\/div>\n<\/div>\n\n<p><\/p>\n\n<h3 class=\"wp-block-heading has-text-align-center\"><\/h3>\n\n<h2 class=\"wp-block-heading has-text-align-left\">Nitrato costante<\/h2>\n\n<div style=\"--inline-background-color: #6ab023; --inline-text-color: #FFFFFF;  margin-top:6em;margin-bottom:6em;\" class=\"wave-container alignfull wp-block-biota-nutri-wave-container\">\n    <img decoding=\"async\" src=\"\" width=\"\" height=\"\" alt=\"\" \/>\n\n    <div class=\"top-wave\">\n        <svg xmlns=\"http:\/\/www.w3.org\/2000\/svg\" viewBox=\"0 0 1000 100\" preserveAspectRatio=\"none\">\n            <path d=\"M421.9,6.5c22.6-2.5,51.5,0.4,75.5,5.3c23.6,4.9,70.9,23.5,100.5,35.7c75.8,32.2,133.7,44.5,192.6,49.7\n\tc23.6,2.1,48.7,3.5,103.4-2.5c54.7-6,106.2-25.6,106.2-25.6V0H0v30.3c0,0,72,32.6,158.4,30.5c39.2-0.7,92.8-6.7,134-22.4\n\tc21.2-8.1,52.2-18.2,79.7-24.2C399.3,7.9,411.6,7.5,421.9,6.5z\"><\/path>\n        <\/svg>\n    <\/div>\n\n    <div class=\"container\">\n        <div class=\"acf-innerblocks-container\">\n\n<p>L&#8217;ONP pu\u00f2 essere utilizzato in diversi modi. Un bioreattore su larga scala pu\u00f2 soddisfare il fabbisogno di nitrati di tutte le colture durante tutto l&#8217;anno. Un sistema pi\u00f9 piccolo pu\u00f2 essere utilizzato per la produzione di base, per soddisfare la domanda di nitrati nei mesi pi\u00f9 freddi. Nei mesi pi\u00f9 caldi, il sistema \u00e8 supportato dall&#8217;aggiunta di un&#8217;altra fonte di nitrati attraverso i serbatoi di fertilizzanti tradizionali.   <\/p>\n\n<\/div>\n    <\/div>\n\n    <div class=\"bottom-wave\">\n        <svg xmlns=\"http:\/\/www.w3.org\/2000\/svg\" viewBox=\"0 0 1000 100\" preserveAspectRatio=\"none\">\n            <path d=\"M421.9,6.5c22.6-2.5,51.5,0.4,75.5,5.3c23.6,4.9,70.9,23.5,100.5,35.7c75.8,32.2,133.7,44.5,192.6,49.7\n\tc23.6,2.1,48.7,3.5,103.4-2.5c54.7-6,106.2-25.6,106.2-25.6V0H0v30.3c0,0,72,32.6,158.4,30.5c39.2-0.7,92.8-6.7,134-22.4\n\tc21.2-8.1,52.2-18.2,79.7-24.2C399.3,7.9,411.6,7.5,421.9,6.5z\"><\/path>\n        <\/svg>\n    <\/div>\n<\/div>\n\n<div style=\"--inline-transform-translate-x: 0px; --inline-transform-translate-y: 0px;\" class=\"decoration-image position-right alignright wp-block-biota-nutri-decoration-image\">\n    <div class=\"acf-innerblocks-container\">\n\n<figure class=\"wp-block-image alignright size-large is-resized\"><img loading=\"lazy\" decoding=\"async\" width=\"836\" height=\"1024\" src=\"https:\/\/biota.nu\/wp-content\/uploads\/Tomato-2-836x1024.png\" alt=\"\" class=\"wp-image-9173\" style=\"width:248px;height:auto\" srcset=\"https:\/\/biota.nu\/wp-content\/uploads\/Tomato-2-836x1024.png 836w, https:\/\/biota.nu\/wp-content\/uploads\/Tomato-2-245x300.png 245w, https:\/\/biota.nu\/wp-content\/uploads\/Tomato-2-768x941.png 768w, https:\/\/biota.nu\/wp-content\/uploads\/Tomato-2-600x735.png 600w, https:\/\/biota.nu\/wp-content\/uploads\/Tomato-2.png 956w\" sizes=\"auto, (max-width: 836px) 100vw, 836px\" \/><\/figure>\n\n<\/div>\n<\/div>\n\n<h2 class=\"wp-block-heading has-text-align-left\">I vantaggi di un sistema ONP Biota<\/h2>\n\n<p>I vantaggi di un sistema ONP Biota<\/p>\n\n<p class=\"has-text-align-left\">Monitoraggio e regolazione costante dei nutrienti per ottenere la massima resa.<\/p>\n\n<p class=\"has-text-align-left\">Fornisce ai batteri le condizioni ottimali per prosperare.<\/p>\n\n<p class=\"has-text-align-left\">Monitorare i livelli di pH prima e dopo il processo di nitrificazione.<\/p>\n\n<p class=\"has-text-align-left\">Le temperature, la velocit\u00e0 del flusso e i livelli di ossigeno sono livelli completamente controllati.<\/p>\n\n<p class=\"has-text-align-left\">Sostenibile con rischio ridotto, poich\u00e9 non \u00e8 necessaria la pressurizzazione del sistema.<\/p>\n\n<h2 class=\"wp-block-heading has-text-align-left\">Produzione di nitrati<\/h2>\n\n<div style=\"--inline-transform-translate-x: 150px; --inline-transform-translate-y: 0px;\" class=\"decoration-image position-right alignright wp-block-biota-nutri-decoration-image\">\n    <div class=\"acf-innerblocks-container\">\n\n<figure class=\"wp-block-image size-large is-resized\"><img loading=\"lazy\" decoding=\"async\" width=\"1024\" height=\"681\" src=\"https:\/\/biota.nu\/wp-content\/uploads\/Kiwi-1-1024x681.png\" alt=\"\" class=\"wp-image-9188\" style=\"width:478px;height:auto\" srcset=\"https:\/\/biota.nu\/wp-content\/uploads\/Kiwi-1-1024x681.png 1024w, https:\/\/biota.nu\/wp-content\/uploads\/Kiwi-1-300x199.png 300w, https:\/\/biota.nu\/wp-content\/uploads\/Kiwi-1-768x511.png 768w, https:\/\/biota.nu\/wp-content\/uploads\/Kiwi-1-1536x1021.png 1536w, https:\/\/biota.nu\/wp-content\/uploads\/Kiwi-1-2048x1362.png 2048w, https:\/\/biota.nu\/wp-content\/uploads\/Kiwi-1-600x399.png 600w\" sizes=\"auto, (max-width: 1024px) 100vw, 1024px\" \/><\/figure>\n\n<\/div>\n<\/div>\n\n<div class=\"wp-block-columns is-layout-flex wp-container-core-columns-is-layout-28f84493 wp-block-columns-is-layout-flex\">\n<div class=\"wp-block-column is-layout-flow wp-block-column-is-layout-flow\" style=\"flex-basis:33.33%\">\n<ol class=\"wp-block-list\">\n<li>Il sistema Biota ONP \u00e8 un progetto proprietario con pi\u00f9 componenti.<\/li>\n\n\n\n<li>Il bioreattore \u00e8 la casa dei batteri, dove avviene la nitrificazione.<\/li>\n\n\n\n<li>Il silo di produzione del nitrato alimenta il bioreattore con una soluzione arricchita di azoto vegetale Biota all&#8217;ingresso (4).<\/li>\n\n\n\n<li>Una pompa a nanobolle aerer\u00e0 le miscele per accelerare la nitrificazione aerobica.<\/li>\n\n\n\n<li>Il processo e la soluzione vengono fatti circolare continuamente per ottenere la concentrazione di nitrato necessaria per la sua coltivazione.<\/li>\n\n\n\n<li>L&#8217;unit\u00e0 di miscelazione ONPS agisce come un terzo serbatoio di fertilizzante per ridurre le variazioni di temperatura, concentrazione di nitrati, pH e altri fattori nel bioreattore.<\/li>\n\n\n\n<li>Dopo l&#8217;irrigazione, l&#8217;acqua di drenaggio verr\u00e0 filtrata e riutilizzata dopo l&#8217;ossigenazione.<\/li>\n<\/ol>\n<\/div>\n\n\n\n<div class=\"wp-block-column is-layout-flow wp-block-column-is-layout-flow\" style=\"flex-basis:66.66%\">\n<figure class=\"wp-block-image size-large is-resized\"><img loading=\"lazy\" decoding=\"async\" width=\"1024\" height=\"548\" src=\"https:\/\/biota.nu\/wp-content\/uploads\/ONP-Diag-1-1024x548.png\" alt=\"\" class=\"wp-image-9044\" style=\"width:921px;height:auto\" srcset=\"https:\/\/biota.nu\/wp-content\/uploads\/ONP-Diag-1-1024x548.png 1024w, https:\/\/biota.nu\/wp-content\/uploads\/ONP-Diag-1-300x160.png 300w, https:\/\/biota.nu\/wp-content\/uploads\/ONP-Diag-1-768x411.png 768w, https:\/\/biota.nu\/wp-content\/uploads\/ONP-Diag-1-600x321.png 600w, https:\/\/biota.nu\/wp-content\/uploads\/ONP-Diag-1.png 1208w\" sizes=\"auto, (max-width: 1024px) 100vw, 1024px\" \/><\/figure>\n<\/div>\n<\/div>\n\n<h2 class=\"wp-block-heading has-text-align-left\">I vantaggi di un sistema ONP Biota<\/h2>\n\n<ul class=\"wp-block-list\">\n<li>Fornisce ai batteri le condizioni ottimali per prosperare.<\/li>\n\n\n\n<li>Monitoraggio e regolazione costante dei nutrienti per ottenere la massima resa.<\/li>\n\n\n\n<li>Monitorare i livelli di pH prima e dopo il processo di nitrificazione.<\/li>\n\n\n\n<li>Le temperature, la velocit\u00e0 del flusso e i livelli di ossigeno sono livelli completamente controllati.<\/li>\n\n\n\n<li>Sostenibile con rischio ridotto, poich\u00e9 non \u00e8 necessaria la pressurizzazione del sistema.<\/li>\n<\/ul>\n\n<h2 class=\"wp-block-heading has-text-align-left\">Perch\u00e9 Biota ONP<\/h2>\n\n<div class=\"wp-block-columns is-layout-flex wp-container-core-columns-is-layout-28f84493 wp-block-columns-is-layout-flex\">\n<div class=\"wp-block-column is-layout-flow wp-block-column-is-layout-flow\" style=\"flex-basis:66.66%\">\n<p>Il processo di nitrificazione di Biota la aiuta a coltivare in modo pi\u00f9 sostenibile. La produzione chimica di nitrati utilizza molta energia, circa l&#8217;1,2% dell&#8217;energia mondiale \u00e8 destinata alla produzione di nitrati. Se vuole ridurre l&#8217;impronta ecologica e rendere la sua azienda pronta per il futuro, il sistema ONP di Biota fa al caso suo.  <\/p>\n<\/div>\n\n\n\n<div class=\"wp-block-column is-layout-flow wp-block-column-is-layout-flow\" style=\"flex-basis:33.33%\">\n<figure class=\"wp-block-image alignleft size-full\"><img loading=\"lazy\" decoding=\"async\" width=\"121\" height=\"116\" src=\"https:\/\/biota.nu\/wp-content\/uploads\/Co2-1.png\" alt=\"\" class=\"wp-image-9057\"\/><\/figure>\n<\/div>\n<\/div>\n\n<h2 class=\"wp-block-heading has-text-align-left\">Possiamo aiutarla<\/h2>\n\n<p><\/p>\n\n<div class=\"wp-block-columns is-layout-flex wp-container-core-columns-is-layout-28f84493 wp-block-columns-is-layout-flex\">\n<div class=\"wp-block-column is-layout-flow wp-block-column-is-layout-flow\" style=\"flex-basis:66.66%\">\n<p>Ci parli dei suoi obiettivi di progetto e le mostreremo come&#8230;  <\/p>\n\n\n\n<figure class=\"wp-block-image size-large is-resized\"><img loading=\"lazy\" decoding=\"async\" width=\"819\" height=\"1024\" src=\"https:\/\/biota.nu\/wp-content\/uploads\/Biota-Nutri-2021-Andor-Kranenburg-3443-819x1024.jpg\" alt=\"\" class=\"wp-image-9561\" style=\"width:338px;height:auto\" srcset=\"https:\/\/biota.nu\/wp-content\/uploads\/Biota-Nutri-2021-Andor-Kranenburg-3443-819x1024.jpg 819w, https:\/\/biota.nu\/wp-content\/uploads\/Biota-Nutri-2021-Andor-Kranenburg-3443-240x300.jpg 240w, https:\/\/biota.nu\/wp-content\/uploads\/Biota-Nutri-2021-Andor-Kranenburg-3443-768x960.jpg 768w, https:\/\/biota.nu\/wp-content\/uploads\/Biota-Nutri-2021-Andor-Kranenburg-3443-1229x1536.jpg 1229w, https:\/\/biota.nu\/wp-content\/uploads\/Biota-Nutri-2021-Andor-Kranenburg-3443-1639x2048.jpg 1639w, https:\/\/biota.nu\/wp-content\/uploads\/Biota-Nutri-2021-Andor-Kranenburg-3443-600x750.jpg 600w, https:\/\/biota.nu\/wp-content\/uploads\/Biota-Nutri-2021-Andor-Kranenburg-3443-scaled.jpg 2048w\" sizes=\"auto, (max-width: 819px) 100vw, 819px\" \/><\/figure>\n\n\n\n<p>Ci contatti oggi <a href=\"mailto:info@biota.nu\">info@biota.nu<\/a><\/p>\n<\/div>\n<\/div>\n\n<h2 class=\"wp-block-heading has-text-align-left\">Crescere ONP &#8211; Far crescere la sua attivit\u00e0 e il suo rendimento<\/h2>\n","protected":false},"excerpt":{"rendered":"<p>Sistema di produzione di nitrati organici (ONP) Come funziona L&#8217;ONP lavora con specifici batteri nitrificanti Biota, che vengono alimentati con una soluzione di azoto Biota [&hellip;]<\/p>\n","protected":false},"author":3,"featured_media":10859,"parent":0,"menu_order":0,"comment_status":"closed","ping_status":"closed","template":"","meta":{"footnotes":""},"class_list":["post-10858","page","type-page","status-publish","has-post-thumbnail","hentry"],"yoast_head":"<!-- This site is optimized with the Yoast SEO plugin v27.3 - https:\/\/yoast.com\/product\/yoast-seo-wordpress\/ -->\n<title>Tecnologia - Biota Nutri<\/title>\n<meta name=\"robots\" content=\"index, follow, max-snippet:-1, max-image-preview:large, max-video-preview:-1\" \/>\n<link rel=\"canonical\" href=\"https:\/\/biota.nu\/it\/tecnologia\/\" \/>\n<meta property=\"og:locale\" content=\"it_IT\" \/>\n<meta property=\"og:type\" content=\"article\" \/>\n<meta property=\"og:title\" content=\"Tecnologia - Biota Nutri\" \/>\n<meta property=\"og:description\" content=\"Sistema di produzione di nitrati organici (ONP) Come funziona L&#8217;ONP lavora con specifici batteri nitrificanti Biota, che vengono alimentati con una soluzione di azoto Biota [&hellip;]\" \/>\n<meta property=\"og:url\" content=\"https:\/\/biota.nu\/it\/tecnologia\/\" \/>\n<meta property=\"og:site_name\" content=\"Biota Nutri\" \/>\n<meta property=\"article:modified_time\" content=\"2025-03-19T11:10:45+00:00\" \/>\n<meta property=\"og:image\" content=\"https:\/\/biota.nu\/wp-content\/uploads\/ONP-1-fotor-20240222135816.png\" \/>\n\t<meta property=\"og:image:width\" content=\"1478\" \/>\n\t<meta property=\"og:image:height\" content=\"490\" \/>\n\t<meta property=\"og:image:type\" content=\"image\/png\" \/>\n<meta name=\"twitter:card\" content=\"summary_large_image\" \/>\n<meta name=\"twitter:label1\" content=\"Tempo di lettura stimato\" \/>\n\t<meta name=\"twitter:data1\" content=\"2 minuti\" \/>\n<script type=\"application\/ld+json\" class=\"yoast-schema-graph\">{\"@context\":\"https:\\\/\\\/schema.org\",\"@graph\":[{\"@type\":\"WebPage\",\"@id\":\"https:\\\/\\\/biota.nu\\\/it\\\/tecnologia\\\/\",\"url\":\"https:\\\/\\\/biota.nu\\\/it\\\/tecnologia\\\/\",\"name\":\"Tecnologia - Biota Nutri\",\"isPartOf\":{\"@id\":\"https:\\\/\\\/biota.nu\\\/it\\\/#website\"},\"primaryImageOfPage\":{\"@id\":\"https:\\\/\\\/biota.nu\\\/it\\\/tecnologia\\\/#primaryimage\"},\"image\":{\"@id\":\"https:\\\/\\\/biota.nu\\\/it\\\/tecnologia\\\/#primaryimage\"},\"thumbnailUrl\":\"https:\\\/\\\/biota.nu\\\/wp-content\\\/uploads\\\/ONP-1-fotor-20240222135816.png\",\"datePublished\":\"2024-02-22T22:06:00+00:00\",\"dateModified\":\"2025-03-19T11:10:45+00:00\",\"breadcrumb\":{\"@id\":\"https:\\\/\\\/biota.nu\\\/it\\\/tecnologia\\\/#breadcrumb\"},\"inLanguage\":\"it-IT\",\"potentialAction\":[{\"@type\":\"ReadAction\",\"target\":[\"https:\\\/\\\/biota.nu\\\/it\\\/tecnologia\\\/\"]}]},{\"@type\":\"ImageObject\",\"inLanguage\":\"it-IT\",\"@id\":\"https:\\\/\\\/biota.nu\\\/it\\\/tecnologia\\\/#primaryimage\",\"url\":\"https:\\\/\\\/biota.nu\\\/wp-content\\\/uploads\\\/ONP-1-fotor-20240222135816.png\",\"contentUrl\":\"https:\\\/\\\/biota.nu\\\/wp-content\\\/uploads\\\/ONP-1-fotor-20240222135816.png\",\"width\":1478,\"height\":490},{\"@type\":\"BreadcrumbList\",\"@id\":\"https:\\\/\\\/biota.nu\\\/it\\\/tecnologia\\\/#breadcrumb\",\"itemListElement\":[{\"@type\":\"ListItem\",\"position\":1,\"name\":\"Home\",\"item\":\"https:\\\/\\\/biota.nu\\\/it\\\/?page_id=10222\"},{\"@type\":\"ListItem\",\"position\":2,\"name\":\"Tecnologia\"}]},{\"@type\":\"WebSite\",\"@id\":\"https:\\\/\\\/biota.nu\\\/it\\\/#website\",\"url\":\"https:\\\/\\\/biota.nu\\\/it\\\/\",\"name\":\"Biota Nutri\",\"description\":\"\",\"publisher\":{\"@id\":\"https:\\\/\\\/biota.nu\\\/it\\\/#organization\"},\"potentialAction\":[{\"@type\":\"SearchAction\",\"target\":{\"@type\":\"EntryPoint\",\"urlTemplate\":\"https:\\\/\\\/biota.nu\\\/it\\\/?s={search_term_string}\"},\"query-input\":{\"@type\":\"PropertyValueSpecification\",\"valueRequired\":true,\"valueName\":\"search_term_string\"}}],\"inLanguage\":\"it-IT\"},{\"@type\":\"Organization\",\"@id\":\"https:\\\/\\\/biota.nu\\\/it\\\/#organization\",\"name\":\"Biota Nutri\",\"url\":\"https:\\\/\\\/biota.nu\\\/it\\\/\",\"logo\":{\"@type\":\"ImageObject\",\"inLanguage\":\"it-IT\",\"@id\":\"https:\\\/\\\/biota.nu\\\/it\\\/#\\\/schema\\\/logo\\\/image\\\/\",\"url\":\"https:\\\/\\\/biota.nu\\\/wp-content\\\/uploads\\\/Biota-Nutri-R.png\",\"contentUrl\":\"https:\\\/\\\/biota.nu\\\/wp-content\\\/uploads\\\/Biota-Nutri-R.png\",\"width\":300,\"height\":220,\"caption\":\"Biota Nutri\"},\"image\":{\"@id\":\"https:\\\/\\\/biota.nu\\\/it\\\/#\\\/schema\\\/logo\\\/image\\\/\"}}]}<\/script>\n<!-- \/ Yoast SEO plugin. -->","yoast_head_json":{"title":"Tecnologia - Biota Nutri","robots":{"index":"index","follow":"follow","max-snippet":"max-snippet:-1","max-image-preview":"max-image-preview:large","max-video-preview":"max-video-preview:-1"},"canonical":"https:\/\/biota.nu\/it\/tecnologia\/","og_locale":"it_IT","og_type":"article","og_title":"Tecnologia - Biota Nutri","og_description":"Sistema di produzione di nitrati organici (ONP) Come funziona L&#8217;ONP lavora con specifici batteri nitrificanti Biota, che vengono alimentati con una soluzione di azoto Biota [&hellip;]","og_url":"https:\/\/biota.nu\/it\/tecnologia\/","og_site_name":"Biota Nutri","article_modified_time":"2025-03-19T11:10:45+00:00","og_image":[{"width":1478,"height":490,"url":"https:\/\/biota.nu\/wp-content\/uploads\/ONP-1-fotor-20240222135816.png","type":"image\/png"}],"twitter_card":"summary_large_image","twitter_misc":{"Tempo di lettura stimato":"2 minuti"},"schema":{"@context":"https:\/\/schema.org","@graph":[{"@type":"WebPage","@id":"https:\/\/biota.nu\/it\/tecnologia\/","url":"https:\/\/biota.nu\/it\/tecnologia\/","name":"Tecnologia - Biota Nutri","isPartOf":{"@id":"https:\/\/biota.nu\/it\/#website"},"primaryImageOfPage":{"@id":"https:\/\/biota.nu\/it\/tecnologia\/#primaryimage"},"image":{"@id":"https:\/\/biota.nu\/it\/tecnologia\/#primaryimage"},"thumbnailUrl":"https:\/\/biota.nu\/wp-content\/uploads\/ONP-1-fotor-20240222135816.png","datePublished":"2024-02-22T22:06:00+00:00","dateModified":"2025-03-19T11:10:45+00:00","breadcrumb":{"@id":"https:\/\/biota.nu\/it\/tecnologia\/#breadcrumb"},"inLanguage":"it-IT","potentialAction":[{"@type":"ReadAction","target":["https:\/\/biota.nu\/it\/tecnologia\/"]}]},{"@type":"ImageObject","inLanguage":"it-IT","@id":"https:\/\/biota.nu\/it\/tecnologia\/#primaryimage","url":"https:\/\/biota.nu\/wp-content\/uploads\/ONP-1-fotor-20240222135816.png","contentUrl":"https:\/\/biota.nu\/wp-content\/uploads\/ONP-1-fotor-20240222135816.png","width":1478,"height":490},{"@type":"BreadcrumbList","@id":"https:\/\/biota.nu\/it\/tecnologia\/#breadcrumb","itemListElement":[{"@type":"ListItem","position":1,"name":"Home","item":"https:\/\/biota.nu\/it\/?page_id=10222"},{"@type":"ListItem","position":2,"name":"Tecnologia"}]},{"@type":"WebSite","@id":"https:\/\/biota.nu\/it\/#website","url":"https:\/\/biota.nu\/it\/","name":"Biota Nutri","description":"","publisher":{"@id":"https:\/\/biota.nu\/it\/#organization"},"potentialAction":[{"@type":"SearchAction","target":{"@type":"EntryPoint","urlTemplate":"https:\/\/biota.nu\/it\/?s={search_term_string}"},"query-input":{"@type":"PropertyValueSpecification","valueRequired":true,"valueName":"search_term_string"}}],"inLanguage":"it-IT"},{"@type":"Organization","@id":"https:\/\/biota.nu\/it\/#organization","name":"Biota Nutri","url":"https:\/\/biota.nu\/it\/","logo":{"@type":"ImageObject","inLanguage":"it-IT","@id":"https:\/\/biota.nu\/it\/#\/schema\/logo\/image\/","url":"https:\/\/biota.nu\/wp-content\/uploads\/Biota-Nutri-R.png","contentUrl":"https:\/\/biota.nu\/wp-content\/uploads\/Biota-Nutri-R.png","width":300,"height":220,"caption":"Biota Nutri"},"image":{"@id":"https:\/\/biota.nu\/it\/#\/schema\/logo\/image\/"}}]}},"acf":[],"_links":{"self":[{"href":"https:\/\/biota.nu\/it\/wp-json\/wp\/v2\/pages\/10858","targetHints":{"allow":["GET"]}}],"collection":[{"href":"https:\/\/biota.nu\/it\/wp-json\/wp\/v2\/pages"}],"about":[{"href":"https:\/\/biota.nu\/it\/wp-json\/wp\/v2\/types\/page"}],"author":[{"embeddable":true,"href":"https:\/\/biota.nu\/it\/wp-json\/wp\/v2\/users\/3"}],"replies":[{"embeddable":true,"href":"https:\/\/biota.nu\/it\/wp-json\/wp\/v2\/comments?post=10858"}],"version-history":[{"count":2,"href":"https:\/\/biota.nu\/it\/wp-json\/wp\/v2\/pages\/10858\/revisions"}],"predecessor-version":[{"id":10869,"href":"https:\/\/biota.nu\/it\/wp-json\/wp\/v2\/pages\/10858\/revisions\/10869"}],"wp:featuredmedia":[{"embeddable":true,"href":"https:\/\/biota.nu\/it\/wp-json\/wp\/v2\/media\/10859"}],"wp:attachment":[{"href":"https:\/\/biota.nu\/it\/wp-json\/wp\/v2\/media?parent=10858"}],"curies":[{"name":"wp","href":"https:\/\/api.w.org\/{rel}","templated":true}]}}