{"id":10830,"date":"2024-02-07T14:09:46","date_gmt":"2024-02-07T14:09:46","guid":{"rendered":"https:\/\/biota.nu\/product\/biota-vegaline-1-npk-6-2-3-mg\/"},"modified":"2025-03-20T13:11:18","modified_gmt":"2025-03-20T13:11:18","slug":"biota-vegaline-1-npk-6-2-3-mg","status":"publish","type":"product","link":"https:\/\/biota.nu\/it\/prodotto\/biota-vegaline-1-npk-6-2-3-mg\/","title":{"rendered":"Biota Vegaline 1 (NPK 6-2-3 + Mg)"},"content":{"rendered":"<p>La linea di prodotti Biota Vegaline \u00e8 perfetta per essere utilizzata durante l&#8217;intero ciclo di coltivazione. Ci sono tre prodotti, appositamente studiati per un periodo specifico della coltivazione: <\/p>\n<ul>\n<li>Vegaline 1: Per una forte crescita delle radici della pianta<\/li>\n<li>Vegalina 2: La crescita della pianta, con particolare attenzione alla foglia e al fusto.<\/li>\n<li>Vegalina 3: L&#8217;ultima parte del ciclo di prova, con la massima attenzione al frutto o al fiore.<\/li>\n<\/ul>\n<p>I prodotti sono arricchiti con magnesio e oligoelementi per una crescita ottimale delle radici, della pianta e del frutto\/fiore. La linea \u00e8 registrata per l&#8217;uso in agricoltura biologica. Grazie al processo di produzione unico, i nutrienti sono presenti in soluzione e quindi immediatamente disponibili per la pianta attraverso l&#8217;applicazione fogliare e l&#8217;irrigazione. I nutrienti provengono da materiali vegetali, in parte da flussi residui agricoli.   <\/p>\n<p>Biota Vegaline 1 \u00e8 un fertilizzante multinutriente particolarmente adatto all&#8217;uso durante la parte vegetativa del ciclo colturale. \u00c8 arricchito con magnesio e oligoelementi per una crescita ottimale. \u00c8 registrato per l&#8217;uso in agricoltura biologica. Grazie al processo di produzione unico, i nutrienti sono presenti in soluzione e quindi direttamente disponibili per la pianta attraverso l&#8217;applicazione fogliare e l&#8217;irrigazione. I nutrienti provengono da materiali di origine vegetale, in parte da flussi di residui agricoli.    <\/p>\n","protected":false},"excerpt":{"rendered":"<p>La linea di prodotti Biota Vegaline \u00e8 perfetta per essere utilizzata durante l&#8217;intero ciclo di coltivazione. Ci sono tre prodotti, appositamente studiati per un periodo [&hellip;]<\/p>\n","protected":false},"featured_media":10813,"template":"","meta":[],"product_brand":[],"product_cat":[221],"product_tag":[],"class_list":{"0":"post-10830","1":"product","2":"type-product","3":"status-publish","4":"has-post-thumbnail","6":"product_cat-npk-a-basso-contenuto-organico","8":"first","9":"instock","10":"shipping-taxable","11":"product-type-simple"},"yoast_head":"<!-- This site is optimized with the Yoast SEO plugin v27.3 - https:\/\/yoast.com\/product\/yoast-seo-wordpress\/ -->\n<title>Biota Vegaline 1 (NPK 6-2-3 + Mg) - Biota Nutri<\/title>\n<meta name=\"robots\" content=\"index, follow, max-snippet:-1, max-image-preview:large, max-video-preview:-1\" \/>\n<link rel=\"canonical\" href=\"https:\/\/biota.nu\/it\/prodotto\/biota-vegaline-1-npk-6-2-3-mg\/\" \/>\n<meta property=\"og:locale\" content=\"it_IT\" \/>\n<meta property=\"og:type\" content=\"article\" \/>\n<meta property=\"og:title\" content=\"Biota Vegaline 1 (NPK 6-2-3 + Mg) - Biota Nutri\" \/>\n<meta property=\"og:description\" content=\"La linea di prodotti Biota Vegaline \u00e8 perfetta per essere utilizzata durante l&#8217;intero ciclo di coltivazione. Ci sono tre prodotti, appositamente studiati per un periodo [&hellip;]\" \/>\n<meta property=\"og:url\" content=\"https:\/\/biota.nu\/it\/prodotto\/biota-vegaline-1-npk-6-2-3-mg\/\" \/>\n<meta property=\"og:site_name\" content=\"Biota Nutri\" \/>\n<meta property=\"article:modified_time\" content=\"2025-03-20T13:11:18+00:00\" \/>\n<meta property=\"og:image\" content=\"https:\/\/biota.nu\/wp-content\/uploads\/IBC_light.jpg\" \/>\n\t<meta property=\"og:image:width\" content=\"1350\" \/>\n\t<meta property=\"og:image:height\" content=\"1350\" \/>\n\t<meta property=\"og:image:type\" content=\"image\/jpeg\" \/>\n<meta name=\"twitter:card\" content=\"summary_large_image\" \/>\n<meta name=\"twitter:label1\" content=\"Tempo di lettura stimato\" \/>\n\t<meta name=\"twitter:data1\" content=\"1 minuto\" \/>\n<script type=\"application\/ld+json\" class=\"yoast-schema-graph\">{\"@context\":\"https:\\\/\\\/schema.org\",\"@graph\":[{\"@type\":\"WebPage\",\"@id\":\"https:\\\/\\\/biota.nu\\\/it\\\/prodotto\\\/biota-vegaline-1-npk-6-2-3-mg\\\/\",\"url\":\"https:\\\/\\\/biota.nu\\\/it\\\/prodotto\\\/biota-vegaline-1-npk-6-2-3-mg\\\/\",\"name\":\"Biota Vegaline 1 (NPK 6-2-3 + Mg) - Biota Nutri\",\"isPartOf\":{\"@id\":\"https:\\\/\\\/biota.nu\\\/it\\\/#website\"},\"primaryImageOfPage\":{\"@id\":\"https:\\\/\\\/biota.nu\\\/it\\\/prodotto\\\/biota-vegaline-1-npk-6-2-3-mg\\\/#primaryimage\"},\"image\":{\"@id\":\"https:\\\/\\\/biota.nu\\\/it\\\/prodotto\\\/biota-vegaline-1-npk-6-2-3-mg\\\/#primaryimage\"},\"thumbnailUrl\":\"https:\\\/\\\/biota.nu\\\/wp-content\\\/uploads\\\/IBC_light.jpg\",\"datePublished\":\"2024-02-07T14:09:46+00:00\",\"dateModified\":\"2025-03-20T13:11:18+00:00\",\"breadcrumb\":{\"@id\":\"https:\\\/\\\/biota.nu\\\/it\\\/prodotto\\\/biota-vegaline-1-npk-6-2-3-mg\\\/#breadcrumb\"},\"inLanguage\":\"it-IT\",\"potentialAction\":[{\"@type\":\"ReadAction\",\"target\":[\"https:\\\/\\\/biota.nu\\\/it\\\/prodotto\\\/biota-vegaline-1-npk-6-2-3-mg\\\/\"]}]},{\"@type\":\"ImageObject\",\"inLanguage\":\"it-IT\",\"@id\":\"https:\\\/\\\/biota.nu\\\/it\\\/prodotto\\\/biota-vegaline-1-npk-6-2-3-mg\\\/#primaryimage\",\"url\":\"https:\\\/\\\/biota.nu\\\/wp-content\\\/uploads\\\/IBC_light.jpg\",\"contentUrl\":\"https:\\\/\\\/biota.nu\\\/wp-content\\\/uploads\\\/IBC_light.jpg\",\"width\":1350,\"height\":1350},{\"@type\":\"BreadcrumbList\",\"@id\":\"https:\\\/\\\/biota.nu\\\/it\\\/prodotto\\\/biota-vegaline-1-npk-6-2-3-mg\\\/#breadcrumb\",\"itemListElement\":[{\"@type\":\"ListItem\",\"position\":1,\"name\":\"Home\",\"item\":\"https:\\\/\\\/biota.nu\\\/it\\\/?page_id=10222\"},{\"@type\":\"ListItem\",\"position\":2,\"name\":\"Prodotti\",\"item\":\"https:\\\/\\\/biota.nu\\\/it\\\/?page_id=10589\"},{\"@type\":\"ListItem\",\"position\":3,\"name\":\"Biota Vegaline 1 (NPK 6-2-3 + Mg)\"}]},{\"@type\":\"WebSite\",\"@id\":\"https:\\\/\\\/biota.nu\\\/it\\\/#website\",\"url\":\"https:\\\/\\\/biota.nu\\\/it\\\/\",\"name\":\"Biota Nutri\",\"description\":\"\",\"publisher\":{\"@id\":\"https:\\\/\\\/biota.nu\\\/it\\\/#organization\"},\"potentialAction\":[{\"@type\":\"SearchAction\",\"target\":{\"@type\":\"EntryPoint\",\"urlTemplate\":\"https:\\\/\\\/biota.nu\\\/it\\\/?s={search_term_string}\"},\"query-input\":{\"@type\":\"PropertyValueSpecification\",\"valueRequired\":true,\"valueName\":\"search_term_string\"}}],\"inLanguage\":\"it-IT\"},{\"@type\":\"Organization\",\"@id\":\"https:\\\/\\\/biota.nu\\\/it\\\/#organization\",\"name\":\"Biota Nutri\",\"url\":\"https:\\\/\\\/biota.nu\\\/it\\\/\",\"logo\":{\"@type\":\"ImageObject\",\"inLanguage\":\"it-IT\",\"@id\":\"https:\\\/\\\/biota.nu\\\/it\\\/#\\\/schema\\\/logo\\\/image\\\/\",\"url\":\"https:\\\/\\\/biota.nu\\\/wp-content\\\/uploads\\\/Biota-Nutri-R.png\",\"contentUrl\":\"https:\\\/\\\/biota.nu\\\/wp-content\\\/uploads\\\/Biota-Nutri-R.png\",\"width\":300,\"height\":220,\"caption\":\"Biota Nutri\"},\"image\":{\"@id\":\"https:\\\/\\\/biota.nu\\\/it\\\/#\\\/schema\\\/logo\\\/image\\\/\"}}]}<\/script>\n<!-- \/ Yoast SEO plugin. -->","yoast_head_json":{"title":"Biota Vegaline 1 (NPK 6-2-3 + Mg) - Biota Nutri","robots":{"index":"index","follow":"follow","max-snippet":"max-snippet:-1","max-image-preview":"max-image-preview:large","max-video-preview":"max-video-preview:-1"},"canonical":"https:\/\/biota.nu\/it\/prodotto\/biota-vegaline-1-npk-6-2-3-mg\/","og_locale":"it_IT","og_type":"article","og_title":"Biota Vegaline 1 (NPK 6-2-3 + Mg) - Biota Nutri","og_description":"La linea di prodotti Biota Vegaline \u00e8 perfetta per essere utilizzata durante l&#8217;intero ciclo di coltivazione. Ci sono tre prodotti, appositamente studiati per un periodo [&hellip;]","og_url":"https:\/\/biota.nu\/it\/prodotto\/biota-vegaline-1-npk-6-2-3-mg\/","og_site_name":"Biota Nutri","article_modified_time":"2025-03-20T13:11:18+00:00","og_image":[{"width":1350,"height":1350,"url":"https:\/\/biota.nu\/wp-content\/uploads\/IBC_light.jpg","type":"image\/jpeg"}],"twitter_card":"summary_large_image","twitter_misc":{"Tempo di lettura stimato":"1 minuto"},"schema":{"@context":"https:\/\/schema.org","@graph":[{"@type":"WebPage","@id":"https:\/\/biota.nu\/it\/prodotto\/biota-vegaline-1-npk-6-2-3-mg\/","url":"https:\/\/biota.nu\/it\/prodotto\/biota-vegaline-1-npk-6-2-3-mg\/","name":"Biota Vegaline 1 (NPK 6-2-3 + Mg) - Biota Nutri","isPartOf":{"@id":"https:\/\/biota.nu\/it\/#website"},"primaryImageOfPage":{"@id":"https:\/\/biota.nu\/it\/prodotto\/biota-vegaline-1-npk-6-2-3-mg\/#primaryimage"},"image":{"@id":"https:\/\/biota.nu\/it\/prodotto\/biota-vegaline-1-npk-6-2-3-mg\/#primaryimage"},"thumbnailUrl":"https:\/\/biota.nu\/wp-content\/uploads\/IBC_light.jpg","datePublished":"2024-02-07T14:09:46+00:00","dateModified":"2025-03-20T13:11:18+00:00","breadcrumb":{"@id":"https:\/\/biota.nu\/it\/prodotto\/biota-vegaline-1-npk-6-2-3-mg\/#breadcrumb"},"inLanguage":"it-IT","potentialAction":[{"@type":"ReadAction","target":["https:\/\/biota.nu\/it\/prodotto\/biota-vegaline-1-npk-6-2-3-mg\/"]}]},{"@type":"ImageObject","inLanguage":"it-IT","@id":"https:\/\/biota.nu\/it\/prodotto\/biota-vegaline-1-npk-6-2-3-mg\/#primaryimage","url":"https:\/\/biota.nu\/wp-content\/uploads\/IBC_light.jpg","contentUrl":"https:\/\/biota.nu\/wp-content\/uploads\/IBC_light.jpg","width":1350,"height":1350},{"@type":"BreadcrumbList","@id":"https:\/\/biota.nu\/it\/prodotto\/biota-vegaline-1-npk-6-2-3-mg\/#breadcrumb","itemListElement":[{"@type":"ListItem","position":1,"name":"Home","item":"https:\/\/biota.nu\/it\/?page_id=10222"},{"@type":"ListItem","position":2,"name":"Prodotti","item":"https:\/\/biota.nu\/it\/?page_id=10589"},{"@type":"ListItem","position":3,"name":"Biota Vegaline 1 (NPK 6-2-3 + Mg)"}]},{"@type":"WebSite","@id":"https:\/\/biota.nu\/it\/#website","url":"https:\/\/biota.nu\/it\/","name":"Biota Nutri","description":"","publisher":{"@id":"https:\/\/biota.nu\/it\/#organization"},"potentialAction":[{"@type":"SearchAction","target":{"@type":"EntryPoint","urlTemplate":"https:\/\/biota.nu\/it\/?s={search_term_string}"},"query-input":{"@type":"PropertyValueSpecification","valueRequired":true,"valueName":"search_term_string"}}],"inLanguage":"it-IT"},{"@type":"Organization","@id":"https:\/\/biota.nu\/it\/#organization","name":"Biota Nutri","url":"https:\/\/biota.nu\/it\/","logo":{"@type":"ImageObject","inLanguage":"it-IT","@id":"https:\/\/biota.nu\/it\/#\/schema\/logo\/image\/","url":"https:\/\/biota.nu\/wp-content\/uploads\/Biota-Nutri-R.png","contentUrl":"https:\/\/biota.nu\/wp-content\/uploads\/Biota-Nutri-R.png","width":300,"height":220,"caption":"Biota Nutri"},"image":{"@id":"https:\/\/biota.nu\/it\/#\/schema\/logo\/image\/"}}]}},"acf":[],"_links":{"self":[{"href":"https:\/\/biota.nu\/it\/wp-json\/wp\/v2\/product\/10830","targetHints":{"allow":["GET"]}}],"collection":[{"href":"https:\/\/biota.nu\/it\/wp-json\/wp\/v2\/product"}],"about":[{"href":"https:\/\/biota.nu\/it\/wp-json\/wp\/v2\/types\/product"}],"wp:featuredmedia":[{"embeddable":true,"href":"https:\/\/biota.nu\/it\/wp-json\/wp\/v2\/media\/10813"}],"wp:attachment":[{"href":"https:\/\/biota.nu\/it\/wp-json\/wp\/v2\/media?parent=10830"}],"wp:term":[{"taxonomy":"product_brand","embeddable":true,"href":"https:\/\/biota.nu\/it\/wp-json\/wp\/v2\/product_brand?post=10830"},{"taxonomy":"product_cat","embeddable":true,"href":"https:\/\/biota.nu\/it\/wp-json\/wp\/v2\/product_cat?post=10830"},{"taxonomy":"product_tag","embeddable":true,"href":"https:\/\/biota.nu\/it\/wp-json\/wp\/v2\/product_tag?post=10830"}],"curies":[{"name":"wp","href":"https:\/\/api.w.org\/{rel}","templated":true}]}}