{"id":10923,"date":"2024-02-24T14:09:01","date_gmt":"2024-02-24T14:09:01","guid":{"rendered":"https:\/\/biota.nu\/product\/biota-nitro-v2\/"},"modified":"2025-03-20T13:11:29","modified_gmt":"2025-03-20T13:11:29","slug":"biota-nitro-v2","status":"publish","type":"product","link":"https:\/\/biota.nu\/it\/prodotto\/biota-nitro-v2\/","title":{"rendered":"Biota Nitro V2"},"content":{"rendered":"<p>Biota Nitro 2021 \u00e8 un fertilizzante azotato in forma organica che nutre sia la pianta che la vita del suolo. L&#8217;azoto contenuto in Biota Nitro 2021 \u00e8 costituito principalmente da peptidi e aminoacidi, sostanze essenziali per la crescita della pianta. Gli aminoacidi contenuti in Biota Nitro sono ricavati da residui vegetali, il che significa che possono essere prontamente utilizzati dalle piante. Nitro V2 \u00e8 privo di sodio e cloro. La soluzione \u00e8 adatta all&#8217;uso nei sistemi di irrigazione e nelle linee di gocciolamento. Inoltre, Biota Nitro \u00e8 adatto per la concimazione fogliare, ad esempio quando la pianta presenta una carenza di azoto.     <\/p>\n","protected":false},"excerpt":{"rendered":"<p>Biota Nitro 2021 \u00e8 un fertilizzante azotato in forma organica che nutre sia la pianta che la vita del suolo. L&#8217;azoto contenuto in Biota Nitro [&hellip;]<\/p>\n","protected":false},"featured_media":10926,"template":"","meta":[],"product_brand":[],"product_cat":[217],"product_tag":[],"class_list":{"0":"post-10923","1":"product","2":"type-product","3":"status-publish","4":"has-post-thumbnail","6":"product_cat-fertilizzanti-a-singolo-elemento","8":"first","9":"instock","10":"shipping-taxable","11":"product-type-simple"},"yoast_head":"<!-- This site is optimized with the Yoast SEO plugin v27.3 - https:\/\/yoast.com\/product\/yoast-seo-wordpress\/ -->\n<title>Biota Nitro V2 - Biota Nutri<\/title>\n<meta name=\"robots\" content=\"index, follow, max-snippet:-1, max-image-preview:large, max-video-preview:-1\" \/>\n<link rel=\"canonical\" href=\"https:\/\/biota.nu\/it\/prodotto\/biota-nitro-v2\/\" \/>\n<meta property=\"og:locale\" content=\"it_IT\" \/>\n<meta property=\"og:type\" content=\"article\" \/>\n<meta property=\"og:title\" content=\"Biota Nitro V2 - Biota Nutri\" \/>\n<meta property=\"og:description\" content=\"Biota Nitro 2021 \u00e8 un fertilizzante azotato in forma organica che nutre sia la pianta che la vita del suolo. L&#8217;azoto contenuto in Biota Nitro [&hellip;]\" \/>\n<meta property=\"og:url\" content=\"https:\/\/biota.nu\/it\/prodotto\/biota-nitro-v2\/\" \/>\n<meta property=\"og:site_name\" content=\"Biota Nutri\" \/>\n<meta property=\"article:modified_time\" content=\"2025-03-20T13:11:29+00:00\" \/>\n<meta property=\"og:image\" content=\"https:\/\/biota.nu\/wp-content\/uploads\/WhatsApp-Image-2024-04-15-at-15.06.14_e993fd98.jpg\" \/>\n\t<meta property=\"og:image:width\" content=\"1494\" \/>\n\t<meta property=\"og:image:height\" content=\"1121\" \/>\n\t<meta property=\"og:image:type\" content=\"image\/jpeg\" \/>\n<meta name=\"twitter:card\" content=\"summary_large_image\" \/>\n<script type=\"application\/ld+json\" class=\"yoast-schema-graph\">{\"@context\":\"https:\\\/\\\/schema.org\",\"@graph\":[{\"@type\":\"WebPage\",\"@id\":\"https:\\\/\\\/biota.nu\\\/it\\\/prodotto\\\/biota-nitro-v2\\\/\",\"url\":\"https:\\\/\\\/biota.nu\\\/it\\\/prodotto\\\/biota-nitro-v2\\\/\",\"name\":\"Biota Nitro V2 - Biota Nutri\",\"isPartOf\":{\"@id\":\"https:\\\/\\\/biota.nu\\\/it\\\/#website\"},\"primaryImageOfPage\":{\"@id\":\"https:\\\/\\\/biota.nu\\\/it\\\/prodotto\\\/biota-nitro-v2\\\/#primaryimage\"},\"image\":{\"@id\":\"https:\\\/\\\/biota.nu\\\/it\\\/prodotto\\\/biota-nitro-v2\\\/#primaryimage\"},\"thumbnailUrl\":\"https:\\\/\\\/biota.nu\\\/wp-content\\\/uploads\\\/WhatsApp-Image-2024-04-15-at-15.06.14_e993fd98.jpg\",\"datePublished\":\"2024-02-24T14:09:01+00:00\",\"dateModified\":\"2025-03-20T13:11:29+00:00\",\"breadcrumb\":{\"@id\":\"https:\\\/\\\/biota.nu\\\/it\\\/prodotto\\\/biota-nitro-v2\\\/#breadcrumb\"},\"inLanguage\":\"it-IT\",\"potentialAction\":[{\"@type\":\"ReadAction\",\"target\":[\"https:\\\/\\\/biota.nu\\\/it\\\/prodotto\\\/biota-nitro-v2\\\/\"]}]},{\"@type\":\"ImageObject\",\"inLanguage\":\"it-IT\",\"@id\":\"https:\\\/\\\/biota.nu\\\/it\\\/prodotto\\\/biota-nitro-v2\\\/#primaryimage\",\"url\":\"https:\\\/\\\/biota.nu\\\/wp-content\\\/uploads\\\/WhatsApp-Image-2024-04-15-at-15.06.14_e993fd98.jpg\",\"contentUrl\":\"https:\\\/\\\/biota.nu\\\/wp-content\\\/uploads\\\/WhatsApp-Image-2024-04-15-at-15.06.14_e993fd98.jpg\",\"width\":1494,\"height\":1121},{\"@type\":\"BreadcrumbList\",\"@id\":\"https:\\\/\\\/biota.nu\\\/it\\\/prodotto\\\/biota-nitro-v2\\\/#breadcrumb\",\"itemListElement\":[{\"@type\":\"ListItem\",\"position\":1,\"name\":\"Home\",\"item\":\"https:\\\/\\\/biota.nu\\\/it\\\/?page_id=10222\"},{\"@type\":\"ListItem\",\"position\":2,\"name\":\"Prodotti\",\"item\":\"https:\\\/\\\/biota.nu\\\/it\\\/?page_id=10589\"},{\"@type\":\"ListItem\",\"position\":3,\"name\":\"Biota Nitro V2\"}]},{\"@type\":\"WebSite\",\"@id\":\"https:\\\/\\\/biota.nu\\\/it\\\/#website\",\"url\":\"https:\\\/\\\/biota.nu\\\/it\\\/\",\"name\":\"Biota Nutri\",\"description\":\"\",\"publisher\":{\"@id\":\"https:\\\/\\\/biota.nu\\\/it\\\/#organization\"},\"potentialAction\":[{\"@type\":\"SearchAction\",\"target\":{\"@type\":\"EntryPoint\",\"urlTemplate\":\"https:\\\/\\\/biota.nu\\\/it\\\/?s={search_term_string}\"},\"query-input\":{\"@type\":\"PropertyValueSpecification\",\"valueRequired\":true,\"valueName\":\"search_term_string\"}}],\"inLanguage\":\"it-IT\"},{\"@type\":\"Organization\",\"@id\":\"https:\\\/\\\/biota.nu\\\/it\\\/#organization\",\"name\":\"Biota Nutri\",\"url\":\"https:\\\/\\\/biota.nu\\\/it\\\/\",\"logo\":{\"@type\":\"ImageObject\",\"inLanguage\":\"it-IT\",\"@id\":\"https:\\\/\\\/biota.nu\\\/it\\\/#\\\/schema\\\/logo\\\/image\\\/\",\"url\":\"https:\\\/\\\/biota.nu\\\/wp-content\\\/uploads\\\/Biota-Nutri-R.png\",\"contentUrl\":\"https:\\\/\\\/biota.nu\\\/wp-content\\\/uploads\\\/Biota-Nutri-R.png\",\"width\":300,\"height\":220,\"caption\":\"Biota Nutri\"},\"image\":{\"@id\":\"https:\\\/\\\/biota.nu\\\/it\\\/#\\\/schema\\\/logo\\\/image\\\/\"}}]}<\/script>\n<!-- \/ Yoast SEO plugin. -->","yoast_head_json":{"title":"Biota Nitro V2 - Biota Nutri","robots":{"index":"index","follow":"follow","max-snippet":"max-snippet:-1","max-image-preview":"max-image-preview:large","max-video-preview":"max-video-preview:-1"},"canonical":"https:\/\/biota.nu\/it\/prodotto\/biota-nitro-v2\/","og_locale":"it_IT","og_type":"article","og_title":"Biota Nitro V2 - Biota Nutri","og_description":"Biota Nitro 2021 \u00e8 un fertilizzante azotato in forma organica che nutre sia la pianta che la vita del suolo. L&#8217;azoto contenuto in Biota Nitro [&hellip;]","og_url":"https:\/\/biota.nu\/it\/prodotto\/biota-nitro-v2\/","og_site_name":"Biota Nutri","article_modified_time":"2025-03-20T13:11:29+00:00","og_image":[{"width":1494,"height":1121,"url":"https:\/\/biota.nu\/wp-content\/uploads\/WhatsApp-Image-2024-04-15-at-15.06.14_e993fd98.jpg","type":"image\/jpeg"}],"twitter_card":"summary_large_image","schema":{"@context":"https:\/\/schema.org","@graph":[{"@type":"WebPage","@id":"https:\/\/biota.nu\/it\/prodotto\/biota-nitro-v2\/","url":"https:\/\/biota.nu\/it\/prodotto\/biota-nitro-v2\/","name":"Biota Nitro V2 - Biota Nutri","isPartOf":{"@id":"https:\/\/biota.nu\/it\/#website"},"primaryImageOfPage":{"@id":"https:\/\/biota.nu\/it\/prodotto\/biota-nitro-v2\/#primaryimage"},"image":{"@id":"https:\/\/biota.nu\/it\/prodotto\/biota-nitro-v2\/#primaryimage"},"thumbnailUrl":"https:\/\/biota.nu\/wp-content\/uploads\/WhatsApp-Image-2024-04-15-at-15.06.14_e993fd98.jpg","datePublished":"2024-02-24T14:09:01+00:00","dateModified":"2025-03-20T13:11:29+00:00","breadcrumb":{"@id":"https:\/\/biota.nu\/it\/prodotto\/biota-nitro-v2\/#breadcrumb"},"inLanguage":"it-IT","potentialAction":[{"@type":"ReadAction","target":["https:\/\/biota.nu\/it\/prodotto\/biota-nitro-v2\/"]}]},{"@type":"ImageObject","inLanguage":"it-IT","@id":"https:\/\/biota.nu\/it\/prodotto\/biota-nitro-v2\/#primaryimage","url":"https:\/\/biota.nu\/wp-content\/uploads\/WhatsApp-Image-2024-04-15-at-15.06.14_e993fd98.jpg","contentUrl":"https:\/\/biota.nu\/wp-content\/uploads\/WhatsApp-Image-2024-04-15-at-15.06.14_e993fd98.jpg","width":1494,"height":1121},{"@type":"BreadcrumbList","@id":"https:\/\/biota.nu\/it\/prodotto\/biota-nitro-v2\/#breadcrumb","itemListElement":[{"@type":"ListItem","position":1,"name":"Home","item":"https:\/\/biota.nu\/it\/?page_id=10222"},{"@type":"ListItem","position":2,"name":"Prodotti","item":"https:\/\/biota.nu\/it\/?page_id=10589"},{"@type":"ListItem","position":3,"name":"Biota Nitro V2"}]},{"@type":"WebSite","@id":"https:\/\/biota.nu\/it\/#website","url":"https:\/\/biota.nu\/it\/","name":"Biota Nutri","description":"","publisher":{"@id":"https:\/\/biota.nu\/it\/#organization"},"potentialAction":[{"@type":"SearchAction","target":{"@type":"EntryPoint","urlTemplate":"https:\/\/biota.nu\/it\/?s={search_term_string}"},"query-input":{"@type":"PropertyValueSpecification","valueRequired":true,"valueName":"search_term_string"}}],"inLanguage":"it-IT"},{"@type":"Organization","@id":"https:\/\/biota.nu\/it\/#organization","name":"Biota Nutri","url":"https:\/\/biota.nu\/it\/","logo":{"@type":"ImageObject","inLanguage":"it-IT","@id":"https:\/\/biota.nu\/it\/#\/schema\/logo\/image\/","url":"https:\/\/biota.nu\/wp-content\/uploads\/Biota-Nutri-R.png","contentUrl":"https:\/\/biota.nu\/wp-content\/uploads\/Biota-Nutri-R.png","width":300,"height":220,"caption":"Biota Nutri"},"image":{"@id":"https:\/\/biota.nu\/it\/#\/schema\/logo\/image\/"}}]}},"acf":[],"_links":{"self":[{"href":"https:\/\/biota.nu\/it\/wp-json\/wp\/v2\/product\/10923","targetHints":{"allow":["GET"]}}],"collection":[{"href":"https:\/\/biota.nu\/it\/wp-json\/wp\/v2\/product"}],"about":[{"href":"https:\/\/biota.nu\/it\/wp-json\/wp\/v2\/types\/product"}],"wp:featuredmedia":[{"embeddable":true,"href":"https:\/\/biota.nu\/it\/wp-json\/wp\/v2\/media\/10926"}],"wp:attachment":[{"href":"https:\/\/biota.nu\/it\/wp-json\/wp\/v2\/media?parent=10923"}],"wp:term":[{"taxonomy":"product_brand","embeddable":true,"href":"https:\/\/biota.nu\/it\/wp-json\/wp\/v2\/product_brand?post=10923"},{"taxonomy":"product_cat","embeddable":true,"href":"https:\/\/biota.nu\/it\/wp-json\/wp\/v2\/product_cat?post=10923"},{"taxonomy":"product_tag","embeddable":true,"href":"https:\/\/biota.nu\/it\/wp-json\/wp\/v2\/product_tag?post=10923"}],"curies":[{"name":"wp","href":"https:\/\/api.w.org\/{rel}","templated":true}]}}