{"id":10973,"date":"2024-02-24T15:09:48","date_gmt":"2024-02-24T15:09:48","guid":{"rendered":"https:\/\/biota.nu\/product\/biota-mino-plus\/"},"modified":"2025-03-20T13:12:22","modified_gmt":"2025-03-20T13:12:22","slug":"biota-mino-plus","status":"publish","type":"product","link":"https:\/\/biota.nu\/it\/prodotto\/biota-mino-plus\/","title":{"rendered":"Biota Mino Plus"},"content":{"rendered":"<p>Biota Mino Plus \u00e8 un fertilizzante organico liquido che supporta il mantenimento, la crescita, la vitalit\u00e0 e la riproduzione della pianta grazie al suo contenuto di aminoacidi. Grazie all&#8217;origine naturale, contiene un&#8217;alta concentrazione di azoto, aminoacidi e materia organica. L&#8217;acido fulvico aumenta l&#8217;assorbimento degli aminoacidi e gli estratti vegetali hanno un effetto antiossidante. Tutto ci\u00f2 conferisce alla pianta pi\u00f9 energia e resistenza, con conseguente miglioramento del colore, foglie pi\u00f9 grandi, un sistema radicale pi\u00f9 fine e attivo, pi\u00f9 fiori, frutti pi\u00f9 numerosi e\/o pi\u00f9 grandi e un raccolto pi\u00f9 forte in generale.   <\/p>\n<p>Biota Mino Plus \u00e8 composto da proteine animali selezionate di cat. 3, acidi fulvici ed estratti vegetali ed \u00e8 approvato per l&#8217;uso nell&#8217;agricoltura e nell&#8217;orticoltura biologica. <\/p>\n","protected":false},"excerpt":{"rendered":"<p>Biota Mino Plus \u00e8 un fertilizzante organico liquido che supporta il mantenimento, la crescita, la vitalit\u00e0 e la riproduzione della pianta grazie al suo contenuto [&hellip;]<\/p>\n","protected":false},"featured_media":10975,"template":"","meta":[],"product_brand":[],"product_cat":[225],"product_tag":[],"class_list":{"0":"post-10973","1":"product","2":"type-product","3":"status-publish","4":"has-post-thumbnail","6":"product_cat-biostimolanti","8":"first","9":"instock","10":"shipping-taxable","11":"product-type-simple"},"yoast_head":"<!-- This site is optimized with the Yoast SEO plugin v27.4 - https:\/\/yoast.com\/product\/yoast-seo-wordpress\/ -->\n<title>Biota Mino Plus - Biota Nutri<\/title>\n<meta name=\"robots\" content=\"index, follow, max-snippet:-1, max-image-preview:large, max-video-preview:-1\" \/>\n<link rel=\"canonical\" href=\"https:\/\/biota.nu\/it\/prodotto\/biota-mino-plus\/\" \/>\n<meta property=\"og:locale\" content=\"it_IT\" \/>\n<meta property=\"og:type\" content=\"article\" \/>\n<meta property=\"og:title\" content=\"Biota Mino Plus - Biota Nutri\" \/>\n<meta property=\"og:description\" content=\"Biota Mino Plus \u00e8 un fertilizzante organico liquido che supporta il mantenimento, la crescita, la vitalit\u00e0 e la riproduzione della pianta grazie al suo contenuto [&hellip;]\" \/>\n<meta property=\"og:url\" content=\"https:\/\/biota.nu\/it\/prodotto\/biota-mino-plus\/\" \/>\n<meta property=\"og:site_name\" content=\"Biota Nutri\" \/>\n<meta property=\"article:modified_time\" content=\"2025-03-20T13:12:22+00:00\" \/>\n<meta property=\"og:image\" content=\"https:\/\/biota.nu\/wp-content\/uploads\/Biota-mino-plus-EU-can-s-2.jpg\" \/>\n\t<meta property=\"og:image:width\" content=\"600\" \/>\n\t<meta property=\"og:image:height\" content=\"600\" \/>\n\t<meta property=\"og:image:type\" content=\"image\/jpeg\" \/>\n<meta name=\"twitter:card\" content=\"summary_large_image\" \/>\n<meta name=\"twitter:label1\" content=\"Tempo di lettura stimato\" \/>\n\t<meta name=\"twitter:data1\" content=\"1 minuto\" \/>\n<script type=\"application\/ld+json\" class=\"yoast-schema-graph\">{\"@context\":\"https:\\\/\\\/schema.org\",\"@graph\":[{\"@type\":\"WebPage\",\"@id\":\"https:\\\/\\\/biota.nu\\\/it\\\/prodotto\\\/biota-mino-plus\\\/\",\"url\":\"https:\\\/\\\/biota.nu\\\/it\\\/prodotto\\\/biota-mino-plus\\\/\",\"name\":\"Biota Mino Plus - Biota Nutri\",\"isPartOf\":{\"@id\":\"https:\\\/\\\/biota.nu\\\/it\\\/#website\"},\"primaryImageOfPage\":{\"@id\":\"https:\\\/\\\/biota.nu\\\/it\\\/prodotto\\\/biota-mino-plus\\\/#primaryimage\"},\"image\":{\"@id\":\"https:\\\/\\\/biota.nu\\\/it\\\/prodotto\\\/biota-mino-plus\\\/#primaryimage\"},\"thumbnailUrl\":\"https:\\\/\\\/biota.nu\\\/wp-content\\\/uploads\\\/Biota-mino-plus-EU-can-s-2.jpg\",\"datePublished\":\"2024-02-24T15:09:48+00:00\",\"dateModified\":\"2025-03-20T13:12:22+00:00\",\"breadcrumb\":{\"@id\":\"https:\\\/\\\/biota.nu\\\/it\\\/prodotto\\\/biota-mino-plus\\\/#breadcrumb\"},\"inLanguage\":\"it-IT\",\"potentialAction\":[{\"@type\":\"ReadAction\",\"target\":[\"https:\\\/\\\/biota.nu\\\/it\\\/prodotto\\\/biota-mino-plus\\\/\"]}]},{\"@type\":\"ImageObject\",\"inLanguage\":\"it-IT\",\"@id\":\"https:\\\/\\\/biota.nu\\\/it\\\/prodotto\\\/biota-mino-plus\\\/#primaryimage\",\"url\":\"https:\\\/\\\/biota.nu\\\/wp-content\\\/uploads\\\/Biota-mino-plus-EU-can-s-2.jpg\",\"contentUrl\":\"https:\\\/\\\/biota.nu\\\/wp-content\\\/uploads\\\/Biota-mino-plus-EU-can-s-2.jpg\",\"width\":600,\"height\":600},{\"@type\":\"BreadcrumbList\",\"@id\":\"https:\\\/\\\/biota.nu\\\/it\\\/prodotto\\\/biota-mino-plus\\\/#breadcrumb\",\"itemListElement\":[{\"@type\":\"ListItem\",\"position\":1,\"name\":\"Home\",\"item\":\"https:\\\/\\\/biota.nu\\\/it\\\/?page_id=10222\"},{\"@type\":\"ListItem\",\"position\":2,\"name\":\"Prodotti\",\"item\":\"https:\\\/\\\/biota.nu\\\/it\\\/?page_id=10589\"},{\"@type\":\"ListItem\",\"position\":3,\"name\":\"Biota Mino Plus\"}]},{\"@type\":\"WebSite\",\"@id\":\"https:\\\/\\\/biota.nu\\\/it\\\/#website\",\"url\":\"https:\\\/\\\/biota.nu\\\/it\\\/\",\"name\":\"Biota Nutri\",\"description\":\"\",\"publisher\":{\"@id\":\"https:\\\/\\\/biota.nu\\\/it\\\/#organization\"},\"potentialAction\":[{\"@type\":\"SearchAction\",\"target\":{\"@type\":\"EntryPoint\",\"urlTemplate\":\"https:\\\/\\\/biota.nu\\\/it\\\/?s={search_term_string}\"},\"query-input\":{\"@type\":\"PropertyValueSpecification\",\"valueRequired\":true,\"valueName\":\"search_term_string\"}}],\"inLanguage\":\"it-IT\"},{\"@type\":\"Organization\",\"@id\":\"https:\\\/\\\/biota.nu\\\/it\\\/#organization\",\"name\":\"Biota Nutri\",\"url\":\"https:\\\/\\\/biota.nu\\\/it\\\/\",\"logo\":{\"@type\":\"ImageObject\",\"inLanguage\":\"it-IT\",\"@id\":\"https:\\\/\\\/biota.nu\\\/it\\\/#\\\/schema\\\/logo\\\/image\\\/\",\"url\":\"https:\\\/\\\/biota.nu\\\/wp-content\\\/uploads\\\/Biota-Nutri-R.png\",\"contentUrl\":\"https:\\\/\\\/biota.nu\\\/wp-content\\\/uploads\\\/Biota-Nutri-R.png\",\"width\":300,\"height\":220,\"caption\":\"Biota Nutri\"},\"image\":{\"@id\":\"https:\\\/\\\/biota.nu\\\/it\\\/#\\\/schema\\\/logo\\\/image\\\/\"}}]}<\/script>\n<!-- \/ Yoast SEO plugin. -->","yoast_head_json":{"title":"Biota Mino Plus - Biota Nutri","robots":{"index":"index","follow":"follow","max-snippet":"max-snippet:-1","max-image-preview":"max-image-preview:large","max-video-preview":"max-video-preview:-1"},"canonical":"https:\/\/biota.nu\/it\/prodotto\/biota-mino-plus\/","og_locale":"it_IT","og_type":"article","og_title":"Biota Mino Plus - Biota Nutri","og_description":"Biota Mino Plus \u00e8 un fertilizzante organico liquido che supporta il mantenimento, la crescita, la vitalit\u00e0 e la riproduzione della pianta grazie al suo contenuto [&hellip;]","og_url":"https:\/\/biota.nu\/it\/prodotto\/biota-mino-plus\/","og_site_name":"Biota Nutri","article_modified_time":"2025-03-20T13:12:22+00:00","og_image":[{"width":600,"height":600,"url":"https:\/\/biota.nu\/wp-content\/uploads\/Biota-mino-plus-EU-can-s-2.jpg","type":"image\/jpeg"}],"twitter_card":"summary_large_image","twitter_misc":{"Tempo di lettura stimato":"1 minuto"},"schema":{"@context":"https:\/\/schema.org","@graph":[{"@type":"WebPage","@id":"https:\/\/biota.nu\/it\/prodotto\/biota-mino-plus\/","url":"https:\/\/biota.nu\/it\/prodotto\/biota-mino-plus\/","name":"Biota Mino Plus - Biota Nutri","isPartOf":{"@id":"https:\/\/biota.nu\/it\/#website"},"primaryImageOfPage":{"@id":"https:\/\/biota.nu\/it\/prodotto\/biota-mino-plus\/#primaryimage"},"image":{"@id":"https:\/\/biota.nu\/it\/prodotto\/biota-mino-plus\/#primaryimage"},"thumbnailUrl":"https:\/\/biota.nu\/wp-content\/uploads\/Biota-mino-plus-EU-can-s-2.jpg","datePublished":"2024-02-24T15:09:48+00:00","dateModified":"2025-03-20T13:12:22+00:00","breadcrumb":{"@id":"https:\/\/biota.nu\/it\/prodotto\/biota-mino-plus\/#breadcrumb"},"inLanguage":"it-IT","potentialAction":[{"@type":"ReadAction","target":["https:\/\/biota.nu\/it\/prodotto\/biota-mino-plus\/"]}]},{"@type":"ImageObject","inLanguage":"it-IT","@id":"https:\/\/biota.nu\/it\/prodotto\/biota-mino-plus\/#primaryimage","url":"https:\/\/biota.nu\/wp-content\/uploads\/Biota-mino-plus-EU-can-s-2.jpg","contentUrl":"https:\/\/biota.nu\/wp-content\/uploads\/Biota-mino-plus-EU-can-s-2.jpg","width":600,"height":600},{"@type":"BreadcrumbList","@id":"https:\/\/biota.nu\/it\/prodotto\/biota-mino-plus\/#breadcrumb","itemListElement":[{"@type":"ListItem","position":1,"name":"Home","item":"https:\/\/biota.nu\/it\/?page_id=10222"},{"@type":"ListItem","position":2,"name":"Prodotti","item":"https:\/\/biota.nu\/it\/?page_id=10589"},{"@type":"ListItem","position":3,"name":"Biota Mino Plus"}]},{"@type":"WebSite","@id":"https:\/\/biota.nu\/it\/#website","url":"https:\/\/biota.nu\/it\/","name":"Biota Nutri","description":"","publisher":{"@id":"https:\/\/biota.nu\/it\/#organization"},"potentialAction":[{"@type":"SearchAction","target":{"@type":"EntryPoint","urlTemplate":"https:\/\/biota.nu\/it\/?s={search_term_string}"},"query-input":{"@type":"PropertyValueSpecification","valueRequired":true,"valueName":"search_term_string"}}],"inLanguage":"it-IT"},{"@type":"Organization","@id":"https:\/\/biota.nu\/it\/#organization","name":"Biota Nutri","url":"https:\/\/biota.nu\/it\/","logo":{"@type":"ImageObject","inLanguage":"it-IT","@id":"https:\/\/biota.nu\/it\/#\/schema\/logo\/image\/","url":"https:\/\/biota.nu\/wp-content\/uploads\/Biota-Nutri-R.png","contentUrl":"https:\/\/biota.nu\/wp-content\/uploads\/Biota-Nutri-R.png","width":300,"height":220,"caption":"Biota Nutri"},"image":{"@id":"https:\/\/biota.nu\/it\/#\/schema\/logo\/image\/"}}]}},"acf":[],"_links":{"self":[{"href":"https:\/\/biota.nu\/it\/wp-json\/wp\/v2\/product\/10973","targetHints":{"allow":["GET"]}}],"collection":[{"href":"https:\/\/biota.nu\/it\/wp-json\/wp\/v2\/product"}],"about":[{"href":"https:\/\/biota.nu\/it\/wp-json\/wp\/v2\/types\/product"}],"wp:featuredmedia":[{"embeddable":true,"href":"https:\/\/biota.nu\/it\/wp-json\/wp\/v2\/media\/10975"}],"wp:attachment":[{"href":"https:\/\/biota.nu\/it\/wp-json\/wp\/v2\/media?parent=10973"}],"wp:term":[{"taxonomy":"product_brand","embeddable":true,"href":"https:\/\/biota.nu\/it\/wp-json\/wp\/v2\/product_brand?post=10973"},{"taxonomy":"product_cat","embeddable":true,"href":"https:\/\/biota.nu\/it\/wp-json\/wp\/v2\/product_cat?post=10973"},{"taxonomy":"product_tag","embeddable":true,"href":"https:\/\/biota.nu\/it\/wp-json\/wp\/v2\/product_tag?post=10973"}],"curies":[{"name":"wp","href":"https:\/\/api.w.org\/{rel}","templated":true}]}}