{"id":10996,"date":"2024-02-24T15:24:44","date_gmt":"2024-02-24T15:24:44","guid":{"rendered":"https:\/\/biota.nu\/product\/polvere-di-ferro-biota-13\/"},"modified":"2025-03-20T13:12:28","modified_gmt":"2025-03-20T13:12:28","slug":"polvere-di-ferro-biota-13","status":"publish","type":"product","link":"https:\/\/biota.nu\/it\/prodotto\/polvere-di-ferro-biota-13\/","title":{"rendered":"Polvere di ferro Biota 13%"},"content":{"rendered":"<p>La polvere di ferro Biota \u00e8 un integratore di micronutrienti di ferro. \u00c8 stabilizzato organicamente ed \u00e8 un&#8217;ottima fonte di ferro per qualsiasi coltura. Il prodotto \u00e8 facilmente solubile, molto stabile in soluzione, facilmente assorbibile dalla pianta e adatto a tutti i moderni sistemi di irrigazione.  <\/p>\n","protected":false},"excerpt":{"rendered":"<p>La polvere di ferro Biota \u00e8 un integratore di micronutrienti di ferro. \u00c8 stabilizzato organicamente ed \u00e8 un&#8217;ottima fonte di ferro per qualsiasi coltura. Il [&hellip;]<\/p>\n","protected":false},"featured_media":10141,"template":"","meta":[],"product_brand":[],"product_cat":[233],"product_tag":[],"class_list":{"0":"post-10996","1":"product","2":"type-product","3":"status-publish","4":"has-post-thumbnail","6":"product_cat-elementi-in-traccia","8":"first","9":"instock","10":"shipping-taxable","11":"product-type-simple"},"yoast_head":"<!-- This site is optimized with the Yoast SEO plugin v27.3 - https:\/\/yoast.com\/product\/yoast-seo-wordpress\/ -->\n<title>Polvere di ferro Biota 13% - Biota Nutri<\/title>\n<meta name=\"robots\" content=\"index, follow, max-snippet:-1, max-image-preview:large, max-video-preview:-1\" \/>\n<link rel=\"canonical\" href=\"https:\/\/biota.nu\/it\/prodotto\/polvere-di-ferro-biota-13\/\" \/>\n<meta property=\"og:locale\" content=\"it_IT\" \/>\n<meta property=\"og:type\" content=\"article\" \/>\n<meta property=\"og:title\" content=\"Polvere di ferro Biota 13% - Biota Nutri\" \/>\n<meta property=\"og:description\" content=\"La polvere di ferro Biota \u00e8 un integratore di micronutrienti di ferro. \u00c8 stabilizzato organicamente ed \u00e8 un&#8217;ottima fonte di ferro per qualsiasi coltura. Il [&hellip;]\" \/>\n<meta property=\"og:url\" content=\"https:\/\/biota.nu\/it\/prodotto\/polvere-di-ferro-biota-13\/\" \/>\n<meta property=\"og:site_name\" content=\"Biota Nutri\" \/>\n<meta property=\"article:modified_time\" content=\"2025-03-20T13:12:28+00:00\" \/>\n<meta property=\"og:image\" content=\"https:\/\/biota.nu\/wp-content\/uploads\/iron-powder-w-bowl-1-1.png\" \/>\n\t<meta property=\"og:image:width\" content=\"736\" \/>\n\t<meta property=\"og:image:height\" content=\"1024\" \/>\n\t<meta property=\"og:image:type\" content=\"image\/png\" \/>\n<meta name=\"twitter:card\" content=\"summary_large_image\" \/>\n<script type=\"application\/ld+json\" class=\"yoast-schema-graph\">{\"@context\":\"https:\\\/\\\/schema.org\",\"@graph\":[{\"@type\":\"WebPage\",\"@id\":\"https:\\\/\\\/biota.nu\\\/it\\\/prodotto\\\/polvere-di-ferro-biota-13\\\/\",\"url\":\"https:\\\/\\\/biota.nu\\\/it\\\/prodotto\\\/polvere-di-ferro-biota-13\\\/\",\"name\":\"Polvere di ferro Biota 13% - Biota Nutri\",\"isPartOf\":{\"@id\":\"https:\\\/\\\/biota.nu\\\/it\\\/#website\"},\"primaryImageOfPage\":{\"@id\":\"https:\\\/\\\/biota.nu\\\/it\\\/prodotto\\\/polvere-di-ferro-biota-13\\\/#primaryimage\"},\"image\":{\"@id\":\"https:\\\/\\\/biota.nu\\\/it\\\/prodotto\\\/polvere-di-ferro-biota-13\\\/#primaryimage\"},\"thumbnailUrl\":\"https:\\\/\\\/biota.nu\\\/wp-content\\\/uploads\\\/iron-powder-w-bowl-1-1.png\",\"datePublished\":\"2024-02-24T15:24:44+00:00\",\"dateModified\":\"2025-03-20T13:12:28+00:00\",\"breadcrumb\":{\"@id\":\"https:\\\/\\\/biota.nu\\\/it\\\/prodotto\\\/polvere-di-ferro-biota-13\\\/#breadcrumb\"},\"inLanguage\":\"it-IT\",\"potentialAction\":[{\"@type\":\"ReadAction\",\"target\":[\"https:\\\/\\\/biota.nu\\\/it\\\/prodotto\\\/polvere-di-ferro-biota-13\\\/\"]}]},{\"@type\":\"ImageObject\",\"inLanguage\":\"it-IT\",\"@id\":\"https:\\\/\\\/biota.nu\\\/it\\\/prodotto\\\/polvere-di-ferro-biota-13\\\/#primaryimage\",\"url\":\"https:\\\/\\\/biota.nu\\\/wp-content\\\/uploads\\\/iron-powder-w-bowl-1-1.png\",\"contentUrl\":\"https:\\\/\\\/biota.nu\\\/wp-content\\\/uploads\\\/iron-powder-w-bowl-1-1.png\",\"width\":2290,\"height\":3187},{\"@type\":\"BreadcrumbList\",\"@id\":\"https:\\\/\\\/biota.nu\\\/it\\\/prodotto\\\/polvere-di-ferro-biota-13\\\/#breadcrumb\",\"itemListElement\":[{\"@type\":\"ListItem\",\"position\":1,\"name\":\"Home\",\"item\":\"https:\\\/\\\/biota.nu\\\/it\\\/?page_id=10222\"},{\"@type\":\"ListItem\",\"position\":2,\"name\":\"Prodotti\",\"item\":\"https:\\\/\\\/biota.nu\\\/it\\\/?page_id=10589\"},{\"@type\":\"ListItem\",\"position\":3,\"name\":\"Polvere di ferro Biota 13%\"}]},{\"@type\":\"WebSite\",\"@id\":\"https:\\\/\\\/biota.nu\\\/it\\\/#website\",\"url\":\"https:\\\/\\\/biota.nu\\\/it\\\/\",\"name\":\"Biota Nutri\",\"description\":\"\",\"publisher\":{\"@id\":\"https:\\\/\\\/biota.nu\\\/it\\\/#organization\"},\"potentialAction\":[{\"@type\":\"SearchAction\",\"target\":{\"@type\":\"EntryPoint\",\"urlTemplate\":\"https:\\\/\\\/biota.nu\\\/it\\\/?s={search_term_string}\"},\"query-input\":{\"@type\":\"PropertyValueSpecification\",\"valueRequired\":true,\"valueName\":\"search_term_string\"}}],\"inLanguage\":\"it-IT\"},{\"@type\":\"Organization\",\"@id\":\"https:\\\/\\\/biota.nu\\\/it\\\/#organization\",\"name\":\"Biota Nutri\",\"url\":\"https:\\\/\\\/biota.nu\\\/it\\\/\",\"logo\":{\"@type\":\"ImageObject\",\"inLanguage\":\"it-IT\",\"@id\":\"https:\\\/\\\/biota.nu\\\/it\\\/#\\\/schema\\\/logo\\\/image\\\/\",\"url\":\"https:\\\/\\\/biota.nu\\\/wp-content\\\/uploads\\\/Biota-Nutri-R.png\",\"contentUrl\":\"https:\\\/\\\/biota.nu\\\/wp-content\\\/uploads\\\/Biota-Nutri-R.png\",\"width\":300,\"height\":220,\"caption\":\"Biota Nutri\"},\"image\":{\"@id\":\"https:\\\/\\\/biota.nu\\\/it\\\/#\\\/schema\\\/logo\\\/image\\\/\"}}]}<\/script>\n<!-- \/ Yoast SEO plugin. -->","yoast_head_json":{"title":"Polvere di ferro Biota 13% - Biota Nutri","robots":{"index":"index","follow":"follow","max-snippet":"max-snippet:-1","max-image-preview":"max-image-preview:large","max-video-preview":"max-video-preview:-1"},"canonical":"https:\/\/biota.nu\/it\/prodotto\/polvere-di-ferro-biota-13\/","og_locale":"it_IT","og_type":"article","og_title":"Polvere di ferro Biota 13% - Biota Nutri","og_description":"La polvere di ferro Biota \u00e8 un integratore di micronutrienti di ferro. \u00c8 stabilizzato organicamente ed \u00e8 un&#8217;ottima fonte di ferro per qualsiasi coltura. Il [&hellip;]","og_url":"https:\/\/biota.nu\/it\/prodotto\/polvere-di-ferro-biota-13\/","og_site_name":"Biota Nutri","article_modified_time":"2025-03-20T13:12:28+00:00","og_image":[{"url":"https:\/\/biota.nu\/wp-content\/uploads\/iron-powder-w-bowl-1-1.png","width":736,"height":1024,"type":"image\/png"}],"twitter_card":"summary_large_image","schema":{"@context":"https:\/\/schema.org","@graph":[{"@type":"WebPage","@id":"https:\/\/biota.nu\/it\/prodotto\/polvere-di-ferro-biota-13\/","url":"https:\/\/biota.nu\/it\/prodotto\/polvere-di-ferro-biota-13\/","name":"Polvere di ferro Biota 13% - Biota Nutri","isPartOf":{"@id":"https:\/\/biota.nu\/it\/#website"},"primaryImageOfPage":{"@id":"https:\/\/biota.nu\/it\/prodotto\/polvere-di-ferro-biota-13\/#primaryimage"},"image":{"@id":"https:\/\/biota.nu\/it\/prodotto\/polvere-di-ferro-biota-13\/#primaryimage"},"thumbnailUrl":"https:\/\/biota.nu\/wp-content\/uploads\/iron-powder-w-bowl-1-1.png","datePublished":"2024-02-24T15:24:44+00:00","dateModified":"2025-03-20T13:12:28+00:00","breadcrumb":{"@id":"https:\/\/biota.nu\/it\/prodotto\/polvere-di-ferro-biota-13\/#breadcrumb"},"inLanguage":"it-IT","potentialAction":[{"@type":"ReadAction","target":["https:\/\/biota.nu\/it\/prodotto\/polvere-di-ferro-biota-13\/"]}]},{"@type":"ImageObject","inLanguage":"it-IT","@id":"https:\/\/biota.nu\/it\/prodotto\/polvere-di-ferro-biota-13\/#primaryimage","url":"https:\/\/biota.nu\/wp-content\/uploads\/iron-powder-w-bowl-1-1.png","contentUrl":"https:\/\/biota.nu\/wp-content\/uploads\/iron-powder-w-bowl-1-1.png","width":2290,"height":3187},{"@type":"BreadcrumbList","@id":"https:\/\/biota.nu\/it\/prodotto\/polvere-di-ferro-biota-13\/#breadcrumb","itemListElement":[{"@type":"ListItem","position":1,"name":"Home","item":"https:\/\/biota.nu\/it\/?page_id=10222"},{"@type":"ListItem","position":2,"name":"Prodotti","item":"https:\/\/biota.nu\/it\/?page_id=10589"},{"@type":"ListItem","position":3,"name":"Polvere di ferro Biota 13%"}]},{"@type":"WebSite","@id":"https:\/\/biota.nu\/it\/#website","url":"https:\/\/biota.nu\/it\/","name":"Biota Nutri","description":"","publisher":{"@id":"https:\/\/biota.nu\/it\/#organization"},"potentialAction":[{"@type":"SearchAction","target":{"@type":"EntryPoint","urlTemplate":"https:\/\/biota.nu\/it\/?s={search_term_string}"},"query-input":{"@type":"PropertyValueSpecification","valueRequired":true,"valueName":"search_term_string"}}],"inLanguage":"it-IT"},{"@type":"Organization","@id":"https:\/\/biota.nu\/it\/#organization","name":"Biota Nutri","url":"https:\/\/biota.nu\/it\/","logo":{"@type":"ImageObject","inLanguage":"it-IT","@id":"https:\/\/biota.nu\/it\/#\/schema\/logo\/image\/","url":"https:\/\/biota.nu\/wp-content\/uploads\/Biota-Nutri-R.png","contentUrl":"https:\/\/biota.nu\/wp-content\/uploads\/Biota-Nutri-R.png","width":300,"height":220,"caption":"Biota Nutri"},"image":{"@id":"https:\/\/biota.nu\/it\/#\/schema\/logo\/image\/"}}]}},"acf":[],"_links":{"self":[{"href":"https:\/\/biota.nu\/it\/wp-json\/wp\/v2\/product\/10996","targetHints":{"allow":["GET"]}}],"collection":[{"href":"https:\/\/biota.nu\/it\/wp-json\/wp\/v2\/product"}],"about":[{"href":"https:\/\/biota.nu\/it\/wp-json\/wp\/v2\/types\/product"}],"wp:featuredmedia":[{"embeddable":true,"href":"https:\/\/biota.nu\/it\/wp-json\/wp\/v2\/media\/10141"}],"wp:attachment":[{"href":"https:\/\/biota.nu\/it\/wp-json\/wp\/v2\/media?parent=10996"}],"wp:term":[{"taxonomy":"product_brand","embeddable":true,"href":"https:\/\/biota.nu\/it\/wp-json\/wp\/v2\/product_brand?post=10996"},{"taxonomy":"product_cat","embeddable":true,"href":"https:\/\/biota.nu\/it\/wp-json\/wp\/v2\/product_cat?post=10996"},{"taxonomy":"product_tag","embeddable":true,"href":"https:\/\/biota.nu\/it\/wp-json\/wp\/v2\/product_tag?post=10996"}],"curies":[{"name":"wp","href":"https:\/\/api.w.org\/{rel}","templated":true}]}}