{"id":11017,"date":"2024-02-24T15:29:37","date_gmt":"2024-02-24T15:29:37","guid":{"rendered":"https:\/\/biota.nu\/?post_type=product&#038;p=11017"},"modified":"2026-01-28T09:43:19","modified_gmt":"2026-01-28T09:43:19","slug":"ferro-biota-5-liquido","status":"publish","type":"product","link":"https:\/\/biota.nu\/it\/prodotto\/ferro-biota-5-liquido\/","title":{"rendered":"Ferro Biota DTPC"},"content":{"rendered":"<p>Biota Iron \u00e8 un micronutriente di ferro complessato con acido lignosolfonico e fa parte della nostra linea di fertilizzanti liquidi. Grazie al processo di produzione unico, i nutrienti sono presenti al 100% in soluzione e sono quindi direttamente disponibili per la pianta. Biota Iron \u00e8 registrato come input per l&#8217;agricoltura e l&#8217;orticoltura biologica.  <\/p>\n<p>Il ferro (Fe) viene utilizzato per la prevenzione e la correzione della clorosi ferrica in tutti i tipi di condizioni, comprese quelle calcaree e alcaline. La carenza di ferro si nota per la prima volta nella parte superiore della pianta. Le foglie ingialliscono, mentre le nervature rimangono verdi. Questo perch\u00e9 il ferro \u00e8 un elemento immobile. Ci\u00f2 significa che una volta fissato, il ferro non pu\u00f2 pi\u00f9 essere distribuito ulteriormente nella pianta. Alla fine anche le foglie pi\u00f9 vecchie e le vene pi\u00f9 piccole delle foglie ingialliscono. La crescita della pianta si arresta lentamente. Utilizzi Biota Iron per prevenire e correggere questi effetti.       <\/p>\n","protected":false},"excerpt":{"rendered":"<p>Biota Iron \u00e8 un micronutriente di ferro complessato con acido lignosolfonico e fa parte della nostra linea di fertilizzanti liquidi. Grazie al processo di produzione [&hellip;]<\/p>\n","protected":false},"featured_media":11019,"template":"","meta":[],"product_brand":[],"product_cat":[233],"product_tag":[],"class_list":{"0":"post-11017","1":"product","2":"type-product","3":"status-publish","4":"has-post-thumbnail","6":"product_cat-elementi-in-traccia","8":"first","9":"instock","10":"shipping-taxable","11":"product-type-simple"},"yoast_head":"<!-- This site is optimized with the Yoast SEO plugin v27.3 - https:\/\/yoast.com\/product\/yoast-seo-wordpress\/ -->\n<title>Ferro Biota DTPC - Biota Nutri<\/title>\n<meta name=\"robots\" content=\"index, follow, max-snippet:-1, max-image-preview:large, max-video-preview:-1\" \/>\n<link rel=\"canonical\" href=\"https:\/\/biota.nu\/it\/prodotto\/ferro-biota-5-liquido\/\" \/>\n<meta property=\"og:locale\" content=\"it_IT\" \/>\n<meta property=\"og:type\" content=\"article\" \/>\n<meta property=\"og:title\" content=\"Ferro Biota DTPC - Biota Nutri\" \/>\n<meta property=\"og:description\" content=\"Biota Iron \u00e8 un micronutriente di ferro complessato con acido lignosolfonico e fa parte della nostra linea di fertilizzanti liquidi. Grazie al processo di produzione [&hellip;]\" \/>\n<meta property=\"og:url\" content=\"https:\/\/biota.nu\/it\/prodotto\/ferro-biota-5-liquido\/\" \/>\n<meta property=\"og:site_name\" content=\"Biota Nutri\" \/>\n<meta property=\"article:modified_time\" content=\"2026-01-28T09:43:19+00:00\" \/>\n<meta property=\"og:image\" content=\"https:\/\/biota.nu\/wp-content\/uploads\/Biota-iron-can-s.jpg\" \/>\n\t<meta property=\"og:image:width\" content=\"600\" \/>\n\t<meta property=\"og:image:height\" content=\"600\" \/>\n\t<meta property=\"og:image:type\" content=\"image\/jpeg\" \/>\n<meta name=\"twitter:card\" content=\"summary_large_image\" \/>\n<meta name=\"twitter:label1\" content=\"Tempo di lettura stimato\" \/>\n\t<meta name=\"twitter:data1\" content=\"1 minuto\" \/>\n<script type=\"application\/ld+json\" class=\"yoast-schema-graph\">{\"@context\":\"https:\\\/\\\/schema.org\",\"@graph\":[{\"@type\":\"WebPage\",\"@id\":\"https:\\\/\\\/biota.nu\\\/it\\\/prodotto\\\/ferro-biota-5-liquido\\\/\",\"url\":\"https:\\\/\\\/biota.nu\\\/it\\\/prodotto\\\/ferro-biota-5-liquido\\\/\",\"name\":\"Ferro Biota DTPC - Biota Nutri\",\"isPartOf\":{\"@id\":\"https:\\\/\\\/biota.nu\\\/it\\\/#website\"},\"primaryImageOfPage\":{\"@id\":\"https:\\\/\\\/biota.nu\\\/it\\\/prodotto\\\/ferro-biota-5-liquido\\\/#primaryimage\"},\"image\":{\"@id\":\"https:\\\/\\\/biota.nu\\\/it\\\/prodotto\\\/ferro-biota-5-liquido\\\/#primaryimage\"},\"thumbnailUrl\":\"https:\\\/\\\/biota.nu\\\/wp-content\\\/uploads\\\/Biota-iron-can-s.jpg\",\"datePublished\":\"2024-02-24T15:29:37+00:00\",\"dateModified\":\"2026-01-28T09:43:19+00:00\",\"breadcrumb\":{\"@id\":\"https:\\\/\\\/biota.nu\\\/it\\\/prodotto\\\/ferro-biota-5-liquido\\\/#breadcrumb\"},\"inLanguage\":\"it-IT\",\"potentialAction\":[{\"@type\":\"ReadAction\",\"target\":[\"https:\\\/\\\/biota.nu\\\/it\\\/prodotto\\\/ferro-biota-5-liquido\\\/\"]}]},{\"@type\":\"ImageObject\",\"inLanguage\":\"it-IT\",\"@id\":\"https:\\\/\\\/biota.nu\\\/it\\\/prodotto\\\/ferro-biota-5-liquido\\\/#primaryimage\",\"url\":\"https:\\\/\\\/biota.nu\\\/wp-content\\\/uploads\\\/Biota-iron-can-s.jpg\",\"contentUrl\":\"https:\\\/\\\/biota.nu\\\/wp-content\\\/uploads\\\/Biota-iron-can-s.jpg\",\"width\":600,\"height\":600},{\"@type\":\"BreadcrumbList\",\"@id\":\"https:\\\/\\\/biota.nu\\\/it\\\/prodotto\\\/ferro-biota-5-liquido\\\/#breadcrumb\",\"itemListElement\":[{\"@type\":\"ListItem\",\"position\":1,\"name\":\"Home\",\"item\":\"https:\\\/\\\/biota.nu\\\/it\\\/?page_id=10222\"},{\"@type\":\"ListItem\",\"position\":2,\"name\":\"Prodotti\",\"item\":\"https:\\\/\\\/biota.nu\\\/it\\\/?page_id=10589\"},{\"@type\":\"ListItem\",\"position\":3,\"name\":\"Ferro Biota DTPC\"}]},{\"@type\":\"WebSite\",\"@id\":\"https:\\\/\\\/biota.nu\\\/it\\\/#website\",\"url\":\"https:\\\/\\\/biota.nu\\\/it\\\/\",\"name\":\"Biota Nutri\",\"description\":\"\",\"publisher\":{\"@id\":\"https:\\\/\\\/biota.nu\\\/it\\\/#organization\"},\"potentialAction\":[{\"@type\":\"SearchAction\",\"target\":{\"@type\":\"EntryPoint\",\"urlTemplate\":\"https:\\\/\\\/biota.nu\\\/it\\\/?s={search_term_string}\"},\"query-input\":{\"@type\":\"PropertyValueSpecification\",\"valueRequired\":true,\"valueName\":\"search_term_string\"}}],\"inLanguage\":\"it-IT\"},{\"@type\":\"Organization\",\"@id\":\"https:\\\/\\\/biota.nu\\\/it\\\/#organization\",\"name\":\"Biota Nutri\",\"url\":\"https:\\\/\\\/biota.nu\\\/it\\\/\",\"logo\":{\"@type\":\"ImageObject\",\"inLanguage\":\"it-IT\",\"@id\":\"https:\\\/\\\/biota.nu\\\/it\\\/#\\\/schema\\\/logo\\\/image\\\/\",\"url\":\"https:\\\/\\\/biota.nu\\\/wp-content\\\/uploads\\\/Biota-Nutri-R.png\",\"contentUrl\":\"https:\\\/\\\/biota.nu\\\/wp-content\\\/uploads\\\/Biota-Nutri-R.png\",\"width\":300,\"height\":220,\"caption\":\"Biota Nutri\"},\"image\":{\"@id\":\"https:\\\/\\\/biota.nu\\\/it\\\/#\\\/schema\\\/logo\\\/image\\\/\"}}]}<\/script>\n<!-- \/ Yoast SEO plugin. -->","yoast_head_json":{"title":"Ferro Biota DTPC - Biota Nutri","robots":{"index":"index","follow":"follow","max-snippet":"max-snippet:-1","max-image-preview":"max-image-preview:large","max-video-preview":"max-video-preview:-1"},"canonical":"https:\/\/biota.nu\/it\/prodotto\/ferro-biota-5-liquido\/","og_locale":"it_IT","og_type":"article","og_title":"Ferro Biota DTPC - Biota Nutri","og_description":"Biota Iron \u00e8 un micronutriente di ferro complessato con acido lignosolfonico e fa parte della nostra linea di fertilizzanti liquidi. Grazie al processo di produzione [&hellip;]","og_url":"https:\/\/biota.nu\/it\/prodotto\/ferro-biota-5-liquido\/","og_site_name":"Biota Nutri","article_modified_time":"2026-01-28T09:43:19+00:00","og_image":[{"width":600,"height":600,"url":"https:\/\/biota.nu\/wp-content\/uploads\/Biota-iron-can-s.jpg","type":"image\/jpeg"}],"twitter_card":"summary_large_image","twitter_misc":{"Tempo di lettura stimato":"1 minuto"},"schema":{"@context":"https:\/\/schema.org","@graph":[{"@type":"WebPage","@id":"https:\/\/biota.nu\/it\/prodotto\/ferro-biota-5-liquido\/","url":"https:\/\/biota.nu\/it\/prodotto\/ferro-biota-5-liquido\/","name":"Ferro Biota DTPC - Biota Nutri","isPartOf":{"@id":"https:\/\/biota.nu\/it\/#website"},"primaryImageOfPage":{"@id":"https:\/\/biota.nu\/it\/prodotto\/ferro-biota-5-liquido\/#primaryimage"},"image":{"@id":"https:\/\/biota.nu\/it\/prodotto\/ferro-biota-5-liquido\/#primaryimage"},"thumbnailUrl":"https:\/\/biota.nu\/wp-content\/uploads\/Biota-iron-can-s.jpg","datePublished":"2024-02-24T15:29:37+00:00","dateModified":"2026-01-28T09:43:19+00:00","breadcrumb":{"@id":"https:\/\/biota.nu\/it\/prodotto\/ferro-biota-5-liquido\/#breadcrumb"},"inLanguage":"it-IT","potentialAction":[{"@type":"ReadAction","target":["https:\/\/biota.nu\/it\/prodotto\/ferro-biota-5-liquido\/"]}]},{"@type":"ImageObject","inLanguage":"it-IT","@id":"https:\/\/biota.nu\/it\/prodotto\/ferro-biota-5-liquido\/#primaryimage","url":"https:\/\/biota.nu\/wp-content\/uploads\/Biota-iron-can-s.jpg","contentUrl":"https:\/\/biota.nu\/wp-content\/uploads\/Biota-iron-can-s.jpg","width":600,"height":600},{"@type":"BreadcrumbList","@id":"https:\/\/biota.nu\/it\/prodotto\/ferro-biota-5-liquido\/#breadcrumb","itemListElement":[{"@type":"ListItem","position":1,"name":"Home","item":"https:\/\/biota.nu\/it\/?page_id=10222"},{"@type":"ListItem","position":2,"name":"Prodotti","item":"https:\/\/biota.nu\/it\/?page_id=10589"},{"@type":"ListItem","position":3,"name":"Ferro Biota DTPC"}]},{"@type":"WebSite","@id":"https:\/\/biota.nu\/it\/#website","url":"https:\/\/biota.nu\/it\/","name":"Biota Nutri","description":"","publisher":{"@id":"https:\/\/biota.nu\/it\/#organization"},"potentialAction":[{"@type":"SearchAction","target":{"@type":"EntryPoint","urlTemplate":"https:\/\/biota.nu\/it\/?s={search_term_string}"},"query-input":{"@type":"PropertyValueSpecification","valueRequired":true,"valueName":"search_term_string"}}],"inLanguage":"it-IT"},{"@type":"Organization","@id":"https:\/\/biota.nu\/it\/#organization","name":"Biota Nutri","url":"https:\/\/biota.nu\/it\/","logo":{"@type":"ImageObject","inLanguage":"it-IT","@id":"https:\/\/biota.nu\/it\/#\/schema\/logo\/image\/","url":"https:\/\/biota.nu\/wp-content\/uploads\/Biota-Nutri-R.png","contentUrl":"https:\/\/biota.nu\/wp-content\/uploads\/Biota-Nutri-R.png","width":300,"height":220,"caption":"Biota Nutri"},"image":{"@id":"https:\/\/biota.nu\/it\/#\/schema\/logo\/image\/"}}]}},"acf":[],"_links":{"self":[{"href":"https:\/\/biota.nu\/it\/wp-json\/wp\/v2\/product\/11017","targetHints":{"allow":["GET"]}}],"collection":[{"href":"https:\/\/biota.nu\/it\/wp-json\/wp\/v2\/product"}],"about":[{"href":"https:\/\/biota.nu\/it\/wp-json\/wp\/v2\/types\/product"}],"wp:featuredmedia":[{"embeddable":true,"href":"https:\/\/biota.nu\/it\/wp-json\/wp\/v2\/media\/11019"}],"wp:attachment":[{"href":"https:\/\/biota.nu\/it\/wp-json\/wp\/v2\/media?parent=11017"}],"wp:term":[{"taxonomy":"product_brand","embeddable":true,"href":"https:\/\/biota.nu\/it\/wp-json\/wp\/v2\/product_brand?post=11017"},{"taxonomy":"product_cat","embeddable":true,"href":"https:\/\/biota.nu\/it\/wp-json\/wp\/v2\/product_cat?post=11017"},{"taxonomy":"product_tag","embeddable":true,"href":"https:\/\/biota.nu\/it\/wp-json\/wp\/v2\/product_tag?post=11017"}],"curies":[{"name":"wp","href":"https:\/\/api.w.org\/{rel}","templated":true}]}}