{"id":11099,"date":"2024-04-03T22:57:49","date_gmt":"2024-04-03T22:57:49","guid":{"rendered":"https:\/\/biota.nu\/product\/biota-phos-8-nuovo\/"},"modified":"2025-03-20T13:12:49","modified_gmt":"2025-03-20T13:12:49","slug":"biota-phos-8-nuovo","status":"publish","type":"product","link":"https:\/\/biota.nu\/it\/prodotto\/biota-phos-8-nuovo\/","title":{"rendered":"Biota Phos 8% (Nuovo)"},"content":{"rendered":"<p>Biota Phos 8% (Nuovo) \u00e8 unico perch\u00e9 \u00e8 il fertilizzante organico liquido mononutriente con la pi\u00f9 alta concentrazione sul mercato. Grazie all&#8217;esclusivo processo di produzione, i nutrienti sono presenti al 100% in soluzione e possono quindi essere assunti direttamente dalla pianta. Il prodotto \u00e8 interamente realizzato con materiali di origine vegetale e approvato per l&#8217;uso nell&#8217;agricoltura e nell&#8217;orticoltura biologica. Gli ingredienti provengono in parte da rifiuti agricoli.    A causa dell&#8217;origine naturale, il contenuto di nutrienti pu\u00f2 variare.<\/p>\n","protected":false},"excerpt":{"rendered":"<p>Biota Phos 8% (Nuovo) \u00e8 unico perch\u00e9 \u00e8 il fertilizzante organico liquido mononutriente con la pi\u00f9 alta concentrazione sul mercato. Grazie all&#8217;esclusivo processo di produzione, [&hellip;]<\/p>\n","protected":false},"featured_media":10813,"template":"","meta":[],"product_brand":[],"product_cat":[217],"product_tag":[],"class_list":{"0":"post-11099","1":"product","2":"type-product","3":"status-publish","4":"has-post-thumbnail","6":"product_cat-fertilizzanti-a-singolo-elemento","8":"first","9":"instock","10":"shipping-taxable","11":"product-type-simple"},"yoast_head":"<!-- This site is optimized with the Yoast SEO plugin v27.3 - https:\/\/yoast.com\/product\/yoast-seo-wordpress\/ -->\n<title>Biota Phos 8% (Nuovo) - Biota Nutri<\/title>\n<meta name=\"robots\" content=\"index, follow, max-snippet:-1, max-image-preview:large, max-video-preview:-1\" \/>\n<link rel=\"canonical\" href=\"https:\/\/biota.nu\/it\/prodotto\/biota-phos-8-nuovo\/\" \/>\n<meta property=\"og:locale\" content=\"it_IT\" \/>\n<meta property=\"og:type\" content=\"article\" \/>\n<meta property=\"og:title\" content=\"Biota Phos 8% (Nuovo) - Biota Nutri\" \/>\n<meta property=\"og:description\" content=\"Biota Phos 8% (Nuovo) \u00e8 unico perch\u00e9 \u00e8 il fertilizzante organico liquido mononutriente con la pi\u00f9 alta concentrazione sul mercato. Grazie all&#8217;esclusivo processo di produzione, [&hellip;]\" \/>\n<meta property=\"og:url\" content=\"https:\/\/biota.nu\/it\/prodotto\/biota-phos-8-nuovo\/\" \/>\n<meta property=\"og:site_name\" content=\"Biota Nutri\" \/>\n<meta property=\"article:modified_time\" content=\"2025-03-20T13:12:49+00:00\" \/>\n<meta property=\"og:image\" content=\"https:\/\/biota.nu\/wp-content\/uploads\/IBC_light.jpg\" \/>\n\t<meta property=\"og:image:width\" content=\"1350\" \/>\n\t<meta property=\"og:image:height\" content=\"1350\" \/>\n\t<meta property=\"og:image:type\" content=\"image\/jpeg\" \/>\n<meta name=\"twitter:card\" content=\"summary_large_image\" \/>\n<script type=\"application\/ld+json\" class=\"yoast-schema-graph\">{\"@context\":\"https:\\\/\\\/schema.org\",\"@graph\":[{\"@type\":\"WebPage\",\"@id\":\"https:\\\/\\\/biota.nu\\\/it\\\/prodotto\\\/biota-phos-8-nuovo\\\/\",\"url\":\"https:\\\/\\\/biota.nu\\\/it\\\/prodotto\\\/biota-phos-8-nuovo\\\/\",\"name\":\"Biota Phos 8% (Nuovo) - Biota Nutri\",\"isPartOf\":{\"@id\":\"https:\\\/\\\/biota.nu\\\/it\\\/#website\"},\"primaryImageOfPage\":{\"@id\":\"https:\\\/\\\/biota.nu\\\/it\\\/prodotto\\\/biota-phos-8-nuovo\\\/#primaryimage\"},\"image\":{\"@id\":\"https:\\\/\\\/biota.nu\\\/it\\\/prodotto\\\/biota-phos-8-nuovo\\\/#primaryimage\"},\"thumbnailUrl\":\"https:\\\/\\\/biota.nu\\\/wp-content\\\/uploads\\\/IBC_light.jpg\",\"datePublished\":\"2024-04-03T22:57:49+00:00\",\"dateModified\":\"2025-03-20T13:12:49+00:00\",\"breadcrumb\":{\"@id\":\"https:\\\/\\\/biota.nu\\\/it\\\/prodotto\\\/biota-phos-8-nuovo\\\/#breadcrumb\"},\"inLanguage\":\"it-IT\",\"potentialAction\":[{\"@type\":\"ReadAction\",\"target\":[\"https:\\\/\\\/biota.nu\\\/it\\\/prodotto\\\/biota-phos-8-nuovo\\\/\"]}]},{\"@type\":\"ImageObject\",\"inLanguage\":\"it-IT\",\"@id\":\"https:\\\/\\\/biota.nu\\\/it\\\/prodotto\\\/biota-phos-8-nuovo\\\/#primaryimage\",\"url\":\"https:\\\/\\\/biota.nu\\\/wp-content\\\/uploads\\\/IBC_light.jpg\",\"contentUrl\":\"https:\\\/\\\/biota.nu\\\/wp-content\\\/uploads\\\/IBC_light.jpg\",\"width\":1350,\"height\":1350},{\"@type\":\"BreadcrumbList\",\"@id\":\"https:\\\/\\\/biota.nu\\\/it\\\/prodotto\\\/biota-phos-8-nuovo\\\/#breadcrumb\",\"itemListElement\":[{\"@type\":\"ListItem\",\"position\":1,\"name\":\"Home\",\"item\":\"https:\\\/\\\/biota.nu\\\/it\\\/?page_id=10222\"},{\"@type\":\"ListItem\",\"position\":2,\"name\":\"Prodotti\",\"item\":\"https:\\\/\\\/biota.nu\\\/it\\\/?page_id=10589\"},{\"@type\":\"ListItem\",\"position\":3,\"name\":\"Biota Phos 8% (Nuovo)\"}]},{\"@type\":\"WebSite\",\"@id\":\"https:\\\/\\\/biota.nu\\\/it\\\/#website\",\"url\":\"https:\\\/\\\/biota.nu\\\/it\\\/\",\"name\":\"Biota Nutri\",\"description\":\"\",\"publisher\":{\"@id\":\"https:\\\/\\\/biota.nu\\\/it\\\/#organization\"},\"potentialAction\":[{\"@type\":\"SearchAction\",\"target\":{\"@type\":\"EntryPoint\",\"urlTemplate\":\"https:\\\/\\\/biota.nu\\\/it\\\/?s={search_term_string}\"},\"query-input\":{\"@type\":\"PropertyValueSpecification\",\"valueRequired\":true,\"valueName\":\"search_term_string\"}}],\"inLanguage\":\"it-IT\"},{\"@type\":\"Organization\",\"@id\":\"https:\\\/\\\/biota.nu\\\/it\\\/#organization\",\"name\":\"Biota Nutri\",\"url\":\"https:\\\/\\\/biota.nu\\\/it\\\/\",\"logo\":{\"@type\":\"ImageObject\",\"inLanguage\":\"it-IT\",\"@id\":\"https:\\\/\\\/biota.nu\\\/it\\\/#\\\/schema\\\/logo\\\/image\\\/\",\"url\":\"https:\\\/\\\/biota.nu\\\/wp-content\\\/uploads\\\/Biota-Nutri-R.png\",\"contentUrl\":\"https:\\\/\\\/biota.nu\\\/wp-content\\\/uploads\\\/Biota-Nutri-R.png\",\"width\":300,\"height\":220,\"caption\":\"Biota Nutri\"},\"image\":{\"@id\":\"https:\\\/\\\/biota.nu\\\/it\\\/#\\\/schema\\\/logo\\\/image\\\/\"}}]}<\/script>\n<!-- \/ Yoast SEO plugin. -->","yoast_head_json":{"title":"Biota Phos 8% (Nuovo) - Biota Nutri","robots":{"index":"index","follow":"follow","max-snippet":"max-snippet:-1","max-image-preview":"max-image-preview:large","max-video-preview":"max-video-preview:-1"},"canonical":"https:\/\/biota.nu\/it\/prodotto\/biota-phos-8-nuovo\/","og_locale":"it_IT","og_type":"article","og_title":"Biota Phos 8% (Nuovo) - Biota Nutri","og_description":"Biota Phos 8% (Nuovo) \u00e8 unico perch\u00e9 \u00e8 il fertilizzante organico liquido mononutriente con la pi\u00f9 alta concentrazione sul mercato. Grazie all&#8217;esclusivo processo di produzione, [&hellip;]","og_url":"https:\/\/biota.nu\/it\/prodotto\/biota-phos-8-nuovo\/","og_site_name":"Biota Nutri","article_modified_time":"2025-03-20T13:12:49+00:00","og_image":[{"width":1350,"height":1350,"url":"https:\/\/biota.nu\/wp-content\/uploads\/IBC_light.jpg","type":"image\/jpeg"}],"twitter_card":"summary_large_image","schema":{"@context":"https:\/\/schema.org","@graph":[{"@type":"WebPage","@id":"https:\/\/biota.nu\/it\/prodotto\/biota-phos-8-nuovo\/","url":"https:\/\/biota.nu\/it\/prodotto\/biota-phos-8-nuovo\/","name":"Biota Phos 8% (Nuovo) - Biota Nutri","isPartOf":{"@id":"https:\/\/biota.nu\/it\/#website"},"primaryImageOfPage":{"@id":"https:\/\/biota.nu\/it\/prodotto\/biota-phos-8-nuovo\/#primaryimage"},"image":{"@id":"https:\/\/biota.nu\/it\/prodotto\/biota-phos-8-nuovo\/#primaryimage"},"thumbnailUrl":"https:\/\/biota.nu\/wp-content\/uploads\/IBC_light.jpg","datePublished":"2024-04-03T22:57:49+00:00","dateModified":"2025-03-20T13:12:49+00:00","breadcrumb":{"@id":"https:\/\/biota.nu\/it\/prodotto\/biota-phos-8-nuovo\/#breadcrumb"},"inLanguage":"it-IT","potentialAction":[{"@type":"ReadAction","target":["https:\/\/biota.nu\/it\/prodotto\/biota-phos-8-nuovo\/"]}]},{"@type":"ImageObject","inLanguage":"it-IT","@id":"https:\/\/biota.nu\/it\/prodotto\/biota-phos-8-nuovo\/#primaryimage","url":"https:\/\/biota.nu\/wp-content\/uploads\/IBC_light.jpg","contentUrl":"https:\/\/biota.nu\/wp-content\/uploads\/IBC_light.jpg","width":1350,"height":1350},{"@type":"BreadcrumbList","@id":"https:\/\/biota.nu\/it\/prodotto\/biota-phos-8-nuovo\/#breadcrumb","itemListElement":[{"@type":"ListItem","position":1,"name":"Home","item":"https:\/\/biota.nu\/it\/?page_id=10222"},{"@type":"ListItem","position":2,"name":"Prodotti","item":"https:\/\/biota.nu\/it\/?page_id=10589"},{"@type":"ListItem","position":3,"name":"Biota Phos 8% (Nuovo)"}]},{"@type":"WebSite","@id":"https:\/\/biota.nu\/it\/#website","url":"https:\/\/biota.nu\/it\/","name":"Biota Nutri","description":"","publisher":{"@id":"https:\/\/biota.nu\/it\/#organization"},"potentialAction":[{"@type":"SearchAction","target":{"@type":"EntryPoint","urlTemplate":"https:\/\/biota.nu\/it\/?s={search_term_string}"},"query-input":{"@type":"PropertyValueSpecification","valueRequired":true,"valueName":"search_term_string"}}],"inLanguage":"it-IT"},{"@type":"Organization","@id":"https:\/\/biota.nu\/it\/#organization","name":"Biota Nutri","url":"https:\/\/biota.nu\/it\/","logo":{"@type":"ImageObject","inLanguage":"it-IT","@id":"https:\/\/biota.nu\/it\/#\/schema\/logo\/image\/","url":"https:\/\/biota.nu\/wp-content\/uploads\/Biota-Nutri-R.png","contentUrl":"https:\/\/biota.nu\/wp-content\/uploads\/Biota-Nutri-R.png","width":300,"height":220,"caption":"Biota Nutri"},"image":{"@id":"https:\/\/biota.nu\/it\/#\/schema\/logo\/image\/"}}]}},"acf":[],"_links":{"self":[{"href":"https:\/\/biota.nu\/it\/wp-json\/wp\/v2\/product\/11099","targetHints":{"allow":["GET"]}}],"collection":[{"href":"https:\/\/biota.nu\/it\/wp-json\/wp\/v2\/product"}],"about":[{"href":"https:\/\/biota.nu\/it\/wp-json\/wp\/v2\/types\/product"}],"wp:featuredmedia":[{"embeddable":true,"href":"https:\/\/biota.nu\/it\/wp-json\/wp\/v2\/media\/10813"}],"wp:attachment":[{"href":"https:\/\/biota.nu\/it\/wp-json\/wp\/v2\/media?parent=11099"}],"wp:term":[{"taxonomy":"product_brand","embeddable":true,"href":"https:\/\/biota.nu\/it\/wp-json\/wp\/v2\/product_brand?post=11099"},{"taxonomy":"product_cat","embeddable":true,"href":"https:\/\/biota.nu\/it\/wp-json\/wp\/v2\/product_cat?post=11099"},{"taxonomy":"product_tag","embeddable":true,"href":"https:\/\/biota.nu\/it\/wp-json\/wp\/v2\/product_tag?post=11099"}],"curies":[{"name":"wp","href":"https:\/\/api.w.org\/{rel}","templated":true}]}}